{"id":1444052,"date":"2023-05-14T14:00:39","date_gmt":"2023-05-14T14:00:39","guid":{"rendered":"https:\/\/talkpal.ai\/gramadach-na-bulgaire\/"},"modified":"2025-09-06T19:21:18","modified_gmt":"2025-09-06T19:21:18","slug":"gramadach-na-bulgaire","status":"publish","type":"page","link":"https:\/\/talkpal.ai\/ga\/gramadach-na-bulgaire\/","title":{"rendered":"Gramadach na Bulg\u00e1ire"},"content":{"rendered":"\r\n\r\n\r\n<section class=\"languageChallengeSection\">\r\n    <div class=\"languageInfoWrapper\">\r\n        \r\n        <h1>Gramadach na Bulg\u00e1ire<\/h1>\r\n        <p>D\u00e9an ini\u00fachadh ar ghn\u00e9ithe uath\u00fala ghramadach na Bulg\u00e1ire agus faigh na huirlis\u00ed chun cumars\u00e1id a dh\u00e9anamh go muin\u00edneach sa teanga Slavach bhr\u00edomhar seo. Tr\u00ed thuiscint a fh\u00e1il ar a rialacha l\u00e1rnacha, feabhs\u00f3idh t\u00fa do chumas ceangal a dh\u00e9anamh le cainteoir\u00ed d\u00fachais agus dul n\u00edos doimhne in oidhreacht shaibhir na Bulg\u00e1ire. Tosaigh ar do thuras gramada\u00ed na Bulg\u00e1ire inniu agus glac do ch\u00e9ad ch\u00e9im i dtreo m\u00e1istreacht a fh\u00e1il ar an teanga!<\/p>\r\n\r\n                            <a class=\"getStartedHidden\" href=\"https:\/\/app.talkpal.ai\/signup?lng=\">Tosaigh<\/a>\r\n        \r\n    <\/div>\r\n\r\n    <figure>\r\n    <img decoding=\"async\" width=\"768\" height=\"768\" src=\"https:\/\/talkpal.ai\/wp-content\/uploads\/2023\/06\/bulgarian-768x768.png\" class=\"languageImage no-lazy\" alt=\"Language learning for deeper cultural understanding\" fetchpriority=\"high\" sizes=\"(max-width: 768px) 150px, 768px\" srcset=\"https:\/\/talkpal.ai\/wp-content\/uploads\/2023\/06\/bulgarian-768x768.png 768w, https:\/\/talkpal.ai\/wp-content\/uploads\/2023\/06\/bulgarian-300x300.png 300w\" \/>\r\n    \r\n\r\n    <\/figure>\r\n\r\n            <a class=\"getStartedVisible\" href=\"https:\/\/app.talkpal.ai\/signup?lng=\">Tosaigh<\/a>\r\n    \r\n<\/section>\r\n<section class=\"promotionalBanner\">\r\n    <p class=\"promotionalText\">An bealach is \u00e9ifeachta\u00ed le teanga a fhoghlaim<\/p>\r\n    <a class=\"promotionalLink\" href=\"https:\/\/app.talkpal.ai\/signup?lng=\">Bain triail as Talkpal saor in aisce<\/a>\r\n<\/section>\n<div class=\"wp-block-group pageContainerStyle\"><div class=\"wp-block-group__inner-container is-layout-constrained wp-block-group-is-layout-constrained\">\n<h2 class=\"wp-block-heading\" id=\"h-the-ultimate-guide-to-bulgarian-grammar-navigating-the-intricacies-of-a-rich-language\">An Treoir Deiridh ar Ghramadach na Bulg\u00e1ire: Nasclean\u00faint a dh\u00e9anamh ar Intricacies Teanga Saibhir<\/h2>\n\n\n\n<p>Is measc\u00e1n suimi\u00fail de simpl\u00edocht, castacht agus stair shaibhir chult\u00fartha \u00ed <a href=\"https:\/\/talkpal.ai\/grammar\/\">gramadach<\/a> na Bulg\u00e1ire, cos\u00fail leis an teanga f\u00e9in. Mar cheann de na teangacha Slavacha is sine, cuireann an Bhulg\u00e1iris sceitim\u00edn\u00ed teanga ar f\u00e1il d&#8217;fhoghlaimeoir\u00ed agus tugann s\u00e9 d\u00fashl\u00e1n fi\u00fa do na cainteoir\u00ed is oili\u00fana. Sa treoir seo, d\u00e9anfaimid ini\u00fachadh ar phr\u00edomhphrionsabail ghramada\u00ed na Bulg\u00e1ire, d\u00e9anfaimid a castachta\u00ed a dh\u00edmhimeascadh, agus cabhr\u00f3idh muid leat ar do thuras chun m\u00e1istreacht a fh\u00e1il ar an teanga \u00e1lainn seo. D\u00e9anaimis tumadh isteach!<\/p>\n\n\n\n<h2 class=\"wp-block-heading\" id=\"h-the-nuts-and-bolts-bulgarian-sentence-structure\">Na Cn\u00f3nna agus na Bolta\u00ed: Strucht\u00far Abairte na Bulg\u00e1ire<\/h2>\n\n\n\n<p>Ag a chro\u00edl\u00e1r, t\u00e1 gramadach na Bulg\u00e1ire simpl\u00ed go leor. Leanann an teanga strucht\u00far abairte Subject-Verb-Object (SVO), cos\u00fail leis an mB\u00e9arla agus go leor teangacha eile. Mar shampla, aistr\u00edonn an abairt &#8220;Itheann m\u00e9 \u00fall&#8221; go &#8220;\u0410\u0437 \u044f\u043c \u044f\u0431\u044a\u043b\u043a\u0430&#8221; (Az yam yabalka). Simpl\u00ed, ceart? Mar sin f\u00e9in, de r\u00e9ir mar a thochailimid n\u00edos doimhne, gheobhaidh t\u00fa amach go bhfuil gramadach na Bulg\u00e1ire l\u00e1n le hiontais agus tr\u00e9ithe uath\u00fala.<\/p>\n\n\n\n<h3 class=\"wp-block-heading\" id=\"h-meet-the-family-bulgarian-nouns-and-their-genders\">T\u00e9igh in aithne ar an teaghlach: ainmfhocail Bulg\u00e1iris agus a n-inscne<\/h3>\n\n\n\n<p>Ceann de na gn\u00e9ithe is mearbhall de ghramadach na Bulg\u00e1ire do chainteoir\u00ed <a href=\"https:\/\/talkpal.ai\/learn-english-with-ai\/\">B\u00e9arla<\/a> is ea coincheap na hinscne gramada\u00ed. Sa Bhulg\u00e1iris, sanntar gach ainmfhocal do cheann de thr\u00ed inscne &#8211; firinscneach, baininscneach, agus neuter. T\u00e1 s\u00e9 riachtanach inscne ainmfhocail a aithint mar go mb\u00edonn tionchar aige ar fhoirm na n-aidiachta\u00ed agus na bhforainmneacha, agus ar chomhchuingi\u00fa na mbriathra a leanann.<\/p>\n\n\n\n<p>Mar sin, conas a chinneann t\u00fa inscne ainmfhocail? Go ginear\u00e1lta, baineann s\u00e9 leis an deireadh:<\/p>\n\n\n\n<p><strong>\u2013 Is gn\u00e1ch go gcr\u00edochna\u00edonn ainmfhocail firinscneach i gconsan.<\/strong><\/p>\n\n\n\n<p><strong>&#8211; Is gn\u00e1ch go gcr\u00edochna\u00edonn ainmfhocail baininscneach i -\u0430 (-a) n\u00f3 -\u044f (-ya).<\/strong><\/p>\n\n\n\n<p><strong>&#8211; Is minic a chr\u00edochna\u00edonn ainmfhocail neodracha i -\u043e (-o) n\u00f3 -\u0435 (-\u0435).<\/strong><\/p>\n\n\n\n<p>Mar shampla, cialla\u00edonn &#8220;\u043c\u044a\u0436&#8221; (mazh) &#8220;fear&#8221; agus t\u00e1 s\u00e9 firinscneach, cialla\u00edonn &#8220;\u0436\u0435\u043d\u0430&#8221; (zhena) &#8220;bean&#8221; agus t\u00e1 s\u00e9 baininscneach, agus cialla\u00edonn &#8220;\u0434\u0435\u0442\u0435&#8221; (dete) &#8220;leanbh&#8221; agus t\u00e1 s\u00e9 neuter.<\/p>\n\n\n\n<p>Ar nd\u00f3igh, t\u00e1 eisceachta\u00ed ann, agus is \u00e9 sin an f\u00e1th go bhfuil s\u00e9 riachtanach ainmfhocail a fhoghlaim in \u00e9ineacht lena n-inscne.<\/p>\n\n\n\n<h3 class=\"wp-block-heading\" id=\"h-playing-with-numbers-bulgarian-plurals\">Ag imirt le huimhreacha: Bulg\u00e1iris Iolra<\/h3>\n\n\n\n<p>Nuair a bheidh m\u00e1istreacht agat ar inscne ainmfhocail na Bulg\u00e1ire, t\u00e1 s\u00e9 in am d\u00e9ile\u00e1il lena n-iolra\u00ed. Go ginear\u00e1lta, crutha\u00edonn t\u00fa iolra tr\u00ed fhoirceanna sonracha a <a href=\"https:\/\/talkpal.ai\/locations\/language-courses-in-chur\/\">chur<\/a> leis a fhreagra\u00edonn d&#8217;inscne an ainmfhocail:<\/p>\n\n\n\n<p><strong>&#8211; Athra\u00edonn ainmfhocail firinscneach an consan deireanach go -\u0438 (-i) n\u00f3 cuir -\u043e\u0432\u0435 (-ove).<\/strong><\/p>\n\n\n\n<p><strong>&#8211; Ainmfhocail baininscneach in ionad -\u0430 n\u00f3 -\u044f le -\u0438 n\u00f3 -\u0435.<\/strong><\/p>\n\n\n\n<p><strong>&#8211; Ainmfhocail neodracha in ionad -\u043e n\u00f3 -\u0435 le -\u0430.<\/strong><\/p>\n\n\n\n<p>Mar shampla, \u00e9ir\u00edonn &#8220;\u0443\u0447\u0435\u043d\u0438\u043a&#8221; (uchenik, firinscneach) &#8220;\u0443\u0447\u0435\u043d\u0438\u0446\u0438&#8221; (uchenici, <a href=\"https:\/\/talkpal.ai\/talkpal-discount-for-students\/\">mic l\u00e9inn<\/a>) agus &#8220;\u043a\u043d\u0438\u0433\u0430&#8221; (kniga, baininscneach) ina &#8220;\u043a\u043d\u0438\u0433\u0438&#8221; (knigi, leabhair).<\/p>\n\n\n\n<p>T\u00e1 eisceachta\u00ed ag an riail seo, mar sin coinnigh s\u00fail amach d&#8217;iolra neamhrialta agus leathnaigh do st\u00f3r focal d\u00e1 r\u00e9ir.<\/p>\n\n\n\n<h3 class=\"wp-block-heading\" id=\"h-the-art-of-conjugation-bulgarian-verbs\">Eala\u00edn na Comhchuingithe: Briathra Bulg\u00e1iris<\/h3>\n\n\n\n<p>Is f\u00e9idir le briathra na Bulg\u00e1ire a bheith imeaglaithe mar gheall ar a l\u00edon m\u00f3r aims\u00ed, gi\u00famar, agus conjugations. Mar sin f\u00e9in, is \u00ed an eochair chun iad a scoilteadh n\u00e1 patr\u00fain a aithint agus cleachtadh go rialta.<\/p>\n\n\n\n<p>Sa Bhulg\u00e1iris, roinntear briathra i dtr\u00ed ghr\u00fapa bunaithe ar a gcr\u00edoch infinitive, -\u0430 (-a), -\u0435 (-\u0435), n\u00f3 -\u0438 (-i). T\u00e1 a rialacha comhchuingithe ar <a href=\"https:\/\/talkpal.ai\/locations\/language-courses-in-leith\/\">leith<\/a> ag gach gr\u00fapa. Mar shampla, d\u00e9anaimis an briathar &#8220;\u043f\u0438\u0448\u0430&#8221; (pisha, &#8220;a scr\u00edobh&#8221;):<\/p>\n\n\n\n<p><strong>Aimsir l\u00e1ithreach: \u0410\u0437 \u043f\u0438\u0448\u0430 (Az pisha, &#8220;Scr\u00edobhim&#8221;)<\/strong><\/p>\n\n\n\n<p><strong>Aimsir chaite: \u0410\u0437 \u043f\u0438\u0441\u0430\u0445 (Az pisah, &#8220;Scr\u00edobh m\u00e9&#8221;)<\/strong><\/p>\n\n\n\n<p><strong>Aimsir sa todhcha\u00ed: \u0410\u0437 \u0449\u0435 \u043f\u0438\u0448\u0430 (Az shte pisha, &#8220;scr\u00edobhfaidh m\u00e9&#8221;)<\/strong><\/p>\n\n\n\n<p>Mar a fheiceann t\u00fa, athra\u00edonn na cr\u00edocha de r\u00e9ir na haise. Agus n\u00ed scr\u00edobann s\u00e9 seo fi\u00fa dromchla chomhchuingi\u00fa briathar na Bulg\u00e1ire! Mar sin f\u00e9in, n\u00e1 lig d\u00f3 t\u00fa a sh\u00e1r\u00fa. Le cleachtadh agus foighne, tos\u00f3idh t\u00fa ag aithint na bpatr\u00fain agus ag dul i ngleic leis an d\u00fashl\u00e1n seo.<\/p>\n\n\n\n<h3 class=\"wp-block-heading\" id=\"h-the-finishing-touches-bulgarian-adjectives-adverbs-and-more\">Na Cr\u00edochn\u00fa Touches: Aidiachta\u00ed Bulg\u00e1iris, Adverbs, agus N\u00edos M\u00f3<\/h3>\n\n\n\n<p><a href=\"https:\/\/talkpal.ai\/ga\/maidir\/\">Maidir<\/a> le haidiachta\u00ed agus aidiachta\u00ed Bulg\u00e1irise, t\u00e1 r\u00f3l r\u00edth\u00e1bhachtach acu <a href=\"https:\/\/talkpal.ai\/ga\/maidir\/\">maidir<\/a> le doimhneacht agus castacht a chur le do chuid cainte. Caithfidh aidiachta\u00ed aont\u00fa leis na hainmfhocail a mhodhna\u00edonn siad i dt\u00e9arma\u00ed inscne, agus de ghn\u00e1th gheobhaidh t\u00fa 3 fhoirm &#8211; firinscneach, baininscneach, agus neuter.<\/p>\n\n\n\n<p>Mar shampla, cialla\u00edonn &#8220;\u0434\u043e\u0431\u044a\u0440&#8221; (dobur) &#8220;maith&#8221; agus t\u00e1 s\u00e9 le feice\u00e1il mar &#8220;\u0434\u043e\u0431\u044a\u0440 \u043c\u044a\u0436&#8221; (dobur mazh, &#8220;fear maith&#8221;), &#8220;\u0434\u043e\u0431\u0440\u0430 \u0436\u0435\u043d\u0430&#8221; (dobra zhena, &#8220;bean mhaith&#8221;), agus &#8220;\u0434\u043e\u0431\u0440\u043e \u0434\u0435\u0442\u0435&#8221; (dobro dete, &#8220;leanbh maith&#8221;). Leanann adverbs patr\u00fain den chine\u00e1l c\u00e9anna, go minic a dh\u00edortha\u00edtear \u00f3 aidiachta\u00ed.<\/p>\n\n\n\n<p>Mar fhocal scoir, tugann intricacies agus quirks gramada\u00ed na Bulg\u00e1ire, c\u00e9 go bhfuil siad casta, \u00e1illeacht agus carachtar mealltach don teanga. Le measc\u00e1n de bhuanseasmhacht, fiosracht agus cur i bhfeidhm praitici\u00fail, is gearr go mbeidh t\u00fa ag nasclean\u00faint gramadach na Bulg\u00e1ire go h\u00e9asca agus le muin\u00edn. Foghlaim shona!<\/p>\n<\/div><\/div>\n\r\n<section class=\"learnNavigationSection\">\r\n            \r\n        <a href=\"https:\/\/talkpal.ai\/ga\/foghlaim-bulgairis\/\">\r\n            <div class=\"learnNavigationWrapper\">\r\n                <div class=\"learnNavigationContent\">\r\n                    <img decoding=\"async\" src=\"https:\/\/talkpal.ai\/wp-content\/uploads\/2024\/08\/Bulgarian.jpg\" alt=\"Bulgarian Flag\">\r\n                    <div>\r\n                        <h4>Maidir le Foghlaim na Bulg\u00e1ire<\/h4>\r\n                        <p>Faigh amach gach rud faoi ghramadach na Bulg\u00e1ire.<\/p>\r\n                    <\/div>\r\n                <\/div>\r\n            <\/div>\r\n        <\/a>\r\n\r\n        \r\n        <a href=\"https:\/\/talkpal.ai\/ga\/cleachtai-gramadai-na-bulgaire\/\">\r\n            <div class=\"learnNavigationWrapper\">\r\n                <div class=\"learnNavigationContent\">\r\n                    <img decoding=\"async\" src=\"https:\/\/talkpal.ai\/wp-content\/uploads\/2024\/08\/Bulgarian.jpg\" alt=\"Bulgarian Flag\">\r\n                    <div>\r\n                        <h4>Cleachtadh Gramada\u00ed na Bulg\u00e1ire<\/h4>\r\n                        <p>Cleachtadh gramadach na Bulg\u00e1ire.<\/p>\r\n                    <\/div>\r\n                <\/div>\r\n            <\/div>\r\n        <\/a>\r\n\r\n        \r\n        <a href=\"https:\/\/talkpal.ai\/vocabulary_language\/bulgarian\/\">\r\n            <div class=\"learnNavigationWrapper\">\r\n                <div class=\"learnNavigationContent\">\r\n                    <img decoding=\"async\" src=\"https:\/\/talkpal.ai\/wp-content\/uploads\/2024\/08\/Bulgarian.jpg\" alt=\"Bulgarian Flag\">\r\n                    <div>\r\n                        <h4>St\u00f3r Focal na Bulg\u00e1ire<\/h4>\r\n                        <p>Leathnaigh do st\u00f3r focal Bulg\u00e1iris.<\/p>\r\n                    <\/div>\r\n                <\/div>\r\n            <\/div>\r\n        <\/a>\r\n\r\n            <\/section>","protected":false},"excerpt":{"rendered":"<p>An Treoir Deiridh ar Ghramadach na Bulg\u00e1ire: Nasclean\u00faint a dh\u00e9anamh ar Intricacies Teanga Saibhir Is measc\u00e1n suimi\u00fail de simpl\u00edocht, castacht agus stair shaibhir chult\u00fartha \u00ed gramadach na Bulg\u00e1ire, cos\u00fail leis an teanga f\u00e9in. Mar cheann de na teangacha Slavacha is sine, cuireann an Bhulg\u00e1iris sceitim\u00edn\u00ed teanga ar f\u00e1il d&#8217;fhoghlaimeoir\u00ed agus tugann s\u00e9 d\u00fashl\u00e1n fi\u00fa do [&hellip;]<\/p>\n","protected":false},"author":1,"featured_media":1444053,"parent":0,"menu_order":0,"comment_status":"closed","ping_status":"closed","template":"LearningContentPage.php","meta":{"_acf_changed":false,"footnotes":""},"class_list":["post-1444052","page","type-page","status-publish","has-post-thumbnail","hentry"],"acf":[],"yoast_head":"<!-- This site is optimized with the Yoast SEO Premium plugin v27.2 (Yoast SEO v27.2) - https:\/\/yoast.com\/product\/yoast-seo-premium-wordpress\/ -->\n<title>Gramadach na Bulg\u00e1ire - Talkpal<\/title>\n<meta name=\"description\" content=\"D\u00e9an ini\u00fachadh ar bhuneilimint\u00ed Ghramada\u00ed na Bulg\u00e1ire chun tuiscint teanga agus scileanna cumars\u00e1ide n\u00edos fearr a fh\u00e1il.\" \/>\n<meta name=\"robots\" content=\"index, follow, max-snippet:-1, max-image-preview:large, max-video-preview:-1\" \/>\n<link rel=\"canonical\" href=\"https:\/\/talkpal.ai\/ga\/gramadach-na-bulgaire\/\" \/>\n<meta property=\"og:locale\" content=\"ga_IE\" \/>\n<meta property=\"og:type\" content=\"article\" \/>\n<meta property=\"og:title\" content=\"Gramadach na Bulg\u00e1ire\" \/>\n<meta property=\"og:description\" content=\"An Treoir Deiridh ar Ghramadach na Bulg\u00e1ire: Nasclean\u00faint a dh\u00e9anamh ar Intricacies Teanga Saibhir Is measc\u00e1n suimi\u00fail de simpl\u00edocht, castacht agus stair\" \/>\n<meta property=\"og:url\" content=\"https:\/\/talkpal.ai\/ga\/gramadach-na-bulgaire\/\" \/>\n<meta property=\"og:site_name\" content=\"Talkpal\" \/>\n<meta property=\"article:publisher\" content=\"https:\/\/www.facebook.com\/profile.php?id=100090733639311\" \/>\n<meta property=\"article:modified_time\" content=\"2025-09-06T19:21:18+00:00\" \/>\n<meta property=\"og:image\" content=\"https:\/\/talkpal.ai\/wp-content\/uploads\/2023\/05\/bulgaria.png\" \/>\n\t<meta property=\"og:image:width\" content=\"512\" \/>\n\t<meta property=\"og:image:height\" content=\"512\" \/>\n\t<meta property=\"og:image:type\" content=\"image\/png\" \/>\n<meta name=\"twitter:card\" content=\"summary_large_image\" \/>\n<meta name=\"twitter:site\" content=\"@talkpalai\" \/>\n<meta name=\"twitter:label1\" content=\"Est. reading time\" \/>\n\t<meta name=\"twitter:data1\" content=\"4 minutes\" \/>\n<script type=\"application\/ld+json\" class=\"yoast-schema-graph\">{\"@context\":\"https:\/\/schema.org\",\"@graph\":[{\"@type\":\"WebPage\",\"@id\":\"https:\/\/talkpal.ai\/ga\/gramadach-na-bulgaire\/\",\"url\":\"https:\/\/talkpal.ai\/ga\/gramadach-na-bulgaire\/\",\"name\":\"Gramadach na Bulg\u00e1ire - Talkpal\",\"isPartOf\":{\"@id\":\"https:\/\/talkpal.ai\/ga\/#website\"},\"primaryImageOfPage\":{\"@id\":\"https:\/\/talkpal.ai\/ga\/gramadach-na-bulgaire\/#primaryimage\"},\"image\":{\"@id\":\"https:\/\/talkpal.ai\/ga\/gramadach-na-bulgaire\/#primaryimage\"},\"thumbnailUrl\":\"https:\/\/talkpal.ai\/wp-content\/uploads\/2023\/05\/bulgaria.png\",\"datePublished\":\"2023-05-14T14:00:39+00:00\",\"dateModified\":\"2025-09-06T19:21:18+00:00\",\"description\":\"D\u00e9an ini\u00fachadh ar bhuneilimint\u00ed Ghramada\u00ed na Bulg\u00e1ire chun tuiscint teanga agus scileanna cumars\u00e1ide n\u00edos fearr a fh\u00e1il.\",\"breadcrumb\":{\"@id\":\"https:\/\/talkpal.ai\/ga\/gramadach-na-bulgaire\/#breadcrumb\"},\"inLanguage\":\"ga-IE\",\"potentialAction\":[{\"@type\":\"ReadAction\",\"target\":[\"https:\/\/talkpal.ai\/ga\/gramadach-na-bulgaire\/\"]}]},{\"@type\":\"ImageObject\",\"inLanguage\":\"ga-IE\",\"@id\":\"https:\/\/talkpal.ai\/ga\/gramadach-na-bulgaire\/#primaryimage\",\"url\":\"https:\/\/talkpal.ai\/wp-content\/uploads\/2023\/05\/bulgaria.png\",\"contentUrl\":\"https:\/\/talkpal.ai\/wp-content\/uploads\/2023\/05\/bulgaria.png\",\"width\":512,\"height\":512,\"caption\":\"TalkPal Bulgaria Flag\"},{\"@type\":\"BreadcrumbList\",\"@id\":\"https:\/\/talkpal.ai\/ga\/gramadach-na-bulgaire\/#breadcrumb\",\"itemListElement\":[{\"@type\":\"ListItem\",\"position\":1,\"name\":\"Homepage\",\"item\":\"https:\/\/talkpal.ai\/ga\/\"},{\"@type\":\"ListItem\",\"position\":2,\"name\":\"Gramadach na Bulg\u00e1ire\"}]},{\"@type\":\"WebSite\",\"@id\":\"https:\/\/talkpal.ai\/ga\/#website\",\"url\":\"https:\/\/talkpal.ai\/ga\/\",\"name\":\"Talkpal\",\"description\":\"AI Language Learning\",\"publisher\":{\"@id\":\"https:\/\/talkpal.ai\/ga\/#organization\"},\"alternateName\":\"Talkpal AI\",\"potentialAction\":[{\"@type\":\"SearchAction\",\"target\":{\"@type\":\"EntryPoint\",\"urlTemplate\":\"https:\/\/talkpal.ai\/ga\/?s={search_term_string}\"},\"query-input\":{\"@type\":\"PropertyValueSpecification\",\"valueRequired\":true,\"valueName\":\"search_term_string\"}}],\"inLanguage\":\"ga-IE\"},{\"@type\":\"Organization\",\"@id\":\"https:\/\/talkpal.ai\/ga\/#organization\",\"name\":\"Talkpal, Inc.\",\"alternateName\":\"Talkpal AI\",\"url\":\"https:\/\/talkpal.ai\/ga\/\",\"logo\":{\"@type\":\"ImageObject\",\"inLanguage\":\"ga-IE\",\"@id\":\"https:\/\/talkpal.ai\/ga\/#\/schema\/logo\/image\/\",\"url\":\"https:\/\/talkpal.ai\/wp-content\/uploads\/2024\/03\/Talkpal-Logo-Icon.png\",\"contentUrl\":\"https:\/\/talkpal.ai\/wp-content\/uploads\/2024\/03\/Talkpal-Logo-Icon.png\",\"width\":2880,\"height\":2880,\"caption\":\"Talkpal, Inc.\"},\"image\":{\"@id\":\"https:\/\/talkpal.ai\/ga\/#\/schema\/logo\/image\/\"},\"sameAs\":[\"https:\/\/www.facebook.com\/profile.php?id=100090733639311\",\"https:\/\/x.com\/talkpalai\",\"https:\/\/www.linkedin.com\/company\/talkpal\/\",\"https:\/\/www.youtube.com\/@TalkPal\/\",\"https:\/\/www.tiktok.com\/@talkpal\",\"https:\/\/www.instagram.com\/talkpal_ai\/\",\"https:\/\/www.crunchbase.com\/organization\/talkpal-9cde\",\"https:\/\/www.g2.com\/products\/talkpal-for-business\/\",\"https:\/\/www.trustpilot.com\/review\/talkpal.ai\",\"https:\/\/www.capterra.com\/p\/10006800\/TalkPal\/\"],\"description\":\"Talkpal is a language learning web and mobile education app, powered by the latest AI technologies, that provides engaging experiences to its customers in many different languages to help them improve their language skills. Users can chat about unlimited amount of topics with the app and use other modes to practice their language learning.\",\"email\":\"support@talkpal.ai\",\"legalName\":\"Talkpal, Inc.\",\"foundingDate\":\"2023-04-03\",\"duns\":\"118989042\",\"numberOfEmployees\":{\"@type\":\"QuantitativeValue\",\"minValue\":\"11\",\"maxValue\":\"50\"},\"publishingPrinciples\":\"https:\/\/talkpal.ai\/publishing-principles\/\",\"actionableFeedbackPolicy\":\"https:\/\/talkpal.ai\/actionable-feedback-policy\/\",\"correctionsPolicy\":\"https:\/\/talkpal.ai\/corrections-policy\/\",\"ethicsPolicy\":\"https:\/\/talkpal.ai\/ethics-policy\/\",\"diversityPolicy\":\"https:\/\/talkpal.ai\/diversity-policy\/\",\"diversityStaffingReport\":\"https:\/\/talkpal.ai\/diversity-policy\/\"}]}<\/script>\n<!-- \/ Yoast SEO Premium plugin. -->","yoast_head_json":{"title":"Gramadach na Bulg\u00e1ire - Talkpal","description":"D\u00e9an ini\u00fachadh ar bhuneilimint\u00ed Ghramada\u00ed na Bulg\u00e1ire chun tuiscint teanga agus scileanna cumars\u00e1ide n\u00edos fearr a fh\u00e1il.","robots":{"index":"index","follow":"follow","max-snippet":"max-snippet:-1","max-image-preview":"max-image-preview:large","max-video-preview":"max-video-preview:-1"},"canonical":"https:\/\/talkpal.ai\/ga\/gramadach-na-bulgaire\/","og_locale":"ga_IE","og_type":"article","og_title":"Gramadach na Bulg\u00e1ire","og_description":"An Treoir Deiridh ar Ghramadach na Bulg\u00e1ire: Nasclean\u00faint a dh\u00e9anamh ar Intricacies Teanga Saibhir Is measc\u00e1n suimi\u00fail de simpl\u00edocht, castacht agus stair","og_url":"https:\/\/talkpal.ai\/ga\/gramadach-na-bulgaire\/","og_site_name":"Talkpal","article_publisher":"https:\/\/www.facebook.com\/profile.php?id=100090733639311","article_modified_time":"2025-09-06T19:21:18+00:00","og_image":[{"width":512,"height":512,"url":"https:\/\/talkpal.ai\/wp-content\/uploads\/2023\/05\/bulgaria.png","type":"image\/png"}],"twitter_card":"summary_large_image","twitter_site":"@talkpalai","twitter_misc":{"Est. reading time":"4 minutes"},"schema":{"@context":"https:\/\/schema.org","@graph":[{"@type":"WebPage","@id":"https:\/\/talkpal.ai\/ga\/gramadach-na-bulgaire\/","url":"https:\/\/talkpal.ai\/ga\/gramadach-na-bulgaire\/","name":"Gramadach na Bulg\u00e1ire - Talkpal","isPartOf":{"@id":"https:\/\/talkpal.ai\/ga\/#website"},"primaryImageOfPage":{"@id":"https:\/\/talkpal.ai\/ga\/gramadach-na-bulgaire\/#primaryimage"},"image":{"@id":"https:\/\/talkpal.ai\/ga\/gramadach-na-bulgaire\/#primaryimage"},"thumbnailUrl":"https:\/\/talkpal.ai\/wp-content\/uploads\/2023\/05\/bulgaria.png","datePublished":"2023-05-14T14:00:39+00:00","dateModified":"2025-09-06T19:21:18+00:00","description":"D\u00e9an ini\u00fachadh ar bhuneilimint\u00ed Ghramada\u00ed na Bulg\u00e1ire chun tuiscint teanga agus scileanna cumars\u00e1ide n\u00edos fearr a fh\u00e1il.","breadcrumb":{"@id":"https:\/\/talkpal.ai\/ga\/gramadach-na-bulgaire\/#breadcrumb"},"inLanguage":"ga-IE","potentialAction":[{"@type":"ReadAction","target":["https:\/\/talkpal.ai\/ga\/gramadach-na-bulgaire\/"]}]},{"@type":"ImageObject","inLanguage":"ga-IE","@id":"https:\/\/talkpal.ai\/ga\/gramadach-na-bulgaire\/#primaryimage","url":"https:\/\/talkpal.ai\/wp-content\/uploads\/2023\/05\/bulgaria.png","contentUrl":"https:\/\/talkpal.ai\/wp-content\/uploads\/2023\/05\/bulgaria.png","width":512,"height":512,"caption":"TalkPal Bulgaria Flag"},{"@type":"BreadcrumbList","@id":"https:\/\/talkpal.ai\/ga\/gramadach-na-bulgaire\/#breadcrumb","itemListElement":[{"@type":"ListItem","position":1,"name":"Homepage","item":"https:\/\/talkpal.ai\/ga\/"},{"@type":"ListItem","position":2,"name":"Gramadach na Bulg\u00e1ire"}]},{"@type":"WebSite","@id":"https:\/\/talkpal.ai\/ga\/#website","url":"https:\/\/talkpal.ai\/ga\/","name":"Talkpal","description":"AI Language Learning","publisher":{"@id":"https:\/\/talkpal.ai\/ga\/#organization"},"alternateName":"Talkpal AI","potentialAction":[{"@type":"SearchAction","target":{"@type":"EntryPoint","urlTemplate":"https:\/\/talkpal.ai\/ga\/?s={search_term_string}"},"query-input":{"@type":"PropertyValueSpecification","valueRequired":true,"valueName":"search_term_string"}}],"inLanguage":"ga-IE"},{"@type":"Organization","@id":"https:\/\/talkpal.ai\/ga\/#organization","name":"Talkpal, Inc.","alternateName":"Talkpal AI","url":"https:\/\/talkpal.ai\/ga\/","logo":{"@type":"ImageObject","inLanguage":"ga-IE","@id":"https:\/\/talkpal.ai\/ga\/#\/schema\/logo\/image\/","url":"https:\/\/talkpal.ai\/wp-content\/uploads\/2024\/03\/Talkpal-Logo-Icon.png","contentUrl":"https:\/\/talkpal.ai\/wp-content\/uploads\/2024\/03\/Talkpal-Logo-Icon.png","width":2880,"height":2880,"caption":"Talkpal, Inc."},"image":{"@id":"https:\/\/talkpal.ai\/ga\/#\/schema\/logo\/image\/"},"sameAs":["https:\/\/www.facebook.com\/profile.php?id=100090733639311","https:\/\/x.com\/talkpalai","https:\/\/www.linkedin.com\/company\/talkpal\/","https:\/\/www.youtube.com\/@TalkPal\/","https:\/\/www.tiktok.com\/@talkpal","https:\/\/www.instagram.com\/talkpal_ai\/","https:\/\/www.crunchbase.com\/organization\/talkpal-9cde","https:\/\/www.g2.com\/products\/talkpal-for-business\/","https:\/\/www.trustpilot.com\/review\/talkpal.ai","https:\/\/www.capterra.com\/p\/10006800\/TalkPal\/"],"description":"Talkpal is a language learning web and mobile education app, powered by the latest AI technologies, that provides engaging experiences to its customers in many different languages to help them improve their language skills. Users can chat about unlimited amount of topics with the app and use other modes to practice their language learning.","email":"support@talkpal.ai","legalName":"Talkpal, Inc.","foundingDate":"2023-04-03","duns":"118989042","numberOfEmployees":{"@type":"QuantitativeValue","minValue":"11","maxValue":"50"},"publishingPrinciples":"https:\/\/talkpal.ai\/publishing-principles\/","actionableFeedbackPolicy":"https:\/\/talkpal.ai\/actionable-feedback-policy\/","correctionsPolicy":"https:\/\/talkpal.ai\/corrections-policy\/","ethicsPolicy":"https:\/\/talkpal.ai\/ethics-policy\/","diversityPolicy":"https:\/\/talkpal.ai\/diversity-policy\/","diversityStaffingReport":"https:\/\/talkpal.ai\/diversity-policy\/"}]}},"_links":{"self":[{"href":"https:\/\/talkpal.ai\/ga\/wp-json\/wp\/v2\/pages\/1444052","targetHints":{"allow":["GET"]}}],"collection":[{"href":"https:\/\/talkpal.ai\/ga\/wp-json\/wp\/v2\/pages"}],"about":[{"href":"https:\/\/talkpal.ai\/ga\/wp-json\/wp\/v2\/types\/page"}],"author":[{"embeddable":true,"href":"https:\/\/talkpal.ai\/ga\/wp-json\/wp\/v2\/users\/1"}],"replies":[{"embeddable":true,"href":"https:\/\/talkpal.ai\/ga\/wp-json\/wp\/v2\/comments?post=1444052"}],"version-history":[{"count":0,"href":"https:\/\/talkpal.ai\/ga\/wp-json\/wp\/v2\/pages\/1444052\/revisions"}],"wp:featuredmedia":[{"embeddable":true,"href":"https:\/\/talkpal.ai\/ga\/wp-json\/wp\/v2\/media\/1444053"}],"wp:attachment":[{"href":"https:\/\/talkpal.ai\/ga\/wp-json\/wp\/v2\/media?parent=1444052"}],"curies":[{"name":"wp","href":"https:\/\/api.w.org\/{rel}","templated":true}]}}