{"id":1444051,"date":"2023-05-14T13:54:14","date_gmt":"2023-05-14T13:54:14","guid":{"rendered":"https:\/\/talkpal.ai\/gramadach-na-hairmeine\/"},"modified":"2025-09-06T19:21:17","modified_gmt":"2025-09-06T19:21:17","slug":"gramadach-na-hairmeine","status":"publish","type":"page","link":"https:\/\/talkpal.ai\/ga\/gramadach-na-hairmeine\/","title":{"rendered":"Gramadach na hAirm\u00e9ine"},"content":{"rendered":"\r\n\r\n\r\n<section class=\"languageChallengeSection\">\r\n    <div class=\"languageInfoWrapper\">\r\n        \r\n        <h1>Gramadach na hAirm\u00e9ine<\/h1>\r\n        <p>R\u00e9idh le teanga nua a ini\u00fachadh? Is \u00e9 <a href=\"https:\/\/talkpal.ai\/grammar\/\">gramadach<\/a> na hAirm\u00e9ine do gheata chuig domhan de phatr\u00fain suimi\u00fala agus traidisi\u00fain uath\u00fala! De r\u00e9ir mar a fhoghlaim\u00edonn t\u00fa gramadach na hAirm\u00e9ine, n\u00ed hamh\u00e1in go m\u00e1istreabhfaidh t\u00fa teanga ach ceangl\u00f3idh t\u00fa le hoidhreacht chult\u00fartha dhomhain na hAirm\u00e9ine. D\u00e9anaimis tumadh isteach le ch\u00e9ile agus taitneamh a bhaint as an turas go dt\u00ed an <a href=\"https:\/\/talkpal.ai\/learn-armenian\/\">Airm\u00e9inis<\/a>!<\/p>\r\n\r\n                            <a class=\"getStartedHidden\" href=\"https:\/\/app.talkpal.ai\/signup?lng=\">Tosaigh<\/a>\r\n        \r\n    <\/div>\r\n\r\n    <figure>\r\n    <img decoding=\"async\" width=\"768\" height=\"768\" src=\"https:\/\/talkpal.ai\/wp-content\/uploads\/2023\/06\/armenian-768x768.png\" class=\"languageImage no-lazy\" alt=\"Language learning for higher cognition\" fetchpriority=\"high\" sizes=\"(max-width: 768px) 150px, 768px\" srcset=\"https:\/\/talkpal.ai\/wp-content\/uploads\/2023\/06\/armenian-768x768.png 768w, https:\/\/talkpal.ai\/wp-content\/uploads\/2023\/06\/armenian-300x300.png 300w\" \/>\r\n    \r\n\r\n    <\/figure>\r\n\r\n            <a class=\"getStartedVisible\" href=\"https:\/\/app.talkpal.ai\/signup?lng=\">Tosaigh<\/a>\r\n    \r\n<\/section>\r\n<section class=\"promotionalBanner\">\r\n    <p class=\"promotionalText\">An bealach is \u00e9ifeachta\u00ed le teanga a fhoghlaim<\/p>\r\n    <a class=\"promotionalLink\" href=\"https:\/\/app.talkpal.ai\/signup?lng=\">Bain triail as Talkpal saor in aisce<\/a>\r\n<\/section>\n<div class=\"wp-block-group pageContainerStyle\"><div class=\"wp-block-group__inner-container is-layout-constrained wp-block-group-is-layout-constrained\">\n<h2 class=\"wp-block-heading\" id=\"h-discovering-the-richness-of-armenian-grammar\">Ag f\u00e1il amach saibhreas gramada\u00ed na hAirm\u00e9ine<\/h2>\n\n\n\n<p>T\u00e1 \u00e1it ar <a href=\"https:\/\/talkpal.ai\/locations\/language-courses-in-leith\/\">leith<\/a> ag an Airm\u00e9inis, teanga uath\u00fail agus sp\u00e9isi\u00fail, sa teaghlach Ind-Eorpach. N\u00ed hamh\u00e1in go saibhr\u00edonn foghlaim na hAirm\u00e9ine do repertoire teangeola\u00edoch ach cuireann s\u00e9 ar do chumas tumadh isteach i stair agus i gcult\u00far saibhir na hAirm\u00e9ine. C\u00e9 go bhf\u00e9adfadh gramadach na hAirm\u00e9ine a bheith scanr\u00fail ar an gc\u00e9ad amharc, d\u00e9anann s\u00e9 an pr\u00f3iseas a shimpli\u00fa. San alt seo, cuirfimid t\u00fa in aithne do shaol mealltach <a href=\"https:\/\/talkpal.ai\/ga\/cleachtai-gramadai-na-hisiltire\/\">gramada\u00ed na<\/a> hAirm\u00e9ine agus cuirfimid leideanna ar f\u00e1il <a href=\"https:\/\/talkpal.ai\/ga\/maidir\/\">maidir<\/a> le conas m\u00e1istreacht a dh\u00e9anamh ar a intricacies.<\/p>\n\n\n\n<h3 class=\"wp-block-heading\" id=\"h-1-the-armenian-alphabet\">1. An Aib\u00edtir Airm\u00e9inis<\/h3>\n\n\n\n<p>T\u00e1 aib\u00edtir ar leith ag an Airm\u00e9inis, comhdh\u00e9anta de 39 litir, gach ceann acu ag l\u00e9iri\u00fa f\u00f3in\u00e9im n\u00f3 teaglaim shonrach de fh\u00f3in\u00e9im. Chun gramadach na hAirm\u00e9ine a fhoghlaim, t\u00e1 s\u00e9 r\u00edth\u00e1bhachtach eolas a <a href=\"https:\/\/talkpal.ai\/locations\/language-courses-in-chur\/\">chur<\/a> ar an gc\u00f3ras scr\u00edbhneoireachta uath\u00fail seo tr\u00ed th\u00e9acsanna Airm\u00e9inis a l\u00e9amh agus a scr\u00edobh a chleachtadh.<\/p>\n\n\n\n<h3 class=\"wp-block-heading\" id=\"h-2-nouns-gender-and-cases\">2. Ainmfhocail: Inscne agus C\u00e1sanna<\/h3>\n\n\n\n<p>N\u00edl inscne ghramada\u00ed ag ainmfhocail Airm\u00e9inis cos\u00fail le go leor teangacha eile. Mar sin f\u00e9in, t\u00e1 roinnt c\u00e1sanna acu, lena n-\u00e1ir\u00edtear nominative, accusative, dative, genitive, instrumental, ablative, and locative. Tr\u00ed na rialacha a fhoghlaim chun na c\u00e1sanna seo a fhoirmi\u00fa, beidh t\u00fa in ann abairt\u00ed Airm\u00e9inis a thuiscint agus a strucht\u00far\u00fa n\u00edos fearr.<\/p>\n\n\n\n<h3 class=\"wp-block-heading\" id=\"h-3-verbs-conjugation-and-tense\">3. Briathra: Comhchuingi\u00fa agus Aimsir<\/h3>\n\n\n\n<p>D\u00e9antar briathra Airm\u00e9inis a chomhchuingi\u00fa de r\u00e9ir a n-aimsir, a gi\u00famar agus a ngn\u00e9. T\u00e1 seacht n-aimsir bhun\u00fasacha san Airm\u00e9inis, lena n-\u00e1ir\u00edtear l\u00e1ithreacht, neamhfhoirfe, foirfe, aorist, todhcha\u00ed, plufoirfe, agus foirfe sa todhcha\u00ed. Leanann briathra rialta patr\u00fain chomhchuingithe ar leith, rud a fh\u00e1gann go bhfuil siad r\u00e9as\u00fanta \u00e9asca a fhoghlaim nuair a thuigeann t\u00fa na rialacha.<\/p>\n\n\n\n<h3 class=\"wp-block-heading\" id=\"h-4-adjectives-agreement-and-placement\">4. Aidiachta\u00ed: Comhaont\u00fa agus Socr\u00fach\u00e1n<\/h3>\n\n\n\n<p>I ngramadach na hAirm\u00e9ine, is gn\u00e1ch go dtagann aidiachta\u00ed roimh an ainmfhocal a mhodhna\u00edonn siad, agus n\u00ed g\u00e1 d\u00f3ibh aont\u00fa leis an ainmfhocal. Mar sin f\u00e9in, is f\u00e9idir aidiachta\u00ed a dhi\u00falt\u00fa m\u00e1 \u00fas\u00e1idtear iad go substainti\u00fail (mar ainmfhocal) n\u00f3 m\u00e1 t\u00e1 forainmneacha taispe\u00e1ntacha agus sealbhacha \u00e1irithe roimhe.<\/p>\n\n\n\n<p><strong>Sampla\u00ed:<\/strong><\/p>\n\n\n\n<p>\u2013 \u054d\u0578\u0582\u0580\u0562 T\u0561\u0573\u0561\u0580 (Surb Tachar) \u2013 Holy Temple<\/p>\n\n\n\n<p>\u2013 An Teach M\u00f3r Seo (Ays Metz Tun) \u2013 An Teach M\u00f3r Seo<\/p>\n\n\n\n<h3 class=\"wp-block-heading\" id=\"h-5-evidentiality-in-verbs\">5. Fianaise i mBriathra<\/h3>\n\n\n\n<p>Gn\u00e9 uath\u00fail amh\u00e1in de ghramadach na hAirm\u00e9ine is ea \u00fas\u00e1id briathra fianaise. Taispe\u00e1nann an ghn\u00e9 seo foinse eolais chainteora (taith\u00ed phearsanta, \u00e9isteacht, n\u00f3 t\u00e1tal) maidir leis an ngn\u00edomh in abairt. Is f\u00e9idir le haird a thabhairt ar na nuances seo cabhr\u00fa leat comhth\u00e9acs agus soil\u00e9ireacht a shol\u00e1thar i do chomhr\u00e1.<\/p>\n\n\n\n<h3 class=\"wp-block-heading\" id=\"h-6-engaging-with-the-language\">6. Dul i ngleic leis an teanga<\/h3>\n\n\n\n<p>Is \u00e9 an bealach is \u00e9ifeachta\u00ed chun gramadach na hAirm\u00e9ine a thuiscint agus a inmhe\u00e1n\u00fa n\u00e1 idirghn\u00edomh\u00fa go rialta leis an teanga. Tr\u00ed litr\u00edocht na hAirm\u00e9ine a l\u00e9amh, f\u00e9achaint ar scann\u00e1in n\u00f3 sraitheanna teilif\u00edse, agus cumars\u00e1id ghn\u00edomhach a dh\u00e9anamh le cainteoir\u00ed d\u00fachais, treiseoidh t\u00fa do thuiscint ar an ngramadach agus leathn\u00f3idh t\u00fa do st\u00f3r focal ag an am c\u00e9anna.<\/p>\n\n\n\n<h3 class=\"wp-block-heading\" id=\"h-conclusion\">Concl\u00faid<\/h3>\n\n\n\n<p>C\u00e9 go bhf\u00e9adfadh gramadach na hAirm\u00e9ine a bheith casta, cuideoidh dul i ngleic l\u00e9i c\u00e9im ar ch\u00e9im agus cleachtadh go comhsheasmhach leat a bheith inni\u00fail sa teanga \u00e1lainn seo. Glac leis an d\u00fashl\u00e1n agus t\u00fa ag tabhairt faoi d&#8217;eachtra teanga Airm\u00e9inis, agus is gearr go bhfaighidh t\u00fa t\u00fa f\u00e9in ag nasclean\u00faint nuances a ghramada\u00ed le muin\u00edn mh\u00e9adaitheach. Staid\u00e9ar sona, agus bain taitneamh as saibhreas gramada\u00ed na hAirm\u00e9ine a ini\u00fachadh!<\/p>\n<\/div><\/div>\n\r\n<section class=\"learnNavigationSection\">\r\n            \r\n        <a href=\"https:\/\/talkpal.ai\/ga\/foghlaim-airmeinis\/\">\r\n            <div class=\"learnNavigationWrapper\">\r\n                <div class=\"learnNavigationContent\">\r\n                    <img decoding=\"async\" src=\"https:\/\/talkpal.ai\/wp-content\/uploads\/2024\/08\/Armenian.jpg\" alt=\"Armenian Flag\">\r\n                    <div>\r\n                        <h4>Maidir le Foghlaim Airm\u00e9inis<\/h4>\r\n                        <p>Faigh amach gach rud faoi ghramadach na hAirm\u00e9ine.<\/p>\r\n                    <\/div>\r\n                <\/div>\r\n            <\/div>\r\n        <\/a>\r\n\r\n        \r\n        <a href=\"https:\/\/talkpal.ai\/ga\/cleachtai-gramadai-airmeinis\/\">\r\n            <div class=\"learnNavigationWrapper\">\r\n                <div class=\"learnNavigationContent\">\r\n                    <img decoding=\"async\" src=\"https:\/\/talkpal.ai\/wp-content\/uploads\/2024\/08\/Armenian.jpg\" alt=\"Armenian Flag\">\r\n                    <div>\r\n                        <h4>Cleachtadh Gramada\u00ed Airm\u00e9inis<\/h4>\r\n                        <p>Cleachtadh gramadach na hAirm\u00e9ine.<\/p>\r\n                    <\/div>\r\n                <\/div>\r\n            <\/div>\r\n        <\/a>\r\n\r\n        \r\n        <a href=\"https:\/\/talkpal.ai\/vocabulary_language\/armenian\/\">\r\n            <div class=\"learnNavigationWrapper\">\r\n                <div class=\"learnNavigationContent\">\r\n                    <img decoding=\"async\" src=\"https:\/\/talkpal.ai\/wp-content\/uploads\/2024\/08\/Armenian.jpg\" alt=\"Armenian Flag\">\r\n                    <div>\r\n                        <h4>St\u00f3r focal na hAirm\u00e9ine<\/h4>\r\n                        <p>Leathnaigh do st\u00f3r focal Airm\u00e9inis.<\/p>\r\n                    <\/div>\r\n                <\/div>\r\n            <\/div>\r\n        <\/a>\r\n\r\n            <\/section>","protected":false},"excerpt":{"rendered":"<p>Ag f\u00e1il amach saibhreas gramada\u00ed na hAirm\u00e9ine T\u00e1 \u00e1it ar leith ag an Airm\u00e9inis, teanga uath\u00fail agus sp\u00e9isi\u00fail, sa teaghlach Ind-Eorpach. N\u00ed hamh\u00e1in go saibhr\u00edonn foghlaim na hAirm\u00e9ine do repertoire teangeola\u00edoch ach cuireann s\u00e9 ar do chumas tumadh isteach i stair agus i gcult\u00far saibhir na hAirm\u00e9ine. C\u00e9 go bhf\u00e9adfadh gramadach na hAirm\u00e9ine a bheith [&hellip;]<\/p>\n","protected":false},"author":1,"featured_media":1442543,"parent":0,"menu_order":0,"comment_status":"closed","ping_status":"closed","template":"LearningContentPage.php","meta":{"_acf_changed":false,"footnotes":""},"class_list":["post-1444051","page","type-page","status-publish","has-post-thumbnail","hentry"],"acf":[],"yoast_head":"<!-- This site is optimized with the Yoast SEO Premium plugin v27.2 (Yoast SEO v27.2) - https:\/\/yoast.com\/product\/yoast-seo-premium-wordpress\/ -->\n<title>Gramadach na hAirm\u00e9ine - Talkpal<\/title>\n<meta name=\"description\" content=\"D\u00edghlas\u00e1il r\u00fain ghramada\u00ed na hAirm\u00e9ine agus ini\u00fachadh a dh\u00e9anamh ar chult\u00far saibhir na hAirm\u00e9ine agus m\u00e1istreacht a dh\u00e9anamh ar an teanga sp\u00e9isi\u00fail seo.\" \/>\n<meta name=\"robots\" content=\"index, follow, max-snippet:-1, max-image-preview:large, max-video-preview:-1\" \/>\n<link rel=\"canonical\" href=\"https:\/\/talkpal.ai\/ga\/gramadach-na-hairmeine\/\" \/>\n<meta property=\"og:locale\" content=\"ga_IE\" \/>\n<meta property=\"og:type\" content=\"article\" \/>\n<meta property=\"og:title\" content=\"Gramadach na hAirm\u00e9ine\" \/>\n<meta property=\"og:description\" content=\"Ag f\u00e1il amach saibhreas gramada\u00ed na hAirm\u00e9ine T\u00e1 \u00e1it ar leith ag an Airm\u00e9inis, teanga uath\u00fail agus sp\u00e9isi\u00fail, sa teaghlach Ind-Eorpach. N\u00ed hamh\u00e1in go\" \/>\n<meta property=\"og:url\" content=\"https:\/\/talkpal.ai\/ga\/gramadach-na-hairmeine\/\" \/>\n<meta property=\"og:site_name\" content=\"Talkpal\" \/>\n<meta property=\"article:publisher\" content=\"https:\/\/www.facebook.com\/profile.php?id=100090733639311\" \/>\n<meta property=\"article:modified_time\" content=\"2025-09-06T19:21:17+00:00\" \/>\n<meta property=\"og:image\" content=\"https:\/\/talkpal.ai\/wp-content\/uploads\/2023\/05\/armenia.png\" \/>\n\t<meta property=\"og:image:width\" content=\"512\" \/>\n\t<meta property=\"og:image:height\" content=\"512\" \/>\n\t<meta property=\"og:image:type\" content=\"image\/png\" \/>\n<meta name=\"twitter:card\" content=\"summary_large_image\" \/>\n<meta name=\"twitter:site\" content=\"@talkpalai\" \/>\n<meta name=\"twitter:label1\" content=\"Est. reading time\" \/>\n\t<meta name=\"twitter:data1\" content=\"3 minutes\" \/>\n<script type=\"application\/ld+json\" class=\"yoast-schema-graph\">{\"@context\":\"https:\/\/schema.org\",\"@graph\":[{\"@type\":\"WebPage\",\"@id\":\"https:\/\/talkpal.ai\/ga\/gramadach-na-hairmeine\/\",\"url\":\"https:\/\/talkpal.ai\/ga\/gramadach-na-hairmeine\/\",\"name\":\"Gramadach na hAirm\u00e9ine - Talkpal\",\"isPartOf\":{\"@id\":\"https:\/\/talkpal.ai\/ga\/#website\"},\"primaryImageOfPage\":{\"@id\":\"https:\/\/talkpal.ai\/ga\/gramadach-na-hairmeine\/#primaryimage\"},\"image\":{\"@id\":\"https:\/\/talkpal.ai\/ga\/gramadach-na-hairmeine\/#primaryimage\"},\"thumbnailUrl\":\"https:\/\/talkpal.ai\/wp-content\/uploads\/2023\/05\/armenia.png\",\"datePublished\":\"2023-05-14T13:54:14+00:00\",\"dateModified\":\"2025-09-06T19:21:17+00:00\",\"description\":\"D\u00edghlas\u00e1il r\u00fain ghramada\u00ed na hAirm\u00e9ine agus ini\u00fachadh a dh\u00e9anamh ar chult\u00far saibhir na hAirm\u00e9ine agus m\u00e1istreacht a dh\u00e9anamh ar an teanga sp\u00e9isi\u00fail seo.\",\"breadcrumb\":{\"@id\":\"https:\/\/talkpal.ai\/ga\/gramadach-na-hairmeine\/#breadcrumb\"},\"inLanguage\":\"ga-IE\",\"potentialAction\":[{\"@type\":\"ReadAction\",\"target\":[\"https:\/\/talkpal.ai\/ga\/gramadach-na-hairmeine\/\"]}]},{\"@type\":\"ImageObject\",\"inLanguage\":\"ga-IE\",\"@id\":\"https:\/\/talkpal.ai\/ga\/gramadach-na-hairmeine\/#primaryimage\",\"url\":\"https:\/\/talkpal.ai\/wp-content\/uploads\/2023\/05\/armenia.png\",\"contentUrl\":\"https:\/\/talkpal.ai\/wp-content\/uploads\/2023\/05\/armenia.png\",\"width\":512,\"height\":512,\"caption\":\"TalkPal Armenia Flag\"},{\"@type\":\"BreadcrumbList\",\"@id\":\"https:\/\/talkpal.ai\/ga\/gramadach-na-hairmeine\/#breadcrumb\",\"itemListElement\":[{\"@type\":\"ListItem\",\"position\":1,\"name\":\"Homepage\",\"item\":\"https:\/\/talkpal.ai\/ga\/\"},{\"@type\":\"ListItem\",\"position\":2,\"name\":\"Gramadach na hAirm\u00e9ine\"}]},{\"@type\":\"WebSite\",\"@id\":\"https:\/\/talkpal.ai\/ga\/#website\",\"url\":\"https:\/\/talkpal.ai\/ga\/\",\"name\":\"Talkpal\",\"description\":\"AI Language Learning\",\"publisher\":{\"@id\":\"https:\/\/talkpal.ai\/ga\/#organization\"},\"alternateName\":\"Talkpal AI\",\"potentialAction\":[{\"@type\":\"SearchAction\",\"target\":{\"@type\":\"EntryPoint\",\"urlTemplate\":\"https:\/\/talkpal.ai\/ga\/?s={search_term_string}\"},\"query-input\":{\"@type\":\"PropertyValueSpecification\",\"valueRequired\":true,\"valueName\":\"search_term_string\"}}],\"inLanguage\":\"ga-IE\"},{\"@type\":\"Organization\",\"@id\":\"https:\/\/talkpal.ai\/ga\/#organization\",\"name\":\"Talkpal, Inc.\",\"alternateName\":\"Talkpal AI\",\"url\":\"https:\/\/talkpal.ai\/ga\/\",\"logo\":{\"@type\":\"ImageObject\",\"inLanguage\":\"ga-IE\",\"@id\":\"https:\/\/talkpal.ai\/ga\/#\/schema\/logo\/image\/\",\"url\":\"https:\/\/talkpal.ai\/wp-content\/uploads\/2024\/03\/Talkpal-Logo-Icon.png\",\"contentUrl\":\"https:\/\/talkpal.ai\/wp-content\/uploads\/2024\/03\/Talkpal-Logo-Icon.png\",\"width\":2880,\"height\":2880,\"caption\":\"Talkpal, Inc.\"},\"image\":{\"@id\":\"https:\/\/talkpal.ai\/ga\/#\/schema\/logo\/image\/\"},\"sameAs\":[\"https:\/\/www.facebook.com\/profile.php?id=100090733639311\",\"https:\/\/x.com\/talkpalai\",\"https:\/\/www.linkedin.com\/company\/talkpal\/\",\"https:\/\/www.youtube.com\/@TalkPal\/\",\"https:\/\/www.tiktok.com\/@talkpal\",\"https:\/\/www.instagram.com\/talkpal_ai\/\",\"https:\/\/www.crunchbase.com\/organization\/talkpal-9cde\",\"https:\/\/www.g2.com\/products\/talkpal-for-business\/\",\"https:\/\/www.trustpilot.com\/review\/talkpal.ai\",\"https:\/\/www.capterra.com\/p\/10006800\/TalkPal\/\"],\"description\":\"Talkpal is a language learning web and mobile education app, powered by the latest AI technologies, that provides engaging experiences to its customers in many different languages to help them improve their language skills. Users can chat about unlimited amount of topics with the app and use other modes to practice their language learning.\",\"email\":\"support@talkpal.ai\",\"legalName\":\"Talkpal, Inc.\",\"foundingDate\":\"2023-04-03\",\"duns\":\"118989042\",\"numberOfEmployees\":{\"@type\":\"QuantitativeValue\",\"minValue\":\"11\",\"maxValue\":\"50\"},\"publishingPrinciples\":\"https:\/\/talkpal.ai\/publishing-principles\/\",\"actionableFeedbackPolicy\":\"https:\/\/talkpal.ai\/actionable-feedback-policy\/\",\"correctionsPolicy\":\"https:\/\/talkpal.ai\/corrections-policy\/\",\"ethicsPolicy\":\"https:\/\/talkpal.ai\/ethics-policy\/\",\"diversityPolicy\":\"https:\/\/talkpal.ai\/diversity-policy\/\",\"diversityStaffingReport\":\"https:\/\/talkpal.ai\/diversity-policy\/\"}]}<\/script>\n<!-- \/ Yoast SEO Premium plugin. -->","yoast_head_json":{"title":"Gramadach na hAirm\u00e9ine - Talkpal","description":"D\u00edghlas\u00e1il r\u00fain ghramada\u00ed na hAirm\u00e9ine agus ini\u00fachadh a dh\u00e9anamh ar chult\u00far saibhir na hAirm\u00e9ine agus m\u00e1istreacht a dh\u00e9anamh ar an teanga sp\u00e9isi\u00fail seo.","robots":{"index":"index","follow":"follow","max-snippet":"max-snippet:-1","max-image-preview":"max-image-preview:large","max-video-preview":"max-video-preview:-1"},"canonical":"https:\/\/talkpal.ai\/ga\/gramadach-na-hairmeine\/","og_locale":"ga_IE","og_type":"article","og_title":"Gramadach na hAirm\u00e9ine","og_description":"Ag f\u00e1il amach saibhreas gramada\u00ed na hAirm\u00e9ine T\u00e1 \u00e1it ar leith ag an Airm\u00e9inis, teanga uath\u00fail agus sp\u00e9isi\u00fail, sa teaghlach Ind-Eorpach. N\u00ed hamh\u00e1in go","og_url":"https:\/\/talkpal.ai\/ga\/gramadach-na-hairmeine\/","og_site_name":"Talkpal","article_publisher":"https:\/\/www.facebook.com\/profile.php?id=100090733639311","article_modified_time":"2025-09-06T19:21:17+00:00","og_image":[{"width":512,"height":512,"url":"https:\/\/talkpal.ai\/wp-content\/uploads\/2023\/05\/armenia.png","type":"image\/png"}],"twitter_card":"summary_large_image","twitter_site":"@talkpalai","twitter_misc":{"Est. reading time":"3 minutes"},"schema":{"@context":"https:\/\/schema.org","@graph":[{"@type":"WebPage","@id":"https:\/\/talkpal.ai\/ga\/gramadach-na-hairmeine\/","url":"https:\/\/talkpal.ai\/ga\/gramadach-na-hairmeine\/","name":"Gramadach na hAirm\u00e9ine - Talkpal","isPartOf":{"@id":"https:\/\/talkpal.ai\/ga\/#website"},"primaryImageOfPage":{"@id":"https:\/\/talkpal.ai\/ga\/gramadach-na-hairmeine\/#primaryimage"},"image":{"@id":"https:\/\/talkpal.ai\/ga\/gramadach-na-hairmeine\/#primaryimage"},"thumbnailUrl":"https:\/\/talkpal.ai\/wp-content\/uploads\/2023\/05\/armenia.png","datePublished":"2023-05-14T13:54:14+00:00","dateModified":"2025-09-06T19:21:17+00:00","description":"D\u00edghlas\u00e1il r\u00fain ghramada\u00ed na hAirm\u00e9ine agus ini\u00fachadh a dh\u00e9anamh ar chult\u00far saibhir na hAirm\u00e9ine agus m\u00e1istreacht a dh\u00e9anamh ar an teanga sp\u00e9isi\u00fail seo.","breadcrumb":{"@id":"https:\/\/talkpal.ai\/ga\/gramadach-na-hairmeine\/#breadcrumb"},"inLanguage":"ga-IE","potentialAction":[{"@type":"ReadAction","target":["https:\/\/talkpal.ai\/ga\/gramadach-na-hairmeine\/"]}]},{"@type":"ImageObject","inLanguage":"ga-IE","@id":"https:\/\/talkpal.ai\/ga\/gramadach-na-hairmeine\/#primaryimage","url":"https:\/\/talkpal.ai\/wp-content\/uploads\/2023\/05\/armenia.png","contentUrl":"https:\/\/talkpal.ai\/wp-content\/uploads\/2023\/05\/armenia.png","width":512,"height":512,"caption":"TalkPal Armenia Flag"},{"@type":"BreadcrumbList","@id":"https:\/\/talkpal.ai\/ga\/gramadach-na-hairmeine\/#breadcrumb","itemListElement":[{"@type":"ListItem","position":1,"name":"Homepage","item":"https:\/\/talkpal.ai\/ga\/"},{"@type":"ListItem","position":2,"name":"Gramadach na hAirm\u00e9ine"}]},{"@type":"WebSite","@id":"https:\/\/talkpal.ai\/ga\/#website","url":"https:\/\/talkpal.ai\/ga\/","name":"Talkpal","description":"AI Language Learning","publisher":{"@id":"https:\/\/talkpal.ai\/ga\/#organization"},"alternateName":"Talkpal AI","potentialAction":[{"@type":"SearchAction","target":{"@type":"EntryPoint","urlTemplate":"https:\/\/talkpal.ai\/ga\/?s={search_term_string}"},"query-input":{"@type":"PropertyValueSpecification","valueRequired":true,"valueName":"search_term_string"}}],"inLanguage":"ga-IE"},{"@type":"Organization","@id":"https:\/\/talkpal.ai\/ga\/#organization","name":"Talkpal, Inc.","alternateName":"Talkpal AI","url":"https:\/\/talkpal.ai\/ga\/","logo":{"@type":"ImageObject","inLanguage":"ga-IE","@id":"https:\/\/talkpal.ai\/ga\/#\/schema\/logo\/image\/","url":"https:\/\/talkpal.ai\/wp-content\/uploads\/2024\/03\/Talkpal-Logo-Icon.png","contentUrl":"https:\/\/talkpal.ai\/wp-content\/uploads\/2024\/03\/Talkpal-Logo-Icon.png","width":2880,"height":2880,"caption":"Talkpal, Inc."},"image":{"@id":"https:\/\/talkpal.ai\/ga\/#\/schema\/logo\/image\/"},"sameAs":["https:\/\/www.facebook.com\/profile.php?id=100090733639311","https:\/\/x.com\/talkpalai","https:\/\/www.linkedin.com\/company\/talkpal\/","https:\/\/www.youtube.com\/@TalkPal\/","https:\/\/www.tiktok.com\/@talkpal","https:\/\/www.instagram.com\/talkpal_ai\/","https:\/\/www.crunchbase.com\/organization\/talkpal-9cde","https:\/\/www.g2.com\/products\/talkpal-for-business\/","https:\/\/www.trustpilot.com\/review\/talkpal.ai","https:\/\/www.capterra.com\/p\/10006800\/TalkPal\/"],"description":"Talkpal is a language learning web and mobile education app, powered by the latest AI technologies, that provides engaging experiences to its customers in many different languages to help them improve their language skills. Users can chat about unlimited amount of topics with the app and use other modes to practice their language learning.","email":"support@talkpal.ai","legalName":"Talkpal, Inc.","foundingDate":"2023-04-03","duns":"118989042","numberOfEmployees":{"@type":"QuantitativeValue","minValue":"11","maxValue":"50"},"publishingPrinciples":"https:\/\/talkpal.ai\/publishing-principles\/","actionableFeedbackPolicy":"https:\/\/talkpal.ai\/actionable-feedback-policy\/","correctionsPolicy":"https:\/\/talkpal.ai\/corrections-policy\/","ethicsPolicy":"https:\/\/talkpal.ai\/ethics-policy\/","diversityPolicy":"https:\/\/talkpal.ai\/diversity-policy\/","diversityStaffingReport":"https:\/\/talkpal.ai\/diversity-policy\/"}]}},"_links":{"self":[{"href":"https:\/\/talkpal.ai\/ga\/wp-json\/wp\/v2\/pages\/1444051","targetHints":{"allow":["GET"]}}],"collection":[{"href":"https:\/\/talkpal.ai\/ga\/wp-json\/wp\/v2\/pages"}],"about":[{"href":"https:\/\/talkpal.ai\/ga\/wp-json\/wp\/v2\/types\/page"}],"author":[{"embeddable":true,"href":"https:\/\/talkpal.ai\/ga\/wp-json\/wp\/v2\/users\/1"}],"replies":[{"embeddable":true,"href":"https:\/\/talkpal.ai\/ga\/wp-json\/wp\/v2\/comments?post=1444051"}],"version-history":[{"count":0,"href":"https:\/\/talkpal.ai\/ga\/wp-json\/wp\/v2\/pages\/1444051\/revisions"}],"wp:featuredmedia":[{"embeddable":true,"href":"https:\/\/talkpal.ai\/ga\/wp-json\/wp\/v2\/media\/1442543"}],"wp:attachment":[{"href":"https:\/\/talkpal.ai\/ga\/wp-json\/wp\/v2\/media?parent=1444051"}],"curies":[{"name":"wp","href":"https:\/\/api.w.org\/{rel}","templated":true}]}}