{"id":1444047,"date":"2023-05-14T13:53:48","date_gmt":"2023-05-14T13:53:48","guid":{"rendered":"https:\/\/talkpal.ai\/gramadach-na-hasarbaiseaine\/"},"modified":"2025-09-06T19:21:16","modified_gmt":"2025-09-06T19:21:16","slug":"gramadach-na-hasarbaiseaine","status":"publish","type":"page","link":"https:\/\/talkpal.ai\/ga\/gramadach-na-hasarbaiseaine\/","title":{"rendered":"Gramadach na hAsarbaise\u00e1ine"},"content":{"rendered":"\r\n\r\n\r\n<section class=\"languageChallengeSection\">\r\n    <div class=\"languageInfoWrapper\">\r\n        \r\n        <h1>Gramadach na hAsarbaise\u00e1ine<\/h1>\r\n        <p>R\u00e9idh chun \u00e1illeacht na teanga <a href=\"https:\/\/talkpal.ai\/learn-azerbaijani\/\">Asarbaise\u00e1inis<\/a> a dh\u00edghlas\u00e1il? L\u00e9im isteach i ngramadach na hAsarbaise\u00e1ine agus faigh amach a strucht\u00far uath\u00fail, \u00f3 chomhchuibheas guta go foirmeacha briathar l\u00e9irithe. Tosaigh ag foghlaim inniu, agus taith\u00ed a fh\u00e1il ar an gcaoi a n-oscla\u00edonn m\u00e1istreacht gramada\u00ed do chos\u00e1n chuig comhr\u00e1 l\u00edofa agus tuiscint n\u00edos doimhne ar chult\u00far na hAsarbaise\u00e1ine!<\/p>\r\n\r\n                            <a class=\"getStartedHidden\" href=\"https:\/\/app.talkpal.ai\/signup?lng=\">Tosaigh<\/a>\r\n        \r\n    <\/div>\r\n\r\n    <figure>\r\n    <img decoding=\"async\" width=\"768\" height=\"768\" src=\"https:\/\/talkpal.ai\/wp-content\/uploads\/2023\/06\/azerbaijani-768x768.png\" class=\"languageImage no-lazy\" alt=\"Language learning for enhanced cognitive skills\" fetchpriority=\"high\" sizes=\"(max-width: 768px) 150px, 768px\" srcset=\"https:\/\/talkpal.ai\/wp-content\/uploads\/2023\/06\/azerbaijani-768x768.png 768w, https:\/\/talkpal.ai\/wp-content\/uploads\/2023\/06\/azerbaijani-300x300.png 300w\" \/>\r\n    \r\n\r\n    <\/figure>\r\n\r\n            <a class=\"getStartedVisible\" href=\"https:\/\/app.talkpal.ai\/signup?lng=\">Tosaigh<\/a>\r\n    \r\n<\/section>\r\n<section class=\"promotionalBanner\">\r\n    <p class=\"promotionalText\">An bealach is \u00e9ifeachta\u00ed le teanga a fhoghlaim<\/p>\r\n    <a class=\"promotionalLink\" href=\"https:\/\/app.talkpal.ai\/signup?lng=\">Bain triail as Talkpal saor in aisce<\/a>\r\n<\/section>\n<div class=\"wp-block-group pageContainerStyle\"><div class=\"wp-block-group__inner-container is-layout-constrained wp-block-group-is-layout-constrained\">\n<h2 class=\"wp-block-heading\" id=\"h-a-comprehensive-guide-to-azerbaijani-grammar\">Treoir Chuimsitheach ar Ghramadach na hAsarbaise\u00e1ine<\/h2>\n\n\n\n<p>Ar smaoinigh t\u00fa riamh ar Asarbaise\u00e1inis a fhoghlaim? Mar theanga oifigi\u00fail na hAsarbaise\u00e1ine agus \u00e1 labhairt ag na milli\u00fain daoine i r\u00e9igi\u00fan an Chugais, is teanga uath\u00fail agus sp\u00e9isi\u00fail \u00ed an Asarbaise\u00e1inis. Le stair shaibhir, cult\u00far \u00e9ags\u00fail, agus measc\u00e1n de thionchar \u00f3 theangacha <a href=\"https:\/\/talkpal.ai\/learn-turkish\/\">Tuircis<\/a>, <a href=\"https:\/\/talkpal.ai\/learn-russian\/\">R\u00faisis<\/a> agus <a href=\"https:\/\/talkpal.ai\/learn-persian\/\">Peirsis<\/a>, sol\u00e1thra\u00edonn an Asarbaise\u00e1inis eisp\u00e9ireas teanga uath\u00fail. Ach n\u00e1 b\u00edodh eagla ort, a chara! San alt seo, nochtfaimid iontais ghramada\u00ed na hAsarbaise\u00e1inise, rud a fh\u00e1gann go bhfuil s\u00e9 inrochtana, agus leomh m\u00e9 a r\u00e1, taitneamhach do dh\u00edograiseoir\u00ed teanga cos\u00fail leatsa.<\/p>\n\n\n\n<p><strong>Tosa\u00edmid, an bhfuil?<\/strong><\/p>\n\n\n\n<h3 class=\"wp-block-heading\" id=\"h-1-the-azerbaijani-alphabet-a-fusion-of-beauty-and-simplicity\">1. Aib\u00edtir na hAsarbaise\u00e1ine: Comhle\u00e1 \u00c1illeacht agus Simpl\u00edochta<\/h3>\n\n\n\n<p>T\u00e1 aib\u00edtir na hAsarbaise\u00e1ine bunaithe ar an script Laidine, comhdh\u00e9anta de 32 litir. N\u00e1 b\u00edodh imn\u00ed ort, n\u00ed bheidh ort carachtair chripteacha a dh\u00edchripti\u00fa, mar t\u00e1 s\u00e9 an-chos\u00fail leis an aib\u00edtir Bh\u00e9arla. T\u00e1 accents uath\u00fala agus marcanna diacritici\u00fala ag roinnt litreacha, \u00e1fach, chun fuaimeanna sonracha Asarbaise\u00e1inis a l\u00e9iri\u00fa. Cad \u00e9 an pr\u00edomh-takeaway? Is \u00e9 m\u00e1istreacht na haib\u00edtir an ch\u00e9ad ch\u00e9im bheag ach riachtanach chun an teanga a fhoghlaim.<\/p>\n\n\n\n<h3 class=\"wp-block-heading\" id=\"h-2-word-order-simple-as-s-o-v\">2. Ord\u00fa Focal: Simpl\u00ed mar S-O-V!<\/h3>\n\n\n\n<p>Murab ionann agus an <a href=\"https:\/\/talkpal.ai\/learn-english-with-ai\/\">B\u00e9arla<\/a>, a leanann ord focal \u00e1bhar-briathar-r\u00e9ad (SVO), is teanga SOV \u00ed an Asarbaise\u00e1inis. Cialla\u00edonn s\u00e9 sin go bhfaighidh t\u00fa an t-\u00e1bhar de ghn\u00e1th ag t\u00fas abairte, agus an r\u00e9ad ina dhiaidh sin, agus ag cr\u00edochn\u00fa leis an mbriathar. D&#8217;fh\u00e9adfadh s\u00e9 seo a bheith beag\u00e1in\u00edn aisteach ar dt\u00fas, ach creid dom, gheobhaidh t\u00fa an crochadh air in am ar bith! Mar shampla, i mB\u00e9arla, deirimid &#8220;Is bre\u00e1 liom an Asarbaise\u00e1in&#8221;. San Asarbaise\u00e1inis, bheadh an abairt &#8220;M\u0259n Az\u0259rbaycan\u0131 sevir\u0259m&#8221; (go litri\u00fail, &#8220;Is bre\u00e1 liom an Asarbaise\u00e1in&#8221;). P\u00edosa c\u00edste, ceart?<\/p>\n\n\n\n<h3 class=\"wp-block-heading\" id=\"h-3-noun-cases-a-colorful-display-of-linguistic-variety\">3. C\u00e1sanna Ainmfhocail: Taispe\u00e1ntas Ildaite d&#8217;\u00c9ags\u00falacht Teangeola\u00edoch<\/h3>\n\n\n\n<p>Ceann de na gn\u00e9ithe is suntasa\u00ed de ghramadach na hAsarbaise\u00e1ine is ea a ch\u00e1sanna ainmfhocail. T\u00e1 s\u00e9 ch\u00e1s ar <a href=\"https:\/\/talkpal.ai\/locations\/language-courses-in-leith\/\">leith<\/a> sa teanga, gach ceann acu ag freastal ar fheidhm ar leith. Is iad seo: nominative, genitive, dative, accusative, locative, and ablative. Anois, d&#8217;fh\u00e9adfadh s\u00e9 sin a bheith imeaglaithe, ach n\u00e1 b\u00edodh eagla ort! D\u00edreach cos\u00fail le picti\u00far a ph\u00e9inte\u00e1il le dathanna \u00e9ags\u00fala, cuireann na c\u00e1sanna seo doimhneacht agus br\u00ed le d&#8217;abairt\u00ed. Mar shampla, is f\u00e9idir le &#8220;kitab&#8221; (leabhar) a chlaochl\u00fa go &#8220;kitab\u0131n&#8221; (den leabhar) chun seilbh a <a href=\"https:\/\/talkpal.ai\/locations\/language-courses-in-chur\/\">chur<\/a> in i\u00fal. De r\u00e9ir mar a th\u00e9ann t\u00fa i dtaith\u00ed ar na c\u00e1sanna seo de r\u00e9ir a ch\u00e9ile, tos\u00f3idh t\u00fa ag tuiscint a dt\u00e1bhacht sa teanga.<\/p>\n\n\n\n<h3 class=\"wp-block-heading\" id=\"h-4-verb-conjugation-express-yourself-with-ease\">4. Conjugation Briathrach: Cuir in i\u00fal t\u00fa f\u00e9in go h\u00e9asca<\/h3>\n\n\n\n<p>T\u00e1 briathra Asarbaise\u00e1inis saibhir agus l\u00e9iritheach, rud a ligeann duit raon leathan gn\u00edomhartha, moth\u00fach\u00e1n, intinn, agus go leor eile a chur in i\u00fal. Is \u00e9 an eochair chun m\u00e1istreacht a dh\u00e9anamh ar chomhchuingi\u00fa briathar Asarbaise\u00e1inis n\u00e1 tuiscint a fh\u00e1il ar an bhfoirm infinitive (an fhoirm bhun\u00fasach, neamhchomhchuingithe den bhriathar) agus iarmh\u00edreanna \u00e9ags\u00fala a l\u00e9ir\u00edonn aimsir, duine, agus uimhir. Mar shampla, is f\u00e9idir leis an infinitive &#8220;g\u00f6rm\u0259k&#8221; (a fheice\u00e1il) a bheith ina &#8220;g\u00f6r\u00fcr\u0259m&#8221; (feicim) n\u00f3 &#8220;g\u00f6rd\u00fcm&#8221; (chonaic m\u00e9) tr\u00ed dhra\u00edocht an chomhchuingithe. D\u00e9anann cleachtas foirfe, mar sin coinnigh air agus beidh t\u00fa ina whiz conjugation briathar in am ar bith!<\/p>\n\n\n\n<h3 class=\"wp-block-heading\" id=\"h-5-it-s-all-about-the-context-dig-deep-into-the-azerbaijani-mindset\">5. T\u00e1 s\u00e9 ar fad faoin gcomhth\u00e9acs: Tochailt go domhain isteach i meon na hAsarbaise\u00e1inise!<\/h3>\n\n\n\n<p>Agus t\u00fa ag tos\u00fa ag cur abairt\u00ed le ch\u00e9ile agus ag tumadh t\u00fa f\u00e9in i dteanga na hAsarbaise\u00e1inise, coinnigh i gcuimhne i gc\u00f3na\u00ed go bhfuil an comhth\u00e9acs r\u00edth\u00e1bhachtach. T\u00e1 r\u00f3l m\u00f3r ag cult\u00far, stair agus dearcadh an domhain Asarbaise\u00e1inis i m\u00fanl\u00fa na teanga. D\u00e1 bhr\u00ed sin, mar a deir siad, &#8220;nuair a bh\u00edonn t\u00fa sa R\u00f3imh, d\u00e9an mar a dh\u00e9anann na R\u00f3mh\u00e1naigh.&#8221; L\u00e9im isteach i meon na hAsarbaise\u00e1ine chun tuiscint cheart a fh\u00e1il ar an teanga. T\u00e9igh i dteagmh\u00e1il le cainteoir\u00ed d\u00fachais, d\u00e9an ini\u00fachadh ar litr\u00edocht \u00e1iti\u00fail, agus glac le idiosyncrasies na teanga. Iontaobhas dom, n\u00ed hamh\u00e1in go bhfeabhs\u00f3idh t\u00fa d&#8217;inni\u00falacht teanga, ach gheobhaidh t\u00fa eisp\u00e9iris agus cuimhn\u00ed cinn gan chuimhneamh freisin.<\/p>\n\n\n\n<p>Mar fhocal scoir, d&#8217;fh\u00e9adfadh gramadach na hAsarbaise\u00e1ine a bheith d\u00fashl\u00e1nach ar dt\u00fas, ach le d\u00fathracht, cleachtadh, agus sp\u00e9is mh\u00f3r sa chult\u00far, beidh t\u00fa i do pro in am ar bith! Mar sin, c\u00e9n f\u00e1th fanacht? T\u00f3g an plunge agus t\u00e9igh ar an eachtra spreag\u00fail teanga seo a fh\u00e1gfaidh iontas ort faoi \u00e1illeacht agus doimhneacht na teanga Asarbaise\u00e1inise.<\/p>\n<\/div><\/div>\n\r\n<section class=\"learnNavigationSection\">\r\n            \r\n        <a href=\"https:\/\/talkpal.ai\/ga\/foghlaim-asarbaiseainis\/\">\r\n            <div class=\"learnNavigationWrapper\">\r\n                <div class=\"learnNavigationContent\">\r\n                    <img decoding=\"async\" src=\"https:\/\/talkpal.ai\/wp-content\/uploads\/2024\/08\/Azerbaijani.jpg\" alt=\"Azerbaijani Flag\">\r\n                    <div>\r\n                        <h4>Maidir le Foghlaim na hAsarbaise\u00e1ine<\/h4>\r\n                        <p>Faigh amach gach rud faoi ghramadach na hAsarbaise\u00e1inise.<\/p>\r\n                    <\/div>\r\n                <\/div>\r\n            <\/div>\r\n        <\/a>\r\n\r\n        \r\n        <a href=\"https:\/\/talkpal.ai\/ga\/cleachtai-gramadai-na-hasarbaiseaine\/\">\r\n            <div class=\"learnNavigationWrapper\">\r\n                <div class=\"learnNavigationContent\">\r\n                    <img decoding=\"async\" src=\"https:\/\/talkpal.ai\/wp-content\/uploads\/2024\/08\/Azerbaijani.jpg\" alt=\"Azerbaijani Flag\">\r\n                    <div>\r\n                        <h4>Cleachtadh Gramada\u00ed na hAsarbaise\u00e1ine<\/h4>\r\n                        <p>Cleachtadh gramadach Asarbaise\u00e1inis.<\/p>\r\n                    <\/div>\r\n                <\/div>\r\n            <\/div>\r\n        <\/a>\r\n\r\n        \r\n        <a href=\"https:\/\/talkpal.ai\/vocabulary_language\/azerbaijani\/\">\r\n            <div class=\"learnNavigationWrapper\">\r\n                <div class=\"learnNavigationContent\">\r\n                    <img decoding=\"async\" src=\"https:\/\/talkpal.ai\/wp-content\/uploads\/2024\/08\/Azerbaijani.jpg\" alt=\"Azerbaijani Flag\">\r\n                    <div>\r\n                        <h4>St\u00f3r Focal na hAsarbaise\u00e1ine<\/h4>\r\n                        <p>Leathnaigh do st\u00f3r focal Asarbaise\u00e1inis.<\/p>\r\n                    <\/div>\r\n                <\/div>\r\n            <\/div>\r\n        <\/a>\r\n\r\n            <\/section>","protected":false},"excerpt":{"rendered":"<p>Treoir Chuimsitheach ar Ghramadach na hAsarbaise\u00e1ine Ar smaoinigh t\u00fa riamh ar Asarbaise\u00e1inis a fhoghlaim? Mar theanga oifigi\u00fail na hAsarbaise\u00e1ine agus \u00e1 labhairt ag na milli\u00fain daoine i r\u00e9igi\u00fan an Chugais, is teanga uath\u00fail agus sp\u00e9isi\u00fail \u00ed an Asarbaise\u00e1inis. Le stair shaibhir, cult\u00far \u00e9ags\u00fail, agus measc\u00e1n de thionchar \u00f3 theangacha Tuircis, R\u00faisis agus Peirsis, sol\u00e1thra\u00edonn an [&hellip;]<\/p>\n","protected":false},"author":1,"featured_media":1442537,"parent":0,"menu_order":0,"comment_status":"closed","ping_status":"closed","template":"LearningContentPage.php","meta":{"_acf_changed":false,"footnotes":""},"class_list":["post-1444047","page","type-page","status-publish","has-post-thumbnail","hentry"],"acf":[],"yoast_head":"<!-- This site is optimized with the Yoast SEO Premium plugin v27.2 (Yoast SEO v27.2) - https:\/\/yoast.com\/product\/yoast-seo-premium-wordpress\/ -->\n<title>Gramadach na hAsarbaise\u00e1ine - Talkpal<\/title>\n<meta name=\"description\" content=\"M\u00e1istir Gramadach na hAsarbaise\u00e1ine gan str\u00f3 le TalkPal, do theagasc\u00f3ir faoi thiom\u00e1int AI. Faigh amach m\u00ednithe \u00e9asca, cleachta\u00ed idirghn\u00edomhacha, agus leideanna praitici\u00fala\" \/>\n<meta name=\"robots\" content=\"index, follow, max-snippet:-1, max-image-preview:large, max-video-preview:-1\" \/>\n<link rel=\"canonical\" href=\"https:\/\/talkpal.ai\/ga\/gramadach-na-hasarbaiseaine\/\" \/>\n<meta property=\"og:locale\" content=\"ga_IE\" \/>\n<meta property=\"og:type\" content=\"article\" \/>\n<meta property=\"og:title\" content=\"Gramadach na hAsarbaise\u00e1ine\" \/>\n<meta property=\"og:description\" content=\"Treoir Chuimsitheach ar Ghramadach na hAsarbaise\u00e1ine Ar smaoinigh t\u00fa riamh ar Asarbaise\u00e1inis a fhoghlaim? Mar theanga oifigi\u00fail na hAsarbaise\u00e1ine agus \u00e1\" \/>\n<meta property=\"og:url\" content=\"https:\/\/talkpal.ai\/ga\/gramadach-na-hasarbaiseaine\/\" \/>\n<meta property=\"og:site_name\" content=\"Talkpal\" \/>\n<meta property=\"article:publisher\" content=\"https:\/\/www.facebook.com\/profile.php?id=100090733639311\" \/>\n<meta property=\"article:modified_time\" content=\"2025-09-06T19:21:16+00:00\" \/>\n<meta property=\"og:image\" content=\"https:\/\/talkpal.ai\/wp-content\/uploads\/2023\/05\/azerbaijan.png\" \/>\n\t<meta property=\"og:image:width\" content=\"512\" \/>\n\t<meta property=\"og:image:height\" content=\"512\" \/>\n\t<meta property=\"og:image:type\" content=\"image\/png\" \/>\n<meta name=\"twitter:card\" content=\"summary_large_image\" \/>\n<meta name=\"twitter:site\" content=\"@talkpalai\" \/>\n<meta name=\"twitter:label1\" content=\"Est. reading time\" \/>\n\t<meta name=\"twitter:data1\" content=\"4 minutes\" \/>\n<script type=\"application\/ld+json\" class=\"yoast-schema-graph\">{\"@context\":\"https:\/\/schema.org\",\"@graph\":[{\"@type\":\"WebPage\",\"@id\":\"https:\/\/talkpal.ai\/ga\/gramadach-na-hasarbaiseaine\/\",\"url\":\"https:\/\/talkpal.ai\/ga\/gramadach-na-hasarbaiseaine\/\",\"name\":\"Gramadach na hAsarbaise\u00e1ine - Talkpal\",\"isPartOf\":{\"@id\":\"https:\/\/talkpal.ai\/ga\/#website\"},\"primaryImageOfPage\":{\"@id\":\"https:\/\/talkpal.ai\/ga\/gramadach-na-hasarbaiseaine\/#primaryimage\"},\"image\":{\"@id\":\"https:\/\/talkpal.ai\/ga\/gramadach-na-hasarbaiseaine\/#primaryimage\"},\"thumbnailUrl\":\"https:\/\/talkpal.ai\/wp-content\/uploads\/2023\/05\/azerbaijan.png\",\"datePublished\":\"2023-05-14T13:53:48+00:00\",\"dateModified\":\"2025-09-06T19:21:16+00:00\",\"description\":\"M\u00e1istir Gramadach na hAsarbaise\u00e1ine gan str\u00f3 le TalkPal, do theagasc\u00f3ir faoi thiom\u00e1int AI. Faigh amach m\u00ednithe \u00e9asca, cleachta\u00ed idirghn\u00edomhacha, agus leideanna praitici\u00fala\",\"breadcrumb\":{\"@id\":\"https:\/\/talkpal.ai\/ga\/gramadach-na-hasarbaiseaine\/#breadcrumb\"},\"inLanguage\":\"ga-IE\",\"potentialAction\":[{\"@type\":\"ReadAction\",\"target\":[\"https:\/\/talkpal.ai\/ga\/gramadach-na-hasarbaiseaine\/\"]}]},{\"@type\":\"ImageObject\",\"inLanguage\":\"ga-IE\",\"@id\":\"https:\/\/talkpal.ai\/ga\/gramadach-na-hasarbaiseaine\/#primaryimage\",\"url\":\"https:\/\/talkpal.ai\/wp-content\/uploads\/2023\/05\/azerbaijan.png\",\"contentUrl\":\"https:\/\/talkpal.ai\/wp-content\/uploads\/2023\/05\/azerbaijan.png\",\"width\":512,\"height\":512,\"caption\":\"TalkPal Azerbaijan Flag\"},{\"@type\":\"BreadcrumbList\",\"@id\":\"https:\/\/talkpal.ai\/ga\/gramadach-na-hasarbaiseaine\/#breadcrumb\",\"itemListElement\":[{\"@type\":\"ListItem\",\"position\":1,\"name\":\"Homepage\",\"item\":\"https:\/\/talkpal.ai\/ga\/\"},{\"@type\":\"ListItem\",\"position\":2,\"name\":\"Gramadach na hAsarbaise\u00e1ine\"}]},{\"@type\":\"WebSite\",\"@id\":\"https:\/\/talkpal.ai\/ga\/#website\",\"url\":\"https:\/\/talkpal.ai\/ga\/\",\"name\":\"Talkpal\",\"description\":\"AI Language Learning\",\"publisher\":{\"@id\":\"https:\/\/talkpal.ai\/ga\/#organization\"},\"alternateName\":\"Talkpal AI\",\"potentialAction\":[{\"@type\":\"SearchAction\",\"target\":{\"@type\":\"EntryPoint\",\"urlTemplate\":\"https:\/\/talkpal.ai\/ga\/?s={search_term_string}\"},\"query-input\":{\"@type\":\"PropertyValueSpecification\",\"valueRequired\":true,\"valueName\":\"search_term_string\"}}],\"inLanguage\":\"ga-IE\"},{\"@type\":\"Organization\",\"@id\":\"https:\/\/talkpal.ai\/ga\/#organization\",\"name\":\"Talkpal, Inc.\",\"alternateName\":\"Talkpal AI\",\"url\":\"https:\/\/talkpal.ai\/ga\/\",\"logo\":{\"@type\":\"ImageObject\",\"inLanguage\":\"ga-IE\",\"@id\":\"https:\/\/talkpal.ai\/ga\/#\/schema\/logo\/image\/\",\"url\":\"https:\/\/talkpal.ai\/wp-content\/uploads\/2024\/03\/Talkpal-Logo-Icon.png\",\"contentUrl\":\"https:\/\/talkpal.ai\/wp-content\/uploads\/2024\/03\/Talkpal-Logo-Icon.png\",\"width\":2880,\"height\":2880,\"caption\":\"Talkpal, Inc.\"},\"image\":{\"@id\":\"https:\/\/talkpal.ai\/ga\/#\/schema\/logo\/image\/\"},\"sameAs\":[\"https:\/\/www.facebook.com\/profile.php?id=100090733639311\",\"https:\/\/x.com\/talkpalai\",\"https:\/\/www.linkedin.com\/company\/talkpal\/\",\"https:\/\/www.youtube.com\/@TalkPal\/\",\"https:\/\/www.tiktok.com\/@talkpal\",\"https:\/\/www.instagram.com\/talkpal_ai\/\",\"https:\/\/www.crunchbase.com\/organization\/talkpal-9cde\",\"https:\/\/www.g2.com\/products\/talkpal-for-business\/\",\"https:\/\/www.trustpilot.com\/review\/talkpal.ai\",\"https:\/\/www.capterra.com\/p\/10006800\/TalkPal\/\"],\"description\":\"Talkpal is a language learning web and mobile education app, powered by the latest AI technologies, that provides engaging experiences to its customers in many different languages to help them improve their language skills. Users can chat about unlimited amount of topics with the app and use other modes to practice their language learning.\",\"email\":\"support@talkpal.ai\",\"legalName\":\"Talkpal, Inc.\",\"foundingDate\":\"2023-04-03\",\"duns\":\"118989042\",\"numberOfEmployees\":{\"@type\":\"QuantitativeValue\",\"minValue\":\"11\",\"maxValue\":\"50\"},\"publishingPrinciples\":\"https:\/\/talkpal.ai\/publishing-principles\/\",\"actionableFeedbackPolicy\":\"https:\/\/talkpal.ai\/actionable-feedback-policy\/\",\"correctionsPolicy\":\"https:\/\/talkpal.ai\/corrections-policy\/\",\"ethicsPolicy\":\"https:\/\/talkpal.ai\/ethics-policy\/\",\"diversityPolicy\":\"https:\/\/talkpal.ai\/diversity-policy\/\",\"diversityStaffingReport\":\"https:\/\/talkpal.ai\/diversity-policy\/\"}]}<\/script>\n<!-- \/ Yoast SEO Premium plugin. -->","yoast_head_json":{"title":"Gramadach na hAsarbaise\u00e1ine - Talkpal","description":"M\u00e1istir Gramadach na hAsarbaise\u00e1ine gan str\u00f3 le TalkPal, do theagasc\u00f3ir faoi thiom\u00e1int AI. Faigh amach m\u00ednithe \u00e9asca, cleachta\u00ed idirghn\u00edomhacha, agus leideanna praitici\u00fala","robots":{"index":"index","follow":"follow","max-snippet":"max-snippet:-1","max-image-preview":"max-image-preview:large","max-video-preview":"max-video-preview:-1"},"canonical":"https:\/\/talkpal.ai\/ga\/gramadach-na-hasarbaiseaine\/","og_locale":"ga_IE","og_type":"article","og_title":"Gramadach na hAsarbaise\u00e1ine","og_description":"Treoir Chuimsitheach ar Ghramadach na hAsarbaise\u00e1ine Ar smaoinigh t\u00fa riamh ar Asarbaise\u00e1inis a fhoghlaim? Mar theanga oifigi\u00fail na hAsarbaise\u00e1ine agus \u00e1","og_url":"https:\/\/talkpal.ai\/ga\/gramadach-na-hasarbaiseaine\/","og_site_name":"Talkpal","article_publisher":"https:\/\/www.facebook.com\/profile.php?id=100090733639311","article_modified_time":"2025-09-06T19:21:16+00:00","og_image":[{"width":512,"height":512,"url":"https:\/\/talkpal.ai\/wp-content\/uploads\/2023\/05\/azerbaijan.png","type":"image\/png"}],"twitter_card":"summary_large_image","twitter_site":"@talkpalai","twitter_misc":{"Est. reading time":"4 minutes"},"schema":{"@context":"https:\/\/schema.org","@graph":[{"@type":"WebPage","@id":"https:\/\/talkpal.ai\/ga\/gramadach-na-hasarbaiseaine\/","url":"https:\/\/talkpal.ai\/ga\/gramadach-na-hasarbaiseaine\/","name":"Gramadach na hAsarbaise\u00e1ine - Talkpal","isPartOf":{"@id":"https:\/\/talkpal.ai\/ga\/#website"},"primaryImageOfPage":{"@id":"https:\/\/talkpal.ai\/ga\/gramadach-na-hasarbaiseaine\/#primaryimage"},"image":{"@id":"https:\/\/talkpal.ai\/ga\/gramadach-na-hasarbaiseaine\/#primaryimage"},"thumbnailUrl":"https:\/\/talkpal.ai\/wp-content\/uploads\/2023\/05\/azerbaijan.png","datePublished":"2023-05-14T13:53:48+00:00","dateModified":"2025-09-06T19:21:16+00:00","description":"M\u00e1istir Gramadach na hAsarbaise\u00e1ine gan str\u00f3 le TalkPal, do theagasc\u00f3ir faoi thiom\u00e1int AI. Faigh amach m\u00ednithe \u00e9asca, cleachta\u00ed idirghn\u00edomhacha, agus leideanna praitici\u00fala","breadcrumb":{"@id":"https:\/\/talkpal.ai\/ga\/gramadach-na-hasarbaiseaine\/#breadcrumb"},"inLanguage":"ga-IE","potentialAction":[{"@type":"ReadAction","target":["https:\/\/talkpal.ai\/ga\/gramadach-na-hasarbaiseaine\/"]}]},{"@type":"ImageObject","inLanguage":"ga-IE","@id":"https:\/\/talkpal.ai\/ga\/gramadach-na-hasarbaiseaine\/#primaryimage","url":"https:\/\/talkpal.ai\/wp-content\/uploads\/2023\/05\/azerbaijan.png","contentUrl":"https:\/\/talkpal.ai\/wp-content\/uploads\/2023\/05\/azerbaijan.png","width":512,"height":512,"caption":"TalkPal Azerbaijan Flag"},{"@type":"BreadcrumbList","@id":"https:\/\/talkpal.ai\/ga\/gramadach-na-hasarbaiseaine\/#breadcrumb","itemListElement":[{"@type":"ListItem","position":1,"name":"Homepage","item":"https:\/\/talkpal.ai\/ga\/"},{"@type":"ListItem","position":2,"name":"Gramadach na hAsarbaise\u00e1ine"}]},{"@type":"WebSite","@id":"https:\/\/talkpal.ai\/ga\/#website","url":"https:\/\/talkpal.ai\/ga\/","name":"Talkpal","description":"AI Language Learning","publisher":{"@id":"https:\/\/talkpal.ai\/ga\/#organization"},"alternateName":"Talkpal AI","potentialAction":[{"@type":"SearchAction","target":{"@type":"EntryPoint","urlTemplate":"https:\/\/talkpal.ai\/ga\/?s={search_term_string}"},"query-input":{"@type":"PropertyValueSpecification","valueRequired":true,"valueName":"search_term_string"}}],"inLanguage":"ga-IE"},{"@type":"Organization","@id":"https:\/\/talkpal.ai\/ga\/#organization","name":"Talkpal, Inc.","alternateName":"Talkpal AI","url":"https:\/\/talkpal.ai\/ga\/","logo":{"@type":"ImageObject","inLanguage":"ga-IE","@id":"https:\/\/talkpal.ai\/ga\/#\/schema\/logo\/image\/","url":"https:\/\/talkpal.ai\/wp-content\/uploads\/2024\/03\/Talkpal-Logo-Icon.png","contentUrl":"https:\/\/talkpal.ai\/wp-content\/uploads\/2024\/03\/Talkpal-Logo-Icon.png","width":2880,"height":2880,"caption":"Talkpal, Inc."},"image":{"@id":"https:\/\/talkpal.ai\/ga\/#\/schema\/logo\/image\/"},"sameAs":["https:\/\/www.facebook.com\/profile.php?id=100090733639311","https:\/\/x.com\/talkpalai","https:\/\/www.linkedin.com\/company\/talkpal\/","https:\/\/www.youtube.com\/@TalkPal\/","https:\/\/www.tiktok.com\/@talkpal","https:\/\/www.instagram.com\/talkpal_ai\/","https:\/\/www.crunchbase.com\/organization\/talkpal-9cde","https:\/\/www.g2.com\/products\/talkpal-for-business\/","https:\/\/www.trustpilot.com\/review\/talkpal.ai","https:\/\/www.capterra.com\/p\/10006800\/TalkPal\/"],"description":"Talkpal is a language learning web and mobile education app, powered by the latest AI technologies, that provides engaging experiences to its customers in many different languages to help them improve their language skills. Users can chat about unlimited amount of topics with the app and use other modes to practice their language learning.","email":"support@talkpal.ai","legalName":"Talkpal, Inc.","foundingDate":"2023-04-03","duns":"118989042","numberOfEmployees":{"@type":"QuantitativeValue","minValue":"11","maxValue":"50"},"publishingPrinciples":"https:\/\/talkpal.ai\/publishing-principles\/","actionableFeedbackPolicy":"https:\/\/talkpal.ai\/actionable-feedback-policy\/","correctionsPolicy":"https:\/\/talkpal.ai\/corrections-policy\/","ethicsPolicy":"https:\/\/talkpal.ai\/ethics-policy\/","diversityPolicy":"https:\/\/talkpal.ai\/diversity-policy\/","diversityStaffingReport":"https:\/\/talkpal.ai\/diversity-policy\/"}]}},"_links":{"self":[{"href":"https:\/\/talkpal.ai\/ga\/wp-json\/wp\/v2\/pages\/1444047","targetHints":{"allow":["GET"]}}],"collection":[{"href":"https:\/\/talkpal.ai\/ga\/wp-json\/wp\/v2\/pages"}],"about":[{"href":"https:\/\/talkpal.ai\/ga\/wp-json\/wp\/v2\/types\/page"}],"author":[{"embeddable":true,"href":"https:\/\/talkpal.ai\/ga\/wp-json\/wp\/v2\/users\/1"}],"replies":[{"embeddable":true,"href":"https:\/\/talkpal.ai\/ga\/wp-json\/wp\/v2\/comments?post=1444047"}],"version-history":[{"count":0,"href":"https:\/\/talkpal.ai\/ga\/wp-json\/wp\/v2\/pages\/1444047\/revisions"}],"wp:featuredmedia":[{"embeddable":true,"href":"https:\/\/talkpal.ai\/ga\/wp-json\/wp\/v2\/media\/1442537"}],"wp:attachment":[{"href":"https:\/\/talkpal.ai\/ga\/wp-json\/wp\/v2\/media?parent=1444047"}],"curies":[{"name":"wp","href":"https:\/\/api.w.org\/{rel}","templated":true}]}}