{"id":1444042,"date":"2023-05-14T14:00:03","date_gmt":"2023-05-14T14:00:03","guid":{"rendered":"https:\/\/talkpal.ai\/gramadach-na-boisnia\/"},"modified":"2025-09-06T19:21:16","modified_gmt":"2025-09-06T19:21:16","slug":"gramadach-na-boisnia","status":"publish","type":"page","link":"https:\/\/talkpal.ai\/ga\/gramadach-na-boisnia\/","title":{"rendered":"Gramadach na Boisnia"},"content":{"rendered":"\r\n\r\n\r\n<section class=\"languageChallengeSection\">\r\n    <div class=\"languageInfoWrapper\">\r\n        \r\n        <h1>Gramadach na Boisnia<\/h1>\r\n        <p>D\u00edghlas\u00e1il domhan saibhir agus l\u00e9iritheach teanga na Boisnia tr\u00ed mh\u00e1istir a dh\u00e9anamh ar a buneilimint\u00ed gramada\u00ed. Cuideoidh tuiscint l\u00e1idir ar ghramadach na Boisnia leat cumars\u00e1id a dh\u00e9anamh go muin\u00edneach agus meas n\u00edos doimhne a bheith agat ar an gcult\u00far. Tosaigh ag foghlaim gramada\u00ed na Boisnia inniu agus glac do ch\u00e9ad ch\u00e9im i dtreo l\u00edofacht!<\/p>\r\n\r\n                            <a class=\"getStartedHidden\" href=\"https:\/\/app.talkpal.ai\/signup?lng=\">Tosaigh<\/a>\r\n        \r\n    <\/div>\r\n\r\n    <figure>\r\n    <img decoding=\"async\" width=\"768\" height=\"768\" src=\"https:\/\/talkpal.ai\/wp-content\/uploads\/2023\/06\/bosinian-768x768.png\" class=\"languageImage no-lazy\" alt=\"Language learning for increasing employability\" fetchpriority=\"high\" sizes=\"(max-width: 768px) 150px, 768px\" srcset=\"https:\/\/talkpal.ai\/wp-content\/uploads\/2023\/06\/bosinian-768x768.png 768w, https:\/\/talkpal.ai\/wp-content\/uploads\/2023\/06\/bosinian-300x300.png 300w\" \/>\r\n    \r\n\r\n    <\/figure>\r\n\r\n            <a class=\"getStartedVisible\" href=\"https:\/\/app.talkpal.ai\/signup?lng=\">Tosaigh<\/a>\r\n    \r\n<\/section>\r\n<section class=\"promotionalBanner\">\r\n    <p class=\"promotionalText\">An bealach is \u00e9ifeachta\u00ed le teanga a fhoghlaim<\/p>\r\n    <a class=\"promotionalLink\" href=\"https:\/\/app.talkpal.ai\/signup?lng=\">Bain triail as Talkpal saor in aisce<\/a>\r\n<\/section>\n<div class=\"wp-block-group pageContainerStyle\"><div class=\"wp-block-group__inner-container is-layout-constrained wp-block-group-is-layout-constrained\">\n<h2 class=\"wp-block-heading\" id=\"h-bosnian-grammar-a-guide-to-understanding-its-unique-features\">Gramadach na Boisnia: Treoir maidir le Tuiscint a fh\u00e1il ar a Ghn\u00e9ithe Uath\u00fala<\/h2>\n\n\n\n<p>An bhfuil t\u00fa ag <a href=\"https:\/\/talkpal.ai\/ga\/foghlaim-boisnis\/\">foghlaim Boisnis<\/a> agus ag cur mearbhall ort faoi ghramadach na teanga? N\u00e1 b\u00edodh eagla ort! San alt seo, t\u00e1imid chun tumadh isteach i r\u00fandiamhair ghramada\u00ed na Boisnia agus cabhr\u00fa leat a ghn\u00e9ithe uath\u00fala a thuiscint, agus \u00e9 a choinne\u00e1il simpl\u00ed agus tarraingteach. R\u00e9idh le tabhairt faoi thuras spreag\u00fail teanga seo? Tosa\u00edmid!<\/p>\n\n\n\n<h3 class=\"wp-block-heading\" id=\"h-the-fundamentals-nouns-and-pronouns\">Na Buneilimint\u00ed: Ainmfhocail agus Forainmneacha<\/h3>\n\n\n\n<p>Ar an gc\u00e9ad dul s\u00edos, t\u00e1 s\u00e9 riachtanach go mbeadh a fhios agat go bhfuil tr\u00ed inscne ghramada\u00ed ag an mBoisnis, cos\u00fail le teangacha Slavacha eile: firinscneach, baininscneach, agus neuter. Conas is f\u00e9idir leat a r\u00e1 c\u00e9n inscne lena mbaineann ainmfhocal? T\u00e1 s\u00e9 sin \u00e9asca! Baineann s\u00e9 leis an deireadh. Seo treoir thapa:<\/p>\n\n\n\n<p><strong>&#8211; Is gn\u00e1ch go gcr\u00edochna\u00edonn ainmfhocail firinscneach i gconsan,<\/strong><\/p>\n\n\n\n<p><strong>&#8211; Is gn\u00e1ch go gcr\u00edochna\u00edonn ainmfhocail baininscneach i -a,<\/strong><\/p>\n\n\n\n<p><strong>&#8211; Is minic a chr\u00edochna\u00edonn ainmfhocail neodracha i -o n\u00f3 -e.<\/strong><\/p>\n\n\n\n<p>Coinnigh i gcuimhne gur rialacha ginear\u00e1lta iad seo, agus d&#8217;fh\u00e9adfadh eisceachta\u00ed a bheith ann. Anois, d\u00e9anaimis labhairt faoi fhorainmneacha. Athra\u00edonn forainmneacha pearsanta sa Bhoisnis de r\u00e9ir inscne, uimhir (uatha n\u00f3 iolra), agus c\u00e1s an ainmfhocail (n\u00edos m\u00f3 ar ch\u00e1sanna n\u00edos d\u00e9ana\u00ed). T\u00e1 seacht bhforainm pearsanta sa Bhoisnis: ja (I), ti (tusa, uatha\/neamhfhoirmi\u00fail), ar (s\u00e9), ona (s\u00ed), <a href=\"https:\/\/talkpal.ai\/locations\/language-courses-in-ono\/\">ono<\/a> (it), mi (muid), agus vi (tusa, iolra\/foirmi\u00fail). Cuimhnigh go bhfuil bealach neamhfhoirmi\u00fail agus foirmi\u00fail ag an mBoisnis chun labhairt le daoine \u2013 mar sin d\u00e9an cinnte go n-\u00fas\u00e1ideann t\u00fa an forainm ceart agus t\u00fa ag caint le duine!<\/p>\n\n\n\n<h3 class=\"wp-block-heading\" id=\"h-next-up-verb-conjugation\">Ar Aghaidh: Conjugation Briathar<\/h3>\n\n\n\n<p>Is iad briathra cn\u00e1mh droma aon teanga, agus n\u00edl an Bhoisnis difri\u00fail. T\u00e1 dh\u00e1 phr\u00edomhphatr\u00fan comhchuingithe ag briathra na Boisnia: ceann do na briathra a chr\u00edochna\u00edonn i -ti (an ch\u00e9ad chomhchuingi\u00fa) agus ceann eile d\u00f3ibh si\u00fad a chr\u00edochna\u00edonn i -\u0107i (an dara comhchuingi\u00fa). Sa d\u00e1 ch\u00e1s, athra\u00edonn foircinn na briathartha bunaithe ar inscne, uimhir, agus aimsir an \u00e1bhair.<\/p>\n\n\n\n<p><a href=\"https:\/\/talkpal.ai\/ga\/ag-labhairt-iodailis\/\">Ag labhairt<\/a> d\u00f3 ar aimsir, t\u00e1 tr\u00ed aimsir shimpl\u00ed ag an mBoisnis: an l\u00e1 at\u00e1 inniu ann, an t-am at\u00e1 caite, agus an todhcha\u00ed. Crutha\u00edtear an aimsir l\u00e1ithreach tr\u00ed fhoircinn\u00ed sonracha a <a href=\"https:\/\/talkpal.ai\/locations\/language-courses-in-chur\/\">chur<\/a> leis an mbriathar. Ar an l\u00e1imh eile, d\u00e9antar an aimsir chaite a fhoirmi\u00fa ag baint \u00fas\u00e1ide as an mbriathar c\u00fanta &#8220;biti&#8221; (a bheith) san fhoirm infinitive &#8220;bio&#8221; agus an rannph\u00e1irt\u00ed san am at\u00e1 caite. Ar deireadh, crutha\u00edtear an aimsir sa todhcha\u00ed tr\u00edd an mbriathar c\u00fanta &#8220;htjeti&#8221; (uacht) agus foirm infinitive an phr\u00edomhbhriathar a chomhcheangal.<\/p>\n\n\n\n<h3 class=\"wp-block-heading\" id=\"h-the-magic-of-cases\">Dra\u00edocht na gC\u00e1sanna<\/h3>\n\n\n\n<p>Baineann <a href=\"https:\/\/talkpal.ai\/grammar\/\">gramadach<\/a> na Boisnia \u00fas\u00e1id as c\u00f3ras c\u00e1is, rud a chialla\u00edonn go n-athra\u00edonn ainmfhocail, forainmneacha, aidiachta\u00ed, agus uaireanta fi\u00fa briathra a bhfoirmeacha de r\u00e9ir a bhfeidhme in abairt. T\u00e1 seacht gc\u00e1s sa Bhoisnis: nominative, genitive, dative, accusative, vocative, instrumental, and locative.<\/p>\n\n\n\n<p>Anois, n\u00e1 lig do na t\u00e9arma\u00ed seo imeagl\u00fa a dh\u00e9anamh ort! N\u00edl ann ach ceist chleachtais. T\u00e1 cusp\u00f3ir ar <a href=\"https:\/\/talkpal.ai\/locations\/language-courses-in-leith\/\">leith<\/a> ag gach c\u00e1s agus freagra\u00edonn s\u00e9 ceisteanna sonracha:<\/p>\n\n\n\n<p><strong>1. Nominative:<\/strong> \u00c1bhar na habairte. C\u00e9 n\u00f3 cad at\u00e1 ag d\u00e9anamh an aicsin?<\/p>\n\n\n\n<p><strong>2. Ginideach:<\/strong> L\u00e9ir\u00edonn seilbh, bun\u00fas, n\u00f3 cuid de rud \u00e9igin. C\u00e9 n\u00f3 cad \u00e9?<\/p>\n\n\n\n<p><strong>3. Dative:<\/strong> An cusp\u00f3ir ind\u00edreach \u2013 c\u00e9 d\u00f3 n\u00f3 d\u00f3 a dtugtar n\u00f3 a dh\u00e9antar rud \u00e9igin?<\/p>\n\n\n\n<p><strong>4. Accusative:<\/strong> An r\u00e9ad d\u00edreach &#8211; c\u00e9 n\u00f3 cad at\u00e1 ag f\u00e1il an ghn\u00edmh?<\/p>\n\n\n\n<p><strong>5. Vocative:<\/strong> <a href=\"https:\/\/talkpal.ai\/culture\/how-do-i-use-used-to-get-used-to-and-be-used-to\/\">Used to<\/a> address someone or something directly \u2013 Hey, you!<\/p>\n\n\n\n<p><strong>6. Uirlise:<\/strong> L\u00e9ir\u00edonn s\u00e9 modh n\u00f3 modh an ghn\u00edmh &#8211; cad leis n\u00f3 c\u00e9?<\/p>\n\n\n\n<p><strong>7. Locative:<\/strong> L\u00e9ir\u00edonn su\u00edomh n\u00f3 su\u00edomh rud \u00e9igin &#8211; c\u00e1 h\u00e1it n\u00f3 ag cad \u00e9?<\/p>\n\n\n\n<h3 class=\"wp-block-heading\" id=\"h-loving-the-adjectives\">Gr\u00e1 a thabhairt do na haidiachta\u00ed<\/h3>\n\n\n\n<p>Aonta\u00edonn aidiachta\u00ed sa Bhoisnis leis an ainmfhocal a mhodhna\u00edonn siad i dt\u00e9arma\u00ed inscne, uimhreacha agus c\u00e1is. Cialla\u00edonn s\u00e9 seo go bhfuil foirmeacha difri\u00fala ag aidiachta\u00ed, d\u00edreach cos\u00fail le hainmfhocail agus forainmneacha, ag brath ar an ainmfhocal a thuairisc\u00edonn siad.<\/p>\n\n\n\n<p>Mar shampla, m\u00e1s mian leat &#8220;teach m\u00f3r&#8221; a r\u00e1 sa Bhoisnis (ar ainmfhocal baininscneach \u00e9), d\u00e9arf\u00e1 &#8220;velika ku\u0107a.&#8221; Mar sin f\u00e9in, m\u00e1 t\u00e1 t\u00fa ag caint faoi &#8220;carr m\u00f3r&#8221; (ainmfhocal firinscneach), d\u00e9arf\u00e1 &#8220;veliki auto.&#8221;<\/p>\n\n\n\n<h3 class=\"wp-block-heading\" id=\"h-final-thoughts\">Smaointe Deiridh<\/h3>\n\n\n\n<p>D&#8217;fh\u00e9adfadh <a href=\"https:\/\/talkpal.ai\/grammar\/\">gramadach<\/a> na Boisnia, lena inscne, a ch\u00e1sanna, agus a chomhchuingi\u00fa briathartha, a bheith casta ar dt\u00fas, ach cuimhnigh: d\u00e9anann cleachtas foirfe! Baineann s\u00e9 leis an gc\u00f3ras a thuiscint agus \u00e9 a \u00fas\u00e1id i gc\u00e1sanna f\u00edor-saoil. B\u00ed foighneach, coinnigh ort ag cleachtadh, agus go luath go leor, gheobhaidh t\u00fa m\u00e1istreacht ar theanga \u00e1lainn na Boisnia. Sretno! (\u00c1dh m\u00f3r!)<\/p>\n<\/div><\/div>\n\r\n<section class=\"learnNavigationSection\">\r\n            \r\n        <a href=\"https:\/\/talkpal.ai\/ga\/foghlaim-boisnis\/\">\r\n            <div class=\"learnNavigationWrapper\">\r\n                <div class=\"learnNavigationContent\">\r\n                    <img decoding=\"async\" src=\"https:\/\/talkpal.ai\/wp-content\/uploads\/2024\/08\/Bosnian.jpg\" alt=\"Bosnian Flag\">\r\n                    <div>\r\n                        <h4>Maidir le Foghlaim na Boisnia<\/h4>\r\n                        <p>Faigh amach gach rud faoi ghramadach na Boisnia.<\/p>\r\n                    <\/div>\r\n                <\/div>\r\n            <\/div>\r\n        <\/a>\r\n\r\n        \r\n        <a href=\"https:\/\/talkpal.ai\/ga\/cleachtai-gramadai-boisnis\/\">\r\n            <div class=\"learnNavigationWrapper\">\r\n                <div class=\"learnNavigationContent\">\r\n                    <img decoding=\"async\" src=\"https:\/\/talkpal.ai\/wp-content\/uploads\/2024\/08\/Bosnian.jpg\" alt=\"Bosnian Flag\">\r\n                    <div>\r\n                        <h4>Cleachtadh Gramada\u00ed na Boisnia<\/h4>\r\n                        <p>Cleachtadh gramadach na Boisnia.<\/p>\r\n                    <\/div>\r\n                <\/div>\r\n            <\/div>\r\n        <\/a>\r\n\r\n        \r\n        <a href=\"https:\/\/talkpal.ai\/vocabulary_language\/bosnian\/\">\r\n            <div class=\"learnNavigationWrapper\">\r\n                <div class=\"learnNavigationContent\">\r\n                    <img decoding=\"async\" src=\"https:\/\/talkpal.ai\/wp-content\/uploads\/2024\/08\/Bosnian.jpg\" alt=\"Bosnian Flag\">\r\n                    <div>\r\n                        <h4>St\u00f3r focal na Boisnia<\/h4>\r\n                        <p>Leathnaigh do st\u00f3r focal Boisnise.<\/p>\r\n                    <\/div>\r\n                <\/div>\r\n            <\/div>\r\n        <\/a>\r\n\r\n            <\/section>","protected":false},"excerpt":{"rendered":"<p>Gramadach na Boisnia: Treoir maidir le Tuiscint a fh\u00e1il ar a Ghn\u00e9ithe Uath\u00fala An bhfuil t\u00fa ag foghlaim Boisnis agus ag cur mearbhall ort faoi ghramadach na teanga? N\u00e1 b\u00edodh eagla ort! San alt seo, t\u00e1imid chun tumadh isteach i r\u00fandiamhair ghramada\u00ed na Boisnia agus cabhr\u00fa leat a ghn\u00e9ithe uath\u00fala a thuiscint, agus \u00e9 a [&hellip;]<\/p>\n","protected":false},"author":1,"featured_media":1444043,"parent":0,"menu_order":0,"comment_status":"closed","ping_status":"closed","template":"LearningContentPage.php","meta":{"_acf_changed":false,"footnotes":""},"class_list":["post-1444042","page","type-page","status-publish","has-post-thumbnail","hentry"],"acf":[],"yoast_head":"<!-- This site is optimized with the Yoast SEO Premium plugin v27.2 (Yoast SEO v27.2) - https:\/\/yoast.com\/product\/yoast-seo-premium-wordpress\/ -->\n<title>Gramadach na Boisnia - Talkpal<\/title>\n<meta name=\"description\" content=\"M\u00e1istreacht ar ghramadach na Boisnia gan str\u00f3 le TalkPal, do theagasc\u00f3ir teanga faoi thiom\u00e1int AI. Faigh amach m\u00ednithe \u00e9asca, leideanna praitici\u00fala, agus cleachta\u00ed idirghn\u00edomhacha!\" \/>\n<meta name=\"robots\" content=\"index, follow, max-snippet:-1, max-image-preview:large, max-video-preview:-1\" \/>\n<link rel=\"canonical\" href=\"https:\/\/talkpal.ai\/ga\/gramadach-na-boisnia\/\" \/>\n<meta property=\"og:locale\" content=\"ga_IE\" \/>\n<meta property=\"og:type\" content=\"article\" \/>\n<meta property=\"og:title\" content=\"Gramadach na Boisnia\" \/>\n<meta property=\"og:description\" content=\"Gramadach na Boisnia: Treoir maidir le Tuiscint a fh\u00e1il ar a Ghn\u00e9ithe Uath\u00fala An bhfuil t\u00fa ag foghlaim Boisnis agus ag cur mearbhall ort faoi ghramadach\" \/>\n<meta property=\"og:url\" content=\"https:\/\/talkpal.ai\/ga\/gramadach-na-boisnia\/\" \/>\n<meta property=\"og:site_name\" content=\"Talkpal\" \/>\n<meta property=\"article:publisher\" content=\"https:\/\/www.facebook.com\/profile.php?id=100090733639311\" \/>\n<meta property=\"article:modified_time\" content=\"2025-09-06T19:21:16+00:00\" \/>\n<meta property=\"og:image\" content=\"https:\/\/talkpal.ai\/wp-content\/uploads\/2023\/05\/bosnia-and-herzegovina.png\" \/>\n\t<meta property=\"og:image:width\" content=\"512\" \/>\n\t<meta property=\"og:image:height\" content=\"512\" \/>\n\t<meta property=\"og:image:type\" content=\"image\/png\" \/>\n<meta name=\"twitter:card\" content=\"summary_large_image\" \/>\n<meta name=\"twitter:site\" content=\"@talkpalai\" \/>\n<meta name=\"twitter:label1\" content=\"Est. reading time\" \/>\n\t<meta name=\"twitter:data1\" content=\"4 minutes\" \/>\n<script type=\"application\/ld+json\" class=\"yoast-schema-graph\">{\"@context\":\"https:\/\/schema.org\",\"@graph\":[{\"@type\":\"WebPage\",\"@id\":\"https:\/\/talkpal.ai\/ga\/gramadach-na-boisnia\/\",\"url\":\"https:\/\/talkpal.ai\/ga\/gramadach-na-boisnia\/\",\"name\":\"Gramadach na Boisnia - Talkpal\",\"isPartOf\":{\"@id\":\"https:\/\/talkpal.ai\/ga\/#website\"},\"primaryImageOfPage\":{\"@id\":\"https:\/\/talkpal.ai\/ga\/gramadach-na-boisnia\/#primaryimage\"},\"image\":{\"@id\":\"https:\/\/talkpal.ai\/ga\/gramadach-na-boisnia\/#primaryimage\"},\"thumbnailUrl\":\"https:\/\/talkpal.ai\/wp-content\/uploads\/2023\/05\/bosnia-and-herzegovina.png\",\"datePublished\":\"2023-05-14T14:00:03+00:00\",\"dateModified\":\"2025-09-06T19:21:16+00:00\",\"description\":\"M\u00e1istreacht ar ghramadach na Boisnia gan str\u00f3 le TalkPal, do theagasc\u00f3ir teanga faoi thiom\u00e1int AI. Faigh amach m\u00ednithe \u00e9asca, leideanna praitici\u00fala, agus cleachta\u00ed idirghn\u00edomhacha!\",\"breadcrumb\":{\"@id\":\"https:\/\/talkpal.ai\/ga\/gramadach-na-boisnia\/#breadcrumb\"},\"inLanguage\":\"ga-IE\",\"potentialAction\":[{\"@type\":\"ReadAction\",\"target\":[\"https:\/\/talkpal.ai\/ga\/gramadach-na-boisnia\/\"]}]},{\"@type\":\"ImageObject\",\"inLanguage\":\"ga-IE\",\"@id\":\"https:\/\/talkpal.ai\/ga\/gramadach-na-boisnia\/#primaryimage\",\"url\":\"https:\/\/talkpal.ai\/wp-content\/uploads\/2023\/05\/bosnia-and-herzegovina.png\",\"contentUrl\":\"https:\/\/talkpal.ai\/wp-content\/uploads\/2023\/05\/bosnia-and-herzegovina.png\",\"width\":512,\"height\":512,\"caption\":\"TalkPal Bosnia and herzegovina Flag\"},{\"@type\":\"BreadcrumbList\",\"@id\":\"https:\/\/talkpal.ai\/ga\/gramadach-na-boisnia\/#breadcrumb\",\"itemListElement\":[{\"@type\":\"ListItem\",\"position\":1,\"name\":\"Homepage\",\"item\":\"https:\/\/talkpal.ai\/ga\/\"},{\"@type\":\"ListItem\",\"position\":2,\"name\":\"Gramadach na Boisnia\"}]},{\"@type\":\"WebSite\",\"@id\":\"https:\/\/talkpal.ai\/ga\/#website\",\"url\":\"https:\/\/talkpal.ai\/ga\/\",\"name\":\"Talkpal\",\"description\":\"AI Language Learning\",\"publisher\":{\"@id\":\"https:\/\/talkpal.ai\/ga\/#organization\"},\"alternateName\":\"Talkpal AI\",\"potentialAction\":[{\"@type\":\"SearchAction\",\"target\":{\"@type\":\"EntryPoint\",\"urlTemplate\":\"https:\/\/talkpal.ai\/ga\/?s={search_term_string}\"},\"query-input\":{\"@type\":\"PropertyValueSpecification\",\"valueRequired\":true,\"valueName\":\"search_term_string\"}}],\"inLanguage\":\"ga-IE\"},{\"@type\":\"Organization\",\"@id\":\"https:\/\/talkpal.ai\/ga\/#organization\",\"name\":\"Talkpal, Inc.\",\"alternateName\":\"Talkpal AI\",\"url\":\"https:\/\/talkpal.ai\/ga\/\",\"logo\":{\"@type\":\"ImageObject\",\"inLanguage\":\"ga-IE\",\"@id\":\"https:\/\/talkpal.ai\/ga\/#\/schema\/logo\/image\/\",\"url\":\"https:\/\/talkpal.ai\/wp-content\/uploads\/2024\/03\/Talkpal-Logo-Icon.png\",\"contentUrl\":\"https:\/\/talkpal.ai\/wp-content\/uploads\/2024\/03\/Talkpal-Logo-Icon.png\",\"width\":2880,\"height\":2880,\"caption\":\"Talkpal, Inc.\"},\"image\":{\"@id\":\"https:\/\/talkpal.ai\/ga\/#\/schema\/logo\/image\/\"},\"sameAs\":[\"https:\/\/www.facebook.com\/profile.php?id=100090733639311\",\"https:\/\/x.com\/talkpalai\",\"https:\/\/www.linkedin.com\/company\/talkpal\/\",\"https:\/\/www.youtube.com\/@TalkPal\/\",\"https:\/\/www.tiktok.com\/@talkpal\",\"https:\/\/www.instagram.com\/talkpal_ai\/\",\"https:\/\/www.crunchbase.com\/organization\/talkpal-9cde\",\"https:\/\/www.g2.com\/products\/talkpal-for-business\/\",\"https:\/\/www.trustpilot.com\/review\/talkpal.ai\",\"https:\/\/www.capterra.com\/p\/10006800\/TalkPal\/\"],\"description\":\"Talkpal is a language learning web and mobile education app, powered by the latest AI technologies, that provides engaging experiences to its customers in many different languages to help them improve their language skills. Users can chat about unlimited amount of topics with the app and use other modes to practice their language learning.\",\"email\":\"support@talkpal.ai\",\"legalName\":\"Talkpal, Inc.\",\"foundingDate\":\"2023-04-03\",\"duns\":\"118989042\",\"numberOfEmployees\":{\"@type\":\"QuantitativeValue\",\"minValue\":\"11\",\"maxValue\":\"50\"},\"publishingPrinciples\":\"https:\/\/talkpal.ai\/publishing-principles\/\",\"actionableFeedbackPolicy\":\"https:\/\/talkpal.ai\/actionable-feedback-policy\/\",\"correctionsPolicy\":\"https:\/\/talkpal.ai\/corrections-policy\/\",\"ethicsPolicy\":\"https:\/\/talkpal.ai\/ethics-policy\/\",\"diversityPolicy\":\"https:\/\/talkpal.ai\/diversity-policy\/\",\"diversityStaffingReport\":\"https:\/\/talkpal.ai\/diversity-policy\/\"}]}<\/script>\n<!-- \/ Yoast SEO Premium plugin. -->","yoast_head_json":{"title":"Gramadach na Boisnia - Talkpal","description":"M\u00e1istreacht ar ghramadach na Boisnia gan str\u00f3 le TalkPal, do theagasc\u00f3ir teanga faoi thiom\u00e1int AI. Faigh amach m\u00ednithe \u00e9asca, leideanna praitici\u00fala, agus cleachta\u00ed idirghn\u00edomhacha!","robots":{"index":"index","follow":"follow","max-snippet":"max-snippet:-1","max-image-preview":"max-image-preview:large","max-video-preview":"max-video-preview:-1"},"canonical":"https:\/\/talkpal.ai\/ga\/gramadach-na-boisnia\/","og_locale":"ga_IE","og_type":"article","og_title":"Gramadach na Boisnia","og_description":"Gramadach na Boisnia: Treoir maidir le Tuiscint a fh\u00e1il ar a Ghn\u00e9ithe Uath\u00fala An bhfuil t\u00fa ag foghlaim Boisnis agus ag cur mearbhall ort faoi ghramadach","og_url":"https:\/\/talkpal.ai\/ga\/gramadach-na-boisnia\/","og_site_name":"Talkpal","article_publisher":"https:\/\/www.facebook.com\/profile.php?id=100090733639311","article_modified_time":"2025-09-06T19:21:16+00:00","og_image":[{"width":512,"height":512,"url":"https:\/\/talkpal.ai\/wp-content\/uploads\/2023\/05\/bosnia-and-herzegovina.png","type":"image\/png"}],"twitter_card":"summary_large_image","twitter_site":"@talkpalai","twitter_misc":{"Est. reading time":"4 minutes"},"schema":{"@context":"https:\/\/schema.org","@graph":[{"@type":"WebPage","@id":"https:\/\/talkpal.ai\/ga\/gramadach-na-boisnia\/","url":"https:\/\/talkpal.ai\/ga\/gramadach-na-boisnia\/","name":"Gramadach na Boisnia - Talkpal","isPartOf":{"@id":"https:\/\/talkpal.ai\/ga\/#website"},"primaryImageOfPage":{"@id":"https:\/\/talkpal.ai\/ga\/gramadach-na-boisnia\/#primaryimage"},"image":{"@id":"https:\/\/talkpal.ai\/ga\/gramadach-na-boisnia\/#primaryimage"},"thumbnailUrl":"https:\/\/talkpal.ai\/wp-content\/uploads\/2023\/05\/bosnia-and-herzegovina.png","datePublished":"2023-05-14T14:00:03+00:00","dateModified":"2025-09-06T19:21:16+00:00","description":"M\u00e1istreacht ar ghramadach na Boisnia gan str\u00f3 le TalkPal, do theagasc\u00f3ir teanga faoi thiom\u00e1int AI. Faigh amach m\u00ednithe \u00e9asca, leideanna praitici\u00fala, agus cleachta\u00ed idirghn\u00edomhacha!","breadcrumb":{"@id":"https:\/\/talkpal.ai\/ga\/gramadach-na-boisnia\/#breadcrumb"},"inLanguage":"ga-IE","potentialAction":[{"@type":"ReadAction","target":["https:\/\/talkpal.ai\/ga\/gramadach-na-boisnia\/"]}]},{"@type":"ImageObject","inLanguage":"ga-IE","@id":"https:\/\/talkpal.ai\/ga\/gramadach-na-boisnia\/#primaryimage","url":"https:\/\/talkpal.ai\/wp-content\/uploads\/2023\/05\/bosnia-and-herzegovina.png","contentUrl":"https:\/\/talkpal.ai\/wp-content\/uploads\/2023\/05\/bosnia-and-herzegovina.png","width":512,"height":512,"caption":"TalkPal Bosnia and herzegovina Flag"},{"@type":"BreadcrumbList","@id":"https:\/\/talkpal.ai\/ga\/gramadach-na-boisnia\/#breadcrumb","itemListElement":[{"@type":"ListItem","position":1,"name":"Homepage","item":"https:\/\/talkpal.ai\/ga\/"},{"@type":"ListItem","position":2,"name":"Gramadach na Boisnia"}]},{"@type":"WebSite","@id":"https:\/\/talkpal.ai\/ga\/#website","url":"https:\/\/talkpal.ai\/ga\/","name":"Talkpal","description":"AI Language Learning","publisher":{"@id":"https:\/\/talkpal.ai\/ga\/#organization"},"alternateName":"Talkpal AI","potentialAction":[{"@type":"SearchAction","target":{"@type":"EntryPoint","urlTemplate":"https:\/\/talkpal.ai\/ga\/?s={search_term_string}"},"query-input":{"@type":"PropertyValueSpecification","valueRequired":true,"valueName":"search_term_string"}}],"inLanguage":"ga-IE"},{"@type":"Organization","@id":"https:\/\/talkpal.ai\/ga\/#organization","name":"Talkpal, Inc.","alternateName":"Talkpal AI","url":"https:\/\/talkpal.ai\/ga\/","logo":{"@type":"ImageObject","inLanguage":"ga-IE","@id":"https:\/\/talkpal.ai\/ga\/#\/schema\/logo\/image\/","url":"https:\/\/talkpal.ai\/wp-content\/uploads\/2024\/03\/Talkpal-Logo-Icon.png","contentUrl":"https:\/\/talkpal.ai\/wp-content\/uploads\/2024\/03\/Talkpal-Logo-Icon.png","width":2880,"height":2880,"caption":"Talkpal, Inc."},"image":{"@id":"https:\/\/talkpal.ai\/ga\/#\/schema\/logo\/image\/"},"sameAs":["https:\/\/www.facebook.com\/profile.php?id=100090733639311","https:\/\/x.com\/talkpalai","https:\/\/www.linkedin.com\/company\/talkpal\/","https:\/\/www.youtube.com\/@TalkPal\/","https:\/\/www.tiktok.com\/@talkpal","https:\/\/www.instagram.com\/talkpal_ai\/","https:\/\/www.crunchbase.com\/organization\/talkpal-9cde","https:\/\/www.g2.com\/products\/talkpal-for-business\/","https:\/\/www.trustpilot.com\/review\/talkpal.ai","https:\/\/www.capterra.com\/p\/10006800\/TalkPal\/"],"description":"Talkpal is a language learning web and mobile education app, powered by the latest AI technologies, that provides engaging experiences to its customers in many different languages to help them improve their language skills. Users can chat about unlimited amount of topics with the app and use other modes to practice their language learning.","email":"support@talkpal.ai","legalName":"Talkpal, Inc.","foundingDate":"2023-04-03","duns":"118989042","numberOfEmployees":{"@type":"QuantitativeValue","minValue":"11","maxValue":"50"},"publishingPrinciples":"https:\/\/talkpal.ai\/publishing-principles\/","actionableFeedbackPolicy":"https:\/\/talkpal.ai\/actionable-feedback-policy\/","correctionsPolicy":"https:\/\/talkpal.ai\/corrections-policy\/","ethicsPolicy":"https:\/\/talkpal.ai\/ethics-policy\/","diversityPolicy":"https:\/\/talkpal.ai\/diversity-policy\/","diversityStaffingReport":"https:\/\/talkpal.ai\/diversity-policy\/"}]}},"_links":{"self":[{"href":"https:\/\/talkpal.ai\/ga\/wp-json\/wp\/v2\/pages\/1444042","targetHints":{"allow":["GET"]}}],"collection":[{"href":"https:\/\/talkpal.ai\/ga\/wp-json\/wp\/v2\/pages"}],"about":[{"href":"https:\/\/talkpal.ai\/ga\/wp-json\/wp\/v2\/types\/page"}],"author":[{"embeddable":true,"href":"https:\/\/talkpal.ai\/ga\/wp-json\/wp\/v2\/users\/1"}],"replies":[{"embeddable":true,"href":"https:\/\/talkpal.ai\/ga\/wp-json\/wp\/v2\/comments?post=1444042"}],"version-history":[{"count":0,"href":"https:\/\/talkpal.ai\/ga\/wp-json\/wp\/v2\/pages\/1444042\/revisions"}],"wp:featuredmedia":[{"embeddable":true,"href":"https:\/\/talkpal.ai\/ga\/wp-json\/wp\/v2\/media\/1444043"}],"wp:attachment":[{"href":"https:\/\/talkpal.ai\/ga\/wp-json\/wp\/v2\/media?parent=1444042"}],"curies":[{"name":"wp","href":"https:\/\/api.w.org\/{rel}","templated":true}]}}