{"id":1444037,"date":"2023-05-14T13:53:24","date_gmt":"2023-05-14T13:53:24","guid":{"rendered":"https:\/\/talkpal.ai\/ucrainis-gramadai\/"},"modified":"2025-12-11T16:36:52","modified_gmt":"2025-12-11T16:36:52","slug":"ucrainis-gramadai","status":"publish","type":"page","link":"https:\/\/talkpal.ai\/ga\/ucrainis-gramadai\/","title":{"rendered":"\u00dacr\u00e1inis gramada\u00ed"},"content":{"rendered":"\r\n\r\n\r\n<section class=\"languageChallengeSection\">\r\n    <div class=\"languageInfoWrapper\">\r\n        \r\n        <h1>\u00dacr\u00e1inis gramada\u00ed<\/h1>\r\n        <p>D\u00e9an ini\u00fachadh ar strucht\u00far na teanga \u00dacr\u00e1inis tr\u00ed a rialacha gramada\u00ed riachtanacha a fhoghlaim. Cuideoidh m\u00e1istreacht ar ghramadach na h\u00dacr\u00e1ine leat cumars\u00e1id a dh\u00e9anamh go muin\u00edneach agus ceangal n\u00edos doimhne le cult\u00far agus oidhreacht na h\u00dacr\u00e1ine. Cuir t\u00fas le do thuras <a href=\"https:\/\/talkpal.ai\/ga\/cleachtai-gramadai-na-hisiltire\/\">gramada\u00ed na<\/a> h\u00dacr\u00e1ine inniu agus glac an ch\u00e9ad ch\u00e9im i dtreo l\u00edofacht!<\/p>\r\n\r\n                            <a class=\"getStartedHidden\" href=\"https:\/\/app.talkpal.ai\/signup?lng=\">Tosaigh<\/a>\r\n        \r\n    <\/div>\r\n\r\n    <figure>\r\n    <img decoding=\"async\" width=\"768\" height=\"768\" src=\"https:\/\/talkpal.ai\/wp-content\/uploads\/2023\/06\/Ukrainian-768x768.png\" class=\"languageImage no-lazy\" alt=\"Language learning - Your doorway to the world\" fetchpriority=\"high\" sizes=\"(max-width: 768px) 150px, 768px\" srcset=\"https:\/\/talkpal.ai\/wp-content\/uploads\/2023\/06\/Ukrainian-768x768.png 768w, https:\/\/talkpal.ai\/wp-content\/uploads\/2023\/06\/Ukrainian-300x300.png 300w\" \/>\r\n    \r\n\r\n    <\/figure>\r\n\r\n            <a class=\"getStartedVisible\" href=\"https:\/\/app.talkpal.ai\/signup?lng=\">Tosaigh<\/a>\r\n    \r\n<\/section>\r\n<section class=\"promotionalBanner\">\r\n    <p class=\"promotionalText\">An bealach is \u00e9ifeachta\u00ed le teanga a fhoghlaim<\/p>\r\n    <a class=\"promotionalLink\" href=\"https:\/\/app.talkpal.ai\/signup?lng=\">Bain triail as Talkpal saor in aisce<\/a>\r\n<\/section>\n<div class=\"wp-block-group pageContainerStyle\"><div class=\"wp-block-group__inner-container is-layout-constrained wp-block-group-is-layout-constrained\">\n<h2 class=\"wp-block-heading\" id=\"h-a-comprehensive-guide-to-mastering-ukrainian-grammar\">Treoir Chuimsitheach maidir le M\u00e1istreacht a dh\u00e9anamh ar Ghramadach na h\u00dacr\u00e1ine<\/h2>\n\n\n\n<p>T\u00e1 an \u00dacr\u00e1inis, teanga \u00e1lainn agus s\u00e9iseach, tar \u00e9is sp\u00e9is mh\u00e9adaitheach a fh\u00e1il \u00f3 dh\u00edograiseoir\u00ed teanga ar fud an domhain. Tugann foghlaim na h\u00dacr\u00e1ine rochtain duit ar oidhreacht chult\u00fartha shaibhir agus cuireann s\u00e9 ar do chumas cumars\u00e1id a dh\u00e9anamh leis na milli\u00fain daoine san \u00dacr\u00e1in agus i dt\u00edortha comharsanacha. C\u00e9 go bhf\u00e9adfadh tumadh isteach i ngramadach na h\u00dacr\u00e1ine a bheith scanr\u00fail ar dt\u00fas, ligfidh bun\u00fas l\u00e1idir duit nuances na teanga a ini\u00fachadh agus a \u00e1illeacht a thuiscint go hioml\u00e1n. Tabharfaidh an t-alt seo treoir duit c\u00e9im ar ch\u00e9im tr\u00ed bhuneilimint\u00ed gramada\u00ed na h\u00dacr\u00e1ine, ag cur in i\u00fal duit do thuras teanga a thos\u00fa go muin\u00edneach.<\/p>\n\n\n\n<h3 class=\"wp-block-heading\" id=\"h-1-mastering-ukrainian-nouns-and-cases\">1. M\u00e1istreacht a dh\u00e9anamh ar ainmfhocail agus c\u00e1sanna na h\u00dacr\u00e1ine<\/h3>\n\n\n\n<p>Gn\u00e9 l\u00e1rnach de ghramadach na h\u00dacr\u00e1ine is ea a ch\u00f3ras c\u00e1sanna. Nuair a \u00fas\u00e1ideann t\u00fa ainmfhocail, n\u00ed m\u00f3r duit a n-inscne a bheith ar eolas agat (firinscneach, baininscneach, n\u00f3 neuter), agus a bheith ar an eolas faoin gcomhth\u00e9acs a d&#8217;fh\u00e9adfadh a bheith ag teast\u00e1il chun athr\u00fa a dh\u00e9anamh ar a gcr\u00edoch. T\u00e1 seacht gc\u00e1s sa teanga \u00dacr\u00e1inis:<\/p>\n\n\n\n<p>&#8211; Nominative: \u00e1bhar abairte<\/p>\n\n\n\n<p>&#8211; Ginideach: l\u00e9ir\u00edonn seilbh, cainn\u00edocht, agus s\u00e9anadh<\/p>\n\n\n\n<p>&#8211; Dative: r\u00e9ad ind\u00edreach n\u00f3 tairiscint i dtreo sprioc<\/p>\n\n\n\n<p>&#8211; Accusative: r\u00e9ad d\u00edreach n\u00f3 gluaiseacht d\u00edrithe ar rud \u00e9igin<\/p>\n\n\n\n<p>\u2013 Uirlise: l\u00e9ir\u00edonn s\u00e9 modh n\u00f3 ionstraim gn\u00edomha\u00edochta<\/p>\n\n\n\n<p>&#8211; Locative: l\u00e9ir\u00edonn su\u00edomh<\/p>\n\n\n\n<p>\u2013 Vocative: used for addressing or calling out to someone<\/p>\n\n\n\n<p>Beidh ort aird a thabhairt ar fhoirceanna ainmfhocail agus ar chlaochl\u00faint\u00ed, mar a athra\u00edonn siad de r\u00e9ir an ch\u00e1is a \u00fas\u00e1idtear, agus inscne agus uimhir an ainmfhocail.<\/p>\n\n\n\n<h3 class=\"wp-block-heading\" id=\"h-2-navigating-the-ukrainian-verb-system\">2. Nasclean\u00faint a dh\u00e9anamh ar ch\u00f3ras briathar na h\u00dacr\u00e1ine<\/h3>\n\n\n\n<p>D\u00e9antar briathra na h\u00dacr\u00e1ine a chomhchuingi\u00fa bunaithe ar an duine, an uimhir, an aimsir, an gi\u00famar agus an guth. San \u00dacr\u00e1inis, t\u00e1 ceithre ghn\u00e9 de bhriathra \u2013 foirfe, neamhfhoirfe, atriallach, agus inceptive:<\/p>\n\n\n\n<p>&#8211; Foirfe: l\u00e9ir\u00edonn s\u00e9 gn\u00edomhartha cr\u00edochnaithe<\/p>\n\n\n\n<p>&#8211; Imperfective: d\u00e9anann s\u00e9 cur s\u00edos ar ghn\u00edomhartha lean\u00fanacha, gn\u00e1th n\u00f3 ar\u00eds agus ar\u00eds eile<\/p>\n\n\n\n<p>&#8211; Atriallach: cuireann s\u00e9 gn\u00edomhartha in i\u00fal ar\u00eds agus ar\u00eds eile in eatramh sonraithe<\/p>\n\n\n\n<p>&#8211; Inceptive: l\u00e9ir\u00edonn t\u00fas gn\u00edomha\u00edochta<\/p>\n\n\n\n<p>Chun nasclean\u00faint a dh\u00e9anamh ar ch\u00f3ras briathar na h\u00dacr\u00e1ine, ba ch\u00f3ir duit dul i dtaith\u00ed ar na tr\u00ed chomhchuingi\u00fa briathar bun\u00fasacha. Is \u00e9ard at\u00e1 i gceist leis an bpr\u00f3iseas comhchuingithe n\u00e1 foircinn fhr\u00e9amh an bhriathra a athr\u00fa de r\u00e9ir an aimsire, gi\u00famar agus \u00e1bhair.<\/p>\n\n\n\n<h3 class=\"wp-block-heading\" id=\"h-3-perfecting-ukrainian-adjectives-and-pronouns\">3. Aidiachta\u00ed agus Forainmneacha na h\u00dacr\u00e1ine a Fhoirfeacht<\/h3>\n\n\n\n<p>Caithfidh aidiachta\u00ed san \u00dacr\u00e1inis aont\u00fa leis an ainmfhocal a thuairisc\u00edonn siad, in inscne, uimhir, agus c\u00e1s. Cialla\u00edonn s\u00e9 seo go gcaithfidh t\u00fa a bheith aireach ar a fhoirceanna, mar go n-athr\u00f3idh siad chun ail\u00edni\u00fa leis an ainmfhocal. Ina theannta sin, is f\u00e9idir le haidiachta\u00ed san \u00dacr\u00e1inis a bheith ina bhfoirmeacha fada n\u00f3 gearr, agus t\u00e1 a \u00fas\u00e1id ag gach ceann acu ag brath ar an gcomhth\u00e9acs.<\/p>\n\n\n\n<p>\u00das\u00e1idtear forainmneacha in ionad ainmfhocail agus caithfidh siad aont\u00fa leis an ainmfhocal a chuireann siad ina n-ionad, in inscne, uimhir, agus c\u00e1s. I measc na bhforainmneacha pearsanta san \u00dacr\u00e1inis t\u00e1 &#8220;\u044f&#8221; (I), &#8220;\u0442\u0438&#8221; (tusa, uatha), &#8220;\u0432\u0456\u043d\/\u0432\u043e\u043d\u0430\/\u0432\u043e\u043d\u043e&#8221; (s\u00e9\/s\u00ed\/s\u00e9), &#8220;\u043c\u0438&#8221; (muid), &#8220;\u0432\u0438&#8221; (tusa, iolra n\u00f3 foirmi\u00fail), agus &#8220;\u0432\u043e\u043d\u0438&#8221; (siad). T\u00e1 forainmneacha sealbhacha, l\u00e9iritheacha agus coibhneasta san \u00dacr\u00e1inis freisin.<\/p>\n\n\n\n<h3 class=\"wp-block-heading\" id=\"h-4-putting-it-all-together-sentence-structure\">4. Ag cur \u00e9 go l\u00e9ir le ch\u00e9ile: Strucht\u00far abairte<\/h3>\n\n\n\n<p>Leanann an \u00dacr\u00e1inis strucht\u00far abairte \u00e1bhar-briathar-r\u00e9ad (SVO), cos\u00fail leis an mB\u00e9arla. Mar sin f\u00e9in, murab ionann agus an <a href=\"https:\/\/talkpal.ai\/learn-english-with-ai\/\">B\u00e9arla<\/a>, t\u00e1 n\u00edos m\u00f3 sol\u00fabthachta ag an \u00dacr\u00e1inis in ord focal mar gheall ar a ch\u00f3ras c\u00e1sanna. Cuireann an tsol\u00fabthacht seo ar chumas cainteoir\u00ed b\u00e9im a leagan ar fhocail n\u00f3 smaointe ar <a href=\"https:\/\/talkpal.ai\/locations\/language-courses-in-leith\/\">leith<\/a> tr\u00ed iad a <a href=\"https:\/\/talkpal.ai\/locations\/language-courses-in-chur\/\">chur<\/a> i bpoist \u00e9ags\u00fala laistigh d&#8217;abairt. C\u00e9 go bhf\u00e9adfadh s\u00e9 go dt\u00f3gfadh s\u00e9 am m\u00e1istreacht a dh\u00e9anamh ar an sol\u00fabthacht seo, cuireann s\u00e9 ar do chumas t\u00fa f\u00e9in a chur in i\u00fal n\u00edos eala\u00edonta agus n\u00edos sreabhach san \u00dacr\u00e1inis.<\/p>\n\n\n\n<h3 class=\"wp-block-heading\" id=\"h-conclusion\">Concl\u00faid<\/h3>\n\n\n\n<p>Agus t\u00fa ag tos\u00fa ar do thuras teanga \u00dacr\u00e1inis, cuimhnigh go dt\u00f3gann s\u00e9 cleachtadh agus buanseasmhacht chun a bheith l\u00edofa sa ghramadach. Cuir eolas ar ghn\u00e9ithe \u00e9ags\u00fala <a href=\"https:\/\/talkpal.ai\/grammar\/\">gramadach<\/a> na h\u00dacr\u00e1ine de r\u00e9ir a ch\u00e9ile, \u00f3 ainmfhocail agus c\u00e1sanna go briathra agus strucht\u00far abairte. Bain sult as an bpr\u00f3iseas foghlama agus taitneamh a bhaint as \u00e1illeacht agus expressiveness na teanga \u00dacr\u00e1inise. \u0412\u0434\u0430\u0447\u0456! (\u00c1dh m\u00f3r!)<\/p>\n<\/div><\/div>\n\r\n<section class=\"learnNavigationSection\">\r\n            \r\n        <a href=\"https:\/\/talkpal.ai\/ga\/foghlaim-ucrainis\/\">\r\n            <div class=\"learnNavigationWrapper\">\r\n                <div class=\"learnNavigationContent\">\r\n                    <img decoding=\"async\" src=\"https:\/\/talkpal.ai\/wp-content\/uploads\/2024\/08\/Ukrainian.jpg\" alt=\"Ukrainian Flag\">\r\n                    <div>\r\n                        <h4>Maidir le Foghlaim na h\u00dacr\u00e1ine<\/h4>\r\n                        <p>Faigh amach gach rud faoi ghramadach na h\u00dacr\u00e1ine.<\/p>\r\n                    <\/div>\r\n                <\/div>\r\n            <\/div>\r\n        <\/a>\r\n\r\n        \r\n        <a href=\"https:\/\/talkpal.ai\/ga\/cleachtai-gramadai-na-hucraine\/\">\r\n            <div class=\"learnNavigationWrapper\">\r\n                <div class=\"learnNavigationContent\">\r\n                    <img decoding=\"async\" src=\"https:\/\/talkpal.ai\/wp-content\/uploads\/2024\/08\/Ukrainian.jpg\" alt=\"Ukrainian Flag\">\r\n                    <div>\r\n                        <h4>Cleachtadh Gramada\u00ed na h\u00dacr\u00e1ine<\/h4>\r\n                        <p>Cleachtadh gramadach na h\u00dacr\u00e1ine.<\/p>\r\n                    <\/div>\r\n                <\/div>\r\n            <\/div>\r\n        <\/a>\r\n\r\n        \r\n        <a href=\"https:\/\/talkpal.ai\/vocabulary_language\/ukrainian\/\">\r\n            <div class=\"learnNavigationWrapper\">\r\n                <div class=\"learnNavigationContent\">\r\n                    <img decoding=\"async\" src=\"https:\/\/talkpal.ai\/wp-content\/uploads\/2024\/08\/Ukrainian.jpg\" alt=\"Ukrainian Flag\">\r\n                    <div>\r\n                        <h4>St\u00f3r Focal na h\u00dacr\u00e1ine<\/h4>\r\n                        <p>Leathnaigh do st\u00f3r focal \u00dacr\u00e1inis.<\/p>\r\n                    <\/div>\r\n                <\/div>\r\n            <\/div>\r\n        <\/a>\r\n\r\n            <\/section>","protected":false},"excerpt":{"rendered":"<p>Treoir Chuimsitheach maidir le M\u00e1istreacht a dh\u00e9anamh ar Ghramadach na h\u00dacr\u00e1ine T\u00e1 an \u00dacr\u00e1inis, teanga \u00e1lainn agus s\u00e9iseach, tar \u00e9is sp\u00e9is mh\u00e9adaitheach a fh\u00e1il \u00f3 dh\u00edograiseoir\u00ed teanga ar fud an domhain. Tugann foghlaim na h\u00dacr\u00e1ine rochtain duit ar oidhreacht chult\u00fartha shaibhir agus cuireann s\u00e9 ar do chumas cumars\u00e1id a dh\u00e9anamh leis na milli\u00fain daoine san [&hellip;]<\/p>\n","protected":false},"author":1,"featured_media":1442540,"parent":0,"menu_order":0,"comment_status":"closed","ping_status":"closed","template":"LearningContentPage.php","meta":{"_acf_changed":false,"footnotes":""},"class_list":["post-1444037","page","type-page","status-publish","has-post-thumbnail","hentry"],"acf":[],"yoast_head":"<!-- This site is optimized with the Yoast SEO Premium plugin v27.2 (Yoast SEO v27.2) - https:\/\/yoast.com\/product\/yoast-seo-premium-wordpress\/ -->\n<title>\u00dacr\u00e1inis gramada\u00ed - Talkpal<\/title>\n<meta name=\"description\" content=\"D\u00edghlas\u00e1il \u00e1illeacht Ghramada\u00ed na h\u00dacr\u00e1ine le leideanna agus l\u00e9argais riachtanacha chun do thuras foghlama teanga a fheabhs\u00fa.\" \/>\n<meta name=\"robots\" content=\"index, follow, max-snippet:-1, max-image-preview:large, max-video-preview:-1\" \/>\n<link rel=\"canonical\" href=\"https:\/\/talkpal.ai\/ga\/ucrainis-gramadai\/\" \/>\n<meta property=\"og:locale\" content=\"ga_IE\" \/>\n<meta property=\"og:type\" content=\"article\" \/>\n<meta property=\"og:title\" content=\"\u00dacr\u00e1inis gramada\u00ed\" \/>\n<meta property=\"og:description\" content=\"Treoir Chuimsitheach maidir le M\u00e1istreacht a dh\u00e9anamh ar Ghramadach na h\u00dacr\u00e1ine T\u00e1 an \u00dacr\u00e1inis, teanga \u00e1lainn agus s\u00e9iseach, tar \u00e9is sp\u00e9is mh\u00e9adaitheach a\" \/>\n<meta property=\"og:url\" content=\"https:\/\/talkpal.ai\/ga\/ucrainis-gramadai\/\" \/>\n<meta property=\"og:site_name\" content=\"Talkpal\" \/>\n<meta property=\"article:publisher\" content=\"https:\/\/www.facebook.com\/profile.php?id=100090733639311\" \/>\n<meta property=\"article:modified_time\" content=\"2025-12-11T16:36:52+00:00\" \/>\n<meta property=\"og:image\" content=\"https:\/\/talkpal.ai\/wp-content\/uploads\/2023\/04\/ukraine.png\" \/>\n\t<meta property=\"og:image:width\" content=\"512\" \/>\n\t<meta property=\"og:image:height\" content=\"512\" \/>\n\t<meta property=\"og:image:type\" content=\"image\/png\" \/>\n<meta name=\"twitter:card\" content=\"summary_large_image\" \/>\n<meta name=\"twitter:site\" content=\"@talkpalai\" \/>\n<meta name=\"twitter:label1\" content=\"Est. reading time\" \/>\n\t<meta name=\"twitter:data1\" content=\"4 minutes\" \/>\n<script type=\"application\/ld+json\" class=\"yoast-schema-graph\">{\"@context\":\"https:\/\/schema.org\",\"@graph\":[{\"@type\":\"WebPage\",\"@id\":\"https:\/\/talkpal.ai\/ga\/ucrainis-gramadai\/\",\"url\":\"https:\/\/talkpal.ai\/ga\/ucrainis-gramadai\/\",\"name\":\"\u00dacr\u00e1inis gramada\u00ed - Talkpal\",\"isPartOf\":{\"@id\":\"https:\/\/talkpal.ai\/ga\/#website\"},\"primaryImageOfPage\":{\"@id\":\"https:\/\/talkpal.ai\/ga\/ucrainis-gramadai\/#primaryimage\"},\"image\":{\"@id\":\"https:\/\/talkpal.ai\/ga\/ucrainis-gramadai\/#primaryimage\"},\"thumbnailUrl\":\"https:\/\/talkpal.ai\/wp-content\/uploads\/2023\/04\/ukraine.png\",\"datePublished\":\"2023-05-14T13:53:24+00:00\",\"dateModified\":\"2025-12-11T16:36:52+00:00\",\"description\":\"D\u00edghlas\u00e1il \u00e1illeacht Ghramada\u00ed na h\u00dacr\u00e1ine le leideanna agus l\u00e9argais riachtanacha chun do thuras foghlama teanga a fheabhs\u00fa.\",\"breadcrumb\":{\"@id\":\"https:\/\/talkpal.ai\/ga\/ucrainis-gramadai\/#breadcrumb\"},\"inLanguage\":\"ga-IE\",\"potentialAction\":[{\"@type\":\"ReadAction\",\"target\":[\"https:\/\/talkpal.ai\/ga\/ucrainis-gramadai\/\"]}]},{\"@type\":\"ImageObject\",\"inLanguage\":\"ga-IE\",\"@id\":\"https:\/\/talkpal.ai\/ga\/ucrainis-gramadai\/#primaryimage\",\"url\":\"https:\/\/talkpal.ai\/wp-content\/uploads\/2023\/04\/ukraine.png\",\"contentUrl\":\"https:\/\/talkpal.ai\/wp-content\/uploads\/2023\/04\/ukraine.png\",\"width\":512,\"height\":512,\"caption\":\"TalkPal Catalan Flag\"},{\"@type\":\"BreadcrumbList\",\"@id\":\"https:\/\/talkpal.ai\/ga\/ucrainis-gramadai\/#breadcrumb\",\"itemListElement\":[{\"@type\":\"ListItem\",\"position\":1,\"name\":\"Homepage\",\"item\":\"https:\/\/talkpal.ai\/ga\/\"},{\"@type\":\"ListItem\",\"position\":2,\"name\":\"\u00dacr\u00e1inis gramada\u00ed\"}]},{\"@type\":\"WebSite\",\"@id\":\"https:\/\/talkpal.ai\/ga\/#website\",\"url\":\"https:\/\/talkpal.ai\/ga\/\",\"name\":\"Talkpal\",\"description\":\"AI Language Learning\",\"publisher\":{\"@id\":\"https:\/\/talkpal.ai\/ga\/#organization\"},\"alternateName\":\"Talkpal AI\",\"potentialAction\":[{\"@type\":\"SearchAction\",\"target\":{\"@type\":\"EntryPoint\",\"urlTemplate\":\"https:\/\/talkpal.ai\/ga\/?s={search_term_string}\"},\"query-input\":{\"@type\":\"PropertyValueSpecification\",\"valueRequired\":true,\"valueName\":\"search_term_string\"}}],\"inLanguage\":\"ga-IE\"},{\"@type\":\"Organization\",\"@id\":\"https:\/\/talkpal.ai\/ga\/#organization\",\"name\":\"Talkpal, Inc.\",\"alternateName\":\"Talkpal AI\",\"url\":\"https:\/\/talkpal.ai\/ga\/\",\"logo\":{\"@type\":\"ImageObject\",\"inLanguage\":\"ga-IE\",\"@id\":\"https:\/\/talkpal.ai\/ga\/#\/schema\/logo\/image\/\",\"url\":\"https:\/\/talkpal.ai\/wp-content\/uploads\/2024\/03\/Talkpal-Logo-Icon.png\",\"contentUrl\":\"https:\/\/talkpal.ai\/wp-content\/uploads\/2024\/03\/Talkpal-Logo-Icon.png\",\"width\":2880,\"height\":2880,\"caption\":\"Talkpal, Inc.\"},\"image\":{\"@id\":\"https:\/\/talkpal.ai\/ga\/#\/schema\/logo\/image\/\"},\"sameAs\":[\"https:\/\/www.facebook.com\/profile.php?id=100090733639311\",\"https:\/\/x.com\/talkpalai\",\"https:\/\/www.linkedin.com\/company\/talkpal\/\",\"https:\/\/www.youtube.com\/@TalkPal\/\",\"https:\/\/www.tiktok.com\/@talkpal\",\"https:\/\/www.instagram.com\/talkpal_ai\/\",\"https:\/\/www.crunchbase.com\/organization\/talkpal-9cde\",\"https:\/\/www.g2.com\/products\/talkpal-for-business\/\",\"https:\/\/www.trustpilot.com\/review\/talkpal.ai\",\"https:\/\/www.capterra.com\/p\/10006800\/TalkPal\/\"],\"description\":\"Talkpal is a language learning web and mobile education app, powered by the latest AI technologies, that provides engaging experiences to its customers in many different languages to help them improve their language skills. Users can chat about unlimited amount of topics with the app and use other modes to practice their language learning.\",\"email\":\"support@talkpal.ai\",\"legalName\":\"Talkpal, Inc.\",\"foundingDate\":\"2023-04-03\",\"duns\":\"118989042\",\"numberOfEmployees\":{\"@type\":\"QuantitativeValue\",\"minValue\":\"11\",\"maxValue\":\"50\"},\"publishingPrinciples\":\"https:\/\/talkpal.ai\/publishing-principles\/\",\"actionableFeedbackPolicy\":\"https:\/\/talkpal.ai\/actionable-feedback-policy\/\",\"correctionsPolicy\":\"https:\/\/talkpal.ai\/corrections-policy\/\",\"ethicsPolicy\":\"https:\/\/talkpal.ai\/ethics-policy\/\",\"diversityPolicy\":\"https:\/\/talkpal.ai\/diversity-policy\/\",\"diversityStaffingReport\":\"https:\/\/talkpal.ai\/diversity-policy\/\"}]}<\/script>\n<!-- \/ Yoast SEO Premium plugin. -->","yoast_head_json":{"title":"\u00dacr\u00e1inis gramada\u00ed - Talkpal","description":"D\u00edghlas\u00e1il \u00e1illeacht Ghramada\u00ed na h\u00dacr\u00e1ine le leideanna agus l\u00e9argais riachtanacha chun do thuras foghlama teanga a fheabhs\u00fa.","robots":{"index":"index","follow":"follow","max-snippet":"max-snippet:-1","max-image-preview":"max-image-preview:large","max-video-preview":"max-video-preview:-1"},"canonical":"https:\/\/talkpal.ai\/ga\/ucrainis-gramadai\/","og_locale":"ga_IE","og_type":"article","og_title":"\u00dacr\u00e1inis gramada\u00ed","og_description":"Treoir Chuimsitheach maidir le M\u00e1istreacht a dh\u00e9anamh ar Ghramadach na h\u00dacr\u00e1ine T\u00e1 an \u00dacr\u00e1inis, teanga \u00e1lainn agus s\u00e9iseach, tar \u00e9is sp\u00e9is mh\u00e9adaitheach a","og_url":"https:\/\/talkpal.ai\/ga\/ucrainis-gramadai\/","og_site_name":"Talkpal","article_publisher":"https:\/\/www.facebook.com\/profile.php?id=100090733639311","article_modified_time":"2025-12-11T16:36:52+00:00","og_image":[{"width":512,"height":512,"url":"https:\/\/talkpal.ai\/wp-content\/uploads\/2023\/04\/ukraine.png","type":"image\/png"}],"twitter_card":"summary_large_image","twitter_site":"@talkpalai","twitter_misc":{"Est. reading time":"4 minutes"},"schema":{"@context":"https:\/\/schema.org","@graph":[{"@type":"WebPage","@id":"https:\/\/talkpal.ai\/ga\/ucrainis-gramadai\/","url":"https:\/\/talkpal.ai\/ga\/ucrainis-gramadai\/","name":"\u00dacr\u00e1inis gramada\u00ed - Talkpal","isPartOf":{"@id":"https:\/\/talkpal.ai\/ga\/#website"},"primaryImageOfPage":{"@id":"https:\/\/talkpal.ai\/ga\/ucrainis-gramadai\/#primaryimage"},"image":{"@id":"https:\/\/talkpal.ai\/ga\/ucrainis-gramadai\/#primaryimage"},"thumbnailUrl":"https:\/\/talkpal.ai\/wp-content\/uploads\/2023\/04\/ukraine.png","datePublished":"2023-05-14T13:53:24+00:00","dateModified":"2025-12-11T16:36:52+00:00","description":"D\u00edghlas\u00e1il \u00e1illeacht Ghramada\u00ed na h\u00dacr\u00e1ine le leideanna agus l\u00e9argais riachtanacha chun do thuras foghlama teanga a fheabhs\u00fa.","breadcrumb":{"@id":"https:\/\/talkpal.ai\/ga\/ucrainis-gramadai\/#breadcrumb"},"inLanguage":"ga-IE","potentialAction":[{"@type":"ReadAction","target":["https:\/\/talkpal.ai\/ga\/ucrainis-gramadai\/"]}]},{"@type":"ImageObject","inLanguage":"ga-IE","@id":"https:\/\/talkpal.ai\/ga\/ucrainis-gramadai\/#primaryimage","url":"https:\/\/talkpal.ai\/wp-content\/uploads\/2023\/04\/ukraine.png","contentUrl":"https:\/\/talkpal.ai\/wp-content\/uploads\/2023\/04\/ukraine.png","width":512,"height":512,"caption":"TalkPal Catalan Flag"},{"@type":"BreadcrumbList","@id":"https:\/\/talkpal.ai\/ga\/ucrainis-gramadai\/#breadcrumb","itemListElement":[{"@type":"ListItem","position":1,"name":"Homepage","item":"https:\/\/talkpal.ai\/ga\/"},{"@type":"ListItem","position":2,"name":"\u00dacr\u00e1inis gramada\u00ed"}]},{"@type":"WebSite","@id":"https:\/\/talkpal.ai\/ga\/#website","url":"https:\/\/talkpal.ai\/ga\/","name":"Talkpal","description":"AI Language Learning","publisher":{"@id":"https:\/\/talkpal.ai\/ga\/#organization"},"alternateName":"Talkpal AI","potentialAction":[{"@type":"SearchAction","target":{"@type":"EntryPoint","urlTemplate":"https:\/\/talkpal.ai\/ga\/?s={search_term_string}"},"query-input":{"@type":"PropertyValueSpecification","valueRequired":true,"valueName":"search_term_string"}}],"inLanguage":"ga-IE"},{"@type":"Organization","@id":"https:\/\/talkpal.ai\/ga\/#organization","name":"Talkpal, Inc.","alternateName":"Talkpal AI","url":"https:\/\/talkpal.ai\/ga\/","logo":{"@type":"ImageObject","inLanguage":"ga-IE","@id":"https:\/\/talkpal.ai\/ga\/#\/schema\/logo\/image\/","url":"https:\/\/talkpal.ai\/wp-content\/uploads\/2024\/03\/Talkpal-Logo-Icon.png","contentUrl":"https:\/\/talkpal.ai\/wp-content\/uploads\/2024\/03\/Talkpal-Logo-Icon.png","width":2880,"height":2880,"caption":"Talkpal, Inc."},"image":{"@id":"https:\/\/talkpal.ai\/ga\/#\/schema\/logo\/image\/"},"sameAs":["https:\/\/www.facebook.com\/profile.php?id=100090733639311","https:\/\/x.com\/talkpalai","https:\/\/www.linkedin.com\/company\/talkpal\/","https:\/\/www.youtube.com\/@TalkPal\/","https:\/\/www.tiktok.com\/@talkpal","https:\/\/www.instagram.com\/talkpal_ai\/","https:\/\/www.crunchbase.com\/organization\/talkpal-9cde","https:\/\/www.g2.com\/products\/talkpal-for-business\/","https:\/\/www.trustpilot.com\/review\/talkpal.ai","https:\/\/www.capterra.com\/p\/10006800\/TalkPal\/"],"description":"Talkpal is a language learning web and mobile education app, powered by the latest AI technologies, that provides engaging experiences to its customers in many different languages to help them improve their language skills. Users can chat about unlimited amount of topics with the app and use other modes to practice their language learning.","email":"support@talkpal.ai","legalName":"Talkpal, Inc.","foundingDate":"2023-04-03","duns":"118989042","numberOfEmployees":{"@type":"QuantitativeValue","minValue":"11","maxValue":"50"},"publishingPrinciples":"https:\/\/talkpal.ai\/publishing-principles\/","actionableFeedbackPolicy":"https:\/\/talkpal.ai\/actionable-feedback-policy\/","correctionsPolicy":"https:\/\/talkpal.ai\/corrections-policy\/","ethicsPolicy":"https:\/\/talkpal.ai\/ethics-policy\/","diversityPolicy":"https:\/\/talkpal.ai\/diversity-policy\/","diversityStaffingReport":"https:\/\/talkpal.ai\/diversity-policy\/"}]}},"_links":{"self":[{"href":"https:\/\/talkpal.ai\/ga\/wp-json\/wp\/v2\/pages\/1444037","targetHints":{"allow":["GET"]}}],"collection":[{"href":"https:\/\/talkpal.ai\/ga\/wp-json\/wp\/v2\/pages"}],"about":[{"href":"https:\/\/talkpal.ai\/ga\/wp-json\/wp\/v2\/types\/page"}],"author":[{"embeddable":true,"href":"https:\/\/talkpal.ai\/ga\/wp-json\/wp\/v2\/users\/1"}],"replies":[{"embeddable":true,"href":"https:\/\/talkpal.ai\/ga\/wp-json\/wp\/v2\/comments?post=1444037"}],"version-history":[{"count":0,"href":"https:\/\/talkpal.ai\/ga\/wp-json\/wp\/v2\/pages\/1444037\/revisions"}],"wp:featuredmedia":[{"embeddable":true,"href":"https:\/\/talkpal.ai\/ga\/wp-json\/wp\/v2\/media\/1442540"}],"wp:attachment":[{"href":"https:\/\/talkpal.ai\/ga\/wp-json\/wp\/v2\/media?parent=1444037"}],"curies":[{"name":"wp","href":"https:\/\/api.w.org\/{rel}","templated":true}]}}