{"id":1444036,"date":"2023-05-14T13:59:42","date_gmt":"2023-05-14T13:59:42","guid":{"rendered":"https:\/\/talkpal.ai\/gramadach-na-bealaruise\/"},"modified":"2025-09-06T19:21:15","modified_gmt":"2025-09-06T19:21:15","slug":"gramadach-na-bealaruise","status":"publish","type":"page","link":"https:\/\/talkpal.ai\/ga\/gramadach-na-bealaruise\/","title":{"rendered":"Gramadach na Bealar\u00faise"},"content":{"rendered":"\r\n\r\n\r\n<section class=\"languageChallengeSection\">\r\n    <div class=\"languageInfoWrapper\">\r\n        \r\n        <h1>Gramadach na Bealar\u00faise<\/h1>\r\n        <p>Faigh amach \u00e1illeacht agus saibhreas na Bealar\u00faise tr\u00ed a rialacha gramada\u00ed bun\u00fasacha a fhoghlaim. Cuideoidh tuiscint l\u00e1idir ar ghramadach na Bealar\u00faise leat cumars\u00e1id a dh\u00e9anamh go muin\u00edneach agus ceangal a dh\u00e9anamh le cult\u00far na Bealar\u00faise. L\u00e9im isteach anois agus cuir t\u00fas le do thuras chun m\u00e1istreacht a dh\u00e9anamh ar an mBealar\u00faisis inniu!<\/p>\r\n\r\n                            <a class=\"getStartedHidden\" href=\"https:\/\/app.talkpal.ai\/signup?lng=\">Tosaigh<\/a>\r\n        \r\n    <\/div>\r\n\r\n    <figure>\r\n    <img decoding=\"async\" width=\"768\" height=\"768\" src=\"https:\/\/talkpal.ai\/wp-content\/uploads\/2023\/06\/belarusian-768x768.png\" class=\"languageImage no-lazy\" alt=\"Language learning for academic excellence\" fetchpriority=\"high\" sizes=\"(max-width: 768px) 150px, 768px\" srcset=\"https:\/\/talkpal.ai\/wp-content\/uploads\/2023\/06\/belarusian-768x768.png 768w, https:\/\/talkpal.ai\/wp-content\/uploads\/2023\/06\/belarusian-300x300.png 300w\" \/>\r\n    \r\n\r\n    <\/figure>\r\n\r\n            <a class=\"getStartedVisible\" href=\"https:\/\/app.talkpal.ai\/signup?lng=\">Tosaigh<\/a>\r\n    \r\n<\/section>\r\n<section class=\"promotionalBanner\">\r\n    <p class=\"promotionalText\">An bealach is \u00e9ifeachta\u00ed le teanga a fhoghlaim<\/p>\r\n    <a class=\"promotionalLink\" href=\"https:\/\/app.talkpal.ai\/signup?lng=\">Bain triail as Talkpal saor in aisce<\/a>\r\n<\/section>\n<div class=\"wp-block-group pageContainerStyle\"><div class=\"wp-block-group__inner-container is-layout-constrained wp-block-group-is-layout-constrained\">\n<h2 class=\"wp-block-heading\" id=\"h-belarusian-grammar-a-closer-look-at-the-slavic-language-s-intricacies\">Gramadach na Bealar\u00faise: Sracfh\u00e9achaint n\u00edos dl\u00faithe ar intricacies na teanga Slava\u00ed<\/h2>\n\n\n\n<p>An polaglot uaillmhianach th\u00fa a bhfuil sp\u00e9is agat i dteangacha Slavacha? N\u00f3 b&#8217;fh\u00e9idir go bhfuil t\u00fa fiosrach faoi chastachta\u00ed gramada\u00ed teangacha an r\u00e9igi\u00fain sp\u00e9isi\u00fail seo? M\u00e1s ea, b\u00facla suas! San alt seo, t\u00e1imid chun ini\u00fachadh a dh\u00e9anamh ar shaol iontach <a href=\"https:\/\/talkpal.ai\/ga\/cleachtai-gramadai-na-hisiltire\/\">gramada\u00ed na<\/a> Bealar\u00faise, ball den teaghlach teangacha Slavach nach bhfuil chomh c\u00e1ili\u00fail ach suimi\u00fail.<\/p>\n\n\n\n<p>D\u00e9anaimis tumadh isteach, an bhfuil?<\/p>\n\n\n\n<h3 class=\"wp-block-heading\" id=\"h-first-things-first-what-is-belarusian\">An ch\u00e9ad rud ar dt\u00fas: Cad is Bealar\u00faisis ann?<\/h3>\n\n\n\n<p>Is \u00ed an Bhealar\u00faisis teanga oifigi\u00fail na Bealar\u00faise, t\u00edr thalamhiata at\u00e1 suite in Oirthear na hEorpa idir an R\u00fais, an \u00dacr\u00e1in, an Pholainn, an Liotu\u00e1in agus an Laitvia. Le thart ar 7.9 milli\u00fan cainteoir, t\u00e1 mealladh mealltach ag an mBealar\u00faisis do theangeolaithe agus do dh\u00edograiseoir\u00ed teanga araon. Mar theanga Shlavach, t\u00e1 go leor cos\u00falachta\u00ed ag an mBealar\u00faisis leis an <a href=\"https:\/\/talkpal.ai\/learn-russian\/\">R\u00faisis<\/a>, leis an \u00dacr\u00e1inis agus leis an <a href=\"https:\/\/talkpal.ai\/learn-polish\/\">Polainnis<\/a>; \u00e1fach, cuims\u00edonn s\u00e9 a thr\u00e9ithe uath\u00fala f\u00e9in freisin a leagann amach \u00e9 \u00f3na dhearth\u00e1ireacha.<\/p>\n\n\n\n<h3 class=\"wp-block-heading\" id=\"h-the-building-blocks-nouns-pronouns-and-cases\">Na Bloic Th\u00f3g\u00e1la: Ainmfhocail, Forainmneacha, agus C\u00e1sanna<\/h3>\n\n\n\n<p>Cos\u00fail le teangacha Slavacha eile, t\u00e1 <a href=\"https:\/\/talkpal.ai\/grammar\/\">gramadach<\/a> na Bealar\u00faise timpeall ar infhilleadh focal. Cialla\u00edonn s\u00e9 seo go n-athra\u00edonn foircinn na bhfocal de r\u00e9ir a bhfeidhme gramada\u00ed in abairt. T\u00e1 s\u00e9 seo is soil\u00e9ire in ainmfhocail, forainmneacha, agus aidiachta\u00ed nuair a \u00fas\u00e1idtear iad i gc\u00e1sanna \u00e9ags\u00fala. T\u00e1 s\u00e9 ch\u00e1s sa Bhealar\u00faisis, agus is iad seo a leanas:<\/p>\n\n\n\n<p><strong>1. Nominative \u2013 l\u00e9ir\u00edonn s\u00e9 \u00e1bhar abairte<\/strong><\/p>\n\n\n\n<p><strong>2. Ginideach \u2013 l\u00e9ir\u00edonn seilbh n\u00f3 an r\u00e9ad s\u00e9anadh<\/strong><\/p>\n\n\n\n<p><strong>3. Dative \u2013 marc\u00e1lann s\u00e9 cusp\u00f3ir ind\u00edreach abairte<\/strong><\/p>\n\n\n\n<p><strong>4. Accusative \u2013 signifies the direct object of a sentence<\/strong><\/p>\n\n\n\n<p><strong>5. Uirlise \u2013 l\u00e9ir\u00edonn s\u00e9 an modh n\u00f3 an modh tr\u00edna nd\u00e9antar gn\u00edomh<\/strong><\/p>\n\n\n\n<p><strong>6. Prepositional n\u00f3 Locative \u2013 sonra\u00edonn s\u00e9 su\u00edomh n\u00f3 cusp\u00f3ir na r\u00e9amhfhocail<\/strong><\/p>\n\n\n\n<p>Chomh maith le c\u00e1sanna, t\u00e1 tr\u00ed inscne (firinscneach, baininscneach, agus neuter) agus dh\u00e1 uimhir (uatha agus iolra) ag ainmfhocail na Bealar\u00faise. T\u00e1 foircinn\u00ed sonracha ag gach teaglaim inscne agus uimhreacha i ngach c\u00e1s, rud a fh\u00e1gann go bhfuil s\u00e9 r\u00edth\u00e1bhachtach iad seo a <a href=\"https:\/\/talkpal.ai\/locations\/language-courses-in-chur\/\">chur<\/a> de ghlanmheabhair chun abairt\u00ed gramada\u00ed a th\u00f3g\u00e1il.<\/p>\n\n\n\n<h3 class=\"wp-block-heading\" id=\"h-let-s-talk-verbs-tenses-aspects-and-moods\">Let&#8217;s Talk Verbs: Tenses, Aspects, and Moods<\/h3>\n\n\n\n<p>T\u00e1 briathra na Bealar\u00faise iontach casta, l\u00e1n de nuance agus intriccy. T\u00e1 tr\u00ed aimsir acu (am at\u00e1 caite, i l\u00e1thair agus sa todhcha\u00ed), dh\u00e1 ghn\u00e9 (foirfe agus neamhfhoirfe), chomh maith le tr\u00ed ghi\u00famar (t\u00e1scach, imperative, agus coinn\u00edollach). Is \u00e9 an rud a dh\u00e9anann briathra na Bealar\u00faise a sheasamh amach \u00f3 theangacha Slavacha eile n\u00e1 an \u00fas\u00e1id fhorleathan a bhaintear as gn\u00e9.<\/p>\n\n\n\n<p>Tagra\u00edonn gn\u00e9 do cib\u00e9 an bhfeictear gn\u00edomh mar ghn\u00edomh cr\u00edochnaithe (foirfe) n\u00f3 lean\u00fanach (neamhfhoirfe). Tagann go leor briathra i mbeirteanna a l\u00e9ir\u00edonn na gn\u00e9ithe \u00e9ags\u00fala, go minic tr\u00ed r\u00e9im\u00edr n\u00f3 iarmh\u00edr uath\u00fail a \u00fas\u00e1id. T\u00e1 m\u00e1istreacht ar ghn\u00e9 riachtanach chun tuiscint a fh\u00e1il ar chaolch\u00fais\u00ed na teanga Bealar\u00faise.<\/p>\n\n\n\n<h3 class=\"wp-block-heading\" id=\"h-adjectives-adverbs-and-other-delights\">Aidiachta\u00ed, Adverbs, agus Delights Eile<\/h3>\n\n\n\n<p>Aonta\u00edonn aidiachta\u00ed na Bealar\u00faise leis na hainmfhocail a mhodhna\u00edonn siad i dt\u00e9arma\u00ed inscne, uimhreacha agus c\u00e1s. T\u00e1 foirmeacha compar\u00e1ideacha agus superlative acu freisin chun c\u00e9imeanna \u00e9ags\u00fala c\u00e1il\u00edochta\u00ed a chur in i\u00fal. Ina theannta sin, d\u00edortha\u00edtear go leor adverbs \u00f3 aidiachta\u00ed tr\u00edd an iarmh\u00edr &#8216;-\u0430&#8217; le haghaidh firinscneach agus &#8216;-\u044b&#8217; le haghaidh baininscneach a chur leis.<\/p>\n\n\n\n<p>T\u00e1 r\u00e9imse suimi\u00fail comhcheangail, r\u00e9amhfhocail, uimhreacha agus c\u00e1ithn\u00edn\u00ed sa Bhealar\u00fais freisin chun cabhr\u00fa leat abairt\u00ed ilchasta agus l\u00e9iritheacha a chruth\u00fa. Le go leor cleachtais, is gearr go mbeidh t\u00fa in ann do chuid focal a fh\u00ed le ch\u00e9ile cos\u00fail le f\u00edor-bheantar\u00faisis.<\/p>\n\n\n\n<h3 class=\"wp-block-heading\" id=\"h-in-closing-the-magic-of-belarusian-grammar\">Mar fhocal scoir: Dra\u00edocht Ghramada\u00ed na Bealar\u00faise<\/h3>\n\n\n\n<p>Ar an gc\u00e9ad amharc, d&#8217;fh\u00e9adfadh <a href=\"https:\/\/talkpal.ai\/grammar\/\">gramadach<\/a> na Bealar\u00faise a bheith scanr\u00fail. Mar sin f\u00e9in, de r\u00e9ir mar a th\u00e9ann t\u00fa n\u00edos doichne isteach ina taip\u00e9is shaibhir de ch\u00e1sanna, gn\u00e9ithe, agus quirks teangeola\u00edochta eile, gheobhaidh t\u00fa amach teanga at\u00e1 l\u00e1n de dhoimhneacht, nuance agus expressiveness. N\u00ed hamh\u00e1in go dtabharfaidh t\u00fa tuiscint n\u00edos fearr duit ar theaghlach na Slavach i gcoitinne ach tabharfaidh s\u00e9 rochtain duit ar chult\u00far \u00e1lainn agus br\u00edomhar at\u00e1 ag fanacht le do thaisc\u00e9ala\u00edocht.<\/p>\n\n\n\n<p>Anois, armtha le tuiscint <a href=\"https:\/\/talkpal.ai\/talkpal-new-years-discount\/\">nua<\/a> ar ghramadach na Bealar\u00faise, c\u00e9n f\u00e1th nach dtumf\u00e1 n\u00edos doimhne sa teanga sp\u00e9isi\u00fail seo? C\u00e9 a fhios &#8211; b&#8217;fh\u00e9idir l\u00e1 amh\u00e1in, go bhfaighidh t\u00fa t\u00fa f\u00e9in ag spaisteoireacht tr\u00ed shr\u00e1ideanna Minsc, ag comhr\u00e1 gan str\u00f3 le muintir na h\u00e1ite ina dteanga dh\u00fachais. Foghlaim shona!<\/p>\n<\/div><\/div>\n\r\n<section class=\"learnNavigationSection\">\r\n            \r\n        <a href=\"https:\/\/talkpal.ai\/ga\/foghlaim-bealaruisis\/\">\r\n            <div class=\"learnNavigationWrapper\">\r\n                <div class=\"learnNavigationContent\">\r\n                    <img decoding=\"async\" src=\"https:\/\/talkpal.ai\/wp-content\/uploads\/2024\/08\/Belarusian.jpg\" alt=\"Belarusian Flag\">\r\n                    <div>\r\n                        <h4>Maidir le Foghlaim na Bealar\u00faise<\/h4>\r\n                        <p>Faigh amach gach rud faoi ghramadach na Bealar\u00faise.<\/p>\r\n                    <\/div>\r\n                <\/div>\r\n            <\/div>\r\n        <\/a>\r\n\r\n        \r\n        <a href=\"https:\/\/talkpal.ai\/ga\/cleachtai-gramadai-na-bealaruisise\/\">\r\n            <div class=\"learnNavigationWrapper\">\r\n                <div class=\"learnNavigationContent\">\r\n                    <img decoding=\"async\" src=\"https:\/\/talkpal.ai\/wp-content\/uploads\/2024\/08\/Belarusian.jpg\" alt=\"Belarusian Flag\">\r\n                    <div>\r\n                        <h4>Cleachtadh Gramada\u00ed na Bealar\u00faise<\/h4>\r\n                        <p>Cleachtadh gramadach na Bealar\u00faise.<\/p>\r\n                    <\/div>\r\n                <\/div>\r\n            <\/div>\r\n        <\/a>\r\n\r\n        \r\n        <a href=\"https:\/\/talkpal.ai\/vocabulary_language\/belarusian\/\">\r\n            <div class=\"learnNavigationWrapper\">\r\n                <div class=\"learnNavigationContent\">\r\n                    <img decoding=\"async\" src=\"https:\/\/talkpal.ai\/wp-content\/uploads\/2024\/08\/Belarusian.jpg\" alt=\"Belarusian Flag\">\r\n                    <div>\r\n                        <h4>St\u00f3r Focal na Bealar\u00faise<\/h4>\r\n                        <p>Leathnaigh do st\u00f3r focal Bealar\u00faisis.<\/p>\r\n                    <\/div>\r\n                <\/div>\r\n            <\/div>\r\n        <\/a>\r\n\r\n            <\/section>","protected":false},"excerpt":{"rendered":"<p>Gramadach na Bealar\u00faise: Sracfh\u00e9achaint n\u00edos dl\u00faithe ar intricacies na teanga Slava\u00ed An polaglot uaillmhianach th\u00fa a bhfuil sp\u00e9is agat i dteangacha Slavacha? N\u00f3 b&#8217;fh\u00e9idir go bhfuil t\u00fa fiosrach faoi chastachta\u00ed gramada\u00ed teangacha an r\u00e9igi\u00fain sp\u00e9isi\u00fail seo? M\u00e1s ea, b\u00facla suas! San alt seo, t\u00e1imid chun ini\u00fachadh a dh\u00e9anamh ar shaol iontach gramada\u00ed na Bealar\u00faise, ball [&hellip;]<\/p>\n","protected":false},"author":1,"featured_media":1444038,"parent":0,"menu_order":0,"comment_status":"closed","ping_status":"closed","template":"LearningContentPage.php","meta":{"_acf_changed":false,"footnotes":""},"class_list":["post-1444036","page","type-page","status-publish","has-post-thumbnail","hentry"],"acf":[],"yoast_head":"<!-- This site is optimized with the Yoast SEO Premium plugin v27.2 (Yoast SEO v27.2) - https:\/\/yoast.com\/product\/yoast-seo-premium-wordpress\/ -->\n<title>Gramadach na Bealar\u00faise - Talkpal<\/title>\n<meta name=\"description\" content=\"M\u00e1istreacht ar Ghramadach na Bealar\u00faise gan str\u00f3 le TalkPal, do theagasc\u00f3ir teanga faoi thiom\u00e1int AI. Faigh m\u00ednithe soil\u00e9ire, leideanna cabhracha, agus cleachta\u00ed idirghn\u00edomhacha!\" \/>\n<meta name=\"robots\" content=\"index, follow, max-snippet:-1, max-image-preview:large, max-video-preview:-1\" \/>\n<link rel=\"canonical\" href=\"https:\/\/talkpal.ai\/ga\/gramadach-na-bealaruise\/\" \/>\n<meta property=\"og:locale\" content=\"ga_IE\" \/>\n<meta property=\"og:type\" content=\"article\" \/>\n<meta property=\"og:title\" content=\"Gramadach na Bealar\u00faise\" \/>\n<meta property=\"og:description\" content=\"Gramadach na Bealar\u00faise: Sracfh\u00e9achaint n\u00edos dl\u00faithe ar intricacies na teanga Slava\u00ed An polaglot uaillmhianach th\u00fa a bhfuil sp\u00e9is agat i dteangacha\" \/>\n<meta property=\"og:url\" content=\"https:\/\/talkpal.ai\/ga\/gramadach-na-bealaruise\/\" \/>\n<meta property=\"og:site_name\" content=\"Talkpal\" \/>\n<meta property=\"article:publisher\" content=\"https:\/\/www.facebook.com\/profile.php?id=100090733639311\" \/>\n<meta property=\"article:modified_time\" content=\"2025-09-06T19:21:15+00:00\" \/>\n<meta property=\"og:image\" content=\"https:\/\/talkpal.ai\/wp-content\/uploads\/2023\/05\/belarus.png\" \/>\n\t<meta property=\"og:image:width\" content=\"512\" \/>\n\t<meta property=\"og:image:height\" content=\"512\" \/>\n\t<meta property=\"og:image:type\" content=\"image\/png\" \/>\n<meta name=\"twitter:card\" content=\"summary_large_image\" \/>\n<meta name=\"twitter:site\" content=\"@talkpalai\" \/>\n<meta name=\"twitter:label1\" content=\"Est. reading time\" \/>\n\t<meta name=\"twitter:data1\" content=\"4 minutes\" \/>\n<script type=\"application\/ld+json\" class=\"yoast-schema-graph\">{\"@context\":\"https:\/\/schema.org\",\"@graph\":[{\"@type\":\"WebPage\",\"@id\":\"https:\/\/talkpal.ai\/ga\/gramadach-na-bealaruise\/\",\"url\":\"https:\/\/talkpal.ai\/ga\/gramadach-na-bealaruise\/\",\"name\":\"Gramadach na Bealar\u00faise - Talkpal\",\"isPartOf\":{\"@id\":\"https:\/\/talkpal.ai\/ga\/#website\"},\"primaryImageOfPage\":{\"@id\":\"https:\/\/talkpal.ai\/ga\/gramadach-na-bealaruise\/#primaryimage\"},\"image\":{\"@id\":\"https:\/\/talkpal.ai\/ga\/gramadach-na-bealaruise\/#primaryimage\"},\"thumbnailUrl\":\"https:\/\/talkpal.ai\/wp-content\/uploads\/2023\/05\/belarus.png\",\"datePublished\":\"2023-05-14T13:59:42+00:00\",\"dateModified\":\"2025-09-06T19:21:15+00:00\",\"description\":\"M\u00e1istreacht ar Ghramadach na Bealar\u00faise gan str\u00f3 le TalkPal, do theagasc\u00f3ir teanga faoi thiom\u00e1int AI. Faigh m\u00ednithe soil\u00e9ire, leideanna cabhracha, agus cleachta\u00ed idirghn\u00edomhacha!\",\"breadcrumb\":{\"@id\":\"https:\/\/talkpal.ai\/ga\/gramadach-na-bealaruise\/#breadcrumb\"},\"inLanguage\":\"ga-IE\",\"potentialAction\":[{\"@type\":\"ReadAction\",\"target\":[\"https:\/\/talkpal.ai\/ga\/gramadach-na-bealaruise\/\"]}]},{\"@type\":\"ImageObject\",\"inLanguage\":\"ga-IE\",\"@id\":\"https:\/\/talkpal.ai\/ga\/gramadach-na-bealaruise\/#primaryimage\",\"url\":\"https:\/\/talkpal.ai\/wp-content\/uploads\/2023\/05\/belarus.png\",\"contentUrl\":\"https:\/\/talkpal.ai\/wp-content\/uploads\/2023\/05\/belarus.png\",\"width\":512,\"height\":512,\"caption\":\"TalkPal Belarus Flag\"},{\"@type\":\"BreadcrumbList\",\"@id\":\"https:\/\/talkpal.ai\/ga\/gramadach-na-bealaruise\/#breadcrumb\",\"itemListElement\":[{\"@type\":\"ListItem\",\"position\":1,\"name\":\"Homepage\",\"item\":\"https:\/\/talkpal.ai\/ga\/\"},{\"@type\":\"ListItem\",\"position\":2,\"name\":\"Gramadach na Bealar\u00faise\"}]},{\"@type\":\"WebSite\",\"@id\":\"https:\/\/talkpal.ai\/ga\/#website\",\"url\":\"https:\/\/talkpal.ai\/ga\/\",\"name\":\"Talkpal\",\"description\":\"AI Language Learning\",\"publisher\":{\"@id\":\"https:\/\/talkpal.ai\/ga\/#organization\"},\"alternateName\":\"Talkpal AI\",\"potentialAction\":[{\"@type\":\"SearchAction\",\"target\":{\"@type\":\"EntryPoint\",\"urlTemplate\":\"https:\/\/talkpal.ai\/ga\/?s={search_term_string}\"},\"query-input\":{\"@type\":\"PropertyValueSpecification\",\"valueRequired\":true,\"valueName\":\"search_term_string\"}}],\"inLanguage\":\"ga-IE\"},{\"@type\":\"Organization\",\"@id\":\"https:\/\/talkpal.ai\/ga\/#organization\",\"name\":\"Talkpal, Inc.\",\"alternateName\":\"Talkpal AI\",\"url\":\"https:\/\/talkpal.ai\/ga\/\",\"logo\":{\"@type\":\"ImageObject\",\"inLanguage\":\"ga-IE\",\"@id\":\"https:\/\/talkpal.ai\/ga\/#\/schema\/logo\/image\/\",\"url\":\"https:\/\/talkpal.ai\/wp-content\/uploads\/2024\/03\/Talkpal-Logo-Icon.png\",\"contentUrl\":\"https:\/\/talkpal.ai\/wp-content\/uploads\/2024\/03\/Talkpal-Logo-Icon.png\",\"width\":2880,\"height\":2880,\"caption\":\"Talkpal, Inc.\"},\"image\":{\"@id\":\"https:\/\/talkpal.ai\/ga\/#\/schema\/logo\/image\/\"},\"sameAs\":[\"https:\/\/www.facebook.com\/profile.php?id=100090733639311\",\"https:\/\/x.com\/talkpalai\",\"https:\/\/www.linkedin.com\/company\/talkpal\/\",\"https:\/\/www.youtube.com\/@TalkPal\/\",\"https:\/\/www.tiktok.com\/@talkpal\",\"https:\/\/www.instagram.com\/talkpal_ai\/\",\"https:\/\/www.crunchbase.com\/organization\/talkpal-9cde\",\"https:\/\/www.g2.com\/products\/talkpal-for-business\/\",\"https:\/\/www.trustpilot.com\/review\/talkpal.ai\",\"https:\/\/www.capterra.com\/p\/10006800\/TalkPal\/\"],\"description\":\"Talkpal is a language learning web and mobile education app, powered by the latest AI technologies, that provides engaging experiences to its customers in many different languages to help them improve their language skills. Users can chat about unlimited amount of topics with the app and use other modes to practice their language learning.\",\"email\":\"support@talkpal.ai\",\"legalName\":\"Talkpal, Inc.\",\"foundingDate\":\"2023-04-03\",\"duns\":\"118989042\",\"numberOfEmployees\":{\"@type\":\"QuantitativeValue\",\"minValue\":\"11\",\"maxValue\":\"50\"},\"publishingPrinciples\":\"https:\/\/talkpal.ai\/publishing-principles\/\",\"actionableFeedbackPolicy\":\"https:\/\/talkpal.ai\/actionable-feedback-policy\/\",\"correctionsPolicy\":\"https:\/\/talkpal.ai\/corrections-policy\/\",\"ethicsPolicy\":\"https:\/\/talkpal.ai\/ethics-policy\/\",\"diversityPolicy\":\"https:\/\/talkpal.ai\/diversity-policy\/\",\"diversityStaffingReport\":\"https:\/\/talkpal.ai\/diversity-policy\/\"}]}<\/script>\n<!-- \/ Yoast SEO Premium plugin. -->","yoast_head_json":{"title":"Gramadach na Bealar\u00faise - Talkpal","description":"M\u00e1istreacht ar Ghramadach na Bealar\u00faise gan str\u00f3 le TalkPal, do theagasc\u00f3ir teanga faoi thiom\u00e1int AI. Faigh m\u00ednithe soil\u00e9ire, leideanna cabhracha, agus cleachta\u00ed idirghn\u00edomhacha!","robots":{"index":"index","follow":"follow","max-snippet":"max-snippet:-1","max-image-preview":"max-image-preview:large","max-video-preview":"max-video-preview:-1"},"canonical":"https:\/\/talkpal.ai\/ga\/gramadach-na-bealaruise\/","og_locale":"ga_IE","og_type":"article","og_title":"Gramadach na Bealar\u00faise","og_description":"Gramadach na Bealar\u00faise: Sracfh\u00e9achaint n\u00edos dl\u00faithe ar intricacies na teanga Slava\u00ed An polaglot uaillmhianach th\u00fa a bhfuil sp\u00e9is agat i dteangacha","og_url":"https:\/\/talkpal.ai\/ga\/gramadach-na-bealaruise\/","og_site_name":"Talkpal","article_publisher":"https:\/\/www.facebook.com\/profile.php?id=100090733639311","article_modified_time":"2025-09-06T19:21:15+00:00","og_image":[{"width":512,"height":512,"url":"https:\/\/talkpal.ai\/wp-content\/uploads\/2023\/05\/belarus.png","type":"image\/png"}],"twitter_card":"summary_large_image","twitter_site":"@talkpalai","twitter_misc":{"Est. reading time":"4 minutes"},"schema":{"@context":"https:\/\/schema.org","@graph":[{"@type":"WebPage","@id":"https:\/\/talkpal.ai\/ga\/gramadach-na-bealaruise\/","url":"https:\/\/talkpal.ai\/ga\/gramadach-na-bealaruise\/","name":"Gramadach na Bealar\u00faise - Talkpal","isPartOf":{"@id":"https:\/\/talkpal.ai\/ga\/#website"},"primaryImageOfPage":{"@id":"https:\/\/talkpal.ai\/ga\/gramadach-na-bealaruise\/#primaryimage"},"image":{"@id":"https:\/\/talkpal.ai\/ga\/gramadach-na-bealaruise\/#primaryimage"},"thumbnailUrl":"https:\/\/talkpal.ai\/wp-content\/uploads\/2023\/05\/belarus.png","datePublished":"2023-05-14T13:59:42+00:00","dateModified":"2025-09-06T19:21:15+00:00","description":"M\u00e1istreacht ar Ghramadach na Bealar\u00faise gan str\u00f3 le TalkPal, do theagasc\u00f3ir teanga faoi thiom\u00e1int AI. Faigh m\u00ednithe soil\u00e9ire, leideanna cabhracha, agus cleachta\u00ed idirghn\u00edomhacha!","breadcrumb":{"@id":"https:\/\/talkpal.ai\/ga\/gramadach-na-bealaruise\/#breadcrumb"},"inLanguage":"ga-IE","potentialAction":[{"@type":"ReadAction","target":["https:\/\/talkpal.ai\/ga\/gramadach-na-bealaruise\/"]}]},{"@type":"ImageObject","inLanguage":"ga-IE","@id":"https:\/\/talkpal.ai\/ga\/gramadach-na-bealaruise\/#primaryimage","url":"https:\/\/talkpal.ai\/wp-content\/uploads\/2023\/05\/belarus.png","contentUrl":"https:\/\/talkpal.ai\/wp-content\/uploads\/2023\/05\/belarus.png","width":512,"height":512,"caption":"TalkPal Belarus Flag"},{"@type":"BreadcrumbList","@id":"https:\/\/talkpal.ai\/ga\/gramadach-na-bealaruise\/#breadcrumb","itemListElement":[{"@type":"ListItem","position":1,"name":"Homepage","item":"https:\/\/talkpal.ai\/ga\/"},{"@type":"ListItem","position":2,"name":"Gramadach na Bealar\u00faise"}]},{"@type":"WebSite","@id":"https:\/\/talkpal.ai\/ga\/#website","url":"https:\/\/talkpal.ai\/ga\/","name":"Talkpal","description":"AI Language Learning","publisher":{"@id":"https:\/\/talkpal.ai\/ga\/#organization"},"alternateName":"Talkpal AI","potentialAction":[{"@type":"SearchAction","target":{"@type":"EntryPoint","urlTemplate":"https:\/\/talkpal.ai\/ga\/?s={search_term_string}"},"query-input":{"@type":"PropertyValueSpecification","valueRequired":true,"valueName":"search_term_string"}}],"inLanguage":"ga-IE"},{"@type":"Organization","@id":"https:\/\/talkpal.ai\/ga\/#organization","name":"Talkpal, Inc.","alternateName":"Talkpal AI","url":"https:\/\/talkpal.ai\/ga\/","logo":{"@type":"ImageObject","inLanguage":"ga-IE","@id":"https:\/\/talkpal.ai\/ga\/#\/schema\/logo\/image\/","url":"https:\/\/talkpal.ai\/wp-content\/uploads\/2024\/03\/Talkpal-Logo-Icon.png","contentUrl":"https:\/\/talkpal.ai\/wp-content\/uploads\/2024\/03\/Talkpal-Logo-Icon.png","width":2880,"height":2880,"caption":"Talkpal, Inc."},"image":{"@id":"https:\/\/talkpal.ai\/ga\/#\/schema\/logo\/image\/"},"sameAs":["https:\/\/www.facebook.com\/profile.php?id=100090733639311","https:\/\/x.com\/talkpalai","https:\/\/www.linkedin.com\/company\/talkpal\/","https:\/\/www.youtube.com\/@TalkPal\/","https:\/\/www.tiktok.com\/@talkpal","https:\/\/www.instagram.com\/talkpal_ai\/","https:\/\/www.crunchbase.com\/organization\/talkpal-9cde","https:\/\/www.g2.com\/products\/talkpal-for-business\/","https:\/\/www.trustpilot.com\/review\/talkpal.ai","https:\/\/www.capterra.com\/p\/10006800\/TalkPal\/"],"description":"Talkpal is a language learning web and mobile education app, powered by the latest AI technologies, that provides engaging experiences to its customers in many different languages to help them improve their language skills. Users can chat about unlimited amount of topics with the app and use other modes to practice their language learning.","email":"support@talkpal.ai","legalName":"Talkpal, Inc.","foundingDate":"2023-04-03","duns":"118989042","numberOfEmployees":{"@type":"QuantitativeValue","minValue":"11","maxValue":"50"},"publishingPrinciples":"https:\/\/talkpal.ai\/publishing-principles\/","actionableFeedbackPolicy":"https:\/\/talkpal.ai\/actionable-feedback-policy\/","correctionsPolicy":"https:\/\/talkpal.ai\/corrections-policy\/","ethicsPolicy":"https:\/\/talkpal.ai\/ethics-policy\/","diversityPolicy":"https:\/\/talkpal.ai\/diversity-policy\/","diversityStaffingReport":"https:\/\/talkpal.ai\/diversity-policy\/"}]}},"_links":{"self":[{"href":"https:\/\/talkpal.ai\/ga\/wp-json\/wp\/v2\/pages\/1444036","targetHints":{"allow":["GET"]}}],"collection":[{"href":"https:\/\/talkpal.ai\/ga\/wp-json\/wp\/v2\/pages"}],"about":[{"href":"https:\/\/talkpal.ai\/ga\/wp-json\/wp\/v2\/types\/page"}],"author":[{"embeddable":true,"href":"https:\/\/talkpal.ai\/ga\/wp-json\/wp\/v2\/users\/1"}],"replies":[{"embeddable":true,"href":"https:\/\/talkpal.ai\/ga\/wp-json\/wp\/v2\/comments?post=1444036"}],"version-history":[{"count":0,"href":"https:\/\/talkpal.ai\/ga\/wp-json\/wp\/v2\/pages\/1444036\/revisions"}],"wp:featuredmedia":[{"embeddable":true,"href":"https:\/\/talkpal.ai\/ga\/wp-json\/wp\/v2\/media\/1444038"}],"wp:attachment":[{"href":"https:\/\/talkpal.ai\/ga\/wp-json\/wp\/v2\/media?parent=1444036"}],"curies":[{"name":"wp","href":"https:\/\/api.w.org\/{rel}","templated":true}]}}