{"id":1444031,"date":"2023-05-14T13:59:24","date_gmt":"2023-05-14T13:59:24","guid":{"rendered":"https:\/\/talkpal.ai\/gramadach-na-hafracaine\/"},"modified":"2025-09-06T19:21:14","modified_gmt":"2025-09-06T19:21:14","slug":"gramadach-na-hafracaine","status":"publish","type":"page","link":"https:\/\/talkpal.ai\/ga\/gramadach-na-hafracaine\/","title":{"rendered":"Gramadach na hAfrac\u00e1ine"},"content":{"rendered":"\r\n\r\n\r\n<section class=\"languageChallengeSection\">\r\n    <div class=\"languageInfoWrapper\">\r\n        \r\n        <h1>Gramadach na hAfrac\u00e1ine<\/h1>\r\n        <p>Faigh amach \u00e1illeacht dh\u00edreach na hAfrac\u00e1ine tr\u00ed a rialacha gramada\u00ed riachtanacha a fhoghlaim. Cuirfidh m\u00e1istreacht <a href=\"https:\/\/talkpal.ai\/grammar\/\">gramadach<\/a> na hAfrac\u00e1ine ar do chumhacht cumars\u00e1id a dh\u00e9anamh go h\u00e9ifeachtach agus taitneamh a bhaint as cult\u00far saibhir a chainteoir\u00ed. Cuir t\u00fas le do thuras gramada\u00ed <a href=\"https:\/\/talkpal.ai\/learn-afrikaans\/\">Afrikaans<\/a> inniu agus t\u00f3g do ch\u00e9ad ch\u00e9im i dtreo l\u00edofacht!<\/p>\r\n\r\n                            <a class=\"getStartedHidden\" href=\"https:\/\/app.talkpal.ai\/signup?lng=\">Tosaigh<\/a>\r\n        \r\n    <\/div>\r\n\r\n    <figure>\r\n    <img decoding=\"async\" width=\"768\" height=\"768\" src=\"https:\/\/talkpal.ai\/wp-content\/uploads\/2023\/06\/TalkPal-Afrikaans-768x768.png\" class=\"languageImage no-lazy\" alt=\"Language learning for global awareness\" fetchpriority=\"high\" sizes=\"(max-width: 768px) 150px, 768px\" srcset=\"https:\/\/talkpal.ai\/wp-content\/uploads\/2023\/06\/TalkPal-Afrikaans-768x768.png 768w, https:\/\/talkpal.ai\/wp-content\/uploads\/2023\/06\/TalkPal-Afrikaans-300x300.png 300w\" \/>\r\n    \r\n\r\n    <\/figure>\r\n\r\n            <a class=\"getStartedVisible\" href=\"https:\/\/app.talkpal.ai\/signup?lng=\">Tosaigh<\/a>\r\n    \r\n<\/section>\r\n<section class=\"promotionalBanner\">\r\n    <p class=\"promotionalText\">An bealach is \u00e9ifeachta\u00ed le teanga a fhoghlaim<\/p>\r\n    <a class=\"promotionalLink\" href=\"https:\/\/app.talkpal.ai\/signup?lng=\">Bain triail as Talkpal saor in aisce<\/a>\r\n<\/section>\n<div class=\"wp-block-group pageContainerStyle\"><div class=\"wp-block-group__inner-container is-layout-constrained wp-block-group-is-layout-constrained\">\n<h2 class=\"wp-block-heading\" id=\"h-mastering-afrikaans-grammar-your-ultimate-guide\">M\u00e1istreacht ar Ghramadach na hAfrac\u00e1ine: Do Threoir Deiridh<\/h2>\n\n\n\n<p><strong>Goeie dag<\/strong>, <a href=\"https:\/\/talkpal.ai\/talkpal-discount-for-language-enthusiasts\/\">d\u00edograiseoir\u00ed teanga<\/a>! An bhfuil t\u00fa r\u00e9idh le dul ar thuras isteach i saol na gramada\u00ed Afrac\u00e1ine? T\u00e1 t\u00fa tagtha go dt\u00ed an \u00e1it cheart. L\u00edonta le faisn\u00e9is at\u00e1 furasta le tuiscint agus ton comhr\u00e1, treor\u00f3idh an t-alt seo t\u00fa tr\u00ed r\u00e9imse suimi\u00fail <a href=\"https:\/\/talkpal.ai\/ga\/cleachtai-gramadai-na-hisiltire\/\">gramada\u00ed na<\/a> hAfrac\u00e1ine. Go luath, beidh t\u00fa in ann abairt\u00ed a th\u00f3g\u00e1il agus comhr\u00e1ite br\u00ed a bheith agat le cainteoir\u00ed d\u00fachais. Mar sin, tosa\u00edmid!<\/p>\n\n\n\n<p><strong>Ach ar dt\u00fas, c\u00e9n f\u00e1th gramadach na hAfrac\u00e1ine?<\/strong><\/p>\n\n\n\n<p>M\u00e1 t\u00e1 t\u00fa ag foghlaim Afrikaans, t\u00e1 bun\u00fas l\u00e1idir sa ghramadach r\u00edth\u00e1bhachtach chun labhairt, l\u00e9amh agus scr\u00edobh go l\u00edofa. C\u00e9 go bhf\u00e9adfadh gramadach na hAfrac\u00e1ine a bheith casta ar dt\u00fas, t\u00e1 s\u00e9 r\u00e9as\u00fanta simpl\u00ed nuair a bhriseann t\u00fa s\u00edos \u00e9 i bp\u00edosa\u00ed n\u00edos l\u00fa, n\u00edos sol\u00e1imhsithe. Mar sin, d\u00e9anaimis t\u00fas a <a href=\"https:\/\/talkpal.ai\/locations\/language-courses-in-chur\/\">chur<\/a> le do thuras i dtreo m\u00e1istreacht a dh\u00e9anamh ar ghramadach na hAfrac\u00e1ine!<\/p>\n\n\n\n<h3 class=\"wp-block-heading\" id=\"h-1-nouns-gender-and-articles\">1. Ainmfhocail, inscne, agus ailt<\/h3>\n\n\n\n<p>Murab ionann agus go leor teangacha eile, n\u00edl inscne ag ainmfhocail na hAfrac\u00e1ine, rud a fh\u00e1gann go bhfuil siad n\u00edos simpl\u00ed le foghlaim. \u00das\u00e1idtear an t-alt cinnte &#8220;die&#8221; (an) do gach ainmfhocal, agus t\u00e1 na hailt \u00e9iginnte &#8220;&#8216;n&#8221; n\u00f3 &#8220;een&#8221; (a\/an) neodrach \u00f3 thaobh inscne de.  <\/p>\n\n\n\n<p>Mar shampla:<\/p>\n\n\n\n<p>&#8211; Die Hond (An Madra)<\/p>\n\n\n\n<p>&#8211; &#8216;n hond (madra)<\/p>\n\n\n\n<h3 class=\"wp-block-heading\" id=\"h-2-adjectives\">2. Aidiachta\u00ed<\/h3>\n\n\n\n<p>San <a href=\"https:\/\/talkpal.ai\/learn-afrikaans\/\">Afrac\u00e1inis<\/a> is gn\u00e1ch go mb\u00edonn aidiachta\u00ed roimh an ainmfhocal a mhodhna\u00edonn siad agus aonta\u00edonn siad leis an ainmfhocal i l\u00edon. N\u00edl comhaont\u00fa inscne ag aidiachta\u00ed. Mar shampla:<\/p>\n\n\n\n<p>&#8211; &#8216;n groot huis (teach m\u00f3r)<\/p>\n\n\n\n<p>&#8211; Twee Groot Huse (dh\u00e1 theach m\u00f3r)<\/p>\n\n\n\n<p>\u00c9il\u00edonn roinnt aidiachta\u00ed &#8220;-e&#8221; breise nuair a dh\u00e9antar cur s\u00edos ar ainmfhocal iolra:<\/p>\n\n\n\n<p>&#8211; &#8216;n ou man (seanfhear)<\/p>\n\n\n\n<p>&#8211; Twee ou Manne (beirt fhear d&#8217;aois)<\/p>\n\n\n\n<h3 class=\"wp-block-heading\" id=\"h-3-verbs-and-tense\">3. Briathra agus aimsir<\/h3>\n\n\n\n<p>T\u00e1 briathra na hAfrac\u00e1ine r\u00e9as\u00fanta \u00e9asca a fhoghlaim mar nach bhfuil siad comhchuingithe bunaithe ar \u00e1bhar na habairte. Chomh maith leis sin, t\u00e1 n\u00edos l\u00fa aimsir ag an Afrac\u00e1inis n\u00e1 go leor teangacha eile. Chun blaiseadh a thabhairt duit de bhriathra Afrikaans, d\u00e9anaimis pl\u00e9 ar bhriathra rialta san aimsir l\u00e1ithreach:<\/p>\n\n\n\n<p>\u2013 Ek <a href=\"https:\/\/talkpal.ai\/locations\/language-courses-in-leer\/\">leer<\/a> (Foghlaim\u00edm)<\/p>\n\n\n\n<p>\u2013 Jy\/u leer (foghlaim\u00edonn t\u00fa, neamhfhoirmi\u00fail\/foirmi\u00fail)<\/p>\n\n\n\n<p>\u2013 Hy\/sy\/dit leer (foghlaim\u00edonn s\u00e9\/s\u00ed\/s\u00e9)<\/p>\n\n\n\n<p>\u2013 Ons\/julle leer (foghlaim\u00edmid\/sibh go l\u00e9ir)<\/p>\n\n\n\n<p>\u2013 Hulle leer (foghlaim\u00edonn siad)<\/p>\n\n\n\n<p>Cuimhnigh, n\u00edl anseo ach barr an leac oighir! De r\u00e9ir mar a th\u00e9ann t\u00fa ar aghaidh i do chuid staid\u00e9ir, tiocfaidh t\u00fa ar aimsir \u00e9ags\u00fala eile agus roinnt briathra neamhrialta.<\/p>\n\n\n\n<h3 class=\"wp-block-heading\" id=\"h-4-pronouns-prepositions-and-more\">4. Forainmneacha, r\u00e9amhfhocail, agus go leor eile!<\/h3>\n\n\n\n<p>Cuims\u00edonn gramadach na hAfrac\u00e1ine comhph\u00e1irteanna eile ar n\u00f3s forainmneacha (ek, jy, hy, sy, etc.), r\u00e9amhfhocail (in, op, met, etc.), agus nathanna idiomatic. De r\u00e9ir mar a fhoghlaim\u00edonn t\u00fa an teanga, beidh ort m\u00e1istreacht a dh\u00e9anamh ar gach ceann de na heilimint\u00ed seo chun l\u00edofacht mhaith a fh\u00e1il.<\/p>\n\n\n\n<p>Mar fhocal scoir, \u00e9il\u00edonn m\u00e1istreacht ar ghramadach na hAfrac\u00e1ine buanseasmhacht, cleachtadh agus foighne. Ach nuair a thuigeann t\u00fa castachta\u00ed na teanga, beidh t\u00fa ar an mbealach chun comhr\u00e1 a dh\u00e9anamh le cainteoir\u00ed d\u00fachais, taith\u00ed a fh\u00e1il ar chult\u00far agus stair shaibhir an domhain ina labhra\u00edtear Afrac\u00e1ins, agus do ghr\u00e1 don teanga a dhoimhni\u00fa. Sterkte (\u00e1dh m\u00f3r)!<\/p>\n<\/div><\/div>\n\r\n<section class=\"learnNavigationSection\">\r\n            \r\n        <a href=\"https:\/\/talkpal.ai\/ga\/foghlaim-afracainis\/\">\r\n            <div class=\"learnNavigationWrapper\">\r\n                <div class=\"learnNavigationContent\">\r\n                    <img decoding=\"async\" src=\"https:\/\/talkpal.ai\/wp-content\/uploads\/2024\/08\/Afrikaans.jpg\" alt=\"South Africa Flag\">\r\n                    <div>\r\n                        <h4>Maidir le Foghlaim na hAfrac\u00e1ine<\/h4>\r\n                        <p>Faigh amach gach rud faoi ghramadach na hAfrac\u00e1ine.<\/p>\r\n                    <\/div>\r\n                <\/div>\r\n            <\/div>\r\n        <\/a>\r\n\r\n        \r\n        <a href=\"https:\/\/talkpal.ai\/ga\/cleachtai-gramadai-na-hafracainise\/\">\r\n            <div class=\"learnNavigationWrapper\">\r\n                <div class=\"learnNavigationContent\">\r\n                    <img decoding=\"async\" src=\"https:\/\/talkpal.ai\/wp-content\/uploads\/2024\/08\/Afrikaans.jpg\" alt=\"South Africa Flag\">\r\n                    <div>\r\n                        <h4>Cleachtadh Gramada\u00ed na hAfrac\u00e1ine<\/h4>\r\n                        <p>Cleachtadh gramadach na hAfrac\u00e1ine.<\/p>\r\n                    <\/div>\r\n                <\/div>\r\n            <\/div>\r\n        <\/a>\r\n\r\n        \r\n        <a href=\"https:\/\/talkpal.ai\/vocabulary_language\/afrikaans\/\">\r\n            <div class=\"learnNavigationWrapper\">\r\n                <div class=\"learnNavigationContent\">\r\n                    <img decoding=\"async\" src=\"https:\/\/talkpal.ai\/wp-content\/uploads\/2024\/08\/Afrikaans.jpg\" alt=\"South Africa Flag\">\r\n                    <div>\r\n                        <h4>St\u00f3r Focal na hAfrac\u00e1ine<\/h4>\r\n                        <p>Leathnaigh do st\u00f3r focal Afrikaans.<\/p>\r\n                    <\/div>\r\n                <\/div>\r\n            <\/div>\r\n        <\/a>\r\n\r\n            <\/section>","protected":false},"excerpt":{"rendered":"<p>M\u00e1istreacht ar Ghramadach na hAfrac\u00e1ine: Do Threoir Deiridh Goeie dag, d\u00edograiseoir\u00ed teanga! An bhfuil t\u00fa r\u00e9idh le dul ar thuras isteach i saol na gramada\u00ed Afrac\u00e1ine? T\u00e1 t\u00fa tagtha go dt\u00ed an \u00e1it cheart. L\u00edonta le faisn\u00e9is at\u00e1 furasta le tuiscint agus ton comhr\u00e1, treor\u00f3idh an t-alt seo t\u00fa tr\u00ed r\u00e9imse suimi\u00fail gramada\u00ed na hAfrac\u00e1ine. [&hellip;]<\/p>\n","protected":false},"author":1,"featured_media":1444033,"parent":0,"menu_order":0,"comment_status":"closed","ping_status":"closed","template":"LearningContentPage.php","meta":{"_acf_changed":false,"footnotes":""},"class_list":["post-1444031","page","type-page","status-publish","has-post-thumbnail","hentry"],"acf":[],"yoast_head":"<!-- This site is optimized with the Yoast SEO Premium plugin v27.2 (Yoast SEO v27.2) - https:\/\/yoast.com\/product\/yoast-seo-premium-wordpress\/ -->\n<title>Gramadach na hAfrac\u00e1ine - Talkpal<\/title>\n<meta name=\"description\" content=\"D\u00e9an ini\u00fachadh ar ghramadach na hAfrac\u00e1ine len\u00e1r dtreoir at\u00e1 cairdi\u00fail do thosaitheoir\u00ed. M\u00e1istir t\u00f3g\u00e1il abairte agus feabhas a chur ar do scileanna comhr\u00e1.\" \/>\n<meta name=\"robots\" content=\"index, follow, max-snippet:-1, max-image-preview:large, max-video-preview:-1\" \/>\n<link rel=\"canonical\" href=\"https:\/\/talkpal.ai\/ga\/gramadach-na-hafracaine\/\" \/>\n<meta property=\"og:locale\" content=\"ga_IE\" \/>\n<meta property=\"og:type\" content=\"article\" \/>\n<meta property=\"og:title\" content=\"Gramadach na hAfrac\u00e1ine\" \/>\n<meta property=\"og:description\" content=\"M\u00e1istreacht ar Ghramadach na hAfrac\u00e1ine: Do Threoir Deiridh Goeie dag, d\u00edograiseoir\u00ed teanga! An bhfuil t\u00fa r\u00e9idh le dul ar thuras isteach i saol na\" \/>\n<meta property=\"og:url\" content=\"https:\/\/talkpal.ai\/ga\/gramadach-na-hafracaine\/\" \/>\n<meta property=\"og:site_name\" content=\"Talkpal\" \/>\n<meta property=\"article:publisher\" content=\"https:\/\/www.facebook.com\/profile.php?id=100090733639311\" \/>\n<meta property=\"article:modified_time\" content=\"2025-09-06T19:21:14+00:00\" \/>\n<meta property=\"og:image\" content=\"https:\/\/talkpal.ai\/wp-content\/uploads\/2023\/05\/south-africa.png\" \/>\n\t<meta property=\"og:image:width\" content=\"512\" \/>\n\t<meta property=\"og:image:height\" content=\"512\" \/>\n\t<meta property=\"og:image:type\" content=\"image\/png\" \/>\n<meta name=\"twitter:card\" content=\"summary_large_image\" \/>\n<meta name=\"twitter:site\" content=\"@talkpalai\" \/>\n<meta name=\"twitter:label1\" content=\"Est. reading time\" \/>\n\t<meta name=\"twitter:data1\" content=\"3 minutes\" \/>\n<script type=\"application\/ld+json\" class=\"yoast-schema-graph\">{\"@context\":\"https:\/\/schema.org\",\"@graph\":[{\"@type\":\"WebPage\",\"@id\":\"https:\/\/talkpal.ai\/ga\/gramadach-na-hafracaine\/\",\"url\":\"https:\/\/talkpal.ai\/ga\/gramadach-na-hafracaine\/\",\"name\":\"Gramadach na hAfrac\u00e1ine - Talkpal\",\"isPartOf\":{\"@id\":\"https:\/\/talkpal.ai\/ga\/#website\"},\"primaryImageOfPage\":{\"@id\":\"https:\/\/talkpal.ai\/ga\/gramadach-na-hafracaine\/#primaryimage\"},\"image\":{\"@id\":\"https:\/\/talkpal.ai\/ga\/gramadach-na-hafracaine\/#primaryimage\"},\"thumbnailUrl\":\"https:\/\/talkpal.ai\/wp-content\/uploads\/2023\/05\/south-africa.png\",\"datePublished\":\"2023-05-14T13:59:24+00:00\",\"dateModified\":\"2025-09-06T19:21:14+00:00\",\"description\":\"D\u00e9an ini\u00fachadh ar ghramadach na hAfrac\u00e1ine len\u00e1r dtreoir at\u00e1 cairdi\u00fail do thosaitheoir\u00ed. M\u00e1istir t\u00f3g\u00e1il abairte agus feabhas a chur ar do scileanna comhr\u00e1.\",\"breadcrumb\":{\"@id\":\"https:\/\/talkpal.ai\/ga\/gramadach-na-hafracaine\/#breadcrumb\"},\"inLanguage\":\"ga-IE\",\"potentialAction\":[{\"@type\":\"ReadAction\",\"target\":[\"https:\/\/talkpal.ai\/ga\/gramadach-na-hafracaine\/\"]}]},{\"@type\":\"ImageObject\",\"inLanguage\":\"ga-IE\",\"@id\":\"https:\/\/talkpal.ai\/ga\/gramadach-na-hafracaine\/#primaryimage\",\"url\":\"https:\/\/talkpal.ai\/wp-content\/uploads\/2023\/05\/south-africa.png\",\"contentUrl\":\"https:\/\/talkpal.ai\/wp-content\/uploads\/2023\/05\/south-africa.png\",\"width\":512,\"height\":512,\"caption\":\"TalkPal South Arica Flag\"},{\"@type\":\"BreadcrumbList\",\"@id\":\"https:\/\/talkpal.ai\/ga\/gramadach-na-hafracaine\/#breadcrumb\",\"itemListElement\":[{\"@type\":\"ListItem\",\"position\":1,\"name\":\"Homepage\",\"item\":\"https:\/\/talkpal.ai\/ga\/\"},{\"@type\":\"ListItem\",\"position\":2,\"name\":\"Gramadach na hAfrac\u00e1ine\"}]},{\"@type\":\"WebSite\",\"@id\":\"https:\/\/talkpal.ai\/ga\/#website\",\"url\":\"https:\/\/talkpal.ai\/ga\/\",\"name\":\"Talkpal\",\"description\":\"AI Language Learning\",\"publisher\":{\"@id\":\"https:\/\/talkpal.ai\/ga\/#organization\"},\"alternateName\":\"Talkpal AI\",\"potentialAction\":[{\"@type\":\"SearchAction\",\"target\":{\"@type\":\"EntryPoint\",\"urlTemplate\":\"https:\/\/talkpal.ai\/ga\/?s={search_term_string}\"},\"query-input\":{\"@type\":\"PropertyValueSpecification\",\"valueRequired\":true,\"valueName\":\"search_term_string\"}}],\"inLanguage\":\"ga-IE\"},{\"@type\":\"Organization\",\"@id\":\"https:\/\/talkpal.ai\/ga\/#organization\",\"name\":\"Talkpal, Inc.\",\"alternateName\":\"Talkpal AI\",\"url\":\"https:\/\/talkpal.ai\/ga\/\",\"logo\":{\"@type\":\"ImageObject\",\"inLanguage\":\"ga-IE\",\"@id\":\"https:\/\/talkpal.ai\/ga\/#\/schema\/logo\/image\/\",\"url\":\"https:\/\/talkpal.ai\/wp-content\/uploads\/2024\/03\/Talkpal-Logo-Icon.png\",\"contentUrl\":\"https:\/\/talkpal.ai\/wp-content\/uploads\/2024\/03\/Talkpal-Logo-Icon.png\",\"width\":2880,\"height\":2880,\"caption\":\"Talkpal, Inc.\"},\"image\":{\"@id\":\"https:\/\/talkpal.ai\/ga\/#\/schema\/logo\/image\/\"},\"sameAs\":[\"https:\/\/www.facebook.com\/profile.php?id=100090733639311\",\"https:\/\/x.com\/talkpalai\",\"https:\/\/www.linkedin.com\/company\/talkpal\/\",\"https:\/\/www.youtube.com\/@TalkPal\/\",\"https:\/\/www.tiktok.com\/@talkpal\",\"https:\/\/www.instagram.com\/talkpal_ai\/\",\"https:\/\/www.crunchbase.com\/organization\/talkpal-9cde\",\"https:\/\/www.g2.com\/products\/talkpal-for-business\/\",\"https:\/\/www.trustpilot.com\/review\/talkpal.ai\",\"https:\/\/www.capterra.com\/p\/10006800\/TalkPal\/\"],\"description\":\"Talkpal is a language learning web and mobile education app, powered by the latest AI technologies, that provides engaging experiences to its customers in many different languages to help them improve their language skills. Users can chat about unlimited amount of topics with the app and use other modes to practice their language learning.\",\"email\":\"support@talkpal.ai\",\"legalName\":\"Talkpal, Inc.\",\"foundingDate\":\"2023-04-03\",\"duns\":\"118989042\",\"numberOfEmployees\":{\"@type\":\"QuantitativeValue\",\"minValue\":\"11\",\"maxValue\":\"50\"},\"publishingPrinciples\":\"https:\/\/talkpal.ai\/publishing-principles\/\",\"actionableFeedbackPolicy\":\"https:\/\/talkpal.ai\/actionable-feedback-policy\/\",\"correctionsPolicy\":\"https:\/\/talkpal.ai\/corrections-policy\/\",\"ethicsPolicy\":\"https:\/\/talkpal.ai\/ethics-policy\/\",\"diversityPolicy\":\"https:\/\/talkpal.ai\/diversity-policy\/\",\"diversityStaffingReport\":\"https:\/\/talkpal.ai\/diversity-policy\/\"}]}<\/script>\n<!-- \/ Yoast SEO Premium plugin. -->","yoast_head_json":{"title":"Gramadach na hAfrac\u00e1ine - Talkpal","description":"D\u00e9an ini\u00fachadh ar ghramadach na hAfrac\u00e1ine len\u00e1r dtreoir at\u00e1 cairdi\u00fail do thosaitheoir\u00ed. M\u00e1istir t\u00f3g\u00e1il abairte agus feabhas a chur ar do scileanna comhr\u00e1.","robots":{"index":"index","follow":"follow","max-snippet":"max-snippet:-1","max-image-preview":"max-image-preview:large","max-video-preview":"max-video-preview:-1"},"canonical":"https:\/\/talkpal.ai\/ga\/gramadach-na-hafracaine\/","og_locale":"ga_IE","og_type":"article","og_title":"Gramadach na hAfrac\u00e1ine","og_description":"M\u00e1istreacht ar Ghramadach na hAfrac\u00e1ine: Do Threoir Deiridh Goeie dag, d\u00edograiseoir\u00ed teanga! An bhfuil t\u00fa r\u00e9idh le dul ar thuras isteach i saol na","og_url":"https:\/\/talkpal.ai\/ga\/gramadach-na-hafracaine\/","og_site_name":"Talkpal","article_publisher":"https:\/\/www.facebook.com\/profile.php?id=100090733639311","article_modified_time":"2025-09-06T19:21:14+00:00","og_image":[{"width":512,"height":512,"url":"https:\/\/talkpal.ai\/wp-content\/uploads\/2023\/05\/south-africa.png","type":"image\/png"}],"twitter_card":"summary_large_image","twitter_site":"@talkpalai","twitter_misc":{"Est. reading time":"3 minutes"},"schema":{"@context":"https:\/\/schema.org","@graph":[{"@type":"WebPage","@id":"https:\/\/talkpal.ai\/ga\/gramadach-na-hafracaine\/","url":"https:\/\/talkpal.ai\/ga\/gramadach-na-hafracaine\/","name":"Gramadach na hAfrac\u00e1ine - Talkpal","isPartOf":{"@id":"https:\/\/talkpal.ai\/ga\/#website"},"primaryImageOfPage":{"@id":"https:\/\/talkpal.ai\/ga\/gramadach-na-hafracaine\/#primaryimage"},"image":{"@id":"https:\/\/talkpal.ai\/ga\/gramadach-na-hafracaine\/#primaryimage"},"thumbnailUrl":"https:\/\/talkpal.ai\/wp-content\/uploads\/2023\/05\/south-africa.png","datePublished":"2023-05-14T13:59:24+00:00","dateModified":"2025-09-06T19:21:14+00:00","description":"D\u00e9an ini\u00fachadh ar ghramadach na hAfrac\u00e1ine len\u00e1r dtreoir at\u00e1 cairdi\u00fail do thosaitheoir\u00ed. M\u00e1istir t\u00f3g\u00e1il abairte agus feabhas a chur ar do scileanna comhr\u00e1.","breadcrumb":{"@id":"https:\/\/talkpal.ai\/ga\/gramadach-na-hafracaine\/#breadcrumb"},"inLanguage":"ga-IE","potentialAction":[{"@type":"ReadAction","target":["https:\/\/talkpal.ai\/ga\/gramadach-na-hafracaine\/"]}]},{"@type":"ImageObject","inLanguage":"ga-IE","@id":"https:\/\/talkpal.ai\/ga\/gramadach-na-hafracaine\/#primaryimage","url":"https:\/\/talkpal.ai\/wp-content\/uploads\/2023\/05\/south-africa.png","contentUrl":"https:\/\/talkpal.ai\/wp-content\/uploads\/2023\/05\/south-africa.png","width":512,"height":512,"caption":"TalkPal South Arica Flag"},{"@type":"BreadcrumbList","@id":"https:\/\/talkpal.ai\/ga\/gramadach-na-hafracaine\/#breadcrumb","itemListElement":[{"@type":"ListItem","position":1,"name":"Homepage","item":"https:\/\/talkpal.ai\/ga\/"},{"@type":"ListItem","position":2,"name":"Gramadach na hAfrac\u00e1ine"}]},{"@type":"WebSite","@id":"https:\/\/talkpal.ai\/ga\/#website","url":"https:\/\/talkpal.ai\/ga\/","name":"Talkpal","description":"AI Language Learning","publisher":{"@id":"https:\/\/talkpal.ai\/ga\/#organization"},"alternateName":"Talkpal AI","potentialAction":[{"@type":"SearchAction","target":{"@type":"EntryPoint","urlTemplate":"https:\/\/talkpal.ai\/ga\/?s={search_term_string}"},"query-input":{"@type":"PropertyValueSpecification","valueRequired":true,"valueName":"search_term_string"}}],"inLanguage":"ga-IE"},{"@type":"Organization","@id":"https:\/\/talkpal.ai\/ga\/#organization","name":"Talkpal, Inc.","alternateName":"Talkpal AI","url":"https:\/\/talkpal.ai\/ga\/","logo":{"@type":"ImageObject","inLanguage":"ga-IE","@id":"https:\/\/talkpal.ai\/ga\/#\/schema\/logo\/image\/","url":"https:\/\/talkpal.ai\/wp-content\/uploads\/2024\/03\/Talkpal-Logo-Icon.png","contentUrl":"https:\/\/talkpal.ai\/wp-content\/uploads\/2024\/03\/Talkpal-Logo-Icon.png","width":2880,"height":2880,"caption":"Talkpal, Inc."},"image":{"@id":"https:\/\/talkpal.ai\/ga\/#\/schema\/logo\/image\/"},"sameAs":["https:\/\/www.facebook.com\/profile.php?id=100090733639311","https:\/\/x.com\/talkpalai","https:\/\/www.linkedin.com\/company\/talkpal\/","https:\/\/www.youtube.com\/@TalkPal\/","https:\/\/www.tiktok.com\/@talkpal","https:\/\/www.instagram.com\/talkpal_ai\/","https:\/\/www.crunchbase.com\/organization\/talkpal-9cde","https:\/\/www.g2.com\/products\/talkpal-for-business\/","https:\/\/www.trustpilot.com\/review\/talkpal.ai","https:\/\/www.capterra.com\/p\/10006800\/TalkPal\/"],"description":"Talkpal is a language learning web and mobile education app, powered by the latest AI technologies, that provides engaging experiences to its customers in many different languages to help them improve their language skills. Users can chat about unlimited amount of topics with the app and use other modes to practice their language learning.","email":"support@talkpal.ai","legalName":"Talkpal, Inc.","foundingDate":"2023-04-03","duns":"118989042","numberOfEmployees":{"@type":"QuantitativeValue","minValue":"11","maxValue":"50"},"publishingPrinciples":"https:\/\/talkpal.ai\/publishing-principles\/","actionableFeedbackPolicy":"https:\/\/talkpal.ai\/actionable-feedback-policy\/","correctionsPolicy":"https:\/\/talkpal.ai\/corrections-policy\/","ethicsPolicy":"https:\/\/talkpal.ai\/ethics-policy\/","diversityPolicy":"https:\/\/talkpal.ai\/diversity-policy\/","diversityStaffingReport":"https:\/\/talkpal.ai\/diversity-policy\/"}]}},"_links":{"self":[{"href":"https:\/\/talkpal.ai\/ga\/wp-json\/wp\/v2\/pages\/1444031","targetHints":{"allow":["GET"]}}],"collection":[{"href":"https:\/\/talkpal.ai\/ga\/wp-json\/wp\/v2\/pages"}],"about":[{"href":"https:\/\/talkpal.ai\/ga\/wp-json\/wp\/v2\/types\/page"}],"author":[{"embeddable":true,"href":"https:\/\/talkpal.ai\/ga\/wp-json\/wp\/v2\/users\/1"}],"replies":[{"embeddable":true,"href":"https:\/\/talkpal.ai\/ga\/wp-json\/wp\/v2\/comments?post=1444031"}],"version-history":[{"count":0,"href":"https:\/\/talkpal.ai\/ga\/wp-json\/wp\/v2\/pages\/1444031\/revisions"}],"wp:featuredmedia":[{"embeddable":true,"href":"https:\/\/talkpal.ai\/ga\/wp-json\/wp\/v2\/media\/1444033"}],"wp:attachment":[{"href":"https:\/\/talkpal.ai\/ga\/wp-json\/wp\/v2\/media?parent=1444031"}],"curies":[{"name":"wp","href":"https:\/\/api.w.org\/{rel}","templated":true}]}}