{"id":1444027,"date":"2023-05-14T13:53:07","date_gmt":"2023-05-14T13:53:07","guid":{"rendered":"https:\/\/talkpal.ai\/gramadach-na-sualainne\/"},"modified":"2025-12-11T16:32:53","modified_gmt":"2025-12-11T16:32:53","slug":"gramadach-na-sualainne","status":"publish","type":"page","link":"https:\/\/talkpal.ai\/ga\/gramadach-na-sualainne\/","title":{"rendered":"Gramadach na Sualainne"},"content":{"rendered":"\r\n\r\n\r\n<section class=\"languageChallengeSection\">\r\n    <div class=\"languageInfoWrapper\">\r\n        \r\n        <h1>Gramadach na Sualainne<\/h1>\r\n        <p>D\u00edghlas\u00e1il \u00e1illeacht na teanga Sualainnise tr\u00ed m\u00e1istreacht a dh\u00e9anamh ar a rialacha gramada\u00ed riachtanacha. Cuirfidh tuiscint l\u00e1idir ar ghramadach na Sualainne ar do chumas cumars\u00e1id a dh\u00e9anamh go muin\u00edneach agus ceangal a dh\u00e9anamh le cult\u00far na Sualainne. Tosaigh ag foghlaim <a href=\"https:\/\/talkpal.ai\/ga\/cleachtai-gramadai-na-hisiltire\/\">gramada\u00ed na<\/a> Sualainne inniu agus t\u00f3g do ch\u00e9ad ch\u00e9im i dtreo l\u00edofacht!<\/p>\r\n\r\n                            <a class=\"getStartedHidden\" href=\"https:\/\/app.talkpal.ai\/signup?lng=\">Tosaigh<\/a>\r\n        \r\n    <\/div>\r\n\r\n    <figure>\r\n    <img decoding=\"async\" width=\"768\" height=\"768\" src=\"https:\/\/talkpal.ai\/wp-content\/uploads\/2023\/06\/swedish-768x768.png\" class=\"languageImage no-lazy\" alt=\"Language learning for improved concentration\" fetchpriority=\"high\" sizes=\"(max-width: 768px) 150px, 768px\" srcset=\"https:\/\/talkpal.ai\/wp-content\/uploads\/2023\/06\/swedish-768x768.png 768w, https:\/\/talkpal.ai\/wp-content\/uploads\/2023\/06\/swedish-300x300.png 300w\" \/>\r\n    \r\n\r\n    <\/figure>\r\n\r\n            <a class=\"getStartedVisible\" href=\"https:\/\/app.talkpal.ai\/signup?lng=\">Tosaigh<\/a>\r\n    \r\n<\/section>\r\n<section class=\"promotionalBanner\">\r\n    <p class=\"promotionalText\">An bealach is \u00e9ifeachta\u00ed le teanga a fhoghlaim<\/p>\r\n    <a class=\"promotionalLink\" href=\"https:\/\/app.talkpal.ai\/signup?lng=\">Bain triail as Talkpal saor in aisce<\/a>\r\n<\/section>\n<div class=\"wp-block-group pageContainerStyle\"><div class=\"wp-block-group__inner-container is-layout-constrained wp-block-group-is-layout-constrained\">\n<h2 class=\"wp-block-heading\" id=\"h-demystifying-swedish-grammar-a-comprehensive-guide-to-master-its-rules-and-nuances\">Demystifying Gramadach na Sualainne: Treoir Chuimsitheach chun M\u00e1istreacht a Rialacha agus Nuances<\/h2>\n\n\n\n<p>Is teanga shaibhir agus s\u00e9iseach \u00ed an tSualainnis, a labhra\u00edonn thart ar 10 milli\u00fan duine, a bhaineann leis an teaghlach Gearm\u00e1nach Thuaidh. C\u00e9 go bhfuil <a href=\"https:\/\/talkpal.ai\/swedish-grammar\/\">gramadach na Sualainne<\/a> r\u00e9as\u00fanta simpl\u00ed i gcompar\u00e1id le roinnt teangacha eile, t\u00e1 tuiscint a fh\u00e1il ar a rialacha agus a strucht\u00far r\u00edth\u00e1bhachtach chun do inni\u00falacht teanga a fheabhs\u00fa. San alt seo, treor\u00f3idh muid t\u00fa tr\u00ed ghn\u00e9ithe bun\u00fasacha ghramadach na Sualainne agus cuirfimid leideanna cabhracha ar f\u00e1il chun do scileanna teanga Sualainnise a fheabhs\u00fa.<\/p>\n\n\n\n<h3 class=\"wp-block-heading\" id=\"h-essential-components-of-swedish-grammar\">Comhph\u00e1irteanna Riachtanacha de Ghramadach na Sualainne:<\/h3>\n\n\n\n<p>T\u00e1 cos\u00falachta\u00ed idir <a href=\"https:\/\/talkpal.ai\/swedish-grammar\/\">gramadach na Sualainne<\/a> agus <a href=\"https:\/\/talkpal.ai\/grammar\/\">gramadach<\/a> an Bh\u00e9arla, rud a fh\u00e1gann go bhfuil s\u00e9 n\u00edos \u00e9asca do chainteoir\u00ed <a href=\"https:\/\/talkpal.ai\/learn-english-with-ai\/\">B\u00e9arla<\/a> a phiocadh suas. Seo roinnt gn\u00e9ithe critici\u00fala de ghramadach na Sualainne ar fi\u00fa t\u00fa f\u00e9in a <a href=\"https:\/\/talkpal.ai\/locations\/language-courses-in-chur\/\">chur<\/a> i dtaith\u00ed orthu:<\/p>\n\n\n\n<p><strong>1. Ainmfhocail:<\/strong> T\u00e1 ainmfhocail na Sualainne roinnte ina dh\u00e1 inscne ghramada\u00ed: coitianta (en) agus neodrach (ett). Baineann gach ainmfhocal le ceann de na catag\u00f3ir\u00ed seo, rud at\u00e1 t\u00e1bhachtach a chur san \u00e1ireamh nuair a \u00fas\u00e1idtear ailt \u00e9iginnte agus cinnte. T\u00e1 foirmeacha iolra ag ainmfhocail na Sualainne freisin, le roinnt patr\u00fain ar <a href=\"https:\/\/talkpal.ai\/locations\/language-courses-in-leith\/\">leith<\/a> le cuimhneamh.<\/p>\n\n\n\n<p><strong>2. Aidiachta\u00ed:<\/strong> Aonta\u00edonn aidiachta\u00ed sa tSualainnis le hinscne an ainmfhocail. Ag brath ar inscne an ainmfhocail, t\u00e1 tr\u00ed chine\u00e1l aidiachta\u00ed ann: dearfach, compar\u00e1ideach, agus superlative. Aonta\u00edonn aidiachta\u00ed freisin i l\u00edon (uatha n\u00f3 iolra).<\/p>\n\n\n\n<p><strong>3. Briathra:<\/strong> Ranga\u00edtear briathra na Sualainne i gceithre ghr\u00fapa, gach ceann acu lena phatr\u00fan comhchuingithe. D\u00e9antar briathra a chomhchuingi\u00fa bunaithe ar aimsir (l\u00e1ithreach, am at\u00e1 caite, n\u00f3 sa todhcha\u00ed) ach n\u00ed chuing\u00edtear iad de r\u00e9ir an \u00e1bhair, mar at\u00e1 sa Bh\u00e9arla. Ina \u00e1it sin, fanann foirmeacha briathar na Sualainne comhsheasmhach beag beann ar an \u00e1bhar. Ina theannta sin, n\u00edl foirmeacha lean\u00fanacha ag briathra na Sualainnise (i.e., -ing) mar at\u00e1 sa Bh\u00e9arla.<\/p>\n\n\n\n<p><strong>4. Strucht\u00far abairte:<\/strong> Is gn\u00e1ch go mb\u00edonn strucht\u00far abairte na Sualainne Subject-Verb-Object (SVO), cos\u00fail leis an mB\u00e9arla. Mar sin f\u00e9in, is minic a \u00fas\u00e1ideann an tSualainnis riail ord focal V2, \u00e1it a bhfuil an briathar le feice\u00e1il sa dara h\u00e1it in abairt\u00ed dearbhaitheacha agus ceisteanna.<\/p>\n\n\n\n<h3 class=\"wp-block-heading\" id=\"h-tips-for-learning-swedish-grammar\">Leideanna maidir le Gramadach na Sualainne a Fhoghlaim:<\/h3>\n\n\n\n<p>Chun do thuras foghlama gramada\u00ed na Sualainne a dh\u00e9anamh n\u00edos rian\u00fala, seo roinnt leideanna praitici\u00fala le lean\u00faint:<\/p>\n\n\n\n<p><strong>1. Cleachtadh go rialta:<\/strong> T\u00e1 comhsheasmhacht r\u00edth\u00e1bhachtach. Leithdh\u00e1ileadh am gach l\u00e1 n\u00f3 seachtain chun cleachta\u00ed gramada\u00ed, l\u00e9itheoireacht agus scr\u00edbhneoireacht a chleachtadh i Sualainnis.<\/p>\n\n\n\n<p><strong>2. \u00das\u00e1id acmhainn\u00ed d\u00fachasacha:<\/strong> Tumadh t\u00fa f\u00e9in in \u00e1bhair dh\u00fachasacha na Sualainne cos\u00fail le litr\u00edocht, ailt nuachta, agus podchraolta\u00ed. N\u00ed hamh\u00e1in go gcabhr\u00f3idh s\u00e9 seo leat gramadach na Sualainne a thuiscint i gcomhth\u00e9acs ach feabhs\u00f3idh s\u00e9 do scileanna l\u00e9itheoireachta agus \u00e9isteachta freisin.<\/p>\n\n\n\n<p><strong>3. Foghlaim inscne agus iolra ainmfhocail:<\/strong> T\u00e1 s\u00e9 r\u00edth\u00e1bhachtach inscne (en n\u00f3 ett) agus foirmeacha iolra na n-ainmfhocal Sualainnise a chur de ghlanmheabhair. Cuideoidh cleachtadh le himeacht ama leat na rialacha seo a inmhe\u00e1n\u00fa sa deireadh.<\/p>\n\n\n\n<p><strong>4. Ceangail le cainteoir\u00ed d\u00fachais:<\/strong> Ligfidh t\u00fa do chomhr\u00e1ite le cainteoir\u00ed d\u00fachais na Sualainne gramadach a chleachtadh agus aiseolas luachmhar a fh\u00e1il. Smaoinigh ar bheith p\u00e1irteach i ngr\u00fapa\u00ed malartaithe teanga n\u00f3 f\u00f3raim ar l\u00edne chun teagmh\u00e1il a dh\u00e9anamh le daoine aonair a labhra\u00edonn Sualainnis.<\/p>\n\n\n\n<p><strong>5. B\u00ed foighneach agus seasmhach:<\/strong> Cuimhnigh gur pr\u00f3iseas \u00e9 gramadach a fhoghlaim. Fan tiomanta, coinnigh ort ag cleachtadh, agus d\u00e9an ceili\u00faradh ar dhul chun cinn ar an mbealach.<\/p>\n\n\n\n<h2 class=\"wp-block-heading\" id=\"h-conclusion\">Concl\u00faid:<\/h2>\n\n\n\n<p>Is f\u00e9idir gramadach na Sualainne, c\u00e9 gur cos\u00fail go bhfuil s\u00e9 casta, a mh\u00e1istreacht le d\u00fathracht agus le tuiscint ar a chomhph\u00e1irteanna l\u00e1rnacha. Tr\u00ed \u00e1r molta\u00ed a lean\u00faint agus t\u00fa f\u00e9in a thumadh sa teanga, feicfidh t\u00fa feabhas lean\u00fanach ar do scileanna teanga na Sualainnise. Glac leis an d\u00fashl\u00e1n agus bain sult as an turas i dtreo m\u00e1istreacht ghramada\u00ed na Sualainne!<\/p>\n<\/div><\/div>\n\r\n<section class=\"learnNavigationSection\">\r\n            \r\n        <a href=\"https:\/\/talkpal.ai\/ga\/foghlaim-sualainnis\/\">\r\n            <div class=\"learnNavigationWrapper\">\r\n                <div class=\"learnNavigationContent\">\r\n                    <img decoding=\"async\" src=\"https:\/\/talkpal.ai\/wp-content\/uploads\/2024\/08\/Swedish.jpg\" alt=\"Swedish Flag\">\r\n                    <div>\r\n                        <h4>Maidir le Foghlaim na Sualainne<\/h4>\r\n                        <p>Faigh amach gach rud faoi ghramadach na Sualainne.<\/p>\r\n                    <\/div>\r\n                <\/div>\r\n            <\/div>\r\n        <\/a>\r\n\r\n        \r\n        <a href=\"https:\/\/talkpal.ai\/ga\/cleachtai-gramadai-na-sualainne\/\">\r\n            <div class=\"learnNavigationWrapper\">\r\n                <div class=\"learnNavigationContent\">\r\n                    <img decoding=\"async\" src=\"https:\/\/talkpal.ai\/wp-content\/uploads\/2024\/08\/Swedish.jpg\" alt=\"Swedish Flag\">\r\n                    <div>\r\n                        <h4>Cleachtadh Gramada\u00ed na Sualainne<\/h4>\r\n                        <p>Cleachtadh gramadach na Sualainnise.<\/p>\r\n                    <\/div>\r\n                <\/div>\r\n            <\/div>\r\n        <\/a>\r\n\r\n        \r\n        <a href=\"https:\/\/talkpal.ai\/vocabulary_language\/swedish\/\">\r\n            <div class=\"learnNavigationWrapper\">\r\n                <div class=\"learnNavigationContent\">\r\n                    <img decoding=\"async\" src=\"https:\/\/talkpal.ai\/wp-content\/uploads\/2024\/08\/Swedish.jpg\" alt=\"Swedish Flag\">\r\n                    <div>\r\n                        <h4>St\u00f3r Focal na Sualainne<\/h4>\r\n                        <p>Leathnaigh do st\u00f3r focal Sualainnis.<\/p>\r\n                    <\/div>\r\n                <\/div>\r\n            <\/div>\r\n        <\/a>\r\n\r\n            <\/section>","protected":false},"excerpt":{"rendered":"<p>Demystifying Gramadach na Sualainne: Treoir Chuimsitheach chun M\u00e1istreacht a Rialacha agus Nuances Is teanga shaibhir agus s\u00e9iseach \u00ed an tSualainnis, a labhra\u00edonn thart ar 10 milli\u00fan duine, a bhaineann leis an teaghlach Gearm\u00e1nach Thuaidh. C\u00e9 go bhfuil gramadach na Sualainne r\u00e9as\u00fanta simpl\u00ed i gcompar\u00e1id le roinnt teangacha eile, t\u00e1 tuiscint a fh\u00e1il ar a rialacha [&hellip;]<\/p>\n","protected":false},"author":1,"featured_media":1440033,"parent":0,"menu_order":0,"comment_status":"closed","ping_status":"closed","template":"LearningContentPage.php","meta":{"_acf_changed":false,"footnotes":""},"class_list":["post-1444027","page","type-page","status-publish","has-post-thumbnail","hentry"],"acf":[],"yoast_head":"<!-- This site is optimized with the Yoast SEO Premium plugin v27.2 (Yoast SEO v27.2) - https:\/\/yoast.com\/product\/yoast-seo-premium-wordpress\/ -->\n<title>Gramadach na Sualainne - Talkpal<\/title>\n<meta name=\"description\" content=\"D\u00edghlas\u00e1il r\u00fain ghramada\u00ed na Sualainne chun do scileanna teanga a fheabhs\u00fa le rialacha bun\u00fasacha agus leideanna cabhracha.\" \/>\n<meta name=\"robots\" content=\"index, follow, max-snippet:-1, max-image-preview:large, max-video-preview:-1\" \/>\n<link rel=\"canonical\" href=\"https:\/\/talkpal.ai\/ga\/gramadach-na-sualainne\/\" \/>\n<meta property=\"og:locale\" content=\"ga_IE\" \/>\n<meta property=\"og:type\" content=\"article\" \/>\n<meta property=\"og:title\" content=\"Gramadach na Sualainne\" \/>\n<meta property=\"og:description\" content=\"Demystifying Gramadach na Sualainne: Treoir Chuimsitheach chun M\u00e1istreacht a Rialacha agus Nuances Is teanga shaibhir agus s\u00e9iseach \u00ed an tSualainnis, a\" \/>\n<meta property=\"og:url\" content=\"https:\/\/talkpal.ai\/ga\/gramadach-na-sualainne\/\" \/>\n<meta property=\"og:site_name\" content=\"Talkpal\" \/>\n<meta property=\"article:publisher\" content=\"https:\/\/www.facebook.com\/profile.php?id=100090733639311\" \/>\n<meta property=\"article:modified_time\" content=\"2025-12-11T16:32:53+00:00\" \/>\n<meta property=\"og:image\" content=\"https:\/\/talkpal.ai\/wp-content\/uploads\/2023\/04\/sweden.png\" \/>\n\t<meta property=\"og:image:width\" content=\"512\" \/>\n\t<meta property=\"og:image:height\" content=\"512\" \/>\n\t<meta property=\"og:image:type\" content=\"image\/png\" \/>\n<meta name=\"twitter:card\" content=\"summary_large_image\" \/>\n<meta name=\"twitter:site\" content=\"@talkpalai\" \/>\n<meta name=\"twitter:label1\" content=\"Est. reading time\" \/>\n\t<meta name=\"twitter:data1\" content=\"3 minutes\" \/>\n<script type=\"application\/ld+json\" class=\"yoast-schema-graph\">{\"@context\":\"https:\/\/schema.org\",\"@graph\":[{\"@type\":\"WebPage\",\"@id\":\"https:\/\/talkpal.ai\/ga\/gramadach-na-sualainne\/\",\"url\":\"https:\/\/talkpal.ai\/ga\/gramadach-na-sualainne\/\",\"name\":\"Gramadach na Sualainne - Talkpal\",\"isPartOf\":{\"@id\":\"https:\/\/talkpal.ai\/ga\/#website\"},\"primaryImageOfPage\":{\"@id\":\"https:\/\/talkpal.ai\/ga\/gramadach-na-sualainne\/#primaryimage\"},\"image\":{\"@id\":\"https:\/\/talkpal.ai\/ga\/gramadach-na-sualainne\/#primaryimage\"},\"thumbnailUrl\":\"https:\/\/talkpal.ai\/wp-content\/uploads\/2023\/04\/sweden.png\",\"datePublished\":\"2023-05-14T13:53:07+00:00\",\"dateModified\":\"2025-12-11T16:32:53+00:00\",\"description\":\"D\u00edghlas\u00e1il r\u00fain ghramada\u00ed na Sualainne chun do scileanna teanga a fheabhs\u00fa le rialacha bun\u00fasacha agus leideanna cabhracha.\",\"breadcrumb\":{\"@id\":\"https:\/\/talkpal.ai\/ga\/gramadach-na-sualainne\/#breadcrumb\"},\"inLanguage\":\"ga-IE\",\"potentialAction\":[{\"@type\":\"ReadAction\",\"target\":[\"https:\/\/talkpal.ai\/ga\/gramadach-na-sualainne\/\"]}]},{\"@type\":\"ImageObject\",\"inLanguage\":\"ga-IE\",\"@id\":\"https:\/\/talkpal.ai\/ga\/gramadach-na-sualainne\/#primaryimage\",\"url\":\"https:\/\/talkpal.ai\/wp-content\/uploads\/2023\/04\/sweden.png\",\"contentUrl\":\"https:\/\/talkpal.ai\/wp-content\/uploads\/2023\/04\/sweden.png\",\"width\":512,\"height\":512,\"caption\":\"TalkPal Catalan Flag\"},{\"@type\":\"BreadcrumbList\",\"@id\":\"https:\/\/talkpal.ai\/ga\/gramadach-na-sualainne\/#breadcrumb\",\"itemListElement\":[{\"@type\":\"ListItem\",\"position\":1,\"name\":\"Homepage\",\"item\":\"https:\/\/talkpal.ai\/ga\/\"},{\"@type\":\"ListItem\",\"position\":2,\"name\":\"Gramadach na Sualainne\"}]},{\"@type\":\"WebSite\",\"@id\":\"https:\/\/talkpal.ai\/ga\/#website\",\"url\":\"https:\/\/talkpal.ai\/ga\/\",\"name\":\"Talkpal\",\"description\":\"AI Language Learning\",\"publisher\":{\"@id\":\"https:\/\/talkpal.ai\/ga\/#organization\"},\"alternateName\":\"Talkpal AI\",\"potentialAction\":[{\"@type\":\"SearchAction\",\"target\":{\"@type\":\"EntryPoint\",\"urlTemplate\":\"https:\/\/talkpal.ai\/ga\/?s={search_term_string}\"},\"query-input\":{\"@type\":\"PropertyValueSpecification\",\"valueRequired\":true,\"valueName\":\"search_term_string\"}}],\"inLanguage\":\"ga-IE\"},{\"@type\":\"Organization\",\"@id\":\"https:\/\/talkpal.ai\/ga\/#organization\",\"name\":\"Talkpal, Inc.\",\"alternateName\":\"Talkpal AI\",\"url\":\"https:\/\/talkpal.ai\/ga\/\",\"logo\":{\"@type\":\"ImageObject\",\"inLanguage\":\"ga-IE\",\"@id\":\"https:\/\/talkpal.ai\/ga\/#\/schema\/logo\/image\/\",\"url\":\"https:\/\/talkpal.ai\/wp-content\/uploads\/2024\/03\/Talkpal-Logo-Icon.png\",\"contentUrl\":\"https:\/\/talkpal.ai\/wp-content\/uploads\/2024\/03\/Talkpal-Logo-Icon.png\",\"width\":2880,\"height\":2880,\"caption\":\"Talkpal, Inc.\"},\"image\":{\"@id\":\"https:\/\/talkpal.ai\/ga\/#\/schema\/logo\/image\/\"},\"sameAs\":[\"https:\/\/www.facebook.com\/profile.php?id=100090733639311\",\"https:\/\/x.com\/talkpalai\",\"https:\/\/www.linkedin.com\/company\/talkpal\/\",\"https:\/\/www.youtube.com\/@TalkPal\/\",\"https:\/\/www.tiktok.com\/@talkpal\",\"https:\/\/www.instagram.com\/talkpal_ai\/\",\"https:\/\/www.crunchbase.com\/organization\/talkpal-9cde\",\"https:\/\/www.g2.com\/products\/talkpal-for-business\/\",\"https:\/\/www.trustpilot.com\/review\/talkpal.ai\",\"https:\/\/www.capterra.com\/p\/10006800\/TalkPal\/\"],\"description\":\"Talkpal is a language learning web and mobile education app, powered by the latest AI technologies, that provides engaging experiences to its customers in many different languages to help them improve their language skills. Users can chat about unlimited amount of topics with the app and use other modes to practice their language learning.\",\"email\":\"support@talkpal.ai\",\"legalName\":\"Talkpal, Inc.\",\"foundingDate\":\"2023-04-03\",\"duns\":\"118989042\",\"numberOfEmployees\":{\"@type\":\"QuantitativeValue\",\"minValue\":\"11\",\"maxValue\":\"50\"},\"publishingPrinciples\":\"https:\/\/talkpal.ai\/publishing-principles\/\",\"actionableFeedbackPolicy\":\"https:\/\/talkpal.ai\/actionable-feedback-policy\/\",\"correctionsPolicy\":\"https:\/\/talkpal.ai\/corrections-policy\/\",\"ethicsPolicy\":\"https:\/\/talkpal.ai\/ethics-policy\/\",\"diversityPolicy\":\"https:\/\/talkpal.ai\/diversity-policy\/\",\"diversityStaffingReport\":\"https:\/\/talkpal.ai\/diversity-policy\/\"}]}<\/script>\n<!-- \/ Yoast SEO Premium plugin. -->","yoast_head_json":{"title":"Gramadach na Sualainne - Talkpal","description":"D\u00edghlas\u00e1il r\u00fain ghramada\u00ed na Sualainne chun do scileanna teanga a fheabhs\u00fa le rialacha bun\u00fasacha agus leideanna cabhracha.","robots":{"index":"index","follow":"follow","max-snippet":"max-snippet:-1","max-image-preview":"max-image-preview:large","max-video-preview":"max-video-preview:-1"},"canonical":"https:\/\/talkpal.ai\/ga\/gramadach-na-sualainne\/","og_locale":"ga_IE","og_type":"article","og_title":"Gramadach na Sualainne","og_description":"Demystifying Gramadach na Sualainne: Treoir Chuimsitheach chun M\u00e1istreacht a Rialacha agus Nuances Is teanga shaibhir agus s\u00e9iseach \u00ed an tSualainnis, a","og_url":"https:\/\/talkpal.ai\/ga\/gramadach-na-sualainne\/","og_site_name":"Talkpal","article_publisher":"https:\/\/www.facebook.com\/profile.php?id=100090733639311","article_modified_time":"2025-12-11T16:32:53+00:00","og_image":[{"width":512,"height":512,"url":"https:\/\/talkpal.ai\/wp-content\/uploads\/2023\/04\/sweden.png","type":"image\/png"}],"twitter_card":"summary_large_image","twitter_site":"@talkpalai","twitter_misc":{"Est. reading time":"3 minutes"},"schema":{"@context":"https:\/\/schema.org","@graph":[{"@type":"WebPage","@id":"https:\/\/talkpal.ai\/ga\/gramadach-na-sualainne\/","url":"https:\/\/talkpal.ai\/ga\/gramadach-na-sualainne\/","name":"Gramadach na Sualainne - Talkpal","isPartOf":{"@id":"https:\/\/talkpal.ai\/ga\/#website"},"primaryImageOfPage":{"@id":"https:\/\/talkpal.ai\/ga\/gramadach-na-sualainne\/#primaryimage"},"image":{"@id":"https:\/\/talkpal.ai\/ga\/gramadach-na-sualainne\/#primaryimage"},"thumbnailUrl":"https:\/\/talkpal.ai\/wp-content\/uploads\/2023\/04\/sweden.png","datePublished":"2023-05-14T13:53:07+00:00","dateModified":"2025-12-11T16:32:53+00:00","description":"D\u00edghlas\u00e1il r\u00fain ghramada\u00ed na Sualainne chun do scileanna teanga a fheabhs\u00fa le rialacha bun\u00fasacha agus leideanna cabhracha.","breadcrumb":{"@id":"https:\/\/talkpal.ai\/ga\/gramadach-na-sualainne\/#breadcrumb"},"inLanguage":"ga-IE","potentialAction":[{"@type":"ReadAction","target":["https:\/\/talkpal.ai\/ga\/gramadach-na-sualainne\/"]}]},{"@type":"ImageObject","inLanguage":"ga-IE","@id":"https:\/\/talkpal.ai\/ga\/gramadach-na-sualainne\/#primaryimage","url":"https:\/\/talkpal.ai\/wp-content\/uploads\/2023\/04\/sweden.png","contentUrl":"https:\/\/talkpal.ai\/wp-content\/uploads\/2023\/04\/sweden.png","width":512,"height":512,"caption":"TalkPal Catalan Flag"},{"@type":"BreadcrumbList","@id":"https:\/\/talkpal.ai\/ga\/gramadach-na-sualainne\/#breadcrumb","itemListElement":[{"@type":"ListItem","position":1,"name":"Homepage","item":"https:\/\/talkpal.ai\/ga\/"},{"@type":"ListItem","position":2,"name":"Gramadach na Sualainne"}]},{"@type":"WebSite","@id":"https:\/\/talkpal.ai\/ga\/#website","url":"https:\/\/talkpal.ai\/ga\/","name":"Talkpal","description":"AI Language Learning","publisher":{"@id":"https:\/\/talkpal.ai\/ga\/#organization"},"alternateName":"Talkpal AI","potentialAction":[{"@type":"SearchAction","target":{"@type":"EntryPoint","urlTemplate":"https:\/\/talkpal.ai\/ga\/?s={search_term_string}"},"query-input":{"@type":"PropertyValueSpecification","valueRequired":true,"valueName":"search_term_string"}}],"inLanguage":"ga-IE"},{"@type":"Organization","@id":"https:\/\/talkpal.ai\/ga\/#organization","name":"Talkpal, Inc.","alternateName":"Talkpal AI","url":"https:\/\/talkpal.ai\/ga\/","logo":{"@type":"ImageObject","inLanguage":"ga-IE","@id":"https:\/\/talkpal.ai\/ga\/#\/schema\/logo\/image\/","url":"https:\/\/talkpal.ai\/wp-content\/uploads\/2024\/03\/Talkpal-Logo-Icon.png","contentUrl":"https:\/\/talkpal.ai\/wp-content\/uploads\/2024\/03\/Talkpal-Logo-Icon.png","width":2880,"height":2880,"caption":"Talkpal, Inc."},"image":{"@id":"https:\/\/talkpal.ai\/ga\/#\/schema\/logo\/image\/"},"sameAs":["https:\/\/www.facebook.com\/profile.php?id=100090733639311","https:\/\/x.com\/talkpalai","https:\/\/www.linkedin.com\/company\/talkpal\/","https:\/\/www.youtube.com\/@TalkPal\/","https:\/\/www.tiktok.com\/@talkpal","https:\/\/www.instagram.com\/talkpal_ai\/","https:\/\/www.crunchbase.com\/organization\/talkpal-9cde","https:\/\/www.g2.com\/products\/talkpal-for-business\/","https:\/\/www.trustpilot.com\/review\/talkpal.ai","https:\/\/www.capterra.com\/p\/10006800\/TalkPal\/"],"description":"Talkpal is a language learning web and mobile education app, powered by the latest AI technologies, that provides engaging experiences to its customers in many different languages to help them improve their language skills. Users can chat about unlimited amount of topics with the app and use other modes to practice their language learning.","email":"support@talkpal.ai","legalName":"Talkpal, Inc.","foundingDate":"2023-04-03","duns":"118989042","numberOfEmployees":{"@type":"QuantitativeValue","minValue":"11","maxValue":"50"},"publishingPrinciples":"https:\/\/talkpal.ai\/publishing-principles\/","actionableFeedbackPolicy":"https:\/\/talkpal.ai\/actionable-feedback-policy\/","correctionsPolicy":"https:\/\/talkpal.ai\/corrections-policy\/","ethicsPolicy":"https:\/\/talkpal.ai\/ethics-policy\/","diversityPolicy":"https:\/\/talkpal.ai\/diversity-policy\/","diversityStaffingReport":"https:\/\/talkpal.ai\/diversity-policy\/"}]}},"_links":{"self":[{"href":"https:\/\/talkpal.ai\/ga\/wp-json\/wp\/v2\/pages\/1444027","targetHints":{"allow":["GET"]}}],"collection":[{"href":"https:\/\/talkpal.ai\/ga\/wp-json\/wp\/v2\/pages"}],"about":[{"href":"https:\/\/talkpal.ai\/ga\/wp-json\/wp\/v2\/types\/page"}],"author":[{"embeddable":true,"href":"https:\/\/talkpal.ai\/ga\/wp-json\/wp\/v2\/users\/1"}],"replies":[{"embeddable":true,"href":"https:\/\/talkpal.ai\/ga\/wp-json\/wp\/v2\/comments?post=1444027"}],"version-history":[{"count":0,"href":"https:\/\/talkpal.ai\/ga\/wp-json\/wp\/v2\/pages\/1444027\/revisions"}],"wp:featuredmedia":[{"embeddable":true,"href":"https:\/\/talkpal.ai\/ga\/wp-json\/wp\/v2\/media\/1440033"}],"wp:attachment":[{"href":"https:\/\/talkpal.ai\/ga\/wp-json\/wp\/v2\/media?parent=1444027"}],"curies":[{"name":"wp","href":"https:\/\/api.w.org\/{rel}","templated":true}]}}