{"id":1444020,"date":"2023-05-14T13:52:49","date_gmt":"2023-05-14T13:52:49","guid":{"rendered":"https:\/\/talkpal.ai\/gramadach-na-ruise\/"},"modified":"2025-12-13T15:17:25","modified_gmt":"2025-12-13T15:17:25","slug":"gramadach-na-ruise","status":"publish","type":"page","link":"https:\/\/talkpal.ai\/ga\/gramadach-na-ruise\/","title":{"rendered":"Gramadach na R\u00faise"},"content":{"rendered":"\r\n\r\n\r\n<section class=\"languageChallengeSection\">\r\n    <div class=\"languageInfoWrapper\">\r\n        \r\n        <h1>Gramadach na R\u00faise<\/h1>\r\n        <p>Cuir t\u00fas le d&#039;eachtra sa teanga <a href=\"https:\/\/talkpal.ai\/learn-russian\/\">R\u00faisis<\/a> agus oscail doirse chuig cult\u00far agus stair shaibhir. Feabhs\u00f3idh m\u00e1istreacht ar ghramadach agus st\u00f3r focal na R\u00faise do dheiseanna taistil, gairme agus cumars\u00e1ide. Tosaigh ag foghlaim na R\u00faise inniu agus glac an ch\u00e9ad ch\u00e9im i dtreo l\u00edofa!\n\n<\/p>\r\n\r\n                            <a class=\"getStartedHidden\" href=\"https:\/\/app.talkpal.ai\/signup?lng=\">Tosaigh<\/a>\r\n        \r\n    <\/div>\r\n\r\n    <figure>\r\n    <img decoding=\"async\" width=\"768\" height=\"768\" src=\"https:\/\/talkpal.ai\/wp-content\/uploads\/2023\/06\/russian-768x768.png\" class=\"languageImage no-lazy\" alt=\"Language learning for multicultural understanding\" fetchpriority=\"high\" sizes=\"(max-width: 768px) 150px, 768px\" srcset=\"https:\/\/talkpal.ai\/wp-content\/uploads\/2023\/06\/russian-768x768.png 768w, https:\/\/talkpal.ai\/wp-content\/uploads\/2023\/06\/russian-300x300.png 300w\" \/>\r\n    \r\n\r\n    <\/figure>\r\n\r\n            <a class=\"getStartedVisible\" href=\"https:\/\/app.talkpal.ai\/signup?lng=\">Tosaigh<\/a>\r\n    \r\n<\/section>\r\n<section class=\"promotionalBanner\">\r\n    <p class=\"promotionalText\">An bealach is \u00e9ifeachta\u00ed le teanga a fhoghlaim<\/p>\r\n    <a class=\"promotionalLink\" href=\"https:\/\/app.talkpal.ai\/signup?lng=\">Bain triail as Talkpal saor in aisce<\/a>\r\n<\/section>\n<div class=\"wp-block-group pageContainerStyle\"><div class=\"wp-block-group__inner-container is-layout-constrained wp-block-group-is-layout-constrained\">\n<h1 class=\"wp-block-heading\" id=\"h-russian-grammar-unlock-the-secrets-to-mastering-russian\">Gramadach na R\u00faise: D\u00edghlas\u00e1il na R\u00fain chun M\u00e1istreacht na R\u00faise<\/h1>\n\n\n\n<p>Comhghairdeas as an gc\u00e9im d\u00e1na a ghlacadh i dtreo foghlaim na R\u00faise! Le n\u00edos m\u00f3 n\u00e1 258 milli\u00fan cainteoir ar fud an domhain, is teanga sp\u00e9isi\u00fail agus luachmhar \u00ed an R\u00faisis a thugann l\u00e9argas ar chult\u00far agus ar stair shaibhir. <a href=\"https:\/\/talkpal.ai\/ga\/maidir\/\">Maidir<\/a> le <a href=\"https:\/\/talkpal.ai\/grammar\/\">gramadach<\/a> na R\u00faise, is f\u00e9idir leis a bheith imeaglaithe, ach n\u00e1 b\u00edodh eagla ort! T\u00e1 an treoir chairdi\u00fail, do thosaitheoir\u00ed seo anseo chun buneilimint\u00ed <a href=\"https:\/\/talkpal.ai\/ga\/cleachtai-gramadai-na-hisiltire\/\">gramada\u00ed na<\/a> R\u00faise a bhriseadh s\u00edos ar bhealach simpl\u00ed agus tarraingteach.<\/p>\n\n\n\n<h3 class=\"wp-block-heading\" id=\"h-1-the-russian-alphabet-your-starting-point\">1. Aib\u00edtir na R\u00faise: Do Phointe Tosaigh<\/h3>\n\n\n\n<p>Is \u00ed an eochair chun nasclean\u00faint a dh\u00e9anamh ar ghramadach na R\u00faise n\u00e1 m\u00e1istreacht a fh\u00e1il ar an aib\u00edtir Choireallach. Le 33 litir, 10 guta, agus 21 consan, is \u00e9 an bun\u00fas \u00e9 chun an teanga a l\u00e9amh, a scr\u00edobh agus a thuiscint. Tr\u00ed eolas a <a href=\"https:\/\/talkpal.ai\/locations\/language-courses-in-chur\/\">chur<\/a> ar an aib\u00edtir, cruth\u00f3far <a href=\"https:\/\/talkpal.ai\/de\/locations\/englisch-lernen-in-bonn\/\">bonn<\/a> l\u00e1idir chun do scileanna gramada\u00ed na R\u00faise a th\u00f3g\u00e1il.<\/p>\n\n\n\n<h3 class=\"wp-block-heading\" id=\"h-2-nouns-and-cases-the-core-of-russian-grammar\">2. Ainmfhocail agus C\u00e1sanna: Cro\u00edl\u00e1r Ghramada\u00ed na R\u00faise<\/h3>\n\n\n\n<p>Leagann <a href=\"https:\/\/talkpal.ai\/grammar\/\">gramadach<\/a> na R\u00faise b\u00e9im ar \u00fas\u00e1id c\u00e1sanna chun br\u00ed agus comhth\u00e9acs a chur in i\u00fal. Le s\u00e9 ch\u00e1s &#8211; Nominative, Genitive, Dative, Accusative, Instrumental, and Prepositional &#8211; athra\u00edonn ainmfhocail na R\u00faise a gcuid foircinn chun a bhfeidhmi\u00fa a thaispe\u00e1int in abairt. D\u00e1 bhr\u00ed sin, \u00e9ir\u00edonn an t-ord focal n\u00edos l\u00fa critici\u00fail n\u00e1 mar at\u00e1 sa Bh\u00e9arla. Mar shampla:<\/p>\n\n\n\n<p><a href=\"https:\/\/talkpal.ai\/learn-english-with-ai\/\">B\u00e9arla<\/a>: Tugaim leabhar do chara.<\/p>\n\n\n\n<p>R\u00faisis: \u042f \u0434\u0430\u044e \u0434\u0440\u0443\u0433\u0443 \u043a\u043d\u0438\u0433\u0443 (Ya dayu drugu knigu)<\/p>\n\n\n\n<p>Anseo, t\u00e1 &#8220;\u0434\u0440\u0443\u0433\u0443&#8221; (do chara) agus &#8220;\u043a\u043d\u0438\u0433\u0443&#8221; (leabhar) sna c\u00e1sanna Dative agus Accusative, faoi seach.<\/p>\n\n\n\n<h3 class=\"wp-block-heading\" id=\"h-3-mastering-gender-and-plurals\">3. M\u00e1istreacht ar Inscne agus Iolra<\/h3>\n\n\n\n<p>I ngramadach na R\u00faise, sanntar ainmfhocail ceann de thr\u00ed inscne: firinscneach, baininscneach, n\u00f3 neuter. Is gn\u00e1ch go l\u00e9ir\u00edonn deireadh ainmfhocal a inscne:<\/p>\n\n\n\n<p>&#8211; Fireinscneach: cr\u00edochna\u00edonn le consan n\u00f3 &#8220;-\u0439&#8221;<\/p>\n\n\n\n<p>&#8211; Baininscneach: cr\u00edochna\u00edonn s\u00e9 le &#8220;-\u0430&#8221; n\u00f3 &#8220;-\u044f&#8221;<\/p>\n\n\n\n<p>&#8211; Neuter: cr\u00edochna\u00edonn le &#8220;-\u043e&#8221; n\u00f3 &#8220;-\u0435&#8221;<\/p>\n\n\n\n<p>Chun iolra\u00ed a fhoirmi\u00fa, athra\u00edonn foircinn na n-ainmfhocal bunaithe ar a n-inscne agus ar an gc\u00e1s ina bhfuil siad.<\/p>\n\n\n\n<h3 class=\"wp-block-heading\" id=\"h-4-conquer-verb-conjugation\">4. Conquer Verb Conjugation<\/h3>\n\n\n\n<p>Cos\u00fail le go leor teangacha, athra\u00edonn briathra na R\u00faise foirm (comhchuingeach) bunaithe ar aimsir, duine agus uimhir. Tagann briathra na R\u00faise in dh\u00e1 ghn\u00e9 freisin: foirfe agus neamhfhoirfe. L\u00e9ir\u00edonn an ghn\u00e9 foirfeachta gn\u00edomh cr\u00edochnaithe, agus tagra\u00edonn an ghn\u00e9 neamhfhoirfe do ghn\u00edomhartha lean\u00fanacha n\u00f3 gn\u00e1thghn\u00edomhartha.<\/p>\n\n\n\n<p>Chun t\u00fas a chur leis, d\u00edrigh ar thuiscint a fh\u00e1il ar an gcomhchuingi\u00fa aimsir l\u00e1ithreach do bhriathra neamhfhoirfe agus ar an aimsir chaite don d\u00e1 ghn\u00e9. Mar shampla:<\/p>\n\n\n\n<p>Aimsir l\u00e1ithreach (Imperfective): \u042f \u0447\u0438\u0442\u0430\u044e (Ya chitayu) &#8211; &#8220;L\u00e9igh m\u00e9&#8221; n\u00f3 &#8220;T\u00e1 m\u00e9 ag l\u00e9amh&#8221;<\/p>\n\n\n\n<p>Aimsir chaite (Imperfective): \u042f \u0447\u0438\u0442\u0430\u043b (Ya chital) \u2013 &#8220;Bh\u00ed m\u00e9 ag l\u00e9amh&#8221;<\/p>\n\n\n\n<p>Aimsir chaite (Foirfe): \u042f \u043f\u0440\u043e\u0447\u0438\u0442\u0430\u043b (Ya prochital) &#8211; &#8220;T\u00e1 l\u00e9amh agam&#8221; n\u00f3 &#8220;L\u00e9igh m\u00e9 (agus chr\u00edochnaigh)&#8221;<\/p>\n\n\n\n<h3 class=\"wp-block-heading\" id=\"h-5-embrace-russian-pronouns\">5. Glac le Forainmneacha R\u00faisis<\/h3>\n\n\n\n<p>Forainmneacha i ngramadach na R\u00faise in \u00e1it ainmfhocail agus t\u00e1 siad r\u00edth\u00e1bhachtach do chaint sreabhach. L\u00e9im isteach i bhfoghlaim forainmneacha pearsanta agus sealbhacha, mar shampla:<\/p>\n\n\n\n<p>Forainmneacha pearsanta: \u044f (I), \u0442\u044b (tusa, neamhfhoirmi\u00fail), \u043e\u043d\/\u043e\u043d\u0430\/\u043e\u043d\u043e (s\u00e9\/s\u00ed\/s\u00e9), \u0432\u044b (tusa, foirmi\u00fail n\u00f3 iolra), \u043c\u044b (muid), \u043e\u043d\u0438 (siad)<\/p>\n\n\n\n<p>Forainmneacha sealbhacha: \u043c\u043e\u0439\/\u043c\u043e\u044f\/\u043c\u043e\u0451 (mo), \u0442\u0432\u043e\u0439\/\u0442\u0432\u043e\u044f\/\u0442\u0432\u043e\u0451 (do, neamhfhoirmi\u00fail), \u0435\u0433\u043e\/\u0435\u0451\/\u0438\u0445 (a \/ a \/ s\u00ed), \u0432\u0430\u0448 \/ \u0432\u0430\u0448\u0430 \/ \u0432\u0430\u0448\u0435 (do, foirmi\u00fail n\u00f3 iolra), \u043d\u0430\u0448 \/ \u043d\u0430\u0448\u0430 \/ \u043d\u0430\u0448\u0435 (\u00e1r)<\/p>\n\n\n\n<p>N\u00e1 d\u00e9an dearmad go gcaithfidh forainmneacha na R\u00faise aont\u00fa le hinscne agus c\u00e1s an ainmfhocail a chuireann siad ina n-ionad.<\/p>\n\n\n\n<p>Comhghairdeas! T\u00e1 na ch\u00e9ad ch\u00e9imeanna glactha agat i dtreo m\u00e1istreacht a fh\u00e1il ar intricacies ghramada\u00ed na R\u00faise. Cuimhnigh, t\u00e1 cleachtas r\u00edth\u00e1bhachtach, mar sin d\u00e9an n\u00edos doimhne sa teanga, t\u00e9igh i dteagmh\u00e1il le cainteoir\u00ed d\u00fachais, agus treisigh do bhun\u00fas foghlama. \u0423\u0434\u0430\u0447\u0438! (\u00c1dh m\u00f3r!)<\/p>\n<\/div><\/div>\n\r\n<section class=\"learnNavigationSection\">\r\n            \r\n        <a href=\"https:\/\/talkpal.ai\/ga\/foghlaim-ruisis\/\">\r\n            <div class=\"learnNavigationWrapper\">\r\n                <div class=\"learnNavigationContent\">\r\n                    <img decoding=\"async\" src=\"https:\/\/talkpal.ai\/wp-content\/uploads\/2024\/08\/Russian.jpg\" alt=\"Russian Flag\">\r\n                    <div>\r\n                        <h4>Maidir le Foghlaim na R\u00faise<\/h4>\r\n                        <p>Faigh amach gach rud faoi ghramadach na R\u00faise.<\/p>\r\n                    <\/div>\r\n                <\/div>\r\n            <\/div>\r\n        <\/a>\r\n\r\n        \r\n        <a href=\"https:\/\/talkpal.ai\/ga\/cleachtai-gramadai-na-ruise\/\">\r\n            <div class=\"learnNavigationWrapper\">\r\n                <div class=\"learnNavigationContent\">\r\n                    <img decoding=\"async\" src=\"https:\/\/talkpal.ai\/wp-content\/uploads\/2024\/08\/Russian.jpg\" alt=\"Russian Flag\">\r\n                    <div>\r\n                        <h4>Cleachtadh Gramada\u00ed na R\u00faise<\/h4>\r\n                        <p>Cleachtadh gramadach na R\u00faise.<\/p>\r\n                    <\/div>\r\n                <\/div>\r\n            <\/div>\r\n        <\/a>\r\n\r\n        \r\n        <a href=\"https:\/\/talkpal.ai\/vocabulary_language\/russian\/\">\r\n            <div class=\"learnNavigationWrapper\">\r\n                <div class=\"learnNavigationContent\">\r\n                    <img decoding=\"async\" src=\"https:\/\/talkpal.ai\/wp-content\/uploads\/2024\/08\/Russian.jpg\" alt=\"Russian Flag\">\r\n                    <div>\r\n                        <h4>St\u00f3r Focal na R\u00faise<\/h4>\r\n                        <p>Leathnaigh do st\u00f3r focal R\u00faisise.<\/p>\r\n                    <\/div>\r\n                <\/div>\r\n            <\/div>\r\n        <\/a>\r\n\r\n            <\/section>","protected":false},"excerpt":{"rendered":"<p>Gramadach na R\u00faise: D\u00edghlas\u00e1il na R\u00fain chun M\u00e1istreacht na R\u00faise Comhghairdeas as an gc\u00e9im d\u00e1na a ghlacadh i dtreo foghlaim na R\u00faise! Le n\u00edos m\u00f3 n\u00e1 258 milli\u00fan cainteoir ar fud an domhain, is teanga sp\u00e9isi\u00fail agus luachmhar \u00ed an R\u00faisis a thugann l\u00e9argas ar chult\u00far agus ar stair shaibhir. Maidir le gramadach na R\u00faise, [&hellip;]<\/p>\n","protected":false},"author":1,"featured_media":1442560,"parent":0,"menu_order":0,"comment_status":"closed","ping_status":"closed","template":"LearningContentPage.php","meta":{"_acf_changed":false,"footnotes":""},"class_list":["post-1444020","page","type-page","status-publish","has-post-thumbnail","hentry"],"acf":[],"yoast_head":"<!-- This site is optimized with the Yoast SEO Premium plugin v27.2 (Yoast SEO v27.2) - https:\/\/yoast.com\/product\/yoast-seo-premium-wordpress\/ -->\n<title>Gramadach na R\u00faise - Talkpal<\/title>\n<meta name=\"description\" content=\"D\u00edghlas\u00e1il domhan na Gramada\u00ed R\u00faisise len\u00e1r dtreoir do thosaitheoir\u00ed. M\u00e1istreacht ar an aib\u00edtir Choireallach agus do scileanna teanga a th\u00f3g\u00e1il.\" \/>\n<meta name=\"robots\" content=\"index, follow, max-snippet:-1, max-image-preview:large, max-video-preview:-1\" \/>\n<link rel=\"canonical\" href=\"https:\/\/talkpal.ai\/ga\/gramadach-na-ruise\/\" \/>\n<meta property=\"og:locale\" content=\"ga_IE\" \/>\n<meta property=\"og:type\" content=\"article\" \/>\n<meta property=\"og:title\" content=\"Gramadach na R\u00faise\" \/>\n<meta property=\"og:description\" content=\"Gramadach na R\u00faise: D\u00edghlas\u00e1il na R\u00fain chun M\u00e1istreacht na R\u00faise Comhghairdeas as an gc\u00e9im d\u00e1na a ghlacadh i dtreo foghlaim na R\u00faise! Le n\u00edos m\u00f3 n\u00e1 258\" \/>\n<meta property=\"og:url\" content=\"https:\/\/talkpal.ai\/ga\/gramadach-na-ruise\/\" \/>\n<meta property=\"og:site_name\" content=\"Talkpal\" \/>\n<meta property=\"article:publisher\" content=\"https:\/\/www.facebook.com\/profile.php?id=100090733639311\" \/>\n<meta property=\"article:modified_time\" content=\"2025-12-13T15:17:25+00:00\" \/>\n<meta property=\"og:image\" content=\"https:\/\/talkpal.ai\/wp-content\/uploads\/2023\/04\/rusia.png\" \/>\n\t<meta property=\"og:image:width\" content=\"512\" \/>\n\t<meta property=\"og:image:height\" content=\"512\" \/>\n\t<meta property=\"og:image:type\" content=\"image\/png\" \/>\n<meta name=\"twitter:card\" content=\"summary_large_image\" \/>\n<meta name=\"twitter:site\" content=\"@talkpalai\" \/>\n<meta name=\"twitter:label1\" content=\"Est. reading time\" \/>\n\t<meta name=\"twitter:data1\" content=\"3 minutes\" \/>\n<script type=\"application\/ld+json\" class=\"yoast-schema-graph\">{\"@context\":\"https:\/\/schema.org\",\"@graph\":[{\"@type\":\"WebPage\",\"@id\":\"https:\/\/talkpal.ai\/ga\/gramadach-na-ruise\/\",\"url\":\"https:\/\/talkpal.ai\/ga\/gramadach-na-ruise\/\",\"name\":\"Gramadach na R\u00faise - Talkpal\",\"isPartOf\":{\"@id\":\"https:\/\/talkpal.ai\/ga\/#website\"},\"primaryImageOfPage\":{\"@id\":\"https:\/\/talkpal.ai\/ga\/gramadach-na-ruise\/#primaryimage\"},\"image\":{\"@id\":\"https:\/\/talkpal.ai\/ga\/gramadach-na-ruise\/#primaryimage\"},\"thumbnailUrl\":\"https:\/\/talkpal.ai\/wp-content\/uploads\/2023\/04\/rusia.png\",\"datePublished\":\"2023-05-14T13:52:49+00:00\",\"dateModified\":\"2025-12-13T15:17:25+00:00\",\"description\":\"D\u00edghlas\u00e1il domhan na Gramada\u00ed R\u00faisise len\u00e1r dtreoir do thosaitheoir\u00ed. M\u00e1istreacht ar an aib\u00edtir Choireallach agus do scileanna teanga a th\u00f3g\u00e1il.\",\"breadcrumb\":{\"@id\":\"https:\/\/talkpal.ai\/ga\/gramadach-na-ruise\/#breadcrumb\"},\"inLanguage\":\"ga-IE\",\"potentialAction\":[{\"@type\":\"ReadAction\",\"target\":[\"https:\/\/talkpal.ai\/ga\/gramadach-na-ruise\/\"]}]},{\"@type\":\"ImageObject\",\"inLanguage\":\"ga-IE\",\"@id\":\"https:\/\/talkpal.ai\/ga\/gramadach-na-ruise\/#primaryimage\",\"url\":\"https:\/\/talkpal.ai\/wp-content\/uploads\/2023\/04\/rusia.png\",\"contentUrl\":\"https:\/\/talkpal.ai\/wp-content\/uploads\/2023\/04\/rusia.png\",\"width\":512,\"height\":512,\"caption\":\"TalkPal Catalan Flag\"},{\"@type\":\"BreadcrumbList\",\"@id\":\"https:\/\/talkpal.ai\/ga\/gramadach-na-ruise\/#breadcrumb\",\"itemListElement\":[{\"@type\":\"ListItem\",\"position\":1,\"name\":\"Homepage\",\"item\":\"https:\/\/talkpal.ai\/ga\/\"},{\"@type\":\"ListItem\",\"position\":2,\"name\":\"Gramadach na R\u00faise\"}]},{\"@type\":\"WebSite\",\"@id\":\"https:\/\/talkpal.ai\/ga\/#website\",\"url\":\"https:\/\/talkpal.ai\/ga\/\",\"name\":\"Talkpal\",\"description\":\"AI Language Learning\",\"publisher\":{\"@id\":\"https:\/\/talkpal.ai\/ga\/#organization\"},\"alternateName\":\"Talkpal AI\",\"potentialAction\":[{\"@type\":\"SearchAction\",\"target\":{\"@type\":\"EntryPoint\",\"urlTemplate\":\"https:\/\/talkpal.ai\/ga\/?s={search_term_string}\"},\"query-input\":{\"@type\":\"PropertyValueSpecification\",\"valueRequired\":true,\"valueName\":\"search_term_string\"}}],\"inLanguage\":\"ga-IE\"},{\"@type\":\"Organization\",\"@id\":\"https:\/\/talkpal.ai\/ga\/#organization\",\"name\":\"Talkpal, Inc.\",\"alternateName\":\"Talkpal AI\",\"url\":\"https:\/\/talkpal.ai\/ga\/\",\"logo\":{\"@type\":\"ImageObject\",\"inLanguage\":\"ga-IE\",\"@id\":\"https:\/\/talkpal.ai\/ga\/#\/schema\/logo\/image\/\",\"url\":\"https:\/\/talkpal.ai\/wp-content\/uploads\/2024\/03\/Talkpal-Logo-Icon.png\",\"contentUrl\":\"https:\/\/talkpal.ai\/wp-content\/uploads\/2024\/03\/Talkpal-Logo-Icon.png\",\"width\":2880,\"height\":2880,\"caption\":\"Talkpal, Inc.\"},\"image\":{\"@id\":\"https:\/\/talkpal.ai\/ga\/#\/schema\/logo\/image\/\"},\"sameAs\":[\"https:\/\/www.facebook.com\/profile.php?id=100090733639311\",\"https:\/\/x.com\/talkpalai\",\"https:\/\/www.linkedin.com\/company\/talkpal\/\",\"https:\/\/www.youtube.com\/@TalkPal\/\",\"https:\/\/www.tiktok.com\/@talkpal\",\"https:\/\/www.instagram.com\/talkpal_ai\/\",\"https:\/\/www.crunchbase.com\/organization\/talkpal-9cde\",\"https:\/\/www.g2.com\/products\/talkpal-for-business\/\",\"https:\/\/www.trustpilot.com\/review\/talkpal.ai\",\"https:\/\/www.capterra.com\/p\/10006800\/TalkPal\/\"],\"description\":\"Talkpal is a language learning web and mobile education app, powered by the latest AI technologies, that provides engaging experiences to its customers in many different languages to help them improve their language skills. Users can chat about unlimited amount of topics with the app and use other modes to practice their language learning.\",\"email\":\"support@talkpal.ai\",\"legalName\":\"Talkpal, Inc.\",\"foundingDate\":\"2023-04-03\",\"duns\":\"118989042\",\"numberOfEmployees\":{\"@type\":\"QuantitativeValue\",\"minValue\":\"11\",\"maxValue\":\"50\"},\"publishingPrinciples\":\"https:\/\/talkpal.ai\/publishing-principles\/\",\"actionableFeedbackPolicy\":\"https:\/\/talkpal.ai\/actionable-feedback-policy\/\",\"correctionsPolicy\":\"https:\/\/talkpal.ai\/corrections-policy\/\",\"ethicsPolicy\":\"https:\/\/talkpal.ai\/ethics-policy\/\",\"diversityPolicy\":\"https:\/\/talkpal.ai\/diversity-policy\/\",\"diversityStaffingReport\":\"https:\/\/talkpal.ai\/diversity-policy\/\"}]}<\/script>\n<!-- \/ Yoast SEO Premium plugin. -->","yoast_head_json":{"title":"Gramadach na R\u00faise - Talkpal","description":"D\u00edghlas\u00e1il domhan na Gramada\u00ed R\u00faisise len\u00e1r dtreoir do thosaitheoir\u00ed. M\u00e1istreacht ar an aib\u00edtir Choireallach agus do scileanna teanga a th\u00f3g\u00e1il.","robots":{"index":"index","follow":"follow","max-snippet":"max-snippet:-1","max-image-preview":"max-image-preview:large","max-video-preview":"max-video-preview:-1"},"canonical":"https:\/\/talkpal.ai\/ga\/gramadach-na-ruise\/","og_locale":"ga_IE","og_type":"article","og_title":"Gramadach na R\u00faise","og_description":"Gramadach na R\u00faise: D\u00edghlas\u00e1il na R\u00fain chun M\u00e1istreacht na R\u00faise Comhghairdeas as an gc\u00e9im d\u00e1na a ghlacadh i dtreo foghlaim na R\u00faise! Le n\u00edos m\u00f3 n\u00e1 258","og_url":"https:\/\/talkpal.ai\/ga\/gramadach-na-ruise\/","og_site_name":"Talkpal","article_publisher":"https:\/\/www.facebook.com\/profile.php?id=100090733639311","article_modified_time":"2025-12-13T15:17:25+00:00","og_image":[{"width":512,"height":512,"url":"https:\/\/talkpal.ai\/wp-content\/uploads\/2023\/04\/rusia.png","type":"image\/png"}],"twitter_card":"summary_large_image","twitter_site":"@talkpalai","twitter_misc":{"Est. reading time":"3 minutes"},"schema":{"@context":"https:\/\/schema.org","@graph":[{"@type":"WebPage","@id":"https:\/\/talkpal.ai\/ga\/gramadach-na-ruise\/","url":"https:\/\/talkpal.ai\/ga\/gramadach-na-ruise\/","name":"Gramadach na R\u00faise - Talkpal","isPartOf":{"@id":"https:\/\/talkpal.ai\/ga\/#website"},"primaryImageOfPage":{"@id":"https:\/\/talkpal.ai\/ga\/gramadach-na-ruise\/#primaryimage"},"image":{"@id":"https:\/\/talkpal.ai\/ga\/gramadach-na-ruise\/#primaryimage"},"thumbnailUrl":"https:\/\/talkpal.ai\/wp-content\/uploads\/2023\/04\/rusia.png","datePublished":"2023-05-14T13:52:49+00:00","dateModified":"2025-12-13T15:17:25+00:00","description":"D\u00edghlas\u00e1il domhan na Gramada\u00ed R\u00faisise len\u00e1r dtreoir do thosaitheoir\u00ed. M\u00e1istreacht ar an aib\u00edtir Choireallach agus do scileanna teanga a th\u00f3g\u00e1il.","breadcrumb":{"@id":"https:\/\/talkpal.ai\/ga\/gramadach-na-ruise\/#breadcrumb"},"inLanguage":"ga-IE","potentialAction":[{"@type":"ReadAction","target":["https:\/\/talkpal.ai\/ga\/gramadach-na-ruise\/"]}]},{"@type":"ImageObject","inLanguage":"ga-IE","@id":"https:\/\/talkpal.ai\/ga\/gramadach-na-ruise\/#primaryimage","url":"https:\/\/talkpal.ai\/wp-content\/uploads\/2023\/04\/rusia.png","contentUrl":"https:\/\/talkpal.ai\/wp-content\/uploads\/2023\/04\/rusia.png","width":512,"height":512,"caption":"TalkPal Catalan Flag"},{"@type":"BreadcrumbList","@id":"https:\/\/talkpal.ai\/ga\/gramadach-na-ruise\/#breadcrumb","itemListElement":[{"@type":"ListItem","position":1,"name":"Homepage","item":"https:\/\/talkpal.ai\/ga\/"},{"@type":"ListItem","position":2,"name":"Gramadach na R\u00faise"}]},{"@type":"WebSite","@id":"https:\/\/talkpal.ai\/ga\/#website","url":"https:\/\/talkpal.ai\/ga\/","name":"Talkpal","description":"AI Language Learning","publisher":{"@id":"https:\/\/talkpal.ai\/ga\/#organization"},"alternateName":"Talkpal AI","potentialAction":[{"@type":"SearchAction","target":{"@type":"EntryPoint","urlTemplate":"https:\/\/talkpal.ai\/ga\/?s={search_term_string}"},"query-input":{"@type":"PropertyValueSpecification","valueRequired":true,"valueName":"search_term_string"}}],"inLanguage":"ga-IE"},{"@type":"Organization","@id":"https:\/\/talkpal.ai\/ga\/#organization","name":"Talkpal, Inc.","alternateName":"Talkpal AI","url":"https:\/\/talkpal.ai\/ga\/","logo":{"@type":"ImageObject","inLanguage":"ga-IE","@id":"https:\/\/talkpal.ai\/ga\/#\/schema\/logo\/image\/","url":"https:\/\/talkpal.ai\/wp-content\/uploads\/2024\/03\/Talkpal-Logo-Icon.png","contentUrl":"https:\/\/talkpal.ai\/wp-content\/uploads\/2024\/03\/Talkpal-Logo-Icon.png","width":2880,"height":2880,"caption":"Talkpal, Inc."},"image":{"@id":"https:\/\/talkpal.ai\/ga\/#\/schema\/logo\/image\/"},"sameAs":["https:\/\/www.facebook.com\/profile.php?id=100090733639311","https:\/\/x.com\/talkpalai","https:\/\/www.linkedin.com\/company\/talkpal\/","https:\/\/www.youtube.com\/@TalkPal\/","https:\/\/www.tiktok.com\/@talkpal","https:\/\/www.instagram.com\/talkpal_ai\/","https:\/\/www.crunchbase.com\/organization\/talkpal-9cde","https:\/\/www.g2.com\/products\/talkpal-for-business\/","https:\/\/www.trustpilot.com\/review\/talkpal.ai","https:\/\/www.capterra.com\/p\/10006800\/TalkPal\/"],"description":"Talkpal is a language learning web and mobile education app, powered by the latest AI technologies, that provides engaging experiences to its customers in many different languages to help them improve their language skills. Users can chat about unlimited amount of topics with the app and use other modes to practice their language learning.","email":"support@talkpal.ai","legalName":"Talkpal, Inc.","foundingDate":"2023-04-03","duns":"118989042","numberOfEmployees":{"@type":"QuantitativeValue","minValue":"11","maxValue":"50"},"publishingPrinciples":"https:\/\/talkpal.ai\/publishing-principles\/","actionableFeedbackPolicy":"https:\/\/talkpal.ai\/actionable-feedback-policy\/","correctionsPolicy":"https:\/\/talkpal.ai\/corrections-policy\/","ethicsPolicy":"https:\/\/talkpal.ai\/ethics-policy\/","diversityPolicy":"https:\/\/talkpal.ai\/diversity-policy\/","diversityStaffingReport":"https:\/\/talkpal.ai\/diversity-policy\/"}]}},"_links":{"self":[{"href":"https:\/\/talkpal.ai\/ga\/wp-json\/wp\/v2\/pages\/1444020","targetHints":{"allow":["GET"]}}],"collection":[{"href":"https:\/\/talkpal.ai\/ga\/wp-json\/wp\/v2\/pages"}],"about":[{"href":"https:\/\/talkpal.ai\/ga\/wp-json\/wp\/v2\/types\/page"}],"author":[{"embeddable":true,"href":"https:\/\/talkpal.ai\/ga\/wp-json\/wp\/v2\/users\/1"}],"replies":[{"embeddable":true,"href":"https:\/\/talkpal.ai\/ga\/wp-json\/wp\/v2\/comments?post=1444020"}],"version-history":[{"count":0,"href":"https:\/\/talkpal.ai\/ga\/wp-json\/wp\/v2\/pages\/1444020\/revisions"}],"wp:featuredmedia":[{"embeddable":true,"href":"https:\/\/talkpal.ai\/ga\/wp-json\/wp\/v2\/media\/1442560"}],"wp:attachment":[{"href":"https:\/\/talkpal.ai\/ga\/wp-json\/wp\/v2\/media?parent=1444020"}],"curies":[{"name":"wp","href":"https:\/\/api.w.org\/{rel}","templated":true}]}}