{"id":1444015,"date":"2023-05-14T13:51:46","date_gmt":"2023-05-14T13:51:46","guid":{"rendered":"https:\/\/talkpal.ai\/gramadach-na-portaingeile\/"},"modified":"2025-12-11T16:47:26","modified_gmt":"2025-12-11T16:47:26","slug":"gramadach-na-portaingeile","status":"publish","type":"page","link":"https:\/\/talkpal.ai\/ga\/gramadach-na-portaingeile\/","title":{"rendered":"Gramadach na Portaing\u00e9ile"},"content":{"rendered":"\r\n\r\n\r\n<section class=\"languageChallengeSection\">\r\n    <div class=\"languageInfoWrapper\">\r\n        \r\n        <h1>Gramadach na Portaing\u00e9ile<\/h1>\r\n        <p>D\u00e9an ini\u00fachadh ar bhuneilimint\u00ed <a href=\"https:\/\/talkpal.ai\/ga\/cleachtai-gramadai-na-hisiltire\/\">gramada\u00ed na<\/a> Portaing\u00e9ile agus d\u00edghlas\u00e1il domhan deiseanna chun ceangal a dh\u00e9anamh leis na milli\u00fain cainteoir\u00ed ar fud an domhain. Tr\u00ed m\u00e1istreacht a dh\u00e9anamh ar a phr\u00edomhrialacha agus strucht\u00fair, beidh t\u00fa r\u00e9idh chun cumars\u00e1id a dh\u00e9anamh le muin\u00edn agus taitneamh a bhaint as cult\u00far na Portaing\u00e9ile go hioml\u00e1n. Tosaigh ag foghlaim gramada\u00ed na Portaing\u00e9ile inniu agus glac do ch\u00e9ad ch\u00e9im i dtreo l\u00edofacht!<\/p>\r\n\r\n                            <a class=\"getStartedHidden\" href=\"https:\/\/app.talkpal.ai\/signup?lng=\">Tosaigh<\/a>\r\n        \r\n    <\/div>\r\n\r\n    <figure>\r\n    <img decoding=\"async\" width=\"768\" height=\"768\" src=\"https:\/\/talkpal.ai\/wp-content\/uploads\/2023\/06\/portuguese-768x768.png\" class=\"languageImage no-lazy\" alt=\"Language learning for broader world view\" fetchpriority=\"high\" sizes=\"(max-width: 768px) 150px, 768px\" srcset=\"https:\/\/talkpal.ai\/wp-content\/uploads\/2023\/06\/portuguese-768x768.png 768w, https:\/\/talkpal.ai\/wp-content\/uploads\/2023\/06\/portuguese-300x300.png 300w\" \/>\r\n    \r\n\r\n    <\/figure>\r\n\r\n            <a class=\"getStartedVisible\" href=\"https:\/\/app.talkpal.ai\/signup?lng=\">Tosaigh<\/a>\r\n    \r\n<\/section>\r\n<section class=\"promotionalBanner\">\r\n    <p class=\"promotionalText\">An bealach is \u00e9ifeachta\u00ed le teanga a fhoghlaim<\/p>\r\n    <a class=\"promotionalLink\" href=\"https:\/\/app.talkpal.ai\/signup?lng=\">Bain triail as Talkpal saor in aisce<\/a>\r\n<\/section>\n<div class=\"wp-block-group pageContainerStyle\"><div class=\"wp-block-group__inner-container is-layout-constrained wp-block-group-is-layout-constrained\">\n<h2 class=\"wp-block-heading\" id=\"h-a-beginner-s-guide-to-understanding-portuguese-grammar\">Treoir do Thosaitheoir\u00ed chun Gramadach na Portaing\u00e9ile a Thuiscint<\/h2>\n\n\n\n<p>Cib\u00e9 an bhfuil t\u00fa ag plean\u00e1il turas go dt\u00ed an Phortaing\u00e9il n\u00f3 go simpl\u00ed suim agat i m\u00e1istreacht a dh\u00e9anamh ar theanga <a href=\"https:\/\/talkpal.ai\/talkpal-new-years-discount\/\">nua<\/a>, is f\u00e9idir le foghlaim na <a href=\"https:\/\/talkpal.ai\/learn-portuguese\/\">Portaing\u00e9ilis<\/a> a bheith ina eisp\u00e9ireas spreag\u00fail agus luachmhar. Gn\u00e9 riachtanach d&#8217;fhoghlaim na Portaing\u00e9ilise, cos\u00fail le haon cheann eile, is ea a <a href=\"https:\/\/talkpal.ai\/grammar\/\">gramadach<\/a> a thuiscint. Treor\u00f3idh an t-alt seo t\u00fa tr\u00ed bhunghn\u00e9ithe gramada\u00ed na Portaing\u00e9ile, ag sol\u00e1thar leideanna agus l\u00e9argais riachtanacha duit chun cabhr\u00fa leat nasclean\u00faint a dh\u00e9anamh agus cumars\u00e1id a dh\u00e9anamh gan str\u00f3. Mar sin, m\u00e1 t\u00e1 t\u00fa ag fanacht le tumadh isteach i saol na Portaing\u00e9ilise, lig d\u00fainn tos\u00fa!<\/p>\n\n\n\n<h3 class=\"wp-block-heading\" id=\"h-1-the-basics-nouns-pronouns-and-articles\">1. Na Buneilimint\u00ed: Ainmfhocail, Forainmneacha, agus Airteagail<\/h3>\n\n\n\n<p>Mar at\u00e1 sa Bh\u00e9arla, t\u00e1 <a href=\"https:\/\/talkpal.ai\/portuguese-grammar\/\">gramadach na Portaing\u00e9ile<\/a> t\u00f3gtha timpeall ar ainmfhocail, forainmneacha agus ailt. Is f\u00e9idir le hainmfhocail sa Phortaing\u00e9ilis a bheith firinscneach n\u00f3 baininscneach, agus t\u00e1 s\u00e9 t\u00e1bhachtach an inscne a bhun\u00fa chun abairt a fhoirmi\u00fa i gceart. Mar shampla, aistr\u00edonn &#8220;o menino&#8221; go &#8220;an buachaill,&#8221; agus aistr\u00edonn &#8220;a menina&#8221; go &#8220;an cail\u00edn.&#8221;<\/p>\n\n\n\n<p>Forainmneacha sa Phortaing\u00e9ilis, cos\u00fail leis an mB\u00e9arla, feidhm\u00edonn siad mar ionadaithe ar ainmfhocail. T\u00e1 inscne acu freisin. I measc na bhforainmneacha pearsanta t\u00e1 eu (I), voc\u00ea\/tu (t\u00fa), ele\/ela (s\u00e9\/s\u00ed), n\u00f3s (muid), agus eles\/elas (siad).<\/p>\n\n\n\n<p>T\u00e1 ailt chinnte (an) agus ailt \u00e9iginnte (a\/an) inscne-shonrach freisin agus t\u00e1 siad riachtanach chun abairt\u00ed a th\u00f3g\u00e1il i gceart. Sa Phortaing\u00e9ilis, is iad na hailt chinnte &#8220;o&#8221; (firinscneach) agus &#8220;a&#8221; (baininscneach), agus is iad na hailt \u00e9iginnte &#8220;um&#8221; (firinscneach) agus &#8220;uma&#8221; (baininscneach).<\/p>\n\n\n\n<h3 class=\"wp-block-heading\" id=\"h-2-adjectives-and-adverbs-add-spice-to-your-sentences\">2. Aidiachta\u00ed agus Adverbs: Cuir Spice le Do Abairt\u00ed<\/h3>\n\n\n\n<p>Is focail iad aidiachta\u00ed a chuireann s\u00edos ar ainmfhocail n\u00f3 a mhodhna\u00edonn ainmfhocail, agus cos\u00fail le hainmfhocail, t\u00e1 inscne acu. De ghn\u00e1th, t\u00e1 aidiachta\u00ed a chr\u00edochna\u00edonn le &#8220;o&#8221; firinscneach, agus iad si\u00fad a chr\u00edochna\u00edonn le &#8220;a&#8221; baininscneach. T\u00e1 s\u00e9 riachtanach inscne an aidiachta a mheaitse\u00e1il leis an ainmfhocal a bhfuil s\u00e9 ag cur s\u00edos air. Mar shampla, aistr\u00edonn &#8220;homem alto&#8221; go &#8220;fear ard,&#8221; agus cialla\u00edonn &#8220;mulher alta&#8221; &#8220;bean ard.&#8221;<\/p>\n\n\n\n<p>Ar an l\u00e1imh eile, modhna\u00edonn adverbs, aidiachta\u00ed, n\u00f3 aidiachta\u00ed eile. Sa Phortaing\u00e9ilis, de ghn\u00e1th n\u00ed bh\u00edonn foirmeacha inscne-shonracha ag adverbs. I measc roinnt adverbs coitianta t\u00e1 &#8220;rapidamente&#8221; (go tapa), &#8220;lentamente&#8221; (go mall), agus &#8220;sempre&#8221; (i gc\u00f3na\u00ed).<\/p>\n\n\n\n<h3 class=\"wp-block-heading\" id=\"h-3-verbs-the-action-words\">3. Briathra: Na Focail Ghn\u00edomha\u00edochta<\/h3>\n\n\n\n<p>Ranga\u00edtear briathra na Portaing\u00e9ile i dtr\u00ed ghr\u00fapa comhchuingeacha (-ar, -er, -ir), agus athra\u00edonn a bhfoirmeacha ag brath ar aimsir agus \u00e1bhar. Seo roinnt aimsir\u00ed riachtanacha a chaithfidh a bheith ar eolas agat:<\/p>\n\n\n\n<p>&#8211; Aimsir l\u00e1ithreach (<a href=\"https:\/\/talkpal.ai\/zh-hans\/grammar_exercises\/presente-%e8%a5%bf%e7%8f%ad%e7%89%99%e8%af%ad%e6%b3%95%e7%bb%83%e4%b9%a0\/\">Presente<\/a>): D\u00e9anann s\u00e9 cur s\u00edos ar ghn\u00edomhartha a tharla\u00edonn anois n\u00f3 gn\u00e1thghn\u00edomhartha.<br\/>&#8211; Aimsir chaite (Pret\u00e9rito): D\u00e9anann s\u00e9 cur s\u00edos ar ghn\u00edomhartha a tharla san am at\u00e1 thart. T\u00e1 dh\u00e1 chine\u00e1l ann: <a href=\"https:\/\/talkpal.ai\/grammar\/preterite-perfect-in-portuguese-grammar\/\">Pret\u00e9rito Perfeito<\/a> (am at\u00e1 caite simpl\u00ed) agus <a href=\"https:\/\/talkpal.ai\/grammar\/preterito-imperfeito-in-portuguese-grammar\/\">Pret\u00e9rito Imperfeito<\/a> (lean\u00fanach san am at\u00e1 caite).<br\/>&#8211; Aimsir sa todhcha\u00ed (<a href=\"https:\/\/talkpal.ai\/ja\/grammar_exercises\/futuro-%e3%82%b9%e3%83%9a%e3%82%a4%e3%83%b3%e8%aa%9e%e3%81%ae%e6%96%87%e6%b3%95%e3%81%ae%e6%bc%94%e7%bf%92\/\">Futuro<\/a>): D\u00e9anann s\u00e9 cur s\u00edos ar ghn\u00edomhartha a tharl\u00f3idh sa todhcha\u00ed.<\/p>\n\n\n\n<p>Is f\u00e9idir le m\u00e1istreacht a dh\u00e9anamh ar chomhchuingi\u00fa briathar a bheith ina dh\u00fashl\u00e1n sa Phortaing\u00e9ilis, ach cabhr\u00f3idh cleachtas agus comhsheasmhacht leat \u00e9 a thuiscint n\u00edos \u00e9ifeachta\u00ed.<\/p>\n\n\n\n<h3 class=\"wp-block-heading\" id=\"h-4-word-order-building-understandable-sentences\">4. Ord\u00fa Focal: Abairt\u00ed Sothuigthe a Th\u00f3g\u00e1il<\/h3>\n\n\n\n<p>Leanann strucht\u00far abairte tipici\u00fail na Portaing\u00e9ile an t-ord Subject-Verb-Object (SVO). Mar shampla, leanann an abairt &#8220;Eu amo pizza&#8221; (&#8220;Is bre\u00e1 liom pizza&#8221;) an patr\u00fan seo. Mar sin f\u00e9in, is f\u00e9idir le <a href=\"https:\/\/talkpal.ai\/portuguese-grammar\/\">gramadach na Portaing\u00e9ile<\/a> a bheith sol\u00fabtha go leor, agus d&#8217;fh\u00e9adf\u00e1 teacht ar \u00e9ags\u00falachta\u00ed in ord focal, go h\u00e1irithe i litr\u00edocht n\u00f3 i gcomhr\u00e1ite neamhfhoirmi\u00fala. T\u00e1 comhth\u00e9acs agus ciall choiteann r\u00edth\u00e1bhachtach chun na h\u00e9ags\u00falachta\u00ed seo a thuiscint.<\/p>\n\n\n\n<h3 class=\"wp-block-heading\" id=\"h-5-negation-and-interrogation-say-no-and-ask-questions\">5. S\u00e9anadh agus Ceisti\u00fa: Abair N\u00edl agus Cuir Ceisteanna<\/h3>\n\n\n\n<p>Chun abairt sa Phortaing\u00e9ilis a dhi\u00falt\u00fa, n\u00edl le d\u00e9anamh agat ach an focal &#8220;n\u00e3o&#8221; a chur roimh an mbriathar. Mar shampla, cialla\u00edonn &#8220;Eu n\u00e3o falo portugu\u00eas&#8221; &#8220;N\u00ed labhra\u00edm Portaing\u00e9ilis.&#8221;<\/p>\n\n\n\n<p>Chun r\u00e1iteas a iomp\u00fa ina cheist i bPortaing\u00e9ilis, is f\u00e9idir leat ord na bhfocal a athr\u00fa n\u00f3 focal ceisti\u00fach\u00e1in a \u00fas\u00e1id (cos\u00fail le &#8220;quem&#8221; le haghaidh &#8220;c\u00e9,&#8221; &#8220;o que&#8221; le haghaidh &#8220;cad,&#8221; n\u00f3 &#8220;onde&#8221; le haghaidh &#8220;c\u00e1 h\u00e1it&#8221;). Mar shampla, aistr\u00edonn &#8220;Voc\u00ea fala ingl\u00eas?&#8221; go &#8220;An labhra\u00edonn t\u00fa B\u00e9arla?&#8221;<\/p>\n\n\n\n<h3 class=\"wp-block-heading\" id=\"h-conclusion\">Concl\u00faid<\/h3>\n\n\n\n<p>B&#8217;fh\u00e9idir go bhfuil s\u00e9 scanr\u00fail gramadach na Portaing\u00e9ile a fhoghlaim, ach n\u00e1 b\u00edodh d\u00edom\u00e1 ort! T\u00e1 a castachta\u00ed ag gach teanga, ach le comhsheasmhacht, cleachtas, agus beag\u00e1n foighne, gheobhaidh t\u00fa t\u00fa f\u00e9in ag cumars\u00e1id go muin\u00edneach agus go h\u00e9ifeachtach. Coinnigh i gcuimhne nach bhfuil i bhfoghlaim na gramada\u00ed ach cuid amh\u00e1in de shealbh\u00fa teanga, agus ba ch\u00f3ir duit \u00e9isteacht, labhairt agus l\u00e9amh a chleachtadh i bPortaing\u00e9ilis freisin. Boa sorte! (\u00c1dh m\u00f3r!)<\/p>\n<\/div><\/div>\n\r\n<section class=\"learnNavigationSection\">\r\n            \r\n        <a href=\"https:\/\/talkpal.ai\/ga\/foghlaim-portaingeilis\/\">\r\n            <div class=\"learnNavigationWrapper\">\r\n                <div class=\"learnNavigationContent\">\r\n                    <img decoding=\"async\" src=\"https:\/\/talkpal.ai\/wp-content\/uploads\/2024\/08\/Portuguese.jpg\" alt=\"Portuguese Flag\">\r\n                    <div>\r\n                        <h4>Maidir le Foghlaim na Portaing\u00e9ile<\/h4>\r\n                        <p>Faigh amach gach rud faoi ghramadach na Portaing\u00e9ile.<\/p>\r\n                    <\/div>\r\n                <\/div>\r\n            <\/div>\r\n        <\/a>\r\n\r\n        \r\n        <a href=\"https:\/\/talkpal.ai\/ga\/cleachtai-gramadai-na-portaingeile\/\">\r\n            <div class=\"learnNavigationWrapper\">\r\n                <div class=\"learnNavigationContent\">\r\n                    <img decoding=\"async\" src=\"https:\/\/talkpal.ai\/wp-content\/uploads\/2024\/08\/Portuguese.jpg\" alt=\"Portuguese Flag\">\r\n                    <div>\r\n                        <h4>Cleachtadh Gramada\u00ed na Portaing\u00e9ile<\/h4>\r\n                        <p>Cleachtadh gramadach na Portaing\u00e9ile.<\/p>\r\n                    <\/div>\r\n                <\/div>\r\n            <\/div>\r\n        <\/a>\r\n\r\n        \r\n        <a href=\"https:\/\/talkpal.ai\/vocabulary_language\/portuguese\/\">\r\n            <div class=\"learnNavigationWrapper\">\r\n                <div class=\"learnNavigationContent\">\r\n                    <img decoding=\"async\" src=\"https:\/\/talkpal.ai\/wp-content\/uploads\/2024\/08\/Portuguese.jpg\" alt=\"Portuguese Flag\">\r\n                    <div>\r\n                        <h4>St\u00f3r Focal na Portaing\u00e9ile<\/h4>\r\n                        <p>Leathnaigh do st\u00f3r focal Portaing\u00e9ilis.<\/p>\r\n                    <\/div>\r\n                <\/div>\r\n            <\/div>\r\n        <\/a>\r\n\r\n            <\/section>","protected":false},"excerpt":{"rendered":"<p>Treoir do Thosaitheoir\u00ed chun Gramadach na Portaing\u00e9ile a Thuiscint Cib\u00e9 an bhfuil t\u00fa ag plean\u00e1il turas go dt\u00ed an Phortaing\u00e9il n\u00f3 go simpl\u00ed suim agat i m\u00e1istreacht a dh\u00e9anamh ar theanga nua, is f\u00e9idir le foghlaim na Portaing\u00e9ilis a bheith ina eisp\u00e9ireas spreag\u00fail agus luachmhar. Gn\u00e9 riachtanach d&#8217;fhoghlaim na Portaing\u00e9ilise, cos\u00fail le haon cheann eile, [&hellip;]<\/p>\n","protected":false},"author":1,"featured_media":1439943,"parent":0,"menu_order":0,"comment_status":"closed","ping_status":"closed","template":"LearningContentPage.php","meta":{"_acf_changed":false,"footnotes":""},"class_list":["post-1444015","page","type-page","status-publish","has-post-thumbnail","hentry"],"acf":[],"yoast_head":"<!-- This site is optimized with the Yoast SEO Premium plugin v27.2 (Yoast SEO v27.2) - https:\/\/yoast.com\/product\/yoast-seo-premium-wordpress\/ -->\n<title>Gramadach na Portaing\u00e9ile - Talkpal<\/title>\n<meta name=\"description\" content=\"M\u00e1istir gramadach na Portaing\u00e9ile le cleachta\u00ed idirghn\u00edomhacha at\u00e1 deartha do gach leibh\u00e9al scileanna. Feabhas a chur ar d&#039;inni\u00falacht teanga!\" \/>\n<meta name=\"robots\" content=\"index, follow, max-snippet:-1, max-image-preview:large, max-video-preview:-1\" \/>\n<link rel=\"canonical\" href=\"https:\/\/talkpal.ai\/ga\/gramadach-na-portaingeile\/\" \/>\n<meta property=\"og:locale\" content=\"ga_IE\" \/>\n<meta property=\"og:type\" content=\"article\" \/>\n<meta property=\"og:title\" content=\"Gramadach na Portaing\u00e9ile\" \/>\n<meta property=\"og:description\" content=\"Treoir do Thosaitheoir\u00ed chun Gramadach na Portaing\u00e9ile a Thuiscint Cib\u00e9 an bhfuil t\u00fa ag plean\u00e1il turas go dt\u00ed an Phortaing\u00e9il n\u00f3 go simpl\u00ed suim agat i\" \/>\n<meta property=\"og:url\" content=\"https:\/\/talkpal.ai\/ga\/gramadach-na-portaingeile\/\" \/>\n<meta property=\"og:site_name\" content=\"Talkpal\" \/>\n<meta property=\"article:publisher\" content=\"https:\/\/www.facebook.com\/profile.php?id=100090733639311\" \/>\n<meta property=\"article:modified_time\" content=\"2025-12-11T16:47:26+00:00\" \/>\n<meta property=\"og:image\" content=\"https:\/\/talkpal.ai\/wp-content\/uploads\/2023\/04\/portugal.png\" \/>\n\t<meta property=\"og:image:width\" content=\"512\" \/>\n\t<meta property=\"og:image:height\" content=\"512\" \/>\n\t<meta property=\"og:image:type\" content=\"image\/png\" \/>\n<meta name=\"twitter:card\" content=\"summary_large_image\" \/>\n<meta name=\"twitter:site\" content=\"@talkpalai\" \/>\n<meta name=\"twitter:label1\" content=\"Est. reading time\" \/>\n\t<meta name=\"twitter:data1\" content=\"4 minutes\" \/>\n<script type=\"application\/ld+json\" class=\"yoast-schema-graph\">{\"@context\":\"https:\/\/schema.org\",\"@graph\":[{\"@type\":\"WebPage\",\"@id\":\"https:\/\/talkpal.ai\/ga\/gramadach-na-portaingeile\/\",\"url\":\"https:\/\/talkpal.ai\/ga\/gramadach-na-portaingeile\/\",\"name\":\"Gramadach na Portaing\u00e9ile - Talkpal\",\"isPartOf\":{\"@id\":\"https:\/\/talkpal.ai\/ga\/#website\"},\"primaryImageOfPage\":{\"@id\":\"https:\/\/talkpal.ai\/ga\/gramadach-na-portaingeile\/#primaryimage\"},\"image\":{\"@id\":\"https:\/\/talkpal.ai\/ga\/gramadach-na-portaingeile\/#primaryimage\"},\"thumbnailUrl\":\"https:\/\/talkpal.ai\/wp-content\/uploads\/2023\/04\/portugal.png\",\"datePublished\":\"2023-05-14T13:51:46+00:00\",\"dateModified\":\"2025-12-11T16:47:26+00:00\",\"description\":\"M\u00e1istir gramadach na Portaing\u00e9ile le cleachta\u00ed idirghn\u00edomhacha at\u00e1 deartha do gach leibh\u00e9al scileanna. Feabhas a chur ar d'inni\u00falacht teanga!\",\"breadcrumb\":{\"@id\":\"https:\/\/talkpal.ai\/ga\/gramadach-na-portaingeile\/#breadcrumb\"},\"inLanguage\":\"ga-IE\",\"potentialAction\":[{\"@type\":\"ReadAction\",\"target\":[\"https:\/\/talkpal.ai\/ga\/gramadach-na-portaingeile\/\"]}]},{\"@type\":\"ImageObject\",\"inLanguage\":\"ga-IE\",\"@id\":\"https:\/\/talkpal.ai\/ga\/gramadach-na-portaingeile\/#primaryimage\",\"url\":\"https:\/\/talkpal.ai\/wp-content\/uploads\/2023\/04\/portugal.png\",\"contentUrl\":\"https:\/\/talkpal.ai\/wp-content\/uploads\/2023\/04\/portugal.png\",\"width\":512,\"height\":512,\"caption\":\"TalkPal Catalan Flag\"},{\"@type\":\"BreadcrumbList\",\"@id\":\"https:\/\/talkpal.ai\/ga\/gramadach-na-portaingeile\/#breadcrumb\",\"itemListElement\":[{\"@type\":\"ListItem\",\"position\":1,\"name\":\"Homepage\",\"item\":\"https:\/\/talkpal.ai\/ga\/\"},{\"@type\":\"ListItem\",\"position\":2,\"name\":\"Gramadach na Portaing\u00e9ile\"}]},{\"@type\":\"WebSite\",\"@id\":\"https:\/\/talkpal.ai\/ga\/#website\",\"url\":\"https:\/\/talkpal.ai\/ga\/\",\"name\":\"Talkpal\",\"description\":\"AI Language Learning\",\"publisher\":{\"@id\":\"https:\/\/talkpal.ai\/ga\/#organization\"},\"alternateName\":\"Talkpal AI\",\"potentialAction\":[{\"@type\":\"SearchAction\",\"target\":{\"@type\":\"EntryPoint\",\"urlTemplate\":\"https:\/\/talkpal.ai\/ga\/?s={search_term_string}\"},\"query-input\":{\"@type\":\"PropertyValueSpecification\",\"valueRequired\":true,\"valueName\":\"search_term_string\"}}],\"inLanguage\":\"ga-IE\"},{\"@type\":\"Organization\",\"@id\":\"https:\/\/talkpal.ai\/ga\/#organization\",\"name\":\"Talkpal, Inc.\",\"alternateName\":\"Talkpal AI\",\"url\":\"https:\/\/talkpal.ai\/ga\/\",\"logo\":{\"@type\":\"ImageObject\",\"inLanguage\":\"ga-IE\",\"@id\":\"https:\/\/talkpal.ai\/ga\/#\/schema\/logo\/image\/\",\"url\":\"https:\/\/talkpal.ai\/wp-content\/uploads\/2024\/03\/Talkpal-Logo-Icon.png\",\"contentUrl\":\"https:\/\/talkpal.ai\/wp-content\/uploads\/2024\/03\/Talkpal-Logo-Icon.png\",\"width\":2880,\"height\":2880,\"caption\":\"Talkpal, Inc.\"},\"image\":{\"@id\":\"https:\/\/talkpal.ai\/ga\/#\/schema\/logo\/image\/\"},\"sameAs\":[\"https:\/\/www.facebook.com\/profile.php?id=100090733639311\",\"https:\/\/x.com\/talkpalai\",\"https:\/\/www.linkedin.com\/company\/talkpal\/\",\"https:\/\/www.youtube.com\/@TalkPal\/\",\"https:\/\/www.tiktok.com\/@talkpal\",\"https:\/\/www.instagram.com\/talkpal_ai\/\",\"https:\/\/www.crunchbase.com\/organization\/talkpal-9cde\",\"https:\/\/www.g2.com\/products\/talkpal-for-business\/\",\"https:\/\/www.trustpilot.com\/review\/talkpal.ai\",\"https:\/\/www.capterra.com\/p\/10006800\/TalkPal\/\"],\"description\":\"Talkpal is a language learning web and mobile education app, powered by the latest AI technologies, that provides engaging experiences to its customers in many different languages to help them improve their language skills. Users can chat about unlimited amount of topics with the app and use other modes to practice their language learning.\",\"email\":\"support@talkpal.ai\",\"legalName\":\"Talkpal, Inc.\",\"foundingDate\":\"2023-04-03\",\"duns\":\"118989042\",\"numberOfEmployees\":{\"@type\":\"QuantitativeValue\",\"minValue\":\"11\",\"maxValue\":\"50\"},\"publishingPrinciples\":\"https:\/\/talkpal.ai\/publishing-principles\/\",\"actionableFeedbackPolicy\":\"https:\/\/talkpal.ai\/actionable-feedback-policy\/\",\"correctionsPolicy\":\"https:\/\/talkpal.ai\/corrections-policy\/\",\"ethicsPolicy\":\"https:\/\/talkpal.ai\/ethics-policy\/\",\"diversityPolicy\":\"https:\/\/talkpal.ai\/diversity-policy\/\",\"diversityStaffingReport\":\"https:\/\/talkpal.ai\/diversity-policy\/\"}]}<\/script>\n<!-- \/ Yoast SEO Premium plugin. -->","yoast_head_json":{"title":"Gramadach na Portaing\u00e9ile - Talkpal","description":"M\u00e1istir gramadach na Portaing\u00e9ile le cleachta\u00ed idirghn\u00edomhacha at\u00e1 deartha do gach leibh\u00e9al scileanna. Feabhas a chur ar d'inni\u00falacht teanga!","robots":{"index":"index","follow":"follow","max-snippet":"max-snippet:-1","max-image-preview":"max-image-preview:large","max-video-preview":"max-video-preview:-1"},"canonical":"https:\/\/talkpal.ai\/ga\/gramadach-na-portaingeile\/","og_locale":"ga_IE","og_type":"article","og_title":"Gramadach na Portaing\u00e9ile","og_description":"Treoir do Thosaitheoir\u00ed chun Gramadach na Portaing\u00e9ile a Thuiscint Cib\u00e9 an bhfuil t\u00fa ag plean\u00e1il turas go dt\u00ed an Phortaing\u00e9il n\u00f3 go simpl\u00ed suim agat i","og_url":"https:\/\/talkpal.ai\/ga\/gramadach-na-portaingeile\/","og_site_name":"Talkpal","article_publisher":"https:\/\/www.facebook.com\/profile.php?id=100090733639311","article_modified_time":"2025-12-11T16:47:26+00:00","og_image":[{"width":512,"height":512,"url":"https:\/\/talkpal.ai\/wp-content\/uploads\/2023\/04\/portugal.png","type":"image\/png"}],"twitter_card":"summary_large_image","twitter_site":"@talkpalai","twitter_misc":{"Est. reading time":"4 minutes"},"schema":{"@context":"https:\/\/schema.org","@graph":[{"@type":"WebPage","@id":"https:\/\/talkpal.ai\/ga\/gramadach-na-portaingeile\/","url":"https:\/\/talkpal.ai\/ga\/gramadach-na-portaingeile\/","name":"Gramadach na Portaing\u00e9ile - Talkpal","isPartOf":{"@id":"https:\/\/talkpal.ai\/ga\/#website"},"primaryImageOfPage":{"@id":"https:\/\/talkpal.ai\/ga\/gramadach-na-portaingeile\/#primaryimage"},"image":{"@id":"https:\/\/talkpal.ai\/ga\/gramadach-na-portaingeile\/#primaryimage"},"thumbnailUrl":"https:\/\/talkpal.ai\/wp-content\/uploads\/2023\/04\/portugal.png","datePublished":"2023-05-14T13:51:46+00:00","dateModified":"2025-12-11T16:47:26+00:00","description":"M\u00e1istir gramadach na Portaing\u00e9ile le cleachta\u00ed idirghn\u00edomhacha at\u00e1 deartha do gach leibh\u00e9al scileanna. Feabhas a chur ar d'inni\u00falacht teanga!","breadcrumb":{"@id":"https:\/\/talkpal.ai\/ga\/gramadach-na-portaingeile\/#breadcrumb"},"inLanguage":"ga-IE","potentialAction":[{"@type":"ReadAction","target":["https:\/\/talkpal.ai\/ga\/gramadach-na-portaingeile\/"]}]},{"@type":"ImageObject","inLanguage":"ga-IE","@id":"https:\/\/talkpal.ai\/ga\/gramadach-na-portaingeile\/#primaryimage","url":"https:\/\/talkpal.ai\/wp-content\/uploads\/2023\/04\/portugal.png","contentUrl":"https:\/\/talkpal.ai\/wp-content\/uploads\/2023\/04\/portugal.png","width":512,"height":512,"caption":"TalkPal Catalan Flag"},{"@type":"BreadcrumbList","@id":"https:\/\/talkpal.ai\/ga\/gramadach-na-portaingeile\/#breadcrumb","itemListElement":[{"@type":"ListItem","position":1,"name":"Homepage","item":"https:\/\/talkpal.ai\/ga\/"},{"@type":"ListItem","position":2,"name":"Gramadach na Portaing\u00e9ile"}]},{"@type":"WebSite","@id":"https:\/\/talkpal.ai\/ga\/#website","url":"https:\/\/talkpal.ai\/ga\/","name":"Talkpal","description":"AI Language Learning","publisher":{"@id":"https:\/\/talkpal.ai\/ga\/#organization"},"alternateName":"Talkpal AI","potentialAction":[{"@type":"SearchAction","target":{"@type":"EntryPoint","urlTemplate":"https:\/\/talkpal.ai\/ga\/?s={search_term_string}"},"query-input":{"@type":"PropertyValueSpecification","valueRequired":true,"valueName":"search_term_string"}}],"inLanguage":"ga-IE"},{"@type":"Organization","@id":"https:\/\/talkpal.ai\/ga\/#organization","name":"Talkpal, Inc.","alternateName":"Talkpal AI","url":"https:\/\/talkpal.ai\/ga\/","logo":{"@type":"ImageObject","inLanguage":"ga-IE","@id":"https:\/\/talkpal.ai\/ga\/#\/schema\/logo\/image\/","url":"https:\/\/talkpal.ai\/wp-content\/uploads\/2024\/03\/Talkpal-Logo-Icon.png","contentUrl":"https:\/\/talkpal.ai\/wp-content\/uploads\/2024\/03\/Talkpal-Logo-Icon.png","width":2880,"height":2880,"caption":"Talkpal, Inc."},"image":{"@id":"https:\/\/talkpal.ai\/ga\/#\/schema\/logo\/image\/"},"sameAs":["https:\/\/www.facebook.com\/profile.php?id=100090733639311","https:\/\/x.com\/talkpalai","https:\/\/www.linkedin.com\/company\/talkpal\/","https:\/\/www.youtube.com\/@TalkPal\/","https:\/\/www.tiktok.com\/@talkpal","https:\/\/www.instagram.com\/talkpal_ai\/","https:\/\/www.crunchbase.com\/organization\/talkpal-9cde","https:\/\/www.g2.com\/products\/talkpal-for-business\/","https:\/\/www.trustpilot.com\/review\/talkpal.ai","https:\/\/www.capterra.com\/p\/10006800\/TalkPal\/"],"description":"Talkpal is a language learning web and mobile education app, powered by the latest AI technologies, that provides engaging experiences to its customers in many different languages to help them improve their language skills. Users can chat about unlimited amount of topics with the app and use other modes to practice their language learning.","email":"support@talkpal.ai","legalName":"Talkpal, Inc.","foundingDate":"2023-04-03","duns":"118989042","numberOfEmployees":{"@type":"QuantitativeValue","minValue":"11","maxValue":"50"},"publishingPrinciples":"https:\/\/talkpal.ai\/publishing-principles\/","actionableFeedbackPolicy":"https:\/\/talkpal.ai\/actionable-feedback-policy\/","correctionsPolicy":"https:\/\/talkpal.ai\/corrections-policy\/","ethicsPolicy":"https:\/\/talkpal.ai\/ethics-policy\/","diversityPolicy":"https:\/\/talkpal.ai\/diversity-policy\/","diversityStaffingReport":"https:\/\/talkpal.ai\/diversity-policy\/"}]}},"_links":{"self":[{"href":"https:\/\/talkpal.ai\/ga\/wp-json\/wp\/v2\/pages\/1444015","targetHints":{"allow":["GET"]}}],"collection":[{"href":"https:\/\/talkpal.ai\/ga\/wp-json\/wp\/v2\/pages"}],"about":[{"href":"https:\/\/talkpal.ai\/ga\/wp-json\/wp\/v2\/types\/page"}],"author":[{"embeddable":true,"href":"https:\/\/talkpal.ai\/ga\/wp-json\/wp\/v2\/users\/1"}],"replies":[{"embeddable":true,"href":"https:\/\/talkpal.ai\/ga\/wp-json\/wp\/v2\/comments?post=1444015"}],"version-history":[{"count":0,"href":"https:\/\/talkpal.ai\/ga\/wp-json\/wp\/v2\/pages\/1444015\/revisions"}],"wp:featuredmedia":[{"embeddable":true,"href":"https:\/\/talkpal.ai\/ga\/wp-json\/wp\/v2\/media\/1439943"}],"wp:attachment":[{"href":"https:\/\/talkpal.ai\/ga\/wp-json\/wp\/v2\/media?parent=1444015"}],"curies":[{"name":"wp","href":"https:\/\/api.w.org\/{rel}","templated":true}]}}