{"id":1443999,"date":"2023-05-14T13:50:44","date_gmt":"2023-05-14T13:50:44","guid":{"rendered":"https:\/\/talkpal.ai\/gramadach-hionduis\/"},"modified":"2025-12-13T15:00:27","modified_gmt":"2025-12-13T15:00:27","slug":"gramadach-hionduis","status":"publish","type":"page","link":"https:\/\/talkpal.ai\/ga\/gramadach-hionduis\/","title":{"rendered":"Gramadach Hiond\u00fais"},"content":{"rendered":"\r\n\r\n\r\n<section class=\"languageChallengeSection\">\r\n    <div class=\"languageInfoWrapper\">\r\n        \r\n        <h1>Gramadach Hiond\u00fais<\/h1>\r\n        <p>R\u00e9idh le <a href=\"https:\/\/talkpal.ai\/learn-hindi\/\">Hiond\u00fais<\/a> a fhoghlaim? L\u00e9im isteach i ngramadach Hiond\u00fais, \u00e1it a dtugann ainmfhocail inscne, strucht\u00far abairte \u00e1bhar-rud-briathar, agus conjugations briathar sainr\u00e1iteacha an teanga ar an saol. Cuir t\u00fas le do thuras Hiond\u00fais inniu &#8211; cuirfidh m\u00e1istreacht ar a ghramadach ar do chumhacht cumars\u00e1id a dh\u00e9anamh go muin\u00edneach agus ceangal a dh\u00e9anamh le cult\u00far agus traidisi\u00fain bhr\u00edomhara na hIndia!<\/p>\r\n\r\n                            <a class=\"getStartedHidden\" href=\"https:\/\/app.talkpal.ai\/signup?lng=\">Tosaigh<\/a>\r\n        \r\n    <\/div>\r\n\r\n    <figure>\r\n    <img decoding=\"async\" width=\"768\" height=\"768\" src=\"https:\/\/talkpal.ai\/wp-content\/uploads\/2023\/06\/hindi-768x768.png\" class=\"languageImage no-lazy\" alt=\"Language learning for mental agility\" fetchpriority=\"high\" sizes=\"(max-width: 768px) 150px, 768px\" srcset=\"https:\/\/talkpal.ai\/wp-content\/uploads\/2023\/06\/hindi-768x768.png 768w, https:\/\/talkpal.ai\/wp-content\/uploads\/2023\/06\/hindi-300x300.png 300w\" \/>\r\n    \r\n\r\n    <\/figure>\r\n\r\n            <a class=\"getStartedVisible\" href=\"https:\/\/app.talkpal.ai\/signup?lng=\">Tosaigh<\/a>\r\n    \r\n<\/section>\r\n<section class=\"promotionalBanner\">\r\n    <p class=\"promotionalText\">An bealach is \u00e9ifeachta\u00ed le teanga a fhoghlaim<\/p>\r\n    <a class=\"promotionalLink\" href=\"https:\/\/app.talkpal.ai\/signup?lng=\">Bain triail as Talkpal saor in aisce<\/a>\r\n<\/section>\n<div class=\"wp-block-group pageContainerStyle\"><div class=\"wp-block-group__inner-container is-layout-constrained wp-block-group-is-layout-constrained\">\n<h2 class=\"wp-block-heading\" id=\"h-mastering-hindi-grammar-your-ultimate-guide\">M\u00e1istreacht ar Ghramadach Hiond\u00fais: Do Threoir Deiridh<\/h2>\n\n\n\n<p>Namaste, <a href=\"https:\/\/talkpal.ai\/talkpal-discount-for-language-enthusiasts\/\">d\u00edograiseoir\u00ed teanga<\/a>! An bhfuil t\u00fa r\u00e9idh le saol na gramada\u00ed Hiond\u00fais a ini\u00fachadh? T\u00e1 t\u00fa tagtha go dt\u00ed an \u00e1it cheart. L\u00edonta le faisn\u00e9is \u00e9asca le tuiscint agus ton comhr\u00e1, treor\u00f3idh an t-alt seo t\u00fa tr\u00ed r\u00e9imse suimi\u00fail na gramada\u00ed Hiond\u00faise. Go luath, beidh t\u00fa in ann abairt\u00ed a th\u00f3g\u00e1il agus comhr\u00e1ite br\u00ed a bheith agat le cainteoir\u00ed d\u00fachais. Mar sin, d\u00e9anaimis tumadh ceart isteach!<\/p>\n\n\n\n<p><strong>Ach ar dt\u00fas, c\u00e9n f\u00e1th gramadach Hiond\u00fais?<\/strong><\/p>\n\n\n\n<p>M\u00e1 t\u00e1 t\u00fa ag <a href=\"https:\/\/talkpal.ai\/ga\/foghlaim-hionduis-ar-line-le-ai\/\">foghlaim Hiond\u00fais<\/a>, t\u00e1 bun\u00fas l\u00e1idir sa ghramadach r\u00edth\u00e1bhachtach chun labhairt, l\u00e9amh agus scr\u00edobh go l\u00edofa. C\u00e9 gur f\u00e9idir le <a href=\"https:\/\/talkpal.ai\/grammar\/\">gramadach<\/a> Hiond\u00fais a bheith casta ar dt\u00fas, \u00e9ir\u00edonn s\u00e9 n\u00edos inrochtana nuair a dh\u00e9antar \u00e9 a bhriseadh s\u00edos i ndeighleoga n\u00edos l\u00fa, sol\u00e1imhsithe. Beidh an t-alt seo an \u00e1it iontach chun t\u00fas a <a href=\"https:\/\/talkpal.ai\/locations\/language-courses-in-chur\/\">chur<\/a> le do thuras i dtreo m\u00e1istreacht a dh\u00e9anamh ar ghramadach Hiond\u00fais!<\/p>\n\n\n\n<h3 class=\"wp-block-heading\" id=\"h-1-nouns-gender-and-cases\">1. Ainmfhocail, inscne, agus c\u00e1sanna<\/h3>\n\n\n\n<p>Tagann ainmfhocail Hiond\u00fais in dh\u00e1 inscne: firinscneach agus baininscneach. T\u00e1 s\u00e9 t\u00e1bhachtach inscne na n-ainmfhocal a aithint mar go mb\u00edonn tionchar aige seo ar chodanna eile den chaint, mar shampla aidiachta\u00ed agus briathra.  <\/p>\n\n\n\n<p>Riail shimpl\u00ed: m\u00e1 chr\u00edochna\u00edonn ainmfhocal i &#8220;-aa,&#8221; (&#8220;\u0906&#8221;) is gn\u00e1ch go mb\u00edonn s\u00e9 firinscneach agus is gn\u00e1ch go mb\u00edonn ainmfhocal a chr\u00edochna\u00edonn le &#8220;-ii&#8221; (&#8220;\u0908&#8221;) baininscneach. Ach cuimhnigh &#8211; mar i gc\u00f3na\u00ed, t\u00e1 eisceachta\u00ed ann!  <\/p>\n\n\n\n<p>B\u00edonn foirmeacha \u00e9ags\u00fala ag ainmfhocail Hiond\u00fais ag brath ar a r\u00f3l in abairt (\u00e1bhar, rud, sealbhach, srl.). Tugtar c\u00e1sanna ar na foirmeacha seo. Is iad na pr\u00edomhch\u00e1sanna i Hiond\u00fais n\u00e1 d\u00edreach (&#8220;\u0906\u092e \u0915\u094d\u0930\u092e&#8221;), oblique (&#8220;\u0909\u092a \u0935\u093f\u0932\u094b\u092e&#8221;), agus vocative (&#8220;\u0938\u0902\u092c\u094b\u0927\u0928&#8221;).<\/p>\n\n\n\n<h3 class=\"wp-block-heading\" id=\"h-2-pronouns-and-agreement\">2. Forainmneacha agus comhaont\u00fa<\/h3>\n\n\n\n<p>Athra\u00edonn forainmneacha Hiond\u00fais (mise, tusa, s\u00e9, s\u00ed, srl.) de r\u00e9ir inscne agus ordlathas. Mar shampla: \u092e\u0948\u0902 (pr\u00edomh &#8211; I), \u0924\u0941\u092e (tum &#8211; t\u00fa, neamhfhoirmi\u00fail), \u0906\u092a (aap &#8211; tusa, foirmi\u00fail), \u0935\u0939 (vah &#8211; s\u00e9 \/ s\u00ed), \u0939\u092e (hum &#8211; muid), agus \u0935\u0947 (ve &#8211; siad).  <\/p>\n\n\n\n<p>T\u00e1 s\u00e9 riachtanach a bheith ar an eolas faoi ordlathas agus forainmneacha \u00e1 n-\u00fas\u00e1id. Mar shampla, c\u00e9 go bhf\u00e9adfadh &#8220;\u0924\u0941\u092e&#8221; a bheith oiri\u00fanach i measc cairde, l\u00e9ir\u00edonn &#8220;\u0906\u092a&#8221; meas nuair a bh\u00edonn t\u00fa ag tabhairt aghaidh ar shean\u00f3ir\u00ed n\u00f3 strains\u00e9ir\u00ed.<\/p>\n\n\n\n<h3 class=\"wp-block-heading\" id=\"h-3-verbs-tense-and-conjugation\">3. Briathra, aimsir, agus comhchuingi\u00fa<\/h3>\n\n\n\n<p>Is iad briathra cn\u00e1mh droma na gramada\u00ed Hiond\u00faise, agus t\u00e1 s\u00e9 r\u00edth\u00e1bhachtach iad a thuiscint chun abairt\u00ed a th\u00f3g\u00e1il. D\u00e9antar briathra Hiond\u00fais a chatag\u00f3iri\u00fa go ginear\u00e1lta mar idirthr\u00e9imhseach (&#8220;\u0938\u0915\u0930\u094d\u092e\u0915&#8221;) agus intransitive (&#8220;\u0905\u0915\u0930\u094d\u092e\u0915&#8221;), le rialacha \u00e9ags\u00fala comhchuingithe do gach ceann acu.  <\/p>\n\n\n\n<p>Chun forbhreathn\u00fa tapa a thabhairt duit, d\u00e9anaimis pl\u00e9 ar chomhchuingi\u00fa aimsir l\u00e1ithreach briathra rialta:<\/p>\n\n\n\n<p>&#8211; \u092e\u0948\u0902 \u092a\u0922\u093c\u0924\u093e \u0939\u0942\u0901 (pr\u00edomh-hoon padhta &#8211; l\u00e9igh m\u00e9, firinscneach)<\/p>\n\n\n\n<p>\u2013 \u092e\u0948\u0902 \u092a\u0922\u093c\u0924\u0940 \u0939\u0942\u0901 (pr\u00edomh-padhti hoon \u2013 l\u00e9igh m\u00e9, baininscneach)<\/p>\n\n\n\n<p>&#8211; \u0924\u0941\u092e \u092a\u0922\u093c\u0924\u0947 \u0939\u094b (tum padhte ho \u2013 l\u00e9ann t\u00fa, neamhfhoirmi\u00fail, firinscneach)<\/p>\n\n\n\n<p>\u2013 \u0924\u0941\u092e \u092a\u0922\u093c\u0924\u0940 \u0939\u094b (tum padhti ho \u2013 l\u00e9ann t\u00fa, neamhfhoirmi\u00fail, baininscneach)<\/p>\n\n\n\n<p>Cuimhnigh, n\u00edl anseo ach an t\u00fas! T\u00e1 go leor aimsir\u00ed agus briathra neamhrialta le m\u00e1istir, ach tugann gach c\u00e9im <a href=\"https:\/\/talkpal.ai\/talkpal-new-years-discount\/\">nua<\/a> t\u00fa n\u00edos gaire do l\u00edofacht.<\/p>\n\n\n\n<h3 class=\"wp-block-heading\" id=\"h-4-adjectives-adverbs-and-more\">4. Aidiachta\u00ed, adverbs, agus go leor eile!<\/h3>\n\n\n\n<p>Cuims\u00edonn gramadach Hiond\u00fais comhph\u00e1irteanna eile ar n\u00f3s aidiachta\u00ed (a chaithfidh aont\u00fa le hainmfhocail in inscne agus uimhir), adverbs, r\u00e9amhfhocail, agus nathanna idiomatic. T\u00e1 gach eilimint r\u00edth\u00e1bhachtach chun a bheith l\u00edofa i Hiond\u00fais, mar sin t\u00e9igh i ngleic leo c\u00e9im amh\u00e1in ag an am.<\/p>\n\n\n\n<p>Mar fhocal scoir, n\u00edl aon aicearra ann chun m\u00e1istreacht a dh\u00e9anamh ar ghramadach Hiond\u00fais. \u00c9il\u00edonn s\u00e9 buanseasmhacht, cleachtadh agus foighne. Mar sin f\u00e9in, nuair a thuigeann t\u00fa \u00e9, beidh t\u00fa in ann meas a bheith agat ar na nuances a bhaineann le comhr\u00e1 i Hiond\u00fais, an cult\u00far agus an stair shaibhir a nochtadh, agus do ghr\u00e1 don teanga a dhoimhni\u00fa. \u0936\u0941\u092d\u0915\u093e\u092e\u0928\u093e\u090f\u0901 (shubhkaamnaayein &#8211; dea-ghu\u00ed)!<\/p>\n<\/div><\/div>\n\r\n<section class=\"learnNavigationSection\">\r\n            \r\n        <a href=\"https:\/\/talkpal.ai\/ga\/foghlaim-hionduis\/\">\r\n            <div class=\"learnNavigationWrapper\">\r\n                <div class=\"learnNavigationContent\">\r\n                    <img decoding=\"async\" src=\"https:\/\/talkpal.ai\/wp-content\/uploads\/2024\/08\/Hindi.jpg\" alt=\"Indian Flag\">\r\n                    <div>\r\n                        <h4>Maidir le Foghlaim Hiond\u00fais<\/h4>\r\n                        <p>Faigh amach gach rud faoi ghramadach Hiond\u00fais.<\/p>\r\n                    <\/div>\r\n                <\/div>\r\n            <\/div>\r\n        <\/a>\r\n\r\n        \r\n        <a href=\"https:\/\/talkpal.ai\/ga\/cleachtai-gramadai-hionduis\/\">\r\n            <div class=\"learnNavigationWrapper\">\r\n                <div class=\"learnNavigationContent\">\r\n                    <img decoding=\"async\" src=\"https:\/\/talkpal.ai\/wp-content\/uploads\/2024\/08\/Hindi.jpg\" alt=\"Indian Flag\">\r\n                    <div>\r\n                        <h4>Cleachtadh Gramada\u00ed Hiond\u00fais<\/h4>\r\n                        <p>Cleachtadh gramadach Hiond\u00fais.<\/p>\r\n                    <\/div>\r\n                <\/div>\r\n            <\/div>\r\n        <\/a>\r\n\r\n        \r\n        <a href=\"https:\/\/talkpal.ai\/vocabulary_language\/hindi\/\">\r\n            <div class=\"learnNavigationWrapper\">\r\n                <div class=\"learnNavigationContent\">\r\n                    <img decoding=\"async\" src=\"https:\/\/talkpal.ai\/wp-content\/uploads\/2024\/08\/Hindi.jpg\" alt=\"Indian Flag\">\r\n                    <div>\r\n                        <h4>St\u00f3r focal Hiond\u00fais<\/h4>\r\n                        <p>Leathnaigh do st\u00f3r focal Hiond\u00fais.<\/p>\r\n                    <\/div>\r\n                <\/div>\r\n            <\/div>\r\n        <\/a>\r\n\r\n            <\/section>","protected":false},"excerpt":{"rendered":"<p>M\u00e1istreacht ar Ghramadach Hiond\u00fais: Do Threoir Deiridh Namaste, d\u00edograiseoir\u00ed teanga! An bhfuil t\u00fa r\u00e9idh le saol na gramada\u00ed Hiond\u00fais a ini\u00fachadh? T\u00e1 t\u00fa tagtha go dt\u00ed an \u00e1it cheart. L\u00edonta le faisn\u00e9is \u00e9asca le tuiscint agus ton comhr\u00e1, treor\u00f3idh an t-alt seo t\u00fa tr\u00ed r\u00e9imse suimi\u00fail na gramada\u00ed Hiond\u00faise. Go luath, beidh t\u00fa in ann [&hellip;]<\/p>\n","protected":false},"author":1,"featured_media":1441648,"parent":0,"menu_order":0,"comment_status":"closed","ping_status":"closed","template":"LearningContentPage.php","meta":{"_acf_changed":false,"footnotes":""},"class_list":["post-1443999","page","type-page","status-publish","has-post-thumbnail","hentry"],"acf":[],"yoast_head":"<!-- This site is optimized with the Yoast SEO Premium plugin v27.2 (Yoast SEO v27.2) - https:\/\/yoast.com\/product\/yoast-seo-premium-wordpress\/ -->\n<title>Gramadach Hiond\u00fais - Talkpal<\/title>\n<meta name=\"description\" content=\"M\u00e1istir gramadach Hiond\u00fais go muin\u00edneach - foghlaim rialacha soil\u00e9ire, foirm abairt\u00ed cearta, agus labhair n\u00edos fearr le treoir \u00e9asca \u00f3 TalkPal AI.\" \/>\n<meta name=\"robots\" content=\"index, follow, max-snippet:-1, max-image-preview:large, max-video-preview:-1\" \/>\n<link rel=\"canonical\" href=\"https:\/\/talkpal.ai\/ga\/gramadach-hionduis\/\" \/>\n<meta property=\"og:locale\" content=\"ga_IE\" \/>\n<meta property=\"og:type\" content=\"article\" \/>\n<meta property=\"og:title\" content=\"Gramadach Hiond\u00fais\" \/>\n<meta property=\"og:description\" content=\"M\u00e1istreacht ar Ghramadach Hiond\u00fais: Do Threoir Deiridh Namaste, d\u00edograiseoir\u00ed teanga! An bhfuil t\u00fa r\u00e9idh le saol na gramada\u00ed Hiond\u00fais a ini\u00fachadh? T\u00e1 t\u00fa\" \/>\n<meta property=\"og:url\" content=\"https:\/\/talkpal.ai\/ga\/gramadach-hionduis\/\" \/>\n<meta property=\"og:site_name\" content=\"Talkpal\" \/>\n<meta property=\"article:publisher\" content=\"https:\/\/www.facebook.com\/profile.php?id=100090733639311\" \/>\n<meta property=\"article:modified_time\" content=\"2025-12-13T15:00:27+00:00\" \/>\n<meta property=\"og:image\" content=\"https:\/\/talkpal.ai\/wp-content\/uploads\/2024\/02\/india.png\" \/>\n\t<meta property=\"og:image:width\" content=\"517\" \/>\n\t<meta property=\"og:image:height\" content=\"517\" \/>\n\t<meta property=\"og:image:type\" content=\"image\/png\" \/>\n<meta name=\"twitter:card\" content=\"summary_large_image\" \/>\n<meta name=\"twitter:site\" content=\"@talkpalai\" \/>\n<meta name=\"twitter:label1\" content=\"Est. reading time\" \/>\n\t<meta name=\"twitter:data1\" content=\"3 minutes\" \/>\n<script type=\"application\/ld+json\" class=\"yoast-schema-graph\">{\"@context\":\"https:\/\/schema.org\",\"@graph\":[{\"@type\":\"WebPage\",\"@id\":\"https:\/\/talkpal.ai\/ga\/gramadach-hionduis\/\",\"url\":\"https:\/\/talkpal.ai\/ga\/gramadach-hionduis\/\",\"name\":\"Gramadach Hiond\u00fais - Talkpal\",\"isPartOf\":{\"@id\":\"https:\/\/talkpal.ai\/ga\/#website\"},\"primaryImageOfPage\":{\"@id\":\"https:\/\/talkpal.ai\/ga\/gramadach-hionduis\/#primaryimage\"},\"image\":{\"@id\":\"https:\/\/talkpal.ai\/ga\/gramadach-hionduis\/#primaryimage\"},\"thumbnailUrl\":\"https:\/\/talkpal.ai\/wp-content\/uploads\/2024\/02\/india.png\",\"datePublished\":\"2023-05-14T13:50:44+00:00\",\"dateModified\":\"2025-12-13T15:00:27+00:00\",\"description\":\"M\u00e1istir gramadach Hiond\u00fais go muin\u00edneach - foghlaim rialacha soil\u00e9ire, foirm abairt\u00ed cearta, agus labhair n\u00edos fearr le treoir \u00e9asca \u00f3 TalkPal AI.\",\"breadcrumb\":{\"@id\":\"https:\/\/talkpal.ai\/ga\/gramadach-hionduis\/#breadcrumb\"},\"inLanguage\":\"ga-IE\",\"potentialAction\":[{\"@type\":\"ReadAction\",\"target\":[\"https:\/\/talkpal.ai\/ga\/gramadach-hionduis\/\"]}]},{\"@type\":\"ImageObject\",\"inLanguage\":\"ga-IE\",\"@id\":\"https:\/\/talkpal.ai\/ga\/gramadach-hionduis\/#primaryimage\",\"url\":\"https:\/\/talkpal.ai\/wp-content\/uploads\/2024\/02\/india.png\",\"contentUrl\":\"https:\/\/talkpal.ai\/wp-content\/uploads\/2024\/02\/india.png\",\"width\":517,\"height\":517,\"caption\":\"TalkPal Indian Flag\"},{\"@type\":\"BreadcrumbList\",\"@id\":\"https:\/\/talkpal.ai\/ga\/gramadach-hionduis\/#breadcrumb\",\"itemListElement\":[{\"@type\":\"ListItem\",\"position\":1,\"name\":\"Homepage\",\"item\":\"https:\/\/talkpal.ai\/ga\/\"},{\"@type\":\"ListItem\",\"position\":2,\"name\":\"Gramadach Hiond\u00fais\"}]},{\"@type\":\"WebSite\",\"@id\":\"https:\/\/talkpal.ai\/ga\/#website\",\"url\":\"https:\/\/talkpal.ai\/ga\/\",\"name\":\"Talkpal\",\"description\":\"AI Language Learning\",\"publisher\":{\"@id\":\"https:\/\/talkpal.ai\/ga\/#organization\"},\"alternateName\":\"Talkpal AI\",\"potentialAction\":[{\"@type\":\"SearchAction\",\"target\":{\"@type\":\"EntryPoint\",\"urlTemplate\":\"https:\/\/talkpal.ai\/ga\/?s={search_term_string}\"},\"query-input\":{\"@type\":\"PropertyValueSpecification\",\"valueRequired\":true,\"valueName\":\"search_term_string\"}}],\"inLanguage\":\"ga-IE\"},{\"@type\":\"Organization\",\"@id\":\"https:\/\/talkpal.ai\/ga\/#organization\",\"name\":\"Talkpal, Inc.\",\"alternateName\":\"Talkpal AI\",\"url\":\"https:\/\/talkpal.ai\/ga\/\",\"logo\":{\"@type\":\"ImageObject\",\"inLanguage\":\"ga-IE\",\"@id\":\"https:\/\/talkpal.ai\/ga\/#\/schema\/logo\/image\/\",\"url\":\"https:\/\/talkpal.ai\/wp-content\/uploads\/2024\/03\/Talkpal-Logo-Icon.png\",\"contentUrl\":\"https:\/\/talkpal.ai\/wp-content\/uploads\/2024\/03\/Talkpal-Logo-Icon.png\",\"width\":2880,\"height\":2880,\"caption\":\"Talkpal, Inc.\"},\"image\":{\"@id\":\"https:\/\/talkpal.ai\/ga\/#\/schema\/logo\/image\/\"},\"sameAs\":[\"https:\/\/www.facebook.com\/profile.php?id=100090733639311\",\"https:\/\/x.com\/talkpalai\",\"https:\/\/www.linkedin.com\/company\/talkpal\/\",\"https:\/\/www.youtube.com\/@TalkPal\/\",\"https:\/\/www.tiktok.com\/@talkpal\",\"https:\/\/www.instagram.com\/talkpal_ai\/\",\"https:\/\/www.crunchbase.com\/organization\/talkpal-9cde\",\"https:\/\/www.g2.com\/products\/talkpal-for-business\/\",\"https:\/\/www.trustpilot.com\/review\/talkpal.ai\",\"https:\/\/www.capterra.com\/p\/10006800\/TalkPal\/\"],\"description\":\"Talkpal is a language learning web and mobile education app, powered by the latest AI technologies, that provides engaging experiences to its customers in many different languages to help them improve their language skills. Users can chat about unlimited amount of topics with the app and use other modes to practice their language learning.\",\"email\":\"support@talkpal.ai\",\"legalName\":\"Talkpal, Inc.\",\"foundingDate\":\"2023-04-03\",\"duns\":\"118989042\",\"numberOfEmployees\":{\"@type\":\"QuantitativeValue\",\"minValue\":\"11\",\"maxValue\":\"50\"},\"publishingPrinciples\":\"https:\/\/talkpal.ai\/publishing-principles\/\",\"actionableFeedbackPolicy\":\"https:\/\/talkpal.ai\/actionable-feedback-policy\/\",\"correctionsPolicy\":\"https:\/\/talkpal.ai\/corrections-policy\/\",\"ethicsPolicy\":\"https:\/\/talkpal.ai\/ethics-policy\/\",\"diversityPolicy\":\"https:\/\/talkpal.ai\/diversity-policy\/\",\"diversityStaffingReport\":\"https:\/\/talkpal.ai\/diversity-policy\/\"}]}<\/script>\n<!-- \/ Yoast SEO Premium plugin. -->","yoast_head_json":{"title":"Gramadach Hiond\u00fais - Talkpal","description":"M\u00e1istir gramadach Hiond\u00fais go muin\u00edneach - foghlaim rialacha soil\u00e9ire, foirm abairt\u00ed cearta, agus labhair n\u00edos fearr le treoir \u00e9asca \u00f3 TalkPal AI.","robots":{"index":"index","follow":"follow","max-snippet":"max-snippet:-1","max-image-preview":"max-image-preview:large","max-video-preview":"max-video-preview:-1"},"canonical":"https:\/\/talkpal.ai\/ga\/gramadach-hionduis\/","og_locale":"ga_IE","og_type":"article","og_title":"Gramadach Hiond\u00fais","og_description":"M\u00e1istreacht ar Ghramadach Hiond\u00fais: Do Threoir Deiridh Namaste, d\u00edograiseoir\u00ed teanga! An bhfuil t\u00fa r\u00e9idh le saol na gramada\u00ed Hiond\u00fais a ini\u00fachadh? T\u00e1 t\u00fa","og_url":"https:\/\/talkpal.ai\/ga\/gramadach-hionduis\/","og_site_name":"Talkpal","article_publisher":"https:\/\/www.facebook.com\/profile.php?id=100090733639311","article_modified_time":"2025-12-13T15:00:27+00:00","og_image":[{"width":517,"height":517,"url":"https:\/\/talkpal.ai\/wp-content\/uploads\/2024\/02\/india.png","type":"image\/png"}],"twitter_card":"summary_large_image","twitter_site":"@talkpalai","twitter_misc":{"Est. reading time":"3 minutes"},"schema":{"@context":"https:\/\/schema.org","@graph":[{"@type":"WebPage","@id":"https:\/\/talkpal.ai\/ga\/gramadach-hionduis\/","url":"https:\/\/talkpal.ai\/ga\/gramadach-hionduis\/","name":"Gramadach Hiond\u00fais - Talkpal","isPartOf":{"@id":"https:\/\/talkpal.ai\/ga\/#website"},"primaryImageOfPage":{"@id":"https:\/\/talkpal.ai\/ga\/gramadach-hionduis\/#primaryimage"},"image":{"@id":"https:\/\/talkpal.ai\/ga\/gramadach-hionduis\/#primaryimage"},"thumbnailUrl":"https:\/\/talkpal.ai\/wp-content\/uploads\/2024\/02\/india.png","datePublished":"2023-05-14T13:50:44+00:00","dateModified":"2025-12-13T15:00:27+00:00","description":"M\u00e1istir gramadach Hiond\u00fais go muin\u00edneach - foghlaim rialacha soil\u00e9ire, foirm abairt\u00ed cearta, agus labhair n\u00edos fearr le treoir \u00e9asca \u00f3 TalkPal AI.","breadcrumb":{"@id":"https:\/\/talkpal.ai\/ga\/gramadach-hionduis\/#breadcrumb"},"inLanguage":"ga-IE","potentialAction":[{"@type":"ReadAction","target":["https:\/\/talkpal.ai\/ga\/gramadach-hionduis\/"]}]},{"@type":"ImageObject","inLanguage":"ga-IE","@id":"https:\/\/talkpal.ai\/ga\/gramadach-hionduis\/#primaryimage","url":"https:\/\/talkpal.ai\/wp-content\/uploads\/2024\/02\/india.png","contentUrl":"https:\/\/talkpal.ai\/wp-content\/uploads\/2024\/02\/india.png","width":517,"height":517,"caption":"TalkPal Indian Flag"},{"@type":"BreadcrumbList","@id":"https:\/\/talkpal.ai\/ga\/gramadach-hionduis\/#breadcrumb","itemListElement":[{"@type":"ListItem","position":1,"name":"Homepage","item":"https:\/\/talkpal.ai\/ga\/"},{"@type":"ListItem","position":2,"name":"Gramadach Hiond\u00fais"}]},{"@type":"WebSite","@id":"https:\/\/talkpal.ai\/ga\/#website","url":"https:\/\/talkpal.ai\/ga\/","name":"Talkpal","description":"AI Language Learning","publisher":{"@id":"https:\/\/talkpal.ai\/ga\/#organization"},"alternateName":"Talkpal AI","potentialAction":[{"@type":"SearchAction","target":{"@type":"EntryPoint","urlTemplate":"https:\/\/talkpal.ai\/ga\/?s={search_term_string}"},"query-input":{"@type":"PropertyValueSpecification","valueRequired":true,"valueName":"search_term_string"}}],"inLanguage":"ga-IE"},{"@type":"Organization","@id":"https:\/\/talkpal.ai\/ga\/#organization","name":"Talkpal, Inc.","alternateName":"Talkpal AI","url":"https:\/\/talkpal.ai\/ga\/","logo":{"@type":"ImageObject","inLanguage":"ga-IE","@id":"https:\/\/talkpal.ai\/ga\/#\/schema\/logo\/image\/","url":"https:\/\/talkpal.ai\/wp-content\/uploads\/2024\/03\/Talkpal-Logo-Icon.png","contentUrl":"https:\/\/talkpal.ai\/wp-content\/uploads\/2024\/03\/Talkpal-Logo-Icon.png","width":2880,"height":2880,"caption":"Talkpal, Inc."},"image":{"@id":"https:\/\/talkpal.ai\/ga\/#\/schema\/logo\/image\/"},"sameAs":["https:\/\/www.facebook.com\/profile.php?id=100090733639311","https:\/\/x.com\/talkpalai","https:\/\/www.linkedin.com\/company\/talkpal\/","https:\/\/www.youtube.com\/@TalkPal\/","https:\/\/www.tiktok.com\/@talkpal","https:\/\/www.instagram.com\/talkpal_ai\/","https:\/\/www.crunchbase.com\/organization\/talkpal-9cde","https:\/\/www.g2.com\/products\/talkpal-for-business\/","https:\/\/www.trustpilot.com\/review\/talkpal.ai","https:\/\/www.capterra.com\/p\/10006800\/TalkPal\/"],"description":"Talkpal is a language learning web and mobile education app, powered by the latest AI technologies, that provides engaging experiences to its customers in many different languages to help them improve their language skills. Users can chat about unlimited amount of topics with the app and use other modes to practice their language learning.","email":"support@talkpal.ai","legalName":"Talkpal, Inc.","foundingDate":"2023-04-03","duns":"118989042","numberOfEmployees":{"@type":"QuantitativeValue","minValue":"11","maxValue":"50"},"publishingPrinciples":"https:\/\/talkpal.ai\/publishing-principles\/","actionableFeedbackPolicy":"https:\/\/talkpal.ai\/actionable-feedback-policy\/","correctionsPolicy":"https:\/\/talkpal.ai\/corrections-policy\/","ethicsPolicy":"https:\/\/talkpal.ai\/ethics-policy\/","diversityPolicy":"https:\/\/talkpal.ai\/diversity-policy\/","diversityStaffingReport":"https:\/\/talkpal.ai\/diversity-policy\/"}]}},"_links":{"self":[{"href":"https:\/\/talkpal.ai\/ga\/wp-json\/wp\/v2\/pages\/1443999","targetHints":{"allow":["GET"]}}],"collection":[{"href":"https:\/\/talkpal.ai\/ga\/wp-json\/wp\/v2\/pages"}],"about":[{"href":"https:\/\/talkpal.ai\/ga\/wp-json\/wp\/v2\/types\/page"}],"author":[{"embeddable":true,"href":"https:\/\/talkpal.ai\/ga\/wp-json\/wp\/v2\/users\/1"}],"replies":[{"embeddable":true,"href":"https:\/\/talkpal.ai\/ga\/wp-json\/wp\/v2\/comments?post=1443999"}],"version-history":[{"count":0,"href":"https:\/\/talkpal.ai\/ga\/wp-json\/wp\/v2\/pages\/1443999\/revisions"}],"wp:featuredmedia":[{"embeddable":true,"href":"https:\/\/talkpal.ai\/ga\/wp-json\/wp\/v2\/media\/1441648"}],"wp:attachment":[{"href":"https:\/\/talkpal.ai\/ga\/wp-json\/wp\/v2\/media?parent=1443999"}],"curies":[{"name":"wp","href":"https:\/\/api.w.org\/{rel}","templated":true}]}}