{"id":1443996,"date":"2023-05-14T13:51:09","date_gmt":"2023-05-14T13:51:09","guid":{"rendered":"https:\/\/talkpal.ai\/gramadach-seapanach\/"},"modified":"2025-12-11T16:49:42","modified_gmt":"2025-12-11T16:49:42","slug":"gramadach-seapanach","status":"publish","type":"page","link":"https:\/\/talkpal.ai\/ga\/gramadach-seapanach\/","title":{"rendered":"Gramadach Seap\u00e1nach"},"content":{"rendered":"\r\n\r\n\r\n<section class=\"languageChallengeSection\">\r\n    <div class=\"languageInfoWrapper\">\r\n        \r\n        <h1>Gramadach Seap\u00e1nach<\/h1>\r\n        <p>Treisi\u00fa do scileanna teanga Seap\u00e1inis tr\u00ed mh\u00e1istreacht a dh\u00e9anamh ar phoint\u00ed gramada\u00ed riachtanacha le m\u00ednithe agus sampla\u00ed soil\u00e9ire. Cuir t\u00fas le do thuras chun l\u00edofachta &#8211; tumadh isteach i ngramadach na Seap\u00e1ine inniu!<\/p>\r\n\r\n                            <a class=\"getStartedHidden\" href=\"https:\/\/app.talkpal.ai\/signup?lng=\">Tosaigh<\/a>\r\n        \r\n    <\/div>\r\n\r\n    <figure>\r\n    <img decoding=\"async\" width=\"768\" height=\"768\" src=\"https:\/\/talkpal.ai\/wp-content\/uploads\/2023\/06\/japanese-768x768.png\" class=\"languageImage no-lazy\" alt=\"Language learning for world travelers\" fetchpriority=\"high\" sizes=\"(max-width: 768px) 150px, 768px\" srcset=\"https:\/\/talkpal.ai\/wp-content\/uploads\/2023\/06\/japanese-768x768.png 768w, https:\/\/talkpal.ai\/wp-content\/uploads\/2023\/06\/japanese-300x300.png 300w\" \/>\r\n    \r\n\r\n    <\/figure>\r\n\r\n            <a class=\"getStartedVisible\" href=\"https:\/\/app.talkpal.ai\/signup?lng=\">Tosaigh<\/a>\r\n    \r\n<\/section>\r\n<section class=\"promotionalBanner\">\r\n    <p class=\"promotionalText\">An bealach is \u00e9ifeachta\u00ed le teanga a fhoghlaim<\/p>\r\n    <a class=\"promotionalLink\" href=\"https:\/\/app.talkpal.ai\/signup?lng=\">Bain triail as Talkpal saor in aisce<\/a>\r\n<\/section>\n<div class=\"wp-block-group pageContainerStyle\"><div class=\"wp-block-group__inner-container is-layout-constrained wp-block-group-is-layout-constrained\">\n<h2 class=\"wp-block-heading\" id=\"h-mastering-the-intricacies-of-japanese-grammar\">M\u00e1istreacht a dh\u00e9anamh ar intricacies gramada\u00ed na Seap\u00e1ine<\/h2>\n\n\n\n<p>Is minic a mheasann d\u00edograiseoir\u00ed teangeola\u00edochta gur teanga sp\u00e9isi\u00fail agus d\u00fashl\u00e1nach \u00ed an tSeap\u00e1inis le foghlaim, den chuid is m\u00f3 mar gheall ar a ch\u00f3ras gramada\u00ed uath\u00fail. Ina ainneoin sin, is f\u00e9idir le tuiscint a fh\u00e1il ar ghramadach na Seap\u00e1ine do scileanna cumars\u00e1ide agus do thuiscint chult\u00fartha a fheabhs\u00fa go suntasach. San alt seo, pl\u00e9ifimid roinnt gn\u00e9ithe riachtanacha de ghramadach na Seap\u00e1ine chun cabhr\u00fa leat ar do thuras foghlama teanga. Mar sin, b\u00facla suas, agus d\u00e9anaimis dul isteach i ndomhan mealltach na gramada\u00ed Seap\u00e1ine.<\/p>\n\n\n\n<h3 class=\"wp-block-heading\" id=\"h-1-sentence-structure-sov\">1. Strucht\u00far na habairte: SOV<\/h3>\n\n\n\n<p>Murab ionann agus <a href=\"https:\/\/talkpal.ai\/learn-english-with-ai\/\">B\u00e9arla<\/a> (Subject \u2013 Verb \u2013 Object or SVO), leanann an tSeap\u00e1inis strucht\u00far abairte Subject \u2013 Object \u2013 Verb (SOV). Cialla\u00edonn s\u00e9 seo go dtagann an briathar go ginear\u00e1lta go deireanach in abairt. T\u00e1 s\u00e9 r\u00edth\u00e1bhachtach an t-ord focal uath\u00fail seo a chrochadh chun abairt\u00ed intuigthe a fhoirmi\u00fa sa tSeap\u00e1inis.<\/p>\n\n\n\n<p>Sampla:  <\/p>\n\n\n\n<p>\u2013 \u308f\u305f\u3057\u306f\u308a\u3093\u3054\u3092\u305f\u3079\u307e\u3059\u3002 (Itheann m\u00e9 \u00fall)<\/p>\n\n\n\n<p>&#8211; Watashi wa ringo o tabemasu. (lit. Itheann m\u00e9 \u00fall<\/p>\n\n\n\n<h3 class=\"wp-block-heading\" id=\"h-2-particles-the-sentence-connectors\">2. C\u00e1ithn\u00edn\u00ed: Na Nasc\u00f3ir\u00ed Pianbhreithe<\/h3>\n\n\n\n<p>T\u00e1 r\u00f3l r\u00edth\u00e1bhachtach ag c\u00e1ithn\u00edn\u00ed i ngramadach na Seap\u00e1ine tr\u00ed fheidhm focal a mharc\u00e1il laistigh d&#8217;abairt. I measc roinnt c\u00e1ithn\u00edn\u00ed coitianta t\u00e1 \u306f (wa), \u3092 (o), \u304c (ga), \u3067 (de), agus \u306b (ni). Tr\u00ed thuiscint a fh\u00e1il ar an gcaoi a bhfeidhm\u00edonn na c\u00e1ithn\u00edn\u00ed seo, gheobhaidh t\u00fa amach go bhfuil abairt\u00ed Seap\u00e1ine a dh\u00edchripti\u00fa agus a th\u00f3g\u00e1il i bhfad n\u00edos sol\u00e1imhsithe.<\/p>\n\n\n\n<h3 class=\"wp-block-heading\" id=\"h-3-verbs-an-introduction-to-conjugation\">3. Briathra: R\u00e9amhr\u00e1 ar Chomhchuingi\u00fa<\/h3>\n\n\n\n<p>T\u00e1 tr\u00ed phr\u00edomhghr\u00fapa ag briathra na Seap\u00e1ine, a aithn\u00edtear de r\u00e9ir foircinn a mbunfhoirme. D\u00e9antar na gr\u00fapa\u00ed seo a mheas nuair a bh\u00edonn siad ag comhchuingi\u00fa le haghaidh teannas, dea-bh\u00e9asa agus gi\u00famar. Is \u00e9 an dea-sc\u00e9al n\u00e1 nach n-athra\u00edonn briathra na Seap\u00e1ine bunaithe ar an \u00e1bhar, rud a fh\u00e1gann nach bhfuil siad chomh casta n\u00e1 iad si\u00fad i roinnt teangacha eile.<\/p>\n\n\n\n<p>&#8211; Gr\u00fapa 1: U-briathra<\/p>\n\n\n\n<p>&#8211; Gr\u00fapa 2: Ru-briathra<\/p>\n\n\n\n<p>&#8211; Gr\u00fapa 3: Briathra neamhrialta (ach dh\u00e1 bhriathar &#8211; \u3059\u308b (suru) agus \u6765\u308b (kuru))<\/p>\n\n\n\n<h3 class=\"wp-block-heading\" id=\"h-4-politeness-levels\">4. Leibh\u00e9il B\u00e9asa<\/h3>\n\n\n\n<p>Is teanga \u00ed an tSeap\u00e1inis at\u00e1 saibhir i dea-bh\u00e9asa, agus l\u00e9ir\u00edonn <a href=\"https:\/\/talkpal.ai\/grammar\/\">gramadach<\/a> na teanga \u00e9 sin. T\u00e1 tr\u00ed phr\u00edomhleibh\u00e9al dea-bh\u00e9asa ann: \u00f3c\u00e1ideach, dea-bh\u00e9asach agus on\u00f3rach. T\u00e1 s\u00e9 riachtanach iad seo a aithint agus a \u00fas\u00e1id go cu\u00ed le haghaidh cumars\u00e1ide n\u00e1d\u00fartha agus meas\u00fail.<\/p>\n\n\n\n<p>\u2013 \u00d3c\u00e1ideach: foirmeacha briathar plain (m.sh., \u98df\u3079\u308b \u2013 taberu \u2013 ithe)<\/p>\n\n\n\n<p>&#8211; Dea-bh\u00e9asach: \u307e\u3059 (masu) comhchuingi\u00fa (m.sh., \u98df\u3079\u307e\u3059 &#8211; tabemasu &#8211; a ithe (go b\u00e9asach))<\/p>\n\n\n\n<p>\u2013 Honorific: conjugations agus r\u00e9im\u00edreanna speisialta (m.sh., \u304a\u53ec\u3057\u4e0a\u304c\u308a\u306b\u306a\u308b \u2013 omeshiagari ni naru \u2013 to eat (honorific))<\/p>\n\n\n\n<h3 class=\"wp-block-heading\" id=\"h-5-japanese-adjectives\">5. Aidiachta\u00ed Seap\u00e1ine<\/h3>\n\n\n\n<p>Tagann aidiachta\u00ed na Seap\u00e1ine in dh\u00e1 chine\u00e1l: i-aidiachta\u00ed agus na-aidiachta\u00ed. T\u00e1 rialacha uath\u00fala comhchuingithe ag an d\u00e1 chine\u00e1l agus idirghn\u00edomha\u00edonn siad le hainmfhocail ar bhealach difri\u00fail. T\u00e1 m\u00e1istreacht ar \u00fas\u00e1id an d\u00e1 chine\u00e1l aidiachta seo r\u00edth\u00e1bhachtach do chumars\u00e1id \u00e9ifeachtach sa tSeap\u00e1inis.<\/p>\n\n\n\n<h3 class=\"wp-block-heading\" id=\"h-6-engaging-with-the-language\">6. Dul i ngleic leis an teanga<\/h3>\n\n\n\n<p>Ceann de na beala\u00ed is \u00e9ifeachta\u00ed chun gramadach na Seap\u00e1ine a fhoghlaim is ea dul i ngleic leis an teanga go comhsheasmhach. \u00d3 f\u00e9achaint ar scann\u00e1in agus anime Seap\u00e1ine go p\u00e1irt a ghlacadh i malartuithe comhr\u00e1 le cainteoir\u00ed d\u00fachais, cabhr\u00f3idh tumadh t\u00fa f\u00e9in sa teanga le coincheapa gramada\u00ed a dhaingni\u00fa agus do st\u00f3r focal a leathn\u00fa.<\/p>\n\n\n\n<h3 class=\"wp-block-heading\" id=\"h-conclusion\">Concl\u00faid<\/h3>\n\n\n\n<p>C\u00e9 go bhf\u00e9adfadh gramadach na Seap\u00e1ine a bheith s\u00e1raitheach ar dt\u00fas, le d\u00fathracht agus am, gheobhaidh t\u00fa f\u00e9in ag nasclean\u00faint a chastachta\u00ed gan str\u00f3. Is \u00ed an eochair n\u00e1 fanacht fiosrach agus cleachtadh go rialta. \u00c1dh m\u00f3r ar do thuras i dtreo m\u00e1istreacht a dh\u00e9anamh ar ghramadach na Seap\u00e1ine, agus bain sult as an eachtra teangeola\u00edoch!<\/p>\n<\/div><\/div>\n\r\n<section class=\"learnNavigationSection\">\r\n            \r\n        <a href=\"https:\/\/talkpal.ai\/ga\/foghlaim-seapainis\/\">\r\n            <div class=\"learnNavigationWrapper\">\r\n                <div class=\"learnNavigationContent\">\r\n                    <img decoding=\"async\" src=\"https:\/\/talkpal.ai\/wp-content\/uploads\/2024\/08\/Japanese.jpg\" alt=\"Japanese Flag\">\r\n                    <div>\r\n                        <h4>Maidir le Foghlaim na Seap\u00e1ine<\/h4>\r\n                        <p>Faigh amach gach rud faoi ghramadach na Seap\u00e1ine.<\/p>\r\n                    <\/div>\r\n                <\/div>\r\n            <\/div>\r\n        <\/a>\r\n\r\n        \r\n        <a href=\"https:\/\/talkpal.ai\/ga\/cleachtai-gramadai-na-seapaine\/\">\r\n            <div class=\"learnNavigationWrapper\">\r\n                <div class=\"learnNavigationContent\">\r\n                    <img decoding=\"async\" src=\"https:\/\/talkpal.ai\/wp-content\/uploads\/2024\/08\/Japanese.jpg\" alt=\"Japanese Flag\">\r\n                    <div>\r\n                        <h4>Cleachtadh Gramada\u00ed na Seap\u00e1ine<\/h4>\r\n                        <p>Cleachtadh gramadach na Seap\u00e1ine.<\/p>\r\n                    <\/div>\r\n                <\/div>\r\n            <\/div>\r\n        <\/a>\r\n\r\n        \r\n        <a href=\"https:\/\/talkpal.ai\/vocabulary_language\/japanese\/\">\r\n            <div class=\"learnNavigationWrapper\">\r\n                <div class=\"learnNavigationContent\">\r\n                    <img decoding=\"async\" src=\"https:\/\/talkpal.ai\/wp-content\/uploads\/2024\/08\/Japanese.jpg\" alt=\"Japanese Flag\">\r\n                    <div>\r\n                        <h4>St\u00f3r focal na Seap\u00e1ine<\/h4>\r\n                        <p>Leathnaigh do st\u00f3r focal Seap\u00e1inis.<\/p>\r\n                    <\/div>\r\n                <\/div>\r\n            <\/div>\r\n        <\/a>\r\n\r\n            <\/section>","protected":false},"excerpt":{"rendered":"<p>M\u00e1istreacht a dh\u00e9anamh ar intricacies gramada\u00ed na Seap\u00e1ine Is minic a mheasann d\u00edograiseoir\u00ed teangeola\u00edochta gur teanga sp\u00e9isi\u00fail agus d\u00fashl\u00e1nach \u00ed an tSeap\u00e1inis le foghlaim, den chuid is m\u00f3 mar gheall ar a ch\u00f3ras gramada\u00ed uath\u00fail. Ina ainneoin sin, is f\u00e9idir le tuiscint a fh\u00e1il ar ghramadach na Seap\u00e1ine do scileanna cumars\u00e1ide agus do thuiscint chult\u00fartha [&hellip;]<\/p>\n","protected":false},"author":1,"featured_media":1441660,"parent":0,"menu_order":0,"comment_status":"closed","ping_status":"closed","template":"LearningContentPage.php","meta":{"_acf_changed":false,"footnotes":""},"class_list":["post-1443996","page","type-page","status-publish","has-post-thumbnail","hentry"],"acf":[],"yoast_head":"<!-- This site is optimized with the Yoast SEO Premium plugin v27.2 (Yoast SEO v27.2) - https:\/\/yoast.com\/product\/yoast-seo-premium-wordpress\/ -->\n<title>Gramadach Seap\u00e1nach - Talkpal<\/title>\n<meta name=\"description\" content=\"M\u00e1istir gramadach na Seap\u00e1ine len\u00e1r n-aip foghlama teanga AI. Feabhas a chur ar do scileanna teanga go h\u00e9asca tr\u00ed thaca\u00edocht AI TalkPal.\" \/>\n<meta name=\"robots\" content=\"index, follow, max-snippet:-1, max-image-preview:large, max-video-preview:-1\" \/>\n<link rel=\"canonical\" href=\"https:\/\/talkpal.ai\/ga\/gramadach-seapanach\/\" \/>\n<meta property=\"og:locale\" content=\"ga_IE\" \/>\n<meta property=\"og:type\" content=\"article\" \/>\n<meta property=\"og:title\" content=\"Gramadach Seap\u00e1nach\" \/>\n<meta property=\"og:description\" content=\"M\u00e1istreacht a dh\u00e9anamh ar intricacies gramada\u00ed na Seap\u00e1ine Is minic a mheasann d\u00edograiseoir\u00ed teangeola\u00edochta gur teanga sp\u00e9isi\u00fail agus d\u00fashl\u00e1nach \u00ed an\" \/>\n<meta property=\"og:url\" content=\"https:\/\/talkpal.ai\/ga\/gramadach-seapanach\/\" \/>\n<meta property=\"og:site_name\" content=\"Talkpal\" \/>\n<meta property=\"article:publisher\" content=\"https:\/\/www.facebook.com\/profile.php?id=100090733639311\" \/>\n<meta property=\"article:modified_time\" content=\"2025-12-11T16:49:42+00:00\" \/>\n<meta property=\"og:image\" content=\"https:\/\/talkpal.ai\/wp-content\/uploads\/2023\/04\/japan.png\" \/>\n\t<meta property=\"og:image:width\" content=\"512\" \/>\n\t<meta property=\"og:image:height\" content=\"512\" \/>\n\t<meta property=\"og:image:type\" content=\"image\/png\" \/>\n<meta name=\"twitter:card\" content=\"summary_large_image\" \/>\n<meta name=\"twitter:site\" content=\"@talkpalai\" \/>\n<meta name=\"twitter:label1\" content=\"Est. reading time\" \/>\n\t<meta name=\"twitter:data1\" content=\"3 minutes\" \/>\n<script type=\"application\/ld+json\" class=\"yoast-schema-graph\">{\"@context\":\"https:\/\/schema.org\",\"@graph\":[{\"@type\":\"WebPage\",\"@id\":\"https:\/\/talkpal.ai\/ga\/gramadach-seapanach\/\",\"url\":\"https:\/\/talkpal.ai\/ga\/gramadach-seapanach\/\",\"name\":\"Gramadach Seap\u00e1nach - Talkpal\",\"isPartOf\":{\"@id\":\"https:\/\/talkpal.ai\/ga\/#website\"},\"primaryImageOfPage\":{\"@id\":\"https:\/\/talkpal.ai\/ga\/gramadach-seapanach\/#primaryimage\"},\"image\":{\"@id\":\"https:\/\/talkpal.ai\/ga\/gramadach-seapanach\/#primaryimage\"},\"thumbnailUrl\":\"https:\/\/talkpal.ai\/wp-content\/uploads\/2023\/04\/japan.png\",\"datePublished\":\"2023-05-14T13:51:09+00:00\",\"dateModified\":\"2025-12-11T16:49:42+00:00\",\"description\":\"M\u00e1istir gramadach na Seap\u00e1ine len\u00e1r n-aip foghlama teanga AI. Feabhas a chur ar do scileanna teanga go h\u00e9asca tr\u00ed thaca\u00edocht AI TalkPal.\",\"breadcrumb\":{\"@id\":\"https:\/\/talkpal.ai\/ga\/gramadach-seapanach\/#breadcrumb\"},\"inLanguage\":\"ga-IE\",\"potentialAction\":[{\"@type\":\"ReadAction\",\"target\":[\"https:\/\/talkpal.ai\/ga\/gramadach-seapanach\/\"]}]},{\"@type\":\"ImageObject\",\"inLanguage\":\"ga-IE\",\"@id\":\"https:\/\/talkpal.ai\/ga\/gramadach-seapanach\/#primaryimage\",\"url\":\"https:\/\/talkpal.ai\/wp-content\/uploads\/2023\/04\/japan.png\",\"contentUrl\":\"https:\/\/talkpal.ai\/wp-content\/uploads\/2023\/04\/japan.png\",\"width\":512,\"height\":512,\"caption\":\"TalkPal Catalan Flag\"},{\"@type\":\"BreadcrumbList\",\"@id\":\"https:\/\/talkpal.ai\/ga\/gramadach-seapanach\/#breadcrumb\",\"itemListElement\":[{\"@type\":\"ListItem\",\"position\":1,\"name\":\"Homepage\",\"item\":\"https:\/\/talkpal.ai\/ga\/\"},{\"@type\":\"ListItem\",\"position\":2,\"name\":\"Gramadach Seap\u00e1nach\"}]},{\"@type\":\"WebSite\",\"@id\":\"https:\/\/talkpal.ai\/ga\/#website\",\"url\":\"https:\/\/talkpal.ai\/ga\/\",\"name\":\"Talkpal\",\"description\":\"AI Language Learning\",\"publisher\":{\"@id\":\"https:\/\/talkpal.ai\/ga\/#organization\"},\"alternateName\":\"Talkpal AI\",\"potentialAction\":[{\"@type\":\"SearchAction\",\"target\":{\"@type\":\"EntryPoint\",\"urlTemplate\":\"https:\/\/talkpal.ai\/ga\/?s={search_term_string}\"},\"query-input\":{\"@type\":\"PropertyValueSpecification\",\"valueRequired\":true,\"valueName\":\"search_term_string\"}}],\"inLanguage\":\"ga-IE\"},{\"@type\":\"Organization\",\"@id\":\"https:\/\/talkpal.ai\/ga\/#organization\",\"name\":\"Talkpal, Inc.\",\"alternateName\":\"Talkpal AI\",\"url\":\"https:\/\/talkpal.ai\/ga\/\",\"logo\":{\"@type\":\"ImageObject\",\"inLanguage\":\"ga-IE\",\"@id\":\"https:\/\/talkpal.ai\/ga\/#\/schema\/logo\/image\/\",\"url\":\"https:\/\/talkpal.ai\/wp-content\/uploads\/2024\/03\/Talkpal-Logo-Icon.png\",\"contentUrl\":\"https:\/\/talkpal.ai\/wp-content\/uploads\/2024\/03\/Talkpal-Logo-Icon.png\",\"width\":2880,\"height\":2880,\"caption\":\"Talkpal, Inc.\"},\"image\":{\"@id\":\"https:\/\/talkpal.ai\/ga\/#\/schema\/logo\/image\/\"},\"sameAs\":[\"https:\/\/www.facebook.com\/profile.php?id=100090733639311\",\"https:\/\/x.com\/talkpalai\",\"https:\/\/www.linkedin.com\/company\/talkpal\/\",\"https:\/\/www.youtube.com\/@TalkPal\/\",\"https:\/\/www.tiktok.com\/@talkpal\",\"https:\/\/www.instagram.com\/talkpal_ai\/\",\"https:\/\/www.crunchbase.com\/organization\/talkpal-9cde\",\"https:\/\/www.g2.com\/products\/talkpal-for-business\/\",\"https:\/\/www.trustpilot.com\/review\/talkpal.ai\",\"https:\/\/www.capterra.com\/p\/10006800\/TalkPal\/\"],\"description\":\"Talkpal is a language learning web and mobile education app, powered by the latest AI technologies, that provides engaging experiences to its customers in many different languages to help them improve their language skills. Users can chat about unlimited amount of topics with the app and use other modes to practice their language learning.\",\"email\":\"support@talkpal.ai\",\"legalName\":\"Talkpal, Inc.\",\"foundingDate\":\"2023-04-03\",\"duns\":\"118989042\",\"numberOfEmployees\":{\"@type\":\"QuantitativeValue\",\"minValue\":\"11\",\"maxValue\":\"50\"},\"publishingPrinciples\":\"https:\/\/talkpal.ai\/publishing-principles\/\",\"actionableFeedbackPolicy\":\"https:\/\/talkpal.ai\/actionable-feedback-policy\/\",\"correctionsPolicy\":\"https:\/\/talkpal.ai\/corrections-policy\/\",\"ethicsPolicy\":\"https:\/\/talkpal.ai\/ethics-policy\/\",\"diversityPolicy\":\"https:\/\/talkpal.ai\/diversity-policy\/\",\"diversityStaffingReport\":\"https:\/\/talkpal.ai\/diversity-policy\/\"}]}<\/script>\n<!-- \/ Yoast SEO Premium plugin. -->","yoast_head_json":{"title":"Gramadach Seap\u00e1nach - Talkpal","description":"M\u00e1istir gramadach na Seap\u00e1ine len\u00e1r n-aip foghlama teanga AI. Feabhas a chur ar do scileanna teanga go h\u00e9asca tr\u00ed thaca\u00edocht AI TalkPal.","robots":{"index":"index","follow":"follow","max-snippet":"max-snippet:-1","max-image-preview":"max-image-preview:large","max-video-preview":"max-video-preview:-1"},"canonical":"https:\/\/talkpal.ai\/ga\/gramadach-seapanach\/","og_locale":"ga_IE","og_type":"article","og_title":"Gramadach Seap\u00e1nach","og_description":"M\u00e1istreacht a dh\u00e9anamh ar intricacies gramada\u00ed na Seap\u00e1ine Is minic a mheasann d\u00edograiseoir\u00ed teangeola\u00edochta gur teanga sp\u00e9isi\u00fail agus d\u00fashl\u00e1nach \u00ed an","og_url":"https:\/\/talkpal.ai\/ga\/gramadach-seapanach\/","og_site_name":"Talkpal","article_publisher":"https:\/\/www.facebook.com\/profile.php?id=100090733639311","article_modified_time":"2025-12-11T16:49:42+00:00","og_image":[{"width":512,"height":512,"url":"https:\/\/talkpal.ai\/wp-content\/uploads\/2023\/04\/japan.png","type":"image\/png"}],"twitter_card":"summary_large_image","twitter_site":"@talkpalai","twitter_misc":{"Est. reading time":"3 minutes"},"schema":{"@context":"https:\/\/schema.org","@graph":[{"@type":"WebPage","@id":"https:\/\/talkpal.ai\/ga\/gramadach-seapanach\/","url":"https:\/\/talkpal.ai\/ga\/gramadach-seapanach\/","name":"Gramadach Seap\u00e1nach - Talkpal","isPartOf":{"@id":"https:\/\/talkpal.ai\/ga\/#website"},"primaryImageOfPage":{"@id":"https:\/\/talkpal.ai\/ga\/gramadach-seapanach\/#primaryimage"},"image":{"@id":"https:\/\/talkpal.ai\/ga\/gramadach-seapanach\/#primaryimage"},"thumbnailUrl":"https:\/\/talkpal.ai\/wp-content\/uploads\/2023\/04\/japan.png","datePublished":"2023-05-14T13:51:09+00:00","dateModified":"2025-12-11T16:49:42+00:00","description":"M\u00e1istir gramadach na Seap\u00e1ine len\u00e1r n-aip foghlama teanga AI. Feabhas a chur ar do scileanna teanga go h\u00e9asca tr\u00ed thaca\u00edocht AI TalkPal.","breadcrumb":{"@id":"https:\/\/talkpal.ai\/ga\/gramadach-seapanach\/#breadcrumb"},"inLanguage":"ga-IE","potentialAction":[{"@type":"ReadAction","target":["https:\/\/talkpal.ai\/ga\/gramadach-seapanach\/"]}]},{"@type":"ImageObject","inLanguage":"ga-IE","@id":"https:\/\/talkpal.ai\/ga\/gramadach-seapanach\/#primaryimage","url":"https:\/\/talkpal.ai\/wp-content\/uploads\/2023\/04\/japan.png","contentUrl":"https:\/\/talkpal.ai\/wp-content\/uploads\/2023\/04\/japan.png","width":512,"height":512,"caption":"TalkPal Catalan Flag"},{"@type":"BreadcrumbList","@id":"https:\/\/talkpal.ai\/ga\/gramadach-seapanach\/#breadcrumb","itemListElement":[{"@type":"ListItem","position":1,"name":"Homepage","item":"https:\/\/talkpal.ai\/ga\/"},{"@type":"ListItem","position":2,"name":"Gramadach Seap\u00e1nach"}]},{"@type":"WebSite","@id":"https:\/\/talkpal.ai\/ga\/#website","url":"https:\/\/talkpal.ai\/ga\/","name":"Talkpal","description":"AI Language Learning","publisher":{"@id":"https:\/\/talkpal.ai\/ga\/#organization"},"alternateName":"Talkpal AI","potentialAction":[{"@type":"SearchAction","target":{"@type":"EntryPoint","urlTemplate":"https:\/\/talkpal.ai\/ga\/?s={search_term_string}"},"query-input":{"@type":"PropertyValueSpecification","valueRequired":true,"valueName":"search_term_string"}}],"inLanguage":"ga-IE"},{"@type":"Organization","@id":"https:\/\/talkpal.ai\/ga\/#organization","name":"Talkpal, Inc.","alternateName":"Talkpal AI","url":"https:\/\/talkpal.ai\/ga\/","logo":{"@type":"ImageObject","inLanguage":"ga-IE","@id":"https:\/\/talkpal.ai\/ga\/#\/schema\/logo\/image\/","url":"https:\/\/talkpal.ai\/wp-content\/uploads\/2024\/03\/Talkpal-Logo-Icon.png","contentUrl":"https:\/\/talkpal.ai\/wp-content\/uploads\/2024\/03\/Talkpal-Logo-Icon.png","width":2880,"height":2880,"caption":"Talkpal, Inc."},"image":{"@id":"https:\/\/talkpal.ai\/ga\/#\/schema\/logo\/image\/"},"sameAs":["https:\/\/www.facebook.com\/profile.php?id=100090733639311","https:\/\/x.com\/talkpalai","https:\/\/www.linkedin.com\/company\/talkpal\/","https:\/\/www.youtube.com\/@TalkPal\/","https:\/\/www.tiktok.com\/@talkpal","https:\/\/www.instagram.com\/talkpal_ai\/","https:\/\/www.crunchbase.com\/organization\/talkpal-9cde","https:\/\/www.g2.com\/products\/talkpal-for-business\/","https:\/\/www.trustpilot.com\/review\/talkpal.ai","https:\/\/www.capterra.com\/p\/10006800\/TalkPal\/"],"description":"Talkpal is a language learning web and mobile education app, powered by the latest AI technologies, that provides engaging experiences to its customers in many different languages to help them improve their language skills. Users can chat about unlimited amount of topics with the app and use other modes to practice their language learning.","email":"support@talkpal.ai","legalName":"Talkpal, Inc.","foundingDate":"2023-04-03","duns":"118989042","numberOfEmployees":{"@type":"QuantitativeValue","minValue":"11","maxValue":"50"},"publishingPrinciples":"https:\/\/talkpal.ai\/publishing-principles\/","actionableFeedbackPolicy":"https:\/\/talkpal.ai\/actionable-feedback-policy\/","correctionsPolicy":"https:\/\/talkpal.ai\/corrections-policy\/","ethicsPolicy":"https:\/\/talkpal.ai\/ethics-policy\/","diversityPolicy":"https:\/\/talkpal.ai\/diversity-policy\/","diversityStaffingReport":"https:\/\/talkpal.ai\/diversity-policy\/"}]}},"_links":{"self":[{"href":"https:\/\/talkpal.ai\/ga\/wp-json\/wp\/v2\/pages\/1443996","targetHints":{"allow":["GET"]}}],"collection":[{"href":"https:\/\/talkpal.ai\/ga\/wp-json\/wp\/v2\/pages"}],"about":[{"href":"https:\/\/talkpal.ai\/ga\/wp-json\/wp\/v2\/types\/page"}],"author":[{"embeddable":true,"href":"https:\/\/talkpal.ai\/ga\/wp-json\/wp\/v2\/users\/1"}],"replies":[{"embeddable":true,"href":"https:\/\/talkpal.ai\/ga\/wp-json\/wp\/v2\/comments?post=1443996"}],"version-history":[{"count":0,"href":"https:\/\/talkpal.ai\/ga\/wp-json\/wp\/v2\/pages\/1443996\/revisions"}],"wp:featuredmedia":[{"embeddable":true,"href":"https:\/\/talkpal.ai\/ga\/wp-json\/wp\/v2\/media\/1441660"}],"wp:attachment":[{"href":"https:\/\/talkpal.ai\/ga\/wp-json\/wp\/v2\/media?parent=1443996"}],"curies":[{"name":"wp","href":"https:\/\/api.w.org\/{rel}","templated":true}]}}