{"id":1443990,"date":"2023-05-14T13:50:21","date_gmt":"2023-05-14T13:50:21","guid":{"rendered":"https:\/\/talkpal.ai\/gramadach-na-fionlainne\/"},"modified":"2025-12-11T17:06:51","modified_gmt":"2025-12-11T17:06:51","slug":"gramadach-na-fionlainne","status":"publish","type":"page","link":"https:\/\/talkpal.ai\/ga\/gramadach-na-fionlainne\/","title":{"rendered":"Gramadach na Fionlainne"},"content":{"rendered":"\r\n\r\n\r\n<section class=\"languageChallengeSection\">\r\n    <div class=\"languageInfoWrapper\">\r\n        \r\n        <h1>Gramadach na Fionlainne<\/h1>\r\n        <p>R\u00e9idh le r\u00fain na Fionlainne a fh\u00e1il amach? L\u00e9im isteach i ngramadach na Fionlainne, a bhfuil c\u00e1il air mar gheall ar a strucht\u00far loighci\u00fail, comhchuibheas guta, agus sraith iontach c\u00e1sanna. Tosaigh ag foghlaim inniu &#8211; tabharfaidh m\u00e1istreacht a dh\u00e9anamh ar ghramadach na Fionlainne an mhuin\u00edn duit labhairt agus ceangal a dh\u00e9anamh agus an doras a oscailt do chult\u00far agus do thraidisi\u00fain shaibhir na Fionlainne!<\/p>\r\n\r\n                            <a class=\"getStartedHidden\" href=\"https:\/\/app.talkpal.ai\/signup?lng=\">Tosaigh<\/a>\r\n        \r\n    <\/div>\r\n\r\n    <figure>\r\n    <img decoding=\"async\" width=\"768\" height=\"768\" src=\"https:\/\/talkpal.ai\/wp-content\/uploads\/2023\/06\/Finnish-768x768.png\" class=\"languageImage no-lazy\" alt=\"Develop your language aptitude learning\" fetchpriority=\"high\" sizes=\"(max-width: 768px) 150px, 768px\" srcset=\"https:\/\/talkpal.ai\/wp-content\/uploads\/2023\/06\/Finnish-768x768.png 768w, https:\/\/talkpal.ai\/wp-content\/uploads\/2023\/06\/Finnish-300x300.png 300w\" \/>\r\n    \r\n\r\n    <\/figure>\r\n\r\n            <a class=\"getStartedVisible\" href=\"https:\/\/app.talkpal.ai\/signup?lng=\">Tosaigh<\/a>\r\n    \r\n<\/section>\r\n<section class=\"promotionalBanner\">\r\n    <p class=\"promotionalText\">An bealach is \u00e9ifeachta\u00ed le teanga a fhoghlaim<\/p>\r\n    <a class=\"promotionalLink\" href=\"https:\/\/app.talkpal.ai\/signup?lng=\">Bain triail as Talkpal saor in aisce<\/a>\r\n<\/section>\n<div class=\"wp-block-group pageContainerStyle\"><div class=\"wp-block-group__inner-container is-layout-constrained wp-block-group-is-layout-constrained\">\n<h2 class=\"wp-block-heading\" id=\"h-finnish-grammar-a-guide-to-mastering-the-complexities-of-the-finnish-language\">Gramadach na Fionlainne: Treoir maidir le M\u00e1istreacht a dh\u00e9anamh ar Chastachta\u00ed na Fionlainne<\/h2>\n\n\n\n<p>T\u00e1 c\u00e1il ar an bhFionlainnis, teanga uath\u00fail agus sp\u00e9isi\u00fail a labhra\u00edonn thart ar 5 mhilli\u00fan duine, mar gheall ar a castacht agus a c\u00f3ras gramada\u00ed saini\u00fail. Ar an gc\u00e9ad amharc, d&#8217;fh\u00e9adfadh na rialacha agus na strucht\u00fair i ngramadach na Fionlainne a bheith scanr\u00fail, ach n\u00e1 b\u00edodh eagla ort! Le foighne, cleachtadh agus treoir, is f\u00e9idir leat r\u00fandiamhair ghramada\u00ed na Fionlainne a nochtadh agus do scileanna teanga a fheabhs\u00fa. San alt seo, cuirfimid forbhreathn\u00fa ar ghramadach na Fionlainne ar f\u00e1il agus roinnfimid roinnt leideanna chun do thuras foghlama a dh\u00e9anamh n\u00edos rian\u00fala.<\/p>\n\n\n\n<h3 class=\"wp-block-heading\" id=\"h-the-basics-of-finnish-grammar\">Buneilimint\u00ed gramada\u00ed na Fionlainne:<\/h3>\n\n\n\n<p>T\u00e1 <a href=\"https:\/\/talkpal.ai\/finnish-grammar\/\">gramadach na Fionlainne<\/a>, an-difri\u00fail \u00f3 ghramadach an Bh\u00e9arla, tr\u00e9ithrithe ag \u00fas\u00e1id shaibhir c\u00e1sanna, easpa inscne gramada\u00ed, agus c\u00f3ras uath\u00fail comhchuingithe briathartha. Seo roinnt gn\u00e9ithe riachtanacha de ghramadach na Fionlainne ba ch\u00f3ir duit a bheith eolach orthu:<\/p>\n\n\n\n<p><strong>1. C\u00e1sanna ainmfhocail:<\/strong> T\u00e1 15 c\u00e1s ainmfhocail ag an bhFionlainnis, rud a l\u00e9ir\u00edonn an gaol idir ainmfhocal agus comhph\u00e1irteanna eile d&#8217;abairt. T\u00e1 deireadh ar <a href=\"https:\/\/talkpal.ai\/locations\/language-courses-in-leith\/\">leith<\/a> ag gach c\u00e1s ainmfhocal a fhaigheann ceangal le gas an ainmfhocail. I measc c\u00fapla sampla de ch\u00e1sanna ainmfhocail t\u00e1 nominative, genitive, accusative, agus partitive.<\/p>\n\n\n\n<p><strong>2. Gan inscne ghramadach:<\/strong> Murab ionann agus go leor teangacha, n\u00ed shannann an Fhionlainnis inscne d&#8217;ainmfhocail. Ina \u00e1it sin, \u00fas\u00e1ideann an teanga focal amh\u00e1in \u2013 h\u00e4n \u2013 chun tagairt a dh\u00e9anamh do &#8216;s\u00e9&#8217; agus &#8216;s\u00ed.&#8217; D\u00e9anann an ghn\u00e9 seo an pr\u00f3iseas foghlama Fionlainnise a shimpli\u00fa agus cuireann s\u00e9 deireadh leis an ng\u00e1 le hailt inscne n\u00f3 foirmeacha forainmneacha a ghlanmheabhair.<\/p>\n\n\n\n<p><strong>3. Verb conjugation:<\/strong> D\u00e9antar briathra Fionlainnise a chomhchuingi\u00fa bunaithe ar aimsir, gi\u00famar, agus guth. T\u00e1 ceithre aimsir bhriathar san Fhionlainnis: l\u00e1ithreacht, am at\u00e1 caite, foirfe, agus pluperfect. Ina theannta sin, t\u00e1 c\u00faig ghi\u00famar ag briathra na Fionlainnise: t\u00e1scach, coinn\u00edollach, f\u00e9idearthach, riachtanach, agus eachtrach.<\/p>\n\n\n\n<p><strong>4. Comhchuibheas guta:<\/strong> San Fhionlainnis, roinntear guta\u00ed i dtr\u00ed ghr\u00fapa: tosaigh (\u00e4, \u00f6, y), c\u00fal (a, o, u), agus neodrach (i, e). Mar gheall ar chomhchuibheas guta, de ghn\u00e1th n\u00ed f\u00e9idir le guta\u00ed tosaigh agus c\u00fail a bheith le feice\u00e1il san fhocal c\u00e9anna, ach amh\u00e1in i gc\u00e1s focail chumaisc agus roinnt iasachta\u00ed.<\/p>\n\n\n\n<h3 class=\"wp-block-heading\" id=\"h-strategies-for-learning-finnish-grammar\">Strait\u00e9is\u00ed chun Gramadach na Fionlainne a Fhoghlaim:<\/h3>\n\n\n\n<p>B&#8217;fh\u00e9idir go bhfuil s\u00e9 s\u00e1raitheach <a href=\"https:\/\/talkpal.ai\/finnish-grammar\/\">gramadach na Fionlainne<\/a> a thuiscint, ach leis an meon ceart agus na strait\u00e9is\u00ed foghlama, beidh t\u00fa in ann \u00e9 a fh\u00e1il. Seo roinnt leideanna \u00fas\u00e1ideacha chun do staid\u00e9ar a threor\u00fa:<\/p>\n\n\n\n<p><strong>1. T\u00f3g c\u00e9imeanna leanbh:<\/strong> Tosaigh le buneilimint\u00ed <a href=\"https:\/\/talkpal.ai\/ga\/cleachtai-gramadai-na-hisiltire\/\">gramada\u00ed na<\/a> Fionlainne, mar shampla c\u00e1sanna ainmfhocail agus conjugation briathrach. Tr\u00ed rialacha casta a bhriseadh s\u00edos i bp\u00edosa\u00ed n\u00edos l\u00fa, d\u00edle\u00e1ite, beidh t\u00fa in ann dul chun cinn seasta a dh\u00e9anamh agus bun\u00fas l\u00e1idir a th\u00f3g\u00e1il.<\/p>\n\n\n\n<p><strong>2. Cleachtadh go rialta:<\/strong> T\u00e1 comhsheasmhacht r\u00edth\u00e1bhachtach nuair a bh\u00edonn teanga \u00e1 fhoghlaim. Leithdh\u00e1ileadh am gach l\u00e1 n\u00f3 seachtain chun <a href=\"https:\/\/talkpal.ai\/grammar\/\">gramadach<\/a> a chleachtadh tr\u00ed chleachta\u00ed, l\u00e9itheoireacht agus scr\u00edbhneoireacht i bhFionlainnis.<\/p>\n\n\n\n<p><strong>3. \u00das\u00e1id acmhainn\u00ed d\u00fachasacha:<\/strong> Chun tuiscint n\u00edos fearr a fh\u00e1il ar ghramadach na Fionlainne i gcomhth\u00e9acs, tumadh t\u00fa f\u00e9in in \u00e1bhair dh\u00fachasacha, mar shampla litr\u00edocht, ailt nuachta, agus podchraolta\u00ed. Cabhr\u00f3idh s\u00e9 seo leat na rialacha a inmhe\u00e1n\u00fa agus do scileanna \u00e9isteachta agus l\u00e9itheoireachta a fheabhs\u00fa.<\/p>\n\n\n\n<p><strong>4. Ceangail le cainteoir\u00ed d\u00fachais:<\/strong> Is bealach iontach \u00e9 comhr\u00e1 a dh\u00e9anamh le cainteoir\u00ed d\u00fachais na Fionlainne chun <a href=\"https:\/\/talkpal.ai\/grammar\/\">gramadach<\/a> a chleachtadh agus <a href=\"https:\/\/talkpal.ai\/contact\/\">aiseolas<\/a> luachmhar a fh\u00e1il. Smaoinigh ar bheith p\u00e1irteach i ngr\u00fapa\u00ed malartaithe teanga n\u00f3 f\u00f3raim ar l\u00edne inar f\u00e9idir leat teagmh\u00e1il a dh\u00e9anamh le daoine a labhra\u00edonn Fionlainnis.<\/p>\n\n\n\n<p><strong>5. B\u00ed foighneach agus seasmhach:<\/strong> Is turas d\u00fashl\u00e1nach \u00e9 gramadach na Fionlainne a fhoghlaim, ach le foighne agus d\u00fathracht, d\u00edghlas\u00e1lfaidh t\u00fa a castachta\u00ed agus \u00e9ireoidh t\u00fa inni\u00fail sa teanga.<\/p>\n\n\n\n<h3 class=\"wp-block-heading\" id=\"h-conclusion\">Concl\u00faid:<\/h3>\n\n\n\n<p>T\u00e1 domhan gramada\u00ed na Fionlainne, c\u00e9 go bhfuil s\u00e9 casta, suimi\u00fail agus is f\u00e9idir \u00e9 a nochtadh tr\u00ed chinneadh agus cleachtas. Tr\u00ed eolas a chur ar chro\u00edghn\u00e9ithe gramadach na Fionlainne agus \u00e1r strait\u00e9is\u00ed foghlama a lean\u00faint, r\u00e9iteoidh t\u00fa an bealach i dtreo l\u00edofacht agus tuiscint n\u00edos doimhne ar an teanga mhealltach seo. Mar sin, tumadh isteach i ncastachta\u00ed gramada\u00ed na Fionlainne le meon dearfach, agus sula dtuigeann t\u00fa \u00e9, beidh t\u00fa ag nasclean\u00faint go muin\u00edneach ar th\u00edrdhreach teangeola\u00edoch Suomi!<\/p>\n<\/div><\/div>\n\r\n<section class=\"learnNavigationSection\">\r\n            \r\n        <a href=\"https:\/\/talkpal.ai\/ga\/foghlaim-fionlainnis\/\">\r\n            <div class=\"learnNavigationWrapper\">\r\n                <div class=\"learnNavigationContent\">\r\n                    <img decoding=\"async\" src=\"https:\/\/talkpal.ai\/wp-content\/uploads\/2024\/08\/Finnish.jpg\" alt=\"Finnish Flag\">\r\n                    <div>\r\n                        <h4>Maidir le Foghlaim na Fionlainne<\/h4>\r\n                        <p>Faigh amach gach rud faoi ghramadach na Fionlainne.<\/p>\r\n                    <\/div>\r\n                <\/div>\r\n            <\/div>\r\n        <\/a>\r\n\r\n        \r\n        <a href=\"https:\/\/talkpal.ai\/ga\/cleachtai-gramadai-na-fionlainnise\/\">\r\n            <div class=\"learnNavigationWrapper\">\r\n                <div class=\"learnNavigationContent\">\r\n                    <img decoding=\"async\" src=\"https:\/\/talkpal.ai\/wp-content\/uploads\/2024\/08\/Finnish.jpg\" alt=\"Finnish Flag\">\r\n                    <div>\r\n                        <h4>Cleachtadh Gramada\u00ed na Fionlainne<\/h4>\r\n                        <p>Cleachtadh gramadach na Fionlainne.<\/p>\r\n                    <\/div>\r\n                <\/div>\r\n            <\/div>\r\n        <\/a>\r\n\r\n        \r\n        <a href=\"https:\/\/talkpal.ai\/vocabulary_language\/finnish\/\">\r\n            <div class=\"learnNavigationWrapper\">\r\n                <div class=\"learnNavigationContent\">\r\n                    <img decoding=\"async\" src=\"https:\/\/talkpal.ai\/wp-content\/uploads\/2024\/08\/Finnish.jpg\" alt=\"Finnish Flag\">\r\n                    <div>\r\n                        <h4>St\u00f3r focal na Fionlainne<\/h4>\r\n                        <p>Leathnaigh do st\u00f3r focal Fionlainnise.<\/p>\r\n                    <\/div>\r\n                <\/div>\r\n            <\/div>\r\n        <\/a>\r\n\r\n            <\/section>","protected":false},"excerpt":{"rendered":"<p>Gramadach na Fionlainne: Treoir maidir le M\u00e1istreacht a dh\u00e9anamh ar Chastachta\u00ed na Fionlainne T\u00e1 c\u00e1il ar an bhFionlainnis, teanga uath\u00fail agus sp\u00e9isi\u00fail a labhra\u00edonn thart ar 5 mhilli\u00fan duine, mar gheall ar a castacht agus a c\u00f3ras gramada\u00ed saini\u00fail. Ar an gc\u00e9ad amharc, d&#8217;fh\u00e9adfadh na rialacha agus na strucht\u00fair i ngramadach na Fionlainne a bheith [&hellip;]<\/p>\n","protected":false},"author":1,"featured_media":1441636,"parent":0,"menu_order":0,"comment_status":"closed","ping_status":"closed","template":"LearningContentPage.php","meta":{"_acf_changed":false,"footnotes":""},"class_list":["post-1443990","page","type-page","status-publish","has-post-thumbnail","hentry"],"acf":[],"yoast_head":"<!-- This site is optimized with the Yoast SEO Premium plugin v27.2 (Yoast SEO v27.2) - https:\/\/yoast.com\/product\/yoast-seo-premium-wordpress\/ -->\n<title>Gramadach na Fionlainne - Talkpal<\/title>\n<meta name=\"description\" content=\"Foghlaim gn\u00e9ithe riachtanacha de ghramadach na Fionlainne, lena n-\u00e1ir\u00edtear c\u00e1sanna, briathra, strucht\u00far abairte, agus leideanna fuaimni\u00fa chun m\u00e1istreacht a dh\u00e9anamh ar an teanga Fionlainnis.\" \/>\n<meta name=\"robots\" content=\"index, follow, max-snippet:-1, max-image-preview:large, max-video-preview:-1\" \/>\n<link rel=\"canonical\" href=\"https:\/\/talkpal.ai\/ga\/gramadach-na-fionlainne\/\" \/>\n<meta property=\"og:locale\" content=\"ga_IE\" \/>\n<meta property=\"og:type\" content=\"article\" \/>\n<meta property=\"og:title\" content=\"Gramadach na Fionlainne\" \/>\n<meta property=\"og:description\" content=\"Gramadach na Fionlainne: Treoir maidir le M\u00e1istreacht a dh\u00e9anamh ar Chastachta\u00ed na Fionlainne T\u00e1 c\u00e1il ar an bhFionlainnis, teanga uath\u00fail agus sp\u00e9isi\u00fail a\" \/>\n<meta property=\"og:url\" content=\"https:\/\/talkpal.ai\/ga\/gramadach-na-fionlainne\/\" \/>\n<meta property=\"og:site_name\" content=\"Talkpal\" \/>\n<meta property=\"article:publisher\" content=\"https:\/\/www.facebook.com\/profile.php?id=100090733639311\" \/>\n<meta property=\"article:modified_time\" content=\"2025-12-11T17:06:51+00:00\" \/>\n<meta property=\"og:image\" content=\"https:\/\/talkpal.ai\/wp-content\/uploads\/2023\/04\/finland.png\" \/>\n\t<meta property=\"og:image:width\" content=\"512\" \/>\n\t<meta property=\"og:image:height\" content=\"512\" \/>\n\t<meta property=\"og:image:type\" content=\"image\/png\" \/>\n<meta name=\"twitter:card\" content=\"summary_large_image\" \/>\n<meta name=\"twitter:site\" content=\"@talkpalai\" \/>\n<meta name=\"twitter:label1\" content=\"Est. reading time\" \/>\n\t<meta name=\"twitter:data1\" content=\"4 minutes\" \/>\n<script type=\"application\/ld+json\" class=\"yoast-schema-graph\">{\"@context\":\"https:\/\/schema.org\",\"@graph\":[{\"@type\":\"WebPage\",\"@id\":\"https:\/\/talkpal.ai\/ga\/gramadach-na-fionlainne\/\",\"url\":\"https:\/\/talkpal.ai\/ga\/gramadach-na-fionlainne\/\",\"name\":\"Gramadach na Fionlainne - Talkpal\",\"isPartOf\":{\"@id\":\"https:\/\/talkpal.ai\/ga\/#website\"},\"primaryImageOfPage\":{\"@id\":\"https:\/\/talkpal.ai\/ga\/gramadach-na-fionlainne\/#primaryimage\"},\"image\":{\"@id\":\"https:\/\/talkpal.ai\/ga\/gramadach-na-fionlainne\/#primaryimage\"},\"thumbnailUrl\":\"https:\/\/talkpal.ai\/wp-content\/uploads\/2023\/04\/finland.png\",\"datePublished\":\"2023-05-14T13:50:21+00:00\",\"dateModified\":\"2025-12-11T17:06:51+00:00\",\"description\":\"Foghlaim gn\u00e9ithe riachtanacha de ghramadach na Fionlainne, lena n-\u00e1ir\u00edtear c\u00e1sanna, briathra, strucht\u00far abairte, agus leideanna fuaimni\u00fa chun m\u00e1istreacht a dh\u00e9anamh ar an teanga Fionlainnis.\",\"breadcrumb\":{\"@id\":\"https:\/\/talkpal.ai\/ga\/gramadach-na-fionlainne\/#breadcrumb\"},\"inLanguage\":\"ga-IE\",\"potentialAction\":[{\"@type\":\"ReadAction\",\"target\":[\"https:\/\/talkpal.ai\/ga\/gramadach-na-fionlainne\/\"]}]},{\"@type\":\"ImageObject\",\"inLanguage\":\"ga-IE\",\"@id\":\"https:\/\/talkpal.ai\/ga\/gramadach-na-fionlainne\/#primaryimage\",\"url\":\"https:\/\/talkpal.ai\/wp-content\/uploads\/2023\/04\/finland.png\",\"contentUrl\":\"https:\/\/talkpal.ai\/wp-content\/uploads\/2023\/04\/finland.png\",\"width\":512,\"height\":512,\"caption\":\"TalkPal Catalan Flag\"},{\"@type\":\"BreadcrumbList\",\"@id\":\"https:\/\/talkpal.ai\/ga\/gramadach-na-fionlainne\/#breadcrumb\",\"itemListElement\":[{\"@type\":\"ListItem\",\"position\":1,\"name\":\"Homepage\",\"item\":\"https:\/\/talkpal.ai\/ga\/\"},{\"@type\":\"ListItem\",\"position\":2,\"name\":\"Gramadach na Fionlainne\"}]},{\"@type\":\"WebSite\",\"@id\":\"https:\/\/talkpal.ai\/ga\/#website\",\"url\":\"https:\/\/talkpal.ai\/ga\/\",\"name\":\"Talkpal\",\"description\":\"AI Language Learning\",\"publisher\":{\"@id\":\"https:\/\/talkpal.ai\/ga\/#organization\"},\"alternateName\":\"Talkpal AI\",\"potentialAction\":[{\"@type\":\"SearchAction\",\"target\":{\"@type\":\"EntryPoint\",\"urlTemplate\":\"https:\/\/talkpal.ai\/ga\/?s={search_term_string}\"},\"query-input\":{\"@type\":\"PropertyValueSpecification\",\"valueRequired\":true,\"valueName\":\"search_term_string\"}}],\"inLanguage\":\"ga-IE\"},{\"@type\":\"Organization\",\"@id\":\"https:\/\/talkpal.ai\/ga\/#organization\",\"name\":\"Talkpal, Inc.\",\"alternateName\":\"Talkpal AI\",\"url\":\"https:\/\/talkpal.ai\/ga\/\",\"logo\":{\"@type\":\"ImageObject\",\"inLanguage\":\"ga-IE\",\"@id\":\"https:\/\/talkpal.ai\/ga\/#\/schema\/logo\/image\/\",\"url\":\"https:\/\/talkpal.ai\/wp-content\/uploads\/2024\/03\/Talkpal-Logo-Icon.png\",\"contentUrl\":\"https:\/\/talkpal.ai\/wp-content\/uploads\/2024\/03\/Talkpal-Logo-Icon.png\",\"width\":2880,\"height\":2880,\"caption\":\"Talkpal, Inc.\"},\"image\":{\"@id\":\"https:\/\/talkpal.ai\/ga\/#\/schema\/logo\/image\/\"},\"sameAs\":[\"https:\/\/www.facebook.com\/profile.php?id=100090733639311\",\"https:\/\/x.com\/talkpalai\",\"https:\/\/www.linkedin.com\/company\/talkpal\/\",\"https:\/\/www.youtube.com\/@TalkPal\/\",\"https:\/\/www.tiktok.com\/@talkpal\",\"https:\/\/www.instagram.com\/talkpal_ai\/\",\"https:\/\/www.crunchbase.com\/organization\/talkpal-9cde\",\"https:\/\/www.g2.com\/products\/talkpal-for-business\/\",\"https:\/\/www.trustpilot.com\/review\/talkpal.ai\",\"https:\/\/www.capterra.com\/p\/10006800\/TalkPal\/\"],\"description\":\"Talkpal is a language learning web and mobile education app, powered by the latest AI technologies, that provides engaging experiences to its customers in many different languages to help them improve their language skills. Users can chat about unlimited amount of topics with the app and use other modes to practice their language learning.\",\"email\":\"support@talkpal.ai\",\"legalName\":\"Talkpal, Inc.\",\"foundingDate\":\"2023-04-03\",\"duns\":\"118989042\",\"numberOfEmployees\":{\"@type\":\"QuantitativeValue\",\"minValue\":\"11\",\"maxValue\":\"50\"},\"publishingPrinciples\":\"https:\/\/talkpal.ai\/publishing-principles\/\",\"actionableFeedbackPolicy\":\"https:\/\/talkpal.ai\/actionable-feedback-policy\/\",\"correctionsPolicy\":\"https:\/\/talkpal.ai\/corrections-policy\/\",\"ethicsPolicy\":\"https:\/\/talkpal.ai\/ethics-policy\/\",\"diversityPolicy\":\"https:\/\/talkpal.ai\/diversity-policy\/\",\"diversityStaffingReport\":\"https:\/\/talkpal.ai\/diversity-policy\/\"}]}<\/script>\n<!-- \/ Yoast SEO Premium plugin. -->","yoast_head_json":{"title":"Gramadach na Fionlainne - Talkpal","description":"Foghlaim gn\u00e9ithe riachtanacha de ghramadach na Fionlainne, lena n-\u00e1ir\u00edtear c\u00e1sanna, briathra, strucht\u00far abairte, agus leideanna fuaimni\u00fa chun m\u00e1istreacht a dh\u00e9anamh ar an teanga Fionlainnis.","robots":{"index":"index","follow":"follow","max-snippet":"max-snippet:-1","max-image-preview":"max-image-preview:large","max-video-preview":"max-video-preview:-1"},"canonical":"https:\/\/talkpal.ai\/ga\/gramadach-na-fionlainne\/","og_locale":"ga_IE","og_type":"article","og_title":"Gramadach na Fionlainne","og_description":"Gramadach na Fionlainne: Treoir maidir le M\u00e1istreacht a dh\u00e9anamh ar Chastachta\u00ed na Fionlainne T\u00e1 c\u00e1il ar an bhFionlainnis, teanga uath\u00fail agus sp\u00e9isi\u00fail a","og_url":"https:\/\/talkpal.ai\/ga\/gramadach-na-fionlainne\/","og_site_name":"Talkpal","article_publisher":"https:\/\/www.facebook.com\/profile.php?id=100090733639311","article_modified_time":"2025-12-11T17:06:51+00:00","og_image":[{"width":512,"height":512,"url":"https:\/\/talkpal.ai\/wp-content\/uploads\/2023\/04\/finland.png","type":"image\/png"}],"twitter_card":"summary_large_image","twitter_site":"@talkpalai","twitter_misc":{"Est. reading time":"4 minutes"},"schema":{"@context":"https:\/\/schema.org","@graph":[{"@type":"WebPage","@id":"https:\/\/talkpal.ai\/ga\/gramadach-na-fionlainne\/","url":"https:\/\/talkpal.ai\/ga\/gramadach-na-fionlainne\/","name":"Gramadach na Fionlainne - Talkpal","isPartOf":{"@id":"https:\/\/talkpal.ai\/ga\/#website"},"primaryImageOfPage":{"@id":"https:\/\/talkpal.ai\/ga\/gramadach-na-fionlainne\/#primaryimage"},"image":{"@id":"https:\/\/talkpal.ai\/ga\/gramadach-na-fionlainne\/#primaryimage"},"thumbnailUrl":"https:\/\/talkpal.ai\/wp-content\/uploads\/2023\/04\/finland.png","datePublished":"2023-05-14T13:50:21+00:00","dateModified":"2025-12-11T17:06:51+00:00","description":"Foghlaim gn\u00e9ithe riachtanacha de ghramadach na Fionlainne, lena n-\u00e1ir\u00edtear c\u00e1sanna, briathra, strucht\u00far abairte, agus leideanna fuaimni\u00fa chun m\u00e1istreacht a dh\u00e9anamh ar an teanga Fionlainnis.","breadcrumb":{"@id":"https:\/\/talkpal.ai\/ga\/gramadach-na-fionlainne\/#breadcrumb"},"inLanguage":"ga-IE","potentialAction":[{"@type":"ReadAction","target":["https:\/\/talkpal.ai\/ga\/gramadach-na-fionlainne\/"]}]},{"@type":"ImageObject","inLanguage":"ga-IE","@id":"https:\/\/talkpal.ai\/ga\/gramadach-na-fionlainne\/#primaryimage","url":"https:\/\/talkpal.ai\/wp-content\/uploads\/2023\/04\/finland.png","contentUrl":"https:\/\/talkpal.ai\/wp-content\/uploads\/2023\/04\/finland.png","width":512,"height":512,"caption":"TalkPal Catalan Flag"},{"@type":"BreadcrumbList","@id":"https:\/\/talkpal.ai\/ga\/gramadach-na-fionlainne\/#breadcrumb","itemListElement":[{"@type":"ListItem","position":1,"name":"Homepage","item":"https:\/\/talkpal.ai\/ga\/"},{"@type":"ListItem","position":2,"name":"Gramadach na Fionlainne"}]},{"@type":"WebSite","@id":"https:\/\/talkpal.ai\/ga\/#website","url":"https:\/\/talkpal.ai\/ga\/","name":"Talkpal","description":"AI Language Learning","publisher":{"@id":"https:\/\/talkpal.ai\/ga\/#organization"},"alternateName":"Talkpal AI","potentialAction":[{"@type":"SearchAction","target":{"@type":"EntryPoint","urlTemplate":"https:\/\/talkpal.ai\/ga\/?s={search_term_string}"},"query-input":{"@type":"PropertyValueSpecification","valueRequired":true,"valueName":"search_term_string"}}],"inLanguage":"ga-IE"},{"@type":"Organization","@id":"https:\/\/talkpal.ai\/ga\/#organization","name":"Talkpal, Inc.","alternateName":"Talkpal AI","url":"https:\/\/talkpal.ai\/ga\/","logo":{"@type":"ImageObject","inLanguage":"ga-IE","@id":"https:\/\/talkpal.ai\/ga\/#\/schema\/logo\/image\/","url":"https:\/\/talkpal.ai\/wp-content\/uploads\/2024\/03\/Talkpal-Logo-Icon.png","contentUrl":"https:\/\/talkpal.ai\/wp-content\/uploads\/2024\/03\/Talkpal-Logo-Icon.png","width":2880,"height":2880,"caption":"Talkpal, Inc."},"image":{"@id":"https:\/\/talkpal.ai\/ga\/#\/schema\/logo\/image\/"},"sameAs":["https:\/\/www.facebook.com\/profile.php?id=100090733639311","https:\/\/x.com\/talkpalai","https:\/\/www.linkedin.com\/company\/talkpal\/","https:\/\/www.youtube.com\/@TalkPal\/","https:\/\/www.tiktok.com\/@talkpal","https:\/\/www.instagram.com\/talkpal_ai\/","https:\/\/www.crunchbase.com\/organization\/talkpal-9cde","https:\/\/www.g2.com\/products\/talkpal-for-business\/","https:\/\/www.trustpilot.com\/review\/talkpal.ai","https:\/\/www.capterra.com\/p\/10006800\/TalkPal\/"],"description":"Talkpal is a language learning web and mobile education app, powered by the latest AI technologies, that provides engaging experiences to its customers in many different languages to help them improve their language skills. Users can chat about unlimited amount of topics with the app and use other modes to practice their language learning.","email":"support@talkpal.ai","legalName":"Talkpal, Inc.","foundingDate":"2023-04-03","duns":"118989042","numberOfEmployees":{"@type":"QuantitativeValue","minValue":"11","maxValue":"50"},"publishingPrinciples":"https:\/\/talkpal.ai\/publishing-principles\/","actionableFeedbackPolicy":"https:\/\/talkpal.ai\/actionable-feedback-policy\/","correctionsPolicy":"https:\/\/talkpal.ai\/corrections-policy\/","ethicsPolicy":"https:\/\/talkpal.ai\/ethics-policy\/","diversityPolicy":"https:\/\/talkpal.ai\/diversity-policy\/","diversityStaffingReport":"https:\/\/talkpal.ai\/diversity-policy\/"}]}},"_links":{"self":[{"href":"https:\/\/talkpal.ai\/ga\/wp-json\/wp\/v2\/pages\/1443990","targetHints":{"allow":["GET"]}}],"collection":[{"href":"https:\/\/talkpal.ai\/ga\/wp-json\/wp\/v2\/pages"}],"about":[{"href":"https:\/\/talkpal.ai\/ga\/wp-json\/wp\/v2\/types\/page"}],"author":[{"embeddable":true,"href":"https:\/\/talkpal.ai\/ga\/wp-json\/wp\/v2\/users\/1"}],"replies":[{"embeddable":true,"href":"https:\/\/talkpal.ai\/ga\/wp-json\/wp\/v2\/comments?post=1443990"}],"version-history":[{"count":0,"href":"https:\/\/talkpal.ai\/ga\/wp-json\/wp\/v2\/pages\/1443990\/revisions"}],"wp:featuredmedia":[{"embeddable":true,"href":"https:\/\/talkpal.ai\/ga\/wp-json\/wp\/v2\/media\/1441636"}],"wp:attachment":[{"href":"https:\/\/talkpal.ai\/ga\/wp-json\/wp\/v2\/media?parent=1443990"}],"curies":[{"name":"wp","href":"https:\/\/api.w.org\/{rel}","templated":true}]}}