{"id":1443989,"date":"2023-05-14T13:43:38","date_gmt":"2023-05-14T13:43:38","guid":{"rendered":"https:\/\/talkpal.ai\/gramadach-arabach\/"},"modified":"2026-05-10T00:53:16","modified_gmt":"2026-05-10T00:53:16","slug":"gramadach-arabach","status":"publish","type":"page","link":"https:\/\/talkpal.ai\/ga\/gramadach-arabach\/","title":{"rendered":"Gramadach Arabach"},"content":{"rendered":"\r\n\r\n\r\n<section class=\"languageChallengeSection\">\r\n    <div class=\"languageInfoWrapper\">\r\n        \r\n        <h1>Gramadach Arabach<\/h1>\r\n        <p>Feabhas a <a href=\"https:\/\/talkpal.ai\/locations\/language-courses-in-chur\/\">chur<\/a> ar do scileanna Araibis tr\u00ed choincheapa gramada\u00ed riachtanacha agus m\u00ednithe soil\u00e9ire, c\u00e9im ar ch\u00e9im a ini\u00fachadh. Tosaigh ag m\u00e1istreacht <a href=\"https:\/\/talkpal.ai\/grammar\/\">gramadach<\/a> na hAraibis anois agus d\u00e9an cumars\u00e1id le l\u00edofacht agus muin\u00edn n\u00edos m\u00f3!<\/p>\r\n\r\n                            <a class=\"getStartedHidden\" href=\"https:\/\/app.talkpal.ai\/signup?lng=\">Tosaigh<\/a>\r\n        \r\n    <\/div>\r\n\r\n    <figure>\r\n    <img decoding=\"async\" width=\"768\" height=\"768\" src=\"https:\/\/talkpal.ai\/wp-content\/uploads\/2026\/05\/learn-arabic-1-768x768.webp\" class=\"languageImage no-lazy\" alt=\"A majestic white mosque reflecting in a serene pool, framed by palm trees, with a United Arab Emirates flag icon.\" fetchpriority=\"high\" sizes=\"(max-width: 768px) 150px, 768px\" srcset=\"https:\/\/talkpal.ai\/wp-content\/uploads\/2026\/05\/learn-arabic-1-768x768.webp 768w, https:\/\/talkpal.ai\/wp-content\/uploads\/2026\/05\/learn-arabic-1-300x300.webp 300w\" \/>\r\n    \r\n\r\n    <\/figure>\r\n\r\n            <a class=\"getStartedVisible\" href=\"https:\/\/app.talkpal.ai\/signup?lng=\">Tosaigh<\/a>\r\n    \r\n<\/section>\r\n<section class=\"promotionalBanner\">\r\n    <p class=\"promotionalText\">An bealach is \u00e9ifeachta\u00ed le teanga a fhoghlaim<\/p>\r\n    <a class=\"promotionalLink\" href=\"https:\/\/app.talkpal.ai\/signup?lng=\">Bain triail as Talkpal saor in aisce<\/a>\r\n<\/section>\n<div class=\"wp-block-group pageContainerStyle\"><div class=\"wp-block-group__inner-container is-layout-constrained wp-block-group-is-layout-constrained\">\n<h2 class=\"wp-block-heading\" id=\"h-the-intricacies-of-arabic-grammar-a-journey-through-its-roots-and-beauty\">The Intricacies of Arabic Grammar: A Journey Through Its Roots and Beauty<\/h2>\n\n\n\n<p><strong>An cuimhin leat nuair a thosaigh t\u00fa ag foghlaim gramada\u00ed an Bh\u00e9arla?<\/strong>  D&#8217;fh\u00e9adfadh na rialacha, na heisceachta\u00ed agus na t\u00e9arma\u00edochta a bheith gan deireadh a d&#8217;fh\u00e1g t\u00fa ag moth\u00fa s\u00e1raithe uaireanta. M\u00e1 t\u00e1 t\u00fa ag smaoineamh ar an teanga Araibis a fhoghlaim, b\u00ed cinnte go bhfuil c\u00f3ras gramada\u00ed uath\u00fail agus casta aici freisin. Mar sin, d\u00e9anaimis turas gairid ach soilsithe tr\u00ed fhr\u00e9amhacha agus \u00e1illeacht na gramada\u00ed Araibis.<\/p>\n\n\n\n<p>Ar dt\u00fas, d\u00e9anaimis roinnt <strong>difr\u00edochta\u00ed t\u00e1bhachtacha idir gramadach na hAraibe agus an Bh\u00e9arla a bhun\u00fa.<\/strong> San Araibis, roinntear focail i dtr\u00ed chatag\u00f3ir: ainmfhocail, briathra agus c\u00e1ithn\u00edn\u00ed. Murab ionann agus an <a href=\"https:\/\/talkpal.ai\/learn-english-with-ai\/\">B\u00e9arla<\/a>, leanann focail Araibis c\u00f3ras fr\u00e9imhe, rud a chialla\u00edonn gur f\u00e9idir leat cro\u00edbhr\u00ed focal a rian\u00fa tr\u00edna fhr\u00e9amh a aithint. Tugann an c\u00f3ras fr\u00e9imhe seo leibh\u00e9al eisceacht\u00fail doimhneacht agus saibhreas don Araibis. Rud dochreidte faoi ghramadach na hAraibe is ea a sple\u00e1chas ar phatr\u00fain, rud a ligeann do chainteoir\u00ed go minic focail <a href=\"https:\/\/talkpal.ai\/talkpal-new-years-discount\/\">nua<\/a> a chruth\u00fa tr\u00ed strucht\u00fair \u00e1irithe a lean\u00faint.<\/p>\n\n\n\n<p>Gn\u00e9 th\u00e1bhachtach eile de <strong>ghramadach na hAraibe is ea gur teanga inscne \u00ed<\/strong>, rud a chialla\u00edonn go bhfuil foirmeacha inscne ag ainmfhocail agus aidiachta\u00ed. An raibh a fhios agat go bhfuil dh\u00e1 fhoirm ag an Araibis fi\u00fa chomh maith leis na foirmeacha uatha agus iolra? Is f\u00edor \u00e9! \u00das\u00e1idtear an fhoirm d\u00e9 Araibis chun p\u00e9ir\u00ed a l\u00e9iri\u00fa, mar shampla s\u00faile, l\u00e1mha, n\u00f3 tuismitheoir\u00ed. Cuireann s\u00e9 sraith bhreise saini\u00falachta leis nach bhfuil sa Bh\u00e9arla.<\/p>\n\n\n\n<p>Anois d\u00e9anaimis pl\u00e9 <strong>ar chomhchuingi\u00fa briathar san Araibis<\/strong>, ar domhan ioml\u00e1n nua \u00e9 f\u00e9in. T\u00e1 briathra Araibis bunaithe ar ch\u00f3ras fr\u00e9amhacha, a bh\u00edonn comhdh\u00e9anta de thr\u00ed chro\u00ed-chonsan de ghn\u00e1th. Cinneann an fhr\u00e9amh br\u00ed bhun\u00fasach an bhriathartha, agus tr\u00ed phatr\u00fain guta a chur leis, crutha\u00edonn t\u00fa foirmeacha \u00e9ags\u00fala den bhriathar a l\u00e9ir\u00edonn br\u00edonna agus aimsir \u00e9ags\u00fala. Mar shampla, d&#8217;fh\u00e9adfadh athr\u00fa na nguta\u00ed i bhfr\u00e9amh an aimsir a athr\u00fa \u00f3n am at\u00e1 thart go dt\u00ed an l\u00e1 at\u00e1 inniu ann, n\u00f3 briathar gn\u00edomhach a iomp\u00fa ina bhriathar \u00e9ighn\u00edomhach. Go hiontach go leor, ceart?<\/p>\n\n\n\n<p>Gn\u00e9 sp\u00e9isi\u00fail eile de ghramadach na hAraibe a gcaithfimid labhairt faoi n\u00e1 <strong>cinnteacht<\/strong>. I mB\u00e9arla, \u00fas\u00e1idimid an focal &#8220;the&#8221; chun a chur in i\u00fal go bhfuil ainmfhocal cinnte. In Araibis, t\u00e1 an coincheap seo leabaithe sa teanga tr\u00ed ch\u00e1ithn\u00edn beag darb ainm &#8220;Al-&#8221; a chuirtear le t\u00fas focal. Nuair a bh\u00edonn &#8220;Al-&#8221; roimh ainmfhocal, \u00e9ir\u00edonn s\u00e9 cinnte gan aon ch\u00e1ilitheoir\u00ed breise. Mar sin, in ionad a r\u00e1 &#8220;t\u00e1 an teach m\u00f3r&#8221; in Araibis, d\u00e9arf\u00e1 &#8220;Al-baytu kabir,&#8221; \u00e1it a gcialla\u00edonn &#8220;Al-baytu&#8221; &#8220;an teach.&#8221;<\/p>\n\n\n\n<p><strong>T\u00e1 an Araibis comhr\u00e1<\/strong> n\u00edos dinimici\u00fala agus n\u00edos sreabhach n\u00e1 an Araibis fhoirmi\u00fail, mar at\u00e1 i gc\u00e1s aon teanga. Mar sin f\u00e9in, t\u00e1 m\u00e1istreacht ar bhunphrionsabail na gramada\u00ed Araibis f\u00f3s riachtanach chun an teanga a thuiscint agus a thuiscint go f\u00edrinneach. Chomh luath agus a gheobhaidh t\u00fa crochadh na bpatr\u00fain fr\u00e9amhacha, na foirmeacha inscne, agus na comhchuingeacha briathar, beidh s\u00e9 i bhfad n\u00edos \u00e9asca focail nua a aithint agus a fhoghlaim.<\/p>\n\n\n\n<p>B&#8217;fh\u00e9idir go bhfuil s\u00e9 scanr\u00fail <strong>gramadach Araibis a fhoghlaim<\/strong> ar dt\u00fas, ach le buanseasmhacht agus d\u00fathracht, beidh t\u00fa in ann \u00e1illeacht na teanga chasta seo a thuiscint. D\u00edreach cos\u00fail le bhfreagra casta a r\u00e9iteach n\u00f3 c\u00f3d criptithe a dh\u00edchripti\u00fa, is \u00e9 an luach saothair n\u00e1 an s\u00e1samh a bhaineann le r\u00fandiamhair na teanga Araibis a dh\u00edghlas\u00e1il agus t\u00fa f\u00e9in a thumadh ina cult\u00far, stair agus litr\u00edocht shaibhir. Mar sin, cad at\u00e1 t\u00fa ag fanacht? L\u00e9im isteach i ndomhan enchanting na gramada\u00ed Araibis agus faigh amach a chro\u00edl\u00e1r f\u00edor duit f\u00e9in.<\/p>\n<\/div><\/div>\n\r\n<section class=\"learnNavigationSection\">\r\n            \r\n        <a href=\"https:\/\/talkpal.ai\/ga\/foghlaim-araibis\/\">\r\n            <div class=\"learnNavigationWrapper\">\r\n                <div class=\"learnNavigationContent\">\r\n                    <img decoding=\"async\" src=\"https:\/\/talkpal.ai\/wp-content\/uploads\/2024\/08\/Arabic.jpg\" alt=\"Arabic Flag\">\r\n                    <div>\r\n                        <h4>Maidir le Foghlaim Araibis<\/h4>\r\n                        <p>Faigh amach gach rud faoi ghramadach na hAraibise.<\/p>\r\n                    <\/div>\r\n                <\/div>\r\n            <\/div>\r\n        <\/a>\r\n\r\n        \r\n        <a href=\"https:\/\/talkpal.ai\/ga\/cleachtai-gramadai-araibise\/\">\r\n            <div class=\"learnNavigationWrapper\">\r\n                <div class=\"learnNavigationContent\">\r\n                    <img decoding=\"async\" src=\"https:\/\/talkpal.ai\/wp-content\/uploads\/2024\/08\/Arabic.jpg\" alt=\"Arabic Flag\">\r\n                    <div>\r\n                        <h4>Cleachtadh Gramada\u00ed Araibis<\/h4>\r\n                        <p>Cleachtadh gramadach Araibis.<\/p>\r\n                    <\/div>\r\n                <\/div>\r\n            <\/div>\r\n        <\/a>\r\n\r\n        \r\n        <a href=\"https:\/\/talkpal.ai\/vocabulary_language\/arabic\/\">\r\n            <div class=\"learnNavigationWrapper\">\r\n                <div class=\"learnNavigationContent\">\r\n                    <img decoding=\"async\" src=\"https:\/\/talkpal.ai\/wp-content\/uploads\/2024\/08\/Arabic.jpg\" alt=\"Arabic Flag\">\r\n                    <div>\r\n                        <h4>St\u00f3r focal Araibis<\/h4>\r\n                        <p>Leathnaigh do st\u00f3r focal Araibis.<\/p>\r\n                    <\/div>\r\n                <\/div>\r\n            <\/div>\r\n        <\/a>\r\n\r\n            <\/section>","protected":false},"excerpt":{"rendered":"<p>The Intricacies of Arabic Grammar: A Journey Through Its Roots and Beauty An cuimhin leat nuair a thosaigh t\u00fa ag foghlaim gramada\u00ed an Bh\u00e9arla? D&#8217;fh\u00e9adfadh na rialacha, na heisceachta\u00ed agus na t\u00e9arma\u00edochta a bheith gan deireadh a d&#8217;fh\u00e1g t\u00fa ag moth\u00fa s\u00e1raithe uaireanta. M\u00e1 t\u00e1 t\u00fa ag smaoineamh ar an teanga Araibis a fhoghlaim, b\u00ed [&hellip;]<\/p>\n","protected":false},"author":1,"featured_media":1442705,"parent":0,"menu_order":0,"comment_status":"closed","ping_status":"closed","template":"LearningContentPage.php","meta":{"_acf_changed":false,"footnotes":""},"class_list":["post-1443989","page","type-page","status-publish","has-post-thumbnail","hentry"],"acf":[],"yoast_head":"<!-- This site is optimized with the Yoast SEO Premium plugin v27.2 (Yoast SEO v27.2) - https:\/\/yoast.com\/product\/yoast-seo-premium-wordpress\/ -->\n<title>Gramadach Arabach - Talkpal<\/title>\n<meta name=\"description\" content=\"D\u00e9an ini\u00fachadh ar intricacies gramadach na hAraibe agus faigh amach a strucht\u00far uath\u00fail i gcompar\u00e1id le gramadach an Bh\u00e9arla.\" \/>\n<meta name=\"robots\" content=\"index, follow, max-snippet:-1, max-image-preview:large, max-video-preview:-1\" \/>\n<link rel=\"canonical\" href=\"https:\/\/talkpal.ai\/ga\/gramadach-arabach\/\" \/>\n<meta property=\"og:locale\" content=\"ga_IE\" \/>\n<meta property=\"og:type\" content=\"article\" \/>\n<meta property=\"og:title\" content=\"Gramadach Arabach\" \/>\n<meta property=\"og:description\" content=\"The Intricacies of Arabic Grammar: A Journey Through Its Roots and Beauty An cuimhin leat nuair a thosaigh t\u00fa ag foghlaim gramada\u00ed an Bh\u00e9arla? D&#039;fh\u00e9adfadh\" \/>\n<meta property=\"og:url\" content=\"https:\/\/talkpal.ai\/ga\/gramadach-arabach\/\" \/>\n<meta property=\"og:site_name\" content=\"Talkpal\" \/>\n<meta property=\"article:publisher\" content=\"https:\/\/www.facebook.com\/profile.php?id=100090733639311\" \/>\n<meta property=\"article:modified_time\" content=\"2026-05-10T00:53:16+00:00\" \/>\n<meta property=\"og:image\" content=\"https:\/\/talkpal.ai\/wp-content\/uploads\/2023\/04\/arabic-united-arab-emirates.png\" \/>\n\t<meta property=\"og:image:width\" content=\"512\" \/>\n\t<meta property=\"og:image:height\" content=\"512\" \/>\n\t<meta property=\"og:image:type\" content=\"image\/png\" \/>\n<meta name=\"twitter:card\" content=\"summary_large_image\" \/>\n<meta name=\"twitter:site\" content=\"@talkpalai\" \/>\n<meta name=\"twitter:label1\" content=\"Est. reading time\" \/>\n\t<meta name=\"twitter:data1\" content=\"3 minutes\" \/>\n<script type=\"application\/ld+json\" class=\"yoast-schema-graph\">{\"@context\":\"https:\/\/schema.org\",\"@graph\":[{\"@type\":\"WebPage\",\"@id\":\"https:\/\/talkpal.ai\/ga\/gramadach-arabach\/\",\"url\":\"https:\/\/talkpal.ai\/ga\/gramadach-arabach\/\",\"name\":\"Gramadach Arabach - Talkpal\",\"isPartOf\":{\"@id\":\"https:\/\/talkpal.ai\/ga\/#website\"},\"primaryImageOfPage\":{\"@id\":\"https:\/\/talkpal.ai\/ga\/gramadach-arabach\/#primaryimage\"},\"image\":{\"@id\":\"https:\/\/talkpal.ai\/ga\/gramadach-arabach\/#primaryimage\"},\"thumbnailUrl\":\"https:\/\/talkpal.ai\/wp-content\/uploads\/2023\/04\/arabic-united-arab-emirates.png\",\"datePublished\":\"2023-05-14T13:43:38+00:00\",\"dateModified\":\"2026-05-10T00:53:16+00:00\",\"description\":\"D\u00e9an ini\u00fachadh ar intricacies gramadach na hAraibe agus faigh amach a strucht\u00far uath\u00fail i gcompar\u00e1id le gramadach an Bh\u00e9arla.\",\"breadcrumb\":{\"@id\":\"https:\/\/talkpal.ai\/ga\/gramadach-arabach\/#breadcrumb\"},\"inLanguage\":\"ga-IE\",\"potentialAction\":[{\"@type\":\"ReadAction\",\"target\":[\"https:\/\/talkpal.ai\/ga\/gramadach-arabach\/\"]}]},{\"@type\":\"ImageObject\",\"inLanguage\":\"ga-IE\",\"@id\":\"https:\/\/talkpal.ai\/ga\/gramadach-arabach\/#primaryimage\",\"url\":\"https:\/\/talkpal.ai\/wp-content\/uploads\/2023\/04\/arabic-united-arab-emirates.png\",\"contentUrl\":\"https:\/\/talkpal.ai\/wp-content\/uploads\/2023\/04\/arabic-united-arab-emirates.png\",\"width\":512,\"height\":512,\"caption\":\"Bratach na Catal\u00f3ine TalkPal\"},{\"@type\":\"BreadcrumbList\",\"@id\":\"https:\/\/talkpal.ai\/ga\/gramadach-arabach\/#breadcrumb\",\"itemListElement\":[{\"@type\":\"ListItem\",\"position\":1,\"name\":\"Homepage\",\"item\":\"https:\/\/talkpal.ai\/ga\/\"},{\"@type\":\"ListItem\",\"position\":2,\"name\":\"Gramadach Arabach\"}]},{\"@type\":\"WebSite\",\"@id\":\"https:\/\/talkpal.ai\/ga\/#website\",\"url\":\"https:\/\/talkpal.ai\/ga\/\",\"name\":\"Talkpal\",\"description\":\"AI Language Learning\",\"publisher\":{\"@id\":\"https:\/\/talkpal.ai\/ga\/#organization\"},\"alternateName\":\"Talkpal AI\",\"potentialAction\":[{\"@type\":\"SearchAction\",\"target\":{\"@type\":\"EntryPoint\",\"urlTemplate\":\"https:\/\/talkpal.ai\/ga\/?s={search_term_string}\"},\"query-input\":{\"@type\":\"PropertyValueSpecification\",\"valueRequired\":true,\"valueName\":\"search_term_string\"}}],\"inLanguage\":\"ga-IE\"},{\"@type\":\"Organization\",\"@id\":\"https:\/\/talkpal.ai\/ga\/#organization\",\"name\":\"Talkpal, Inc.\",\"alternateName\":\"Talkpal AI\",\"url\":\"https:\/\/talkpal.ai\/ga\/\",\"logo\":{\"@type\":\"ImageObject\",\"inLanguage\":\"ga-IE\",\"@id\":\"https:\/\/talkpal.ai\/ga\/#\/schema\/logo\/image\/\",\"url\":\"https:\/\/talkpal.ai\/wp-content\/uploads\/2024\/03\/Talkpal-Logo-Icon.png\",\"contentUrl\":\"https:\/\/talkpal.ai\/wp-content\/uploads\/2024\/03\/Talkpal-Logo-Icon.png\",\"width\":2880,\"height\":2880,\"caption\":\"Talkpal, Inc.\"},\"image\":{\"@id\":\"https:\/\/talkpal.ai\/ga\/#\/schema\/logo\/image\/\"},\"sameAs\":[\"https:\/\/www.facebook.com\/profile.php?id=100090733639311\",\"https:\/\/x.com\/talkpalai\",\"https:\/\/www.linkedin.com\/company\/talkpal\/\",\"https:\/\/www.youtube.com\/@TalkPal\/\",\"https:\/\/www.tiktok.com\/@talkpal\",\"https:\/\/www.instagram.com\/talkpal_ai\/\",\"https:\/\/www.crunchbase.com\/organization\/talkpal-9cde\",\"https:\/\/www.g2.com\/products\/talkpal-for-business\/\",\"https:\/\/www.trustpilot.com\/review\/talkpal.ai\",\"https:\/\/www.capterra.com\/p\/10006800\/TalkPal\/\"],\"description\":\"Talkpal is a language learning web and mobile education app, powered by the latest AI technologies, that provides engaging experiences to its customers in many different languages to help them improve their language skills. Users can chat about unlimited amount of topics with the app and use other modes to practice their language learning.\",\"email\":\"support@talkpal.ai\",\"legalName\":\"Talkpal, Inc.\",\"foundingDate\":\"2023-04-03\",\"duns\":\"118989042\",\"numberOfEmployees\":{\"@type\":\"QuantitativeValue\",\"minValue\":\"11\",\"maxValue\":\"50\"},\"publishingPrinciples\":\"https:\/\/talkpal.ai\/publishing-principles\/\",\"actionableFeedbackPolicy\":\"https:\/\/talkpal.ai\/actionable-feedback-policy\/\",\"correctionsPolicy\":\"https:\/\/talkpal.ai\/corrections-policy\/\",\"ethicsPolicy\":\"https:\/\/talkpal.ai\/ethics-policy\/\",\"diversityPolicy\":\"https:\/\/talkpal.ai\/diversity-policy\/\",\"diversityStaffingReport\":\"https:\/\/talkpal.ai\/diversity-policy\/\"}]}<\/script>\n<!-- \/ Yoast SEO Premium plugin. -->","yoast_head_json":{"title":"Gramadach Arabach - Talkpal","description":"D\u00e9an ini\u00fachadh ar intricacies gramadach na hAraibe agus faigh amach a strucht\u00far uath\u00fail i gcompar\u00e1id le gramadach an Bh\u00e9arla.","robots":{"index":"index","follow":"follow","max-snippet":"max-snippet:-1","max-image-preview":"max-image-preview:large","max-video-preview":"max-video-preview:-1"},"canonical":"https:\/\/talkpal.ai\/ga\/gramadach-arabach\/","og_locale":"ga_IE","og_type":"article","og_title":"Gramadach Arabach","og_description":"The Intricacies of Arabic Grammar: A Journey Through Its Roots and Beauty An cuimhin leat nuair a thosaigh t\u00fa ag foghlaim gramada\u00ed an Bh\u00e9arla? D'fh\u00e9adfadh","og_url":"https:\/\/talkpal.ai\/ga\/gramadach-arabach\/","og_site_name":"Talkpal","article_publisher":"https:\/\/www.facebook.com\/profile.php?id=100090733639311","article_modified_time":"2026-05-10T00:53:16+00:00","og_image":[{"width":512,"height":512,"url":"https:\/\/talkpal.ai\/wp-content\/uploads\/2023\/04\/arabic-united-arab-emirates.png","type":"image\/png"}],"twitter_card":"summary_large_image","twitter_site":"@talkpalai","twitter_misc":{"Est. reading time":"3 minutes"},"schema":{"@context":"https:\/\/schema.org","@graph":[{"@type":"WebPage","@id":"https:\/\/talkpal.ai\/ga\/gramadach-arabach\/","url":"https:\/\/talkpal.ai\/ga\/gramadach-arabach\/","name":"Gramadach Arabach - Talkpal","isPartOf":{"@id":"https:\/\/talkpal.ai\/ga\/#website"},"primaryImageOfPage":{"@id":"https:\/\/talkpal.ai\/ga\/gramadach-arabach\/#primaryimage"},"image":{"@id":"https:\/\/talkpal.ai\/ga\/gramadach-arabach\/#primaryimage"},"thumbnailUrl":"https:\/\/talkpal.ai\/wp-content\/uploads\/2023\/04\/arabic-united-arab-emirates.png","datePublished":"2023-05-14T13:43:38+00:00","dateModified":"2026-05-10T00:53:16+00:00","description":"D\u00e9an ini\u00fachadh ar intricacies gramadach na hAraibe agus faigh amach a strucht\u00far uath\u00fail i gcompar\u00e1id le gramadach an Bh\u00e9arla.","breadcrumb":{"@id":"https:\/\/talkpal.ai\/ga\/gramadach-arabach\/#breadcrumb"},"inLanguage":"ga-IE","potentialAction":[{"@type":"ReadAction","target":["https:\/\/talkpal.ai\/ga\/gramadach-arabach\/"]}]},{"@type":"ImageObject","inLanguage":"ga-IE","@id":"https:\/\/talkpal.ai\/ga\/gramadach-arabach\/#primaryimage","url":"https:\/\/talkpal.ai\/wp-content\/uploads\/2023\/04\/arabic-united-arab-emirates.png","contentUrl":"https:\/\/talkpal.ai\/wp-content\/uploads\/2023\/04\/arabic-united-arab-emirates.png","width":512,"height":512,"caption":"Bratach na Catal\u00f3ine TalkPal"},{"@type":"BreadcrumbList","@id":"https:\/\/talkpal.ai\/ga\/gramadach-arabach\/#breadcrumb","itemListElement":[{"@type":"ListItem","position":1,"name":"Homepage","item":"https:\/\/talkpal.ai\/ga\/"},{"@type":"ListItem","position":2,"name":"Gramadach Arabach"}]},{"@type":"WebSite","@id":"https:\/\/talkpal.ai\/ga\/#website","url":"https:\/\/talkpal.ai\/ga\/","name":"Talkpal","description":"AI Language Learning","publisher":{"@id":"https:\/\/talkpal.ai\/ga\/#organization"},"alternateName":"Talkpal AI","potentialAction":[{"@type":"SearchAction","target":{"@type":"EntryPoint","urlTemplate":"https:\/\/talkpal.ai\/ga\/?s={search_term_string}"},"query-input":{"@type":"PropertyValueSpecification","valueRequired":true,"valueName":"search_term_string"}}],"inLanguage":"ga-IE"},{"@type":"Organization","@id":"https:\/\/talkpal.ai\/ga\/#organization","name":"Talkpal, Inc.","alternateName":"Talkpal AI","url":"https:\/\/talkpal.ai\/ga\/","logo":{"@type":"ImageObject","inLanguage":"ga-IE","@id":"https:\/\/talkpal.ai\/ga\/#\/schema\/logo\/image\/","url":"https:\/\/talkpal.ai\/wp-content\/uploads\/2024\/03\/Talkpal-Logo-Icon.png","contentUrl":"https:\/\/talkpal.ai\/wp-content\/uploads\/2024\/03\/Talkpal-Logo-Icon.png","width":2880,"height":2880,"caption":"Talkpal, Inc."},"image":{"@id":"https:\/\/talkpal.ai\/ga\/#\/schema\/logo\/image\/"},"sameAs":["https:\/\/www.facebook.com\/profile.php?id=100090733639311","https:\/\/x.com\/talkpalai","https:\/\/www.linkedin.com\/company\/talkpal\/","https:\/\/www.youtube.com\/@TalkPal\/","https:\/\/www.tiktok.com\/@talkpal","https:\/\/www.instagram.com\/talkpal_ai\/","https:\/\/www.crunchbase.com\/organization\/talkpal-9cde","https:\/\/www.g2.com\/products\/talkpal-for-business\/","https:\/\/www.trustpilot.com\/review\/talkpal.ai","https:\/\/www.capterra.com\/p\/10006800\/TalkPal\/"],"description":"Talkpal is a language learning web and mobile education app, powered by the latest AI technologies, that provides engaging experiences to its customers in many different languages to help them improve their language skills. Users can chat about unlimited amount of topics with the app and use other modes to practice their language learning.","email":"support@talkpal.ai","legalName":"Talkpal, Inc.","foundingDate":"2023-04-03","duns":"118989042","numberOfEmployees":{"@type":"QuantitativeValue","minValue":"11","maxValue":"50"},"publishingPrinciples":"https:\/\/talkpal.ai\/publishing-principles\/","actionableFeedbackPolicy":"https:\/\/talkpal.ai\/actionable-feedback-policy\/","correctionsPolicy":"https:\/\/talkpal.ai\/corrections-policy\/","ethicsPolicy":"https:\/\/talkpal.ai\/ethics-policy\/","diversityPolicy":"https:\/\/talkpal.ai\/diversity-policy\/","diversityStaffingReport":"https:\/\/talkpal.ai\/diversity-policy\/"}]}},"_links":{"self":[{"href":"https:\/\/talkpal.ai\/ga\/wp-json\/wp\/v2\/pages\/1443989","targetHints":{"allow":["GET"]}}],"collection":[{"href":"https:\/\/talkpal.ai\/ga\/wp-json\/wp\/v2\/pages"}],"about":[{"href":"https:\/\/talkpal.ai\/ga\/wp-json\/wp\/v2\/types\/page"}],"author":[{"embeddable":true,"href":"https:\/\/talkpal.ai\/ga\/wp-json\/wp\/v2\/users\/1"}],"replies":[{"embeddable":true,"href":"https:\/\/talkpal.ai\/ga\/wp-json\/wp\/v2\/comments?post=1443989"}],"version-history":[{"count":0,"href":"https:\/\/talkpal.ai\/ga\/wp-json\/wp\/v2\/pages\/1443989\/revisions"}],"wp:featuredmedia":[{"embeddable":true,"href":"https:\/\/talkpal.ai\/ga\/wp-json\/wp\/v2\/media\/1442705"}],"wp:attachment":[{"href":"https:\/\/talkpal.ai\/ga\/wp-json\/wp\/v2\/media?parent=1443989"}],"curies":[{"name":"wp","href":"https:\/\/api.w.org\/{rel}","templated":true}]}}