{"id":1443979,"date":"2023-05-14T13:49:38","date_gmt":"2023-05-14T13:49:38","guid":{"rendered":"https:\/\/talkpal.ai\/gramadach-ollainnis\/"},"modified":"2025-12-11T17:04:17","modified_gmt":"2025-12-11T17:04:17","slug":"gramadach-ollainnis","status":"publish","type":"page","link":"https:\/\/talkpal.ai\/ga\/gramadach-ollainnis\/","title":{"rendered":"Gramadach Ollainnis"},"content":{"rendered":"\r\n\r\n\r\n<section class=\"languageChallengeSection\">\r\n    <div class=\"languageInfoWrapper\">\r\n        \r\n        <h1>Gramadach Ollainnis<\/h1>\r\n        <p>D\u00e9an ini\u00fachadh ar bhun\u00fas na h\u00cdsilt\u00edre tr\u00ed a rialacha gramada\u00ed riachtanacha a fhoghlaim. Cabhr\u00f3idh m\u00e1istreacht ar ghramadach na hOllainnise leat cumars\u00e1id a dh\u00e9anamh go h\u00e9ifeachtach agus l\u00e9argas n\u00edos doimhne a fh\u00e1il ar chult\u00far na h\u00cdsilt\u00edre. Tosaigh ag foghlaim <a href=\"https:\/\/talkpal.ai\/ga\/cleachtai-gramadai-na-hisiltire\/\">gramada\u00ed na<\/a> hOllainnise inniu agus glac do ch\u00e9ad ch\u00e9im i dtreo l\u00edofacht!\n<\/p>\r\n\r\n                            <a class=\"getStartedHidden\" href=\"https:\/\/app.talkpal.ai\/signup?lng=\">Tosaigh<\/a>\r\n        \r\n    <\/div>\r\n\r\n    <figure>\r\n    <img decoding=\"async\" width=\"768\" height=\"768\" src=\"https:\/\/talkpal.ai\/wp-content\/uploads\/2023\/06\/Dutch-768x768.png\" class=\"languageImage no-lazy\" alt=\"Developing skills through language learning\" fetchpriority=\"high\" sizes=\"(max-width: 768px) 150px, 768px\" srcset=\"https:\/\/talkpal.ai\/wp-content\/uploads\/2023\/06\/Dutch-768x768.png 768w, https:\/\/talkpal.ai\/wp-content\/uploads\/2023\/06\/Dutch-300x300.png 300w\" \/>\r\n    \r\n\r\n    <\/figure>\r\n\r\n            <a class=\"getStartedVisible\" href=\"https:\/\/app.talkpal.ai\/signup?lng=\">Tosaigh<\/a>\r\n    \r\n<\/section>\r\n<section class=\"promotionalBanner\">\r\n    <p class=\"promotionalText\">An bealach is \u00e9ifeachta\u00ed le teanga a fhoghlaim<\/p>\r\n    <a class=\"promotionalLink\" href=\"https:\/\/app.talkpal.ai\/signup?lng=\">Bain triail as Talkpal saor in aisce<\/a>\r\n<\/section>\n<div class=\"wp-block-group pageContainerStyle\"><div class=\"wp-block-group__inner-container is-layout-constrained wp-block-group-is-layout-constrained\">\n<h2 class=\"wp-block-heading\" id=\"h-dutch-grammar-master-the-mechanics-of-the-dutch-language\">Gramadach na hOllainnise: M\u00e1istreacht ar Mheicnic na Teanga Ollainnise<\/h2>\n\n\n\n<p>M\u00e1 ghlac t\u00fa an l\u00e9im chun <a href=\"https:\/\/talkpal.ai\/learn-dutch\/\">Ollainnis<\/a>, t\u00e1 t\u00fa i do thuras spreag\u00fail! Le breis agus 23 milli\u00fan cainteoir ar fud an domhain, is teanga iontach \u00ed an Ollainnis chun do chumas teanga a threisi\u00fa agus do l\u00e9asl\u00ednte a leathn\u00fa. Anois, b&#8217;fh\u00e9idir gur chuala t\u00fa cogarnach faoi chastachta\u00ed gramada\u00ed na hOllainnise, ach n\u00e1 b\u00edodh eagla ort! Feidhm\u00edonn an t-alt seo mar threoir chairdi\u00fail do thosaitheoir\u00ed a bhrisfidh s\u00edos <a href=\"https:\/\/talkpal.ai\/dutch-grammar\/\">gramadach na hOllainnise<\/a> ar bhealach siams\u00fail ach cuimsitheach.<\/p>\n\n\n\n<h3 class=\"wp-block-heading\" id=\"h-1-the-pillar-of-dutch-grammar-word-order\">1. Col\u00fan na gramada\u00ed Ollainnise: ord focal<\/h3>\n\n\n\n<p>Braitheann <a href=\"https:\/\/talkpal.ai\/dutch-grammar\/\">gramadach na hOllainnise<\/a> go m\u00f3r ar ord focal. Go ginear\u00e1lta, leanann s\u00e9 strucht\u00far &#8220;subject-verb-object&#8221; cos\u00fail leis an teanga Bh\u00e9arla. Mar sin f\u00e9in, t\u00e1 gn\u00e9 uath\u00fail ag an Ollainnis: ord focal an Dara Briathar (V2). In abairt le n\u00edos m\u00f3 n\u00e1 briathar amh\u00e1in, br\u00faitear an dara briathar go dt\u00ed an deireadh. Mar shampla:<\/p>\n\n\n\n<p><a href=\"https:\/\/talkpal.ai\/learn-english-with-ai\/\">B\u00e9arla<\/a>: Caithfidh m\u00e9 a bheith ag obair inniu.<\/p>\n\n\n\n<p>Ollainnis: Ik moet vandaag werken. (literally: &#8220;Caithfidh m\u00e9 oibri\u00fa inniu.&#8221;)<\/p>\n\n\n\n<p>T\u00e1 m\u00e1istreacht ar ord focal V2 riachtanach nuair a bh\u00edonn <a href=\"https:\/\/talkpal.ai\/grammar\/\">gramadach<\/a> na hOllainnise \u00e1 fhoghlaim.<\/p>\n\n\n\n<h3 class=\"wp-block-heading\" id=\"h-2-get-to-know-your-articles\">2. Cuir aithne ar d&#8217;ailt<\/h3>\n\n\n\n<p>T\u00e1 dh\u00e1 alt cinnte ag Dutch (&#8220;de&#8221; agus &#8220;het&#8221;), agus alt \u00e9iginnte (&#8220;een&#8221;). Is f\u00e9idir le roghn\u00fa idir an d\u00e1 alt cinnte a bheith deacair, gan aon riail chinnte le lean\u00faint. Mar thosaitheoir, is \u00e9 an bealach is fearr chun iad a fhoghlaim n\u00e1 tr\u00ed chleachtas agus comhth\u00e9acs. Mar shampla:<\/p>\n\n\n\n<p>De fear &#8211; An fear<\/p>\n\n\n\n<p>Het meisje \u2013 An cail\u00edn<\/p>\n\n\n\n<p>Een hond \u2013 Madra<\/p>\n\n\n\n<h3 class=\"wp-block-heading\" id=\"h-3-the-dance-of-dutch-conjugations\">3. Damhsa na gcomhchuingithe Ollainnis<\/h3>\n\n\n\n<p>Cos\u00fail leis an mB\u00e9arla, athra\u00edonn briathra na hOllainnise foirm chun aimsir agus gi\u00famar a <a href=\"https:\/\/talkpal.ai\/locations\/language-courses-in-chur\/\">chur<\/a> in i\u00fal. San Ollainnis, t\u00e1 tr\u00ed phr\u00edomhghr\u00fapa de chomhchuingithe briathra: briathra laga, briathra l\u00e1idre, agus briathra neamhrialta.<\/p>\n\n\n\n<p>Leanann briathra laga rialacha socraithe <a href=\"https:\/\/talkpal.ai\/ga\/maidir\/\">maidir<\/a> le comhchuingi\u00fa, rud a fh\u00e1gann go bhfuil siad s\u00e1ch \u00e9asca le foghlaim.  <\/p>\n\n\n\n<p>Sampla (aimsir l\u00e1ithreach): Ik werk, jij werkt, hij\/zij\/u werkt, wij\/jullie\/zij werken<\/p>\n\n\n\n<p>Is \u00e9ard at\u00e1 i gceist le briathra l\u00e1idre n\u00e1 athruithe guta, rud a fh\u00e1gann go minic go dtugann foghlaimeoir\u00ed iad de ghlanmheabhair ina n-aonar.<\/p>\n\n\n\n<p>Sampla (aimsir l\u00e1ithreach): Ik zing, jij zingt, hij\/zij\/u zingt, wij\/jullie\/zij zingen<\/p>\n\n\n\n<p>N\u00ed leanann briathra neamhrialta, mar a thugann a n-ainm le tuiscint, aon phatr\u00fan socraithe le haghaidh comhchuingithe agus caithfear iad a fhoghlaim go neamhsple\u00e1ch.<\/p>\n\n\n\n<p>Sampla (aimsir l\u00e1ithreach): Ik ben, jij bent, hij\/zij\/u is, wij\/jullie\/zij zijn<\/p>\n\n\n\n<h3 class=\"wp-block-heading\" id=\"h-4-a-flair-for-pronouns\">4. A flair for pronouns<\/h3>\n\n\n\n<p>Cuirtear forainmneacha i ngramadach na hOllainnise in ionad ainmfhocail agus t\u00e1 siad riachtanach chun do chuid cainte a dh\u00e9anamh n\u00edos dinimici\u00fala agus n\u00edos sreabhach. T\u00e1 forainmneacha pearsanta, forainmneacha sealbhacha, forainmneacha l\u00e9iritheacha, agus forainmneacha machnamhacha ann. Mar thosaitheoir, t\u00e1 s\u00e9 r\u00edth\u00e1bhachtach forainmneacha pearsanta agus sealbhacha a thuiscint.<\/p>\n\n\n\n<p>Forainmneacha pearsanta: ik (I), jij\/je (t\u00fa), hij\/zij\/ze (s\u00e9 \/ s\u00ed), wij\/we (muid), jullie (sibh go l\u00e9ir), zij \/ ze (siad)<\/p>\n\n\n\n<p>Forainmneacha sealbhacha: mijn (mo), jouw\/je (ur), zijn\/haar (a chuid \/ \u00ed), ons \/ onze (\u00e1r), jullie (ur), hun \/ cearc (a gcuid )<\/p>\n\n\n\n<h3 class=\"wp-block-heading\" id=\"h-5-cases-no-more-mostly\">5. C\u00e1sanna gan n\u00edos m\u00f3 (den chuid is m\u00f3)<\/h3>\n\n\n\n<p>Murab ionann agus an Ghearm\u00e1inis, n\u00ed \u00fas\u00e1ideann an Ollainnis c\u00f3ras c\u00e1sanna sa saol laeth\u00fail a thuilleadh, rud a thugann faoiseamh \u00e9igin \u00f3 bhacainn\u00ed b\u00f3thair teanga. Is \u00e9 an t-aon eisceacht n\u00e1 nuair a bh\u00edonn s\u00e9 ag d\u00e9ile\u00e1il le leaganacha Ollainnise de &#8220;who&#8221; agus &#8220;whom&#8221; (wie agus wie, faoi seach), agus c\u00fapla abairt sheasta (mar shampla te allen tijde, a chialla\u00edonn &#8220;i gc\u00f3na\u00ed&#8221;).  <\/p>\n\n\n\n<p>Comhghairdeas! T\u00e1 na ch\u00e9ad ch\u00e9imeanna glactha agat chun m\u00e1istreacht a dh\u00e9anamh ar ghramadach na h\u00cdsilt\u00edre. Cuimhnigh go bhfuil cleachtas r\u00edth\u00e1bhachtach, mar sin n\u00e1 b\u00edodh aon leisce ort dul n\u00edos doimhne, cumars\u00e1id a dh\u00e9anamh le cainteoir\u00ed d\u00fachais, agus bun\u00fas l\u00e1idir a th\u00f3g\u00e1il. \u00c9ir\u00edonn le Veel! (\u00c1dh m\u00f3r!)<\/p>\n<\/div><\/div>\n\r\n<section class=\"learnNavigationSection\">\r\n            \r\n        <a href=\"https:\/\/talkpal.ai\/ga\/foghlaim-ollainnis\/\">\r\n            <div class=\"learnNavigationWrapper\">\r\n                <div class=\"learnNavigationContent\">\r\n                    <img decoding=\"async\" src=\"https:\/\/talkpal.ai\/wp-content\/uploads\/2024\/08\/Dutch.jpg\" alt=\"Netherlands Flag\">\r\n                    <div>\r\n                        <h4>Maidir le Foghlaim na hOllainnise<\/h4>\r\n                        <p>Faigh amach gach rud faoi ghramadach na h\u00cdsilt\u00edre.<\/p>\r\n                    <\/div>\r\n                <\/div>\r\n            <\/div>\r\n        <\/a>\r\n\r\n        \r\n        <a href=\"https:\/\/talkpal.ai\/ga\/cleachtai-gramadai-na-hisiltire\/\">\r\n            <div class=\"learnNavigationWrapper\">\r\n                <div class=\"learnNavigationContent\">\r\n                    <img decoding=\"async\" src=\"https:\/\/talkpal.ai\/wp-content\/uploads\/2024\/08\/Dutch.jpg\" alt=\"Netherlands Flag\">\r\n                    <div>\r\n                        <h4>Cleachtadh Gramada\u00ed na h\u00cdsilt\u00edre<\/h4>\r\n                        <p>Cleachtadh gramadach na hOllainnise.<\/p>\r\n                    <\/div>\r\n                <\/div>\r\n            <\/div>\r\n        <\/a>\r\n\r\n        \r\n        <a href=\"https:\/\/talkpal.ai\/vocabulary_language\/dutch\/\">\r\n            <div class=\"learnNavigationWrapper\">\r\n                <div class=\"learnNavigationContent\">\r\n                    <img decoding=\"async\" src=\"https:\/\/talkpal.ai\/wp-content\/uploads\/2024\/08\/Dutch.jpg\" alt=\"Netherlands Flag\">\r\n                    <div>\r\n                        <h4>St\u00f3r Focal na h\u00cdsilt\u00edre<\/h4>\r\n                        <p>Leathnaigh do st\u00f3r focal Ollainnise.<\/p>\r\n                    <\/div>\r\n                <\/div>\r\n            <\/div>\r\n        <\/a>\r\n\r\n            <\/section>","protected":false},"excerpt":{"rendered":"<p>Gramadach na hOllainnise: M\u00e1istreacht ar Mheicnic na Teanga Ollainnise M\u00e1 ghlac t\u00fa an l\u00e9im chun Ollainnis, t\u00e1 t\u00fa i do thuras spreag\u00fail! Le breis agus 23 milli\u00fan cainteoir ar fud an domhain, is teanga iontach \u00ed an Ollainnis chun do chumas teanga a threisi\u00fa agus do l\u00e9asl\u00ednte a leathn\u00fa. Anois, b&#8217;fh\u00e9idir gur chuala t\u00fa cogarnach [&hellip;]<\/p>\n","protected":false},"author":1,"featured_media":1441655,"parent":0,"menu_order":0,"comment_status":"closed","ping_status":"closed","template":"LearningContentPage.php","meta":{"_acf_changed":false,"footnotes":""},"class_list":["post-1443979","page","type-page","status-publish","has-post-thumbnail","hentry"],"acf":[],"yoast_head":"<!-- This site is optimized with the Yoast SEO Premium plugin v27.2 (Yoast SEO v27.2) - https:\/\/yoast.com\/product\/yoast-seo-premium-wordpress\/ -->\n<title>Gramadach Ollainnis - Talkpal<\/title>\n<meta name=\"description\" content=\"M\u00e1istir ar Ghramadach na hOllainnise le TalkPal, do theagasc\u00f3ir teanga faoi thiom\u00e1int AI. Rochtain a fh\u00e1il ar mh\u00ednithe soil\u00e9ire, sampla\u00ed praitici\u00fala, agus cleachta\u00ed idirghn\u00edomhacha!\" \/>\n<meta name=\"robots\" content=\"index, follow, max-snippet:-1, max-image-preview:large, max-video-preview:-1\" \/>\n<link rel=\"canonical\" href=\"https:\/\/talkpal.ai\/ga\/gramadach-ollainnis\/\" \/>\n<meta property=\"og:locale\" content=\"ga_IE\" \/>\n<meta property=\"og:type\" content=\"article\" \/>\n<meta property=\"og:title\" content=\"Gramadach Ollainnis\" \/>\n<meta property=\"og:description\" content=\"Gramadach na hOllainnise: M\u00e1istreacht ar Mheicnic na Teanga Ollainnise M\u00e1 ghlac t\u00fa an l\u00e9im chun Ollainnis, t\u00e1 t\u00fa i do thuras spreag\u00fail! Le breis agus 23\" \/>\n<meta property=\"og:url\" content=\"https:\/\/talkpal.ai\/ga\/gramadach-ollainnis\/\" \/>\n<meta property=\"og:site_name\" content=\"Talkpal\" \/>\n<meta property=\"article:publisher\" content=\"https:\/\/www.facebook.com\/profile.php?id=100090733639311\" \/>\n<meta property=\"article:modified_time\" content=\"2025-12-11T17:04:17+00:00\" \/>\n<meta property=\"og:image\" content=\"https:\/\/talkpal.ai\/wp-content\/uploads\/2023\/04\/netherlands-dutch.png\" \/>\n\t<meta property=\"og:image:width\" content=\"512\" \/>\n\t<meta property=\"og:image:height\" content=\"512\" \/>\n\t<meta property=\"og:image:type\" content=\"image\/png\" \/>\n<meta name=\"twitter:card\" content=\"summary_large_image\" \/>\n<meta name=\"twitter:site\" content=\"@talkpalai\" \/>\n<meta name=\"twitter:label1\" content=\"Est. reading time\" \/>\n\t<meta name=\"twitter:data1\" content=\"3 minutes\" \/>\n<script type=\"application\/ld+json\" class=\"yoast-schema-graph\">{\"@context\":\"https:\/\/schema.org\",\"@graph\":[{\"@type\":\"WebPage\",\"@id\":\"https:\/\/talkpal.ai\/ga\/gramadach-ollainnis\/\",\"url\":\"https:\/\/talkpal.ai\/ga\/gramadach-ollainnis\/\",\"name\":\"Gramadach Ollainnis - Talkpal\",\"isPartOf\":{\"@id\":\"https:\/\/talkpal.ai\/ga\/#website\"},\"primaryImageOfPage\":{\"@id\":\"https:\/\/talkpal.ai\/ga\/gramadach-ollainnis\/#primaryimage\"},\"image\":{\"@id\":\"https:\/\/talkpal.ai\/ga\/gramadach-ollainnis\/#primaryimage\"},\"thumbnailUrl\":\"https:\/\/talkpal.ai\/wp-content\/uploads\/2023\/04\/netherlands-dutch.png\",\"datePublished\":\"2023-05-14T13:49:38+00:00\",\"dateModified\":\"2025-12-11T17:04:17+00:00\",\"description\":\"M\u00e1istir ar Ghramadach na hOllainnise le TalkPal, do theagasc\u00f3ir teanga faoi thiom\u00e1int AI. Rochtain a fh\u00e1il ar mh\u00ednithe soil\u00e9ire, sampla\u00ed praitici\u00fala, agus cleachta\u00ed idirghn\u00edomhacha!\",\"breadcrumb\":{\"@id\":\"https:\/\/talkpal.ai\/ga\/gramadach-ollainnis\/#breadcrumb\"},\"inLanguage\":\"ga-IE\",\"potentialAction\":[{\"@type\":\"ReadAction\",\"target\":[\"https:\/\/talkpal.ai\/ga\/gramadach-ollainnis\/\"]}]},{\"@type\":\"ImageObject\",\"inLanguage\":\"ga-IE\",\"@id\":\"https:\/\/talkpal.ai\/ga\/gramadach-ollainnis\/#primaryimage\",\"url\":\"https:\/\/talkpal.ai\/wp-content\/uploads\/2023\/04\/netherlands-dutch.png\",\"contentUrl\":\"https:\/\/talkpal.ai\/wp-content\/uploads\/2023\/04\/netherlands-dutch.png\",\"width\":512,\"height\":512,\"caption\":\"TalkPal Catalan Flag\"},{\"@type\":\"BreadcrumbList\",\"@id\":\"https:\/\/talkpal.ai\/ga\/gramadach-ollainnis\/#breadcrumb\",\"itemListElement\":[{\"@type\":\"ListItem\",\"position\":1,\"name\":\"Homepage\",\"item\":\"https:\/\/talkpal.ai\/ga\/\"},{\"@type\":\"ListItem\",\"position\":2,\"name\":\"Gramadach Ollainnis\"}]},{\"@type\":\"WebSite\",\"@id\":\"https:\/\/talkpal.ai\/ga\/#website\",\"url\":\"https:\/\/talkpal.ai\/ga\/\",\"name\":\"Talkpal\",\"description\":\"AI Language Learning\",\"publisher\":{\"@id\":\"https:\/\/talkpal.ai\/ga\/#organization\"},\"alternateName\":\"Talkpal AI\",\"potentialAction\":[{\"@type\":\"SearchAction\",\"target\":{\"@type\":\"EntryPoint\",\"urlTemplate\":\"https:\/\/talkpal.ai\/ga\/?s={search_term_string}\"},\"query-input\":{\"@type\":\"PropertyValueSpecification\",\"valueRequired\":true,\"valueName\":\"search_term_string\"}}],\"inLanguage\":\"ga-IE\"},{\"@type\":\"Organization\",\"@id\":\"https:\/\/talkpal.ai\/ga\/#organization\",\"name\":\"Talkpal, Inc.\",\"alternateName\":\"Talkpal AI\",\"url\":\"https:\/\/talkpal.ai\/ga\/\",\"logo\":{\"@type\":\"ImageObject\",\"inLanguage\":\"ga-IE\",\"@id\":\"https:\/\/talkpal.ai\/ga\/#\/schema\/logo\/image\/\",\"url\":\"https:\/\/talkpal.ai\/wp-content\/uploads\/2024\/03\/Talkpal-Logo-Icon.png\",\"contentUrl\":\"https:\/\/talkpal.ai\/wp-content\/uploads\/2024\/03\/Talkpal-Logo-Icon.png\",\"width\":2880,\"height\":2880,\"caption\":\"Talkpal, Inc.\"},\"image\":{\"@id\":\"https:\/\/talkpal.ai\/ga\/#\/schema\/logo\/image\/\"},\"sameAs\":[\"https:\/\/www.facebook.com\/profile.php?id=100090733639311\",\"https:\/\/x.com\/talkpalai\",\"https:\/\/www.linkedin.com\/company\/talkpal\/\",\"https:\/\/www.youtube.com\/@TalkPal\/\",\"https:\/\/www.tiktok.com\/@talkpal\",\"https:\/\/www.instagram.com\/talkpal_ai\/\",\"https:\/\/www.crunchbase.com\/organization\/talkpal-9cde\",\"https:\/\/www.g2.com\/products\/talkpal-for-business\/\",\"https:\/\/www.trustpilot.com\/review\/talkpal.ai\",\"https:\/\/www.capterra.com\/p\/10006800\/TalkPal\/\"],\"description\":\"Talkpal is a language learning web and mobile education app, powered by the latest AI technologies, that provides engaging experiences to its customers in many different languages to help them improve their language skills. Users can chat about unlimited amount of topics with the app and use other modes to practice their language learning.\",\"email\":\"support@talkpal.ai\",\"legalName\":\"Talkpal, Inc.\",\"foundingDate\":\"2023-04-03\",\"duns\":\"118989042\",\"numberOfEmployees\":{\"@type\":\"QuantitativeValue\",\"minValue\":\"11\",\"maxValue\":\"50\"},\"publishingPrinciples\":\"https:\/\/talkpal.ai\/publishing-principles\/\",\"actionableFeedbackPolicy\":\"https:\/\/talkpal.ai\/actionable-feedback-policy\/\",\"correctionsPolicy\":\"https:\/\/talkpal.ai\/corrections-policy\/\",\"ethicsPolicy\":\"https:\/\/talkpal.ai\/ethics-policy\/\",\"diversityPolicy\":\"https:\/\/talkpal.ai\/diversity-policy\/\",\"diversityStaffingReport\":\"https:\/\/talkpal.ai\/diversity-policy\/\"}]}<\/script>\n<!-- \/ Yoast SEO Premium plugin. -->","yoast_head_json":{"title":"Gramadach Ollainnis - Talkpal","description":"M\u00e1istir ar Ghramadach na hOllainnise le TalkPal, do theagasc\u00f3ir teanga faoi thiom\u00e1int AI. Rochtain a fh\u00e1il ar mh\u00ednithe soil\u00e9ire, sampla\u00ed praitici\u00fala, agus cleachta\u00ed idirghn\u00edomhacha!","robots":{"index":"index","follow":"follow","max-snippet":"max-snippet:-1","max-image-preview":"max-image-preview:large","max-video-preview":"max-video-preview:-1"},"canonical":"https:\/\/talkpal.ai\/ga\/gramadach-ollainnis\/","og_locale":"ga_IE","og_type":"article","og_title":"Gramadach Ollainnis","og_description":"Gramadach na hOllainnise: M\u00e1istreacht ar Mheicnic na Teanga Ollainnise M\u00e1 ghlac t\u00fa an l\u00e9im chun Ollainnis, t\u00e1 t\u00fa i do thuras spreag\u00fail! Le breis agus 23","og_url":"https:\/\/talkpal.ai\/ga\/gramadach-ollainnis\/","og_site_name":"Talkpal","article_publisher":"https:\/\/www.facebook.com\/profile.php?id=100090733639311","article_modified_time":"2025-12-11T17:04:17+00:00","og_image":[{"width":512,"height":512,"url":"https:\/\/talkpal.ai\/wp-content\/uploads\/2023\/04\/netherlands-dutch.png","type":"image\/png"}],"twitter_card":"summary_large_image","twitter_site":"@talkpalai","twitter_misc":{"Est. reading time":"3 minutes"},"schema":{"@context":"https:\/\/schema.org","@graph":[{"@type":"WebPage","@id":"https:\/\/talkpal.ai\/ga\/gramadach-ollainnis\/","url":"https:\/\/talkpal.ai\/ga\/gramadach-ollainnis\/","name":"Gramadach Ollainnis - Talkpal","isPartOf":{"@id":"https:\/\/talkpal.ai\/ga\/#website"},"primaryImageOfPage":{"@id":"https:\/\/talkpal.ai\/ga\/gramadach-ollainnis\/#primaryimage"},"image":{"@id":"https:\/\/talkpal.ai\/ga\/gramadach-ollainnis\/#primaryimage"},"thumbnailUrl":"https:\/\/talkpal.ai\/wp-content\/uploads\/2023\/04\/netherlands-dutch.png","datePublished":"2023-05-14T13:49:38+00:00","dateModified":"2025-12-11T17:04:17+00:00","description":"M\u00e1istir ar Ghramadach na hOllainnise le TalkPal, do theagasc\u00f3ir teanga faoi thiom\u00e1int AI. Rochtain a fh\u00e1il ar mh\u00ednithe soil\u00e9ire, sampla\u00ed praitici\u00fala, agus cleachta\u00ed idirghn\u00edomhacha!","breadcrumb":{"@id":"https:\/\/talkpal.ai\/ga\/gramadach-ollainnis\/#breadcrumb"},"inLanguage":"ga-IE","potentialAction":[{"@type":"ReadAction","target":["https:\/\/talkpal.ai\/ga\/gramadach-ollainnis\/"]}]},{"@type":"ImageObject","inLanguage":"ga-IE","@id":"https:\/\/talkpal.ai\/ga\/gramadach-ollainnis\/#primaryimage","url":"https:\/\/talkpal.ai\/wp-content\/uploads\/2023\/04\/netherlands-dutch.png","contentUrl":"https:\/\/talkpal.ai\/wp-content\/uploads\/2023\/04\/netherlands-dutch.png","width":512,"height":512,"caption":"TalkPal Catalan Flag"},{"@type":"BreadcrumbList","@id":"https:\/\/talkpal.ai\/ga\/gramadach-ollainnis\/#breadcrumb","itemListElement":[{"@type":"ListItem","position":1,"name":"Homepage","item":"https:\/\/talkpal.ai\/ga\/"},{"@type":"ListItem","position":2,"name":"Gramadach Ollainnis"}]},{"@type":"WebSite","@id":"https:\/\/talkpal.ai\/ga\/#website","url":"https:\/\/talkpal.ai\/ga\/","name":"Talkpal","description":"AI Language Learning","publisher":{"@id":"https:\/\/talkpal.ai\/ga\/#organization"},"alternateName":"Talkpal AI","potentialAction":[{"@type":"SearchAction","target":{"@type":"EntryPoint","urlTemplate":"https:\/\/talkpal.ai\/ga\/?s={search_term_string}"},"query-input":{"@type":"PropertyValueSpecification","valueRequired":true,"valueName":"search_term_string"}}],"inLanguage":"ga-IE"},{"@type":"Organization","@id":"https:\/\/talkpal.ai\/ga\/#organization","name":"Talkpal, Inc.","alternateName":"Talkpal AI","url":"https:\/\/talkpal.ai\/ga\/","logo":{"@type":"ImageObject","inLanguage":"ga-IE","@id":"https:\/\/talkpal.ai\/ga\/#\/schema\/logo\/image\/","url":"https:\/\/talkpal.ai\/wp-content\/uploads\/2024\/03\/Talkpal-Logo-Icon.png","contentUrl":"https:\/\/talkpal.ai\/wp-content\/uploads\/2024\/03\/Talkpal-Logo-Icon.png","width":2880,"height":2880,"caption":"Talkpal, Inc."},"image":{"@id":"https:\/\/talkpal.ai\/ga\/#\/schema\/logo\/image\/"},"sameAs":["https:\/\/www.facebook.com\/profile.php?id=100090733639311","https:\/\/x.com\/talkpalai","https:\/\/www.linkedin.com\/company\/talkpal\/","https:\/\/www.youtube.com\/@TalkPal\/","https:\/\/www.tiktok.com\/@talkpal","https:\/\/www.instagram.com\/talkpal_ai\/","https:\/\/www.crunchbase.com\/organization\/talkpal-9cde","https:\/\/www.g2.com\/products\/talkpal-for-business\/","https:\/\/www.trustpilot.com\/review\/talkpal.ai","https:\/\/www.capterra.com\/p\/10006800\/TalkPal\/"],"description":"Talkpal is a language learning web and mobile education app, powered by the latest AI technologies, that provides engaging experiences to its customers in many different languages to help them improve their language skills. Users can chat about unlimited amount of topics with the app and use other modes to practice their language learning.","email":"support@talkpal.ai","legalName":"Talkpal, Inc.","foundingDate":"2023-04-03","duns":"118989042","numberOfEmployees":{"@type":"QuantitativeValue","minValue":"11","maxValue":"50"},"publishingPrinciples":"https:\/\/talkpal.ai\/publishing-principles\/","actionableFeedbackPolicy":"https:\/\/talkpal.ai\/actionable-feedback-policy\/","correctionsPolicy":"https:\/\/talkpal.ai\/corrections-policy\/","ethicsPolicy":"https:\/\/talkpal.ai\/ethics-policy\/","diversityPolicy":"https:\/\/talkpal.ai\/diversity-policy\/","diversityStaffingReport":"https:\/\/talkpal.ai\/diversity-policy\/"}]}},"_links":{"self":[{"href":"https:\/\/talkpal.ai\/ga\/wp-json\/wp\/v2\/pages\/1443979","targetHints":{"allow":["GET"]}}],"collection":[{"href":"https:\/\/talkpal.ai\/ga\/wp-json\/wp\/v2\/pages"}],"about":[{"href":"https:\/\/talkpal.ai\/ga\/wp-json\/wp\/v2\/types\/page"}],"author":[{"embeddable":true,"href":"https:\/\/talkpal.ai\/ga\/wp-json\/wp\/v2\/users\/1"}],"replies":[{"embeddable":true,"href":"https:\/\/talkpal.ai\/ga\/wp-json\/wp\/v2\/comments?post=1443979"}],"version-history":[{"count":0,"href":"https:\/\/talkpal.ai\/ga\/wp-json\/wp\/v2\/pages\/1443979\/revisions"}],"wp:featuredmedia":[{"embeddable":true,"href":"https:\/\/talkpal.ai\/ga\/wp-json\/wp\/v2\/media\/1441655"}],"wp:attachment":[{"href":"https:\/\/talkpal.ai\/ga\/wp-json\/wp\/v2\/media?parent=1443979"}],"curies":[{"name":"wp","href":"https:\/\/api.w.org\/{rel}","templated":true}]}}