{"id":1443972,"date":"2023-05-14T13:48:36","date_gmt":"2023-05-14T13:48:36","guid":{"rendered":"https:\/\/talkpal.ai\/gramadach-na-sine\/"},"modified":"2025-09-06T19:19:19","modified_gmt":"2025-09-06T19:19:19","slug":"gramadach-na-sine","status":"publish","type":"page","link":"https:\/\/talkpal.ai\/ga\/gramadach-na-sine\/","title":{"rendered":"Gramadach na S\u00edne"},"content":{"rendered":"\r\n\r\n\r\n<section class=\"languageChallengeSection\">\r\n    <div class=\"languageInfoWrapper\">\r\n        \r\n        <h1>Gramadach na S\u00edne<\/h1>\r\n        <p>Neartaigh do scileanna teanga na S\u00edne tr\u00ed phr\u00edomhstrucht\u00fair ghramada\u00ed agus patr\u00fain \u00fas\u00e1ide a fhoghlaim. Tosaigh ag feabhs\u00fa do ghramadach S\u00edneach inniu agus d\u00e9an cumars\u00e1id le muin\u00edn!<\/p>\r\n\r\n                            <a class=\"getStartedHidden\" href=\"https:\/\/app.talkpal.ai\/signup?lng=\">Tosaigh<\/a>\r\n        \r\n    <\/div>\r\n\r\n    <figure>\r\n    <img decoding=\"async\" width=\"768\" height=\"768\" src=\"https:\/\/talkpal.ai\/wp-content\/uploads\/2023\/06\/chinese-768x768.png\" class=\"languageImage no-lazy\" alt=\"Language learning for flexible communication\" fetchpriority=\"high\" sizes=\"(max-width: 768px) 150px, 768px\" srcset=\"https:\/\/talkpal.ai\/wp-content\/uploads\/2023\/06\/chinese-768x768.png 768w, https:\/\/talkpal.ai\/wp-content\/uploads\/2023\/06\/chinese-300x300.png 300w\" \/>\r\n    \r\n\r\n    <\/figure>\r\n\r\n            <a class=\"getStartedVisible\" href=\"https:\/\/app.talkpal.ai\/signup?lng=\">Tosaigh<\/a>\r\n    \r\n<\/section>\r\n<section class=\"promotionalBanner\">\r\n    <p class=\"promotionalText\">An bealach is \u00e9ifeachta\u00ed le teanga a fhoghlaim<\/p>\r\n    <a class=\"promotionalLink\" href=\"https:\/\/app.talkpal.ai\/signup?lng=\">Bain triail as Talkpal saor in aisce<\/a>\r\n<\/section>\n<div class=\"wp-block-group pageContainerStyle\"><div class=\"wp-block-group__inner-container is-layout-constrained wp-block-group-is-layout-constrained\">\n<h2 class=\"wp-block-heading\" id=\"h-chinese-grammar-the-key-to-mastering-mandarin\">Gramadach na S\u00edne: An Eochair chun M\u00e1istreacht a dh\u00e9anamh ar Mandair\u00ednis<\/h2>\n\n\n\n<p>An foghlaimeoir teanga uaillmhianach th\u00fa a bhfuil a radharc d\u00edrithe aige ar mh\u00e1istir na Mandair\u00edne? M\u00e1s ea, comhghairdeas! Is bealach iontach \u00e9 dul i ngleic leis an tS\u00ednis chun do mheon domhanda a leathn\u00fa, ceangal a dh\u00e9anamh le raon leathan cainteoir\u00ed, agus d\u00fashl\u00e1n a thabhairt duit f\u00e9in go hintleacht\u00fail. Mar sin f\u00e9in, le 1.2 billi\u00fan cainteoir d\u00fachais agus c\u00f3ras teanga at\u00e1 an-difri\u00fail \u00f3 theangacha an Iarthair, is f\u00e9idir le <a href=\"https:\/\/talkpal.ai\/grammar\/\">gramadach<\/a> na S\u00edne a bheith scanr\u00fail go leor. N\u00e1 b\u00edodh eagla ort! L\u00e9igh ar aghaidh le haghaidh c\u00farsa tuairte\u00e1la at\u00e1 cairdi\u00fail do thosaitheoir\u00ed ar ghramadach na S\u00edne at\u00e1 tarraingteach agus faisn\u00e9iseach.<\/p>\n\n\n\n<p><strong>An ch\u00e9ad rud ar dt\u00fas: d\u00e9an dearmad ar an m\u00e9id at\u00e1 ar eolas agat faoi theangacha na hEorpa!<\/strong><\/p>\n\n\n\n<p>Ceann de na c\u00faiseanna is m\u00f3 a bhfuil <a href=\"https:\/\/talkpal.ai\/talkpal-discount-for-students\/\">mic l\u00e9inn<\/a> teanga imeaglaithe ag <a href=\"https:\/\/talkpal.ai\/grammar\/\">gramadach<\/a> na S\u00edne n\u00e1 go bhfuil s\u00e9 radacach difri\u00fail \u00f3n strucht\u00far &#8220;\u00e1bhar-briathar-rud&#8221; a bhfuil muid cleachtaithe leis i dteangacha cos\u00fail le <a href=\"https:\/\/talkpal.ai\/learn-english-with-ai\/\">B\u00e9arla<\/a>, <a href=\"https:\/\/talkpal.ai\/ga\/ag-labhairt-spainnis\/\">Sp\u00e1innis<\/a>, n\u00f3 Fraincis. Mar sin, glac an\u00e1il dhomhain, agus d\u00e9anaimis tumadh isteach i cruinne \u00farnua de rialacha agus coincheapa teangeola\u00edocha!<\/p>\n\n\n\n<h3 class=\"wp-block-heading\" id=\"h-1-word-order-is-king\">1. Is \u00e9 ord focal r\u00ed<\/h3>\n\n\n\n<p>C\u00e9 nach bhfuil aon aimsir, conjugations briathra, n\u00f3 iolra i ngramadach na S\u00edne, t\u00e1 strucht\u00far abairte ceart r\u00edth\u00e1bhachtach. Mar sin, conas a bhaint amach ord ceart focal? I bhformh\u00f3r na gc\u00e1sanna, lean an patr\u00fan &#8220;subject-verb-object&#8221; (cos\u00fail leis an mB\u00e9arla). Mar shampla:<\/p>\n\n\n\n<p><a href=\"https:\/\/talkpal.ai\/culture\/what-is-the-response-to-go-raibh-maith-agat\/\">Go raibh maith<\/a> agat.<br\/><a href=\"https:\/\/talkpal.ai\/learn-chinese\/\">S\u00ednis<\/a>: \u6211\u7231\u4f60\u3002 W\u01d2 \u00e0i n\u01d0.<\/p>\n\n\n\n<p>T\u00e1 strucht\u00fair n\u00edos casta ann ach beidh s\u00e9 n\u00edos \u00e9asca iad a thuiscint nuair a th\u00e9ann t\u00fa ar aghaidh.<\/p>\n\n\n\n<h3 class=\"wp-block-heading\" id=\"h-2-particles-particles-everywhere\">2. C\u00e1ithn\u00edn\u00ed, c\u00e1ithn\u00edn\u00ed i ngach \u00e1it!<\/h3>\n\n\n\n<p>I ngramadach na S\u00edne, t\u00e1 r\u00f3l r\u00edth\u00e1bhachtach ag c\u00e1ithn\u00edn\u00ed <a href=\"https:\/\/talkpal.ai\/ga\/maidir\/\">maidir<\/a> le br\u00ed a <a href=\"https:\/\/talkpal.ai\/locations\/language-courses-in-chur\/\">chur<\/a> in i\u00fal. Ceann de na c\u00e1ithn\u00edn\u00ed is coitianta is ea &#8220;\u4e86 (le),&#8221; a l\u00e9ir\u00edonn gn\u00edomh cr\u00edochnaithe. Mar shampla:<\/p>\n\n\n\n<p>\u6211\u5403\u4e86\u3002 W\u01d2 ch\u012b le. &#8211; &#8220;D&#8217;ith m\u00e9.&#8221;<\/p>\n\n\n\n<p>C\u00e1ithn\u00edn coitianta eile is ea &#8220;\u5427 (ba),&#8221; a iompa\u00edonn r\u00e1iteas ina mholadh n\u00f3 ina cheist:<\/p>\n\n\n\n<p>\u8d70\u5427!Z\u01d2u ba! &#8211; &#8220;A ligean ar dul!&#8221;<\/p>\n\n\n\n<p>T\u00e1 tuiscint a fh\u00e1il ar fheidhmeanna c\u00e1ithn\u00edn\u00ed \u00e9ags\u00fala r\u00edth\u00e1bhachtach chun m\u00e1istreacht a fh\u00e1il ar nuances <a href=\"https:\/\/talkpal.ai\/ga\/cleachtai-gramadai-na-hisiltire\/\">gramada\u00ed na<\/a> S\u00edne.<\/p>\n\n\n\n<h3 class=\"wp-block-heading\" id=\"h-3-measure-words-quality-not-quantity\">3. Tomhais focail: c\u00e1il\u00edocht, n\u00ed cainn\u00edocht<\/h3>\n\n\n\n<p>Sa tS\u00ednis, n\u00edl iolra ag ainmfhocail. Ina \u00e1it sin, \u00fas\u00e1ideann siad focail tomhais (ar a dtugtar aicmitheoir\u00ed freisin) chun cainn\u00edocht a chur in i\u00fal. Cuirtear focail tomhais idir an uimhir agus an t-ainmfhocal. Mar shampla:<\/p>\n\n\n\n<p>\u4e00\u672c\u4e66 \u2013 Y\u012b b\u011bn sh\u016b \u2013 &#8220;leabhar amh\u00e1in&#8221;<\/p>\n\n\n\n<p>Tabhair faoi deara an \u00fas\u00e1id a bhaintear as \u672c (b\u011bn) mar fhocal tomhais do leabhair. Teasta\u00edonn focail tomhais \u00e9ags\u00fala \u00f3 ainmfhocail \u00e9ags\u00fala, agus c\u00e9 go bhf\u00e9adfadh s\u00e9 seo a bheith mearbhall ar dt\u00fas, beidh s\u00e9 ina dara n\u00e1d\u00far le cleachtadh.<\/p>\n\n\n\n<h3 class=\"wp-block-heading\" id=\"h-4-the-magic-of-compound-words\">4. Dra\u00edocht na bhfocal cumaisc<\/h3>\n\n\n\n<p>T\u00e1 an tS\u00ednis l\u00e1n d&#8217;fhocail chumaisc, a fhoirm\u00edtear tr\u00ed dh\u00e1 charachtar n\u00f3 n\u00edos m\u00f3 a chur le ch\u00e9ile. N\u00ed hamh\u00e1in go nd\u00e9anann s\u00e9 seo foghlaim st\u00f3r focal a shimpli\u00fa, ach ceada\u00edonn s\u00e9 \u00edomh\u00e1nna agus comhth\u00e9acs beoga freisin. Mar shampla:<\/p>\n\n\n\n<p>\u706b\u8f66 &#8211; Hu\u01d2ch\u0113 &#8211; &#8220;traein&#8221; (go litri\u00fail: &#8220;feithicil d\u00f3ite\u00e1in&#8221;)<br\/>\u7535\u8bdd &#8211; Di\u00e0nhu\u00e0 &#8211; &#8220;teileaf\u00f3n&#8221; (go litri\u00fail: &#8220;urlabhra leictreach&#8221;)<\/p>\n\n\n\n<p>Tr\u00ed bhr\u00ed na gcarachtar aonair a thuiscint, is f\u00e9idir leat br\u00ed na bhfocal cumaisc nach raibh t\u00fa riamh roimhe seo a bhaint amach go h\u00e9asca.<\/p>\n\n\n\n<h3 class=\"wp-block-heading\" id=\"h-5-no-tenses-no-problem\">5. Gan aon aimsir? N\u00ed faic \u00e9!<\/h3>\n\n\n\n<p>Ceann de na gn\u00e9ithe is athnuachana den tS\u00ednis is ea an easpa comhchuingithe briathar d&#8217;aimsir \u00e9ags\u00fala. Ach conas a chuireann t\u00fa am in i\u00fal? Simpl\u00ed! Cuir focail san \u00e1ireamh a l\u00e9ir\u00edonn an fr\u00e1ma ama, mar shampla:<\/p>\n\n\n\n<p>\u6628\u5929 \u2013 Zu\u00f3ti\u0101n \u2013 &#8220;inn\u00e9&#8221;<br\/>\u660e\u5929 \u2013 M\u00edngti\u0101n \u2013 &#8220;am\u00e1rach&#8221;<\/p>\n\n\n\n<p><strong>Mar shampla:<\/strong><\/p>\n\n\n\n<p>\u6211\u6628\u5929\u5403\u4e86\u996d\u3002 W\u01d2 zu\u00f3ti\u0101n ch\u012b le f\u00e0n. &#8211; &#8220;D&#8217;ith m\u00e9 bia inn\u00e9.&#8221;<br\/>\u6211\u660e\u5929\u5403\u996d\u3002 W\u01d2 m\u00edngti\u0101n ch\u012b f\u00e0n. &#8211; &#8220;Beidh m\u00e9 ag ithe bia am\u00e1rach.&#8221;<\/p>\n\n\n\n<p>Comhghairdeas! T\u00e1 na ch\u00e9ad ch\u00e9imeanna glactha agat i dtreo m\u00e1istreacht a dh\u00e9anamh ar ghramadach na S\u00edne. Cuimhnigh: d\u00e9anann cleachtas foirfe. Mar sin, n\u00e1 c\u00fathail \u00f3 strucht\u00fair ghramada\u00ed nua a ini\u00fachadh, comhr\u00e1 a dh\u00e9anamh le cainteoir\u00ed d\u00fachais, agus do bhun\u00fas a threisi\u00fa. T\u00e1 domhan na Mandair\u00ednis ag fanacht leat \u2013 foghlaim shona!<\/p>\n<\/div><\/div>\n\r\n<section class=\"learnNavigationSection\">\r\n            \r\n        <a href=\"https:\/\/talkpal.ai\/ga\/foghlaim-sinis\/\">\r\n            <div class=\"learnNavigationWrapper\">\r\n                <div class=\"learnNavigationContent\">\r\n                    <img decoding=\"async\" src=\"https:\/\/talkpal.ai\/wp-content\/uploads\/2024\/08\/Chinese.jpg\" alt=\"Chinese Flag\u00a0\">\r\n                    <div>\r\n                        <h4>Maidir le Foghlaim na S\u00edne<\/h4>\r\n                        <p>Faigh amach gach rud faoi ghramadach na S\u00edne.<\/p>\r\n                    <\/div>\r\n                <\/div>\r\n            <\/div>\r\n        <\/a>\r\n\r\n        \r\n        <a href=\"https:\/\/talkpal.ai\/ga\/cleachtai-gramadai-na-sinise\/\">\r\n            <div class=\"learnNavigationWrapper\">\r\n                <div class=\"learnNavigationContent\">\r\n                    <img decoding=\"async\" src=\"https:\/\/talkpal.ai\/wp-content\/uploads\/2024\/08\/Chinese.jpg\" alt=\"Chinese Flag\u00a0\">\r\n                    <div>\r\n                        <h4>Cleachtadh Gramada\u00ed na S\u00edne<\/h4>\r\n                        <p>Cleachtadh gramadach na S\u00edne.<\/p>\r\n                    <\/div>\r\n                <\/div>\r\n            <\/div>\r\n        <\/a>\r\n\r\n        \r\n        <a href=\"https:\/\/talkpal.ai\/vocabulary_language\/chinese\/\">\r\n            <div class=\"learnNavigationWrapper\">\r\n                <div class=\"learnNavigationContent\">\r\n                    <img decoding=\"async\" src=\"https:\/\/talkpal.ai\/wp-content\/uploads\/2024\/08\/Chinese.jpg\" alt=\"Chinese Flag\u00a0\">\r\n                    <div>\r\n                        <h4>St\u00f3r Focal na S\u00edne<\/h4>\r\n                        <p>Leathnaigh do st\u00f3r focal S\u00ednise.<\/p>\r\n                    <\/div>\r\n                <\/div>\r\n            <\/div>\r\n        <\/a>\r\n\r\n            <\/section>","protected":false},"excerpt":{"rendered":"<p>Gramadach na S\u00edne: An Eochair chun M\u00e1istreacht a dh\u00e9anamh ar Mandair\u00ednis An foghlaimeoir teanga uaillmhianach th\u00fa a bhfuil a radharc d\u00edrithe aige ar mh\u00e1istir na Mandair\u00edne? M\u00e1s ea, comhghairdeas! Is bealach iontach \u00e9 dul i ngleic leis an tS\u00ednis chun do mheon domhanda a leathn\u00fa, ceangal a dh\u00e9anamh le raon leathan cainteoir\u00ed, agus d\u00fashl\u00e1n a [&hellip;]<\/p>\n","protected":false},"author":1,"featured_media":1441643,"parent":0,"menu_order":0,"comment_status":"closed","ping_status":"closed","template":"LearningContentPage.php","meta":{"_acf_changed":false,"footnotes":""},"class_list":["post-1443972","page","type-page","status-publish","has-post-thumbnail","hentry"],"acf":[],"yoast_head":"<!-- This site is optimized with the Yoast SEO Premium plugin v27.2 (Yoast SEO v27.2) - https:\/\/yoast.com\/product\/yoast-seo-premium-wordpress\/ -->\n<title>Gramadach na S\u00edne - Talkpal<\/title>\n<meta name=\"description\" content=\"D\u00edghlas\u00e1il r\u00fain Ghramada\u00ed na S\u00edne chun tuiscint n\u00edos fearr a fh\u00e1il ar theanga agus ar chult\u00far na S\u00edne.\" \/>\n<meta name=\"robots\" content=\"index, follow, max-snippet:-1, max-image-preview:large, max-video-preview:-1\" \/>\n<link rel=\"canonical\" href=\"https:\/\/talkpal.ai\/ga\/gramadach-na-sine\/\" \/>\n<meta property=\"og:locale\" content=\"ga_IE\" \/>\n<meta property=\"og:type\" content=\"article\" \/>\n<meta property=\"og:title\" content=\"Gramadach na S\u00edne\" \/>\n<meta property=\"og:description\" content=\"Gramadach na S\u00edne: An Eochair chun M\u00e1istreacht a dh\u00e9anamh ar Mandair\u00ednis An foghlaimeoir teanga uaillmhianach th\u00fa a bhfuil a radharc d\u00edrithe aige ar\" \/>\n<meta property=\"og:url\" content=\"https:\/\/talkpal.ai\/ga\/gramadach-na-sine\/\" \/>\n<meta property=\"og:site_name\" content=\"Talkpal\" \/>\n<meta property=\"article:publisher\" content=\"https:\/\/www.facebook.com\/profile.php?id=100090733639311\" \/>\n<meta property=\"article:modified_time\" content=\"2025-09-06T19:19:19+00:00\" \/>\n<meta property=\"og:image\" content=\"https:\/\/talkpal.ai\/wp-content\/uploads\/2023\/04\/china.png\" \/>\n\t<meta property=\"og:image:width\" content=\"512\" \/>\n\t<meta property=\"og:image:height\" content=\"512\" \/>\n\t<meta property=\"og:image:type\" content=\"image\/png\" \/>\n<meta name=\"twitter:card\" content=\"summary_large_image\" \/>\n<meta name=\"twitter:site\" content=\"@talkpalai\" \/>\n<meta name=\"twitter:label1\" content=\"Est. reading time\" \/>\n\t<meta name=\"twitter:data1\" content=\"4 minutes\" \/>\n<script type=\"application\/ld+json\" class=\"yoast-schema-graph\">{\"@context\":\"https:\/\/schema.org\",\"@graph\":[{\"@type\":\"WebPage\",\"@id\":\"https:\/\/talkpal.ai\/ga\/gramadach-na-sine\/\",\"url\":\"https:\/\/talkpal.ai\/ga\/gramadach-na-sine\/\",\"name\":\"Gramadach na S\u00edne - Talkpal\",\"isPartOf\":{\"@id\":\"https:\/\/talkpal.ai\/ga\/#website\"},\"primaryImageOfPage\":{\"@id\":\"https:\/\/talkpal.ai\/ga\/gramadach-na-sine\/#primaryimage\"},\"image\":{\"@id\":\"https:\/\/talkpal.ai\/ga\/gramadach-na-sine\/#primaryimage\"},\"thumbnailUrl\":\"https:\/\/talkpal.ai\/wp-content\/uploads\/2023\/04\/china.png\",\"datePublished\":\"2023-05-14T13:48:36+00:00\",\"dateModified\":\"2025-09-06T19:19:19+00:00\",\"description\":\"D\u00edghlas\u00e1il r\u00fain Ghramada\u00ed na S\u00edne chun tuiscint n\u00edos fearr a fh\u00e1il ar theanga agus ar chult\u00far na S\u00edne.\",\"breadcrumb\":{\"@id\":\"https:\/\/talkpal.ai\/ga\/gramadach-na-sine\/#breadcrumb\"},\"inLanguage\":\"ga-IE\",\"potentialAction\":[{\"@type\":\"ReadAction\",\"target\":[\"https:\/\/talkpal.ai\/ga\/gramadach-na-sine\/\"]}]},{\"@type\":\"ImageObject\",\"inLanguage\":\"ga-IE\",\"@id\":\"https:\/\/talkpal.ai\/ga\/gramadach-na-sine\/#primaryimage\",\"url\":\"https:\/\/talkpal.ai\/wp-content\/uploads\/2023\/04\/china.png\",\"contentUrl\":\"https:\/\/talkpal.ai\/wp-content\/uploads\/2023\/04\/china.png\",\"width\":512,\"height\":512,\"caption\":\"TalkPal Catalan Flag\"},{\"@type\":\"BreadcrumbList\",\"@id\":\"https:\/\/talkpal.ai\/ga\/gramadach-na-sine\/#breadcrumb\",\"itemListElement\":[{\"@type\":\"ListItem\",\"position\":1,\"name\":\"Homepage\",\"item\":\"https:\/\/talkpal.ai\/ga\/\"},{\"@type\":\"ListItem\",\"position\":2,\"name\":\"Gramadach na S\u00edne\"}]},{\"@type\":\"WebSite\",\"@id\":\"https:\/\/talkpal.ai\/ga\/#website\",\"url\":\"https:\/\/talkpal.ai\/ga\/\",\"name\":\"Talkpal\",\"description\":\"AI Language Learning\",\"publisher\":{\"@id\":\"https:\/\/talkpal.ai\/ga\/#organization\"},\"alternateName\":\"Talkpal AI\",\"potentialAction\":[{\"@type\":\"SearchAction\",\"target\":{\"@type\":\"EntryPoint\",\"urlTemplate\":\"https:\/\/talkpal.ai\/ga\/?s={search_term_string}\"},\"query-input\":{\"@type\":\"PropertyValueSpecification\",\"valueRequired\":true,\"valueName\":\"search_term_string\"}}],\"inLanguage\":\"ga-IE\"},{\"@type\":\"Organization\",\"@id\":\"https:\/\/talkpal.ai\/ga\/#organization\",\"name\":\"Talkpal, Inc.\",\"alternateName\":\"Talkpal AI\",\"url\":\"https:\/\/talkpal.ai\/ga\/\",\"logo\":{\"@type\":\"ImageObject\",\"inLanguage\":\"ga-IE\",\"@id\":\"https:\/\/talkpal.ai\/ga\/#\/schema\/logo\/image\/\",\"url\":\"https:\/\/talkpal.ai\/wp-content\/uploads\/2024\/03\/Talkpal-Logo-Icon.png\",\"contentUrl\":\"https:\/\/talkpal.ai\/wp-content\/uploads\/2024\/03\/Talkpal-Logo-Icon.png\",\"width\":2880,\"height\":2880,\"caption\":\"Talkpal, Inc.\"},\"image\":{\"@id\":\"https:\/\/talkpal.ai\/ga\/#\/schema\/logo\/image\/\"},\"sameAs\":[\"https:\/\/www.facebook.com\/profile.php?id=100090733639311\",\"https:\/\/x.com\/talkpalai\",\"https:\/\/www.linkedin.com\/company\/talkpal\/\",\"https:\/\/www.youtube.com\/@TalkPal\/\",\"https:\/\/www.tiktok.com\/@talkpal\",\"https:\/\/www.instagram.com\/talkpal_ai\/\",\"https:\/\/www.crunchbase.com\/organization\/talkpal-9cde\",\"https:\/\/www.g2.com\/products\/talkpal-for-business\/\",\"https:\/\/www.trustpilot.com\/review\/talkpal.ai\",\"https:\/\/www.capterra.com\/p\/10006800\/TalkPal\/\"],\"description\":\"Talkpal is a language learning web and mobile education app, powered by the latest AI technologies, that provides engaging experiences to its customers in many different languages to help them improve their language skills. Users can chat about unlimited amount of topics with the app and use other modes to practice their language learning.\",\"email\":\"support@talkpal.ai\",\"legalName\":\"Talkpal, Inc.\",\"foundingDate\":\"2023-04-03\",\"duns\":\"118989042\",\"numberOfEmployees\":{\"@type\":\"QuantitativeValue\",\"minValue\":\"11\",\"maxValue\":\"50\"},\"publishingPrinciples\":\"https:\/\/talkpal.ai\/publishing-principles\/\",\"actionableFeedbackPolicy\":\"https:\/\/talkpal.ai\/actionable-feedback-policy\/\",\"correctionsPolicy\":\"https:\/\/talkpal.ai\/corrections-policy\/\",\"ethicsPolicy\":\"https:\/\/talkpal.ai\/ethics-policy\/\",\"diversityPolicy\":\"https:\/\/talkpal.ai\/diversity-policy\/\",\"diversityStaffingReport\":\"https:\/\/talkpal.ai\/diversity-policy\/\"}]}<\/script>\n<!-- \/ Yoast SEO Premium plugin. -->","yoast_head_json":{"title":"Gramadach na S\u00edne - Talkpal","description":"D\u00edghlas\u00e1il r\u00fain Ghramada\u00ed na S\u00edne chun tuiscint n\u00edos fearr a fh\u00e1il ar theanga agus ar chult\u00far na S\u00edne.","robots":{"index":"index","follow":"follow","max-snippet":"max-snippet:-1","max-image-preview":"max-image-preview:large","max-video-preview":"max-video-preview:-1"},"canonical":"https:\/\/talkpal.ai\/ga\/gramadach-na-sine\/","og_locale":"ga_IE","og_type":"article","og_title":"Gramadach na S\u00edne","og_description":"Gramadach na S\u00edne: An Eochair chun M\u00e1istreacht a dh\u00e9anamh ar Mandair\u00ednis An foghlaimeoir teanga uaillmhianach th\u00fa a bhfuil a radharc d\u00edrithe aige ar","og_url":"https:\/\/talkpal.ai\/ga\/gramadach-na-sine\/","og_site_name":"Talkpal","article_publisher":"https:\/\/www.facebook.com\/profile.php?id=100090733639311","article_modified_time":"2025-09-06T19:19:19+00:00","og_image":[{"width":512,"height":512,"url":"https:\/\/talkpal.ai\/wp-content\/uploads\/2023\/04\/china.png","type":"image\/png"}],"twitter_card":"summary_large_image","twitter_site":"@talkpalai","twitter_misc":{"Est. reading time":"4 minutes"},"schema":{"@context":"https:\/\/schema.org","@graph":[{"@type":"WebPage","@id":"https:\/\/talkpal.ai\/ga\/gramadach-na-sine\/","url":"https:\/\/talkpal.ai\/ga\/gramadach-na-sine\/","name":"Gramadach na S\u00edne - Talkpal","isPartOf":{"@id":"https:\/\/talkpal.ai\/ga\/#website"},"primaryImageOfPage":{"@id":"https:\/\/talkpal.ai\/ga\/gramadach-na-sine\/#primaryimage"},"image":{"@id":"https:\/\/talkpal.ai\/ga\/gramadach-na-sine\/#primaryimage"},"thumbnailUrl":"https:\/\/talkpal.ai\/wp-content\/uploads\/2023\/04\/china.png","datePublished":"2023-05-14T13:48:36+00:00","dateModified":"2025-09-06T19:19:19+00:00","description":"D\u00edghlas\u00e1il r\u00fain Ghramada\u00ed na S\u00edne chun tuiscint n\u00edos fearr a fh\u00e1il ar theanga agus ar chult\u00far na S\u00edne.","breadcrumb":{"@id":"https:\/\/talkpal.ai\/ga\/gramadach-na-sine\/#breadcrumb"},"inLanguage":"ga-IE","potentialAction":[{"@type":"ReadAction","target":["https:\/\/talkpal.ai\/ga\/gramadach-na-sine\/"]}]},{"@type":"ImageObject","inLanguage":"ga-IE","@id":"https:\/\/talkpal.ai\/ga\/gramadach-na-sine\/#primaryimage","url":"https:\/\/talkpal.ai\/wp-content\/uploads\/2023\/04\/china.png","contentUrl":"https:\/\/talkpal.ai\/wp-content\/uploads\/2023\/04\/china.png","width":512,"height":512,"caption":"TalkPal Catalan Flag"},{"@type":"BreadcrumbList","@id":"https:\/\/talkpal.ai\/ga\/gramadach-na-sine\/#breadcrumb","itemListElement":[{"@type":"ListItem","position":1,"name":"Homepage","item":"https:\/\/talkpal.ai\/ga\/"},{"@type":"ListItem","position":2,"name":"Gramadach na S\u00edne"}]},{"@type":"WebSite","@id":"https:\/\/talkpal.ai\/ga\/#website","url":"https:\/\/talkpal.ai\/ga\/","name":"Talkpal","description":"AI Language Learning","publisher":{"@id":"https:\/\/talkpal.ai\/ga\/#organization"},"alternateName":"Talkpal AI","potentialAction":[{"@type":"SearchAction","target":{"@type":"EntryPoint","urlTemplate":"https:\/\/talkpal.ai\/ga\/?s={search_term_string}"},"query-input":{"@type":"PropertyValueSpecification","valueRequired":true,"valueName":"search_term_string"}}],"inLanguage":"ga-IE"},{"@type":"Organization","@id":"https:\/\/talkpal.ai\/ga\/#organization","name":"Talkpal, Inc.","alternateName":"Talkpal AI","url":"https:\/\/talkpal.ai\/ga\/","logo":{"@type":"ImageObject","inLanguage":"ga-IE","@id":"https:\/\/talkpal.ai\/ga\/#\/schema\/logo\/image\/","url":"https:\/\/talkpal.ai\/wp-content\/uploads\/2024\/03\/Talkpal-Logo-Icon.png","contentUrl":"https:\/\/talkpal.ai\/wp-content\/uploads\/2024\/03\/Talkpal-Logo-Icon.png","width":2880,"height":2880,"caption":"Talkpal, Inc."},"image":{"@id":"https:\/\/talkpal.ai\/ga\/#\/schema\/logo\/image\/"},"sameAs":["https:\/\/www.facebook.com\/profile.php?id=100090733639311","https:\/\/x.com\/talkpalai","https:\/\/www.linkedin.com\/company\/talkpal\/","https:\/\/www.youtube.com\/@TalkPal\/","https:\/\/www.tiktok.com\/@talkpal","https:\/\/www.instagram.com\/talkpal_ai\/","https:\/\/www.crunchbase.com\/organization\/talkpal-9cde","https:\/\/www.g2.com\/products\/talkpal-for-business\/","https:\/\/www.trustpilot.com\/review\/talkpal.ai","https:\/\/www.capterra.com\/p\/10006800\/TalkPal\/"],"description":"Talkpal is a language learning web and mobile education app, powered by the latest AI technologies, that provides engaging experiences to its customers in many different languages to help them improve their language skills. Users can chat about unlimited amount of topics with the app and use other modes to practice their language learning.","email":"support@talkpal.ai","legalName":"Talkpal, Inc.","foundingDate":"2023-04-03","duns":"118989042","numberOfEmployees":{"@type":"QuantitativeValue","minValue":"11","maxValue":"50"},"publishingPrinciples":"https:\/\/talkpal.ai\/publishing-principles\/","actionableFeedbackPolicy":"https:\/\/talkpal.ai\/actionable-feedback-policy\/","correctionsPolicy":"https:\/\/talkpal.ai\/corrections-policy\/","ethicsPolicy":"https:\/\/talkpal.ai\/ethics-policy\/","diversityPolicy":"https:\/\/talkpal.ai\/diversity-policy\/","diversityStaffingReport":"https:\/\/talkpal.ai\/diversity-policy\/"}]}},"_links":{"self":[{"href":"https:\/\/talkpal.ai\/ga\/wp-json\/wp\/v2\/pages\/1443972","targetHints":{"allow":["GET"]}}],"collection":[{"href":"https:\/\/talkpal.ai\/ga\/wp-json\/wp\/v2\/pages"}],"about":[{"href":"https:\/\/talkpal.ai\/ga\/wp-json\/wp\/v2\/types\/page"}],"author":[{"embeddable":true,"href":"https:\/\/talkpal.ai\/ga\/wp-json\/wp\/v2\/users\/1"}],"replies":[{"embeddable":true,"href":"https:\/\/talkpal.ai\/ga\/wp-json\/wp\/v2\/comments?post=1443972"}],"version-history":[{"count":0,"href":"https:\/\/talkpal.ai\/ga\/wp-json\/wp\/v2\/pages\/1443972\/revisions"}],"wp:featuredmedia":[{"embeddable":true,"href":"https:\/\/talkpal.ai\/ga\/wp-json\/wp\/v2\/media\/1441643"}],"wp:attachment":[{"href":"https:\/\/talkpal.ai\/ga\/wp-json\/wp\/v2\/media?parent=1443972"}],"curies":[{"name":"wp","href":"https:\/\/api.w.org\/{rel}","templated":true}]}}