{"id":1443152,"date":"2023-12-05T11:40:43","date_gmt":"2023-12-05T11:40:43","guid":{"rendered":"https:\/\/talkpal.ai\/teastais-teanga-na-gearmainise\/"},"modified":"2026-01-07T15:03:59","modified_gmt":"2026-01-07T15:03:59","slug":"teastais-teanga-na-gearmainise","status":"publish","type":"page","link":"https:\/\/talkpal.ai\/ga\/teastais-teanga-na-gearmainise\/","title":{"rendered":"Teastais Teanga na Gearm\u00e1inise"},"content":{"rendered":"\r\n\r\n\r\n<section class=\"languageChallengeSection\">\r\n    <div class=\"languageInfoWrapper\">\r\n        \r\n        <h1>Teastais Teanga na Gearm\u00e1inise<\/h1>\r\n        <p>Is aip foghlama teanga a ghintear ag AI \u00e9 TalkPal a chabhr\u00f3idh le h\u00fas\u00e1ideoir\u00ed ullmh\u00fa do na scr\u00faduithe B\u00e9arla seo. Le f\u00f3cas pr\u00edomh\u00fail ar scileanna labhartha agus \u00e9isteachta a fheabhs\u00fa, sol\u00e1thra\u00edonn TalkPal comhr\u00e1ite idirghn\u00edomhacha r\u00e9ala\u00edocha agus cleachtas fuaimni\u00fa. Ligeann a n\u00e1d\u00far AI aiseolas pearsantaithe, ag cabhr\u00fa le h\u00fas\u00e1ideoir\u00ed a ndul chun cinn agus r\u00e9ims\u00ed a fheabhs\u00fa a thuiscint. Is minic a dh\u00e9antar inni\u00falacht na Gearm\u00e1inise a mheas tr\u00ed roinnt scr\u00faduithe cos\u00fail leis an TestDaF, Goethe-Zertifikat, DSH, \u00d6SD, agus telc. Sol\u00e1thra\u00edonn na scr\u00faduithe seo meast\u00f3ireacht ar chumais cainteoir neamhdh\u00fachais sa Ghearm\u00e1inis agus aithn\u00edtear go forleathan iad mar dheimhnithe inni\u00falachta foirmi\u00fala. T\u00e1 tr\u00e9ithe sonracha ag gach t\u00e1st\u00e1il a dh\u00e9anann idirdheal\u00fa idir \u00ed agus t\u00e1st\u00e1lacha eile i dt\u00e9arma\u00ed leibh\u00e9al inni\u00falachta teanga, \u00fas\u00e1id feidhmchl\u00e1r, agus c\u00f3ras sc\u00f3r\u00e1la.<\/p>\r\n\r\n                \r\n    <\/div>\r\n\r\n    <figure>\r\n    <img decoding=\"async\" width=\"768\" height=\"768\" src=\"https:\/\/talkpal.ai\/wp-content\/uploads\/2026\/01\/group-with-phone-in-circle-768x768.webp\" class=\"languageImage no-lazy\" alt=\"Default alt text\" fetchpriority=\"high\" sizes=\"(max-width: 768px) 150px, 768px\" srcset=\"https:\/\/talkpal.ai\/wp-content\/uploads\/2026\/01\/group-with-phone-in-circle-768x768.webp 768w, https:\/\/talkpal.ai\/wp-content\/uploads\/2026\/01\/group-with-phone-in-circle-300x300.webp 300w\" \/>\r\n    \r\n\r\n    <\/figure>\r\n\r\n    \r\n<\/section>\n<div class=\"wp-block-group pageContainerStyle\"><div class=\"wp-block-group__inner-container is-layout-constrained wp-block-group-is-layout-constrained\">\n<h2 class=\"wp-block-heading\" id=\"h-german-language-certificates\">Teastais Teanga na Gearm\u00e1inise<\/h2>\n\n\n\r\n                    <div class=\"methodWraper\">\r\n            <div class=\"methodContent\">\r\n                <img decoding=\"async\" src=\"https:\/\/talkpal.ai\/wp-content\/uploads\/2025\/05\/check_icon.png\" alt=\"Checkmark Icon\">\r\n                <h3>T\u00e1st\u00e1ilDaF:<\/h3>\r\n            <\/div>\r\n            <p>TestDaF (Test Deutsch als Fremdsprache): Is t\u00e1st\u00e1il chaighde\u00e1naithe \u00e9 seo at\u00e1 deartha d&#039;fhoghlaimeoir\u00ed eachtracha na Gearm\u00e1inise a bhfuil s\u00e9 ar intinn acu staid\u00e9ar a dh\u00e9anamh n\u00f3 taighde a dh\u00e9anamh sa Ghearm\u00e1in. D\u00e9anann an scr\u00fad\u00fa t\u00e1st\u00e1il ar inni\u00falacht an iarrth\u00f3ra i ngach ceann de na ceithre ghn\u00e9 d&#039;fhoghlaim teanga \u2013 l\u00e9itheoireacht, scr\u00edbhneoireacht, \u00e9isteacht agus labhairt.<\/p>\r\n        <\/div>\r\n                    <div class=\"methodWraper\">\r\n            <div class=\"methodContent\">\r\n                <img decoding=\"async\" src=\"https:\/\/talkpal.ai\/wp-content\/uploads\/2025\/05\/check_icon.png\" alt=\"Checkmark Icon\">\r\n                <h3>Goethe-Zertifikat:<\/h3>\r\n            <\/div>\r\n            <p>T\u00e1 Goethe-Zertifikat aitheanta ar fud an domhain, t\u00e1 roinnt leibh\u00e9il \u00e9ags\u00fala ag an t\u00e1st\u00e1il Goethe-Zertifikat chun freastal ar leibh\u00e9al inni\u00falachta foghlaimeoir\u00ed \u00e9ags\u00fala. T\u00e1 s\u00e9 roinnte ina sh\u00e9 mhod\u00fal: A1 (tosaitheoir\u00ed), A2, B1, B2, C1, agus C2 (n\u00edos fearr).<\/p>\r\n        <\/div>\r\n                    <div class=\"methodWraper\">\r\n            <div class=\"methodContent\">\r\n                <img decoding=\"async\" src=\"https:\/\/talkpal.ai\/wp-content\/uploads\/2025\/05\/check_icon.png\" alt=\"Checkmark Icon\">\r\n                <h3>DSH:<\/h3>\r\n            <\/div>\r\n            <p>DSH (Deutsche Sprachpr\u00fcfung f\u00fcr den Hochschulzugang): T\u00e1 an scr\u00fad\u00fa seo d\u00edrithe orthu si\u00fad ar mian leo staid\u00e9ar a dh\u00e9anamh in ollscoil na Gearm\u00e1ine agus ar g\u00e1 d\u00f3ibh a n-inni\u00falacht teanga a l\u00e9iri\u00fa. Is gn\u00e1ch go dtairgtear DSH tr\u00ed ollscoileanna, agus is gn\u00e1ch go mb\u00edonn an pasmharc ard go leor.<\/p>\r\n        <\/div>\r\n                    <div class=\"methodWraper\">\r\n            <div class=\"methodContent\">\r\n                <img decoding=\"async\" src=\"https:\/\/talkpal.ai\/wp-content\/uploads\/2025\/05\/check_icon.png\" alt=\"Checkmark Icon\">\r\n                <h3>\u00d6SD:<\/h3>\r\n            <\/div>\r\n            <p>\u00d6SD (\u00d6sterreichisches Sprachdiplom Deutsch): Sol\u00e1thra\u00edonn teastas \u00d6SD cruth\u00fanas aitheanta go hidirn\u00e1isi\u00fanta ar chumas teanga na Gearm\u00e1ine. Le scr\u00faduithe \u00e9ags\u00fala chun freastal ar leibh\u00e9il \u00e9ags\u00fala inni\u00falachta, is rogha coitianta \u00e9 i measc foghlaimeoir\u00ed a bhfuil s\u00e9 mar aidhm acu tuiscint leathan a fh\u00e1il ar an teanga Ghearm\u00e1inis.<\/p>\r\n        <\/div>\r\n                    <div class=\"methodWraper\">\r\n            <div class=\"methodContent\">\r\n                <img decoding=\"async\" src=\"https:\/\/talkpal.ai\/wp-content\/uploads\/2025\/05\/check_icon.png\" alt=\"Checkmark Icon\">\r\n                <h3>Telc:<\/h3>\r\n            <\/div>\r\n            <p>telc (Na Teastais Eorpacha Teanga): Is c\u00f3ras caighde\u00e1naithe idirn\u00e1isi\u00fanta eile \u00e9 seo chun inni\u00falacht teanga a scr\u00fad\u00fa. Cuireann telc deimhnithe ar f\u00e1il do gach leibh\u00e9al, \u00f3 A1 go C2. T\u00e1 an f\u00f3cas ar ch\u00e1sanna laeth\u00fala agus san ionad oibre, rud a fh\u00e1gann go bhfuil an teastas \u00fas\u00e1ideach go h\u00e1irithe d\u00f3ibh si\u00fad at\u00e1 ag lorg fosta\u00edochta i dt\u00edortha ina labhra\u00edtear Gearm\u00e1inis.<\/p>\r\n        <\/div>\r\n    <\/div><\/div>\n","protected":false},"excerpt":{"rendered":"<p>Teastais Teanga na Gearm\u00e1inise<\/p>\n","protected":false},"author":8,"featured_media":1439960,"parent":0,"menu_order":0,"comment_status":"closed","ping_status":"closed","template":"simpleContentPage.php","meta":{"_acf_changed":false,"footnotes":""},"class_list":["post-1443152","page","type-page","status-publish","has-post-thumbnail","hentry"],"acf":[],"yoast_head":"<!-- This site is optimized with the Yoast SEO Premium plugin v27.2 (Yoast SEO v27.2) - https:\/\/yoast.com\/product\/yoast-seo-premium-wordpress\/ -->\n<title>Teastais Teanga na Gearm\u00e1inise - Talkpal<\/title>\n<meta name=\"description\" content=\"Tuilleamh Teastais Teanga Gearm\u00e1inise aitheanta - bail\u00edochtaigh do chuid scileanna agus luasgh\u00e9araigh do ghairm bheatha!\" \/>\n<meta name=\"robots\" content=\"index, follow, max-snippet:-1, max-image-preview:large, max-video-preview:-1\" \/>\n<link rel=\"canonical\" href=\"https:\/\/talkpal.ai\/ga\/teastais-teanga-na-gearmainise\/\" \/>\n<meta property=\"og:locale\" content=\"ga_IE\" \/>\n<meta property=\"og:type\" content=\"article\" \/>\n<meta property=\"og:title\" content=\"Teastais Teanga na Gearm\u00e1inise\" \/>\n<meta property=\"og:description\" content=\"Teastais Teanga na Gearm\u00e1inise\" \/>\n<meta property=\"og:url\" content=\"https:\/\/talkpal.ai\/ga\/teastais-teanga-na-gearmainise\/\" \/>\n<meta property=\"og:site_name\" content=\"Talkpal\" \/>\n<meta property=\"article:publisher\" content=\"https:\/\/www.facebook.com\/profile.php?id=100090733639311\" \/>\n<meta property=\"article:modified_time\" content=\"2026-01-07T15:03:59+00:00\" \/>\n<meta property=\"og:image\" content=\"https:\/\/talkpal.ai\/wp-content\/uploads\/2023\/03\/germany.png\" \/>\n\t<meta property=\"og:image:width\" content=\"512\" \/>\n\t<meta property=\"og:image:height\" content=\"512\" \/>\n\t<meta property=\"og:image:type\" content=\"image\/png\" \/>\n<meta name=\"twitter:card\" content=\"summary_large_image\" \/>\n<meta name=\"twitter:site\" content=\"@talkpalai\" \/>\n<script type=\"application\/ld+json\" class=\"yoast-schema-graph\">{\"@context\":\"https:\/\/schema.org\",\"@graph\":[{\"@type\":\"WebPage\",\"@id\":\"https:\/\/talkpal.ai\/ga\/teastais-teanga-na-gearmainise\/\",\"url\":\"https:\/\/talkpal.ai\/ga\/teastais-teanga-na-gearmainise\/\",\"name\":\"Teastais Teanga na Gearm\u00e1inise - Talkpal\",\"isPartOf\":{\"@id\":\"https:\/\/talkpal.ai\/ga\/#website\"},\"primaryImageOfPage\":{\"@id\":\"https:\/\/talkpal.ai\/ga\/teastais-teanga-na-gearmainise\/#primaryimage\"},\"image\":{\"@id\":\"https:\/\/talkpal.ai\/ga\/teastais-teanga-na-gearmainise\/#primaryimage\"},\"thumbnailUrl\":\"https:\/\/talkpal.ai\/wp-content\/uploads\/2023\/03\/germany.png\",\"datePublished\":\"2023-12-05T11:40:43+00:00\",\"dateModified\":\"2026-01-07T15:03:59+00:00\",\"description\":\"Tuilleamh Teastais Teanga Gearm\u00e1inise aitheanta - bail\u00edochtaigh do chuid scileanna agus luasgh\u00e9araigh do ghairm bheatha!\",\"breadcrumb\":{\"@id\":\"https:\/\/talkpal.ai\/ga\/teastais-teanga-na-gearmainise\/#breadcrumb\"},\"inLanguage\":\"ga-IE\",\"potentialAction\":[{\"@type\":\"ReadAction\",\"target\":[\"https:\/\/talkpal.ai\/ga\/teastais-teanga-na-gearmainise\/\"]}]},{\"@type\":\"ImageObject\",\"inLanguage\":\"ga-IE\",\"@id\":\"https:\/\/talkpal.ai\/ga\/teastais-teanga-na-gearmainise\/#primaryimage\",\"url\":\"https:\/\/talkpal.ai\/wp-content\/uploads\/2023\/03\/germany.png\",\"contentUrl\":\"https:\/\/talkpal.ai\/wp-content\/uploads\/2023\/03\/germany.png\",\"width\":512,\"height\":512,\"caption\":\"TalkPal AI foghlaim Gearm\u00e1inis\"},{\"@type\":\"BreadcrumbList\",\"@id\":\"https:\/\/talkpal.ai\/ga\/teastais-teanga-na-gearmainise\/#breadcrumb\",\"itemListElement\":[{\"@type\":\"ListItem\",\"position\":1,\"name\":\"Homepage\",\"item\":\"https:\/\/talkpal.ai\/ga\/\"},{\"@type\":\"ListItem\",\"position\":2,\"name\":\"Teastais Teanga na Gearm\u00e1inise\"}]},{\"@type\":\"WebSite\",\"@id\":\"https:\/\/talkpal.ai\/ga\/#website\",\"url\":\"https:\/\/talkpal.ai\/ga\/\",\"name\":\"Talkpal\",\"description\":\"AI Language Learning\",\"publisher\":{\"@id\":\"https:\/\/talkpal.ai\/ga\/#organization\"},\"alternateName\":\"Talkpal AI\",\"potentialAction\":[{\"@type\":\"SearchAction\",\"target\":{\"@type\":\"EntryPoint\",\"urlTemplate\":\"https:\/\/talkpal.ai\/ga\/?s={search_term_string}\"},\"query-input\":{\"@type\":\"PropertyValueSpecification\",\"valueRequired\":true,\"valueName\":\"search_term_string\"}}],\"inLanguage\":\"ga-IE\"},{\"@type\":\"Organization\",\"@id\":\"https:\/\/talkpal.ai\/ga\/#organization\",\"name\":\"Talkpal, Inc.\",\"alternateName\":\"Talkpal AI\",\"url\":\"https:\/\/talkpal.ai\/ga\/\",\"logo\":{\"@type\":\"ImageObject\",\"inLanguage\":\"ga-IE\",\"@id\":\"https:\/\/talkpal.ai\/ga\/#\/schema\/logo\/image\/\",\"url\":\"https:\/\/talkpal.ai\/wp-content\/uploads\/2024\/03\/Talkpal-Logo-Icon.png\",\"contentUrl\":\"https:\/\/talkpal.ai\/wp-content\/uploads\/2024\/03\/Talkpal-Logo-Icon.png\",\"width\":2880,\"height\":2880,\"caption\":\"Talkpal, Inc.\"},\"image\":{\"@id\":\"https:\/\/talkpal.ai\/ga\/#\/schema\/logo\/image\/\"},\"sameAs\":[\"https:\/\/www.facebook.com\/profile.php?id=100090733639311\",\"https:\/\/x.com\/talkpalai\",\"https:\/\/www.linkedin.com\/company\/talkpal\/\",\"https:\/\/www.youtube.com\/@TalkPal\/\",\"https:\/\/www.tiktok.com\/@talkpal\",\"https:\/\/www.instagram.com\/talkpal_ai\/\",\"https:\/\/www.crunchbase.com\/organization\/talkpal-9cde\",\"https:\/\/www.g2.com\/products\/talkpal-for-business\/\",\"https:\/\/www.trustpilot.com\/review\/talkpal.ai\",\"https:\/\/www.capterra.com\/p\/10006800\/TalkPal\/\"],\"description\":\"Talkpal is a language learning web and mobile education app, powered by the latest AI technologies, that provides engaging experiences to its customers in many different languages to help them improve their language skills. Users can chat about unlimited amount of topics with the app and use other modes to practice their language learning.\",\"email\":\"support@talkpal.ai\",\"legalName\":\"Talkpal, Inc.\",\"foundingDate\":\"2023-04-03\",\"duns\":\"118989042\",\"numberOfEmployees\":{\"@type\":\"QuantitativeValue\",\"minValue\":\"11\",\"maxValue\":\"50\"},\"publishingPrinciples\":\"https:\/\/talkpal.ai\/publishing-principles\/\",\"actionableFeedbackPolicy\":\"https:\/\/talkpal.ai\/actionable-feedback-policy\/\",\"correctionsPolicy\":\"https:\/\/talkpal.ai\/corrections-policy\/\",\"ethicsPolicy\":\"https:\/\/talkpal.ai\/ethics-policy\/\",\"diversityPolicy\":\"https:\/\/talkpal.ai\/diversity-policy\/\",\"diversityStaffingReport\":\"https:\/\/talkpal.ai\/diversity-policy\/\"}]}<\/script>\n<!-- \/ Yoast SEO Premium plugin. -->","yoast_head_json":{"title":"Teastais Teanga na Gearm\u00e1inise - Talkpal","description":"Tuilleamh Teastais Teanga Gearm\u00e1inise aitheanta - bail\u00edochtaigh do chuid scileanna agus luasgh\u00e9araigh do ghairm bheatha!","robots":{"index":"index","follow":"follow","max-snippet":"max-snippet:-1","max-image-preview":"max-image-preview:large","max-video-preview":"max-video-preview:-1"},"canonical":"https:\/\/talkpal.ai\/ga\/teastais-teanga-na-gearmainise\/","og_locale":"ga_IE","og_type":"article","og_title":"Teastais Teanga na Gearm\u00e1inise","og_description":"Teastais Teanga na Gearm\u00e1inise","og_url":"https:\/\/talkpal.ai\/ga\/teastais-teanga-na-gearmainise\/","og_site_name":"Talkpal","article_publisher":"https:\/\/www.facebook.com\/profile.php?id=100090733639311","article_modified_time":"2026-01-07T15:03:59+00:00","og_image":[{"width":512,"height":512,"url":"https:\/\/talkpal.ai\/wp-content\/uploads\/2023\/03\/germany.png","type":"image\/png"}],"twitter_card":"summary_large_image","twitter_site":"@talkpalai","schema":{"@context":"https:\/\/schema.org","@graph":[{"@type":"WebPage","@id":"https:\/\/talkpal.ai\/ga\/teastais-teanga-na-gearmainise\/","url":"https:\/\/talkpal.ai\/ga\/teastais-teanga-na-gearmainise\/","name":"Teastais Teanga na Gearm\u00e1inise - Talkpal","isPartOf":{"@id":"https:\/\/talkpal.ai\/ga\/#website"},"primaryImageOfPage":{"@id":"https:\/\/talkpal.ai\/ga\/teastais-teanga-na-gearmainise\/#primaryimage"},"image":{"@id":"https:\/\/talkpal.ai\/ga\/teastais-teanga-na-gearmainise\/#primaryimage"},"thumbnailUrl":"https:\/\/talkpal.ai\/wp-content\/uploads\/2023\/03\/germany.png","datePublished":"2023-12-05T11:40:43+00:00","dateModified":"2026-01-07T15:03:59+00:00","description":"Tuilleamh Teastais Teanga Gearm\u00e1inise aitheanta - bail\u00edochtaigh do chuid scileanna agus luasgh\u00e9araigh do ghairm bheatha!","breadcrumb":{"@id":"https:\/\/talkpal.ai\/ga\/teastais-teanga-na-gearmainise\/#breadcrumb"},"inLanguage":"ga-IE","potentialAction":[{"@type":"ReadAction","target":["https:\/\/talkpal.ai\/ga\/teastais-teanga-na-gearmainise\/"]}]},{"@type":"ImageObject","inLanguage":"ga-IE","@id":"https:\/\/talkpal.ai\/ga\/teastais-teanga-na-gearmainise\/#primaryimage","url":"https:\/\/talkpal.ai\/wp-content\/uploads\/2023\/03\/germany.png","contentUrl":"https:\/\/talkpal.ai\/wp-content\/uploads\/2023\/03\/germany.png","width":512,"height":512,"caption":"TalkPal AI foghlaim Gearm\u00e1inis"},{"@type":"BreadcrumbList","@id":"https:\/\/talkpal.ai\/ga\/teastais-teanga-na-gearmainise\/#breadcrumb","itemListElement":[{"@type":"ListItem","position":1,"name":"Homepage","item":"https:\/\/talkpal.ai\/ga\/"},{"@type":"ListItem","position":2,"name":"Teastais Teanga na Gearm\u00e1inise"}]},{"@type":"WebSite","@id":"https:\/\/talkpal.ai\/ga\/#website","url":"https:\/\/talkpal.ai\/ga\/","name":"Talkpal","description":"AI Language Learning","publisher":{"@id":"https:\/\/talkpal.ai\/ga\/#organization"},"alternateName":"Talkpal AI","potentialAction":[{"@type":"SearchAction","target":{"@type":"EntryPoint","urlTemplate":"https:\/\/talkpal.ai\/ga\/?s={search_term_string}"},"query-input":{"@type":"PropertyValueSpecification","valueRequired":true,"valueName":"search_term_string"}}],"inLanguage":"ga-IE"},{"@type":"Organization","@id":"https:\/\/talkpal.ai\/ga\/#organization","name":"Talkpal, Inc.","alternateName":"Talkpal AI","url":"https:\/\/talkpal.ai\/ga\/","logo":{"@type":"ImageObject","inLanguage":"ga-IE","@id":"https:\/\/talkpal.ai\/ga\/#\/schema\/logo\/image\/","url":"https:\/\/talkpal.ai\/wp-content\/uploads\/2024\/03\/Talkpal-Logo-Icon.png","contentUrl":"https:\/\/talkpal.ai\/wp-content\/uploads\/2024\/03\/Talkpal-Logo-Icon.png","width":2880,"height":2880,"caption":"Talkpal, Inc."},"image":{"@id":"https:\/\/talkpal.ai\/ga\/#\/schema\/logo\/image\/"},"sameAs":["https:\/\/www.facebook.com\/profile.php?id=100090733639311","https:\/\/x.com\/talkpalai","https:\/\/www.linkedin.com\/company\/talkpal\/","https:\/\/www.youtube.com\/@TalkPal\/","https:\/\/www.tiktok.com\/@talkpal","https:\/\/www.instagram.com\/talkpal_ai\/","https:\/\/www.crunchbase.com\/organization\/talkpal-9cde","https:\/\/www.g2.com\/products\/talkpal-for-business\/","https:\/\/www.trustpilot.com\/review\/talkpal.ai","https:\/\/www.capterra.com\/p\/10006800\/TalkPal\/"],"description":"Talkpal is a language learning web and mobile education app, powered by the latest AI technologies, that provides engaging experiences to its customers in many different languages to help them improve their language skills. Users can chat about unlimited amount of topics with the app and use other modes to practice their language learning.","email":"support@talkpal.ai","legalName":"Talkpal, Inc.","foundingDate":"2023-04-03","duns":"118989042","numberOfEmployees":{"@type":"QuantitativeValue","minValue":"11","maxValue":"50"},"publishingPrinciples":"https:\/\/talkpal.ai\/publishing-principles\/","actionableFeedbackPolicy":"https:\/\/talkpal.ai\/actionable-feedback-policy\/","correctionsPolicy":"https:\/\/talkpal.ai\/corrections-policy\/","ethicsPolicy":"https:\/\/talkpal.ai\/ethics-policy\/","diversityPolicy":"https:\/\/talkpal.ai\/diversity-policy\/","diversityStaffingReport":"https:\/\/talkpal.ai\/diversity-policy\/"}]}},"_links":{"self":[{"href":"https:\/\/talkpal.ai\/ga\/wp-json\/wp\/v2\/pages\/1443152","targetHints":{"allow":["GET"]}}],"collection":[{"href":"https:\/\/talkpal.ai\/ga\/wp-json\/wp\/v2\/pages"}],"about":[{"href":"https:\/\/talkpal.ai\/ga\/wp-json\/wp\/v2\/types\/page"}],"author":[{"embeddable":true,"href":"https:\/\/talkpal.ai\/ga\/wp-json\/wp\/v2\/users\/8"}],"replies":[{"embeddable":true,"href":"https:\/\/talkpal.ai\/ga\/wp-json\/wp\/v2\/comments?post=1443152"}],"version-history":[{"count":0,"href":"https:\/\/talkpal.ai\/ga\/wp-json\/wp\/v2\/pages\/1443152\/revisions"}],"wp:featuredmedia":[{"embeddable":true,"href":"https:\/\/talkpal.ai\/ga\/wp-json\/wp\/v2\/media\/1439960"}],"wp:attachment":[{"href":"https:\/\/talkpal.ai\/ga\/wp-json\/wp\/v2\/media?parent=1443152"}],"curies":[{"name":"wp","href":"https:\/\/api.w.org\/{rel}","templated":true}]}}