{"id":1443146,"date":"2023-10-09T10:03:45","date_gmt":"2023-10-09T10:03:45","guid":{"rendered":"https:\/\/talkpal.ai\/treoracha-bainistiochta-sintiuis\/"},"modified":"2025-09-06T17:57:33","modified_gmt":"2025-09-06T17:57:33","slug":"treoracha-bainistiochta-sintiuis","status":"publish","type":"page","link":"https:\/\/talkpal.ai\/ga\/treoracha-bainistiochta-sintiuis\/","title":{"rendered":"Treoracha Bainist\u00edochta S\u00ednti\u00fais"},"content":{"rendered":"\n<p>Is f\u00e9idir leat do sh\u00ednti\u00fais a bhainisti\u00fa in\u00e1r <a href=\"https:\/\/talkpal.ai\/es\/descargar-la-aplicacion-talkpal-para-android-e-ios\/\">App Store<\/a> (Apple <a href=\"https:\/\/talkpal.ai\/es\/descargar-la-aplicacion-talkpal-para-android-e-ios\/\">iOS<\/a>), Google Play (Android), n\u00f3 aipeanna l\u00e1ithre\u00e1n gr\u00e9as\u00e1in.<\/p>\n\n<h2 class=\"wp-block-heading\" id=\"h-app-store-apple-ios\">App Store (Apple iOS)<\/h2>\n\n<p>Tabhair faoi deara le do thoil: N\u00ed m\u00f3r duit do sh\u00ednti\u00fas n\u00f3 do thriail Apple a cheal\u00fa 24 uair an chloig ar a laghad sula dtiocfaidh deireadh leis. M\u00e1 chuireann t\u00fa ar ceal \u00e9 ar an l\u00e1 deiridh, d\u00e9anfar \u00e9 a athnuachan go huathoibr\u00edoch.<\/p>\n\n<p>Chun do sh\u00ednti\u00fas <a href=\"https:\/\/talkpal.ai\/ko\/ai-%ec%96%b8%ec%96%b4-%ea%b5%90%ec%82%ac\/\">Talkpal<\/a> a cheal\u00fa tr\u00edd an App Store, lean na c\u00e9imeanna seo ar do ghl\u00e9as iOS:<\/p>\n\n<p><strong>C\u00e9im 1<\/strong> &#8211; Oscail an aip Socruithe.<\/p>\n\n<p><strong>C\u00e9im 2<\/strong> &#8211; Roghnaigh do ID Apple at\u00e1 suite ag barr an leathanaigh.<\/p>\n\n<p><strong>C\u00e9im 3<\/strong> &#8211; Roghnaigh &#8220;View Apple ID&#8221;<\/p>\n\n<p><strong>C\u00e9im 4<\/strong> &#8211; T\u00e9igh go dt\u00ed &#8220;S\u00ednti\u00fais&#8221; agus roghnaigh an ceann a theasta\u00edonn uait a cheal\u00fa.<\/p>\n\n<p><strong>C\u00e9im 5<\/strong> &#8211; Bearta\u00edonn ar &#8220;Cealaigh s\u00ednti\u00fas&#8221;.<\/p>\n\n<h2 class=\"wp-block-heading\" id=\"h-google-play-android\">Google Play (Android)<\/h2>\n\n<p><b>C\u00e9im 1<\/b> &#8211; Ar do ghl\u00e9as Android, nasclean\u00faint a dh\u00e9anamh chuig do sh\u00ednti\u00fais i Google Play.<\/p>\n\n<p><b>C\u00e9im 2<\/b> &#8211; Roghnaigh an s\u00ednti\u00fas is mian leat a cheal\u00fa.<\/p>\n\n<p><b>C\u00e9im 3<\/b> &#8211; Br\u00faigh Cealaigh s\u00ednti\u00fas.<\/p>\n\n<h2 class=\"wp-block-heading\" id=\"h-website\">Su\u00edomh Gr\u00e9as\u00e1in<\/h2>\n\n<p><b>C\u00e9im 1<\/b> &#8211; T\u00e9igh go dt\u00ed do leathanach cuntais.<\/p>\n\n<p><b>C\u00e9im 2<\/b> &#8211; Scrollaigh s\u00edos go dt\u00ed an rann\u00e1n &#8220;S\u00ednti\u00fas&#8221;.<\/p>\n\n<p><b>C\u00e9im 3<\/b> &#8211; Clice\u00e1il ar &#8220;Cealaigh s\u00ednti\u00fas&#8221;.<\/p>\n","protected":false},"excerpt":{"rendered":"<p>Is f\u00e9idir leat do sh\u00ednti\u00fais a bhainisti\u00fa in\u00e1r App Store (Apple iOS), Google Play (Android), n\u00f3 aipeanna l\u00e1ithre\u00e1n gr\u00e9as\u00e1in. App Store (Apple iOS) Tabhair faoi deara le do thoil: N\u00ed m\u00f3r duit do sh\u00ednti\u00fas n\u00f3 do thriail Apple a cheal\u00fa 24 uair an chloig ar a laghad sula dtiocfaidh deireadh leis. M\u00e1 chuireann t\u00fa ar [&hellip;]<\/p>\n","protected":false},"author":10,"featured_media":1439613,"parent":0,"menu_order":0,"comment_status":"closed","ping_status":"closed","template":"","meta":{"_acf_changed":false,"footnotes":""},"class_list":["post-1443146","page","type-page","status-publish","has-post-thumbnail","hentry"],"acf":[],"yoast_head":"<!-- This site is optimized with the Yoast SEO Premium plugin v27.2 (Yoast SEO v27.2) - https:\/\/yoast.com\/product\/yoast-seo-premium-wordpress\/ -->\n<title>Treoracha Bainist\u00edochta S\u00ednti\u00fais - Talkpal<\/title>\n<meta name=\"description\" content=\"Lean na Treoracha Bainist\u00edochta S\u00ednti\u00fais seo chun do sh\u00ednti\u00fais a cheal\u00fa go h\u00e9asca ar aipeanna Apple n\u00f3 Google Play.\" \/>\n<meta name=\"robots\" content=\"index, follow, max-snippet:-1, max-image-preview:large, max-video-preview:-1\" \/>\n<link rel=\"canonical\" href=\"https:\/\/talkpal.ai\/ga\/treoracha-bainistiochta-sintiuis\/\" \/>\n<meta property=\"og:locale\" content=\"ga_IE\" \/>\n<meta property=\"og:type\" content=\"article\" \/>\n<meta property=\"og:title\" content=\"Treoracha Bainist\u00edochta S\u00ednti\u00fais\" \/>\n<meta property=\"og:description\" content=\"Is f\u00e9idir leat do sh\u00ednti\u00fais a bhainisti\u00fa in\u00e1r App Store (Apple iOS), Google Play (Android), n\u00f3 aipeanna l\u00e1ithre\u00e1n gr\u00e9as\u00e1in. App Store (Apple iOS) Tabhair\" \/>\n<meta property=\"og:url\" content=\"https:\/\/talkpal.ai\/ga\/treoracha-bainistiochta-sintiuis\/\" \/>\n<meta property=\"og:site_name\" content=\"Talkpal\" \/>\n<meta property=\"article:publisher\" content=\"https:\/\/www.facebook.com\/profile.php?id=100090733639311\" \/>\n<meta property=\"article:modified_time\" content=\"2025-09-06T17:57:33+00:00\" \/>\n<meta property=\"og:image\" content=\"https:\/\/talkpal.ai\/wp-content\/uploads\/2024\/03\/Talkpal-Logo-Icon.png\" \/>\n\t<meta property=\"og:image:width\" content=\"2880\" \/>\n\t<meta property=\"og:image:height\" content=\"2880\" \/>\n\t<meta property=\"og:image:type\" content=\"image\/png\" \/>\n<meta name=\"twitter:card\" content=\"summary_large_image\" \/>\n<meta name=\"twitter:site\" content=\"@talkpalai\" \/>\n<meta name=\"twitter:label1\" content=\"Est. reading time\" \/>\n\t<meta name=\"twitter:data1\" content=\"1 minute\" \/>\n<script type=\"application\/ld+json\" class=\"yoast-schema-graph\">{\"@context\":\"https:\/\/schema.org\",\"@graph\":[{\"@type\":\"WebPage\",\"@id\":\"https:\/\/talkpal.ai\/ga\/treoracha-bainistiochta-sintiuis\/\",\"url\":\"https:\/\/talkpal.ai\/ga\/treoracha-bainistiochta-sintiuis\/\",\"name\":\"Treoracha Bainist\u00edochta S\u00ednti\u00fais - Talkpal\",\"isPartOf\":{\"@id\":\"https:\/\/talkpal.ai\/ga\/#website\"},\"primaryImageOfPage\":{\"@id\":\"https:\/\/talkpal.ai\/ga\/treoracha-bainistiochta-sintiuis\/#primaryimage\"},\"image\":{\"@id\":\"https:\/\/talkpal.ai\/ga\/treoracha-bainistiochta-sintiuis\/#primaryimage\"},\"thumbnailUrl\":\"https:\/\/talkpal.ai\/wp-content\/uploads\/2024\/03\/Talkpal-Logo-Icon.png\",\"datePublished\":\"2023-10-09T10:03:45+00:00\",\"dateModified\":\"2025-09-06T17:57:33+00:00\",\"description\":\"Lean na Treoracha Bainist\u00edochta S\u00ednti\u00fais seo chun do sh\u00ednti\u00fais a cheal\u00fa go h\u00e9asca ar aipeanna Apple n\u00f3 Google Play.\",\"breadcrumb\":{\"@id\":\"https:\/\/talkpal.ai\/ga\/treoracha-bainistiochta-sintiuis\/#breadcrumb\"},\"inLanguage\":\"ga-IE\",\"potentialAction\":[{\"@type\":\"ReadAction\",\"target\":[\"https:\/\/talkpal.ai\/ga\/treoracha-bainistiochta-sintiuis\/\"]}]},{\"@type\":\"ImageObject\",\"inLanguage\":\"ga-IE\",\"@id\":\"https:\/\/talkpal.ai\/ga\/treoracha-bainistiochta-sintiuis\/#primaryimage\",\"url\":\"https:\/\/talkpal.ai\/wp-content\/uploads\/2024\/03\/Talkpal-Logo-Icon.png\",\"contentUrl\":\"https:\/\/talkpal.ai\/wp-content\/uploads\/2024\/03\/Talkpal-Logo-Icon.png\",\"width\":2880,\"height\":2880,\"caption\":\"L\u00f3g\u00f3 talkpal\"},{\"@type\":\"BreadcrumbList\",\"@id\":\"https:\/\/talkpal.ai\/ga\/treoracha-bainistiochta-sintiuis\/#breadcrumb\",\"itemListElement\":[{\"@type\":\"ListItem\",\"position\":1,\"name\":\"Homepage\",\"item\":\"https:\/\/talkpal.ai\/ga\/\"},{\"@type\":\"ListItem\",\"position\":2,\"name\":\"Treoracha Bainist\u00edochta S\u00ednti\u00fais\"}]},{\"@type\":\"WebSite\",\"@id\":\"https:\/\/talkpal.ai\/ga\/#website\",\"url\":\"https:\/\/talkpal.ai\/ga\/\",\"name\":\"Talkpal\",\"description\":\"AI Language Learning\",\"publisher\":{\"@id\":\"https:\/\/talkpal.ai\/ga\/#organization\"},\"alternateName\":\"Talkpal AI\",\"potentialAction\":[{\"@type\":\"SearchAction\",\"target\":{\"@type\":\"EntryPoint\",\"urlTemplate\":\"https:\/\/talkpal.ai\/ga\/?s={search_term_string}\"},\"query-input\":{\"@type\":\"PropertyValueSpecification\",\"valueRequired\":true,\"valueName\":\"search_term_string\"}}],\"inLanguage\":\"ga-IE\"},{\"@type\":\"Organization\",\"@id\":\"https:\/\/talkpal.ai\/ga\/#organization\",\"name\":\"Talkpal, Inc.\",\"alternateName\":\"Talkpal AI\",\"url\":\"https:\/\/talkpal.ai\/ga\/\",\"logo\":{\"@type\":\"ImageObject\",\"inLanguage\":\"ga-IE\",\"@id\":\"https:\/\/talkpal.ai\/ga\/#\/schema\/logo\/image\/\",\"url\":\"https:\/\/talkpal.ai\/wp-content\/uploads\/2024\/03\/Talkpal-Logo-Icon.png\",\"contentUrl\":\"https:\/\/talkpal.ai\/wp-content\/uploads\/2024\/03\/Talkpal-Logo-Icon.png\",\"width\":2880,\"height\":2880,\"caption\":\"Talkpal, Inc.\"},\"image\":{\"@id\":\"https:\/\/talkpal.ai\/ga\/#\/schema\/logo\/image\/\"},\"sameAs\":[\"https:\/\/www.facebook.com\/profile.php?id=100090733639311\",\"https:\/\/x.com\/talkpalai\",\"https:\/\/www.linkedin.com\/company\/talkpal\/\",\"https:\/\/www.youtube.com\/@TalkPal\/\",\"https:\/\/www.tiktok.com\/@talkpal\",\"https:\/\/www.instagram.com\/talkpal_ai\/\",\"https:\/\/www.crunchbase.com\/organization\/talkpal-9cde\",\"https:\/\/www.g2.com\/products\/talkpal-for-business\/\",\"https:\/\/www.trustpilot.com\/review\/talkpal.ai\",\"https:\/\/www.capterra.com\/p\/10006800\/TalkPal\/\"],\"description\":\"Talkpal is a language learning web and mobile education app, powered by the latest AI technologies, that provides engaging experiences to its customers in many different languages to help them improve their language skills. Users can chat about unlimited amount of topics with the app and use other modes to practice their language learning.\",\"email\":\"support@talkpal.ai\",\"legalName\":\"Talkpal, Inc.\",\"foundingDate\":\"2023-04-03\",\"duns\":\"118989042\",\"numberOfEmployees\":{\"@type\":\"QuantitativeValue\",\"minValue\":\"11\",\"maxValue\":\"50\"},\"publishingPrinciples\":\"https:\/\/talkpal.ai\/publishing-principles\/\",\"actionableFeedbackPolicy\":\"https:\/\/talkpal.ai\/actionable-feedback-policy\/\",\"correctionsPolicy\":\"https:\/\/talkpal.ai\/corrections-policy\/\",\"ethicsPolicy\":\"https:\/\/talkpal.ai\/ethics-policy\/\",\"diversityPolicy\":\"https:\/\/talkpal.ai\/diversity-policy\/\",\"diversityStaffingReport\":\"https:\/\/talkpal.ai\/diversity-policy\/\"}]}<\/script>\n<!-- \/ Yoast SEO Premium plugin. -->","yoast_head_json":{"title":"Treoracha Bainist\u00edochta S\u00ednti\u00fais - Talkpal","description":"Lean na Treoracha Bainist\u00edochta S\u00ednti\u00fais seo chun do sh\u00ednti\u00fais a cheal\u00fa go h\u00e9asca ar aipeanna Apple n\u00f3 Google Play.","robots":{"index":"index","follow":"follow","max-snippet":"max-snippet:-1","max-image-preview":"max-image-preview:large","max-video-preview":"max-video-preview:-1"},"canonical":"https:\/\/talkpal.ai\/ga\/treoracha-bainistiochta-sintiuis\/","og_locale":"ga_IE","og_type":"article","og_title":"Treoracha Bainist\u00edochta S\u00ednti\u00fais","og_description":"Is f\u00e9idir leat do sh\u00ednti\u00fais a bhainisti\u00fa in\u00e1r App Store (Apple iOS), Google Play (Android), n\u00f3 aipeanna l\u00e1ithre\u00e1n gr\u00e9as\u00e1in. App Store (Apple iOS) Tabhair","og_url":"https:\/\/talkpal.ai\/ga\/treoracha-bainistiochta-sintiuis\/","og_site_name":"Talkpal","article_publisher":"https:\/\/www.facebook.com\/profile.php?id=100090733639311","article_modified_time":"2025-09-06T17:57:33+00:00","og_image":[{"width":2880,"height":2880,"url":"https:\/\/talkpal.ai\/wp-content\/uploads\/2024\/03\/Talkpal-Logo-Icon.png","type":"image\/png"}],"twitter_card":"summary_large_image","twitter_site":"@talkpalai","twitter_misc":{"Est. reading time":"1 minute"},"schema":{"@context":"https:\/\/schema.org","@graph":[{"@type":"WebPage","@id":"https:\/\/talkpal.ai\/ga\/treoracha-bainistiochta-sintiuis\/","url":"https:\/\/talkpal.ai\/ga\/treoracha-bainistiochta-sintiuis\/","name":"Treoracha Bainist\u00edochta S\u00ednti\u00fais - Talkpal","isPartOf":{"@id":"https:\/\/talkpal.ai\/ga\/#website"},"primaryImageOfPage":{"@id":"https:\/\/talkpal.ai\/ga\/treoracha-bainistiochta-sintiuis\/#primaryimage"},"image":{"@id":"https:\/\/talkpal.ai\/ga\/treoracha-bainistiochta-sintiuis\/#primaryimage"},"thumbnailUrl":"https:\/\/talkpal.ai\/wp-content\/uploads\/2024\/03\/Talkpal-Logo-Icon.png","datePublished":"2023-10-09T10:03:45+00:00","dateModified":"2025-09-06T17:57:33+00:00","description":"Lean na Treoracha Bainist\u00edochta S\u00ednti\u00fais seo chun do sh\u00ednti\u00fais a cheal\u00fa go h\u00e9asca ar aipeanna Apple n\u00f3 Google Play.","breadcrumb":{"@id":"https:\/\/talkpal.ai\/ga\/treoracha-bainistiochta-sintiuis\/#breadcrumb"},"inLanguage":"ga-IE","potentialAction":[{"@type":"ReadAction","target":["https:\/\/talkpal.ai\/ga\/treoracha-bainistiochta-sintiuis\/"]}]},{"@type":"ImageObject","inLanguage":"ga-IE","@id":"https:\/\/talkpal.ai\/ga\/treoracha-bainistiochta-sintiuis\/#primaryimage","url":"https:\/\/talkpal.ai\/wp-content\/uploads\/2024\/03\/Talkpal-Logo-Icon.png","contentUrl":"https:\/\/talkpal.ai\/wp-content\/uploads\/2024\/03\/Talkpal-Logo-Icon.png","width":2880,"height":2880,"caption":"L\u00f3g\u00f3 talkpal"},{"@type":"BreadcrumbList","@id":"https:\/\/talkpal.ai\/ga\/treoracha-bainistiochta-sintiuis\/#breadcrumb","itemListElement":[{"@type":"ListItem","position":1,"name":"Homepage","item":"https:\/\/talkpal.ai\/ga\/"},{"@type":"ListItem","position":2,"name":"Treoracha Bainist\u00edochta S\u00ednti\u00fais"}]},{"@type":"WebSite","@id":"https:\/\/talkpal.ai\/ga\/#website","url":"https:\/\/talkpal.ai\/ga\/","name":"Talkpal","description":"AI Language Learning","publisher":{"@id":"https:\/\/talkpal.ai\/ga\/#organization"},"alternateName":"Talkpal AI","potentialAction":[{"@type":"SearchAction","target":{"@type":"EntryPoint","urlTemplate":"https:\/\/talkpal.ai\/ga\/?s={search_term_string}"},"query-input":{"@type":"PropertyValueSpecification","valueRequired":true,"valueName":"search_term_string"}}],"inLanguage":"ga-IE"},{"@type":"Organization","@id":"https:\/\/talkpal.ai\/ga\/#organization","name":"Talkpal, Inc.","alternateName":"Talkpal AI","url":"https:\/\/talkpal.ai\/ga\/","logo":{"@type":"ImageObject","inLanguage":"ga-IE","@id":"https:\/\/talkpal.ai\/ga\/#\/schema\/logo\/image\/","url":"https:\/\/talkpal.ai\/wp-content\/uploads\/2024\/03\/Talkpal-Logo-Icon.png","contentUrl":"https:\/\/talkpal.ai\/wp-content\/uploads\/2024\/03\/Talkpal-Logo-Icon.png","width":2880,"height":2880,"caption":"Talkpal, Inc."},"image":{"@id":"https:\/\/talkpal.ai\/ga\/#\/schema\/logo\/image\/"},"sameAs":["https:\/\/www.facebook.com\/profile.php?id=100090733639311","https:\/\/x.com\/talkpalai","https:\/\/www.linkedin.com\/company\/talkpal\/","https:\/\/www.youtube.com\/@TalkPal\/","https:\/\/www.tiktok.com\/@talkpal","https:\/\/www.instagram.com\/talkpal_ai\/","https:\/\/www.crunchbase.com\/organization\/talkpal-9cde","https:\/\/www.g2.com\/products\/talkpal-for-business\/","https:\/\/www.trustpilot.com\/review\/talkpal.ai","https:\/\/www.capterra.com\/p\/10006800\/TalkPal\/"],"description":"Talkpal is a language learning web and mobile education app, powered by the latest AI technologies, that provides engaging experiences to its customers in many different languages to help them improve their language skills. Users can chat about unlimited amount of topics with the app and use other modes to practice their language learning.","email":"support@talkpal.ai","legalName":"Talkpal, Inc.","foundingDate":"2023-04-03","duns":"118989042","numberOfEmployees":{"@type":"QuantitativeValue","minValue":"11","maxValue":"50"},"publishingPrinciples":"https:\/\/talkpal.ai\/publishing-principles\/","actionableFeedbackPolicy":"https:\/\/talkpal.ai\/actionable-feedback-policy\/","correctionsPolicy":"https:\/\/talkpal.ai\/corrections-policy\/","ethicsPolicy":"https:\/\/talkpal.ai\/ethics-policy\/","diversityPolicy":"https:\/\/talkpal.ai\/diversity-policy\/","diversityStaffingReport":"https:\/\/talkpal.ai\/diversity-policy\/"}]}},"_links":{"self":[{"href":"https:\/\/talkpal.ai\/ga\/wp-json\/wp\/v2\/pages\/1443146","targetHints":{"allow":["GET"]}}],"collection":[{"href":"https:\/\/talkpal.ai\/ga\/wp-json\/wp\/v2\/pages"}],"about":[{"href":"https:\/\/talkpal.ai\/ga\/wp-json\/wp\/v2\/types\/page"}],"author":[{"embeddable":true,"href":"https:\/\/talkpal.ai\/ga\/wp-json\/wp\/v2\/users\/10"}],"replies":[{"embeddable":true,"href":"https:\/\/talkpal.ai\/ga\/wp-json\/wp\/v2\/comments?post=1443146"}],"version-history":[{"count":0,"href":"https:\/\/talkpal.ai\/ga\/wp-json\/wp\/v2\/pages\/1443146\/revisions"}],"wp:featuredmedia":[{"embeddable":true,"href":"https:\/\/talkpal.ai\/ga\/wp-json\/wp\/v2\/media\/1439613"}],"wp:attachment":[{"href":"https:\/\/talkpal.ai\/ga\/wp-json\/wp\/v2\/media?parent=1443146"}],"curies":[{"name":"wp","href":"https:\/\/api.w.org\/{rel}","templated":true}]}}