{"id":1442683,"date":"2023-04-03T14:56:00","date_gmt":"2023-04-03T14:56:00","guid":{"rendered":"https:\/\/talkpal.ai\/maidir\/"},"modified":"2026-03-06T16:34:41","modified_gmt":"2026-03-06T16:34:41","slug":"maidir","status":"publish","type":"page","link":"https:\/\/talkpal.ai\/ga\/maidir\/","title":{"rendered":"Maidir"},"content":{"rendered":"\n<p id=\"h-\">Is cuideachta foghlama teanga \u00ed <a href=\"https:\/\/talkpal.ai\/ko\/ai-%ec%96%b8%ec%96%b4-%ea%b5%90%ec%82%ac\/\">Talkpal<\/a>, Inc. at\u00e1 faoi thiom\u00e1int ag hintleacht shaorga agus at\u00e1 ag iarraidh aon teanga a labhairt a dh\u00e9anamh inrochtana do gach duine, i ngach \u00e1it. Forbra\u00edonn Talkpal ceann de na hard\u00e1in teagaisc teanga <a href=\"https:\/\/talkpal.ai\/speaking-with-ai\/\">AI<\/a> is \u00faire ar domhan, ag cabhr\u00fa le milli\u00fain foghlaimeoir\u00ed comhr\u00e1ite f\u00edor a chleachtadh le muin\u00edn.<\/p>\n\n<p>Buna\u00edodh Talkpal sa bhliain 2023 agus t\u00e1 creideamh simpl\u00ed ach cumhachtach aige: n\u00edor cheart go mbeadh <a href=\"https:\/\/talkpal.ai\/ga\/foghlaim-teanga-le-carachtair-ai\/\">foghlaim teanga<\/a> ina phribhl\u00e9id agus ba cheart go mbeadh s\u00e9 inrochtana ag gach duine. Tr\u00ed intleacht shaorga cheannr\u00f3da\u00edoch a chomhcheangal le saineolas agus taighde teangeola\u00edoch, baintear bacainn\u00ed <a href=\"https:\/\/talkpal.ai\/will-ai-kill-traditional-language-learning\/\">traidisi\u00fanta<\/a> ar n\u00f3s costas, am agus eagla roimh labhairt ag Talkpal &#8211; agus cuirtear cleachtadh pearsantaithe, saor \u00f3 bhr\u00fa, at\u00e1 ar f\u00e1il ar ilard\u00e1in 24\/7 ina n-\u00e1it.<\/p>\n\n<p>Sa l\u00e1 at\u00e1 inniu ann, taca\u00edonn Talkpal le breis is 80 teanga, freastala\u00edonn s\u00e9 ar na milli\u00fain foghlaimeoir\u00ed ar fud breis is 180 t\u00edr, agus t\u00e1 s\u00e9 ar f\u00e1il ar an nGr\u00e9as\u00e1n, <a href=\"https:\/\/talkpal.ai\/es\/descargar-la-aplicacion-talkpal-para-android-e-ios\/\">iOS<\/a>, agus <a href=\"https:\/\/talkpal.ai\/es\/descargar-la-aplicacion-talkpal-para-android-e-ios\/\">Android<\/a>.<\/p>\n\n<h2 class=\"wp-block-heading\" id=\"h-our-mission\">\u00c1r Misean<\/h2>\n\n<p>Is \u00e9 \u00e1r misean foghlaim teanga a r\u00e9abhl\u00f3idi\u00fa tr\u00ed eisp\u00e9ireas teagaisc teanga at\u00e1 faoi thiom\u00e1int ag AI a <a href=\"https:\/\/talkpal.ai\/locations\/language-courses-in-chur\/\">chur<\/a> ar f\u00e1il a bhfuil suim mh\u00f3r ann, idirghn\u00edomhach agus pearsantaithe.<br\/><br\/>D\u00e9anaimid \u00e1r nd\u00edcheall bacainn\u00ed teanga a bhriseadh, naisc dhomhanda a choth\u00fa, agus pobal foghlaimeoir\u00ed paiseanta a choth\u00fa, ag tabhairt cumhacht\u00fa d\u00f3ibh cumars\u00e1id a dh\u00e9anamh go muin\u00edneach agus go l\u00edofa ina dteanga roghnaithe.<\/p>\n\n<h2 class=\"wp-block-heading\" id=\"h-our-vision\">\u00c1r bhF\u00eds<\/h2>\n\n<p>Is \u00ed an fh\u00eds at\u00e1 againn n\u00e1 a bheith ar an dteagasc\u00f3ir teanga AI is m\u00f3 ar domhan, ag athr\u00fa an chaoi a bhfoghlaim\u00edonn daoine teangacha tr\u00ed chomhr\u00e1ite tumtha, comhth\u00e9acs-tiom\u00e1inte agus teicneola\u00edocht foghlama oiri\u00fanaitheach.<br\/><br\/>T\u00e1 s\u00e9 mar aidhm againn gr\u00e1 d&#8217;fhoghlaim teangacha a spreagadh agus a choth\u00fa, malart\u00fa cult\u00fartha a spreagadh, agus an bhearna chumars\u00e1ide thar theorainneacha a l\u00edonadh, agus domhan n\u00edos nasctha agus n\u00edos tuisceana\u00ed a mh\u00fanl\u00fa sa deireadh.<\/p>\n\n<h2 class=\"wp-block-heading\" id=\"h-our-story\">\u00c1r Sc\u00e9al<\/h2>\n\n<p>Bhunaigh David Gegechkori (sa phicti\u00far ar chl\u00e9) agus Dimitri Dekanozishvili (sa phicti\u00far ar dheis) Talkpal, agus iad \u00e1 spreagadh ag frustrachas comhroinnte le modhanna traidisi\u00fanta foghlama teanga nach n-ullmha\u00edonn foghlaimeoir\u00ed go minic le haghaidh labhartha sa saol r\u00e9ad\u00fail.<\/p>\n\n<div class=\"wp-block-columns is-layout-flex wp-container-core-columns-is-layout-9d6595d7 wp-block-columns-is-layout-flex\">\n<div class=\"wp-block-column is-layout-flow wp-block-column-is-layout-flow\" style=\"flex-basis:50%\"><div class=\"wp-block-image\">\n<figure class=\"alignleft size-large\"><img decoding=\"async\" width=\"1024\" height=\"683\" src=\"https:\/\/talkpal.ai\/wp-content\/uploads\/2025\/12\/Talkpal-Entrepreneur-1024x683.jpg\" alt=\"\" class=\"wp-image-1557444\" style=\"aspect-ratio:1.4992888417882142\" srcset=\"https:\/\/talkpal.ai\/wp-content\/uploads\/2025\/12\/Talkpal-Entrepreneur-1024x683.jpg 1024w, https:\/\/talkpal.ai\/wp-content\/uploads\/2025\/12\/Talkpal-Entrepreneur-300x200.jpg 300w, https:\/\/talkpal.ai\/wp-content\/uploads\/2025\/12\/Talkpal-Entrepreneur-768x512.jpg 768w, https:\/\/talkpal.ai\/wp-content\/uploads\/2025\/12\/Talkpal-Entrepreneur.jpg 1344w\" sizes=\"(max-width: 1024px) 100vw, 1024px\" \/><\/figure>\n<\/div><\/div>\n\n\n\n<div class=\"wp-block-column is-layout-flow wp-block-column-is-layout-flow\" style=\"flex-basis:50%\">\n<p>\u00d3n t\u00fas, bh\u00ed an sprioc soil\u00e9ir: comp\u00e1nach teanga AI a th\u00f3g\u00e1il a bhraitheann n\u00edos m\u00f3 cos\u00fail le t\u00e9acsleabhar agus mar ph\u00e1irt\u00ed comhr\u00e1 tac\u00fail. L\u00e9ir\u00edonn an t-ainm \u201cTalkpal\u201d an fheals\u00fanacht seo &#8211; comp\u00e1nach cairdi\u00fail at\u00e1 ar f\u00e1il i gc\u00f3na\u00ed a spreagann foghlaimeoir\u00ed chun labhairt gan eagla roimh bhreithi\u00fanas.<\/p>\n\n\n\n<p>Ag tos\u00fa mar th\u00e1irge gr\u00e9as\u00e1nbhunaithe, leathnaigh Talkpal go tapa chuig ard\u00e1in shoghluaiste, ag cur le ch\u00e9ile foireann dhomhanda d\u2019innealt\u00f3ir\u00ed AI, teangeolaithe, oideoir\u00ed, marg\u00f3ir\u00ed agus dearth\u00f3ir\u00ed t\u00e1irg\u00ed. Tr\u00ed athdh\u00e9anamh lean\u00fanach, taighde agus aiseolas \u00f3 \u00fas\u00e1ideoir\u00ed, d&#8217;fhorbair Talkpal ina ard\u00e1n cuimsitheach foghlama teanga AI a bhfuil muin\u00edn ag na milli\u00fain ar fud an domhain as.<\/p>\n<\/div>\n<\/div>\n\n<h2 class=\"wp-block-heading\" id=\"h-what-we-do\">Cad a Dh\u00e9anaimid<\/h2>\n\n<p>Cuireann Talkpal eisp\u00e9iris foghlama t\u00e9acs agus gutha faoi thiom\u00e1int AI ar f\u00e1il at\u00e1 deartha chun idirghn\u00edomha\u00edocht dhaonna f\u00edor a insamhladh. D\u00e9anann \u00e1r n-ard\u00e1n oiri\u00fan\u00fa go dinimici\u00fail do leibh\u00e9al, spriocanna agus st\u00edl foghlama gach foghlaimeora.<\/p>\n\n<p>\u00c1ir\u00edtear ar na pr\u00edomhchumais:<\/p>\n\n<ul class=\"wp-block-list\">\n<li>Comhr\u00e1ite n\u00e1d\u00fartha AI le haghaidh cleachtadh labhartha<\/li>\n\n\n\n<li>Aiseolas f\u00edor-ama ar fhuaimni\u00fa, gramadach agus l\u00edofacht<\/li>\n\n\n\n<li>Taca\u00edocht do thosaitheoir\u00ed go foghlaimeoir\u00ed ardleibh\u00e9il<\/li>\n\n\n\n<li>Ceachtanna i n\u00edos m\u00f3 n\u00e1 80 teanga dhomhanda, lena n-\u00e1ir\u00edtear B\u00e9arla, Sp\u00e1innis, Gearm\u00e1inis, Fraincis, Iod\u00e1ilis, Seap\u00e1inis, S\u00ednis, C\u00f3ir\u00e9is, Araibis, Ollainnis, Portaing\u00e9ilis, Sualainnis, Eabhrais, Gr\u00e9igis, Tuircis, Fionlainnis agus Afrac\u00e1inis, Alb\u00e1inis, Airm\u00e9inis, Asaimis, Asarbaise\u00e1inis, Bascais, Bealar\u00faisis, Beang\u00e1ilis, Boisnis, Bulg\u00e1iris, Burmais, Cantainis, Catal\u00f3inis, Cr\u00f3itis, Seicis, Danmhairgis, East\u00f3inis, Gail\u00edsis, Seoirsis, G\u00faisear\u00e1itis, Hiond\u00fais, Ung\u00e1iris, \u00cdoslainnis, Indin\u00e9isis, Gaeilge, I\u00e1vais, Cannadais, Casaicis, Cim\u00e9iris, Laosais, Laitvis, Liotu\u00e1inis, Macad\u00f3inis, Malaeis, Mail\u00e9alaimis, M\u00e1ltais, Maorais, Maraitis, Mong\u00f3ilis, Neipealais, Ioruais, Odia, Paistis, Peirsis, Polainnis, Punjabi, R\u00f3m\u00e1inis, R\u00faisis, Seirbis, Siol\u00f3inis, Sl\u00f3vaicis, Sl\u00f3iv\u00e9inis, Som\u00e1ilis, Svaha\u00edlis, Tag\u00e1laigis, Tamailis, Teileag\u00fais, T\u00e9alainnis, \u00dacr\u00e1inis, Urdu, \u00daisb\u00e9icis, V\u00edtneaimis, Breatnais, S\u00fal\u00fais agus n\u00edos m\u00f3.<\/li>\n\n\n\n<li>Samhail freemium le pleananna s\u00ednti\u00fais sol\u00fabtha<\/li>\n\n\n\n<li>R\u00e9itigh fiontra\u00edochta tiomnaithe d\u2019ollscoileanna, scoileanna teanga, cuideachta\u00ed agus eagra\u00edochta\u00ed eile<\/li>\n<\/ul>\n\n<p>Forbra\u00edtear \u00e1r n-\u00e1bhar agus \u00e1r gc\u00f3rais i gcomhar le saineolaithe teanga agus taighdeoir\u00ed AI, rud a chinnt\u00edonn f\u00f3ntacht oideola\u00edoch agus s\u00e1rmhaitheas teicni\u00fail araon.<\/p>\n\n<h2 class=\"wp-block-heading\" id=\"h-research-backed-learning\">Foghlaim at\u00e1 Tacaithe le Taighde<\/h2>\n\n<p>Rinneadh scr\u00fad\u00fa ar \u00e9ifeachtacht Talkpal i roinnt staid\u00e9ar acad\u00fail, go h\u00e1irithe i gcomhth\u00e9acsanna ESL agus EFL. L\u00e9irigh taighde feabhsuithe suntasacha \u00f3 thaobh staitistic\u00ed de i l\u00edofacht labhartha, fuaimni\u00fa, gramadach agus muin\u00edn foghlaimeoir\u00ed agus uirlis\u00ed comhr\u00e1 bunaithe ar AI ar n\u00f3s Talkpal \u00e1 n-\u00fas\u00e1id acu.<\/p>\n\n<p>T\u00e1 an cur chuige seo at\u00e1 d\u00edrithe ar thaighde mar bhonn agus taca faoin\u00e1r dtiomantas n\u00ed hamh\u00e1in teicneola\u00edocht nu\u00e1lach a th\u00f3g\u00e1il &#8211; ach eisp\u00e9iris foghlama teanga at\u00e1 intomhaiste \u00e9ifeachtach.<\/p>\n\n<h2 class=\"wp-block-heading\" id=\"h-trusted-by-learners-worldwide\">Muin\u00edn as ag Foghlaimeoir\u00ed Ar fud an Domhain<\/h2>\n\n<p>T\u00e1 muin\u00edn ag na milli\u00fain \u00fas\u00e1ideoir\u00ed ar fud an domhain as Talkpal agus faigheann s\u00e9 r\u00e1t\u00e1lacha l\u00e1idre i gc\u00f3na\u00ed ar fud siopa\u00ed aipeanna agus ard\u00e1in athbhreithnithe. Is minic a thugann foghlaimeoir\u00ed aird ar:<\/p>\n\n<ul class=\"wp-block-list\">\n<li>An timpeallacht saor \u00f3 bhr\u00fa le haghaidh cleachtadh labhartha<\/li>\n\n\n\n<li>Aiseolas l\u00e1ithreach, inghn\u00edomhaithe<\/li>\n\n\n\n<li>Sol\u00fabthacht chun foghlaim am ar bith, \u00e1it ar bith<\/li>\n\n\n\n<li>An cumas cleachtadh a dh\u00e9anamh gan g\u00e1 le comhph\u00e1irt\u00ed teanga daonna<\/li>\n<\/ul>\n\n<h2 class=\"wp-block-heading\" id=\"h-our-commitment\">\u00c1r dTiomantas<\/h2>\n\n<p>Ag Talkpal, t\u00e1imid tiomanta do:<\/p>\n\n<ul class=\"wp-block-list\">\n<li><strong>Nu\u00e1la\u00edocht<\/strong> \u2013 dul chun cinn lean\u00fanach i dteicneola\u00edocht na hintleachta saorga agus an oideachais<\/li>\n\n\n\n<li><strong>C\u00e1il\u00edocht<\/strong> \u2013 eisp\u00e9iris foghlama at\u00e1 bunaithe ar thaighde<\/li>\n\n\n\n<li><strong>Inrochtaineacht<\/strong> \u2013 foghlaim teanga inacmhainne, chuimsitheach do ch\u00e1ch<\/li>\n\n\n\n<li><strong>Tionchar domhanda<\/strong> \u2013 cumars\u00e1id a chumhacht\u00fa trasna cult\u00far<\/li>\n<\/ul>\n\n<p>Creidimid go bhfuil an chumhacht ag teanga saolta a athr\u00fa &#8211; agus le hintleacht shaorga, is f\u00e9idir leis an gcumhacht sin teacht ar gach duine.<\/p>\n\n<p><\/p>\n","protected":false},"excerpt":{"rendered":"<p>Is cuideachta foghlama teanga \u00ed Talkpal, Inc. at\u00e1 faoi thiom\u00e1int ag hintleacht shaorga agus at\u00e1 ag iarraidh aon teanga a labhairt a dh\u00e9anamh inrochtana do gach duine, i ngach \u00e1it. Forbra\u00edonn Talkpal ceann de na hard\u00e1in teagaisc teanga AI is \u00faire ar domhan, ag cabhr\u00fa le milli\u00fain foghlaimeoir\u00ed comhr\u00e1ite f\u00edor a chleachtadh le muin\u00edn. Buna\u00edodh [&hellip;]<\/p>\n","protected":false},"author":1,"featured_media":1439613,"parent":0,"menu_order":0,"comment_status":"closed","ping_status":"closed","template":"","meta":{"_acf_changed":false,"footnotes":""},"class_list":["post-1442683","page","type-page","status-publish","has-post-thumbnail","hentry"],"acf":[],"yoast_head":"<!-- This site is optimized with the Yoast SEO Premium plugin v27.2 (Yoast SEO v27.2) - https:\/\/yoast.com\/product\/yoast-seo-premium-wordpress\/ -->\n<title>Maidir - Talkpal<\/title>\n<meta name=\"description\" content=\"Is teagasc\u00f3ir teanga AI faoi thiom\u00e1int GPT \u00e9 Talkpal a buna\u00edodh leis an gcreideamh gur ch\u00f3ir go mbeadh foghlaim teanga inrochtana do gach duine.\" \/>\n<meta name=\"robots\" content=\"index, follow, max-snippet:-1, max-image-preview:large, max-video-preview:-1\" \/>\n<link rel=\"canonical\" href=\"https:\/\/talkpal.ai\/ga\/maidir\/\" \/>\n<meta property=\"og:locale\" content=\"ga_IE\" \/>\n<meta property=\"og:type\" content=\"article\" \/>\n<meta property=\"og:title\" content=\"Maidir\" \/>\n<meta property=\"og:description\" content=\"Is cuideachta foghlama teanga \u00ed Talkpal, Inc. at\u00e1 faoi thiom\u00e1int ag hintleacht shaorga agus at\u00e1 ag iarraidh aon teanga a labhairt a dh\u00e9anamh inrochtana do\" \/>\n<meta property=\"og:url\" content=\"https:\/\/talkpal.ai\/ga\/maidir\/\" \/>\n<meta property=\"og:site_name\" content=\"Talkpal\" \/>\n<meta property=\"article:publisher\" content=\"https:\/\/www.facebook.com\/profile.php?id=100090733639311\" \/>\n<meta property=\"article:modified_time\" content=\"2026-03-06T16:34:41+00:00\" \/>\n<meta property=\"og:image\" content=\"https:\/\/talkpal.ai\/wp-content\/uploads\/2024\/03\/Talkpal-Logo-Icon.png\" \/>\n\t<meta property=\"og:image:width\" content=\"2880\" \/>\n\t<meta property=\"og:image:height\" content=\"2880\" \/>\n\t<meta property=\"og:image:type\" content=\"image\/png\" \/>\n<meta name=\"twitter:card\" content=\"summary_large_image\" \/>\n<meta name=\"twitter:site\" content=\"@talkpalai\" \/>\n<meta name=\"twitter:label1\" content=\"Est. reading time\" \/>\n\t<meta name=\"twitter:data1\" content=\"5 minutes\" \/>\n<script type=\"application\/ld+json\" class=\"yoast-schema-graph\">{\"@context\":\"https:\/\/schema.org\",\"@graph\":[{\"@type\":\"WebPage\",\"@id\":\"https:\/\/talkpal.ai\/ga\/maidir\/\",\"url\":\"https:\/\/talkpal.ai\/ga\/maidir\/\",\"name\":\"Maidir - Talkpal\",\"isPartOf\":{\"@id\":\"https:\/\/talkpal.ai\/ga\/#website\"},\"primaryImageOfPage\":{\"@id\":\"https:\/\/talkpal.ai\/ga\/maidir\/#primaryimage\"},\"image\":{\"@id\":\"https:\/\/talkpal.ai\/ga\/maidir\/#primaryimage\"},\"thumbnailUrl\":\"https:\/\/talkpal.ai\/wp-content\/uploads\/2024\/03\/Talkpal-Logo-Icon.png\",\"datePublished\":\"2023-04-03T14:56:00+00:00\",\"dateModified\":\"2026-03-06T16:34:41+00:00\",\"description\":\"Is teagasc\u00f3ir teanga AI faoi thiom\u00e1int GPT \u00e9 Talkpal a buna\u00edodh leis an gcreideamh gur ch\u00f3ir go mbeadh foghlaim teanga inrochtana do gach duine.\",\"breadcrumb\":{\"@id\":\"https:\/\/talkpal.ai\/ga\/maidir\/#breadcrumb\"},\"inLanguage\":\"ga-IE\",\"potentialAction\":[{\"@type\":\"ReadAction\",\"target\":[\"https:\/\/talkpal.ai\/ga\/maidir\/\"]}]},{\"@type\":\"ImageObject\",\"inLanguage\":\"ga-IE\",\"@id\":\"https:\/\/talkpal.ai\/ga\/maidir\/#primaryimage\",\"url\":\"https:\/\/talkpal.ai\/wp-content\/uploads\/2024\/03\/Talkpal-Logo-Icon.png\",\"contentUrl\":\"https:\/\/talkpal.ai\/wp-content\/uploads\/2024\/03\/Talkpal-Logo-Icon.png\",\"width\":2880,\"height\":2880,\"caption\":\"L\u00f3g\u00f3 Talkpal gan comhartha focal\"},{\"@type\":\"BreadcrumbList\",\"@id\":\"https:\/\/talkpal.ai\/ga\/maidir\/#breadcrumb\",\"itemListElement\":[{\"@type\":\"ListItem\",\"position\":1,\"name\":\"Homepage\",\"item\":\"https:\/\/talkpal.ai\/ga\/\"},{\"@type\":\"ListItem\",\"position\":2,\"name\":\"Maidir\"}]},{\"@type\":\"WebSite\",\"@id\":\"https:\/\/talkpal.ai\/ga\/#website\",\"url\":\"https:\/\/talkpal.ai\/ga\/\",\"name\":\"Talkpal\",\"description\":\"AI Language Learning\",\"publisher\":{\"@id\":\"https:\/\/talkpal.ai\/ga\/#organization\"},\"alternateName\":\"Talkpal AI\",\"potentialAction\":[{\"@type\":\"SearchAction\",\"target\":{\"@type\":\"EntryPoint\",\"urlTemplate\":\"https:\/\/talkpal.ai\/ga\/?s={search_term_string}\"},\"query-input\":{\"@type\":\"PropertyValueSpecification\",\"valueRequired\":true,\"valueName\":\"search_term_string\"}}],\"inLanguage\":\"ga-IE\"},{\"@type\":\"Organization\",\"@id\":\"https:\/\/talkpal.ai\/ga\/#organization\",\"name\":\"Talkpal, Inc.\",\"alternateName\":\"Talkpal AI\",\"url\":\"https:\/\/talkpal.ai\/ga\/\",\"logo\":{\"@type\":\"ImageObject\",\"inLanguage\":\"ga-IE\",\"@id\":\"https:\/\/talkpal.ai\/ga\/#\/schema\/logo\/image\/\",\"url\":\"https:\/\/talkpal.ai\/wp-content\/uploads\/2024\/03\/Talkpal-Logo-Icon.png\",\"contentUrl\":\"https:\/\/talkpal.ai\/wp-content\/uploads\/2024\/03\/Talkpal-Logo-Icon.png\",\"width\":2880,\"height\":2880,\"caption\":\"Talkpal, Inc.\"},\"image\":{\"@id\":\"https:\/\/talkpal.ai\/ga\/#\/schema\/logo\/image\/\"},\"sameAs\":[\"https:\/\/www.facebook.com\/profile.php?id=100090733639311\",\"https:\/\/x.com\/talkpalai\",\"https:\/\/www.linkedin.com\/company\/talkpal\/\",\"https:\/\/www.youtube.com\/@TalkPal\/\",\"https:\/\/www.tiktok.com\/@talkpal\",\"https:\/\/www.instagram.com\/talkpal_ai\/\",\"https:\/\/www.crunchbase.com\/organization\/talkpal-9cde\",\"https:\/\/www.g2.com\/products\/talkpal-for-business\/\",\"https:\/\/www.trustpilot.com\/review\/talkpal.ai\",\"https:\/\/www.capterra.com\/p\/10006800\/TalkPal\/\"],\"description\":\"Talkpal is a language learning web and mobile education app, powered by the latest AI technologies, that provides engaging experiences to its customers in many different languages to help them improve their language skills. Users can chat about unlimited amount of topics with the app and use other modes to practice their language learning.\",\"email\":\"support@talkpal.ai\",\"legalName\":\"Talkpal, Inc.\",\"foundingDate\":\"2023-04-03\",\"duns\":\"118989042\",\"numberOfEmployees\":{\"@type\":\"QuantitativeValue\",\"minValue\":\"11\",\"maxValue\":\"50\"},\"publishingPrinciples\":\"https:\/\/talkpal.ai\/publishing-principles\/\",\"actionableFeedbackPolicy\":\"https:\/\/talkpal.ai\/actionable-feedback-policy\/\",\"correctionsPolicy\":\"https:\/\/talkpal.ai\/corrections-policy\/\",\"ethicsPolicy\":\"https:\/\/talkpal.ai\/ethics-policy\/\",\"diversityPolicy\":\"https:\/\/talkpal.ai\/diversity-policy\/\",\"diversityStaffingReport\":\"https:\/\/talkpal.ai\/diversity-policy\/\"}]}<\/script>\n<!-- \/ Yoast SEO Premium plugin. -->","yoast_head_json":{"title":"Maidir - Talkpal","description":"Is teagasc\u00f3ir teanga AI faoi thiom\u00e1int GPT \u00e9 Talkpal a buna\u00edodh leis an gcreideamh gur ch\u00f3ir go mbeadh foghlaim teanga inrochtana do gach duine.","robots":{"index":"index","follow":"follow","max-snippet":"max-snippet:-1","max-image-preview":"max-image-preview:large","max-video-preview":"max-video-preview:-1"},"canonical":"https:\/\/talkpal.ai\/ga\/maidir\/","og_locale":"ga_IE","og_type":"article","og_title":"Maidir","og_description":"Is cuideachta foghlama teanga \u00ed Talkpal, Inc. at\u00e1 faoi thiom\u00e1int ag hintleacht shaorga agus at\u00e1 ag iarraidh aon teanga a labhairt a dh\u00e9anamh inrochtana do","og_url":"https:\/\/talkpal.ai\/ga\/maidir\/","og_site_name":"Talkpal","article_publisher":"https:\/\/www.facebook.com\/profile.php?id=100090733639311","article_modified_time":"2026-03-06T16:34:41+00:00","og_image":[{"width":2880,"height":2880,"url":"https:\/\/talkpal.ai\/wp-content\/uploads\/2024\/03\/Talkpal-Logo-Icon.png","type":"image\/png"}],"twitter_card":"summary_large_image","twitter_site":"@talkpalai","twitter_misc":{"Est. reading time":"5 minutes"},"schema":{"@context":"https:\/\/schema.org","@graph":[{"@type":"WebPage","@id":"https:\/\/talkpal.ai\/ga\/maidir\/","url":"https:\/\/talkpal.ai\/ga\/maidir\/","name":"Maidir - Talkpal","isPartOf":{"@id":"https:\/\/talkpal.ai\/ga\/#website"},"primaryImageOfPage":{"@id":"https:\/\/talkpal.ai\/ga\/maidir\/#primaryimage"},"image":{"@id":"https:\/\/talkpal.ai\/ga\/maidir\/#primaryimage"},"thumbnailUrl":"https:\/\/talkpal.ai\/wp-content\/uploads\/2024\/03\/Talkpal-Logo-Icon.png","datePublished":"2023-04-03T14:56:00+00:00","dateModified":"2026-03-06T16:34:41+00:00","description":"Is teagasc\u00f3ir teanga AI faoi thiom\u00e1int GPT \u00e9 Talkpal a buna\u00edodh leis an gcreideamh gur ch\u00f3ir go mbeadh foghlaim teanga inrochtana do gach duine.","breadcrumb":{"@id":"https:\/\/talkpal.ai\/ga\/maidir\/#breadcrumb"},"inLanguage":"ga-IE","potentialAction":[{"@type":"ReadAction","target":["https:\/\/talkpal.ai\/ga\/maidir\/"]}]},{"@type":"ImageObject","inLanguage":"ga-IE","@id":"https:\/\/talkpal.ai\/ga\/maidir\/#primaryimage","url":"https:\/\/talkpal.ai\/wp-content\/uploads\/2024\/03\/Talkpal-Logo-Icon.png","contentUrl":"https:\/\/talkpal.ai\/wp-content\/uploads\/2024\/03\/Talkpal-Logo-Icon.png","width":2880,"height":2880,"caption":"L\u00f3g\u00f3 Talkpal gan comhartha focal"},{"@type":"BreadcrumbList","@id":"https:\/\/talkpal.ai\/ga\/maidir\/#breadcrumb","itemListElement":[{"@type":"ListItem","position":1,"name":"Homepage","item":"https:\/\/talkpal.ai\/ga\/"},{"@type":"ListItem","position":2,"name":"Maidir"}]},{"@type":"WebSite","@id":"https:\/\/talkpal.ai\/ga\/#website","url":"https:\/\/talkpal.ai\/ga\/","name":"Talkpal","description":"AI Language Learning","publisher":{"@id":"https:\/\/talkpal.ai\/ga\/#organization"},"alternateName":"Talkpal AI","potentialAction":[{"@type":"SearchAction","target":{"@type":"EntryPoint","urlTemplate":"https:\/\/talkpal.ai\/ga\/?s={search_term_string}"},"query-input":{"@type":"PropertyValueSpecification","valueRequired":true,"valueName":"search_term_string"}}],"inLanguage":"ga-IE"},{"@type":"Organization","@id":"https:\/\/talkpal.ai\/ga\/#organization","name":"Talkpal, Inc.","alternateName":"Talkpal AI","url":"https:\/\/talkpal.ai\/ga\/","logo":{"@type":"ImageObject","inLanguage":"ga-IE","@id":"https:\/\/talkpal.ai\/ga\/#\/schema\/logo\/image\/","url":"https:\/\/talkpal.ai\/wp-content\/uploads\/2024\/03\/Talkpal-Logo-Icon.png","contentUrl":"https:\/\/talkpal.ai\/wp-content\/uploads\/2024\/03\/Talkpal-Logo-Icon.png","width":2880,"height":2880,"caption":"Talkpal, Inc."},"image":{"@id":"https:\/\/talkpal.ai\/ga\/#\/schema\/logo\/image\/"},"sameAs":["https:\/\/www.facebook.com\/profile.php?id=100090733639311","https:\/\/x.com\/talkpalai","https:\/\/www.linkedin.com\/company\/talkpal\/","https:\/\/www.youtube.com\/@TalkPal\/","https:\/\/www.tiktok.com\/@talkpal","https:\/\/www.instagram.com\/talkpal_ai\/","https:\/\/www.crunchbase.com\/organization\/talkpal-9cde","https:\/\/www.g2.com\/products\/talkpal-for-business\/","https:\/\/www.trustpilot.com\/review\/talkpal.ai","https:\/\/www.capterra.com\/p\/10006800\/TalkPal\/"],"description":"Talkpal is a language learning web and mobile education app, powered by the latest AI technologies, that provides engaging experiences to its customers in many different languages to help them improve their language skills. Users can chat about unlimited amount of topics with the app and use other modes to practice their language learning.","email":"support@talkpal.ai","legalName":"Talkpal, Inc.","foundingDate":"2023-04-03","duns":"118989042","numberOfEmployees":{"@type":"QuantitativeValue","minValue":"11","maxValue":"50"},"publishingPrinciples":"https:\/\/talkpal.ai\/publishing-principles\/","actionableFeedbackPolicy":"https:\/\/talkpal.ai\/actionable-feedback-policy\/","correctionsPolicy":"https:\/\/talkpal.ai\/corrections-policy\/","ethicsPolicy":"https:\/\/talkpal.ai\/ethics-policy\/","diversityPolicy":"https:\/\/talkpal.ai\/diversity-policy\/","diversityStaffingReport":"https:\/\/talkpal.ai\/diversity-policy\/"}]}},"_links":{"self":[{"href":"https:\/\/talkpal.ai\/ga\/wp-json\/wp\/v2\/pages\/1442683","targetHints":{"allow":["GET"]}}],"collection":[{"href":"https:\/\/talkpal.ai\/ga\/wp-json\/wp\/v2\/pages"}],"about":[{"href":"https:\/\/talkpal.ai\/ga\/wp-json\/wp\/v2\/types\/page"}],"author":[{"embeddable":true,"href":"https:\/\/talkpal.ai\/ga\/wp-json\/wp\/v2\/users\/1"}],"replies":[{"embeddable":true,"href":"https:\/\/talkpal.ai\/ga\/wp-json\/wp\/v2\/comments?post=1442683"}],"version-history":[{"count":0,"href":"https:\/\/talkpal.ai\/ga\/wp-json\/wp\/v2\/pages\/1442683\/revisions"}],"wp:featuredmedia":[{"embeddable":true,"href":"https:\/\/talkpal.ai\/ga\/wp-json\/wp\/v2\/media\/1439613"}],"wp:attachment":[{"href":"https:\/\/talkpal.ai\/ga\/wp-json\/wp\/v2\/media?parent=1442683"}],"curies":[{"name":"wp","href":"https:\/\/api.w.org\/{rel}","templated":true}]}}