{"id":1442092,"date":"2023-05-14T13:52:27","date_gmt":"2023-05-14T13:52:27","guid":{"rendered":"https:\/\/talkpal.ai\/gramadach-na-coire\/"},"modified":"2025-12-11T16:29:14","modified_gmt":"2025-12-11T16:29:14","slug":"gramadach-na-coire","status":"publish","type":"page","link":"https:\/\/talkpal.ai\/ga\/gramadach-na-coire\/","title":{"rendered":"Gramadach na C\u00f3ir\u00e9"},"content":{"rendered":"\r\n\r\n\r\n<section class=\"languageChallengeSection\">\r\n    <div class=\"languageInfoWrapper\">\r\n        \r\n        <h1>Gramadach na C\u00f3ir\u00e9<\/h1>\r\n        <p>Tosaigh ag m\u00e1istreacht <a href=\"https:\/\/talkpal.ai\/grammar\/\">gramadach<\/a> na C\u00f3ir\u00e9 le treoracha agus sampla\u00ed praitici\u00fala at\u00e1 furasta a lean\u00faint. Foghlaim conas abairt\u00ed a fhoirmi\u00fa, c\u00e1ithn\u00edn\u00ed a \u00fas\u00e1id, agus briathra a chomhcheangal chun t\u00fa f\u00e9in a chur in i\u00fal go cruinn. Cleachtadh do chuid scileanna le cleachta\u00ed idirghn\u00edomhacha at\u00e1 deartha chun do mhuin\u00edn a th\u00f3g\u00e1il. T\u00f3g an ch\u00e9ad ch\u00e9im eile i do thuras teanga C\u00f3ir\u00e9is agus feabhas a chur ar do l\u00edofacht inniu!<\/p>\r\n\r\n                            <a class=\"getStartedHidden\" href=\"https:\/\/app.talkpal.ai\/signup?lng=\">Tosaigh<\/a>\r\n        \r\n    <\/div>\r\n\r\n    <figure>\r\n    <img decoding=\"async\" width=\"768\" height=\"768\" src=\"https:\/\/talkpal.ai\/wp-content\/uploads\/2023\/06\/korean-768x768.png\" class=\"languageImage no-lazy\" alt=\"Line-by-line learning for language acquisition\" fetchpriority=\"high\" sizes=\"(max-width: 768px) 150px, 768px\" srcset=\"https:\/\/talkpal.ai\/wp-content\/uploads\/2023\/06\/korean-768x768.png 768w, https:\/\/talkpal.ai\/wp-content\/uploads\/2023\/06\/korean-300x300.png 300w\" \/>\r\n    \r\n\r\n    <\/figure>\r\n\r\n            <a class=\"getStartedVisible\" href=\"https:\/\/app.talkpal.ai\/signup?lng=\">Tosaigh<\/a>\r\n    \r\n<\/section>\r\n<section class=\"promotionalBanner\">\r\n    <p class=\"promotionalText\">An bealach is \u00e9ifeachta\u00ed le teanga a fhoghlaim<\/p>\r\n    <a class=\"promotionalLink\" href=\"https:\/\/app.talkpal.ai\/signup?lng=\">Bain triail as Talkpal saor in aisce<\/a>\r\n<\/section>\n<div class=\"wp-block-group pageContainerStyle\"><div class=\"wp-block-group__inner-container is-layout-constrained wp-block-group-is-layout-constrained\">\n<h2 class=\"wp-block-heading\" id=\"h-demystifying-korean-grammar-a-beginner-s-guide\">Demystifying Gramadach na C\u00f3ir\u00e9: Treoir do Thosaitheoir\u00ed<\/h2>\n\n\n\n<p>Is f\u00e9idir le foghlaim na C\u00f3ir\u00e9 domhan deiseanna a oscailt, cib\u00e9 acu eala\u00edn na C\u00f3ir\u00e9 a ini\u00fachadh, f\u00e9achaint ar na K-dr\u00e1ma\u00ed is d\u00e9ana\u00ed, n\u00f3 ag obair le ceann de na cuideachta\u00ed nu\u00e1lacha go leor sa Ch\u00f3ir\u00e9 Theas. Mar chainteoir neamhdh\u00fachais at\u00e1 ag tumadh isteach sa teanga sp\u00e9isi\u00fail seo, is \u00e9 ceann de na gn\u00e9ithe is d\u00fashl\u00e1na\u00ed n\u00e1 m\u00e1istreacht a dh\u00e9anamh ar a <a href=\"https:\/\/talkpal.ai\/grammar\/\">gramadach<\/a>. B&#8217;fh\u00e9idir go bhfuil gramadach na C\u00f3ir\u00e9 casta ar an gc\u00e9ad amharc, ach t\u00e1 loighic agus comhsheasmhacht aici a d&#8217;fh\u00e9adfadh a bheith n\u00edos inrochtana n\u00e1 mar a cheapf\u00e1. San alt seo, d\u00e9anfaimid miondeal\u00fa s\u00edos na pr\u00edomhghn\u00e9ithe de ghramadach na C\u00f3ir\u00e9 agus tabharfaimid l\u00e9argas luachmhar chun do thuras chun l\u00edofachta a dh\u00e9anamh r\u00e9idh agus taitneamhach.<\/p>\n\n\n\n<h3 class=\"wp-block-heading\" id=\"h-1-word-nbsp-order-nbsp-get-in-the-flow\"><b>1. Ord focal<\/b><b> &#8211; Faigh sa sreabhadh!<\/b><\/h3>\n\n\n\n<p>Is \u00e9 an ch\u00e9ad rud a theasta\u00edonn uait a bheith ar an eolas faoi ghramadach na C\u00f3ir\u00e9 n\u00e1 a ord bun\u00fasach focal: <a href=\"https:\/\/talkpal.ai\/culture\/how-do-you-structure-a-sentence-using-subject-object-verb-order-in-uzbek\/\">Subject-Object-Verb<\/a> (SOV). Cialla\u00edonn s\u00e9 seo go dtagann briathra ag deireadh abairte, murab ionann agus ord Subject-Verb-Object (SVO) an Bh\u00e9arla. B&#8217;fh\u00e9idir go dt\u00f3gfadh s\u00e9 seo roinnt dul i dtaith\u00ed air, ach is \u00ed an eochair do l\u00edofacht n\u00e1 a bheith compordach leis an strucht\u00far <a href=\"https:\/\/talkpal.ai\/talkpal-new-years-discount\/\">nua<\/a> seo.<\/p>\n\n\n\n<p>Leid: Cleachtadh abairt\u00ed simpl\u00ed C\u00f3ir\u00e9is a fhoirmi\u00fa tr\u00ed fhr\u00e1sa\u00ed <a href=\"https:\/\/talkpal.ai\/learn-english-with-ai\/\">B\u00e9arla<\/a> a aistri\u00fa agus ord na bhfocal a atheagr\u00fa. D\u00edrigh ar thuiscint a fh\u00e1il ar an loighic at\u00e1 taobh thiar den strucht\u00far SOV chun a bheith n\u00edos comporda\u00ed leis.<\/p>\n\n\n\n<h3 class=\"wp-block-heading\" id=\"h-2-particles-attach-and-connect\">2. C\u00e1ithn\u00edn\u00ed &#8211; Ceangail agus ceangail!<\/h3>\n\n\n\n<p>Baineann abairt\u00ed na C\u00f3ir\u00e9 \u00fas\u00e1id as p\u00edosa\u00ed beaga b\u00eddeacha faisn\u00e9ise gramada\u00ed ar a dtugtar c\u00e1ithn\u00edn\u00ed chun cabhr\u00fa le feidhm focal in abairt a chinneadh. Mar shampla, marc\u00e1lann \uc774\/\uac00 agus \uc740\/\ub294 an t-\u00e1bhar, agus l\u00e9ir\u00edonn \uc744\/\ub97c an rud. Is comhph\u00e1irt riachtanach de ghramadach na C\u00f3ir\u00e9 iad c\u00e1ithn\u00edn\u00ed, ach d&#8217;fh\u00e9adfadh a n-\u00fas\u00e1id a bheith s\u00e1raitheach ar dt\u00fas.<\/p>\n\n\n\n<p>Leid: T\u00e9igh i ngleic le c\u00e1ithn\u00edn amh\u00e1in ag an am, ag \u00e9ir\u00ed compordach lena \u00fas\u00e1id agus lena bhr\u00ed. Forbairt liosta d&#8217;abairt\u00ed samplacha ag baint \u00fas\u00e1ide as gach c\u00e1ithn\u00edn chun baili\u00fach\u00e1n d&#8217;\u00e1bhar tagartha a chruth\u00fa.<\/p>\n\n\n\n<h3 class=\"wp-block-heading\" id=\"h-3-verb-conjugation-keep-it-simple\">3. Comhchuingi\u00fa briathar &#8211; Coinnigh simpl\u00ed \u00e9!<\/h3>\n\n\n\n<p>T\u00e1 briathra na C\u00f3ir\u00e9 thar a bheith comhsheasmhach, rud a fh\u00e1gann go bhfuil siad n\u00edos \u00e9asca a fhoghlaim n\u00e1 briathra i dteangacha eile. Cr\u00edochna\u00edonn gach briathar C\u00f3ir\u00e9 i \ub2e4 (da) ina bhfoirm bhun\u00fasach, agus chun aimsir n\u00f3 leibh\u00e9il \u00e9ags\u00fala dea-bh\u00e9asa a chruth\u00fa, n\u00ed chuirfidh t\u00fa ach foircinn \u00e9ags\u00fala leis. Is iad na cinn is coitianta n\u00e1 \u2013\uc694 (yo) le haghaidh dea-bh\u00e9asa neamhfhoirmi\u00fail agus \u2013\uc2b5\ub2c8\ub2e4 (seumnida) do ch\u00e1sanna n\u00edos foirmi\u00fala.<\/p>\n\n\n\n<p>Leid: Foghlaim conas c\u00fapla briathra riachtanach a chomhcheangal sna leibh\u00e9il \u00e9ags\u00fala dea-bh\u00e9asa, mar shampla \ud558\ub2e4 (a dh\u00e9anamh), \uba39\ub2e4 (a ithe), \uc790\ub2e4 (codladh), agus \uac00\ub2e4 (dul). Ansin, tos\u00fa ag ionchorpr\u00fa iad in abairt\u00ed chun a bheith n\u00edos eola\u00ed agus n\u00edos comporda\u00ed le conjugations \u00e9ags\u00fala a \u00fas\u00e1id.<\/p>\n\n\n\n<h3 class=\"wp-block-heading\" id=\"h-4-adjectives-treat-them-like-verbs\">4. Adjectives \u2013 Treat them like briathra!<\/h3>\n\n\n\n<p>I ngramadach na C\u00f3ir\u00e9, feidhm\u00edonn aidiachta\u00ed mar an gc\u00e9anna le briathra agus d\u00e9antar iad a chomhchuingi\u00fa ag baint \u00fas\u00e1ide as an gc\u00f3ras c\u00e9anna. Cr\u00edochna\u00edonn go leor aidiachta\u00ed i ~\ud558\ub2e4 (-hada) agus is f\u00e9idir iad a chomhcheangal ar an mbealach c\u00e9anna a dh\u00e9anf\u00e1 briathra a chomhcheangal.<\/p>\n\n\n\n<p>Leid: Cleachtadh aidiachta\u00ed coitianta cos\u00fail le \uc88b\ub2e4 (a bheith go maith), \uc608\uc058\ub2e4 (a bheith go deas), \ub192\ub2e4 (a bheith ard), \ub0ae\ub2e4 (a bheith \u00edseal), agus \ud06c\ub2e4 (a bheith m\u00f3r). Cabhr\u00f3idh iad a ionchorpr\u00fa in abairt\u00ed le do thuiscint a dhaingni\u00fa.<\/p>\n\n\n\n<h3 class=\"wp-block-heading\" id=\"h-5-honorifics-show-your-respect\">5. Honorifics &#8211; Taispe\u00e1in do mheas!<\/h3>\n\n\n\n<p>Cuireann cult\u00far na C\u00f3ir\u00e9 b\u00e9im ar mheas a thaispe\u00e1int do shean\u00f3ir\u00ed agus d\u00f3ibh si\u00fad i bpoist \u00fadar\u00e1is. T\u00e1 s\u00e9 seo le feice\u00e1il ina theanga tr\u00ed on\u00f3racha, ar foirmeacha speisialta focail agus strucht\u00fair ghramada\u00ed iad a \u00fas\u00e1idtear chun b\u00e9asacht a thaispe\u00e1int. I measc na bpr\u00edomhshampla\u00ed t\u00e1 an c\u00e1ithn\u00edn \u2013\uaed8\uc11c (-kkeseo) a \u00fas\u00e1id in ionad \u2013\uc774\/\uac00 nuair a thagra\u00edonn t\u00fa do dhuine go meas\u00fail n\u00f3 ag ceangal \u2013\uc2dc (-si) le briathra mar mharc\u00f3ir dea-bh\u00e9asa.<\/p>\n\n\n\n<p>Leid: Foghlaim na buneilimint\u00ed a bhaineann le h\u00fas\u00e1id on\u00f3racha, ach n\u00e1 b\u00edodh imn\u00ed ort an iomarca faoi bheith i do shaineola\u00ed l\u00e1ithreach. Mar chainteoir B\u00e9arla, is d\u00f3cha go dtuigfidh Koreans m\u00e1 dh\u00e9anann t\u00fa bot\u00fain, ach beidh meas ar iarracht a thaispe\u00e1int a bheith meas\u00fail.<\/p>\n\n\n\n<h3 class=\"wp-block-heading\" id=\"h-conclusion\">Concl\u00faid:<\/h3>\n\n\n\n<p>D&#8217;fh\u00e9adfadh gramadach na C\u00f3ir\u00e9 a bheith d\u00fashl\u00e1nach ar dt\u00fas, ach de r\u00e9ir mar a fhaigheann t\u00fa taith\u00ed agus tuiscint, gheobhaidh t\u00fa creatlach loighci\u00fail agus comhsheasmhach i bhfeidhm. Tr\u00ed dh\u00edri\u00fa ar phr\u00edomhchoincheapa cos\u00fail le hord focal, c\u00e1ithn\u00edn\u00ed, agus comhchuingi\u00fa briathra, beidh t\u00fa ag t\u00f3g\u00e1il abairt\u00ed cos\u00fail le pro. Glac le gr\u00e1 don teanga l\u00e9iritheach seo, agus f\u00e9ach ar do mh\u00e1istreacht ar ghramadach na C\u00f3ir\u00e9 mar thoradh ar domhan f\u00e9idearthachta\u00ed. \ud654\uc774\ud305 (hwaiting) \u2013 let<\/p>\n<\/div><\/div>\n\r\n<section class=\"learnNavigationSection\">\r\n            \r\n        <a href=\"https:\/\/talkpal.ai\/ga\/foghlaim-coireis\/\">\r\n            <div class=\"learnNavigationWrapper\">\r\n                <div class=\"learnNavigationContent\">\r\n                    <img decoding=\"async\" src=\"https:\/\/talkpal.ai\/wp-content\/uploads\/2024\/08\/Korean.jpg\" alt=\"Korean Flag\">\r\n                    <div>\r\n                        <h4>Maidir le Foghlaim na C\u00f3ir\u00e9<\/h4>\r\n                        <p>Faigh amach gach rud faoi ghramadach na C\u00f3ir\u00e9.<\/p>\r\n                    <\/div>\r\n                <\/div>\r\n            <\/div>\r\n        <\/a>\r\n\r\n        \r\n        <a href=\"https:\/\/talkpal.ai\/ga\/cleachtai-gramadai-na-coireise\/\">\r\n            <div class=\"learnNavigationWrapper\">\r\n                <div class=\"learnNavigationContent\">\r\n                    <img decoding=\"async\" src=\"https:\/\/talkpal.ai\/wp-content\/uploads\/2024\/08\/Korean.jpg\" alt=\"Korean Flag\">\r\n                    <div>\r\n                        <h4>Cleachtadh Gramada\u00ed na C\u00f3ir\u00e9<\/h4>\r\n                        <p>Cleachtadh gramadach na C\u00f3ir\u00e9.<\/p>\r\n                    <\/div>\r\n                <\/div>\r\n            <\/div>\r\n        <\/a>\r\n\r\n        \r\n        <a href=\"https:\/\/talkpal.ai\/vocabulary_language\/korean\/\">\r\n            <div class=\"learnNavigationWrapper\">\r\n                <div class=\"learnNavigationContent\">\r\n                    <img decoding=\"async\" src=\"https:\/\/talkpal.ai\/wp-content\/uploads\/2024\/08\/Korean.jpg\" alt=\"Korean Flag\">\r\n                    <div>\r\n                        <h4>St\u00f3r Focal na C\u00f3ir\u00e9<\/h4>\r\n                        <p>Leathnaigh do st\u00f3r focal C\u00f3ir\u00e9is.<\/p>\r\n                    <\/div>\r\n                <\/div>\r\n            <\/div>\r\n        <\/a>\r\n\r\n            <\/section>","protected":false},"excerpt":{"rendered":"<p>Demystifying Gramadach na C\u00f3ir\u00e9: Treoir do Thosaitheoir\u00ed Is f\u00e9idir le foghlaim na C\u00f3ir\u00e9 domhan deiseanna a oscailt, cib\u00e9 acu eala\u00edn na C\u00f3ir\u00e9 a ini\u00fachadh, f\u00e9achaint ar na K-dr\u00e1ma\u00ed is d\u00e9ana\u00ed, n\u00f3 ag obair le ceann de na cuideachta\u00ed nu\u00e1lacha go leor sa Ch\u00f3ir\u00e9 Theas. Mar chainteoir neamhdh\u00fachais at\u00e1 ag tumadh isteach sa teanga sp\u00e9isi\u00fail seo, [&hellip;]<\/p>\n","protected":false},"author":1,"featured_media":1440052,"parent":0,"menu_order":0,"comment_status":"closed","ping_status":"closed","template":"LearningContentPage.php","meta":{"_acf_changed":false,"footnotes":""},"class_list":["post-1442092","page","type-page","status-publish","has-post-thumbnail","hentry"],"acf":[],"yoast_head":"<!-- This site is optimized with the Yoast SEO Premium plugin v27.2 (Yoast SEO v27.2) - https:\/\/yoast.com\/product\/yoast-seo-premium-wordpress\/ -->\n<title>Gramadach na C\u00f3ir\u00e9 - Talkpal<\/title>\n<meta name=\"description\" content=\"M\u00e1istir gramadach na C\u00f3ir\u00e9 go muin\u00edneach - strucht\u00far abairte a neart\u00fa, rialacha a shoil\u00e9iri\u00fa, agus l\u00edofacht a fheabhs\u00fa go h\u00e9asca\" \/>\n<meta name=\"robots\" content=\"index, follow, max-snippet:-1, max-image-preview:large, max-video-preview:-1\" \/>\n<link rel=\"canonical\" href=\"https:\/\/talkpal.ai\/ga\/gramadach-na-coire\/\" \/>\n<meta property=\"og:locale\" content=\"ga_IE\" \/>\n<meta property=\"og:type\" content=\"article\" \/>\n<meta property=\"og:title\" content=\"Gramadach na C\u00f3ir\u00e9\" \/>\n<meta property=\"og:description\" content=\"Demystifying Gramadach na C\u00f3ir\u00e9: Treoir do Thosaitheoir\u00ed Is f\u00e9idir le foghlaim na C\u00f3ir\u00e9 domhan deiseanna a oscailt, cib\u00e9 acu eala\u00edn na C\u00f3ir\u00e9 a ini\u00fachadh,\" \/>\n<meta property=\"og:url\" content=\"https:\/\/talkpal.ai\/ga\/gramadach-na-coire\/\" \/>\n<meta property=\"og:site_name\" content=\"Talkpal\" \/>\n<meta property=\"article:publisher\" content=\"https:\/\/www.facebook.com\/profile.php?id=100090733639311\" \/>\n<meta property=\"article:modified_time\" content=\"2025-12-11T16:29:14+00:00\" \/>\n<meta property=\"og:image\" content=\"https:\/\/talkpal.ai\/wp-content\/uploads\/2023\/04\/south-korea.png\" \/>\n\t<meta property=\"og:image:width\" content=\"512\" \/>\n\t<meta property=\"og:image:height\" content=\"512\" \/>\n\t<meta property=\"og:image:type\" content=\"image\/png\" \/>\n<meta name=\"twitter:card\" content=\"summary_large_image\" \/>\n<meta name=\"twitter:site\" content=\"@talkpalai\" \/>\n<meta name=\"twitter:label1\" content=\"Est. reading time\" \/>\n\t<meta name=\"twitter:data1\" content=\"4 minutes\" \/>\n<script type=\"application\/ld+json\" class=\"yoast-schema-graph\">{\"@context\":\"https:\/\/schema.org\",\"@graph\":[{\"@type\":\"WebPage\",\"@id\":\"https:\/\/talkpal.ai\/ga\/gramadach-na-coire\/\",\"url\":\"https:\/\/talkpal.ai\/ga\/gramadach-na-coire\/\",\"name\":\"Gramadach na C\u00f3ir\u00e9 - Talkpal\",\"isPartOf\":{\"@id\":\"https:\/\/talkpal.ai\/ga\/#website\"},\"primaryImageOfPage\":{\"@id\":\"https:\/\/talkpal.ai\/ga\/gramadach-na-coire\/#primaryimage\"},\"image\":{\"@id\":\"https:\/\/talkpal.ai\/ga\/gramadach-na-coire\/#primaryimage\"},\"thumbnailUrl\":\"https:\/\/talkpal.ai\/wp-content\/uploads\/2023\/04\/south-korea.png\",\"datePublished\":\"2023-05-14T13:52:27+00:00\",\"dateModified\":\"2025-12-11T16:29:14+00:00\",\"description\":\"M\u00e1istir gramadach na C\u00f3ir\u00e9 go muin\u00edneach - strucht\u00far abairte a neart\u00fa, rialacha a shoil\u00e9iri\u00fa, agus l\u00edofacht a fheabhs\u00fa go h\u00e9asca\",\"breadcrumb\":{\"@id\":\"https:\/\/talkpal.ai\/ga\/gramadach-na-coire\/#breadcrumb\"},\"inLanguage\":\"ga-IE\",\"potentialAction\":[{\"@type\":\"ReadAction\",\"target\":[\"https:\/\/talkpal.ai\/ga\/gramadach-na-coire\/\"]}]},{\"@type\":\"ImageObject\",\"inLanguage\":\"ga-IE\",\"@id\":\"https:\/\/talkpal.ai\/ga\/gramadach-na-coire\/#primaryimage\",\"url\":\"https:\/\/talkpal.ai\/wp-content\/uploads\/2023\/04\/south-korea.png\",\"contentUrl\":\"https:\/\/talkpal.ai\/wp-content\/uploads\/2023\/04\/south-korea.png\",\"width\":512,\"height\":512,\"caption\":\"TalkPal Catalan Flag\"},{\"@type\":\"BreadcrumbList\",\"@id\":\"https:\/\/talkpal.ai\/ga\/gramadach-na-coire\/#breadcrumb\",\"itemListElement\":[{\"@type\":\"ListItem\",\"position\":1,\"name\":\"Homepage\",\"item\":\"https:\/\/talkpal.ai\/ga\/\"},{\"@type\":\"ListItem\",\"position\":2,\"name\":\"Gramadach na C\u00f3ir\u00e9\"}]},{\"@type\":\"WebSite\",\"@id\":\"https:\/\/talkpal.ai\/ga\/#website\",\"url\":\"https:\/\/talkpal.ai\/ga\/\",\"name\":\"Talkpal\",\"description\":\"AI Language Learning\",\"publisher\":{\"@id\":\"https:\/\/talkpal.ai\/ga\/#organization\"},\"alternateName\":\"Talkpal AI\",\"potentialAction\":[{\"@type\":\"SearchAction\",\"target\":{\"@type\":\"EntryPoint\",\"urlTemplate\":\"https:\/\/talkpal.ai\/ga\/?s={search_term_string}\"},\"query-input\":{\"@type\":\"PropertyValueSpecification\",\"valueRequired\":true,\"valueName\":\"search_term_string\"}}],\"inLanguage\":\"ga-IE\"},{\"@type\":\"Organization\",\"@id\":\"https:\/\/talkpal.ai\/ga\/#organization\",\"name\":\"Talkpal, Inc.\",\"alternateName\":\"Talkpal AI\",\"url\":\"https:\/\/talkpal.ai\/ga\/\",\"logo\":{\"@type\":\"ImageObject\",\"inLanguage\":\"ga-IE\",\"@id\":\"https:\/\/talkpal.ai\/ga\/#\/schema\/logo\/image\/\",\"url\":\"https:\/\/talkpal.ai\/wp-content\/uploads\/2024\/03\/Talkpal-Logo-Icon.png\",\"contentUrl\":\"https:\/\/talkpal.ai\/wp-content\/uploads\/2024\/03\/Talkpal-Logo-Icon.png\",\"width\":2880,\"height\":2880,\"caption\":\"Talkpal, Inc.\"},\"image\":{\"@id\":\"https:\/\/talkpal.ai\/ga\/#\/schema\/logo\/image\/\"},\"sameAs\":[\"https:\/\/www.facebook.com\/profile.php?id=100090733639311\",\"https:\/\/x.com\/talkpalai\",\"https:\/\/www.linkedin.com\/company\/talkpal\/\",\"https:\/\/www.youtube.com\/@TalkPal\/\",\"https:\/\/www.tiktok.com\/@talkpal\",\"https:\/\/www.instagram.com\/talkpal_ai\/\",\"https:\/\/www.crunchbase.com\/organization\/talkpal-9cde\",\"https:\/\/www.g2.com\/products\/talkpal-for-business\/\",\"https:\/\/www.trustpilot.com\/review\/talkpal.ai\",\"https:\/\/www.capterra.com\/p\/10006800\/TalkPal\/\"],\"description\":\"Talkpal is a language learning web and mobile education app, powered by the latest AI technologies, that provides engaging experiences to its customers in many different languages to help them improve their language skills. Users can chat about unlimited amount of topics with the app and use other modes to practice their language learning.\",\"email\":\"support@talkpal.ai\",\"legalName\":\"Talkpal, Inc.\",\"foundingDate\":\"2023-04-03\",\"duns\":\"118989042\",\"numberOfEmployees\":{\"@type\":\"QuantitativeValue\",\"minValue\":\"11\",\"maxValue\":\"50\"},\"publishingPrinciples\":\"https:\/\/talkpal.ai\/publishing-principles\/\",\"actionableFeedbackPolicy\":\"https:\/\/talkpal.ai\/actionable-feedback-policy\/\",\"correctionsPolicy\":\"https:\/\/talkpal.ai\/corrections-policy\/\",\"ethicsPolicy\":\"https:\/\/talkpal.ai\/ethics-policy\/\",\"diversityPolicy\":\"https:\/\/talkpal.ai\/diversity-policy\/\",\"diversityStaffingReport\":\"https:\/\/talkpal.ai\/diversity-policy\/\"}]}<\/script>\n<!-- \/ Yoast SEO Premium plugin. -->","yoast_head_json":{"title":"Gramadach na C\u00f3ir\u00e9 - Talkpal","description":"M\u00e1istir gramadach na C\u00f3ir\u00e9 go muin\u00edneach - strucht\u00far abairte a neart\u00fa, rialacha a shoil\u00e9iri\u00fa, agus l\u00edofacht a fheabhs\u00fa go h\u00e9asca","robots":{"index":"index","follow":"follow","max-snippet":"max-snippet:-1","max-image-preview":"max-image-preview:large","max-video-preview":"max-video-preview:-1"},"canonical":"https:\/\/talkpal.ai\/ga\/gramadach-na-coire\/","og_locale":"ga_IE","og_type":"article","og_title":"Gramadach na C\u00f3ir\u00e9","og_description":"Demystifying Gramadach na C\u00f3ir\u00e9: Treoir do Thosaitheoir\u00ed Is f\u00e9idir le foghlaim na C\u00f3ir\u00e9 domhan deiseanna a oscailt, cib\u00e9 acu eala\u00edn na C\u00f3ir\u00e9 a ini\u00fachadh,","og_url":"https:\/\/talkpal.ai\/ga\/gramadach-na-coire\/","og_site_name":"Talkpal","article_publisher":"https:\/\/www.facebook.com\/profile.php?id=100090733639311","article_modified_time":"2025-12-11T16:29:14+00:00","og_image":[{"width":512,"height":512,"url":"https:\/\/talkpal.ai\/wp-content\/uploads\/2023\/04\/south-korea.png","type":"image\/png"}],"twitter_card":"summary_large_image","twitter_site":"@talkpalai","twitter_misc":{"Est. reading time":"4 minutes"},"schema":{"@context":"https:\/\/schema.org","@graph":[{"@type":"WebPage","@id":"https:\/\/talkpal.ai\/ga\/gramadach-na-coire\/","url":"https:\/\/talkpal.ai\/ga\/gramadach-na-coire\/","name":"Gramadach na C\u00f3ir\u00e9 - Talkpal","isPartOf":{"@id":"https:\/\/talkpal.ai\/ga\/#website"},"primaryImageOfPage":{"@id":"https:\/\/talkpal.ai\/ga\/gramadach-na-coire\/#primaryimage"},"image":{"@id":"https:\/\/talkpal.ai\/ga\/gramadach-na-coire\/#primaryimage"},"thumbnailUrl":"https:\/\/talkpal.ai\/wp-content\/uploads\/2023\/04\/south-korea.png","datePublished":"2023-05-14T13:52:27+00:00","dateModified":"2025-12-11T16:29:14+00:00","description":"M\u00e1istir gramadach na C\u00f3ir\u00e9 go muin\u00edneach - strucht\u00far abairte a neart\u00fa, rialacha a shoil\u00e9iri\u00fa, agus l\u00edofacht a fheabhs\u00fa go h\u00e9asca","breadcrumb":{"@id":"https:\/\/talkpal.ai\/ga\/gramadach-na-coire\/#breadcrumb"},"inLanguage":"ga-IE","potentialAction":[{"@type":"ReadAction","target":["https:\/\/talkpal.ai\/ga\/gramadach-na-coire\/"]}]},{"@type":"ImageObject","inLanguage":"ga-IE","@id":"https:\/\/talkpal.ai\/ga\/gramadach-na-coire\/#primaryimage","url":"https:\/\/talkpal.ai\/wp-content\/uploads\/2023\/04\/south-korea.png","contentUrl":"https:\/\/talkpal.ai\/wp-content\/uploads\/2023\/04\/south-korea.png","width":512,"height":512,"caption":"TalkPal Catalan Flag"},{"@type":"BreadcrumbList","@id":"https:\/\/talkpal.ai\/ga\/gramadach-na-coire\/#breadcrumb","itemListElement":[{"@type":"ListItem","position":1,"name":"Homepage","item":"https:\/\/talkpal.ai\/ga\/"},{"@type":"ListItem","position":2,"name":"Gramadach na C\u00f3ir\u00e9"}]},{"@type":"WebSite","@id":"https:\/\/talkpal.ai\/ga\/#website","url":"https:\/\/talkpal.ai\/ga\/","name":"Talkpal","description":"AI Language Learning","publisher":{"@id":"https:\/\/talkpal.ai\/ga\/#organization"},"alternateName":"Talkpal AI","potentialAction":[{"@type":"SearchAction","target":{"@type":"EntryPoint","urlTemplate":"https:\/\/talkpal.ai\/ga\/?s={search_term_string}"},"query-input":{"@type":"PropertyValueSpecification","valueRequired":true,"valueName":"search_term_string"}}],"inLanguage":"ga-IE"},{"@type":"Organization","@id":"https:\/\/talkpal.ai\/ga\/#organization","name":"Talkpal, Inc.","alternateName":"Talkpal AI","url":"https:\/\/talkpal.ai\/ga\/","logo":{"@type":"ImageObject","inLanguage":"ga-IE","@id":"https:\/\/talkpal.ai\/ga\/#\/schema\/logo\/image\/","url":"https:\/\/talkpal.ai\/wp-content\/uploads\/2024\/03\/Talkpal-Logo-Icon.png","contentUrl":"https:\/\/talkpal.ai\/wp-content\/uploads\/2024\/03\/Talkpal-Logo-Icon.png","width":2880,"height":2880,"caption":"Talkpal, Inc."},"image":{"@id":"https:\/\/talkpal.ai\/ga\/#\/schema\/logo\/image\/"},"sameAs":["https:\/\/www.facebook.com\/profile.php?id=100090733639311","https:\/\/x.com\/talkpalai","https:\/\/www.linkedin.com\/company\/talkpal\/","https:\/\/www.youtube.com\/@TalkPal\/","https:\/\/www.tiktok.com\/@talkpal","https:\/\/www.instagram.com\/talkpal_ai\/","https:\/\/www.crunchbase.com\/organization\/talkpal-9cde","https:\/\/www.g2.com\/products\/talkpal-for-business\/","https:\/\/www.trustpilot.com\/review\/talkpal.ai","https:\/\/www.capterra.com\/p\/10006800\/TalkPal\/"],"description":"Talkpal is a language learning web and mobile education app, powered by the latest AI technologies, that provides engaging experiences to its customers in many different languages to help them improve their language skills. Users can chat about unlimited amount of topics with the app and use other modes to practice their language learning.","email":"support@talkpal.ai","legalName":"Talkpal, Inc.","foundingDate":"2023-04-03","duns":"118989042","numberOfEmployees":{"@type":"QuantitativeValue","minValue":"11","maxValue":"50"},"publishingPrinciples":"https:\/\/talkpal.ai\/publishing-principles\/","actionableFeedbackPolicy":"https:\/\/talkpal.ai\/actionable-feedback-policy\/","correctionsPolicy":"https:\/\/talkpal.ai\/corrections-policy\/","ethicsPolicy":"https:\/\/talkpal.ai\/ethics-policy\/","diversityPolicy":"https:\/\/talkpal.ai\/diversity-policy\/","diversityStaffingReport":"https:\/\/talkpal.ai\/diversity-policy\/"}]}},"_links":{"self":[{"href":"https:\/\/talkpal.ai\/ga\/wp-json\/wp\/v2\/pages\/1442092","targetHints":{"allow":["GET"]}}],"collection":[{"href":"https:\/\/talkpal.ai\/ga\/wp-json\/wp\/v2\/pages"}],"about":[{"href":"https:\/\/talkpal.ai\/ga\/wp-json\/wp\/v2\/types\/page"}],"author":[{"embeddable":true,"href":"https:\/\/talkpal.ai\/ga\/wp-json\/wp\/v2\/users\/1"}],"replies":[{"embeddable":true,"href":"https:\/\/talkpal.ai\/ga\/wp-json\/wp\/v2\/comments?post=1442092"}],"version-history":[{"count":0,"href":"https:\/\/talkpal.ai\/ga\/wp-json\/wp\/v2\/pages\/1442092\/revisions"}],"wp:featuredmedia":[{"embeddable":true,"href":"https:\/\/talkpal.ai\/ga\/wp-json\/wp\/v2\/media\/1440052"}],"wp:attachment":[{"href":"https:\/\/talkpal.ai\/ga\/wp-json\/wp\/v2\/media?parent=1442092"}],"curies":[{"name":"wp","href":"https:\/\/api.w.org\/{rel}","templated":true}]}}