{"id":1441538,"date":"2023-12-20T15:42:12","date_gmt":"2023-12-20T15:42:12","guid":{"rendered":"https:\/\/talkpal.ai\/treoracha-maidir-le-cod-cupon-a-chur-leis-i-seiceail-stripe\/"},"modified":"2025-09-06T15:55:53","modified_gmt":"2025-09-06T15:55:53","slug":"treoracha-maidir-le-cod-cupon-a-chur-leis-i-seiceail-stripe","status":"publish","type":"page","link":"https:\/\/talkpal.ai\/ga\/treoracha-maidir-le-cod-cupon-a-chur-leis-i-seiceail-stripe\/","title":{"rendered":"Treoracha maidir le C\u00f3d C\u00fap\u00f3n a Chur leis i Seice\u00e1il Stripe"},"content":{"rendered":"\n<p>Cuir c\u00f3d c\u00fap\u00f3n leis agus faigh lascaine.<\/p>\n\n<h2 class=\"wp-block-heading\" id=\"h-follow-the-steps\">Lean na C\u00e9imeanna<\/h2>\n\n<h3 class=\"wp-block-heading\" id=\"h-step-1\">C\u00e9im 1:<\/h3>\n\n<p>Roghnaigh an plean is fearr leat.<\/p>\n\n<figure class=\"wp-block-image\"><img decoding=\"async\" src=\"https:\/\/talkpal.ai\/wp-content\/uploads\/2024\/12\/Choos-plan-screen-768x389.png\" alt=\"\"\/><\/figure>\n\n<h3 class=\"wp-block-heading\" id=\"h-step-2\">C\u00e9im 2:<\/h3>\n\n<p>Roghnaigh an rogha chun \u00edoc ag baint \u00fas\u00e1ide as c\u00e1rta agus br\u00faigh an cnaipe tosaigh.<\/p>\n\n<figure class=\"wp-block-image\"><img decoding=\"async\" src=\"https:\/\/talkpal.ai\/wp-content\/uploads\/2024\/12\/Payment-method-screen-768x389.png\" alt=\"\"\/><\/figure>\n\n<h3 class=\"wp-block-heading\" id=\"h-step-3\">C\u00e9im 3:<\/h3>\n\n<p>D\u00e9anfar t\u00fa a atreor\u00fa chuig leathanach seice\u00e1la Stripe.<\/p>\n\n<h3 class=\"wp-block-heading\" id=\"h-step-4\">C\u00e9im 4:<\/h3>\n\n<p>Br\u00faigh &#8216;Cuir C\u00f3d Cur Chun Cinn&#8217; agus cl\u00f3scr\u00edobh an C\u00f3d, mar shampla: <strong>JOIN25<\/strong> agus br\u00faigh &#8216;Cuir Iarratas&#8217;.<\/p>\n\n<figure class=\"wp-block-image\"><img decoding=\"async\" src=\"https:\/\/talkpal.ai\/wp-content\/uploads\/2024\/05\/Talkpal-Stripe-instructions-1024x593.png\" alt=\"\"\/><\/figure>\n\n<h3 class=\"wp-block-heading\" id=\"h-step-5\">C\u00e9im 5:<\/h3>\n\n<p>L\u00edon isteach do chuid faisn\u00e9ise c\u00e1rta agus tosaigh ag ini\u00fachadh do chuntas Pr\u00e9imhe.<\/p>\n\n<p><\/p>\n","protected":false},"excerpt":{"rendered":"<p>Cuir c\u00f3d c\u00fap\u00f3n leis agus faigh lascaine. Lean na C\u00e9imeanna C\u00e9im 1: Roghnaigh an plean is fearr leat. C\u00e9im 2: Roghnaigh an rogha chun \u00edoc ag baint \u00fas\u00e1ide as c\u00e1rta agus br\u00faigh an cnaipe tosaigh. C\u00e9im 3: D\u00e9anfar t\u00fa a atreor\u00fa chuig leathanach seice\u00e1la Stripe. C\u00e9im 4: Br\u00faigh &#8216;Cuir C\u00f3d Cur Chun Cinn&#8217; agus cl\u00f3scr\u00edobh [&hellip;]<\/p>\n","protected":false},"author":6,"featured_media":1439613,"parent":0,"menu_order":0,"comment_status":"closed","ping_status":"closed","template":"","meta":{"_acf_changed":false,"footnotes":""},"class_list":["post-1441538","page","type-page","status-publish","has-post-thumbnail","hentry"],"acf":[],"yoast_head":"<!-- This site is optimized with the Yoast SEO Premium plugin v27.2 (Yoast SEO v27.2) - https:\/\/yoast.com\/product\/yoast-seo-premium-wordpress\/ -->\n<title>Treoracha maidir le C\u00f3d C\u00fap\u00f3n a Chur leis i Seice\u00e1il Stripe - Talkpal<\/title>\n<meta name=\"description\" content=\"Foghlaim conas c\u00f3id c\u00fap\u00f3n a chur leis go h\u00e9asca i Stripe Check. Lean c\u00e9imeanna simpl\u00ed chun eisp\u00e9ireas seice\u00e1la an chustaim\u00e9ara a fheabhs\u00fa.\" \/>\n<meta name=\"robots\" content=\"index, follow, max-snippet:-1, max-image-preview:large, max-video-preview:-1\" \/>\n<link rel=\"canonical\" href=\"https:\/\/talkpal.ai\/ga\/treoracha-maidir-le-cod-cupon-a-chur-leis-i-seiceail-stripe\/\" \/>\n<meta property=\"og:locale\" content=\"ga_IE\" \/>\n<meta property=\"og:type\" content=\"article\" \/>\n<meta property=\"og:title\" content=\"Treoracha maidir le C\u00f3d C\u00fap\u00f3n a Chur leis i Seice\u00e1il Stripe\" \/>\n<meta property=\"og:description\" content=\"Cuir c\u00f3d c\u00fap\u00f3n leis agus faigh lascaine. Lean na C\u00e9imeanna C\u00e9im 1: Roghnaigh an plean is fearr leat. C\u00e9im 2: Roghnaigh an rogha chun \u00edoc ag baint \u00fas\u00e1ide\" \/>\n<meta property=\"og:url\" content=\"https:\/\/talkpal.ai\/ga\/treoracha-maidir-le-cod-cupon-a-chur-leis-i-seiceail-stripe\/\" \/>\n<meta property=\"og:site_name\" content=\"Talkpal\" \/>\n<meta property=\"article:publisher\" content=\"https:\/\/www.facebook.com\/profile.php?id=100090733639311\" \/>\n<meta property=\"article:modified_time\" content=\"2025-09-06T15:55:53+00:00\" \/>\n<meta property=\"og:image\" content=\"https:\/\/talkpal.ai\/wp-content\/uploads\/2024\/03\/Talkpal-Logo-Icon.png\" \/>\n\t<meta property=\"og:image:width\" content=\"2880\" \/>\n\t<meta property=\"og:image:height\" content=\"2880\" \/>\n\t<meta property=\"og:image:type\" content=\"image\/png\" \/>\n<meta name=\"twitter:card\" content=\"summary_large_image\" \/>\n<meta name=\"twitter:site\" content=\"@talkpalai\" \/>\n<script type=\"application\/ld+json\" class=\"yoast-schema-graph\">{\"@context\":\"https:\/\/schema.org\",\"@graph\":[{\"@type\":\"WebPage\",\"@id\":\"https:\/\/talkpal.ai\/ga\/treoracha-maidir-le-cod-cupon-a-chur-leis-i-seiceail-stripe\/\",\"url\":\"https:\/\/talkpal.ai\/ga\/treoracha-maidir-le-cod-cupon-a-chur-leis-i-seiceail-stripe\/\",\"name\":\"Treoracha maidir le C\u00f3d C\u00fap\u00f3n a Chur leis i Seice\u00e1il Stripe - Talkpal\",\"isPartOf\":{\"@id\":\"https:\/\/talkpal.ai\/ga\/#website\"},\"primaryImageOfPage\":{\"@id\":\"https:\/\/talkpal.ai\/ga\/treoracha-maidir-le-cod-cupon-a-chur-leis-i-seiceail-stripe\/#primaryimage\"},\"image\":{\"@id\":\"https:\/\/talkpal.ai\/ga\/treoracha-maidir-le-cod-cupon-a-chur-leis-i-seiceail-stripe\/#primaryimage\"},\"thumbnailUrl\":\"https:\/\/talkpal.ai\/wp-content\/uploads\/2024\/03\/Talkpal-Logo-Icon.png\",\"datePublished\":\"2023-12-20T15:42:12+00:00\",\"dateModified\":\"2025-09-06T15:55:53+00:00\",\"description\":\"Foghlaim conas c\u00f3id c\u00fap\u00f3n a chur leis go h\u00e9asca i Stripe Check. Lean c\u00e9imeanna simpl\u00ed chun eisp\u00e9ireas seice\u00e1la an chustaim\u00e9ara a fheabhs\u00fa.\",\"breadcrumb\":{\"@id\":\"https:\/\/talkpal.ai\/ga\/treoracha-maidir-le-cod-cupon-a-chur-leis-i-seiceail-stripe\/#breadcrumb\"},\"inLanguage\":\"ga-IE\",\"potentialAction\":[{\"@type\":\"ReadAction\",\"target\":[\"https:\/\/talkpal.ai\/ga\/treoracha-maidir-le-cod-cupon-a-chur-leis-i-seiceail-stripe\/\"]}]},{\"@type\":\"ImageObject\",\"inLanguage\":\"ga-IE\",\"@id\":\"https:\/\/talkpal.ai\/ga\/treoracha-maidir-le-cod-cupon-a-chur-leis-i-seiceail-stripe\/#primaryimage\",\"url\":\"https:\/\/talkpal.ai\/wp-content\/uploads\/2024\/03\/Talkpal-Logo-Icon.png\",\"contentUrl\":\"https:\/\/talkpal.ai\/wp-content\/uploads\/2024\/03\/Talkpal-Logo-Icon.png\",\"width\":2880,\"height\":2880,\"caption\":\"L\u00f3g\u00f3 Talkpal gan comhartha focal\"},{\"@type\":\"BreadcrumbList\",\"@id\":\"https:\/\/talkpal.ai\/ga\/treoracha-maidir-le-cod-cupon-a-chur-leis-i-seiceail-stripe\/#breadcrumb\",\"itemListElement\":[{\"@type\":\"ListItem\",\"position\":1,\"name\":\"Homepage\",\"item\":\"https:\/\/talkpal.ai\/ga\/\"},{\"@type\":\"ListItem\",\"position\":2,\"name\":\"Treoracha maidir le C\u00f3d C\u00fap\u00f3n a Chur leis i Seice\u00e1il Stripe\"}]},{\"@type\":\"WebSite\",\"@id\":\"https:\/\/talkpal.ai\/ga\/#website\",\"url\":\"https:\/\/talkpal.ai\/ga\/\",\"name\":\"Talkpal\",\"description\":\"AI Language Learning\",\"publisher\":{\"@id\":\"https:\/\/talkpal.ai\/ga\/#organization\"},\"alternateName\":\"Talkpal AI\",\"potentialAction\":[{\"@type\":\"SearchAction\",\"target\":{\"@type\":\"EntryPoint\",\"urlTemplate\":\"https:\/\/talkpal.ai\/ga\/?s={search_term_string}\"},\"query-input\":{\"@type\":\"PropertyValueSpecification\",\"valueRequired\":true,\"valueName\":\"search_term_string\"}}],\"inLanguage\":\"ga-IE\"},{\"@type\":\"Organization\",\"@id\":\"https:\/\/talkpal.ai\/ga\/#organization\",\"name\":\"Talkpal, Inc.\",\"alternateName\":\"Talkpal AI\",\"url\":\"https:\/\/talkpal.ai\/ga\/\",\"logo\":{\"@type\":\"ImageObject\",\"inLanguage\":\"ga-IE\",\"@id\":\"https:\/\/talkpal.ai\/ga\/#\/schema\/logo\/image\/\",\"url\":\"https:\/\/talkpal.ai\/wp-content\/uploads\/2024\/03\/Talkpal-Logo-Icon.png\",\"contentUrl\":\"https:\/\/talkpal.ai\/wp-content\/uploads\/2024\/03\/Talkpal-Logo-Icon.png\",\"width\":2880,\"height\":2880,\"caption\":\"Talkpal, Inc.\"},\"image\":{\"@id\":\"https:\/\/talkpal.ai\/ga\/#\/schema\/logo\/image\/\"},\"sameAs\":[\"https:\/\/www.facebook.com\/profile.php?id=100090733639311\",\"https:\/\/x.com\/talkpalai\",\"https:\/\/www.linkedin.com\/company\/talkpal\/\",\"https:\/\/www.youtube.com\/@TalkPal\/\",\"https:\/\/www.tiktok.com\/@talkpal\",\"https:\/\/www.instagram.com\/talkpal_ai\/\",\"https:\/\/www.crunchbase.com\/organization\/talkpal-9cde\",\"https:\/\/www.g2.com\/products\/talkpal-for-business\/\",\"https:\/\/www.trustpilot.com\/review\/talkpal.ai\",\"https:\/\/www.capterra.com\/p\/10006800\/TalkPal\/\"],\"description\":\"Talkpal is a language learning web and mobile education app, powered by the latest AI technologies, that provides engaging experiences to its customers in many different languages to help them improve their language skills. Users can chat about unlimited amount of topics with the app and use other modes to practice their language learning.\",\"email\":\"support@talkpal.ai\",\"legalName\":\"Talkpal, Inc.\",\"foundingDate\":\"2023-04-03\",\"duns\":\"118989042\",\"numberOfEmployees\":{\"@type\":\"QuantitativeValue\",\"minValue\":\"11\",\"maxValue\":\"50\"},\"publishingPrinciples\":\"https:\/\/talkpal.ai\/publishing-principles\/\",\"actionableFeedbackPolicy\":\"https:\/\/talkpal.ai\/actionable-feedback-policy\/\",\"correctionsPolicy\":\"https:\/\/talkpal.ai\/corrections-policy\/\",\"ethicsPolicy\":\"https:\/\/talkpal.ai\/ethics-policy\/\",\"diversityPolicy\":\"https:\/\/talkpal.ai\/diversity-policy\/\",\"diversityStaffingReport\":\"https:\/\/talkpal.ai\/diversity-policy\/\"}]}<\/script>\n<!-- \/ Yoast SEO Premium plugin. -->","yoast_head_json":{"title":"Treoracha maidir le C\u00f3d C\u00fap\u00f3n a Chur leis i Seice\u00e1il Stripe - Talkpal","description":"Foghlaim conas c\u00f3id c\u00fap\u00f3n a chur leis go h\u00e9asca i Stripe Check. Lean c\u00e9imeanna simpl\u00ed chun eisp\u00e9ireas seice\u00e1la an chustaim\u00e9ara a fheabhs\u00fa.","robots":{"index":"index","follow":"follow","max-snippet":"max-snippet:-1","max-image-preview":"max-image-preview:large","max-video-preview":"max-video-preview:-1"},"canonical":"https:\/\/talkpal.ai\/ga\/treoracha-maidir-le-cod-cupon-a-chur-leis-i-seiceail-stripe\/","og_locale":"ga_IE","og_type":"article","og_title":"Treoracha maidir le C\u00f3d C\u00fap\u00f3n a Chur leis i Seice\u00e1il Stripe","og_description":"Cuir c\u00f3d c\u00fap\u00f3n leis agus faigh lascaine. Lean na C\u00e9imeanna C\u00e9im 1: Roghnaigh an plean is fearr leat. C\u00e9im 2: Roghnaigh an rogha chun \u00edoc ag baint \u00fas\u00e1ide","og_url":"https:\/\/talkpal.ai\/ga\/treoracha-maidir-le-cod-cupon-a-chur-leis-i-seiceail-stripe\/","og_site_name":"Talkpal","article_publisher":"https:\/\/www.facebook.com\/profile.php?id=100090733639311","article_modified_time":"2025-09-06T15:55:53+00:00","og_image":[{"width":2880,"height":2880,"url":"https:\/\/talkpal.ai\/wp-content\/uploads\/2024\/03\/Talkpal-Logo-Icon.png","type":"image\/png"}],"twitter_card":"summary_large_image","twitter_site":"@talkpalai","schema":{"@context":"https:\/\/schema.org","@graph":[{"@type":"WebPage","@id":"https:\/\/talkpal.ai\/ga\/treoracha-maidir-le-cod-cupon-a-chur-leis-i-seiceail-stripe\/","url":"https:\/\/talkpal.ai\/ga\/treoracha-maidir-le-cod-cupon-a-chur-leis-i-seiceail-stripe\/","name":"Treoracha maidir le C\u00f3d C\u00fap\u00f3n a Chur leis i Seice\u00e1il Stripe - Talkpal","isPartOf":{"@id":"https:\/\/talkpal.ai\/ga\/#website"},"primaryImageOfPage":{"@id":"https:\/\/talkpal.ai\/ga\/treoracha-maidir-le-cod-cupon-a-chur-leis-i-seiceail-stripe\/#primaryimage"},"image":{"@id":"https:\/\/talkpal.ai\/ga\/treoracha-maidir-le-cod-cupon-a-chur-leis-i-seiceail-stripe\/#primaryimage"},"thumbnailUrl":"https:\/\/talkpal.ai\/wp-content\/uploads\/2024\/03\/Talkpal-Logo-Icon.png","datePublished":"2023-12-20T15:42:12+00:00","dateModified":"2025-09-06T15:55:53+00:00","description":"Foghlaim conas c\u00f3id c\u00fap\u00f3n a chur leis go h\u00e9asca i Stripe Check. Lean c\u00e9imeanna simpl\u00ed chun eisp\u00e9ireas seice\u00e1la an chustaim\u00e9ara a fheabhs\u00fa.","breadcrumb":{"@id":"https:\/\/talkpal.ai\/ga\/treoracha-maidir-le-cod-cupon-a-chur-leis-i-seiceail-stripe\/#breadcrumb"},"inLanguage":"ga-IE","potentialAction":[{"@type":"ReadAction","target":["https:\/\/talkpal.ai\/ga\/treoracha-maidir-le-cod-cupon-a-chur-leis-i-seiceail-stripe\/"]}]},{"@type":"ImageObject","inLanguage":"ga-IE","@id":"https:\/\/talkpal.ai\/ga\/treoracha-maidir-le-cod-cupon-a-chur-leis-i-seiceail-stripe\/#primaryimage","url":"https:\/\/talkpal.ai\/wp-content\/uploads\/2024\/03\/Talkpal-Logo-Icon.png","contentUrl":"https:\/\/talkpal.ai\/wp-content\/uploads\/2024\/03\/Talkpal-Logo-Icon.png","width":2880,"height":2880,"caption":"L\u00f3g\u00f3 Talkpal gan comhartha focal"},{"@type":"BreadcrumbList","@id":"https:\/\/talkpal.ai\/ga\/treoracha-maidir-le-cod-cupon-a-chur-leis-i-seiceail-stripe\/#breadcrumb","itemListElement":[{"@type":"ListItem","position":1,"name":"Homepage","item":"https:\/\/talkpal.ai\/ga\/"},{"@type":"ListItem","position":2,"name":"Treoracha maidir le C\u00f3d C\u00fap\u00f3n a Chur leis i Seice\u00e1il Stripe"}]},{"@type":"WebSite","@id":"https:\/\/talkpal.ai\/ga\/#website","url":"https:\/\/talkpal.ai\/ga\/","name":"Talkpal","description":"AI Language Learning","publisher":{"@id":"https:\/\/talkpal.ai\/ga\/#organization"},"alternateName":"Talkpal AI","potentialAction":[{"@type":"SearchAction","target":{"@type":"EntryPoint","urlTemplate":"https:\/\/talkpal.ai\/ga\/?s={search_term_string}"},"query-input":{"@type":"PropertyValueSpecification","valueRequired":true,"valueName":"search_term_string"}}],"inLanguage":"ga-IE"},{"@type":"Organization","@id":"https:\/\/talkpal.ai\/ga\/#organization","name":"Talkpal, Inc.","alternateName":"Talkpal AI","url":"https:\/\/talkpal.ai\/ga\/","logo":{"@type":"ImageObject","inLanguage":"ga-IE","@id":"https:\/\/talkpal.ai\/ga\/#\/schema\/logo\/image\/","url":"https:\/\/talkpal.ai\/wp-content\/uploads\/2024\/03\/Talkpal-Logo-Icon.png","contentUrl":"https:\/\/talkpal.ai\/wp-content\/uploads\/2024\/03\/Talkpal-Logo-Icon.png","width":2880,"height":2880,"caption":"Talkpal, Inc."},"image":{"@id":"https:\/\/talkpal.ai\/ga\/#\/schema\/logo\/image\/"},"sameAs":["https:\/\/www.facebook.com\/profile.php?id=100090733639311","https:\/\/x.com\/talkpalai","https:\/\/www.linkedin.com\/company\/talkpal\/","https:\/\/www.youtube.com\/@TalkPal\/","https:\/\/www.tiktok.com\/@talkpal","https:\/\/www.instagram.com\/talkpal_ai\/","https:\/\/www.crunchbase.com\/organization\/talkpal-9cde","https:\/\/www.g2.com\/products\/talkpal-for-business\/","https:\/\/www.trustpilot.com\/review\/talkpal.ai","https:\/\/www.capterra.com\/p\/10006800\/TalkPal\/"],"description":"Talkpal is a language learning web and mobile education app, powered by the latest AI technologies, that provides engaging experiences to its customers in many different languages to help them improve their language skills. Users can chat about unlimited amount of topics with the app and use other modes to practice their language learning.","email":"support@talkpal.ai","legalName":"Talkpal, Inc.","foundingDate":"2023-04-03","duns":"118989042","numberOfEmployees":{"@type":"QuantitativeValue","minValue":"11","maxValue":"50"},"publishingPrinciples":"https:\/\/talkpal.ai\/publishing-principles\/","actionableFeedbackPolicy":"https:\/\/talkpal.ai\/actionable-feedback-policy\/","correctionsPolicy":"https:\/\/talkpal.ai\/corrections-policy\/","ethicsPolicy":"https:\/\/talkpal.ai\/ethics-policy\/","diversityPolicy":"https:\/\/talkpal.ai\/diversity-policy\/","diversityStaffingReport":"https:\/\/talkpal.ai\/diversity-policy\/"}]}},"_links":{"self":[{"href":"https:\/\/talkpal.ai\/ga\/wp-json\/wp\/v2\/pages\/1441538","targetHints":{"allow":["GET"]}}],"collection":[{"href":"https:\/\/talkpal.ai\/ga\/wp-json\/wp\/v2\/pages"}],"about":[{"href":"https:\/\/talkpal.ai\/ga\/wp-json\/wp\/v2\/types\/page"}],"author":[{"embeddable":true,"href":"https:\/\/talkpal.ai\/ga\/wp-json\/wp\/v2\/users\/6"}],"replies":[{"embeddable":true,"href":"https:\/\/talkpal.ai\/ga\/wp-json\/wp\/v2\/comments?post=1441538"}],"version-history":[{"count":0,"href":"https:\/\/talkpal.ai\/ga\/wp-json\/wp\/v2\/pages\/1441538\/revisions"}],"wp:featuredmedia":[{"embeddable":true,"href":"https:\/\/talkpal.ai\/ga\/wp-json\/wp\/v2\/media\/1439613"}],"wp:attachment":[{"href":"https:\/\/talkpal.ai\/ga\/wp-json\/wp\/v2\/media?parent=1441538"}],"curies":[{"name":"wp","href":"https:\/\/api.w.org\/{rel}","templated":true}]}}