{"id":994828,"date":"2023-12-20T15:42:12","date_gmt":"2023-12-20T15:42:12","guid":{"rendered":"https:\/\/talkpal.ai\/instructions-pour-lajout-dun-code-de-coupon-dans-stripe-checkout\/"},"modified":"2025-06-19T18:08:28","modified_gmt":"2025-06-19T18:08:28","slug":"instructions-pour-lajout-dun-code-de-coupon-dans-stripe-checkout","status":"publish","type":"page","link":"https:\/\/talkpal.ai\/fr\/instructions-pour-lajout-dun-code-de-coupon-dans-stripe-checkout\/","title":{"rendered":"Instructions pour l&rsquo;ajout d&rsquo;un code de coupon dans Stripe Checkout"},"content":{"rendered":"\n<p>Ajoutez un code de coupon et obtenez une r\u00e9duction.<\/p>\n\n<h2 class=\"wp-block-heading\" id=\"h-follow-the-steps\">Suivez les \u00e9tapes<\/h2>\n\n<h3 class=\"wp-block-heading\" id=\"h-step-1\">\u00c9tape 1 :<\/h3>\n\n<p>Choisissez un r\u00e9gime pr\u00e9f\u00e9rentiel.<\/p>\n\n<figure class=\"wp-block-image\"><img decoding=\"async\" src=\"https:\/\/talkpal.ai\/wp-content\/uploads\/2024\/12\/Choos-plan-screen-768x389.png\" alt=\"\"\/><\/figure>\n\n<h3 class=\"wp-block-heading\" id=\"h-step-2\">\u00c9tape 2 :<\/h3>\n\n<p>Choisissez l&rsquo;option de paiement par carte et appuyez sur le bouton de d\u00e9marrage.<\/p>\n\n<figure class=\"wp-block-image\"><img decoding=\"async\" src=\"https:\/\/talkpal.ai\/wp-content\/uploads\/2024\/12\/Payment-method-screen-768x389.png\" alt=\"\"\/><\/figure>\n\n<h3 class=\"wp-block-heading\" id=\"h-step-3\">\u00c9tape 3 :<\/h3>\n\n<p>Vous serez redirig\u00e9 vers la page de paiement Stripe.<\/p>\n\n<h3 class=\"wp-block-heading\" id=\"h-step-4\">\u00c9tape 4 :<\/h3>\n\n<p>Appuyez sur \u00ab Ajouter un code promotionnel \u00bb et saisissez le code, par exemple : <strong>JOIN25<\/strong> et appuyez sur \u00ab Appliquer \u00bb.<\/p>\n\n<figure class=\"wp-block-image\"><img decoding=\"async\" src=\"https:\/\/talkpal.ai\/wp-content\/uploads\/2024\/05\/Talkpal-Stripe-instructions-1024x593.png\" alt=\"\"\/><\/figure>\n\n<h3 class=\"wp-block-heading\" id=\"h-step-5\">\u00c9tape 5 :<\/h3>\n\n<p>Compl\u00e9tez les informations relatives \u00e0 votre carte et commencez \u00e0 explorer votre compte Premium.<\/p>\n\n<p><\/p>\n","protected":false},"excerpt":{"rendered":"<p>Ajoutez un code de coupon et obtenez une r\u00e9duction. Suivez les \u00e9tapes \u00c9tape 1 : Choisissez un r\u00e9gime pr\u00e9f\u00e9rentiel. \u00c9tape 2 : Choisissez l&rsquo;option de paiement par carte et appuyez sur le bouton de d\u00e9marrage. \u00c9tape 3 : Vous serez redirig\u00e9 vers la page de paiement Stripe. \u00c9tape 4 : Appuyez sur \u00ab Ajouter un [&hellip;]<\/p>\n","protected":false},"author":6,"featured_media":197954,"parent":0,"menu_order":0,"comment_status":"closed","ping_status":"closed","template":"","meta":{"_acf_changed":false,"footnotes":""},"class_list":["post-994828","page","type-page","status-publish","has-post-thumbnail","hentry"],"acf":[],"yoast_head":"<!-- This site is optimized with the Yoast SEO Premium plugin v27.2 (Yoast SEO v27.2) - https:\/\/yoast.com\/product\/yoast-seo-premium-wordpress\/ -->\n<title>Instructions pour l&#039;ajout d&#039;un code de coupon dans Stripe Checkout - Talkpal<\/title>\n<meta name=\"description\" content=\"Apprenez \u00e0 ajouter facilement des codes de r\u00e9duction dans Stripe Checkout. Suivez des \u00e9tapes simples pour am\u00e9liorer l&#039;exp\u00e9rience de paiement des clients.\" \/>\n<meta name=\"robots\" content=\"index, follow, max-snippet:-1, max-image-preview:large, max-video-preview:-1\" \/>\n<link rel=\"canonical\" href=\"https:\/\/talkpal.ai\/fr\/instructions-pour-lajout-dun-code-de-coupon-dans-stripe-checkout\/\" \/>\n<meta property=\"og:locale\" content=\"fr_FR\" \/>\n<meta property=\"og:type\" content=\"article\" \/>\n<meta property=\"og:title\" content=\"Instructions pour l&#039;ajout d&#039;un code de coupon dans Stripe Checkout\" \/>\n<meta property=\"og:description\" content=\"Ajoutez un code de coupon et obtenez une r\u00e9duction. Suivez les \u00e9tapes \u00c9tape 1 : Choisissez un r\u00e9gime pr\u00e9f\u00e9rentiel. \u00c9tape 2 : Choisissez l&#039;option de\" \/>\n<meta property=\"og:url\" content=\"https:\/\/talkpal.ai\/fr\/instructions-pour-lajout-dun-code-de-coupon-dans-stripe-checkout\/\" \/>\n<meta property=\"og:site_name\" content=\"Talkpal\" \/>\n<meta property=\"article:publisher\" content=\"https:\/\/www.facebook.com\/profile.php?id=100090733639311\" \/>\n<meta property=\"article:modified_time\" content=\"2025-06-19T18:08:28+00:00\" \/>\n<meta property=\"og:image\" content=\"https:\/\/talkpal.ai\/wp-content\/uploads\/2024\/03\/Talkpal-Logo-Icon.png\" \/>\n\t<meta property=\"og:image:width\" content=\"5000\" \/>\n\t<meta property=\"og:image:height\" content=\"5000\" \/>\n\t<meta property=\"og:image:type\" content=\"image\/png\" \/>\n<meta name=\"twitter:card\" content=\"summary_large_image\" \/>\n<meta name=\"twitter:site\" content=\"@talkpalai\" \/>\n<script type=\"application\/ld+json\" class=\"yoast-schema-graph\">{\"@context\":\"https:\/\/schema.org\",\"@graph\":[{\"@type\":\"WebPage\",\"@id\":\"https:\/\/talkpal.ai\/fr\/instructions-pour-lajout-dun-code-de-coupon-dans-stripe-checkout\/\",\"url\":\"https:\/\/talkpal.ai\/fr\/instructions-pour-lajout-dun-code-de-coupon-dans-stripe-checkout\/\",\"name\":\"Instructions pour l'ajout d'un code de coupon dans Stripe Checkout - Talkpal\",\"isPartOf\":{\"@id\":\"https:\/\/talkpal.ai\/fr\/#website\"},\"primaryImageOfPage\":{\"@id\":\"https:\/\/talkpal.ai\/fr\/instructions-pour-lajout-dun-code-de-coupon-dans-stripe-checkout\/#primaryimage\"},\"image\":{\"@id\":\"https:\/\/talkpal.ai\/fr\/instructions-pour-lajout-dun-code-de-coupon-dans-stripe-checkout\/#primaryimage\"},\"thumbnailUrl\":\"https:\/\/talkpal.ai\/wp-content\/uploads\/2024\/03\/Talkpal-Logo-Icon.png\",\"datePublished\":\"2023-12-20T15:42:12+00:00\",\"dateModified\":\"2025-06-19T18:08:28+00:00\",\"description\":\"Apprenez \u00e0 ajouter facilement des codes de r\u00e9duction dans Stripe Checkout. Suivez des \u00e9tapes simples pour am\u00e9liorer l'exp\u00e9rience de paiement des clients.\",\"breadcrumb\":{\"@id\":\"https:\/\/talkpal.ai\/fr\/instructions-pour-lajout-dun-code-de-coupon-dans-stripe-checkout\/#breadcrumb\"},\"inLanguage\":\"fr-FR\",\"potentialAction\":[{\"@type\":\"ReadAction\",\"target\":[\"https:\/\/talkpal.ai\/fr\/instructions-pour-lajout-dun-code-de-coupon-dans-stripe-checkout\/\"]}]},{\"@type\":\"ImageObject\",\"inLanguage\":\"fr-FR\",\"@id\":\"https:\/\/talkpal.ai\/fr\/instructions-pour-lajout-dun-code-de-coupon-dans-stripe-checkout\/#primaryimage\",\"url\":\"https:\/\/talkpal.ai\/wp-content\/uploads\/2024\/03\/Talkpal-Logo-Icon.png\",\"contentUrl\":\"https:\/\/talkpal.ai\/wp-content\/uploads\/2024\/03\/Talkpal-Logo-Icon.png\",\"width\":5000,\"height\":5000,\"caption\":\"Logo Talkpal sans mot\"},{\"@type\":\"BreadcrumbList\",\"@id\":\"https:\/\/talkpal.ai\/fr\/instructions-pour-lajout-dun-code-de-coupon-dans-stripe-checkout\/#breadcrumb\",\"itemListElement\":[{\"@type\":\"ListItem\",\"position\":1,\"name\":\"Homepage\",\"item\":\"https:\/\/talkpal.ai\/fr\/\"},{\"@type\":\"ListItem\",\"position\":2,\"name\":\"Instructions pour l&rsquo;ajout d&rsquo;un code de coupon dans Stripe Checkout\"}]},{\"@type\":\"WebSite\",\"@id\":\"https:\/\/talkpal.ai\/fr\/#website\",\"url\":\"https:\/\/talkpal.ai\/fr\/\",\"name\":\"Talkpal\",\"description\":\"AI Language Learning\",\"publisher\":{\"@id\":\"https:\/\/talkpal.ai\/fr\/#organization\"},\"alternateName\":\"Talkpal AI\",\"potentialAction\":[{\"@type\":\"SearchAction\",\"target\":{\"@type\":\"EntryPoint\",\"urlTemplate\":\"https:\/\/talkpal.ai\/fr\/?s={search_term_string}\"},\"query-input\":{\"@type\":\"PropertyValueSpecification\",\"valueRequired\":true,\"valueName\":\"search_term_string\"}}],\"inLanguage\":\"fr-FR\"},{\"@type\":\"Organization\",\"@id\":\"https:\/\/talkpal.ai\/fr\/#organization\",\"name\":\"Talkpal, Inc.\",\"alternateName\":\"Talkpal AI\",\"url\":\"https:\/\/talkpal.ai\/fr\/\",\"logo\":{\"@type\":\"ImageObject\",\"inLanguage\":\"fr-FR\",\"@id\":\"https:\/\/talkpal.ai\/fr\/#\/schema\/logo\/image\/\",\"url\":\"https:\/\/talkpal.ai\/wp-content\/uploads\/2024\/03\/Talkpal-Logo-Icon.png\",\"contentUrl\":\"https:\/\/talkpal.ai\/wp-content\/uploads\/2024\/03\/Talkpal-Logo-Icon.png\",\"width\":2880,\"height\":2880,\"caption\":\"Talkpal, Inc.\"},\"image\":{\"@id\":\"https:\/\/talkpal.ai\/fr\/#\/schema\/logo\/image\/\"},\"sameAs\":[\"https:\/\/www.facebook.com\/profile.php?id=100090733639311\",\"https:\/\/x.com\/talkpalai\",\"https:\/\/www.linkedin.com\/company\/talkpal\/\",\"https:\/\/www.youtube.com\/@TalkPal\/\",\"https:\/\/www.tiktok.com\/@talkpal\",\"https:\/\/www.instagram.com\/talkpal_ai\/\",\"https:\/\/www.crunchbase.com\/organization\/talkpal-9cde\",\"https:\/\/www.g2.com\/products\/talkpal-for-business\/\",\"https:\/\/www.trustpilot.com\/review\/talkpal.ai\",\"https:\/\/www.capterra.com\/p\/10006800\/TalkPal\/\"],\"description\":\"Talkpal is a language learning web and mobile education app, powered by the latest AI technologies, that provides engaging experiences to its customers in many different languages to help them improve their language skills. Users can chat about unlimited amount of topics with the app and use other modes to practice their language learning.\",\"email\":\"support@talkpal.ai\",\"legalName\":\"Talkpal, Inc.\",\"foundingDate\":\"2023-04-03\",\"duns\":\"118989042\",\"numberOfEmployees\":{\"@type\":\"QuantitativeValue\",\"minValue\":\"11\",\"maxValue\":\"50\"},\"publishingPrinciples\":\"https:\/\/talkpal.ai\/publishing-principles\/\",\"actionableFeedbackPolicy\":\"https:\/\/talkpal.ai\/actionable-feedback-policy\/\",\"correctionsPolicy\":\"https:\/\/talkpal.ai\/corrections-policy\/\",\"ethicsPolicy\":\"https:\/\/talkpal.ai\/ethics-policy\/\",\"diversityPolicy\":\"https:\/\/talkpal.ai\/diversity-policy\/\",\"diversityStaffingReport\":\"https:\/\/talkpal.ai\/diversity-policy\/\"}]}<\/script>\n<!-- \/ Yoast SEO Premium plugin. -->","yoast_head_json":{"title":"Instructions pour l'ajout d'un code de coupon dans Stripe Checkout - Talkpal","description":"Apprenez \u00e0 ajouter facilement des codes de r\u00e9duction dans Stripe Checkout. Suivez des \u00e9tapes simples pour am\u00e9liorer l'exp\u00e9rience de paiement des clients.","robots":{"index":"index","follow":"follow","max-snippet":"max-snippet:-1","max-image-preview":"max-image-preview:large","max-video-preview":"max-video-preview:-1"},"canonical":"https:\/\/talkpal.ai\/fr\/instructions-pour-lajout-dun-code-de-coupon-dans-stripe-checkout\/","og_locale":"fr_FR","og_type":"article","og_title":"Instructions pour l'ajout d'un code de coupon dans Stripe Checkout","og_description":"Ajoutez un code de coupon et obtenez une r\u00e9duction. Suivez les \u00e9tapes \u00c9tape 1 : Choisissez un r\u00e9gime pr\u00e9f\u00e9rentiel. \u00c9tape 2 : Choisissez l'option de","og_url":"https:\/\/talkpal.ai\/fr\/instructions-pour-lajout-dun-code-de-coupon-dans-stripe-checkout\/","og_site_name":"Talkpal","article_publisher":"https:\/\/www.facebook.com\/profile.php?id=100090733639311","article_modified_time":"2025-06-19T18:08:28+00:00","og_image":[{"width":5000,"height":5000,"url":"https:\/\/talkpal.ai\/wp-content\/uploads\/2024\/03\/Talkpal-Logo-Icon.png","type":"image\/png"}],"twitter_card":"summary_large_image","twitter_site":"@talkpalai","schema":{"@context":"https:\/\/schema.org","@graph":[{"@type":"WebPage","@id":"https:\/\/talkpal.ai\/fr\/instructions-pour-lajout-dun-code-de-coupon-dans-stripe-checkout\/","url":"https:\/\/talkpal.ai\/fr\/instructions-pour-lajout-dun-code-de-coupon-dans-stripe-checkout\/","name":"Instructions pour l'ajout d'un code de coupon dans Stripe Checkout - Talkpal","isPartOf":{"@id":"https:\/\/talkpal.ai\/fr\/#website"},"primaryImageOfPage":{"@id":"https:\/\/talkpal.ai\/fr\/instructions-pour-lajout-dun-code-de-coupon-dans-stripe-checkout\/#primaryimage"},"image":{"@id":"https:\/\/talkpal.ai\/fr\/instructions-pour-lajout-dun-code-de-coupon-dans-stripe-checkout\/#primaryimage"},"thumbnailUrl":"https:\/\/talkpal.ai\/wp-content\/uploads\/2024\/03\/Talkpal-Logo-Icon.png","datePublished":"2023-12-20T15:42:12+00:00","dateModified":"2025-06-19T18:08:28+00:00","description":"Apprenez \u00e0 ajouter facilement des codes de r\u00e9duction dans Stripe Checkout. Suivez des \u00e9tapes simples pour am\u00e9liorer l'exp\u00e9rience de paiement des clients.","breadcrumb":{"@id":"https:\/\/talkpal.ai\/fr\/instructions-pour-lajout-dun-code-de-coupon-dans-stripe-checkout\/#breadcrumb"},"inLanguage":"fr-FR","potentialAction":[{"@type":"ReadAction","target":["https:\/\/talkpal.ai\/fr\/instructions-pour-lajout-dun-code-de-coupon-dans-stripe-checkout\/"]}]},{"@type":"ImageObject","inLanguage":"fr-FR","@id":"https:\/\/talkpal.ai\/fr\/instructions-pour-lajout-dun-code-de-coupon-dans-stripe-checkout\/#primaryimage","url":"https:\/\/talkpal.ai\/wp-content\/uploads\/2024\/03\/Talkpal-Logo-Icon.png","contentUrl":"https:\/\/talkpal.ai\/wp-content\/uploads\/2024\/03\/Talkpal-Logo-Icon.png","width":5000,"height":5000,"caption":"Logo Talkpal sans mot"},{"@type":"BreadcrumbList","@id":"https:\/\/talkpal.ai\/fr\/instructions-pour-lajout-dun-code-de-coupon-dans-stripe-checkout\/#breadcrumb","itemListElement":[{"@type":"ListItem","position":1,"name":"Homepage","item":"https:\/\/talkpal.ai\/fr\/"},{"@type":"ListItem","position":2,"name":"Instructions pour l&rsquo;ajout d&rsquo;un code de coupon dans Stripe Checkout"}]},{"@type":"WebSite","@id":"https:\/\/talkpal.ai\/fr\/#website","url":"https:\/\/talkpal.ai\/fr\/","name":"Talkpal","description":"AI Language Learning","publisher":{"@id":"https:\/\/talkpal.ai\/fr\/#organization"},"alternateName":"Talkpal AI","potentialAction":[{"@type":"SearchAction","target":{"@type":"EntryPoint","urlTemplate":"https:\/\/talkpal.ai\/fr\/?s={search_term_string}"},"query-input":{"@type":"PropertyValueSpecification","valueRequired":true,"valueName":"search_term_string"}}],"inLanguage":"fr-FR"},{"@type":"Organization","@id":"https:\/\/talkpal.ai\/fr\/#organization","name":"Talkpal, Inc.","alternateName":"Talkpal AI","url":"https:\/\/talkpal.ai\/fr\/","logo":{"@type":"ImageObject","inLanguage":"fr-FR","@id":"https:\/\/talkpal.ai\/fr\/#\/schema\/logo\/image\/","url":"https:\/\/talkpal.ai\/wp-content\/uploads\/2024\/03\/Talkpal-Logo-Icon.png","contentUrl":"https:\/\/talkpal.ai\/wp-content\/uploads\/2024\/03\/Talkpal-Logo-Icon.png","width":2880,"height":2880,"caption":"Talkpal, Inc."},"image":{"@id":"https:\/\/talkpal.ai\/fr\/#\/schema\/logo\/image\/"},"sameAs":["https:\/\/www.facebook.com\/profile.php?id=100090733639311","https:\/\/x.com\/talkpalai","https:\/\/www.linkedin.com\/company\/talkpal\/","https:\/\/www.youtube.com\/@TalkPal\/","https:\/\/www.tiktok.com\/@talkpal","https:\/\/www.instagram.com\/talkpal_ai\/","https:\/\/www.crunchbase.com\/organization\/talkpal-9cde","https:\/\/www.g2.com\/products\/talkpal-for-business\/","https:\/\/www.trustpilot.com\/review\/talkpal.ai","https:\/\/www.capterra.com\/p\/10006800\/TalkPal\/"],"description":"Talkpal is a language learning web and mobile education app, powered by the latest AI technologies, that provides engaging experiences to its customers in many different languages to help them improve their language skills. Users can chat about unlimited amount of topics with the app and use other modes to practice their language learning.","email":"support@talkpal.ai","legalName":"Talkpal, Inc.","foundingDate":"2023-04-03","duns":"118989042","numberOfEmployees":{"@type":"QuantitativeValue","minValue":"11","maxValue":"50"},"publishingPrinciples":"https:\/\/talkpal.ai\/publishing-principles\/","actionableFeedbackPolicy":"https:\/\/talkpal.ai\/actionable-feedback-policy\/","correctionsPolicy":"https:\/\/talkpal.ai\/corrections-policy\/","ethicsPolicy":"https:\/\/talkpal.ai\/ethics-policy\/","diversityPolicy":"https:\/\/talkpal.ai\/diversity-policy\/","diversityStaffingReport":"https:\/\/talkpal.ai\/diversity-policy\/"}]}},"_links":{"self":[{"href":"https:\/\/talkpal.ai\/fr\/wp-json\/wp\/v2\/pages\/994828","targetHints":{"allow":["GET"]}}],"collection":[{"href":"https:\/\/talkpal.ai\/fr\/wp-json\/wp\/v2\/pages"}],"about":[{"href":"https:\/\/talkpal.ai\/fr\/wp-json\/wp\/v2\/types\/page"}],"author":[{"embeddable":true,"href":"https:\/\/talkpal.ai\/fr\/wp-json\/wp\/v2\/users\/6"}],"replies":[{"embeddable":true,"href":"https:\/\/talkpal.ai\/fr\/wp-json\/wp\/v2\/comments?post=994828"}],"version-history":[{"count":0,"href":"https:\/\/talkpal.ai\/fr\/wp-json\/wp\/v2\/pages\/994828\/revisions"}],"wp:featuredmedia":[{"embeddable":true,"href":"https:\/\/talkpal.ai\/fr\/wp-json\/wp\/v2\/media\/197954"}],"wp:attachment":[{"href":"https:\/\/talkpal.ai\/fr\/wp-json\/wp\/v2\/media?parent=994828"}],"curies":[{"name":"wp","href":"https:\/\/api.w.org\/{rel}","templated":true}]}}