{"id":9435,"date":"2023-04-03T14:56:00","date_gmt":"2023-04-03T14:56:00","guid":{"rendered":"http:\/\/talkpal.ai\/a-propos-de\/"},"modified":"2026-03-06T16:35:07","modified_gmt":"2026-03-06T16:35:07","slug":"a-propos-de","status":"publish","type":"page","link":"https:\/\/talkpal.ai\/fr\/a-propos-de\/","title":{"rendered":"A propos de"},"content":{"rendered":"\n<p id=\"h-\"><a href=\"https:\/\/talkpal.ai\/ko\/ai-%ec%96%b8%ec%96%b4-%ea%b5%90%ec%82%ac\/\">Talkpal<\/a>, Inc. est une entreprise d&rsquo;apprentissage des langues aliment\u00e9e par l&rsquo;IA dont la <a href=\"https:\/\/talkpal.ai\/locations\/language-courses-in-mission\/\">mission<\/a> est de rendre le fait de parler n&rsquo;importe quelle langue accessible \u00e0 tous, partout. Talkpal d\u00e9veloppe l&rsquo;une des plateformes de <a href=\"https:\/\/talkpal.ai\/home\/\">tuteur de langue<\/a> par IA les plus avanc\u00e9es au monde, aidant des millions d&rsquo;apprenants \u00e0 pratiquer de vraies conversations en toute confiance.<\/p>\n\n<p>Fond\u00e9e en 2023, Talkpal s&rsquo;est construite sur une conviction simple mais puissante : l&rsquo;apprentissage des langues ne devrait pas \u00eatre un privil\u00e8ge et devrait \u00eatre accessible \u00e0 tous. En combinant une intelligence artificielle de pointe avec une expertise et une recherche linguistiques, Talkpal \u00e9limine les barri\u00e8res traditionnelles telles que le co\u00fbt, le <a href=\"https:\/\/talkpal.ai\/zh-hans\/grammar_exercises\/temps-%e6%b3%95%e8%af%ad%e8%af%ad%e6%b3%95%e7%bb%83%e4%b9%a0\/\">temps<\/a> et la peur de parler &#8211; en les rempla\u00e7ant par une pratique personnalis\u00e9e et sans pression, disponible multiplateforme 24 heures sur 24 et 7 jours sur 7.<\/p>\n\n<p>Aujourd&rsquo;hui, Talkpal prend en charge plus de 80 langues, sert des millions d&rsquo;apprenants dans plus de 180 pays et est disponible sur le Web, <a href=\"https:\/\/talkpal.ai\/es\/descargar-la-aplicacion-talkpal-para-android-e-ios\/\">iOS<\/a> et <a href=\"https:\/\/talkpal.ai\/es\/descargar-la-aplicacion-talkpal-para-android-e-ios\/\">Android<\/a>.<\/p>\n\n<h2 class=\"wp-block-heading\" id=\"h-our-mission\">Notre mission<\/h2>\n\n<p>Notre mission est de r\u00e9volutionner l&rsquo;apprentissage des langues en offrant une exp\u00e9rience de tutorat linguistique personnalis\u00e9, interactif et engageant, aliment\u00e9 par l&rsquo;IA.<br\/><br\/>Nous nous effor\u00e7ons de faire tomber les barri\u00e8res linguistiques, de favoriser les <a href=\"https:\/\/talkpal.ai\/fr\/culture\/le-vocabulaire-des-relations-internationales-en-france\/\">relations internationales<\/a> et de cultiver une communaut\u00e9 d&rsquo;apprenants passionn\u00e9s, en leur donnant les moyens de communiquer avec confiance et aisance dans la langue qu&rsquo;ils ont choisie.<\/p>\n\n<h2 class=\"wp-block-heading\" id=\"h-our-vision\">Notre vision<\/h2>\n\n<p>Notre vision est de devenir le premier tuteur linguistique IA au monde, en transformant la fa\u00e7on dont les gens apprennent les langues gr\u00e2ce \u00e0 des conversations immersives et contextuelles et \u00e0 une technologie d&rsquo;apprentissage adaptative.<br\/><br\/>Notre objectif est d&rsquo;inspirer et de nourrir l&rsquo;amour de l&rsquo;apprentissage des langues, d&rsquo;encourager les \u00e9changes culturels et de combler le foss\u00e9 de la communication au-del\u00e0 des fronti\u00e8res, pour finalement fa\u00e7onner un monde plus connect\u00e9 et plus compr\u00e9hensif.<\/p>\n\n<h2 class=\"wp-block-heading\" id=\"h-our-story\">Notre histoire<\/h2>\n\n<p>Talkpal a \u00e9t\u00e9 fond\u00e9 par <a href=\"https:\/\/talkpal.ai\/locations\/language-courses-in-david\/\">David<\/a> Gegechkori (photo de gauche) et Dimitri Dekanozishvili (photo de droite), motiv\u00e9s par une frustration commune \u00e0 l&rsquo;\u00e9gard des m\u00e9thodes traditionnelles d&rsquo;apprentissage des langues qui, souvent, ne pr\u00e9parent pas les apprenants \u00e0 la prise de parole dans le monde r\u00e9el.<\/p>\n\n<div class=\"wp-block-columns is-layout-flex wp-container-core-columns-is-layout-9d6595d7 wp-block-columns-is-layout-flex\">\n<div class=\"wp-block-column is-layout-flow wp-block-column-is-layout-flow\" style=\"flex-basis:50%\"><div class=\"wp-block-image\">\n<figure class=\"alignleft size-large\"><img decoding=\"async\" width=\"1024\" height=\"683\" src=\"https:\/\/talkpal.ai\/wp-content\/uploads\/2025\/12\/Talkpal-Entrepreneur-1024x683.jpg\" alt=\"\" class=\"wp-image-1557444\" style=\"aspect-ratio:1.4992888417882142\" srcset=\"https:\/\/talkpal.ai\/wp-content\/uploads\/2025\/12\/Talkpal-Entrepreneur-1024x683.jpg 1024w, https:\/\/talkpal.ai\/wp-content\/uploads\/2025\/12\/Talkpal-Entrepreneur-300x200.jpg 300w, https:\/\/talkpal.ai\/wp-content\/uploads\/2025\/12\/Talkpal-Entrepreneur-768x512.jpg 768w, https:\/\/talkpal.ai\/wp-content\/uploads\/2025\/12\/Talkpal-Entrepreneur.jpg 1344w\" sizes=\"(max-width: 1024px) 100vw, 1024px\" \/><\/figure>\n<\/div><\/div>\n\n\n\n<div class=\"wp-block-column is-layout-flow wp-block-column-is-layout-flow\" style=\"flex-basis:50%\">\n<p>D\u00e8s le d\u00e9part, l&rsquo;objectif \u00e9tait clair : cr\u00e9er un compagnon de langage IA qui ressemble moins \u00e0 un manuel qu&rsquo;\u00e0 un partenaire de conversation. Le nom \u00ab\u00a0Talkpal\u00a0\u00bb refl\u00e8te cette philosophie : un compagnon amical et toujours disponible qui encourage les apprenants \u00e0 s&rsquo;entra\u00eener \u00e0 parler sans craindre d&rsquo;\u00eatre jug\u00e9s.<\/p>\n\n\n\n<p>D&rsquo;abord un produit bas\u00e9 sur le web, Talkpal s&rsquo;est rapidement \u00e9tendu aux plateformes mobiles, rassemblant une \u00e9quipe mondiale d&rsquo;ing\u00e9nieurs en IA, de linguistes, d&rsquo;\u00e9ducateurs, de sp\u00e9cialistes du marketing et de concepteurs de produits. Gr\u00e2ce \u00e0 l&rsquo;it\u00e9ration continue, \u00e0 la recherche et aux commentaires des utilisateurs, Talkpal a \u00e9volu\u00e9 pour devenir une plateforme compl\u00e8te d&rsquo;apprentissage des langues par l&rsquo;IA \u00e0 laquelle des millions de personnes font confiance dans le monde entier.<\/p>\n<\/div>\n<\/div>\n\n<h2 class=\"wp-block-heading\" id=\"h-what-we-do\">Ce que nous faisons<\/h2>\n\n<p>Talkpal propose des exp\u00e9riences d&rsquo;apprentissage textuel et vocal aliment\u00e9es par l&rsquo;IA et con\u00e7ues pour simuler une v\u00e9ritable interaction humaine. Notre plateforme s&rsquo;adapte dynamiquement au niveau, aux objectifs et au style d&rsquo;apprentissage de chaque apprenant.<\/p>\n\n<p>Les principales capacit\u00e9s sont les suivantes<\/p>\n\n<ul class=\"wp-block-list\">\n<li>Conversations naturelles avec l&rsquo;IA pour s&rsquo;entra\u00eener \u00e0 parler<\/li>\n\n\n\n<li>Feedback en temps r\u00e9el sur la prononciation, la grammaire et la fluidit\u00e9.<\/li>\n\n\n\n<li>Soutien aux d\u00e9butants et aux apprenants avanc\u00e9s<\/li>\n\n\n\n<li>Le\u00e7ons dans plus de 80 langues du monde, dont l&rsquo;anglais, l&rsquo;espagnol, l&rsquo;allemand, le fran\u00e7ais, l&rsquo;italien, le japonais, le chinois, le cor\u00e9en, l&rsquo;arabe, le n\u00e9erlandais, le portugais, le su\u00e9dois, l&rsquo;h\u00e9breu, le grec, le turc, le finnois et l&rsquo;afrikaans, l&rsquo;albanais, l&rsquo;arm\u00e9nien, l&rsquo;assamais, l&rsquo;azerba\u00efdjanais, le basque, le bi\u00e9lorusse, le bengali, le bosniaque, le bulgare, le birman, le cantonais, le catalan, le croate, le tch\u00e8que, le danois, l&rsquo;estonien, le galicien, le g\u00e9orgien, le gujarati, l&rsquo;hindi, hongrois, islandais, indon\u00e9sien, irlandais, javanais, kannada, kazakh, khmer, lao, letton, lituanien, mac\u00e9donien, malais, malayalam, maltais, maori, marathi, mongol, n\u00e9palais, norv\u00e9gien, odia, Pashto, Persan, Polonais, Punjabi, Roumain, Russe, Serbe, Sinhala, Slovaque, Slov\u00e8ne, Somali, Swahili, Tagalog, Tamil, Telugu, Tha\u00ef, Ukrainien, Urdu, Ouzbek, Vietnamien, Gallois, Zulu et bien d&rsquo;autres encore.<\/li>\n\n\n\n<li>Un mod\u00e8le freemium avec des plans d&rsquo;abonnement flexibles<\/li>\n\n\n\n<li>Solutions d&rsquo;entreprise d\u00e9di\u00e9es aux universit\u00e9s, \u00e9coles de langues, entreprises et autres organisations<\/li>\n<\/ul>\n\n<p>Notre contenu et nos syst\u00e8mes sont d\u00e9velopp\u00e9s en collaboration avec des experts linguistiques et des chercheurs en intelligence artificielle, ce qui garantit \u00e0 la fois le bien-fond\u00e9 p\u00e9dagogique et l&rsquo;excellence technique.<\/p>\n\n<h2 class=\"wp-block-heading\" id=\"h-research-backed-learning\">Apprentissage fond\u00e9 sur la recherche<\/h2>\n\n<p>L&rsquo;efficacit\u00e9 de Talkpal a \u00e9t\u00e9 examin\u00e9e dans de nombreuses \u00e9tudes universitaires, en particulier dans les contextes de l&rsquo;anglais langue seconde et de l&rsquo;anglais langue \u00e9trang\u00e8re. La recherche a montr\u00e9 des am\u00e9liorations statistiquement significatives dans la fluidit\u00e9 de l&rsquo;expression orale, la prononciation, la grammaire et la confiance des apprenants lorsqu&rsquo;ils utilisent des outils conversationnels bas\u00e9s sur l&rsquo;IA comme Talkpal.<\/p>\n\n<p>Cette approche fond\u00e9e sur la recherche sous-tend notre engagement \u00e0 cr\u00e9er non seulement une technologie innovante, mais aussi des exp\u00e9riences d&rsquo;apprentissage des langues dont l&rsquo;efficacit\u00e9 est mesurable.<\/p>\n\n<h2 class=\"wp-block-heading\" id=\"h-trusted-by-learners-worldwide\">Des apprenants du monde entier lui font confiance<\/h2>\n\n<p>Talkpal b\u00e9n\u00e9ficie de la confiance de millions d&rsquo;utilisateurs dans le monde et re\u00e7oit r\u00e9guli\u00e8rement d&rsquo;excellentes \u00e9valuations sur les magasins d&rsquo;applications et les plateformes d&rsquo;\u00e9valuation. Les apprenants soulignent souvent :<\/p>\n\n<ul class=\"wp-block-list\">\n<li>L&rsquo;environnement sans pression pour la pratique de l&rsquo;oral<\/li>\n\n\n\n<li>Un retour d&rsquo;information imm\u00e9diat et exploitable<\/li>\n\n\n\n<li>Flexibilit\u00e9 pour apprendre \u00e0 tout moment et en tout lieu<\/li>\n\n\n\n<li>La possibilit\u00e9 de s&rsquo;entra\u00eener sans avoir besoin d&rsquo;un partenaire linguistique humain<\/li>\n<\/ul>\n\n<h2 class=\"wp-block-heading\" id=\"h-our-commitment\">Notre engagement<\/h2>\n\n<p>Chez Talkpal, nous nous engageons \u00e0 :<\/p>\n\n<ul class=\"wp-block-list\">\n<li><strong>Innovation<\/strong> &#8211; progr\u00e8s continus dans les technologies de l&rsquo;IA et de l&rsquo;\u00e9ducation<\/li>\n\n\n\n<li><strong>Qualit\u00e9<\/strong> &#8211; exp\u00e9riences d&rsquo;apprentissage fond\u00e9es sur la recherche<\/li>\n\n\n\n<li><strong>Accessibilit\u00e9<\/strong> &#8211; apprentissage des langues abordable et inclusif pour tous<\/li>\n\n\n\n<li><strong>Impact mondial<\/strong> &#8211; favoriser la communication entre les cultures<\/li>\n<\/ul>\n\n<p>Nous pensons que la langue a le pouvoir de changer la vie &#8211; et avec l&rsquo;IA, ce pouvoir peut atteindre tout le monde.<\/p>\n\n<p><\/p>\n","protected":false},"excerpt":{"rendered":"<p>Talkpal, Inc. est une entreprise d&rsquo;apprentissage des langues aliment\u00e9e par l&rsquo;IA dont la mission est de rendre le fait de parler n&rsquo;importe quelle langue accessible \u00e0 tous, partout. Talkpal d\u00e9veloppe l&rsquo;une des plateformes de tuteur de langue par IA les plus avanc\u00e9es au monde, aidant des millions d&rsquo;apprenants \u00e0 pratiquer de vraies conversations en toute [&hellip;]<\/p>\n","protected":false},"author":1,"featured_media":197954,"parent":0,"menu_order":0,"comment_status":"closed","ping_status":"closed","template":"","meta":{"_acf_changed":false,"footnotes":""},"class_list":["post-9435","page","type-page","status-publish","has-post-thumbnail","hentry"],"acf":[],"yoast_head":"<!-- This site is optimized with the Yoast SEO Premium plugin v27.2 (Yoast SEO v27.2) - https:\/\/yoast.com\/product\/yoast-seo-premium-wordpress\/ -->\n<title>A propos de - Talkpal<\/title>\n<meta name=\"description\" content=\"Talkpal est un tuteur de langues bas\u00e9 sur l\u2019IA aliment\u00e9 par GPT, fond\u00e9 avec la conviction que l\u2019apprentissage des langues doit \u00eatre accessible \u00e0 tous.\" \/>\n<meta name=\"robots\" content=\"index, follow, max-snippet:-1, max-image-preview:large, max-video-preview:-1\" \/>\n<link rel=\"canonical\" href=\"https:\/\/talkpal.ai\/fr\/a-propos-de\/\" \/>\n<meta property=\"og:locale\" content=\"fr_FR\" \/>\n<meta property=\"og:type\" content=\"article\" \/>\n<meta property=\"og:title\" content=\"A propos de\" \/>\n<meta property=\"og:description\" content=\"Talkpal, Inc. est une entreprise d&#039;apprentissage des langues aliment\u00e9e par l&#039;IA dont la mission est de rendre le fait de parler n&#039;importe quelle langue\" \/>\n<meta property=\"og:url\" content=\"https:\/\/talkpal.ai\/fr\/a-propos-de\/\" \/>\n<meta property=\"og:site_name\" content=\"Talkpal\" \/>\n<meta property=\"article:publisher\" content=\"https:\/\/www.facebook.com\/profile.php?id=100090733639311\" \/>\n<meta property=\"article:modified_time\" content=\"2026-03-06T16:35:07+00:00\" \/>\n<meta property=\"og:image\" content=\"https:\/\/talkpal.ai\/wp-content\/uploads\/2024\/03\/Talkpal-Logo-Icon.png\" \/>\n\t<meta property=\"og:image:width\" content=\"5000\" \/>\n\t<meta property=\"og:image:height\" content=\"5000\" \/>\n\t<meta property=\"og:image:type\" content=\"image\/png\" \/>\n<meta name=\"twitter:card\" content=\"summary_large_image\" \/>\n<meta name=\"twitter:site\" content=\"@talkpalai\" \/>\n<meta name=\"twitter:label1\" content=\"Dur\u00e9e de lecture estim\u00e9e\" \/>\n\t<meta name=\"twitter:data1\" content=\"5 minutes\" \/>\n<script type=\"application\/ld+json\" class=\"yoast-schema-graph\">{\"@context\":\"https:\/\/schema.org\",\"@graph\":[{\"@type\":\"WebPage\",\"@id\":\"https:\/\/talkpal.ai\/fr\/a-propos-de\/\",\"url\":\"https:\/\/talkpal.ai\/fr\/a-propos-de\/\",\"name\":\"A propos de - Talkpal\",\"isPartOf\":{\"@id\":\"https:\/\/talkpal.ai\/fr\/#website\"},\"primaryImageOfPage\":{\"@id\":\"https:\/\/talkpal.ai\/fr\/a-propos-de\/#primaryimage\"},\"image\":{\"@id\":\"https:\/\/talkpal.ai\/fr\/a-propos-de\/#primaryimage\"},\"thumbnailUrl\":\"https:\/\/talkpal.ai\/wp-content\/uploads\/2024\/03\/Talkpal-Logo-Icon.png\",\"datePublished\":\"2023-04-03T14:56:00+00:00\",\"dateModified\":\"2026-03-06T16:35:07+00:00\",\"description\":\"Talkpal est un tuteur de langues bas\u00e9 sur l\u2019IA aliment\u00e9 par GPT, fond\u00e9 avec la conviction que l\u2019apprentissage des langues doit \u00eatre accessible \u00e0 tous.\",\"breadcrumb\":{\"@id\":\"https:\/\/talkpal.ai\/fr\/a-propos-de\/#breadcrumb\"},\"inLanguage\":\"fr-FR\",\"potentialAction\":[{\"@type\":\"ReadAction\",\"target\":[\"https:\/\/talkpal.ai\/fr\/a-propos-de\/\"]}]},{\"@type\":\"ImageObject\",\"inLanguage\":\"fr-FR\",\"@id\":\"https:\/\/talkpal.ai\/fr\/a-propos-de\/#primaryimage\",\"url\":\"https:\/\/talkpal.ai\/wp-content\/uploads\/2024\/03\/Talkpal-Logo-Icon.png\",\"contentUrl\":\"https:\/\/talkpal.ai\/wp-content\/uploads\/2024\/03\/Talkpal-Logo-Icon.png\",\"width\":5000,\"height\":5000,\"caption\":\"Logo Talkpal sans mot\"},{\"@type\":\"BreadcrumbList\",\"@id\":\"https:\/\/talkpal.ai\/fr\/a-propos-de\/#breadcrumb\",\"itemListElement\":[{\"@type\":\"ListItem\",\"position\":1,\"name\":\"Homepage\",\"item\":\"https:\/\/talkpal.ai\/fr\/\"},{\"@type\":\"ListItem\",\"position\":2,\"name\":\"A propos de\"}]},{\"@type\":\"WebSite\",\"@id\":\"https:\/\/talkpal.ai\/fr\/#website\",\"url\":\"https:\/\/talkpal.ai\/fr\/\",\"name\":\"Talkpal\",\"description\":\"AI Language Learning\",\"publisher\":{\"@id\":\"https:\/\/talkpal.ai\/fr\/#organization\"},\"alternateName\":\"Talkpal AI\",\"potentialAction\":[{\"@type\":\"SearchAction\",\"target\":{\"@type\":\"EntryPoint\",\"urlTemplate\":\"https:\/\/talkpal.ai\/fr\/?s={search_term_string}\"},\"query-input\":{\"@type\":\"PropertyValueSpecification\",\"valueRequired\":true,\"valueName\":\"search_term_string\"}}],\"inLanguage\":\"fr-FR\"},{\"@type\":\"Organization\",\"@id\":\"https:\/\/talkpal.ai\/fr\/#organization\",\"name\":\"Talkpal, Inc.\",\"alternateName\":\"Talkpal AI\",\"url\":\"https:\/\/talkpal.ai\/fr\/\",\"logo\":{\"@type\":\"ImageObject\",\"inLanguage\":\"fr-FR\",\"@id\":\"https:\/\/talkpal.ai\/fr\/#\/schema\/logo\/image\/\",\"url\":\"https:\/\/talkpal.ai\/wp-content\/uploads\/2024\/03\/Talkpal-Logo-Icon.png\",\"contentUrl\":\"https:\/\/talkpal.ai\/wp-content\/uploads\/2024\/03\/Talkpal-Logo-Icon.png\",\"width\":2880,\"height\":2880,\"caption\":\"Talkpal, Inc.\"},\"image\":{\"@id\":\"https:\/\/talkpal.ai\/fr\/#\/schema\/logo\/image\/\"},\"sameAs\":[\"https:\/\/www.facebook.com\/profile.php?id=100090733639311\",\"https:\/\/x.com\/talkpalai\",\"https:\/\/www.linkedin.com\/company\/talkpal\/\",\"https:\/\/www.youtube.com\/@TalkPal\/\",\"https:\/\/www.tiktok.com\/@talkpal\",\"https:\/\/www.instagram.com\/talkpal_ai\/\",\"https:\/\/www.crunchbase.com\/organization\/talkpal-9cde\",\"https:\/\/www.g2.com\/products\/talkpal-for-business\/\",\"https:\/\/www.trustpilot.com\/review\/talkpal.ai\",\"https:\/\/www.capterra.com\/p\/10006800\/TalkPal\/\"],\"description\":\"Talkpal is a language learning web and mobile education app, powered by the latest AI technologies, that provides engaging experiences to its customers in many different languages to help them improve their language skills. Users can chat about unlimited amount of topics with the app and use other modes to practice their language learning.\",\"email\":\"support@talkpal.ai\",\"legalName\":\"Talkpal, Inc.\",\"foundingDate\":\"2023-04-03\",\"duns\":\"118989042\",\"numberOfEmployees\":{\"@type\":\"QuantitativeValue\",\"minValue\":\"11\",\"maxValue\":\"50\"},\"publishingPrinciples\":\"https:\/\/talkpal.ai\/publishing-principles\/\",\"actionableFeedbackPolicy\":\"https:\/\/talkpal.ai\/actionable-feedback-policy\/\",\"correctionsPolicy\":\"https:\/\/talkpal.ai\/corrections-policy\/\",\"ethicsPolicy\":\"https:\/\/talkpal.ai\/ethics-policy\/\",\"diversityPolicy\":\"https:\/\/talkpal.ai\/diversity-policy\/\",\"diversityStaffingReport\":\"https:\/\/talkpal.ai\/diversity-policy\/\"}]}<\/script>\n<!-- \/ Yoast SEO Premium plugin. -->","yoast_head_json":{"title":"A propos de - Talkpal","description":"Talkpal est un tuteur de langues bas\u00e9 sur l\u2019IA aliment\u00e9 par GPT, fond\u00e9 avec la conviction que l\u2019apprentissage des langues doit \u00eatre accessible \u00e0 tous.","robots":{"index":"index","follow":"follow","max-snippet":"max-snippet:-1","max-image-preview":"max-image-preview:large","max-video-preview":"max-video-preview:-1"},"canonical":"https:\/\/talkpal.ai\/fr\/a-propos-de\/","og_locale":"fr_FR","og_type":"article","og_title":"A propos de","og_description":"Talkpal, Inc. est une entreprise d'apprentissage des langues aliment\u00e9e par l'IA dont la mission est de rendre le fait de parler n'importe quelle langue","og_url":"https:\/\/talkpal.ai\/fr\/a-propos-de\/","og_site_name":"Talkpal","article_publisher":"https:\/\/www.facebook.com\/profile.php?id=100090733639311","article_modified_time":"2026-03-06T16:35:07+00:00","og_image":[{"width":5000,"height":5000,"url":"https:\/\/talkpal.ai\/wp-content\/uploads\/2024\/03\/Talkpal-Logo-Icon.png","type":"image\/png"}],"twitter_card":"summary_large_image","twitter_site":"@talkpalai","twitter_misc":{"Dur\u00e9e de lecture estim\u00e9e":"5 minutes"},"schema":{"@context":"https:\/\/schema.org","@graph":[{"@type":"WebPage","@id":"https:\/\/talkpal.ai\/fr\/a-propos-de\/","url":"https:\/\/talkpal.ai\/fr\/a-propos-de\/","name":"A propos de - Talkpal","isPartOf":{"@id":"https:\/\/talkpal.ai\/fr\/#website"},"primaryImageOfPage":{"@id":"https:\/\/talkpal.ai\/fr\/a-propos-de\/#primaryimage"},"image":{"@id":"https:\/\/talkpal.ai\/fr\/a-propos-de\/#primaryimage"},"thumbnailUrl":"https:\/\/talkpal.ai\/wp-content\/uploads\/2024\/03\/Talkpal-Logo-Icon.png","datePublished":"2023-04-03T14:56:00+00:00","dateModified":"2026-03-06T16:35:07+00:00","description":"Talkpal est un tuteur de langues bas\u00e9 sur l\u2019IA aliment\u00e9 par GPT, fond\u00e9 avec la conviction que l\u2019apprentissage des langues doit \u00eatre accessible \u00e0 tous.","breadcrumb":{"@id":"https:\/\/talkpal.ai\/fr\/a-propos-de\/#breadcrumb"},"inLanguage":"fr-FR","potentialAction":[{"@type":"ReadAction","target":["https:\/\/talkpal.ai\/fr\/a-propos-de\/"]}]},{"@type":"ImageObject","inLanguage":"fr-FR","@id":"https:\/\/talkpal.ai\/fr\/a-propos-de\/#primaryimage","url":"https:\/\/talkpal.ai\/wp-content\/uploads\/2024\/03\/Talkpal-Logo-Icon.png","contentUrl":"https:\/\/talkpal.ai\/wp-content\/uploads\/2024\/03\/Talkpal-Logo-Icon.png","width":5000,"height":5000,"caption":"Logo Talkpal sans mot"},{"@type":"BreadcrumbList","@id":"https:\/\/talkpal.ai\/fr\/a-propos-de\/#breadcrumb","itemListElement":[{"@type":"ListItem","position":1,"name":"Homepage","item":"https:\/\/talkpal.ai\/fr\/"},{"@type":"ListItem","position":2,"name":"A propos de"}]},{"@type":"WebSite","@id":"https:\/\/talkpal.ai\/fr\/#website","url":"https:\/\/talkpal.ai\/fr\/","name":"Talkpal","description":"AI Language Learning","publisher":{"@id":"https:\/\/talkpal.ai\/fr\/#organization"},"alternateName":"Talkpal AI","potentialAction":[{"@type":"SearchAction","target":{"@type":"EntryPoint","urlTemplate":"https:\/\/talkpal.ai\/fr\/?s={search_term_string}"},"query-input":{"@type":"PropertyValueSpecification","valueRequired":true,"valueName":"search_term_string"}}],"inLanguage":"fr-FR"},{"@type":"Organization","@id":"https:\/\/talkpal.ai\/fr\/#organization","name":"Talkpal, Inc.","alternateName":"Talkpal AI","url":"https:\/\/talkpal.ai\/fr\/","logo":{"@type":"ImageObject","inLanguage":"fr-FR","@id":"https:\/\/talkpal.ai\/fr\/#\/schema\/logo\/image\/","url":"https:\/\/talkpal.ai\/wp-content\/uploads\/2024\/03\/Talkpal-Logo-Icon.png","contentUrl":"https:\/\/talkpal.ai\/wp-content\/uploads\/2024\/03\/Talkpal-Logo-Icon.png","width":2880,"height":2880,"caption":"Talkpal, Inc."},"image":{"@id":"https:\/\/talkpal.ai\/fr\/#\/schema\/logo\/image\/"},"sameAs":["https:\/\/www.facebook.com\/profile.php?id=100090733639311","https:\/\/x.com\/talkpalai","https:\/\/www.linkedin.com\/company\/talkpal\/","https:\/\/www.youtube.com\/@TalkPal\/","https:\/\/www.tiktok.com\/@talkpal","https:\/\/www.instagram.com\/talkpal_ai\/","https:\/\/www.crunchbase.com\/organization\/talkpal-9cde","https:\/\/www.g2.com\/products\/talkpal-for-business\/","https:\/\/www.trustpilot.com\/review\/talkpal.ai","https:\/\/www.capterra.com\/p\/10006800\/TalkPal\/"],"description":"Talkpal is a language learning web and mobile education app, powered by the latest AI technologies, that provides engaging experiences to its customers in many different languages to help them improve their language skills. Users can chat about unlimited amount of topics with the app and use other modes to practice their language learning.","email":"support@talkpal.ai","legalName":"Talkpal, Inc.","foundingDate":"2023-04-03","duns":"118989042","numberOfEmployees":{"@type":"QuantitativeValue","minValue":"11","maxValue":"50"},"publishingPrinciples":"https:\/\/talkpal.ai\/publishing-principles\/","actionableFeedbackPolicy":"https:\/\/talkpal.ai\/actionable-feedback-policy\/","correctionsPolicy":"https:\/\/talkpal.ai\/corrections-policy\/","ethicsPolicy":"https:\/\/talkpal.ai\/ethics-policy\/","diversityPolicy":"https:\/\/talkpal.ai\/diversity-policy\/","diversityStaffingReport":"https:\/\/talkpal.ai\/diversity-policy\/"}]}},"_links":{"self":[{"href":"https:\/\/talkpal.ai\/fr\/wp-json\/wp\/v2\/pages\/9435","targetHints":{"allow":["GET"]}}],"collection":[{"href":"https:\/\/talkpal.ai\/fr\/wp-json\/wp\/v2\/pages"}],"about":[{"href":"https:\/\/talkpal.ai\/fr\/wp-json\/wp\/v2\/types\/page"}],"author":[{"embeddable":true,"href":"https:\/\/talkpal.ai\/fr\/wp-json\/wp\/v2\/users\/1"}],"replies":[{"embeddable":true,"href":"https:\/\/talkpal.ai\/fr\/wp-json\/wp\/v2\/comments?post=9435"}],"version-history":[{"count":0,"href":"https:\/\/talkpal.ai\/fr\/wp-json\/wp\/v2\/pages\/9435\/revisions"}],"wp:featuredmedia":[{"embeddable":true,"href":"https:\/\/talkpal.ai\/fr\/wp-json\/wp\/v2\/media\/197954"}],"wp:attachment":[{"href":"https:\/\/talkpal.ai\/fr\/wp-json\/wp\/v2\/media?parent=9435"}],"curies":[{"name":"wp","href":"https:\/\/api.w.org\/{rel}","templated":true}]}}