{"id":74892,"date":"2023-03-26T12:27:22","date_gmt":"2023-03-26T12:27:22","guid":{"rendered":"http:\/\/talkpal.ai\/grammaire-italienne\/"},"modified":"2025-05-22T18:44:31","modified_gmt":"2025-05-22T18:44:31","slug":"grammaire-italienne","status":"publish","type":"page","link":"https:\/\/talkpal.ai\/fr\/grammaire-italienne\/","title":{"rendered":"Grammaire italienne"},"content":{"rendered":"\r\n\r\n\r\n<section class=\"languageChallengeSection\">\r\n    <div class=\"languageInfoWrapper\">\r\n        \r\n        <h1>Grammaire italienne<\/h1>\r\n        <p>D\u00e9couvrez les fondements de la langue italienne en apprenant les r\u00e8gles de grammaire essentielles. La ma\u00eetrise de la <a href=\"https:\/\/talkpal.ai\/italian-grammar\/\">grammaire italienne<\/a> vous aidera \u00e0 vous exprimer avec confiance et \u00e0 vous rapprocher de la riche culture italienne. Commencez \u00e0 apprendre la grammaire italienne d\u00e8s aujourd&#039;hui et faites le premier pas vers la ma\u00eetrise de la langue !<\/p>\r\n\r\n                            <a class=\"getStartedHidden\" href=\"https:\/\/app.talkpal.ai\/fr\/signup?lng=\">Commencer<\/a>\r\n        \r\n    <\/div>\r\n\r\n    <figure>\r\n    <img decoding=\"async\" width=\"768\" height=\"768\" src=\"https:\/\/talkpal.ai\/wp-content\/uploads\/2023\/06\/italian-768x768.png\" class=\"languageImage no-lazy\" alt=\"Default alt text\" fetchpriority=\"high\" sizes=\"(max-width: 768px) 150px, 768px\" srcset=\"https:\/\/talkpal.ai\/wp-content\/uploads\/2023\/06\/italian-768x768.png 768w, https:\/\/talkpal.ai\/wp-content\/uploads\/2023\/06\/italian-300x300.png 300w\" \/>\r\n    \r\n\r\n    <\/figure>\r\n\r\n            <a class=\"getStartedVisible\" href=\"https:\/\/app.talkpal.ai\/fr\/signup?lng=\">Commencer<\/a>\r\n    \r\n<\/section>\r\n        <section class=\"grammarSection\">\r\n            <div class=\"grammarLinks\">\r\n                <a href=\"https:\/\/talkpal.ai\/fr\/language\/adjectifs-grammaire-italienne\/\">Adjectifs <\/a><a href=\"https:\/\/talkpal.ai\/fr\/language\/adverbes-grammaire-italienne\/\">Adverbes <\/a><a href=\"https:\/\/talkpal.ai\/fr\/language\/conjonctions-grammaire-italienne\/\">Conjonctions <\/a><a href=\"https:\/\/talkpal.ai\/fr\/language\/negation-et-interrogation-grammaire-italienne\/\">N\u00e9gation et interrogation <\/a><a href=\"https:\/\/talkpal.ai\/fr\/language\/noms-grammaire-italienne\/\">Noms <\/a><a href=\"https:\/\/talkpal.ai\/fr\/language\/prepositions-grammaire-italienne\/\">Pr\u00e9positions <\/a><a href=\"https:\/\/talkpal.ai\/fr\/language\/pronoms-grammaire-italienne\/\">Pronoms <\/a><a href=\"https:\/\/talkpal.ai\/fr\/language\/syntaxe-et-structure-des-phrases-grammaire-italienne\/\">Syntaxe et structure des phrases <\/a><a href=\"https:\/\/talkpal.ai\/fr\/language\/verbes-grammaire-italienne\/\">Verbes <\/a>            <\/div>\r\n        <\/section>\r\n    <section class=\"promotionalBanner\">\r\n    <p class=\"promotionalText\">La fa\u00e7on la plus efficace d\u2019apprendre une langue<\/p>\r\n    <a class=\"promotionalLink\" href=\"https:\/\/app.talkpal.ai\/fr\/signup?lng=\">Essayez Talkpal gratuitement<\/a>\r\n<\/section>\n<div class=\"wp-block-group pageContainerStyle\"><div class=\"wp-block-group__inner-container is-layout-constrained wp-block-group-is-layout-constrained\">\n<h2 class=\"wp-block-heading\" id=\"h-mastering-the-art-of-italian-grammar-your-ultimate-guide\">Ma\u00eetriser l\u2019art de la grammaire italienne : votre guide ultime<\/h2>\n\n\n\n<p>Ciao, <a href=\"https:\/\/talkpal.ai\/talkpal-discount-for-language-enthusiasts\/\">passionn\u00e9s de langues<\/a> ! Pr\u00eat \u00e0 plonger la t\u00eate la premi\u00e8re dans le monde de la grammaire italienne ? Vous \u00eates au bon endroit. Rempli d&rsquo;informations faciles \u00e0 assimiler et d&rsquo;un ton conversationnel, cet article vous guidera dans le monde fascinant (et parfois d\u00e9licat) de la grammaire italienne afin que vous puissiez construire des phrases en toute confiance et avoir des conversations int\u00e9ressantes avec des locuteurs natifs. Alors, attachez votre ceinture et commen\u00e7ons !<\/p>\n\n\n\n<h3 class=\"wp-block-heading\" id=\"h-but-first-why-italian-grammar\">Mais d\u2019abord, pourquoi la grammaire italienne ?<\/h3>\n\n\n\n<p>Si vous <a href=\"https:\/\/talkpal.ai\/fr\/lecon-ditalien-apprenez-litalien-facilement-et-rapidement\/\">apprenez l&rsquo;italien<\/a>, des bases solides en grammaire sont essentielles pour parler, lire et \u00e9crire couramment. La grammaire italienne peut sembler complexe au premier abord, mais elle est relativement simple une fois que vous la d\u00e9composez en \u00e9l\u00e9ments plus petits et plus faciles \u00e0 g\u00e9rer. Commen\u00e7ons donc votre voyage vers la ma\u00eetrise de la grammaire italienne !<\/p>\n\n\n\n<h3 class=\"wp-block-heading\" id=\"h-1-nouns-articles-and-gender\">1. Noms, articles et genre<\/h3>\n\n\n\n<p>Les noms italiens se d\u00e9clinent en deux genres : masculin et f\u00e9minin. Contrairement \u00e0 l\u2019anglais, o\u00f9 le genre du nom n\u2019est pas pertinent, l\u2019italien exige le genre correct pour une construction correcte de la phrase. Pouvez-vous deviner le genre de noms tels que \u00ab\u00a0tavolo\u00a0\u00bb (table) ou \u00ab\u00a0casa\u00a0\u00bb (maison) ? Si vous avez devin\u00e9 le masculin pour \u00ab\u00a0tavolo\u00a0\u00bb et le f\u00e9minin pour \u00ab\u00a0casa\u00a0\u00bb, bravo !<\/p>\n\n\n\n<p>En <a href=\"https:\/\/talkpal.ai\/learn-italian\/\">italien<\/a>, les noms se terminent g\u00e9n\u00e9ralement par \u00ab\u00a0-o\u00a0\u00bb pour le masculin et \u00ab\u00a0-a\u00a0\u00bb pour le f\u00e9minin. Il existe des exceptions &#8211; certains mots se terminent par \u00ab\u00a0-e\u00a0\u00bb et peuvent \u00eatre de l&rsquo;un ou l&rsquo;autre sexe &#8211; mais pour l&rsquo;instant, gardons ce principe de base \u00e0 l&rsquo;esprit.<\/p>\n\n\n\n<p>Parlons maintenant des articles. Tout comme en <a href=\"https:\/\/talkpal.ai\/learn-english-with-ai\/\">anglais<\/a>, nous avons besoin d\u2019articles avant les noms. L\u2019italien a des <a href=\"https:\/\/talkpal.ai\/fr\/grammar\/articles-definis-en-grammaire-catalane\/\">articles d\u00e9finis<\/a> (il, lo, la, i, gli, le) et ind\u00e9finis (un, uno, una).<\/p>\n\n\n\n<p>Alors, comment choisissons-nous l\u2019<a href=\"https:\/\/talkpal.ai\/fr\/grammar\/article-defini-dans-la-grammaire-azerbaidjanaise\/\">article d\u00e9fini<\/a> \u00e0 utiliser ?<\/p>\n\n\n\n<p>&#8211; il\u00a0\u00bb et \u00ab\u00a0i\u00a0\u00bb pour les noms masculins qui commencent par une consonne, par exemple, il libro (le livre), i libri (les livres).<br\/>&#8211; \u00ab\u00a0lo\u00a0\u00bb et \u00ab\u00a0gli\u00a0\u00bb pour les noms masculins commen\u00e7ant par \u00ab\u00a0s\u00a0\u00bb suivi d&rsquo;une consonne, d&rsquo;une voyelle (sauf \u00ab\u00a0u\u00a0\u00bb) ou d&rsquo;un \u00ab\u00a0z\u00a0\u00bb, par exemple, lo studente (l&rsquo;\u00e9tudiant), gli studenti (les \u00e9tudiants).<br\/>&#8211; la\u00a0\u00bb et \u00ab\u00a0le\u00a0\u00bb pour les noms f\u00e9minins, par exemple, la casa (la maison), le case (les maisons)<\/p>\n\n\n\n<h3 class=\"wp-block-heading\" id=\"h-2-adjectives-and-agreement\">2. Adjectifs et accord<\/h3>\n\n\n\n<p>Les adjectifs en italien doivent s\u2019accorder avec le substantif qu\u2019ils modifient en genre et en nombre. Par exemple, pour d\u00e9crire une d\u00e9licieuse pizza, vous direz \u00ab\u00a0una pizza deliziosa\u00a0\u00bb et non \u00ab\u00a0delizioso\u00a0\u00bb. N\u2019oubliez pas que l\u2019adjectif suit g\u00e9n\u00e9ralement le nom en italien.<\/p>\n\n\n\n<h3 class=\"wp-block-heading\" id=\"h-3-verbs-tense-and-conjugation\">3. Verbes, temps et conjugaison<\/h3>\n\n\n\n<p>Les verbes italiens sont une partie importante de la grammaire. Il y a trois cat\u00e9gories de verbes (-are, -ere et -ire) et des tonnes de verbes irr\u00e9guliers, nous avons donc du pain sur la planche ! Pour vous donner un aper\u00e7u rapide, examinons le pr\u00e9sent des verbes r\u00e9guliers.<\/p>\n\n\n\n<p>&#8211; verbes en \u00ab\u00a0-are\u00a0\u00bb : par exemple, parlare (parler) : io parlo, tu parli, lui\/lei parla, noi parliamo, voi parlate, loro parlano<br\/>&#8211; verbes en \u00ab\u00a0-ere\u00a0\u00bb : par exemple, leggere (lire) : io leggo, tu leggi, lui\/lei legge, noi leggiamo, voi leggete, loro leggono<br\/>&#8211; verbes en \u00ab\u00a0-ire\u00a0\u00bb : par exemple, finire (finir) : io finisco, tu finisci, lui\/lei finisce, noi finiamo, voi finite, loro finiscono<\/p>\n\n\n\n<p>Gardez \u00e0 l\u2019esprit que ce n\u2019est que la partie \u00e9merg\u00e9e de l\u2019iceberg ! Il y a beaucoup d\u2019autres temps et verbes irr\u00e9guliers \u00e0 apprendre, mais chaque voyage commence par un seul pas.<\/p>\n\n\n\n<h3 class=\"wp-block-heading\" id=\"h-4-prepositions-pronouns-and-more\">4. Pr\u00e9positions, pronoms, et plus encore !<\/h3>\n\n\n\n<p>La grammaire italienne comporte de nombreux autres composants tels que les pr\u00e9positions (di, a, da, in, su, etc.), les pronoms (io, tu, lui\/lei, etc.), les verbes r\u00e9fl\u00e9chis et les expressions idiomatiques. Chaque composant est essentiel pour lib\u00e9rer votre fluidit\u00e9, alors allez-y une \u00e9tape \u00e0 la fois.<\/p>\n\n\n\n<p>En conclusion, il n&rsquo;y a pas de raccourci pour ma\u00eetriser la grammaire italienne. Cela demande de la pers\u00e9v\u00e9rance, de la pratique et de la patience. Mais une fois que vous aurez pris le coup de main, vous pourrez appr\u00e9cier la beaut\u00e9 de la conversation en italien, d\u00e9couvrir la richesse de la culture et de l&rsquo;histoire, et approfondir votre appr\u00e9ciation de la langue. Bonne chance !<\/p>\n<\/div><\/div>\n\r\n<section class=\"learnNavigationSection\">\r\n            \r\n        <a href=\"https:\/\/talkpal.ai\/fr\/apprendre-litalien\/\">\r\n            <div class=\"learnNavigationWrapper\">\r\n                <div class=\"learnNavigationContent\">\r\n                    <img decoding=\"async\" src=\"https:\/\/talkpal.ai\/wp-content\/uploads\/2024\/08\/Italian.jpg\" alt=\"Italian Flag\">\r\n                    <div>\r\n                        <h4>A propos de l&#039;apprentissage de l&#039;italien<\/h4>\r\n                        <p>Tout savoir sur la grammaire italienne.<\/p>\r\n                    <\/div>\r\n                <\/div>\r\n            <\/div>\r\n        <\/a>\r\n\r\n        \r\n        <a href=\"https:\/\/talkpal.ai\/fr\/exercices-de-grammaire-italienne\/\">\r\n            <div class=\"learnNavigationWrapper\">\r\n                <div class=\"learnNavigationContent\">\r\n                    <img decoding=\"async\" src=\"https:\/\/talkpal.ai\/wp-content\/uploads\/2024\/08\/Italian.jpg\" alt=\"Italian Flag\">\r\n                    <div>\r\n                        <h4>Exercice de grammaire italienne<\/h4>\r\n                        <p>Pratiquez la grammaire italienne.<\/p>\r\n                    <\/div>\r\n                <\/div>\r\n            <\/div>\r\n        <\/a>\r\n\r\n        \r\n        <a href=\"https:\/\/talkpal.ai\/vocabulary_language\/italian\/\">\r\n            <div class=\"learnNavigationWrapper\">\r\n                <div class=\"learnNavigationContent\">\r\n                    <img decoding=\"async\" src=\"https:\/\/talkpal.ai\/wp-content\/uploads\/2024\/08\/Italian.jpg\" alt=\"Italian Flag\">\r\n                    <div>\r\n                        <h4>Vocabulaire italien<\/h4>\r\n                        <p>\u00c9largissez votre vocabulaire italien.<\/p>\r\n                    <\/div>\r\n                <\/div>\r\n            <\/div>\r\n        <\/a>\r\n\r\n            <\/section>","protected":false},"excerpt":{"rendered":"<p>Ma\u00eetriser l\u2019art de la grammaire italienne : votre guide ultime Ciao, passionn\u00e9s de langues ! Pr\u00eat \u00e0 plonger la t\u00eate la premi\u00e8re dans le monde de la grammaire italienne ? Vous \u00eates au bon endroit. Rempli d&rsquo;informations faciles \u00e0 assimiler et d&rsquo;un ton conversationnel, cet article vous guidera dans le monde fascinant (et parfois d\u00e9licat) [&hellip;]<\/p>\n","protected":false},"author":1,"featured_media":666,"parent":0,"menu_order":0,"comment_status":"closed","ping_status":"closed","template":"LearningContentPage.php","meta":{"_acf_changed":false,"footnotes":""},"class_list":["post-74892","page","type-page","status-publish","has-post-thumbnail","hentry"],"acf":[],"yoast_head":"<!-- This site is optimized with the Yoast SEO Premium plugin v27.2 (Yoast SEO v27.2) - https:\/\/yoast.com\/product\/yoast-seo-premium-wordpress\/ -->\n<title>Grammaire italienne - Talkpal<\/title>\n<meta name=\"description\" content=\"Apprenez la grammaire italienne facilement - pratiquez clairement, comprenez les r\u00e8gles et parlez mieux gr\u00e2ce aux conseils simples de l Talkpal AI.\" \/>\n<meta name=\"robots\" content=\"index, follow, max-snippet:-1, max-image-preview:large, max-video-preview:-1\" \/>\n<link rel=\"canonical\" href=\"https:\/\/talkpal.ai\/fr\/grammaire-italienne\/\" \/>\n<meta property=\"og:locale\" content=\"fr_FR\" \/>\n<meta property=\"og:type\" content=\"article\" \/>\n<meta property=\"og:title\" content=\"Grammaire italienne\" \/>\n<meta property=\"og:description\" content=\"Ma\u00eetriser l\u2019art de la grammaire italienne : votre guide ultime Ciao, passionn\u00e9s de langues ! Pr\u00eat \u00e0 plonger la t\u00eate la premi\u00e8re dans le monde de la\" \/>\n<meta property=\"og:url\" content=\"https:\/\/talkpal.ai\/fr\/grammaire-italienne\/\" \/>\n<meta property=\"og:site_name\" content=\"Talkpal\" \/>\n<meta property=\"article:publisher\" content=\"https:\/\/www.facebook.com\/profile.php?id=100090733639311\" \/>\n<meta property=\"article:modified_time\" content=\"2025-05-22T18:44:31+00:00\" \/>\n<meta property=\"og:image\" content=\"https:\/\/talkpal.ai\/wp-content\/uploads\/2023\/03\/italy.png\" \/>\n\t<meta property=\"og:image:width\" content=\"512\" \/>\n\t<meta property=\"og:image:height\" content=\"512\" \/>\n\t<meta property=\"og:image:type\" content=\"image\/png\" \/>\n<meta name=\"twitter:card\" content=\"summary_large_image\" \/>\n<meta name=\"twitter:site\" content=\"@talkpalai\" \/>\n<meta name=\"twitter:label1\" content=\"Dur\u00e9e de lecture estim\u00e9e\" \/>\n\t<meta name=\"twitter:data1\" content=\"4 minutes\" \/>\n<script type=\"application\/ld+json\" class=\"yoast-schema-graph\">{\"@context\":\"https:\/\/schema.org\",\"@graph\":[{\"@type\":\"WebPage\",\"@id\":\"https:\/\/talkpal.ai\/fr\/grammaire-italienne\/\",\"url\":\"https:\/\/talkpal.ai\/fr\/grammaire-italienne\/\",\"name\":\"Grammaire italienne - Talkpal\",\"isPartOf\":{\"@id\":\"https:\/\/talkpal.ai\/fr\/#website\"},\"primaryImageOfPage\":{\"@id\":\"https:\/\/talkpal.ai\/fr\/grammaire-italienne\/#primaryimage\"},\"image\":{\"@id\":\"https:\/\/talkpal.ai\/fr\/grammaire-italienne\/#primaryimage\"},\"thumbnailUrl\":\"https:\/\/talkpal.ai\/wp-content\/uploads\/2023\/03\/italy.png\",\"datePublished\":\"2023-03-26T12:27:22+00:00\",\"dateModified\":\"2025-05-22T18:44:31+00:00\",\"description\":\"Apprenez la grammaire italienne facilement - pratiquez clairement, comprenez les r\u00e8gles et parlez mieux gr\u00e2ce aux conseils simples de l Talkpal AI.\",\"breadcrumb\":{\"@id\":\"https:\/\/talkpal.ai\/fr\/grammaire-italienne\/#breadcrumb\"},\"inLanguage\":\"fr-FR\",\"potentialAction\":[{\"@type\":\"ReadAction\",\"target\":[\"https:\/\/talkpal.ai\/fr\/grammaire-italienne\/\"]}]},{\"@type\":\"ImageObject\",\"inLanguage\":\"fr-FR\",\"@id\":\"https:\/\/talkpal.ai\/fr\/grammaire-italienne\/#primaryimage\",\"url\":\"https:\/\/talkpal.ai\/wp-content\/uploads\/2023\/03\/italy.png\",\"contentUrl\":\"https:\/\/talkpal.ai\/wp-content\/uploads\/2023\/03\/italy.png\",\"width\":512,\"height\":512,\"caption\":\"TalkPal AI learn Italian\"},{\"@type\":\"BreadcrumbList\",\"@id\":\"https:\/\/talkpal.ai\/fr\/grammaire-italienne\/#breadcrumb\",\"itemListElement\":[{\"@type\":\"ListItem\",\"position\":1,\"name\":\"Homepage\",\"item\":\"https:\/\/talkpal.ai\/fr\/\"},{\"@type\":\"ListItem\",\"position\":2,\"name\":\"Grammaire italienne\"}]},{\"@type\":\"WebSite\",\"@id\":\"https:\/\/talkpal.ai\/fr\/#website\",\"url\":\"https:\/\/talkpal.ai\/fr\/\",\"name\":\"Talkpal\",\"description\":\"AI Language Learning\",\"publisher\":{\"@id\":\"https:\/\/talkpal.ai\/fr\/#organization\"},\"alternateName\":\"Talkpal AI\",\"potentialAction\":[{\"@type\":\"SearchAction\",\"target\":{\"@type\":\"EntryPoint\",\"urlTemplate\":\"https:\/\/talkpal.ai\/fr\/?s={search_term_string}\"},\"query-input\":{\"@type\":\"PropertyValueSpecification\",\"valueRequired\":true,\"valueName\":\"search_term_string\"}}],\"inLanguage\":\"fr-FR\"},{\"@type\":\"Organization\",\"@id\":\"https:\/\/talkpal.ai\/fr\/#organization\",\"name\":\"Talkpal, Inc.\",\"alternateName\":\"Talkpal AI\",\"url\":\"https:\/\/talkpal.ai\/fr\/\",\"logo\":{\"@type\":\"ImageObject\",\"inLanguage\":\"fr-FR\",\"@id\":\"https:\/\/talkpal.ai\/fr\/#\/schema\/logo\/image\/\",\"url\":\"https:\/\/talkpal.ai\/wp-content\/uploads\/2024\/03\/Talkpal-Logo-Icon.png\",\"contentUrl\":\"https:\/\/talkpal.ai\/wp-content\/uploads\/2024\/03\/Talkpal-Logo-Icon.png\",\"width\":2880,\"height\":2880,\"caption\":\"Talkpal, Inc.\"},\"image\":{\"@id\":\"https:\/\/talkpal.ai\/fr\/#\/schema\/logo\/image\/\"},\"sameAs\":[\"https:\/\/www.facebook.com\/profile.php?id=100090733639311\",\"https:\/\/x.com\/talkpalai\",\"https:\/\/www.linkedin.com\/company\/talkpal\/\",\"https:\/\/www.youtube.com\/@TalkPal\/\",\"https:\/\/www.tiktok.com\/@talkpal\",\"https:\/\/www.instagram.com\/talkpal_ai\/\",\"https:\/\/www.crunchbase.com\/organization\/talkpal-9cde\",\"https:\/\/www.g2.com\/products\/talkpal-for-business\/\",\"https:\/\/www.trustpilot.com\/review\/talkpal.ai\",\"https:\/\/www.capterra.com\/p\/10006800\/TalkPal\/\"],\"description\":\"Talkpal is a language learning web and mobile education app, powered by the latest AI technologies, that provides engaging experiences to its customers in many different languages to help them improve their language skills. Users can chat about unlimited amount of topics with the app and use other modes to practice their language learning.\",\"email\":\"support@talkpal.ai\",\"legalName\":\"Talkpal, Inc.\",\"foundingDate\":\"2023-04-03\",\"duns\":\"118989042\",\"numberOfEmployees\":{\"@type\":\"QuantitativeValue\",\"minValue\":\"11\",\"maxValue\":\"50\"},\"publishingPrinciples\":\"https:\/\/talkpal.ai\/publishing-principles\/\",\"actionableFeedbackPolicy\":\"https:\/\/talkpal.ai\/actionable-feedback-policy\/\",\"correctionsPolicy\":\"https:\/\/talkpal.ai\/corrections-policy\/\",\"ethicsPolicy\":\"https:\/\/talkpal.ai\/ethics-policy\/\",\"diversityPolicy\":\"https:\/\/talkpal.ai\/diversity-policy\/\",\"diversityStaffingReport\":\"https:\/\/talkpal.ai\/diversity-policy\/\"}]}<\/script>\n<!-- \/ Yoast SEO Premium plugin. -->","yoast_head_json":{"title":"Grammaire italienne - Talkpal","description":"Apprenez la grammaire italienne facilement - pratiquez clairement, comprenez les r\u00e8gles et parlez mieux gr\u00e2ce aux conseils simples de l Talkpal AI.","robots":{"index":"index","follow":"follow","max-snippet":"max-snippet:-1","max-image-preview":"max-image-preview:large","max-video-preview":"max-video-preview:-1"},"canonical":"https:\/\/talkpal.ai\/fr\/grammaire-italienne\/","og_locale":"fr_FR","og_type":"article","og_title":"Grammaire italienne","og_description":"Ma\u00eetriser l\u2019art de la grammaire italienne : votre guide ultime Ciao, passionn\u00e9s de langues ! Pr\u00eat \u00e0 plonger la t\u00eate la premi\u00e8re dans le monde de la","og_url":"https:\/\/talkpal.ai\/fr\/grammaire-italienne\/","og_site_name":"Talkpal","article_publisher":"https:\/\/www.facebook.com\/profile.php?id=100090733639311","article_modified_time":"2025-05-22T18:44:31+00:00","og_image":[{"width":512,"height":512,"url":"https:\/\/talkpal.ai\/wp-content\/uploads\/2023\/03\/italy.png","type":"image\/png"}],"twitter_card":"summary_large_image","twitter_site":"@talkpalai","twitter_misc":{"Dur\u00e9e de lecture estim\u00e9e":"4 minutes"},"schema":{"@context":"https:\/\/schema.org","@graph":[{"@type":"WebPage","@id":"https:\/\/talkpal.ai\/fr\/grammaire-italienne\/","url":"https:\/\/talkpal.ai\/fr\/grammaire-italienne\/","name":"Grammaire italienne - Talkpal","isPartOf":{"@id":"https:\/\/talkpal.ai\/fr\/#website"},"primaryImageOfPage":{"@id":"https:\/\/talkpal.ai\/fr\/grammaire-italienne\/#primaryimage"},"image":{"@id":"https:\/\/talkpal.ai\/fr\/grammaire-italienne\/#primaryimage"},"thumbnailUrl":"https:\/\/talkpal.ai\/wp-content\/uploads\/2023\/03\/italy.png","datePublished":"2023-03-26T12:27:22+00:00","dateModified":"2025-05-22T18:44:31+00:00","description":"Apprenez la grammaire italienne facilement - pratiquez clairement, comprenez les r\u00e8gles et parlez mieux gr\u00e2ce aux conseils simples de l Talkpal AI.","breadcrumb":{"@id":"https:\/\/talkpal.ai\/fr\/grammaire-italienne\/#breadcrumb"},"inLanguage":"fr-FR","potentialAction":[{"@type":"ReadAction","target":["https:\/\/talkpal.ai\/fr\/grammaire-italienne\/"]}]},{"@type":"ImageObject","inLanguage":"fr-FR","@id":"https:\/\/talkpal.ai\/fr\/grammaire-italienne\/#primaryimage","url":"https:\/\/talkpal.ai\/wp-content\/uploads\/2023\/03\/italy.png","contentUrl":"https:\/\/talkpal.ai\/wp-content\/uploads\/2023\/03\/italy.png","width":512,"height":512,"caption":"TalkPal AI learn Italian"},{"@type":"BreadcrumbList","@id":"https:\/\/talkpal.ai\/fr\/grammaire-italienne\/#breadcrumb","itemListElement":[{"@type":"ListItem","position":1,"name":"Homepage","item":"https:\/\/talkpal.ai\/fr\/"},{"@type":"ListItem","position":2,"name":"Grammaire italienne"}]},{"@type":"WebSite","@id":"https:\/\/talkpal.ai\/fr\/#website","url":"https:\/\/talkpal.ai\/fr\/","name":"Talkpal","description":"AI Language Learning","publisher":{"@id":"https:\/\/talkpal.ai\/fr\/#organization"},"alternateName":"Talkpal AI","potentialAction":[{"@type":"SearchAction","target":{"@type":"EntryPoint","urlTemplate":"https:\/\/talkpal.ai\/fr\/?s={search_term_string}"},"query-input":{"@type":"PropertyValueSpecification","valueRequired":true,"valueName":"search_term_string"}}],"inLanguage":"fr-FR"},{"@type":"Organization","@id":"https:\/\/talkpal.ai\/fr\/#organization","name":"Talkpal, Inc.","alternateName":"Talkpal AI","url":"https:\/\/talkpal.ai\/fr\/","logo":{"@type":"ImageObject","inLanguage":"fr-FR","@id":"https:\/\/talkpal.ai\/fr\/#\/schema\/logo\/image\/","url":"https:\/\/talkpal.ai\/wp-content\/uploads\/2024\/03\/Talkpal-Logo-Icon.png","contentUrl":"https:\/\/talkpal.ai\/wp-content\/uploads\/2024\/03\/Talkpal-Logo-Icon.png","width":2880,"height":2880,"caption":"Talkpal, Inc."},"image":{"@id":"https:\/\/talkpal.ai\/fr\/#\/schema\/logo\/image\/"},"sameAs":["https:\/\/www.facebook.com\/profile.php?id=100090733639311","https:\/\/x.com\/talkpalai","https:\/\/www.linkedin.com\/company\/talkpal\/","https:\/\/www.youtube.com\/@TalkPal\/","https:\/\/www.tiktok.com\/@talkpal","https:\/\/www.instagram.com\/talkpal_ai\/","https:\/\/www.crunchbase.com\/organization\/talkpal-9cde","https:\/\/www.g2.com\/products\/talkpal-for-business\/","https:\/\/www.trustpilot.com\/review\/talkpal.ai","https:\/\/www.capterra.com\/p\/10006800\/TalkPal\/"],"description":"Talkpal is a language learning web and mobile education app, powered by the latest AI technologies, that provides engaging experiences to its customers in many different languages to help them improve their language skills. Users can chat about unlimited amount of topics with the app and use other modes to practice their language learning.","email":"support@talkpal.ai","legalName":"Talkpal, Inc.","foundingDate":"2023-04-03","duns":"118989042","numberOfEmployees":{"@type":"QuantitativeValue","minValue":"11","maxValue":"50"},"publishingPrinciples":"https:\/\/talkpal.ai\/publishing-principles\/","actionableFeedbackPolicy":"https:\/\/talkpal.ai\/actionable-feedback-policy\/","correctionsPolicy":"https:\/\/talkpal.ai\/corrections-policy\/","ethicsPolicy":"https:\/\/talkpal.ai\/ethics-policy\/","diversityPolicy":"https:\/\/talkpal.ai\/diversity-policy\/","diversityStaffingReport":"https:\/\/talkpal.ai\/diversity-policy\/"}]}},"_links":{"self":[{"href":"https:\/\/talkpal.ai\/fr\/wp-json\/wp\/v2\/pages\/74892","targetHints":{"allow":["GET"]}}],"collection":[{"href":"https:\/\/talkpal.ai\/fr\/wp-json\/wp\/v2\/pages"}],"about":[{"href":"https:\/\/talkpal.ai\/fr\/wp-json\/wp\/v2\/types\/page"}],"author":[{"embeddable":true,"href":"https:\/\/talkpal.ai\/fr\/wp-json\/wp\/v2\/users\/1"}],"replies":[{"embeddable":true,"href":"https:\/\/talkpal.ai\/fr\/wp-json\/wp\/v2\/comments?post=74892"}],"version-history":[{"count":0,"href":"https:\/\/talkpal.ai\/fr\/wp-json\/wp\/v2\/pages\/74892\/revisions"}],"wp:featuredmedia":[{"embeddable":true,"href":"https:\/\/talkpal.ai\/fr\/wp-json\/wp\/v2\/media\/666"}],"wp:attachment":[{"href":"https:\/\/talkpal.ai\/fr\/wp-json\/wp\/v2\/media?parent=74892"}],"curies":[{"name":"wp","href":"https:\/\/api.w.org\/{rel}","templated":true}]}}