{"id":74452,"date":"2023-05-14T13:48:36","date_gmt":"2023-05-14T13:48:36","guid":{"rendered":"http:\/\/talkpal.ai\/grammaire-chinoise\/"},"modified":"2025-06-17T16:40:04","modified_gmt":"2025-06-17T16:40:04","slug":"grammaire-chinoise","status":"publish","type":"page","link":"https:\/\/talkpal.ai\/fr\/grammaire-chinoise\/","title":{"rendered":"Grammaire chinoise"},"content":{"rendered":"\r\n\r\n\r\n<section class=\"languageChallengeSection\">\r\n    <div class=\"languageInfoWrapper\">\r\n        \r\n        <h1>Grammaire chinoise<\/h1>\r\n        <p>Renforcez vos comp\u00e9tences en langue chinoise en apprenant les structures grammaticales cl\u00e9s et les mod\u00e8les d\u2019utilisation. Commencez \u00e0 am\u00e9liorer votre <a href=\"https:\/\/talkpal.ai\/chinese-grammar\/\">grammaire chinoise<\/a> d\u00e8s aujourd\u2019hui et communiquez en toute confiance !<\/p>\r\n\r\n                            <a class=\"getStartedHidden\" href=\"https:\/\/app.talkpal.ai\/fr\/signup?lng=\">Commencer<\/a>\r\n        \r\n    <\/div>\r\n\r\n    <figure>\r\n    <img decoding=\"async\" width=\"768\" height=\"768\" src=\"https:\/\/talkpal.ai\/wp-content\/uploads\/2023\/06\/chinese-768x768.png\" class=\"languageImage no-lazy\" alt=\"Default alt text\" fetchpriority=\"high\" sizes=\"(max-width: 768px) 150px, 768px\" srcset=\"https:\/\/talkpal.ai\/wp-content\/uploads\/2023\/06\/chinese-768x768.png 768w, https:\/\/talkpal.ai\/wp-content\/uploads\/2023\/06\/chinese-300x300.png 300w\" \/>\r\n    \r\n\r\n    <\/figure>\r\n\r\n            <a class=\"getStartedVisible\" href=\"https:\/\/app.talkpal.ai\/fr\/signup?lng=\">Commencer<\/a>\r\n    \r\n<\/section>\r\n        <section class=\"grammarSection\">\r\n            <div class=\"grammarLinks\">\r\n                <a href=\"https:\/\/talkpal.ai\/fr\/language\/adjectifs-grammaire-chinoise\/\">Adjectifs <\/a><a href=\"https:\/\/talkpal.ai\/fr\/language\/adverbes-grammaire-chinoise\/\">Adverbes <\/a><a href=\"https:\/\/talkpal.ai\/fr\/language\/articles-grammaire-chinoise\/\">Articles <\/a><a href=\"https:\/\/talkpal.ai\/fr\/language\/noms-grammaire-chinoise\/\">Noms <\/a><a href=\"https:\/\/talkpal.ai\/fr\/language\/prepositions-grammaire-chinoise\/\">Pr\u00e9positions <\/a><a href=\"https:\/\/talkpal.ai\/fr\/language\/pronoms-grammaire-chinoise\/\">Pronoms <\/a><a href=\"https:\/\/talkpal.ai\/fr\/language\/structure-de-phrase-grammaire-chinoise\/\">Structure de phrase <\/a><a href=\"https:\/\/talkpal.ai\/fr\/language\/temps-grammaire-chinoise\/\">Temps <\/a><a href=\"https:\/\/talkpal.ai\/fr\/language\/verbes-grammaire-chinoise\/\">Verbes <\/a>            <\/div>\r\n        <\/section>\r\n    <section class=\"promotionalBanner\">\r\n    <p class=\"promotionalText\">La fa\u00e7on la plus efficace d\u2019apprendre une langue<\/p>\r\n    <a class=\"promotionalLink\" href=\"https:\/\/app.talkpal.ai\/fr\/signup?lng=\">Essayez Talkpal gratuitement<\/a>\r\n<\/section>\n<div class=\"wp-block-group pageContainerStyle\"><div class=\"wp-block-group__inner-container is-layout-constrained wp-block-group-is-layout-constrained\">\n<h2 class=\"wp-block-heading\" id=\"h-chinese-grammar-the-key-to-mastering-mandarin\">Grammaire chinoise : la cl\u00e9 de la ma\u00eetrise du mandarin<\/h2>\n\n\n\n<p>\u00cates-vous un apprenant de langue ambitieux qui s\u2019est fix\u00e9 pour objectif de ma\u00eetriser le mandarin ? Si c\u2019est le cas, f\u00e9licitations ! S\u2019attaquer au <a href=\"https:\/\/talkpal.ai\/learn-chinese\/\">chinois<\/a> est un moyen fantastique d\u2019\u00e9largir votre \u00e9tat d\u2019esprit mondial, de vous connecter avec un large \u00e9ventail de locuteurs et de vous mettre au d\u00e9fi intellectuellement. Cependant, avec 1,2 milliard de locuteurs natifs et un syst\u00e8me linguistique tr\u00e8s diff\u00e9rent des langues occidentales, la <a href=\"https:\/\/talkpal.ai\/chinese-grammar\/\">grammaire chinoise<\/a> peut sembler assez intimidante. N\u2019ayez crainte\u00a0! Lisez la suite pour un <a href=\"https:\/\/talkpal.ai\/courses\/\">cours<\/a> acc\u00e9l\u00e9r\u00e9 de grammaire chinoise, adapt\u00e9 aux d\u00e9butants, qui est \u00e0 la fois int\u00e9ressant et instructif.<\/p>\n\n\n\n<p><strong>Tout d\u2019abord, oubliez ce que vous savez sur les langues europ\u00e9ennes !<\/strong><\/p>\n\n\n\n<p>L&rsquo;une des principales raisons pour lesquelles les <a href=\"https:\/\/talkpal.ai\/talkpal-discount-for-students\/\">\u00e9tudiants<\/a> en langues sont intimid\u00e9s par la grammaire chinoise est qu&rsquo;elle est radicalement diff\u00e9rente de la structure \u00ab\u00a0sujet-verbe-objet\u00a0\u00bb \u00e0 laquelle nous sommes habitu\u00e9s dans des langues comme l&rsquo;anglais, l&rsquo;espagnol ou le <a href=\"https:\/\/talkpal.ai\/learn-french\/\">fran\u00e7ais<\/a>. Alors, respirez profond\u00e9ment et plongez dans un tout nouvel univers de r\u00e8gles et de concepts linguistiques !<\/p>\n\n\n\n<h3 class=\"wp-block-heading\" id=\"h-1-word-order-is-king\">1. L\u2019ordre des mots est roi<\/h3>\n\n\n\n<p>Bien qu\u2019il n\u2019y ait pas de <a href=\"https:\/\/talkpal.ai\/zh-hans\/grammar_exercises\/temps-%e6%b3%95%e8%af%ad%e8%af%ad%e6%b3%95%e7%bb%83%e4%b9%a0\/\">temps<\/a>, de conjugaison des verbes ou de pluriels dans la grammaire chinoise, une structure de phrase correcte est primordiale. Alors, comment obtient-on un ordre correct des mots ? Dans la plupart des cas, il suffit de suivre le mod\u00e8le \u00ab\u00a0sujet-verbe-objet\u00a0\u00bb (similaire \u00e0 l\u2019anglais). Par exemple:<\/p>\n\n\n\n<p>Fran\u00e7ais\u00a0: Je t\u2019aime.<br\/>chinois : \u6211\u7231\u4f60\u3002 W\u01d2 \u00e0i n\u01d0.<\/p>\n\n\n\n<p>Il existe des structures plus complexes, mais le d\u00e9veloppement d\u2019une base solide les rendra plus faciles \u00e0 appr\u00e9hender lorsque vous progresserez.<\/p>\n\n\n\n<h3 class=\"wp-block-heading\" id=\"h-2-particles-particles-everywhere\">2. Des particules, des particules partout !<\/h3>\n\n\n\n<p>Dans la grammaire chinoise, les particules jouent un r\u00f4le essentiel dans la transmission du sens. L&rsquo;une des particules les plus courantes est \u00ab\u00a0\u4e86 (le)\u00a0\u00bb, qui indique une action termin\u00e9e. Par exemple:<\/p>\n\n\n\n<p>\u6211\u5403\u4e86\u3002W\u01d2 ch\u012b le. &#8211; \u00ab\u00a0J&rsquo;ai mang\u00e9\u00a0\u00bb.<\/p>\n\n\n\n<p>Une autre particule courante est \u00ab\u00a0\u5427 (ba)\u00a0\u00bb, qui transforme une d\u00e9claration en suggestion ou en question :<\/p>\n\n\n\n<p>\u8d70\u5427\uff01Z\u01d2u ba ! &#8211; \u00ab\u00a0Allons-y !\u00a0\u00bb<\/p>\n\n\n\n<p>Comprendre les fonctions des diff\u00e9rentes particules est essentiel pour ma\u00eetriser les nuances de la grammaire chinoise.<\/p>\n\n\n\n<h3 class=\"wp-block-heading\" id=\"h-3-measure-words-quality-not-quantity\">3. Mots de mesure : la qualit\u00e9, pas la quantit\u00e9<\/h3>\n\n\n\n<p>En chinois, les noms n&rsquo;ont pas de pluriel. Au lieu de cela, ils utilisent des mots de mesure (\u00e9galement connus sous le nom de classificateurs) pour exprimer la quantit\u00e9. Les mots de mesure sont ajout\u00e9s entre le nombre et le nom. Par exemple:<\/p>\n\n\n\n<p>\u4e00\u672c\u4e66 &#8211; Y\u012b b\u011bn sh\u016b &#8211; \u00ab\u00a0un livre\u00a0\u00bb<\/p>\n\n\n\n<p>Remarquez l\u2019utilisation de \u672c (b\u011bn) comme mot de mesure pour les livres. Des noms diff\u00e9rents requi\u00e8rent des mots de mesure diff\u00e9rents, et bien que cela puisse sembler perplexe au d\u00e9but, cela deviendra une seconde nature avec la pratique.<\/p>\n\n\n\n<h3 class=\"wp-block-heading\" id=\"h-4-the-magic-of-compound-words\">4. La magie des mots compos\u00e9s<\/h3>\n\n\n\n<p>Le chinois regorge de mots compos\u00e9s, qui sont form\u00e9s en combinant deux ou plusieurs caract\u00e8res. Non seulement cela simplifie l\u2019apprentissage du vocabulaire, mais cela permet \u00e9galement d\u2019obtenir des images et un contexte vivants. Par exemple:<\/p>\n\n\n\n<p>\u706b\u8f66 &#8211; Hu\u01d2ch\u0113 &#8211; \u00ab\u00a0train\u00a0\u00bb (litt\u00e9ralement : \u00ab\u00a0v\u00e9hicule de feu\u00a0\u00bb)<br\/>\u7535\u8bdd &#8211; Di\u00e0nhu\u00e0 &#8211; \u00ab\u00a0t\u00e9l\u00e9phone\u00a0\u00bb (litt\u00e9ralement : \u00ab\u00a0parole \u00e9lectrique\u00a0\u00bb)<\/p>\n\n\n\n<p>En comprenant la signification de chaque caract\u00e8re, vous pouvez facilement d\u00e9duire le sens des mots compos\u00e9s que vous n&rsquo;avez jamais rencontr\u00e9s auparavant.<\/p>\n\n\n\n<h3 class=\"wp-block-heading\" id=\"h-5-no-tenses-no-problem\">5. Pas de temps ? Aucun probl\u00e8me!<\/h3>\n\n\n\n<p>L\u2019un des aspects les plus rafra\u00eechissants du chinois est l\u2019absence de conjugaison des verbes pour diff\u00e9rents temps. Mais comment exprimez-vous le temps ? Simple! Il suffit d\u2019inclure des mots qui indiquent la p\u00e9riode, tels que :<\/p>\n\n\n\n<p>\u6628\u5929 &#8211; Zu\u00f3ti\u0101n &#8211; \u00ab\u00a0hier\u00a0\u00bb<br\/>\u660e\u5929 &#8211; M\u00edngti\u0101n &#8211; \u00ab\u00a0demain\u00a0\u00bb<\/p>\n\n\n\n<p><strong>Par exemple:<\/strong><\/p>\n\n\n\n<p>\u6211\u6628\u5929\u5403\u4e86\u996d\u3002W\u01d2 zu\u00f3ti\u0101n ch\u012b le f\u00e0n. &#8211; \u00ab\u00a0J&rsquo;ai mang\u00e9 hier\u00a0\u00bb.<br\/>\u6211\u660e\u5929\u5403\u996d\u3002W\u01d2 m\u00edngti\u0101n ch\u012b f\u00e0n. &#8211; \u00ab\u00a0Je mangerai demain\u00a0\u00bb.<\/p>\n\n\n\n<p>F\u00e9licitations! Vous avez fait les premiers pas vers la ma\u00eetrise de la grammaire chinoise. N\u2019oubliez pas : c\u2019est en forgeant qu\u2019on devient forgeron. N&rsquo;h\u00e9sitez donc pas \u00e0 explorer de nouvelles structures grammaticales, \u00e0 converser avec des locuteurs natifs et \u00e0 renforcer vos bases. Le monde du mandarin vous attend &#8211; bon apprentissage !<\/p>\n<\/div><\/div>\n\r\n<section class=\"learnNavigationSection\">\r\n            \r\n        <a href=\"https:\/\/talkpal.ai\/fr\/apprendre-le-chinois\/\">\r\n            <div class=\"learnNavigationWrapper\">\r\n                <div class=\"learnNavigationContent\">\r\n                    <img decoding=\"async\" src=\"https:\/\/talkpal.ai\/wp-content\/uploads\/2024\/08\/Chinese.jpg\" alt=\"Chinese Flag\u00a0\">\r\n                    <div>\r\n                        <h4>\u00c0 propos de l&#039;apprentissage du chinois<\/h4>\r\n                        <p>Tout savoir sur la grammaire chinoise.<\/p>\r\n                    <\/div>\r\n                <\/div>\r\n            <\/div>\r\n        <\/a>\r\n\r\n        \r\n        <a href=\"https:\/\/talkpal.ai\/fr\/exercices-de-grammaire-chinoise\/\">\r\n            <div class=\"learnNavigationWrapper\">\r\n                <div class=\"learnNavigationContent\">\r\n                    <img decoding=\"async\" src=\"https:\/\/talkpal.ai\/wp-content\/uploads\/2024\/08\/Chinese.jpg\" alt=\"Chinese Flag\u00a0\">\r\n                    <div>\r\n                        <h4>Exercice de grammaire chinoise<\/h4>\r\n                        <p>Pratiquez la grammaire chinoise.<\/p>\r\n                    <\/div>\r\n                <\/div>\r\n            <\/div>\r\n        <\/a>\r\n\r\n        \r\n        <a href=\"https:\/\/talkpal.ai\/vocabulary_language\/chinese\/\">\r\n            <div class=\"learnNavigationWrapper\">\r\n                <div class=\"learnNavigationContent\">\r\n                    <img decoding=\"async\" src=\"https:\/\/talkpal.ai\/wp-content\/uploads\/2024\/08\/Chinese.jpg\" alt=\"Chinese Flag\u00a0\">\r\n                    <div>\r\n                        <h4>Vocabulaire chinois<\/h4>\r\n                        <p>\u00c9largissez votre vocabulaire chinois.<\/p>\r\n                    <\/div>\r\n                <\/div>\r\n            <\/div>\r\n        <\/a>\r\n\r\n            <\/section>","protected":false},"excerpt":{"rendered":"<p>Grammaire chinoise : la cl\u00e9 de la ma\u00eetrise du mandarin \u00cates-vous un apprenant de langue ambitieux qui s\u2019est fix\u00e9 pour objectif de ma\u00eetriser le mandarin ? Si c\u2019est le cas, f\u00e9licitations ! S\u2019attaquer au chinois est un moyen fantastique d\u2019\u00e9largir votre \u00e9tat d\u2019esprit mondial, de vous connecter avec un large \u00e9ventail de locuteurs et de [&hellip;]<\/p>\n","protected":false},"author":1,"featured_media":11558,"parent":0,"menu_order":0,"comment_status":"closed","ping_status":"closed","template":"LearningContentPage.php","meta":{"_acf_changed":false,"footnotes":""},"class_list":["post-74452","page","type-page","status-publish","has-post-thumbnail","hentry"],"acf":[],"yoast_head":"<!-- This site is optimized with the Yoast SEO Premium plugin v27.2 (Yoast SEO v27.2) - https:\/\/yoast.com\/product\/yoast-seo-premium-wordpress\/ -->\n<title>Grammaire chinoise - Talkpal<\/title>\n<meta name=\"description\" content=\"D\u00e9couvrez les secrets de la grammaire chinoise pour une meilleure compr\u00e9hension de la langue et de la culture chinoises.\" \/>\n<meta name=\"robots\" content=\"index, follow, max-snippet:-1, max-image-preview:large, max-video-preview:-1\" \/>\n<link rel=\"canonical\" href=\"https:\/\/talkpal.ai\/fr\/grammaire-chinoise\/\" \/>\n<meta property=\"og:locale\" content=\"fr_FR\" \/>\n<meta property=\"og:type\" content=\"article\" \/>\n<meta property=\"og:title\" content=\"Grammaire chinoise\" \/>\n<meta property=\"og:description\" content=\"Grammaire chinoise : la cl\u00e9 de la ma\u00eetrise du mandarin \u00cates-vous un apprenant de langue ambitieux qui s\u2019est fix\u00e9 pour objectif de ma\u00eetriser le mandarin ?\" \/>\n<meta property=\"og:url\" content=\"https:\/\/talkpal.ai\/fr\/grammaire-chinoise\/\" \/>\n<meta property=\"og:site_name\" content=\"Talkpal\" \/>\n<meta property=\"article:publisher\" content=\"https:\/\/www.facebook.com\/profile.php?id=100090733639311\" \/>\n<meta property=\"article:modified_time\" content=\"2025-06-17T16:40:04+00:00\" \/>\n<meta property=\"og:image\" content=\"https:\/\/talkpal.ai\/wp-content\/uploads\/2023\/04\/china.png\" \/>\n\t<meta property=\"og:image:width\" content=\"512\" \/>\n\t<meta property=\"og:image:height\" content=\"512\" \/>\n\t<meta property=\"og:image:type\" content=\"image\/png\" \/>\n<meta name=\"twitter:card\" content=\"summary_large_image\" \/>\n<meta name=\"twitter:site\" content=\"@talkpalai\" \/>\n<meta name=\"twitter:label1\" content=\"Dur\u00e9e de lecture estim\u00e9e\" \/>\n\t<meta name=\"twitter:data1\" content=\"3 minutes\" \/>\n<script type=\"application\/ld+json\" class=\"yoast-schema-graph\">{\"@context\":\"https:\/\/schema.org\",\"@graph\":[{\"@type\":\"WebPage\",\"@id\":\"https:\/\/talkpal.ai\/fr\/grammaire-chinoise\/\",\"url\":\"https:\/\/talkpal.ai\/fr\/grammaire-chinoise\/\",\"name\":\"Grammaire chinoise - Talkpal\",\"isPartOf\":{\"@id\":\"https:\/\/talkpal.ai\/fr\/#website\"},\"primaryImageOfPage\":{\"@id\":\"https:\/\/talkpal.ai\/fr\/grammaire-chinoise\/#primaryimage\"},\"image\":{\"@id\":\"https:\/\/talkpal.ai\/fr\/grammaire-chinoise\/#primaryimage\"},\"thumbnailUrl\":\"https:\/\/talkpal.ai\/wp-content\/uploads\/2023\/04\/china.png\",\"datePublished\":\"2023-05-14T13:48:36+00:00\",\"dateModified\":\"2025-06-17T16:40:04+00:00\",\"description\":\"D\u00e9couvrez les secrets de la grammaire chinoise pour une meilleure compr\u00e9hension de la langue et de la culture chinoises.\",\"breadcrumb\":{\"@id\":\"https:\/\/talkpal.ai\/fr\/grammaire-chinoise\/#breadcrumb\"},\"inLanguage\":\"fr-FR\",\"potentialAction\":[{\"@type\":\"ReadAction\",\"target\":[\"https:\/\/talkpal.ai\/fr\/grammaire-chinoise\/\"]}]},{\"@type\":\"ImageObject\",\"inLanguage\":\"fr-FR\",\"@id\":\"https:\/\/talkpal.ai\/fr\/grammaire-chinoise\/#primaryimage\",\"url\":\"https:\/\/talkpal.ai\/wp-content\/uploads\/2023\/04\/china.png\",\"contentUrl\":\"https:\/\/talkpal.ai\/wp-content\/uploads\/2023\/04\/china.png\",\"width\":512,\"height\":512},{\"@type\":\"BreadcrumbList\",\"@id\":\"https:\/\/talkpal.ai\/fr\/grammaire-chinoise\/#breadcrumb\",\"itemListElement\":[{\"@type\":\"ListItem\",\"position\":1,\"name\":\"Homepage\",\"item\":\"https:\/\/talkpal.ai\/fr\/\"},{\"@type\":\"ListItem\",\"position\":2,\"name\":\"Grammaire chinoise\"}]},{\"@type\":\"WebSite\",\"@id\":\"https:\/\/talkpal.ai\/fr\/#website\",\"url\":\"https:\/\/talkpal.ai\/fr\/\",\"name\":\"Talkpal\",\"description\":\"AI Language Learning\",\"publisher\":{\"@id\":\"https:\/\/talkpal.ai\/fr\/#organization\"},\"alternateName\":\"Talkpal AI\",\"potentialAction\":[{\"@type\":\"SearchAction\",\"target\":{\"@type\":\"EntryPoint\",\"urlTemplate\":\"https:\/\/talkpal.ai\/fr\/?s={search_term_string}\"},\"query-input\":{\"@type\":\"PropertyValueSpecification\",\"valueRequired\":true,\"valueName\":\"search_term_string\"}}],\"inLanguage\":\"fr-FR\"},{\"@type\":\"Organization\",\"@id\":\"https:\/\/talkpal.ai\/fr\/#organization\",\"name\":\"Talkpal, Inc.\",\"alternateName\":\"Talkpal AI\",\"url\":\"https:\/\/talkpal.ai\/fr\/\",\"logo\":{\"@type\":\"ImageObject\",\"inLanguage\":\"fr-FR\",\"@id\":\"https:\/\/talkpal.ai\/fr\/#\/schema\/logo\/image\/\",\"url\":\"https:\/\/talkpal.ai\/wp-content\/uploads\/2024\/03\/Talkpal-Logo-Icon.png\",\"contentUrl\":\"https:\/\/talkpal.ai\/wp-content\/uploads\/2024\/03\/Talkpal-Logo-Icon.png\",\"width\":2880,\"height\":2880,\"caption\":\"Talkpal, Inc.\"},\"image\":{\"@id\":\"https:\/\/talkpal.ai\/fr\/#\/schema\/logo\/image\/\"},\"sameAs\":[\"https:\/\/www.facebook.com\/profile.php?id=100090733639311\",\"https:\/\/x.com\/talkpalai\",\"https:\/\/www.linkedin.com\/company\/talkpal\/\",\"https:\/\/www.youtube.com\/@TalkPal\/\",\"https:\/\/www.tiktok.com\/@talkpal\",\"https:\/\/www.instagram.com\/talkpal_ai\/\",\"https:\/\/www.crunchbase.com\/organization\/talkpal-9cde\",\"https:\/\/www.g2.com\/products\/talkpal-for-business\/\",\"https:\/\/www.trustpilot.com\/review\/talkpal.ai\",\"https:\/\/www.capterra.com\/p\/10006800\/TalkPal\/\"],\"description\":\"Talkpal is a language learning web and mobile education app, powered by the latest AI technologies, that provides engaging experiences to its customers in many different languages to help them improve their language skills. Users can chat about unlimited amount of topics with the app and use other modes to practice their language learning.\",\"email\":\"support@talkpal.ai\",\"legalName\":\"Talkpal, Inc.\",\"foundingDate\":\"2023-04-03\",\"duns\":\"118989042\",\"numberOfEmployees\":{\"@type\":\"QuantitativeValue\",\"minValue\":\"11\",\"maxValue\":\"50\"},\"publishingPrinciples\":\"https:\/\/talkpal.ai\/publishing-principles\/\",\"actionableFeedbackPolicy\":\"https:\/\/talkpal.ai\/actionable-feedback-policy\/\",\"correctionsPolicy\":\"https:\/\/talkpal.ai\/corrections-policy\/\",\"ethicsPolicy\":\"https:\/\/talkpal.ai\/ethics-policy\/\",\"diversityPolicy\":\"https:\/\/talkpal.ai\/diversity-policy\/\",\"diversityStaffingReport\":\"https:\/\/talkpal.ai\/diversity-policy\/\"}]}<\/script>\n<!-- \/ Yoast SEO Premium plugin. -->","yoast_head_json":{"title":"Grammaire chinoise - Talkpal","description":"D\u00e9couvrez les secrets de la grammaire chinoise pour une meilleure compr\u00e9hension de la langue et de la culture chinoises.","robots":{"index":"index","follow":"follow","max-snippet":"max-snippet:-1","max-image-preview":"max-image-preview:large","max-video-preview":"max-video-preview:-1"},"canonical":"https:\/\/talkpal.ai\/fr\/grammaire-chinoise\/","og_locale":"fr_FR","og_type":"article","og_title":"Grammaire chinoise","og_description":"Grammaire chinoise : la cl\u00e9 de la ma\u00eetrise du mandarin \u00cates-vous un apprenant de langue ambitieux qui s\u2019est fix\u00e9 pour objectif de ma\u00eetriser le mandarin ?","og_url":"https:\/\/talkpal.ai\/fr\/grammaire-chinoise\/","og_site_name":"Talkpal","article_publisher":"https:\/\/www.facebook.com\/profile.php?id=100090733639311","article_modified_time":"2025-06-17T16:40:04+00:00","og_image":[{"width":512,"height":512,"url":"https:\/\/talkpal.ai\/wp-content\/uploads\/2023\/04\/china.png","type":"image\/png"}],"twitter_card":"summary_large_image","twitter_site":"@talkpalai","twitter_misc":{"Dur\u00e9e de lecture estim\u00e9e":"3 minutes"},"schema":{"@context":"https:\/\/schema.org","@graph":[{"@type":"WebPage","@id":"https:\/\/talkpal.ai\/fr\/grammaire-chinoise\/","url":"https:\/\/talkpal.ai\/fr\/grammaire-chinoise\/","name":"Grammaire chinoise - Talkpal","isPartOf":{"@id":"https:\/\/talkpal.ai\/fr\/#website"},"primaryImageOfPage":{"@id":"https:\/\/talkpal.ai\/fr\/grammaire-chinoise\/#primaryimage"},"image":{"@id":"https:\/\/talkpal.ai\/fr\/grammaire-chinoise\/#primaryimage"},"thumbnailUrl":"https:\/\/talkpal.ai\/wp-content\/uploads\/2023\/04\/china.png","datePublished":"2023-05-14T13:48:36+00:00","dateModified":"2025-06-17T16:40:04+00:00","description":"D\u00e9couvrez les secrets de la grammaire chinoise pour une meilleure compr\u00e9hension de la langue et de la culture chinoises.","breadcrumb":{"@id":"https:\/\/talkpal.ai\/fr\/grammaire-chinoise\/#breadcrumb"},"inLanguage":"fr-FR","potentialAction":[{"@type":"ReadAction","target":["https:\/\/talkpal.ai\/fr\/grammaire-chinoise\/"]}]},{"@type":"ImageObject","inLanguage":"fr-FR","@id":"https:\/\/talkpal.ai\/fr\/grammaire-chinoise\/#primaryimage","url":"https:\/\/talkpal.ai\/wp-content\/uploads\/2023\/04\/china.png","contentUrl":"https:\/\/talkpal.ai\/wp-content\/uploads\/2023\/04\/china.png","width":512,"height":512},{"@type":"BreadcrumbList","@id":"https:\/\/talkpal.ai\/fr\/grammaire-chinoise\/#breadcrumb","itemListElement":[{"@type":"ListItem","position":1,"name":"Homepage","item":"https:\/\/talkpal.ai\/fr\/"},{"@type":"ListItem","position":2,"name":"Grammaire chinoise"}]},{"@type":"WebSite","@id":"https:\/\/talkpal.ai\/fr\/#website","url":"https:\/\/talkpal.ai\/fr\/","name":"Talkpal","description":"AI Language Learning","publisher":{"@id":"https:\/\/talkpal.ai\/fr\/#organization"},"alternateName":"Talkpal AI","potentialAction":[{"@type":"SearchAction","target":{"@type":"EntryPoint","urlTemplate":"https:\/\/talkpal.ai\/fr\/?s={search_term_string}"},"query-input":{"@type":"PropertyValueSpecification","valueRequired":true,"valueName":"search_term_string"}}],"inLanguage":"fr-FR"},{"@type":"Organization","@id":"https:\/\/talkpal.ai\/fr\/#organization","name":"Talkpal, Inc.","alternateName":"Talkpal AI","url":"https:\/\/talkpal.ai\/fr\/","logo":{"@type":"ImageObject","inLanguage":"fr-FR","@id":"https:\/\/talkpal.ai\/fr\/#\/schema\/logo\/image\/","url":"https:\/\/talkpal.ai\/wp-content\/uploads\/2024\/03\/Talkpal-Logo-Icon.png","contentUrl":"https:\/\/talkpal.ai\/wp-content\/uploads\/2024\/03\/Talkpal-Logo-Icon.png","width":2880,"height":2880,"caption":"Talkpal, Inc."},"image":{"@id":"https:\/\/talkpal.ai\/fr\/#\/schema\/logo\/image\/"},"sameAs":["https:\/\/www.facebook.com\/profile.php?id=100090733639311","https:\/\/x.com\/talkpalai","https:\/\/www.linkedin.com\/company\/talkpal\/","https:\/\/www.youtube.com\/@TalkPal\/","https:\/\/www.tiktok.com\/@talkpal","https:\/\/www.instagram.com\/talkpal_ai\/","https:\/\/www.crunchbase.com\/organization\/talkpal-9cde","https:\/\/www.g2.com\/products\/talkpal-for-business\/","https:\/\/www.trustpilot.com\/review\/talkpal.ai","https:\/\/www.capterra.com\/p\/10006800\/TalkPal\/"],"description":"Talkpal is a language learning web and mobile education app, powered by the latest AI technologies, that provides engaging experiences to its customers in many different languages to help them improve their language skills. Users can chat about unlimited amount of topics with the app and use other modes to practice their language learning.","email":"support@talkpal.ai","legalName":"Talkpal, Inc.","foundingDate":"2023-04-03","duns":"118989042","numberOfEmployees":{"@type":"QuantitativeValue","minValue":"11","maxValue":"50"},"publishingPrinciples":"https:\/\/talkpal.ai\/publishing-principles\/","actionableFeedbackPolicy":"https:\/\/talkpal.ai\/actionable-feedback-policy\/","correctionsPolicy":"https:\/\/talkpal.ai\/corrections-policy\/","ethicsPolicy":"https:\/\/talkpal.ai\/ethics-policy\/","diversityPolicy":"https:\/\/talkpal.ai\/diversity-policy\/","diversityStaffingReport":"https:\/\/talkpal.ai\/diversity-policy\/"}]}},"_links":{"self":[{"href":"https:\/\/talkpal.ai\/fr\/wp-json\/wp\/v2\/pages\/74452","targetHints":{"allow":["GET"]}}],"collection":[{"href":"https:\/\/talkpal.ai\/fr\/wp-json\/wp\/v2\/pages"}],"about":[{"href":"https:\/\/talkpal.ai\/fr\/wp-json\/wp\/v2\/types\/page"}],"author":[{"embeddable":true,"href":"https:\/\/talkpal.ai\/fr\/wp-json\/wp\/v2\/users\/1"}],"replies":[{"embeddable":true,"href":"https:\/\/talkpal.ai\/fr\/wp-json\/wp\/v2\/comments?post=74452"}],"version-history":[{"count":0,"href":"https:\/\/talkpal.ai\/fr\/wp-json\/wp\/v2\/pages\/74452\/revisions"}],"wp:featuredmedia":[{"embeddable":true,"href":"https:\/\/talkpal.ai\/fr\/wp-json\/wp\/v2\/media\/11558"}],"wp:attachment":[{"href":"https:\/\/talkpal.ai\/fr\/wp-json\/wp\/v2\/media?parent=74452"}],"curies":[{"name":"wp","href":"https:\/\/api.w.org\/{rel}","templated":true}]}}