{"id":74376,"date":"2023-05-14T13:43:38","date_gmt":"2023-05-14T13:43:38","guid":{"rendered":"http:\/\/talkpal.ai\/grammaire-arabe\/"},"modified":"2025-05-21T11:48:47","modified_gmt":"2025-05-21T11:48:47","slug":"grammaire-arabe","status":"publish","type":"page","link":"https:\/\/talkpal.ai\/fr\/grammaire-arabe\/","title":{"rendered":"Grammaire arabe"},"content":{"rendered":"\r\n\r\n\r\n<section class=\"languageChallengeSection\">\r\n    <div class=\"languageInfoWrapper\">\r\n        \r\n        <h1>Grammaire arabe<\/h1>\r\n        <p>Am\u00e9liorez vos comp\u00e9tences en arabe en explorant les concepts grammaticaux essentiels et les explications claires, \u00e9tape par \u00e9tape. Ma\u00eetrisez d\u00e8s maintenant la <a href=\"https:\/\/talkpal.ai\/arabic-grammar\/\">grammaire arabe<\/a> et communiquez avec plus d&#039;aisance et de confiance !<\/p>\r\n\r\n                            <a class=\"getStartedHidden\" href=\"https:\/\/app.talkpal.ai\/fr\/signup?lng=\">Commencer<\/a>\r\n        \r\n    <\/div>\r\n\r\n    <figure>\r\n    <img decoding=\"async\" width=\"768\" height=\"768\" src=\"https:\/\/talkpal.ai\/wp-content\/uploads\/2023\/06\/arabic-768x768.png\" class=\"languageImage no-lazy\" alt=\"Default alt text\" fetchpriority=\"high\" sizes=\"(max-width: 768px) 150px, 768px\" srcset=\"https:\/\/talkpal.ai\/wp-content\/uploads\/2023\/06\/arabic-768x768.png 768w, https:\/\/talkpal.ai\/wp-content\/uploads\/2023\/06\/arabic-300x300.png 300w\" \/>\r\n    \r\n\r\n    <\/figure>\r\n\r\n            <a class=\"getStartedVisible\" href=\"https:\/\/app.talkpal.ai\/fr\/signup?lng=\">Commencer<\/a>\r\n    \r\n<\/section>\r\n        <section class=\"grammarSection\">\r\n            <div class=\"grammarLinks\">\r\n                <a href=\"https:\/\/talkpal.ai\/fr\/language\/adjectifs-grammaire-arabe\/\">Adjectifs <\/a><a href=\"https:\/\/talkpal.ai\/fr\/language\/adverbes-grammaire-arabe\/\">Adverbes <\/a><a href=\"https:\/\/talkpal.ai\/fr\/language\/articles-grammaire-arabe\/\">Articles <\/a><a href=\"https:\/\/talkpal.ai\/fr\/language\/articles-definis-et-indefinis-grammaire-arabe\/\">Articles d\u00e9finis et ind\u00e9finis <\/a><a href=\"https:\/\/talkpal.ai\/fr\/language\/comparaison-des-temps-grammaire-arabe\/\">Comparaison des temps <\/a><a href=\"https:\/\/talkpal.ai\/fr\/language\/idaafa-construction-genitive-grammaire-arabe\/\">Idaafa (construction g\u00e9nitive) <\/a><a href=\"https:\/\/talkpal.ai\/fr\/language\/noms-grammaire-arabe\/\">Noms <\/a><a href=\"https:\/\/talkpal.ai\/fr\/language\/phrases-nominales-et-verbales-grammaire-arabe\/\">Phrases nominales et verbales <\/a><a href=\"https:\/\/talkpal.ai\/fr\/language\/prepositions-grammaire-arabe\/\">Pr\u00e9positions <\/a><a href=\"https:\/\/talkpal.ai\/fr\/language\/pronoms-grammaire-arabe\/\">Pronoms <\/a><a href=\"https:\/\/talkpal.ai\/fr\/language\/structure-de-phrase-grammaire-arabe\/\">Structure de phrase <\/a><a href=\"https:\/\/talkpal.ai\/fr\/language\/sujet-et-predicat-grammaire-arabe\/\">Sujet et pr\u00e9dicat <\/a><a href=\"https:\/\/talkpal.ai\/fr\/language\/temps-indicatif-grammaire-arabe\/\">Temps Indicatif <\/a><a href=\"https:\/\/talkpal.ai\/fr\/language\/temps-subjonctif-grammaire-arabe\/\">Temps subjonctif <\/a><a href=\"https:\/\/talkpal.ai\/fr\/language\/verbes-grammaire-arabe\/\">Verbes <\/a>            <\/div>\r\n        <\/section>\r\n    <section class=\"promotionalBanner\">\r\n    <p class=\"promotionalText\">La fa\u00e7on la plus efficace d\u2019apprendre une langue<\/p>\r\n    <a class=\"promotionalLink\" href=\"https:\/\/app.talkpal.ai\/fr\/signup?lng=\">Essayez Talkpal gratuitement<\/a>\r\n<\/section>\n<div class=\"wp-block-group pageContainerStyle\"><div class=\"wp-block-group__inner-container is-layout-constrained wp-block-group-is-layout-constrained\">\n<h2 class=\"wp-block-heading\" id=\"h-the-intricacies-of-arabic-grammar-a-journey-through-its-roots-and-beauty\">Les subtilit\u00e9s de la grammaire arabe : un voyage \u00e0 travers ses racines et sa beaut\u00e9<\/h2>\n\n\n\n<p><strong>Vous souvenez-vous quand vous avez commenc\u00e9 \u00e0 apprendre la grammaire anglaise ?<\/strong>  Les r\u00e8gles, les exceptions et les terminologies apparemment sans <a href=\"https:\/\/talkpal.ai\/learn-finnish\/\">fin<\/a> vous ont peut-\u00eatre parfois laiss\u00e9 d\u00e9pass\u00e9. Si vous envisagez d&rsquo;apprendre la langue arabe, sachez qu&rsquo;elle poss\u00e8de \u00e9galement un syst\u00e8me grammatical unique et complexe. Nous allons donc faire un bref mais instructif voyage \u00e0 travers les racines et la beaut\u00e9 de la grammaire arabe.<\/p>\n\n\n\n<p>Pour <a href=\"https:\/\/talkpal.ai\/ko\/ai-%ec%96%b8%ec%96%b4-%ea%b5%90%ec%82%ac\/\">commencer<\/a>, \u00e9tablissons quelques <strong>diff\u00e9rences essentielles entre la grammaire arabe et la grammaire anglaise<\/strong>. En arabe, les mots sont divis\u00e9s en trois cat\u00e9gories : les noms, les verbes et les particules. Contrairement \u00e0 l\u2019anglais, les mots arabes suivent un syst\u00e8me racinaire, ce qui signifie que vous pouvez retracer le <a href=\"https:\/\/talkpal.ai\/locations\/language-courses-in-sens\/\">sens<\/a> principal d\u2019un mot en identifiant sa <a href=\"https:\/\/talkpal.ai\/locations\/language-courses-in-racine\/\">racine<\/a>. Ce syst\u00e8me racinaire conf\u00e8re \u00e0 l\u2019arabe un niveau exceptionnel de profondeur et de richesse. Une chose incroyable \u00e0 propos de la grammaire arabe est qu\u2019elle s\u2019appuie sur des mod\u00e8les, ce qui permet souvent aux locuteurs de cr\u00e9er de nouveaux mots en suivant certaines structures.<\/p>\n\n\n\n<p>Un autre aspect important de la <strong>grammaire arabe est qu&rsquo;il s&rsquo;agit d&rsquo;une langue sexu\u00e9e<\/strong>, ce qui signifie que les noms et les adjectifs ont des formes sp\u00e9cifiques \u00e0 chaque sexe. Saviez-vous que l\u2019arabe a m\u00eame une forme double en plus des formes singuli\u00e8res et plurielles ? C&rsquo;est vrai ! La forme double arabe est utilis\u00e9e pour indiquer les paires, telles que les yeux, les mains ou les parents. Cela ajoute une couche suppl\u00e9mentaire de sp\u00e9cificit\u00e9 qui manque \u00e0 la langue anglaise.<\/p>\n\n\n\n<p>Parlons maintenant de la <strong>conjugaison des verbes en arabe<\/strong>, qui est un monde \u00e0 part enti\u00e8re. Les verbes arabes sont bas\u00e9s sur un syst\u00e8me de racines, qui se composent g\u00e9n\u00e9ralement de trois consonnes principales. La racine d\u00e9termine le sens de base du verbe, et en ajoutant des mod\u00e8les de voyelles, vous cr\u00e9ez diff\u00e9rentes formes du verbe exprimant diff\u00e9rentes significations et temps. Par exemple, changer les voyelles d\u2019une racine peut changer le temps du pass\u00e9 au pr\u00e9sent, ou transformer un verbe actif en un verbe passif. Plut\u00f4t incroyable, non ?<\/p>\n\n\n\n<p>Un autre aspect fascinant de la grammaire arabe dont nous devons parler est la <strong>d\u00e9finition<\/strong>. En <a href=\"https:\/\/talkpal.ai\/learn-english-with-ai\/\">anglais<\/a>, nous utilisons le mot \u00ab\u00a0the\u00a0\u00bb pour indiquer qu&rsquo;un nom est d\u00e9fini. En arabe, ce concept est int\u00e9gr\u00e9 \u00e0 la langue par le biais d&rsquo;une petite particule appel\u00e9e \u00ab\u00a0Al-\u00a0\u00bb qui est ajout\u00e9e au d\u00e9but d&rsquo;un mot. Lorsqu&rsquo;un nom est pr\u00e9c\u00e9d\u00e9 de \u00ab\u00a0Al-\u00ab\u00a0, il devient d\u00e9fini sans aucun qualificatif suppl\u00e9mentaire. Ainsi, au lieu de dire \u00ab\u00a0la maison est grande\u00a0\u00bb en arabe, vous direz \u00ab\u00a0Al-baytu kabir\u00a0\u00bb, o\u00f9 \u00ab\u00a0Al-baytu\u00a0\u00bb signifie \u00ab\u00a0la maison\u00a0\u00bb.<\/p>\n\n\n\n<p><strong>L\u2019arabe conversationnel<\/strong> est plus dynamique et fluide que l\u2019arabe formel, comme c\u2019est le cas pour n\u2019importe quelle langue. Cependant, la ma\u00eetrise des principes de base de la grammaire arabe reste essentielle pour vraiment comprendre et appr\u00e9cier la langue. Une fois que vous aurez compris les mod\u00e8les de racines, les formes de genre et les conjugaisons des verbes, il deviendra beaucoup plus facile de reconna\u00eetre et d\u2019apprendre de nouveaux mots.<\/p>\n\n\n\n<p>L&rsquo;<strong>apprentissage de la grammaire arabe<\/strong> peut sembler intimidant au d\u00e9but, mais avec de la pers\u00e9v\u00e9rance et de l&rsquo;application, vous serez en mesure d&rsquo;appr\u00e9cier la beaut\u00e9 de cette langue complexe. Tout comme la r\u00e9solution d\u2019une \u00e9nigme complexe ou le d\u00e9chiffrement d\u2019un code crypt\u00e9, la r\u00e9compense r\u00e9side dans la satisfaction de percer les myst\u00e8res de la langue arabe et de s\u2019immerger dans sa riche culture, son histoire et sa litt\u00e9rature. Alors, qu\u2019attendez-vous ? Plongez dans le monde enchanteur de la grammaire arabe et d\u00e9couvrez sa v\u00e9ritable essence par vous-m\u00eame.<\/p>\n<\/div><\/div>\n\r\n<section class=\"learnNavigationSection\">\r\n            \r\n        <a href=\"https:\/\/talkpal.ai\/fr\/apprendre-larabe\/\">\r\n            <div class=\"learnNavigationWrapper\">\r\n                <div class=\"learnNavigationContent\">\r\n                    <img decoding=\"async\" src=\"https:\/\/talkpal.ai\/wp-content\/uploads\/2024\/08\/Arabic.jpg\" alt=\"Arabic Flag\">\r\n                    <div>\r\n                        <h4>A propos de l&#039;apprentissage de l&#039;arabe<\/h4>\r\n                        <p>Tout savoir sur la grammaire arabe.<\/p>\r\n                    <\/div>\r\n                <\/div>\r\n            <\/div>\r\n        <\/a>\r\n\r\n        \r\n        <a href=\"https:\/\/talkpal.ai\/fr\/exercices-de-grammaire-arabe\/\">\r\n            <div class=\"learnNavigationWrapper\">\r\n                <div class=\"learnNavigationContent\">\r\n                    <img decoding=\"async\" src=\"https:\/\/talkpal.ai\/wp-content\/uploads\/2024\/08\/Arabic.jpg\" alt=\"Arabic Flag\">\r\n                    <div>\r\n                        <h4>Exercice de grammaire arabe<\/h4>\r\n                        <p>Pratiquez la grammaire arabe.<\/p>\r\n                    <\/div>\r\n                <\/div>\r\n            <\/div>\r\n        <\/a>\r\n\r\n        \r\n        <a href=\"https:\/\/talkpal.ai\/vocabulary_language\/arabic\/\">\r\n            <div class=\"learnNavigationWrapper\">\r\n                <div class=\"learnNavigationContent\">\r\n                    <img decoding=\"async\" src=\"https:\/\/talkpal.ai\/wp-content\/uploads\/2024\/08\/Arabic.jpg\" alt=\"Arabic Flag\">\r\n                    <div>\r\n                        <h4>Vocabulaire arabe<\/h4>\r\n                        <p>\u00c9largissez votre vocabulaire arabe.<\/p>\r\n                    <\/div>\r\n                <\/div>\r\n            <\/div>\r\n        <\/a>\r\n\r\n            <\/section>","protected":false},"excerpt":{"rendered":"<p>Les subtilit\u00e9s de la grammaire arabe : un voyage \u00e0 travers ses racines et sa beaut\u00e9 Vous souvenez-vous quand vous avez commenc\u00e9 \u00e0 apprendre la grammaire anglaise ? Les r\u00e8gles, les exceptions et les terminologies apparemment sans fin vous ont peut-\u00eatre parfois laiss\u00e9 d\u00e9pass\u00e9. Si vous envisagez d&rsquo;apprendre la langue arabe, sachez qu&rsquo;elle poss\u00e8de \u00e9galement [&hellip;]<\/p>\n","protected":false},"author":1,"featured_media":11551,"parent":0,"menu_order":0,"comment_status":"closed","ping_status":"closed","template":"LearningContentPage.php","meta":{"_acf_changed":false,"footnotes":""},"class_list":["post-74376","page","type-page","status-publish","has-post-thumbnail","hentry"],"acf":[],"yoast_head":"<!-- This site is optimized with the Yoast SEO Premium plugin v27.2 (Yoast SEO v27.2) - https:\/\/yoast.com\/product\/yoast-seo-premium-wordpress\/ -->\n<title>Grammaire arabe - Talkpal<\/title>\n<meta name=\"description\" content=\"Explorez les subtilit\u00e9s de la grammaire arabe et d\u00e9couvrez sa structure unique par rapport \u00e0 la grammaire anglaise.\" \/>\n<meta name=\"robots\" content=\"index, follow, max-snippet:-1, max-image-preview:large, max-video-preview:-1\" \/>\n<link rel=\"canonical\" href=\"https:\/\/talkpal.ai\/fr\/grammaire-arabe\/\" \/>\n<meta property=\"og:locale\" content=\"fr_FR\" \/>\n<meta property=\"og:type\" content=\"article\" \/>\n<meta property=\"og:title\" content=\"Grammaire arabe\" \/>\n<meta property=\"og:description\" content=\"Les subtilit\u00e9s de la grammaire arabe : un voyage \u00e0 travers ses racines et sa beaut\u00e9 Vous souvenez-vous quand vous avez commenc\u00e9 \u00e0 apprendre la grammaire\" \/>\n<meta property=\"og:url\" content=\"https:\/\/talkpal.ai\/fr\/grammaire-arabe\/\" \/>\n<meta property=\"og:site_name\" content=\"Talkpal\" \/>\n<meta property=\"article:publisher\" content=\"https:\/\/www.facebook.com\/profile.php?id=100090733639311\" \/>\n<meta property=\"article:modified_time\" content=\"2025-05-21T11:48:47+00:00\" \/>\n<meta property=\"og:image\" content=\"https:\/\/talkpal.ai\/wp-content\/uploads\/2023\/04\/arabic-united-arab-emirates.png\" \/>\n\t<meta property=\"og:image:width\" content=\"512\" \/>\n\t<meta property=\"og:image:height\" content=\"512\" \/>\n\t<meta property=\"og:image:type\" content=\"image\/png\" \/>\n<meta name=\"twitter:card\" content=\"summary_large_image\" \/>\n<meta name=\"twitter:site\" content=\"@talkpalai\" \/>\n<meta name=\"twitter:label1\" content=\"Dur\u00e9e de lecture estim\u00e9e\" \/>\n\t<meta name=\"twitter:data1\" content=\"3 minutes\" \/>\n<script type=\"application\/ld+json\" class=\"yoast-schema-graph\">{\"@context\":\"https:\/\/schema.org\",\"@graph\":[{\"@type\":\"WebPage\",\"@id\":\"https:\/\/talkpal.ai\/fr\/grammaire-arabe\/\",\"url\":\"https:\/\/talkpal.ai\/fr\/grammaire-arabe\/\",\"name\":\"Grammaire arabe - Talkpal\",\"isPartOf\":{\"@id\":\"https:\/\/talkpal.ai\/fr\/#website\"},\"primaryImageOfPage\":{\"@id\":\"https:\/\/talkpal.ai\/fr\/grammaire-arabe\/#primaryimage\"},\"image\":{\"@id\":\"https:\/\/talkpal.ai\/fr\/grammaire-arabe\/#primaryimage\"},\"thumbnailUrl\":\"https:\/\/talkpal.ai\/wp-content\/uploads\/2023\/04\/arabic-united-arab-emirates.png\",\"datePublished\":\"2023-05-14T13:43:38+00:00\",\"dateModified\":\"2025-05-21T11:48:47+00:00\",\"description\":\"Explorez les subtilit\u00e9s de la grammaire arabe et d\u00e9couvrez sa structure unique par rapport \u00e0 la grammaire anglaise.\",\"breadcrumb\":{\"@id\":\"https:\/\/talkpal.ai\/fr\/grammaire-arabe\/#breadcrumb\"},\"inLanguage\":\"fr-FR\",\"potentialAction\":[{\"@type\":\"ReadAction\",\"target\":[\"https:\/\/talkpal.ai\/fr\/grammaire-arabe\/\"]}]},{\"@type\":\"ImageObject\",\"inLanguage\":\"fr-FR\",\"@id\":\"https:\/\/talkpal.ai\/fr\/grammaire-arabe\/#primaryimage\",\"url\":\"https:\/\/talkpal.ai\/wp-content\/uploads\/2023\/04\/arabic-united-arab-emirates.png\",\"contentUrl\":\"https:\/\/talkpal.ai\/wp-content\/uploads\/2023\/04\/arabic-united-arab-emirates.png\",\"width\":512,\"height\":512},{\"@type\":\"BreadcrumbList\",\"@id\":\"https:\/\/talkpal.ai\/fr\/grammaire-arabe\/#breadcrumb\",\"itemListElement\":[{\"@type\":\"ListItem\",\"position\":1,\"name\":\"Homepage\",\"item\":\"https:\/\/talkpal.ai\/fr\/\"},{\"@type\":\"ListItem\",\"position\":2,\"name\":\"Grammaire arabe\"}]},{\"@type\":\"WebSite\",\"@id\":\"https:\/\/talkpal.ai\/fr\/#website\",\"url\":\"https:\/\/talkpal.ai\/fr\/\",\"name\":\"Talkpal\",\"description\":\"AI Language Learning\",\"publisher\":{\"@id\":\"https:\/\/talkpal.ai\/fr\/#organization\"},\"alternateName\":\"Talkpal AI\",\"potentialAction\":[{\"@type\":\"SearchAction\",\"target\":{\"@type\":\"EntryPoint\",\"urlTemplate\":\"https:\/\/talkpal.ai\/fr\/?s={search_term_string}\"},\"query-input\":{\"@type\":\"PropertyValueSpecification\",\"valueRequired\":true,\"valueName\":\"search_term_string\"}}],\"inLanguage\":\"fr-FR\"},{\"@type\":\"Organization\",\"@id\":\"https:\/\/talkpal.ai\/fr\/#organization\",\"name\":\"Talkpal, Inc.\",\"alternateName\":\"Talkpal AI\",\"url\":\"https:\/\/talkpal.ai\/fr\/\",\"logo\":{\"@type\":\"ImageObject\",\"inLanguage\":\"fr-FR\",\"@id\":\"https:\/\/talkpal.ai\/fr\/#\/schema\/logo\/image\/\",\"url\":\"https:\/\/talkpal.ai\/wp-content\/uploads\/2024\/03\/Talkpal-Logo-Icon.png\",\"contentUrl\":\"https:\/\/talkpal.ai\/wp-content\/uploads\/2024\/03\/Talkpal-Logo-Icon.png\",\"width\":2880,\"height\":2880,\"caption\":\"Talkpal, Inc.\"},\"image\":{\"@id\":\"https:\/\/talkpal.ai\/fr\/#\/schema\/logo\/image\/\"},\"sameAs\":[\"https:\/\/www.facebook.com\/profile.php?id=100090733639311\",\"https:\/\/x.com\/talkpalai\",\"https:\/\/www.linkedin.com\/company\/talkpal\/\",\"https:\/\/www.youtube.com\/@TalkPal\/\",\"https:\/\/www.tiktok.com\/@talkpal\",\"https:\/\/www.instagram.com\/talkpal_ai\/\",\"https:\/\/www.crunchbase.com\/organization\/talkpal-9cde\",\"https:\/\/www.g2.com\/products\/talkpal-for-business\/\",\"https:\/\/www.trustpilot.com\/review\/talkpal.ai\",\"https:\/\/www.capterra.com\/p\/10006800\/TalkPal\/\"],\"description\":\"Talkpal is a language learning web and mobile education app, powered by the latest AI technologies, that provides engaging experiences to its customers in many different languages to help them improve their language skills. Users can chat about unlimited amount of topics with the app and use other modes to practice their language learning.\",\"email\":\"support@talkpal.ai\",\"legalName\":\"Talkpal, Inc.\",\"foundingDate\":\"2023-04-03\",\"duns\":\"118989042\",\"numberOfEmployees\":{\"@type\":\"QuantitativeValue\",\"minValue\":\"11\",\"maxValue\":\"50\"},\"publishingPrinciples\":\"https:\/\/talkpal.ai\/publishing-principles\/\",\"actionableFeedbackPolicy\":\"https:\/\/talkpal.ai\/actionable-feedback-policy\/\",\"correctionsPolicy\":\"https:\/\/talkpal.ai\/corrections-policy\/\",\"ethicsPolicy\":\"https:\/\/talkpal.ai\/ethics-policy\/\",\"diversityPolicy\":\"https:\/\/talkpal.ai\/diversity-policy\/\",\"diversityStaffingReport\":\"https:\/\/talkpal.ai\/diversity-policy\/\"}]}<\/script>\n<!-- \/ Yoast SEO Premium plugin. -->","yoast_head_json":{"title":"Grammaire arabe - Talkpal","description":"Explorez les subtilit\u00e9s de la grammaire arabe et d\u00e9couvrez sa structure unique par rapport \u00e0 la grammaire anglaise.","robots":{"index":"index","follow":"follow","max-snippet":"max-snippet:-1","max-image-preview":"max-image-preview:large","max-video-preview":"max-video-preview:-1"},"canonical":"https:\/\/talkpal.ai\/fr\/grammaire-arabe\/","og_locale":"fr_FR","og_type":"article","og_title":"Grammaire arabe","og_description":"Les subtilit\u00e9s de la grammaire arabe : un voyage \u00e0 travers ses racines et sa beaut\u00e9 Vous souvenez-vous quand vous avez commenc\u00e9 \u00e0 apprendre la grammaire","og_url":"https:\/\/talkpal.ai\/fr\/grammaire-arabe\/","og_site_name":"Talkpal","article_publisher":"https:\/\/www.facebook.com\/profile.php?id=100090733639311","article_modified_time":"2025-05-21T11:48:47+00:00","og_image":[{"width":512,"height":512,"url":"https:\/\/talkpal.ai\/wp-content\/uploads\/2023\/04\/arabic-united-arab-emirates.png","type":"image\/png"}],"twitter_card":"summary_large_image","twitter_site":"@talkpalai","twitter_misc":{"Dur\u00e9e de lecture estim\u00e9e":"3 minutes"},"schema":{"@context":"https:\/\/schema.org","@graph":[{"@type":"WebPage","@id":"https:\/\/talkpal.ai\/fr\/grammaire-arabe\/","url":"https:\/\/talkpal.ai\/fr\/grammaire-arabe\/","name":"Grammaire arabe - Talkpal","isPartOf":{"@id":"https:\/\/talkpal.ai\/fr\/#website"},"primaryImageOfPage":{"@id":"https:\/\/talkpal.ai\/fr\/grammaire-arabe\/#primaryimage"},"image":{"@id":"https:\/\/talkpal.ai\/fr\/grammaire-arabe\/#primaryimage"},"thumbnailUrl":"https:\/\/talkpal.ai\/wp-content\/uploads\/2023\/04\/arabic-united-arab-emirates.png","datePublished":"2023-05-14T13:43:38+00:00","dateModified":"2025-05-21T11:48:47+00:00","description":"Explorez les subtilit\u00e9s de la grammaire arabe et d\u00e9couvrez sa structure unique par rapport \u00e0 la grammaire anglaise.","breadcrumb":{"@id":"https:\/\/talkpal.ai\/fr\/grammaire-arabe\/#breadcrumb"},"inLanguage":"fr-FR","potentialAction":[{"@type":"ReadAction","target":["https:\/\/talkpal.ai\/fr\/grammaire-arabe\/"]}]},{"@type":"ImageObject","inLanguage":"fr-FR","@id":"https:\/\/talkpal.ai\/fr\/grammaire-arabe\/#primaryimage","url":"https:\/\/talkpal.ai\/wp-content\/uploads\/2023\/04\/arabic-united-arab-emirates.png","contentUrl":"https:\/\/talkpal.ai\/wp-content\/uploads\/2023\/04\/arabic-united-arab-emirates.png","width":512,"height":512},{"@type":"BreadcrumbList","@id":"https:\/\/talkpal.ai\/fr\/grammaire-arabe\/#breadcrumb","itemListElement":[{"@type":"ListItem","position":1,"name":"Homepage","item":"https:\/\/talkpal.ai\/fr\/"},{"@type":"ListItem","position":2,"name":"Grammaire arabe"}]},{"@type":"WebSite","@id":"https:\/\/talkpal.ai\/fr\/#website","url":"https:\/\/talkpal.ai\/fr\/","name":"Talkpal","description":"AI Language Learning","publisher":{"@id":"https:\/\/talkpal.ai\/fr\/#organization"},"alternateName":"Talkpal AI","potentialAction":[{"@type":"SearchAction","target":{"@type":"EntryPoint","urlTemplate":"https:\/\/talkpal.ai\/fr\/?s={search_term_string}"},"query-input":{"@type":"PropertyValueSpecification","valueRequired":true,"valueName":"search_term_string"}}],"inLanguage":"fr-FR"},{"@type":"Organization","@id":"https:\/\/talkpal.ai\/fr\/#organization","name":"Talkpal, Inc.","alternateName":"Talkpal AI","url":"https:\/\/talkpal.ai\/fr\/","logo":{"@type":"ImageObject","inLanguage":"fr-FR","@id":"https:\/\/talkpal.ai\/fr\/#\/schema\/logo\/image\/","url":"https:\/\/talkpal.ai\/wp-content\/uploads\/2024\/03\/Talkpal-Logo-Icon.png","contentUrl":"https:\/\/talkpal.ai\/wp-content\/uploads\/2024\/03\/Talkpal-Logo-Icon.png","width":2880,"height":2880,"caption":"Talkpal, Inc."},"image":{"@id":"https:\/\/talkpal.ai\/fr\/#\/schema\/logo\/image\/"},"sameAs":["https:\/\/www.facebook.com\/profile.php?id=100090733639311","https:\/\/x.com\/talkpalai","https:\/\/www.linkedin.com\/company\/talkpal\/","https:\/\/www.youtube.com\/@TalkPal\/","https:\/\/www.tiktok.com\/@talkpal","https:\/\/www.instagram.com\/talkpal_ai\/","https:\/\/www.crunchbase.com\/organization\/talkpal-9cde","https:\/\/www.g2.com\/products\/talkpal-for-business\/","https:\/\/www.trustpilot.com\/review\/talkpal.ai","https:\/\/www.capterra.com\/p\/10006800\/TalkPal\/"],"description":"Talkpal is a language learning web and mobile education app, powered by the latest AI technologies, that provides engaging experiences to its customers in many different languages to help them improve their language skills. Users can chat about unlimited amount of topics with the app and use other modes to practice their language learning.","email":"support@talkpal.ai","legalName":"Talkpal, Inc.","foundingDate":"2023-04-03","duns":"118989042","numberOfEmployees":{"@type":"QuantitativeValue","minValue":"11","maxValue":"50"},"publishingPrinciples":"https:\/\/talkpal.ai\/publishing-principles\/","actionableFeedbackPolicy":"https:\/\/talkpal.ai\/actionable-feedback-policy\/","correctionsPolicy":"https:\/\/talkpal.ai\/corrections-policy\/","ethicsPolicy":"https:\/\/talkpal.ai\/ethics-policy\/","diversityPolicy":"https:\/\/talkpal.ai\/diversity-policy\/","diversityStaffingReport":"https:\/\/talkpal.ai\/diversity-policy\/"}]}},"_links":{"self":[{"href":"https:\/\/talkpal.ai\/fr\/wp-json\/wp\/v2\/pages\/74376","targetHints":{"allow":["GET"]}}],"collection":[{"href":"https:\/\/talkpal.ai\/fr\/wp-json\/wp\/v2\/pages"}],"about":[{"href":"https:\/\/talkpal.ai\/fr\/wp-json\/wp\/v2\/types\/page"}],"author":[{"embeddable":true,"href":"https:\/\/talkpal.ai\/fr\/wp-json\/wp\/v2\/users\/1"}],"replies":[{"embeddable":true,"href":"https:\/\/talkpal.ai\/fr\/wp-json\/wp\/v2\/comments?post=74376"}],"version-history":[{"count":0,"href":"https:\/\/talkpal.ai\/fr\/wp-json\/wp\/v2\/pages\/74376\/revisions"}],"wp:featuredmedia":[{"embeddable":true,"href":"https:\/\/talkpal.ai\/fr\/wp-json\/wp\/v2\/media\/11551"}],"wp:attachment":[{"href":"https:\/\/talkpal.ai\/fr\/wp-json\/wp\/v2\/media?parent=74376"}],"curies":[{"name":"wp","href":"https:\/\/api.w.org\/{rel}","templated":true}]}}