{"id":74366,"date":"2023-05-14T13:51:09","date_gmt":"2023-05-14T13:51:09","guid":{"rendered":"http:\/\/talkpal.ai\/grammaire-japonaise\/"},"modified":"2025-12-11T16:44:26","modified_gmt":"2025-12-11T16:44:26","slug":"grammaire-japonaise","status":"publish","type":"page","link":"https:\/\/talkpal.ai\/fr\/grammaire-japonaise\/","title":{"rendered":"Grammaire japonaise"},"content":{"rendered":"\r\n\r\n\r\n<section class=\"languageChallengeSection\">\r\n    <div class=\"languageInfoWrapper\">\r\n        \r\n        <h1>Grammaire japonaise<\/h1>\r\n        <p>Am\u00e9liorez vos comp\u00e9tences en langue japonaise en ma\u00eetrisant les points de grammaire essentiels \u00e0 l&#039;aide d&#039;explications et d&#039;exemples clairs. Commencez votre voyage vers la fluidit\u00e9 &#8211; plongez dans la <a href=\"https:\/\/talkpal.ai\/es\/gramatica-japonesa\/\">grammaire japonaise<\/a> d\u00e8s aujourd&#039;hui !<\/p>\r\n\r\n                            <a class=\"getStartedHidden\" href=\"https:\/\/app.talkpal.ai\/fr\/signup?lng=\">Commencer<\/a>\r\n        \r\n    <\/div>\r\n\r\n    <figure>\r\n    <img decoding=\"async\" width=\"768\" height=\"768\" src=\"https:\/\/talkpal.ai\/wp-content\/uploads\/2023\/06\/japanese-768x768.png\" class=\"languageImage no-lazy\" alt=\"Default alt text\" fetchpriority=\"high\" sizes=\"(max-width: 768px) 150px, 768px\" srcset=\"https:\/\/talkpal.ai\/wp-content\/uploads\/2023\/06\/japanese-768x768.png 768w, https:\/\/talkpal.ai\/wp-content\/uploads\/2023\/06\/japanese-300x300.png 300w\" \/>\r\n    \r\n\r\n    <\/figure>\r\n\r\n            <a class=\"getStartedVisible\" href=\"https:\/\/app.talkpal.ai\/fr\/signup?lng=\">Commencer<\/a>\r\n    \r\n<\/section>\r\n        <section class=\"grammarSection\">\r\n            <div class=\"grammarLinks\">\r\n                <a href=\"https:\/\/talkpal.ai\/fr\/language\/adjectifs-grammaire-japonaise\/\">Adjectifs <\/a><a href=\"https:\/\/talkpal.ai\/fr\/language\/adverbes-grammaire-japonaise\/\">Adverbes <\/a><a href=\"https:\/\/talkpal.ai\/fr\/language\/conjonctions-grammaire-japonaise\/\">Conjonctions <\/a><a href=\"https:\/\/talkpal.ai\/fr\/language\/conjugaison-des-verbes-grammaire-japonaise\/\">Conjugaison des verbes <\/a><a href=\"https:\/\/talkpal.ai\/fr\/language\/expressions-grammaire-japonaise\/\">Expressions <\/a><a href=\"https:\/\/talkpal.ai\/fr\/language\/nombres-grammaire-japonaise\/\">Nombres <\/a><a href=\"https:\/\/talkpal.ai\/fr\/language\/noms-grammaire-japonaise\/\">Noms <\/a><a href=\"https:\/\/talkpal.ai\/fr\/language\/particules-grammaire-japonaise\/\">Particules <\/a><a href=\"https:\/\/talkpal.ai\/fr\/language\/prepositions-grammaire-japonaise\/\">Pr\u00e9positions <\/a><a href=\"https:\/\/talkpal.ai\/fr\/language\/pronoms-grammaire-japonaise\/\">Pronoms <\/a><a href=\"https:\/\/talkpal.ai\/fr\/language\/structure-de-phrase-grammaire-japonaise\/\">Structure de phrase <\/a><a href=\"https:\/\/talkpal.ai\/fr\/language\/temps-grammaire-japonaise\/\">Temps <\/a><a href=\"https:\/\/talkpal.ai\/fr\/language\/titres-honorifiques-grammaire-japonaise\/\">Titres honorifiques <\/a><a href=\"https:\/\/talkpal.ai\/fr\/language\/verbes-grammaire-japonaise\/\">Verbes <\/a>            <\/div>\r\n        <\/section>\r\n    <section class=\"promotionalBanner\">\r\n    <p class=\"promotionalText\">La fa\u00e7on la plus efficace d\u2019apprendre une langue<\/p>\r\n    <a class=\"promotionalLink\" href=\"https:\/\/app.talkpal.ai\/fr\/signup?lng=\">Essayez Talkpal gratuitement<\/a>\r\n<\/section>\n<div class=\"wp-block-group pageContainerStyle\"><div class=\"wp-block-group__inner-container is-layout-constrained wp-block-group-is-layout-constrained\">\n<h2 class=\"wp-block-heading\" id=\"h-mastering-the-intricacies-of-japanese-grammar\">Ma\u00eetriser les subtilit\u00e9s de la grammaire japonaise<\/h2>\n\n\n\n<p>Les amateurs de linguistique trouvent souvent que le <a href=\"https:\/\/talkpal.ai\/learn-japanese\/\">japonais<\/a> est une langue fascinante et difficile \u00e0 apprendre, en grande partie en raison de son syst\u00e8me grammatical unique. Malgr\u00e9 cela, la compr\u00e9hension de la grammaire japonaise peut am\u00e9liorer consid\u00e9rablement vos comp\u00e9tences en communication et votre compr\u00e9hension culturelle. Dans cet article, nous aborderons plusieurs aspects essentiels de la grammaire japonaise pour vous aider dans votre parcours d\u2019apprentissage des langues. Alors, attachez votre ceinture et plongeons dans le monde captivant de la grammaire japonaise.<\/p>\n\n\n\n<h3 class=\"wp-block-heading\" id=\"h-1-sentence-structure-sov\">1. Structure de la phrase : SOV<\/h3>\n\n\n\n<p>Contrairement \u00e0 l&rsquo;anglais (sujet &#8211; verbe &#8211; objet ou SVO), le japonais suit une structure de phrase sujet &#8211; objet &#8211; verbe (SOV). Cela signifie que le verbe vient g\u00e9n\u00e9ralement en dernier dans une phrase. Ma\u00eetriser cet ordre de mots unique est essentiel pour former des phrases compr\u00e9hensibles en japonais.<\/p>\n\n\n\n<p>Exemple :  <\/p>\n\n\n\n<p>&#8211; \u308f\u305f\u3057\u306f\u308a\u3093\u3054\u3092\u305f\u3079\u307e\u3059\u3002 (Je mange une pomme)<\/p>\n\n\n\n<p>&#8211; Watashi wa ringo o tabemasu. (lit. Je mange une pomme)<\/p>\n\n\n\n<h3 class=\"wp-block-heading\" id=\"h-2-particles-the-sentence-connectors\">2. Particules : les connecteurs de phrases<\/h3>\n\n\n\n<p>Les particules jouent un r\u00f4le crucial dans la grammaire japonaise en marquant la fonction d&rsquo;un mot dans une phrase. Les particules les plus courantes sont \u306f (wa), \u3092 (o), \u304c (ga), \u3067 (de) et \u306b (ni). En comprenant le fonctionnement de ces particules, vous d\u00e9couvrirez que le d\u00e9chiffrage et la construction de phrases japonaises deviennent beaucoup plus faciles \u00e0 g\u00e9rer.<\/p>\n\n\n\n<h3 class=\"wp-block-heading\" id=\"h-3-verbs-an-introduction-to-conjugation\">3. Les verbes : une introduction \u00e0 la conjugaison<\/h3>\n\n\n\n<p>Les verbes japonais se r\u00e9partissent en trois groupes principaux, identifi\u00e9s par la terminaison de leur forme de base. Ces groupes sont pris en compte lors de la conjugaison du <a href=\"https:\/\/talkpal.ai\/zh-hans\/grammar_exercises\/temps-%e6%b3%95%e8%af%ad%e8%af%ad%e6%b3%95%e7%bb%83%e4%b9%a0\/\">temps<\/a>, de la politesse et de l\u2019humeur. La bonne nouvelle est que les verbes japonais ne changent pas en fonction du sujet, ce qui les rend moins complexes que ceux de certaines autres langues.<\/p>\n\n\n\n<p>&#8211; Groupe 1 : Verbes en U<\/p>\n\n\n\n<p>&#8211; Groupe 2 : Verbes Ru<\/p>\n\n\n\n<p>&#8211; Groupe 3 : <a href=\"https:\/\/talkpal.ai\/ar\/grammar_exercises\/verbes-irreguliers-%d8%aa%d9%85%d8%a7%d8%b1%d9%8a%d9%86-%d9%84%d9%84%d9%82%d9%88%d8%a7%d8%b9%d8%af-%d8%a7%d9%84%d9%81%d8%b1%d9%86%d8%b3%d9%8a%d8%a9\/\">Verbes irr\u00e9guliers<\/a> (seulement deux verbes &#8211; \u3059\u308b (suru) et \u6765\u308b (kuru))<\/p>\n\n\n\n<h3 class=\"wp-block-heading\" id=\"h-4-politeness-levels\">4. Niveaux de politesse<\/h3>\n\n\n\n<p>Le japonais est une langue riche en politesses et sa grammaire en est le reflet. Il existe trois niveaux de politesse principaux : d\u00e9contract\u00e9, poli et honorifique. Il est essentiel de les reconna\u00eetre et de les utiliser de mani\u00e8re appropri\u00e9e pour une communication naturelle et respectueuse.<\/p>\n\n\n\n<p>&#8211; Casual : formes verbales simples (par exemple, \u98df\u3079\u308b &#8211; taberu &#8211; manger)<\/p>\n\n\n\n<p>&#8211; Politesse : \u307e\u3059 (masu) conjugaison (par exemple, \u98df\u3079\u307e\u3059 &#8211; tabemasu &#8211; manger (poliment))<\/p>\n\n\n\n<p>&#8211; Honorifique : conjugaisons et pr\u00e9fixes sp\u00e9ciaux (par exemple, \u304a\u53ec\u3057\u4e0a\u304c\u308a\u306b\u306a\u308b &#8211; omeshiagari ni naru &#8211; manger (honorifique))<\/p>\n\n\n\n<h3 class=\"wp-block-heading\" id=\"h-5-japanese-adjectives\">5. Adjectifs japonais<\/h3>\n\n\n\n<p>Il existe deux types d\u2019adjectifs japonais : les adjectifs en i et les adjectifs en na. Les deux types ont des r\u00e8gles de conjugaison uniques et interagissent diff\u00e9remment avec les noms. La ma\u00eetrise de l\u2019utilisation de ces deux types d\u2019adjectifs est essentielle pour une communication efficace en japonais.<\/p>\n\n\n\n<h3 class=\"wp-block-heading\" id=\"h-6-engaging-with-the-language\">6. S&rsquo;engager dans la langue<\/h3>\n\n\n\n<p>L\u2019un des moyens les plus efficaces d\u2019apprendre la grammaire japonaise est de s\u2019engager de mani\u00e8re coh\u00e9rente dans la langue. Qu\u2019il s\u2019agisse de regarder des films et des anime japonais ou de participer \u00e0 des \u00e9changes de conversation avec des locuteurs natifs, vous immerger dans la langue vous aidera \u00e0 solidifier les concepts grammaticaux et \u00e0 \u00e9largir votre vocabulaire.<\/p>\n\n\n\n<h3 class=\"wp-block-heading\" id=\"h-conclusion\">Conclusion<\/h3>\n\n\n\n<p>Bien que la grammaire japonaise puisse para\u00eetre insurmontable au d\u00e9but, avec de l&rsquo;assiduit\u00e9 et du temps, vous parviendrez \u00e0 en ma\u00eetriser les complexit\u00e9s avec aisance. La cl\u00e9 est de rester curieux et de pratiquer r\u00e9guli\u00e8rement. <a href=\"https:\/\/talkpal.ai\/culture\/how-do-i-wish-someone-good-luck-in-french\/\">Bonne chance<\/a> dans votre voyage vers la ma\u00eetrise de la grammaire japonaise, et profitez de l\u2019aventure linguistique !<\/p>\n<\/div><\/div>\n\r\n<section class=\"learnNavigationSection\">\r\n            \r\n        <a href=\"https:\/\/talkpal.ai\/fr\/apprendre-le-japonais\/\">\r\n            <div class=\"learnNavigationWrapper\">\r\n                <div class=\"learnNavigationContent\">\r\n                    <img decoding=\"async\" src=\"https:\/\/talkpal.ai\/wp-content\/uploads\/2024\/08\/Japanese.jpg\" alt=\"Japanese Flag\">\r\n                    <div>\r\n                        <h4>A propos de l&#039;apprentissage du japonais<\/h4>\r\n                        <p>Tout savoir sur la grammaire japonaise.<\/p>\r\n                    <\/div>\r\n                <\/div>\r\n            <\/div>\r\n        <\/a>\r\n\r\n        \r\n        <a href=\"https:\/\/talkpal.ai\/fr\/exercices-de-grammaire-japonaise\/\">\r\n            <div class=\"learnNavigationWrapper\">\r\n                <div class=\"learnNavigationContent\">\r\n                    <img decoding=\"async\" src=\"https:\/\/talkpal.ai\/wp-content\/uploads\/2024\/08\/Japanese.jpg\" alt=\"Japanese Flag\">\r\n                    <div>\r\n                        <h4>Exercice de grammaire japonaise<\/h4>\r\n                        <p>Pratiquez la grammaire japonaise.<\/p>\r\n                    <\/div>\r\n                <\/div>\r\n            <\/div>\r\n        <\/a>\r\n\r\n        \r\n        <a href=\"https:\/\/talkpal.ai\/vocabulary_language\/japanese\/\">\r\n            <div class=\"learnNavigationWrapper\">\r\n                <div class=\"learnNavigationContent\">\r\n                    <img decoding=\"async\" src=\"https:\/\/talkpal.ai\/wp-content\/uploads\/2024\/08\/Japanese.jpg\" alt=\"Japanese Flag\">\r\n                    <div>\r\n                        <h4>Vocabulaire japonais<\/h4>\r\n                        <p>\u00c9largissez votre vocabulaire japonais.<\/p>\r\n                    <\/div>\r\n                <\/div>\r\n            <\/div>\r\n        <\/a>\r\n\r\n            <\/section>","protected":false},"excerpt":{"rendered":"<p>Ma\u00eetriser les subtilit\u00e9s de la grammaire japonaise Les amateurs de linguistique trouvent souvent que le japonais est une langue fascinante et difficile \u00e0 apprendre, en grande partie en raison de son syst\u00e8me grammatical unique. Malgr\u00e9 cela, la compr\u00e9hension de la grammaire japonaise peut am\u00e9liorer consid\u00e9rablement vos comp\u00e9tences en communication et votre compr\u00e9hension culturelle. Dans cet [&hellip;]<\/p>\n","protected":false},"author":1,"featured_media":11579,"parent":0,"menu_order":0,"comment_status":"closed","ping_status":"closed","template":"LearningContentPage.php","meta":{"_acf_changed":false,"footnotes":""},"class_list":["post-74366","page","type-page","status-publish","has-post-thumbnail","hentry"],"acf":[],"yoast_head":"<!-- This site is optimized with the Yoast SEO Premium plugin v27.2 (Yoast SEO v27.2) - https:\/\/yoast.com\/product\/yoast-seo-premium-wordpress\/ -->\n<title>Grammaire japonaise - Talkpal<\/title>\n<meta name=\"description\" content=\"Ma\u00eetrisez la grammaire japonaise gr\u00e2ce \u00e0 notre application d&#039;apprentissage des langues par l&#039;IA. Am\u00e9liorez facilement vos comp\u00e9tences linguistiques gr\u00e2ce \u00e0 l&#039;aide de l&#039;IA de Talkpalgr\u00e2ce \u00e0 l&#039;aide de l&#039;IA.\" \/>\n<meta name=\"robots\" content=\"index, follow, max-snippet:-1, max-image-preview:large, max-video-preview:-1\" \/>\n<link rel=\"canonical\" href=\"https:\/\/talkpal.ai\/fr\/grammaire-japonaise\/\" \/>\n<meta property=\"og:locale\" content=\"fr_FR\" \/>\n<meta property=\"og:type\" content=\"article\" \/>\n<meta property=\"og:title\" content=\"Grammaire japonaise\" \/>\n<meta property=\"og:description\" content=\"Ma\u00eetriser les subtilit\u00e9s de la grammaire japonaise Les amateurs de linguistique trouvent souvent que le japonais est une langue fascinante et difficile \u00e0\" \/>\n<meta property=\"og:url\" content=\"https:\/\/talkpal.ai\/fr\/grammaire-japonaise\/\" \/>\n<meta property=\"og:site_name\" content=\"Talkpal\" \/>\n<meta property=\"article:publisher\" content=\"https:\/\/www.facebook.com\/profile.php?id=100090733639311\" \/>\n<meta property=\"article:modified_time\" content=\"2025-12-11T16:44:26+00:00\" \/>\n<meta property=\"og:image\" content=\"https:\/\/talkpal.ai\/wp-content\/uploads\/2023\/04\/japan.png\" \/>\n\t<meta property=\"og:image:width\" content=\"512\" \/>\n\t<meta property=\"og:image:height\" content=\"512\" \/>\n\t<meta property=\"og:image:type\" content=\"image\/png\" \/>\n<meta name=\"twitter:card\" content=\"summary_large_image\" \/>\n<meta name=\"twitter:site\" content=\"@talkpalai\" \/>\n<meta name=\"twitter:label1\" content=\"Dur\u00e9e de lecture estim\u00e9e\" \/>\n\t<meta name=\"twitter:data1\" content=\"3 minutes\" \/>\n<script type=\"application\/ld+json\" class=\"yoast-schema-graph\">{\"@context\":\"https:\/\/schema.org\",\"@graph\":[{\"@type\":\"WebPage\",\"@id\":\"https:\/\/talkpal.ai\/fr\/grammaire-japonaise\/\",\"url\":\"https:\/\/talkpal.ai\/fr\/grammaire-japonaise\/\",\"name\":\"Grammaire japonaise - Talkpal\",\"isPartOf\":{\"@id\":\"https:\/\/talkpal.ai\/fr\/#website\"},\"primaryImageOfPage\":{\"@id\":\"https:\/\/talkpal.ai\/fr\/grammaire-japonaise\/#primaryimage\"},\"image\":{\"@id\":\"https:\/\/talkpal.ai\/fr\/grammaire-japonaise\/#primaryimage\"},\"thumbnailUrl\":\"https:\/\/talkpal.ai\/wp-content\/uploads\/2023\/04\/japan.png\",\"datePublished\":\"2023-05-14T13:51:09+00:00\",\"dateModified\":\"2025-12-11T16:44:26+00:00\",\"description\":\"Ma\u00eetrisez la grammaire japonaise gr\u00e2ce \u00e0 notre application d'apprentissage des langues par l'IA. Am\u00e9liorez facilement vos comp\u00e9tences linguistiques gr\u00e2ce \u00e0 l'aide de l'IA de Talkpalgr\u00e2ce \u00e0 l'aide de l'IA.\",\"breadcrumb\":{\"@id\":\"https:\/\/talkpal.ai\/fr\/grammaire-japonaise\/#breadcrumb\"},\"inLanguage\":\"fr-FR\",\"potentialAction\":[{\"@type\":\"ReadAction\",\"target\":[\"https:\/\/talkpal.ai\/fr\/grammaire-japonaise\/\"]}]},{\"@type\":\"ImageObject\",\"inLanguage\":\"fr-FR\",\"@id\":\"https:\/\/talkpal.ai\/fr\/grammaire-japonaise\/#primaryimage\",\"url\":\"https:\/\/talkpal.ai\/wp-content\/uploads\/2023\/04\/japan.png\",\"contentUrl\":\"https:\/\/talkpal.ai\/wp-content\/uploads\/2023\/04\/japan.png\",\"width\":512,\"height\":512},{\"@type\":\"BreadcrumbList\",\"@id\":\"https:\/\/talkpal.ai\/fr\/grammaire-japonaise\/#breadcrumb\",\"itemListElement\":[{\"@type\":\"ListItem\",\"position\":1,\"name\":\"Homepage\",\"item\":\"https:\/\/talkpal.ai\/fr\/\"},{\"@type\":\"ListItem\",\"position\":2,\"name\":\"Grammaire japonaise\"}]},{\"@type\":\"WebSite\",\"@id\":\"https:\/\/talkpal.ai\/fr\/#website\",\"url\":\"https:\/\/talkpal.ai\/fr\/\",\"name\":\"Talkpal\",\"description\":\"AI Language Learning\",\"publisher\":{\"@id\":\"https:\/\/talkpal.ai\/fr\/#organization\"},\"alternateName\":\"Talkpal AI\",\"potentialAction\":[{\"@type\":\"SearchAction\",\"target\":{\"@type\":\"EntryPoint\",\"urlTemplate\":\"https:\/\/talkpal.ai\/fr\/?s={search_term_string}\"},\"query-input\":{\"@type\":\"PropertyValueSpecification\",\"valueRequired\":true,\"valueName\":\"search_term_string\"}}],\"inLanguage\":\"fr-FR\"},{\"@type\":\"Organization\",\"@id\":\"https:\/\/talkpal.ai\/fr\/#organization\",\"name\":\"Talkpal, Inc.\",\"alternateName\":\"Talkpal AI\",\"url\":\"https:\/\/talkpal.ai\/fr\/\",\"logo\":{\"@type\":\"ImageObject\",\"inLanguage\":\"fr-FR\",\"@id\":\"https:\/\/talkpal.ai\/fr\/#\/schema\/logo\/image\/\",\"url\":\"https:\/\/talkpal.ai\/wp-content\/uploads\/2024\/03\/Talkpal-Logo-Icon.png\",\"contentUrl\":\"https:\/\/talkpal.ai\/wp-content\/uploads\/2024\/03\/Talkpal-Logo-Icon.png\",\"width\":2880,\"height\":2880,\"caption\":\"Talkpal, Inc.\"},\"image\":{\"@id\":\"https:\/\/talkpal.ai\/fr\/#\/schema\/logo\/image\/\"},\"sameAs\":[\"https:\/\/www.facebook.com\/profile.php?id=100090733639311\",\"https:\/\/x.com\/talkpalai\",\"https:\/\/www.linkedin.com\/company\/talkpal\/\",\"https:\/\/www.youtube.com\/@TalkPal\/\",\"https:\/\/www.tiktok.com\/@talkpal\",\"https:\/\/www.instagram.com\/talkpal_ai\/\",\"https:\/\/www.crunchbase.com\/organization\/talkpal-9cde\",\"https:\/\/www.g2.com\/products\/talkpal-for-business\/\",\"https:\/\/www.trustpilot.com\/review\/talkpal.ai\",\"https:\/\/www.capterra.com\/p\/10006800\/TalkPal\/\"],\"description\":\"Talkpal is a language learning web and mobile education app, powered by the latest AI technologies, that provides engaging experiences to its customers in many different languages to help them improve their language skills. Users can chat about unlimited amount of topics with the app and use other modes to practice their language learning.\",\"email\":\"support@talkpal.ai\",\"legalName\":\"Talkpal, Inc.\",\"foundingDate\":\"2023-04-03\",\"duns\":\"118989042\",\"numberOfEmployees\":{\"@type\":\"QuantitativeValue\",\"minValue\":\"11\",\"maxValue\":\"50\"},\"publishingPrinciples\":\"https:\/\/talkpal.ai\/publishing-principles\/\",\"actionableFeedbackPolicy\":\"https:\/\/talkpal.ai\/actionable-feedback-policy\/\",\"correctionsPolicy\":\"https:\/\/talkpal.ai\/corrections-policy\/\",\"ethicsPolicy\":\"https:\/\/talkpal.ai\/ethics-policy\/\",\"diversityPolicy\":\"https:\/\/talkpal.ai\/diversity-policy\/\",\"diversityStaffingReport\":\"https:\/\/talkpal.ai\/diversity-policy\/\"}]}<\/script>\n<!-- \/ Yoast SEO Premium plugin. -->","yoast_head_json":{"title":"Grammaire japonaise - Talkpal","description":"Ma\u00eetrisez la grammaire japonaise gr\u00e2ce \u00e0 notre application d'apprentissage des langues par l'IA. Am\u00e9liorez facilement vos comp\u00e9tences linguistiques gr\u00e2ce \u00e0 l'aide de l'IA de Talkpalgr\u00e2ce \u00e0 l'aide de l'IA.","robots":{"index":"index","follow":"follow","max-snippet":"max-snippet:-1","max-image-preview":"max-image-preview:large","max-video-preview":"max-video-preview:-1"},"canonical":"https:\/\/talkpal.ai\/fr\/grammaire-japonaise\/","og_locale":"fr_FR","og_type":"article","og_title":"Grammaire japonaise","og_description":"Ma\u00eetriser les subtilit\u00e9s de la grammaire japonaise Les amateurs de linguistique trouvent souvent que le japonais est une langue fascinante et difficile \u00e0","og_url":"https:\/\/talkpal.ai\/fr\/grammaire-japonaise\/","og_site_name":"Talkpal","article_publisher":"https:\/\/www.facebook.com\/profile.php?id=100090733639311","article_modified_time":"2025-12-11T16:44:26+00:00","og_image":[{"width":512,"height":512,"url":"https:\/\/talkpal.ai\/wp-content\/uploads\/2023\/04\/japan.png","type":"image\/png"}],"twitter_card":"summary_large_image","twitter_site":"@talkpalai","twitter_misc":{"Dur\u00e9e de lecture estim\u00e9e":"3 minutes"},"schema":{"@context":"https:\/\/schema.org","@graph":[{"@type":"WebPage","@id":"https:\/\/talkpal.ai\/fr\/grammaire-japonaise\/","url":"https:\/\/talkpal.ai\/fr\/grammaire-japonaise\/","name":"Grammaire japonaise - Talkpal","isPartOf":{"@id":"https:\/\/talkpal.ai\/fr\/#website"},"primaryImageOfPage":{"@id":"https:\/\/talkpal.ai\/fr\/grammaire-japonaise\/#primaryimage"},"image":{"@id":"https:\/\/talkpal.ai\/fr\/grammaire-japonaise\/#primaryimage"},"thumbnailUrl":"https:\/\/talkpal.ai\/wp-content\/uploads\/2023\/04\/japan.png","datePublished":"2023-05-14T13:51:09+00:00","dateModified":"2025-12-11T16:44:26+00:00","description":"Ma\u00eetrisez la grammaire japonaise gr\u00e2ce \u00e0 notre application d'apprentissage des langues par l'IA. Am\u00e9liorez facilement vos comp\u00e9tences linguistiques gr\u00e2ce \u00e0 l'aide de l'IA de Talkpalgr\u00e2ce \u00e0 l'aide de l'IA.","breadcrumb":{"@id":"https:\/\/talkpal.ai\/fr\/grammaire-japonaise\/#breadcrumb"},"inLanguage":"fr-FR","potentialAction":[{"@type":"ReadAction","target":["https:\/\/talkpal.ai\/fr\/grammaire-japonaise\/"]}]},{"@type":"ImageObject","inLanguage":"fr-FR","@id":"https:\/\/talkpal.ai\/fr\/grammaire-japonaise\/#primaryimage","url":"https:\/\/talkpal.ai\/wp-content\/uploads\/2023\/04\/japan.png","contentUrl":"https:\/\/talkpal.ai\/wp-content\/uploads\/2023\/04\/japan.png","width":512,"height":512},{"@type":"BreadcrumbList","@id":"https:\/\/talkpal.ai\/fr\/grammaire-japonaise\/#breadcrumb","itemListElement":[{"@type":"ListItem","position":1,"name":"Homepage","item":"https:\/\/talkpal.ai\/fr\/"},{"@type":"ListItem","position":2,"name":"Grammaire japonaise"}]},{"@type":"WebSite","@id":"https:\/\/talkpal.ai\/fr\/#website","url":"https:\/\/talkpal.ai\/fr\/","name":"Talkpal","description":"AI Language Learning","publisher":{"@id":"https:\/\/talkpal.ai\/fr\/#organization"},"alternateName":"Talkpal AI","potentialAction":[{"@type":"SearchAction","target":{"@type":"EntryPoint","urlTemplate":"https:\/\/talkpal.ai\/fr\/?s={search_term_string}"},"query-input":{"@type":"PropertyValueSpecification","valueRequired":true,"valueName":"search_term_string"}}],"inLanguage":"fr-FR"},{"@type":"Organization","@id":"https:\/\/talkpal.ai\/fr\/#organization","name":"Talkpal, Inc.","alternateName":"Talkpal AI","url":"https:\/\/talkpal.ai\/fr\/","logo":{"@type":"ImageObject","inLanguage":"fr-FR","@id":"https:\/\/talkpal.ai\/fr\/#\/schema\/logo\/image\/","url":"https:\/\/talkpal.ai\/wp-content\/uploads\/2024\/03\/Talkpal-Logo-Icon.png","contentUrl":"https:\/\/talkpal.ai\/wp-content\/uploads\/2024\/03\/Talkpal-Logo-Icon.png","width":2880,"height":2880,"caption":"Talkpal, Inc."},"image":{"@id":"https:\/\/talkpal.ai\/fr\/#\/schema\/logo\/image\/"},"sameAs":["https:\/\/www.facebook.com\/profile.php?id=100090733639311","https:\/\/x.com\/talkpalai","https:\/\/www.linkedin.com\/company\/talkpal\/","https:\/\/www.youtube.com\/@TalkPal\/","https:\/\/www.tiktok.com\/@talkpal","https:\/\/www.instagram.com\/talkpal_ai\/","https:\/\/www.crunchbase.com\/organization\/talkpal-9cde","https:\/\/www.g2.com\/products\/talkpal-for-business\/","https:\/\/www.trustpilot.com\/review\/talkpal.ai","https:\/\/www.capterra.com\/p\/10006800\/TalkPal\/"],"description":"Talkpal is a language learning web and mobile education app, powered by the latest AI technologies, that provides engaging experiences to its customers in many different languages to help them improve their language skills. Users can chat about unlimited amount of topics with the app and use other modes to practice their language learning.","email":"support@talkpal.ai","legalName":"Talkpal, Inc.","foundingDate":"2023-04-03","duns":"118989042","numberOfEmployees":{"@type":"QuantitativeValue","minValue":"11","maxValue":"50"},"publishingPrinciples":"https:\/\/talkpal.ai\/publishing-principles\/","actionableFeedbackPolicy":"https:\/\/talkpal.ai\/actionable-feedback-policy\/","correctionsPolicy":"https:\/\/talkpal.ai\/corrections-policy\/","ethicsPolicy":"https:\/\/talkpal.ai\/ethics-policy\/","diversityPolicy":"https:\/\/talkpal.ai\/diversity-policy\/","diversityStaffingReport":"https:\/\/talkpal.ai\/diversity-policy\/"}]}},"_links":{"self":[{"href":"https:\/\/talkpal.ai\/fr\/wp-json\/wp\/v2\/pages\/74366","targetHints":{"allow":["GET"]}}],"collection":[{"href":"https:\/\/talkpal.ai\/fr\/wp-json\/wp\/v2\/pages"}],"about":[{"href":"https:\/\/talkpal.ai\/fr\/wp-json\/wp\/v2\/types\/page"}],"author":[{"embeddable":true,"href":"https:\/\/talkpal.ai\/fr\/wp-json\/wp\/v2\/users\/1"}],"replies":[{"embeddable":true,"href":"https:\/\/talkpal.ai\/fr\/wp-json\/wp\/v2\/comments?post=74366"}],"version-history":[{"count":0,"href":"https:\/\/talkpal.ai\/fr\/wp-json\/wp\/v2\/pages\/74366\/revisions"}],"wp:featuredmedia":[{"embeddable":true,"href":"https:\/\/talkpal.ai\/fr\/wp-json\/wp\/v2\/media\/11579"}],"wp:attachment":[{"href":"https:\/\/talkpal.ai\/fr\/wp-json\/wp\/v2\/media?parent=74366"}],"curies":[{"name":"wp","href":"https:\/\/api.w.org\/{rel}","templated":true}]}}