{"id":74337,"date":"2023-05-14T13:49:38","date_gmt":"2023-05-14T13:49:38","guid":{"rendered":"http:\/\/talkpal.ai\/grammaire-neerlandaise\/"},"modified":"2025-12-11T17:00:14","modified_gmt":"2025-12-11T17:00:14","slug":"grammaire-neerlandaise","status":"publish","type":"page","link":"https:\/\/talkpal.ai\/fr\/grammaire-neerlandaise\/","title":{"rendered":"Grammaire n\u00e9erlandaise"},"content":{"rendered":"\r\n\r\n\r\n<section class=\"languageChallengeSection\">\r\n    <div class=\"languageInfoWrapper\">\r\n        \r\n        <h1>Grammaire n\u00e9erlandaise<\/h1>\r\n        <p>D\u00e9couvrez les fondements de la langue n\u00e9erlandaise en apprenant les r\u00e8gles de grammaire essentielles. La ma\u00eetrise de la <a href=\"https:\/\/talkpal.ai\/es\/gramatica-holandesa\/\">grammaire n\u00e9erlandaise<\/a> vous aidera \u00e0 communiquer efficacement et \u00e0 mieux comprendre la culture n\u00e9erlandaise. Commencez \u00e0 apprendre la <a href=\"https:\/\/talkpal.ai\/es\/gramatica-holandesa\/\">grammaire n\u00e9erlandaise<\/a> d\u00e8s aujourd&#039;hui et faites le premier pas vers la fluidit\u00e9 !\n<\/p>\r\n\r\n                            <a class=\"getStartedHidden\" href=\"https:\/\/app.talkpal.ai\/fr\/signup?lng=\">Commencer<\/a>\r\n        \r\n    <\/div>\r\n\r\n    <figure>\r\n    <img decoding=\"async\" width=\"768\" height=\"768\" src=\"https:\/\/talkpal.ai\/wp-content\/uploads\/2023\/06\/Dutch-768x768.png\" class=\"languageImage no-lazy\" alt=\"Default alt text\" fetchpriority=\"high\" sizes=\"(max-width: 768px) 150px, 768px\" srcset=\"https:\/\/talkpal.ai\/wp-content\/uploads\/2023\/06\/Dutch-768x768.png 768w, https:\/\/talkpal.ai\/wp-content\/uploads\/2023\/06\/Dutch-300x300.png 300w\" \/>\r\n    \r\n\r\n    <\/figure>\r\n\r\n            <a class=\"getStartedVisible\" href=\"https:\/\/app.talkpal.ai\/fr\/signup?lng=\">Commencer<\/a>\r\n    \r\n<\/section>\r\n        <section class=\"grammarSection\">\r\n            <div class=\"grammarLinks\">\r\n                <a href=\"https:\/\/talkpal.ai\/fr\/language\/adjectifs-grammaire-neerlandaise\/\">Adjectifs <\/a><a href=\"https:\/\/talkpal.ai\/fr\/language\/adverbes-grammaire-neerlandaise\/\">Adverbes <\/a><a href=\"https:\/\/talkpal.ai\/fr\/language\/articles-grammaire-neerlandaise\/\">Articles <\/a><a href=\"https:\/\/talkpal.ai\/fr\/language\/comparaison-des-temps-grammaire-neerlandaise\/\">Comparaison des temps <\/a><a href=\"https:\/\/talkpal.ai\/fr\/language\/noms-grammaire-neerlandaise\/\">Noms <\/a><a href=\"https:\/\/talkpal.ai\/fr\/language\/prepositions-grammaire-neerlandaise\/\">Pr\u00e9positions <\/a><a href=\"https:\/\/talkpal.ai\/fr\/language\/pronoms-grammaire-neerlandaise\/\">Pronoms <\/a><a href=\"https:\/\/talkpal.ai\/fr\/language\/structure-de-phrase-grammaire-neerlandaise\/\">Structure de phrase <\/a><a href=\"https:\/\/talkpal.ai\/fr\/language\/temps-indicatif-grammaire-neerlandaise\/\">Temps Indicatif <\/a><a href=\"https:\/\/talkpal.ai\/fr\/language\/temps-subjonctif-grammaire-neerlandaise\/\">Temps subjonctif <\/a><a href=\"https:\/\/talkpal.ai\/fr\/language\/verbes-grammaire-neerlandaise\/\">Verbes <\/a>            <\/div>\r\n        <\/section>\r\n    <section class=\"promotionalBanner\">\r\n    <p class=\"promotionalText\">La fa\u00e7on la plus efficace d\u2019apprendre une langue<\/p>\r\n    <a class=\"promotionalLink\" href=\"https:\/\/app.talkpal.ai\/fr\/signup?lng=\">Essayez Talkpal gratuitement<\/a>\r\n<\/section>\n<div class=\"wp-block-group pageContainerStyle\"><div class=\"wp-block-group__inner-container is-layout-constrained wp-block-group-is-layout-constrained\">\n<h2 class=\"wp-block-heading\" id=\"h-dutch-grammar-master-the-mechanics-of-the-dutch-language\">Grammaire n\u00e9erlandaise : Ma\u00eetrisez les m\u00e9canismes de la langue n\u00e9erlandaise<\/h2>\n\n\n\n<p>Si vous avez d\u00e9cid\u00e9 d&rsquo;<a href=\"https:\/\/talkpal.ai\/fr\/livres-pour-apprendre-le-neerlandais\/\">apprendre le n\u00e9erlandais<\/a>, vous allez vivre une exp\u00e9rience passionnante ! Avec plus de 23 millions de locuteurs dans le monde, le <a href=\"https:\/\/talkpal.ai\/learn-dutch\/\">n\u00e9erlandais<\/a> est une langue fantastique pour renforcer vos prouesses linguistiques et \u00e9largir vos horizons. Maintenant, vous avez peut-\u00eatre entendu des chuchotements sur les complexit\u00e9s de la grammaire n\u00e9erlandaise, mais n\u2019ayez crainte\u00a0! Cet article est un guide amical pour les d\u00e9butants qui explique la grammaire n\u00e9erlandaise d&rsquo;une mani\u00e8re amusante mais compl\u00e8te.<\/p>\n\n\n\n<h3 class=\"wp-block-heading\" id=\"h-1-the-pillar-of-dutch-grammar-word-order\">1. Le pilier de la grammaire n\u00e9erlandaise : l\u2019ordre des mots<\/h3>\n\n\n\n<p>La grammaire n\u00e9erlandaise repose fortement sur l\u2019ordre des mots. En g\u00e9n\u00e9ral, il suit une structure \u00ab\u00a0sujet-verbe-objet\u00a0\u00bb similaire \u00e0 <a href=\"https:\/\/talkpal.ai\/locations\/language-courses-in-celle\/\">celle<\/a> de la langue anglaise. Cependant, le n\u00e9erlandais a une caract\u00e9ristique unique : l\u2019ordre des mots du verbe second (V2). Dans une phrase avec plus d\u2019un verbe, le deuxi\u00e8me verbe est pouss\u00e9 jusqu\u2019\u00e0 la <a href=\"https:\/\/talkpal.ai\/learn-finnish\/\">fin<\/a>. Par exemple:<\/p>\n\n\n\n<p><a href=\"https:\/\/talkpal.ai\/learn-english-with-ai\/\">Anglais<\/a> : Je dois travailler aujourd\u2019hui.<\/p>\n\n\n\n<p>N\u00e9erlandais : Ik moet vandaag werken. (litt\u00e9ralement : \u00ab\u00a0Je dois travailler aujourd&rsquo;hui\u00a0\u00bb).<\/p>\n\n\n\n<p>La ma\u00eetrise de l\u2019ordre des mots V2 est essentielle lors de l\u2019apprentissage de la grammaire n\u00e9erlandaise.<\/p>\n\n\n\n<h3 class=\"wp-block-heading\" id=\"h-2-get-to-know-your-articles\">2. Apprenez \u00e0 conna\u00eetre vos articles<\/h3>\n\n\n\n<p>Le n\u00e9erlandais a deux <a href=\"https:\/\/talkpal.ai\/fr\/grammar\/articles-definis-en-grammaire-catalane\/\">articles d\u00e9finis<\/a> (\u00ab\u00a0de\u00a0\u00bb et \u00ab\u00a0het\u00a0\u00bb), et un <a href=\"https:\/\/talkpal.ai\/fr\/grammar\/article-indefini-en-grammaire-afrikaans\/\">article ind\u00e9fini<\/a> (\u00ab\u00a0een\u00a0\u00bb). Le choix entre les deux articles d\u00e9finis peut \u00eatre d\u00e9licat, sans r\u00e8gle pr\u00e9cise \u00e0 suivre. En tant que d\u00e9butant, la meilleure fa\u00e7on de les apprendre est par la pratique et le contexte. Par exemple:<\/p>\n\n\n\n<p>De man &#8211; L&rsquo;homme<\/p>\n\n\n\n<p>Het meisje &#8211; La fille<\/p>\n\n\n\n<p>Een hond &#8211; Un chien<\/p>\n\n\n\n<h3 class=\"wp-block-heading\" id=\"h-3-the-dance-of-dutch-conjugations\">3. La danse des conjugaisons n\u00e9erlandaises<\/h3>\n\n\n\n<p>Comme l\u2019anglais, les verbes n\u00e9erlandais changent de forme pour transmettre le temps et l\u2019humeur. En n\u00e9erlandais, il existe trois principaux groupes de conjugaisons de verbes : les verbes faibles, les verbes forts et les verbes irr\u00e9guliers.<\/p>\n\n\n\n<p>Les verbes faibles suivent des r\u00e8gles de conjugaison fixes, ce qui rend leur apprentissage assez facile.  <\/p>\n\n\n\n<p>Exemple (au pr\u00e9sent) : Ik werk, jij werkt, hij\/zij\/u werkt, wij\/jullie\/zij werken<\/p>\n\n\n\n<p>Les verbes forts impliquent des changements de voyelles, ce qui am\u00e8ne souvent les apprenants \u00e0 les m\u00e9moriser individuellement.<\/p>\n\n\n\n<p>Exemple (au pr\u00e9sent) : Ik zing, jij zingt, hij\/zij\/u zingt, wij\/jullie\/zij zingen<\/p>\n\n\n\n<p>Les verbes irr\u00e9guliers, comme leur nom l&rsquo;indique, ne suivent pas de mod\u00e8le fixe de conjugaison et doivent \u00eatre appris de mani\u00e8re ind\u00e9pendante.<\/p>\n\n\n\n<p>Exemple (au pr\u00e9sent) : Ik ben, jij bent, hij\/zij\/u is, wij\/jullie\/zij zijn<\/p>\n\n\n\n<h3 class=\"wp-block-heading\" id=\"h-4-a-flair-for-pronouns\">4. Un flair pour les pronoms<\/h3>\n\n\n\n<p>Les pronoms dans la grammaire n\u00e9erlandaise remplacent les noms et sont essentiels pour rendre votre discours plus dynamique et fluide. Il existe des pronoms personnels, des pronoms possessifs, des pronoms d\u00e9monstratifs et des pronoms r\u00e9fl\u00e9chis. En tant que d\u00e9butant, il est crucial de comprendre les pronoms personnels et possessifs.<\/p>\n\n\n\n<p>Pronoms personnels : ik (je), jij\/je (tu), hij\/zij\/ze (il\/elle), wij\/we (nous), jullie (vous tous), zij\/ze (ils)<\/p>\n\n\n\n<p>Pronoms possessifs : mijn (mon), jouw\/je (votre), zijn\/haar (son\/la), ons\/onze (notre), jullie (votre), hun\/hen (leur)<\/p>\n\n\n\n<h3 class=\"wp-block-heading\" id=\"h-5-cases-no-more-mostly\">5. Pas plus de cas (la plupart)<\/h3>\n\n\n\n<p>Contrairement \u00e0 l\u2019allemand, le n\u00e9erlandais n\u2019utilise plus de syst\u00e8me de cas dans la vie quotidienne, ce qui permet de s\u2019affranchir des obstacles linguistiques. La seule exception concerne les variantes n\u00e9erlandaises de \u00ab qui \u00bb et \u00ab qui \u00bb (wie et wie, respectivement) et quelques expressions fixes (telles que te allen tijde, qui signifie \u00ab \u00e0 tout moment \u00bb).  <\/p>\n\n\n\n<p>F\u00e9licitations! Vous avez fait les premiers pas pour ma\u00eetriser la grammaire n\u00e9erlandaise. N&rsquo;oubliez pas que la pratique est essentielle. N&rsquo;h\u00e9sitez donc pas \u00e0 approfondir vos connaissances, \u00e0 communiquer avec des locuteurs natifs et \u00e0 construire une base solide. Veel r\u00e9ussit\u00a0! (Bonne chance !)<\/p>\n<\/div><\/div>\n\r\n<section class=\"learnNavigationSection\">\r\n            \r\n        <a href=\"https:\/\/talkpal.ai\/fr\/apprendre-le-neerlandais\/\">\r\n            <div class=\"learnNavigationWrapper\">\r\n                <div class=\"learnNavigationContent\">\r\n                    <img decoding=\"async\" src=\"https:\/\/talkpal.ai\/wp-content\/uploads\/2024\/08\/Dutch.jpg\" alt=\"Netherlands Flag\">\r\n                    <div>\r\n                        <h4>A propos de Dutch Learning<\/h4>\r\n                        <p>Tout savoir sur la grammaire n\u00e9erlandaise.<\/p>\r\n                    <\/div>\r\n                <\/div>\r\n            <\/div>\r\n        <\/a>\r\n\r\n        \r\n        <a href=\"https:\/\/talkpal.ai\/fr\/exercices-de-grammaire-neerlandaise\/\">\r\n            <div class=\"learnNavigationWrapper\">\r\n                <div class=\"learnNavigationContent\">\r\n                    <img decoding=\"async\" src=\"https:\/\/talkpal.ai\/wp-content\/uploads\/2024\/08\/Dutch.jpg\" alt=\"Netherlands Flag\">\r\n                    <div>\r\n                        <h4>Exercice de grammaire n\u00e9erlandaise<\/h4>\r\n                        <p>Pratiquez la grammaire n\u00e9erlandaise.<\/p>\r\n                    <\/div>\r\n                <\/div>\r\n            <\/div>\r\n        <\/a>\r\n\r\n        \r\n        <a href=\"https:\/\/talkpal.ai\/vocabulary_language\/dutch\/\">\r\n            <div class=\"learnNavigationWrapper\">\r\n                <div class=\"learnNavigationContent\">\r\n                    <img decoding=\"async\" src=\"https:\/\/talkpal.ai\/wp-content\/uploads\/2024\/08\/Dutch.jpg\" alt=\"Netherlands Flag\">\r\n                    <div>\r\n                        <h4>Vocabulaire n\u00e9erlandais<\/h4>\r\n                        <p>\u00c9largissez votre vocabulaire n\u00e9erlandais.<\/p>\r\n                    <\/div>\r\n                <\/div>\r\n            <\/div>\r\n        <\/a>\r\n\r\n            <\/section>","protected":false},"excerpt":{"rendered":"<p>Grammaire n\u00e9erlandaise : Ma\u00eetrisez les m\u00e9canismes de la langue n\u00e9erlandaise Si vous avez d\u00e9cid\u00e9 d&rsquo;apprendre le n\u00e9erlandais, vous allez vivre une exp\u00e9rience passionnante ! Avec plus de 23 millions de locuteurs dans le monde, le n\u00e9erlandais est une langue fantastique pour renforcer vos prouesses linguistiques et \u00e9largir vos horizons. Maintenant, vous avez peut-\u00eatre entendu des [&hellip;]<\/p>\n","protected":false},"author":1,"featured_media":11586,"parent":0,"menu_order":0,"comment_status":"closed","ping_status":"closed","template":"LearningContentPage.php","meta":{"_acf_changed":false,"footnotes":""},"class_list":["post-74337","page","type-page","status-publish","has-post-thumbnail","hentry"],"acf":[],"yoast_head":"<!-- This site is optimized with the Yoast SEO Premium plugin v27.2 (Yoast SEO v27.2) - https:\/\/yoast.com\/product\/yoast-seo-premium-wordpress\/ -->\n<title>Grammaire n\u00e9erlandaise - Talkpal<\/title>\n<meta name=\"description\" content=\"Ma\u00eetrisez la grammaire n\u00e9erlandaise avec Talkpalvotre tuteur linguistique dot\u00e9 d&#039;une intelligence artificielle. Acc\u00e9dez \u00e0 des explications claires, des exemples pratiques et des exercices interactifs !\" \/>\n<meta name=\"robots\" content=\"index, follow, max-snippet:-1, max-image-preview:large, max-video-preview:-1\" \/>\n<link rel=\"canonical\" href=\"https:\/\/talkpal.ai\/fr\/grammaire-neerlandaise\/\" \/>\n<meta property=\"og:locale\" content=\"fr_FR\" \/>\n<meta property=\"og:type\" content=\"article\" \/>\n<meta property=\"og:title\" content=\"Grammaire n\u00e9erlandaise\" \/>\n<meta property=\"og:description\" content=\"Grammaire n\u00e9erlandaise : Ma\u00eetrisez les m\u00e9canismes de la langue n\u00e9erlandaise Si vous avez d\u00e9cid\u00e9 d&#039;apprendre le n\u00e9erlandais, vous allez vivre une\" \/>\n<meta property=\"og:url\" content=\"https:\/\/talkpal.ai\/fr\/grammaire-neerlandaise\/\" \/>\n<meta property=\"og:site_name\" content=\"Talkpal\" \/>\n<meta property=\"article:publisher\" content=\"https:\/\/www.facebook.com\/profile.php?id=100090733639311\" \/>\n<meta property=\"article:modified_time\" content=\"2025-12-11T17:00:14+00:00\" \/>\n<meta property=\"og:image\" content=\"https:\/\/talkpal.ai\/wp-content\/uploads\/2023\/04\/netherlands-dutch.png\" \/>\n\t<meta property=\"og:image:width\" content=\"512\" \/>\n\t<meta property=\"og:image:height\" content=\"512\" \/>\n\t<meta property=\"og:image:type\" content=\"image\/png\" \/>\n<meta name=\"twitter:card\" content=\"summary_large_image\" \/>\n<meta name=\"twitter:site\" content=\"@talkpalai\" \/>\n<meta name=\"twitter:label1\" content=\"Dur\u00e9e de lecture estim\u00e9e\" \/>\n\t<meta name=\"twitter:data1\" content=\"3 minutes\" \/>\n<script type=\"application\/ld+json\" class=\"yoast-schema-graph\">{\"@context\":\"https:\/\/schema.org\",\"@graph\":[{\"@type\":\"WebPage\",\"@id\":\"https:\/\/talkpal.ai\/fr\/grammaire-neerlandaise\/\",\"url\":\"https:\/\/talkpal.ai\/fr\/grammaire-neerlandaise\/\",\"name\":\"Grammaire n\u00e9erlandaise - Talkpal\",\"isPartOf\":{\"@id\":\"https:\/\/talkpal.ai\/fr\/#website\"},\"primaryImageOfPage\":{\"@id\":\"https:\/\/talkpal.ai\/fr\/grammaire-neerlandaise\/#primaryimage\"},\"image\":{\"@id\":\"https:\/\/talkpal.ai\/fr\/grammaire-neerlandaise\/#primaryimage\"},\"thumbnailUrl\":\"https:\/\/talkpal.ai\/wp-content\/uploads\/2023\/04\/netherlands-dutch.png\",\"datePublished\":\"2023-05-14T13:49:38+00:00\",\"dateModified\":\"2025-12-11T17:00:14+00:00\",\"description\":\"Ma\u00eetrisez la grammaire n\u00e9erlandaise avec Talkpalvotre tuteur linguistique dot\u00e9 d'une intelligence artificielle. Acc\u00e9dez \u00e0 des explications claires, des exemples pratiques et des exercices interactifs !\",\"breadcrumb\":{\"@id\":\"https:\/\/talkpal.ai\/fr\/grammaire-neerlandaise\/#breadcrumb\"},\"inLanguage\":\"fr-FR\",\"potentialAction\":[{\"@type\":\"ReadAction\",\"target\":[\"https:\/\/talkpal.ai\/fr\/grammaire-neerlandaise\/\"]}]},{\"@type\":\"ImageObject\",\"inLanguage\":\"fr-FR\",\"@id\":\"https:\/\/talkpal.ai\/fr\/grammaire-neerlandaise\/#primaryimage\",\"url\":\"https:\/\/talkpal.ai\/wp-content\/uploads\/2023\/04\/netherlands-dutch.png\",\"contentUrl\":\"https:\/\/talkpal.ai\/wp-content\/uploads\/2023\/04\/netherlands-dutch.png\",\"width\":512,\"height\":512},{\"@type\":\"BreadcrumbList\",\"@id\":\"https:\/\/talkpal.ai\/fr\/grammaire-neerlandaise\/#breadcrumb\",\"itemListElement\":[{\"@type\":\"ListItem\",\"position\":1,\"name\":\"Homepage\",\"item\":\"https:\/\/talkpal.ai\/fr\/\"},{\"@type\":\"ListItem\",\"position\":2,\"name\":\"Grammaire n\u00e9erlandaise\"}]},{\"@type\":\"WebSite\",\"@id\":\"https:\/\/talkpal.ai\/fr\/#website\",\"url\":\"https:\/\/talkpal.ai\/fr\/\",\"name\":\"Talkpal\",\"description\":\"AI Language Learning\",\"publisher\":{\"@id\":\"https:\/\/talkpal.ai\/fr\/#organization\"},\"alternateName\":\"Talkpal AI\",\"potentialAction\":[{\"@type\":\"SearchAction\",\"target\":{\"@type\":\"EntryPoint\",\"urlTemplate\":\"https:\/\/talkpal.ai\/fr\/?s={search_term_string}\"},\"query-input\":{\"@type\":\"PropertyValueSpecification\",\"valueRequired\":true,\"valueName\":\"search_term_string\"}}],\"inLanguage\":\"fr-FR\"},{\"@type\":\"Organization\",\"@id\":\"https:\/\/talkpal.ai\/fr\/#organization\",\"name\":\"Talkpal, Inc.\",\"alternateName\":\"Talkpal AI\",\"url\":\"https:\/\/talkpal.ai\/fr\/\",\"logo\":{\"@type\":\"ImageObject\",\"inLanguage\":\"fr-FR\",\"@id\":\"https:\/\/talkpal.ai\/fr\/#\/schema\/logo\/image\/\",\"url\":\"https:\/\/talkpal.ai\/wp-content\/uploads\/2024\/03\/Talkpal-Logo-Icon.png\",\"contentUrl\":\"https:\/\/talkpal.ai\/wp-content\/uploads\/2024\/03\/Talkpal-Logo-Icon.png\",\"width\":2880,\"height\":2880,\"caption\":\"Talkpal, Inc.\"},\"image\":{\"@id\":\"https:\/\/talkpal.ai\/fr\/#\/schema\/logo\/image\/\"},\"sameAs\":[\"https:\/\/www.facebook.com\/profile.php?id=100090733639311\",\"https:\/\/x.com\/talkpalai\",\"https:\/\/www.linkedin.com\/company\/talkpal\/\",\"https:\/\/www.youtube.com\/@TalkPal\/\",\"https:\/\/www.tiktok.com\/@talkpal\",\"https:\/\/www.instagram.com\/talkpal_ai\/\",\"https:\/\/www.crunchbase.com\/organization\/talkpal-9cde\",\"https:\/\/www.g2.com\/products\/talkpal-for-business\/\",\"https:\/\/www.trustpilot.com\/review\/talkpal.ai\",\"https:\/\/www.capterra.com\/p\/10006800\/TalkPal\/\"],\"description\":\"Talkpal is a language learning web and mobile education app, powered by the latest AI technologies, that provides engaging experiences to its customers in many different languages to help them improve their language skills. Users can chat about unlimited amount of topics with the app and use other modes to practice their language learning.\",\"email\":\"support@talkpal.ai\",\"legalName\":\"Talkpal, Inc.\",\"foundingDate\":\"2023-04-03\",\"duns\":\"118989042\",\"numberOfEmployees\":{\"@type\":\"QuantitativeValue\",\"minValue\":\"11\",\"maxValue\":\"50\"},\"publishingPrinciples\":\"https:\/\/talkpal.ai\/publishing-principles\/\",\"actionableFeedbackPolicy\":\"https:\/\/talkpal.ai\/actionable-feedback-policy\/\",\"correctionsPolicy\":\"https:\/\/talkpal.ai\/corrections-policy\/\",\"ethicsPolicy\":\"https:\/\/talkpal.ai\/ethics-policy\/\",\"diversityPolicy\":\"https:\/\/talkpal.ai\/diversity-policy\/\",\"diversityStaffingReport\":\"https:\/\/talkpal.ai\/diversity-policy\/\"}]}<\/script>\n<!-- \/ Yoast SEO Premium plugin. -->","yoast_head_json":{"title":"Grammaire n\u00e9erlandaise - Talkpal","description":"Ma\u00eetrisez la grammaire n\u00e9erlandaise avec Talkpalvotre tuteur linguistique dot\u00e9 d'une intelligence artificielle. Acc\u00e9dez \u00e0 des explications claires, des exemples pratiques et des exercices interactifs !","robots":{"index":"index","follow":"follow","max-snippet":"max-snippet:-1","max-image-preview":"max-image-preview:large","max-video-preview":"max-video-preview:-1"},"canonical":"https:\/\/talkpal.ai\/fr\/grammaire-neerlandaise\/","og_locale":"fr_FR","og_type":"article","og_title":"Grammaire n\u00e9erlandaise","og_description":"Grammaire n\u00e9erlandaise : Ma\u00eetrisez les m\u00e9canismes de la langue n\u00e9erlandaise Si vous avez d\u00e9cid\u00e9 d'apprendre le n\u00e9erlandais, vous allez vivre une","og_url":"https:\/\/talkpal.ai\/fr\/grammaire-neerlandaise\/","og_site_name":"Talkpal","article_publisher":"https:\/\/www.facebook.com\/profile.php?id=100090733639311","article_modified_time":"2025-12-11T17:00:14+00:00","og_image":[{"width":512,"height":512,"url":"https:\/\/talkpal.ai\/wp-content\/uploads\/2023\/04\/netherlands-dutch.png","type":"image\/png"}],"twitter_card":"summary_large_image","twitter_site":"@talkpalai","twitter_misc":{"Dur\u00e9e de lecture estim\u00e9e":"3 minutes"},"schema":{"@context":"https:\/\/schema.org","@graph":[{"@type":"WebPage","@id":"https:\/\/talkpal.ai\/fr\/grammaire-neerlandaise\/","url":"https:\/\/talkpal.ai\/fr\/grammaire-neerlandaise\/","name":"Grammaire n\u00e9erlandaise - Talkpal","isPartOf":{"@id":"https:\/\/talkpal.ai\/fr\/#website"},"primaryImageOfPage":{"@id":"https:\/\/talkpal.ai\/fr\/grammaire-neerlandaise\/#primaryimage"},"image":{"@id":"https:\/\/talkpal.ai\/fr\/grammaire-neerlandaise\/#primaryimage"},"thumbnailUrl":"https:\/\/talkpal.ai\/wp-content\/uploads\/2023\/04\/netherlands-dutch.png","datePublished":"2023-05-14T13:49:38+00:00","dateModified":"2025-12-11T17:00:14+00:00","description":"Ma\u00eetrisez la grammaire n\u00e9erlandaise avec Talkpalvotre tuteur linguistique dot\u00e9 d'une intelligence artificielle. Acc\u00e9dez \u00e0 des explications claires, des exemples pratiques et des exercices interactifs !","breadcrumb":{"@id":"https:\/\/talkpal.ai\/fr\/grammaire-neerlandaise\/#breadcrumb"},"inLanguage":"fr-FR","potentialAction":[{"@type":"ReadAction","target":["https:\/\/talkpal.ai\/fr\/grammaire-neerlandaise\/"]}]},{"@type":"ImageObject","inLanguage":"fr-FR","@id":"https:\/\/talkpal.ai\/fr\/grammaire-neerlandaise\/#primaryimage","url":"https:\/\/talkpal.ai\/wp-content\/uploads\/2023\/04\/netherlands-dutch.png","contentUrl":"https:\/\/talkpal.ai\/wp-content\/uploads\/2023\/04\/netherlands-dutch.png","width":512,"height":512},{"@type":"BreadcrumbList","@id":"https:\/\/talkpal.ai\/fr\/grammaire-neerlandaise\/#breadcrumb","itemListElement":[{"@type":"ListItem","position":1,"name":"Homepage","item":"https:\/\/talkpal.ai\/fr\/"},{"@type":"ListItem","position":2,"name":"Grammaire n\u00e9erlandaise"}]},{"@type":"WebSite","@id":"https:\/\/talkpal.ai\/fr\/#website","url":"https:\/\/talkpal.ai\/fr\/","name":"Talkpal","description":"AI Language Learning","publisher":{"@id":"https:\/\/talkpal.ai\/fr\/#organization"},"alternateName":"Talkpal AI","potentialAction":[{"@type":"SearchAction","target":{"@type":"EntryPoint","urlTemplate":"https:\/\/talkpal.ai\/fr\/?s={search_term_string}"},"query-input":{"@type":"PropertyValueSpecification","valueRequired":true,"valueName":"search_term_string"}}],"inLanguage":"fr-FR"},{"@type":"Organization","@id":"https:\/\/talkpal.ai\/fr\/#organization","name":"Talkpal, Inc.","alternateName":"Talkpal AI","url":"https:\/\/talkpal.ai\/fr\/","logo":{"@type":"ImageObject","inLanguage":"fr-FR","@id":"https:\/\/talkpal.ai\/fr\/#\/schema\/logo\/image\/","url":"https:\/\/talkpal.ai\/wp-content\/uploads\/2024\/03\/Talkpal-Logo-Icon.png","contentUrl":"https:\/\/talkpal.ai\/wp-content\/uploads\/2024\/03\/Talkpal-Logo-Icon.png","width":2880,"height":2880,"caption":"Talkpal, Inc."},"image":{"@id":"https:\/\/talkpal.ai\/fr\/#\/schema\/logo\/image\/"},"sameAs":["https:\/\/www.facebook.com\/profile.php?id=100090733639311","https:\/\/x.com\/talkpalai","https:\/\/www.linkedin.com\/company\/talkpal\/","https:\/\/www.youtube.com\/@TalkPal\/","https:\/\/www.tiktok.com\/@talkpal","https:\/\/www.instagram.com\/talkpal_ai\/","https:\/\/www.crunchbase.com\/organization\/talkpal-9cde","https:\/\/www.g2.com\/products\/talkpal-for-business\/","https:\/\/www.trustpilot.com\/review\/talkpal.ai","https:\/\/www.capterra.com\/p\/10006800\/TalkPal\/"],"description":"Talkpal is a language learning web and mobile education app, powered by the latest AI technologies, that provides engaging experiences to its customers in many different languages to help them improve their language skills. Users can chat about unlimited amount of topics with the app and use other modes to practice their language learning.","email":"support@talkpal.ai","legalName":"Talkpal, Inc.","foundingDate":"2023-04-03","duns":"118989042","numberOfEmployees":{"@type":"QuantitativeValue","minValue":"11","maxValue":"50"},"publishingPrinciples":"https:\/\/talkpal.ai\/publishing-principles\/","actionableFeedbackPolicy":"https:\/\/talkpal.ai\/actionable-feedback-policy\/","correctionsPolicy":"https:\/\/talkpal.ai\/corrections-policy\/","ethicsPolicy":"https:\/\/talkpal.ai\/ethics-policy\/","diversityPolicy":"https:\/\/talkpal.ai\/diversity-policy\/","diversityStaffingReport":"https:\/\/talkpal.ai\/diversity-policy\/"}]}},"_links":{"self":[{"href":"https:\/\/talkpal.ai\/fr\/wp-json\/wp\/v2\/pages\/74337","targetHints":{"allow":["GET"]}}],"collection":[{"href":"https:\/\/talkpal.ai\/fr\/wp-json\/wp\/v2\/pages"}],"about":[{"href":"https:\/\/talkpal.ai\/fr\/wp-json\/wp\/v2\/types\/page"}],"author":[{"embeddable":true,"href":"https:\/\/talkpal.ai\/fr\/wp-json\/wp\/v2\/users\/1"}],"replies":[{"embeddable":true,"href":"https:\/\/talkpal.ai\/fr\/wp-json\/wp\/v2\/comments?post=74337"}],"version-history":[{"count":0,"href":"https:\/\/talkpal.ai\/fr\/wp-json\/wp\/v2\/pages\/74337\/revisions"}],"wp:featuredmedia":[{"embeddable":true,"href":"https:\/\/talkpal.ai\/fr\/wp-json\/wp\/v2\/media\/11586"}],"wp:attachment":[{"href":"https:\/\/talkpal.ai\/fr\/wp-json\/wp\/v2\/media?parent=74337"}],"curies":[{"name":"wp","href":"https:\/\/api.w.org\/{rel}","templated":true}]}}