{"id":74336,"date":"2023-05-14T13:52:49","date_gmt":"2023-05-14T13:52:49","guid":{"rendered":"http:\/\/talkpal.ai\/grammaire-russe\/"},"modified":"2025-12-13T15:18:05","modified_gmt":"2025-12-13T15:18:05","slug":"grammaire-russe","status":"publish","type":"page","link":"https:\/\/talkpal.ai\/fr\/grammaire-russe\/","title":{"rendered":"Grammaire russe"},"content":{"rendered":"\r\n\r\n\r\n<section class=\"languageChallengeSection\">\r\n    <div class=\"languageInfoWrapper\">\r\n        \r\n        <h1>Grammaire russe<\/h1>\r\n        <p>Commencez votre aventure dans la langue <a href=\"https:\/\/talkpal.ai\/learn-russian\/\">russe<\/a> et ouvrez les portes d&#039;une culture et d&#039;une histoire riches. La ma\u00eetrise de la grammaire et du vocabulaire russes am\u00e9liorera vos possibilit\u00e9s de voyage, de carri\u00e8re et de communication. Commencez \u00e0 apprendre le russe aujourd&#039;hui et faites le premier pas vers la ma\u00eetrise de la langue !\n\n<\/p>\r\n\r\n                            <a class=\"getStartedHidden\" href=\"https:\/\/app.talkpal.ai\/fr\/signup?lng=\">Commencer<\/a>\r\n        \r\n    <\/div>\r\n\r\n    <figure>\r\n    <img decoding=\"async\" width=\"768\" height=\"768\" src=\"https:\/\/talkpal.ai\/wp-content\/uploads\/2023\/06\/russian-768x768.png\" class=\"languageImage no-lazy\" alt=\"Default alt text\" fetchpriority=\"high\" sizes=\"(max-width: 768px) 150px, 768px\" srcset=\"https:\/\/talkpal.ai\/wp-content\/uploads\/2023\/06\/russian-768x768.png 768w, https:\/\/talkpal.ai\/wp-content\/uploads\/2023\/06\/russian-300x300.png 300w\" \/>\r\n    \r\n\r\n    <\/figure>\r\n\r\n            <a class=\"getStartedVisible\" href=\"https:\/\/app.talkpal.ai\/fr\/signup?lng=\">Commencer<\/a>\r\n    \r\n<\/section>\r\n        <section class=\"grammarSection\">\r\n            <div class=\"grammarLinks\">\r\n                <a href=\"https:\/\/talkpal.ai\/fr\/language\/adjectifs-grammaire-russe\/\">Adjectifs <\/a><a href=\"https:\/\/talkpal.ai\/fr\/language\/adverbes-grammaire-russe\/\">Adverbes <\/a><a href=\"https:\/\/talkpal.ai\/fr\/language\/articles-grammaire-russe\/\">Articles <\/a><a href=\"https:\/\/talkpal.ai\/fr\/language\/comparaison-des-temps-grammaire-russe\/\">Comparaison des temps <\/a><a href=\"https:\/\/talkpal.ai\/fr\/language\/noms-grammaire-russe\/\">Noms <\/a><a href=\"https:\/\/talkpal.ai\/fr\/language\/prepositions-grammaire-russe\/\">Pr\u00e9positions <\/a><a href=\"https:\/\/talkpal.ai\/fr\/language\/pronoms-grammaire-russe\/\">Pronoms <\/a><a href=\"https:\/\/talkpal.ai\/fr\/language\/structure-de-phrase-grammaire-russe\/\">Structure de phrase <\/a><a href=\"https:\/\/talkpal.ai\/fr\/language\/temps-indicatif-grammaire-russe\/\">Temps Indicatif <\/a><a href=\"https:\/\/talkpal.ai\/fr\/language\/temps-subjonctif-grammaire-russe\/\">Temps subjonctif <\/a><a href=\"https:\/\/talkpal.ai\/fr\/language\/verbes-grammaire-russe\/\">Verbes <\/a>            <\/div>\r\n        <\/section>\r\n    <section class=\"promotionalBanner\">\r\n    <p class=\"promotionalText\">La fa\u00e7on la plus efficace d\u2019apprendre une langue<\/p>\r\n    <a class=\"promotionalLink\" href=\"https:\/\/app.talkpal.ai\/fr\/signup?lng=\">Essayez Talkpal gratuitement<\/a>\r\n<\/section>\n<div class=\"wp-block-group pageContainerStyle\"><div class=\"wp-block-group__inner-container is-layout-constrained wp-block-group-is-layout-constrained\">\n<h1 class=\"wp-block-heading\" id=\"h-russian-grammar-unlock-the-secrets-to-mastering-russian\">Grammaire russe : d\u00e9couvrez les secrets de la ma\u00eetrise du russe<\/h1>\n\n\n\n<p>F\u00e9licitations pour avoir fait le pas audacieux vers l\u2019apprentissage du russe ! Avec plus de 258 millions de locuteurs dans le monde, le russe est une langue fascinante et enrichissante qui offre un aper\u00e7u d\u2019une culture et d\u2019une histoire riches. Quand il s\u2019agit de <a href=\"https:\/\/talkpal.ai\/russian-grammar\/\">grammaire russe<\/a>, cela peut sembler intimidant, mais n\u2019ayez crainte ! Ce guide convivial destin\u00e9 aux d\u00e9butants est l\u00e0 pour pr\u00e9senter l&rsquo;essentiel de la <a href=\"https:\/\/talkpal.ai\/russian-grammar\/\">grammaire russe<\/a> d&rsquo;une mani\u00e8re simple et attrayante.<\/p>\n\n\n\n<h3 class=\"wp-block-heading\" id=\"h-1-the-russian-alphabet-your-starting-point\">1. L\u2019alphabet russe : votre point de d\u00e9part<\/h3>\n\n\n\n<p>La cl\u00e9 pour naviguer dans la grammaire russe est de ma\u00eetriser l\u2019alphabet cyrillique. Avec 33 lettres, 10 voyelles et 21 consonnes, il constitue la base de la lecture, de l\u2019\u00e9criture et de la compr\u00e9hension de la langue. En vous familiarisant avec l\u2019alphabet, vous cr\u00e9erez une base solide sur laquelle vous pourrez d\u00e9velopper vos comp\u00e9tences en grammaire russe.<\/p>\n\n\n\n<h3 class=\"wp-block-heading\" id=\"h-2-nouns-and-cases-the-core-of-russian-grammar\">2. Noms et cas : le c\u0153ur de la grammaire russe<\/h3>\n\n\n\n<p>La grammaire russe met l\u2019accent sur l\u2019utilisation de cas pour transmettre le <a href=\"https:\/\/talkpal.ai\/locations\/language-courses-in-sens\/\">sens<\/a> et le contexte. Avec six cas \u2013 nominatif, g\u00e9nitif, datif, accusatif, instrumental et pr\u00e9positionnel \u2013 les noms russes changent de terminaison pour montrer leur fonction dans une phrase. Par cons\u00e9quent, l\u2019ordre des mots devient moins critique qu\u2019en <a href=\"https:\/\/talkpal.ai\/learn-english-with-ai\/\">anglais<\/a>. Par exemple:<\/p>\n\n\n\n<p><a href=\"https:\/\/talkpal.ai\/learn-french\/\">Fran\u00e7ais<\/a> : J\u2019offre un livre \u00e0 un <a href=\"https:\/\/talkpal.ai\/locations\/language-courses-in-ami\/\">ami<\/a>.<\/p>\n\n\n\n<p>russe : \u042f \u0434\u0430\u044e \u0434\u0440\u0443\u0433\u0443 \u043a\u043d\u0438\u0433\u0443 (Ya dayu drugu knigu)<\/p>\n\n\n\n<p>Ici, \u00ab\u00a0\u0434\u0440\u0443\u0433\u0443\u00a0\u00bb (\u00e0 un ami) et \u00ab\u00a0\u043a\u043d\u0438\u0433\u0443\u00a0\u00bb (livre) sont respectivement au Datif et \u00e0 l&rsquo;Accusatif.<\/p>\n\n\n\n<h3 class=\"wp-block-heading\" id=\"h-3-mastering-gender-and-plurals\">3. Ma\u00eetriser le genre et le pluriel<\/h3>\n\n\n\n<p>Dans la grammaire russe, les noms se voient attribuer l\u2019un des trois genres suivants : masculin, f\u00e9minin ou neutre. La terminaison d\u2019un nom indique g\u00e9n\u00e9ralement son genre :<\/p>\n\n\n\n<p>&#8211; Masculin : se termine par une consonne ou \u00ab\u00a0-\u0439\u00a0\u00bb.<\/p>\n\n\n\n<p>&#8211; F\u00e9minin : se termine par \u00ab\u00a0-\u0430\u00a0\u00bb ou \u00ab\u00a0-\u044f\u00a0\u00bb<\/p>\n\n\n\n<p>&#8211; Neutre : se termine par \u00ab\u00a0-\u043e\u00a0\u00bb ou \u00ab\u00a0-\u0435\u00a0\u00bb<\/p>\n\n\n\n<p>Pour former des pluriels, les terminaisons des noms changent en fonction de leur genre et de la casse dans laquelle ils se trouvent.<\/p>\n\n\n\n<h3 class=\"wp-block-heading\" id=\"h-4-conquer-verb-conjugation\">4. Conqu\u00e9rir la conjugaison des verbes<\/h3>\n\n\n\n<p>Comme de nombreuses langues, les verbes russes changent de forme (conjugaison) en fonction du temps, de la personne et du nombre. Les verbes russes se pr\u00e9sentent \u00e9galement sous deux aspects : perfectif et imperfectif. L\u2019aspect perfectif signale une action achev\u00e9e, tandis que l\u2019aspect imperfectif fait r\u00e9f\u00e9rence \u00e0 des actions en cours ou habituelles.<\/p>\n\n\n\n<p>Pour commencer, concentrez-vous sur la compr\u00e9hension de la conjugaison du pr\u00e9sent pour les verbes imperfectifs et du pass\u00e9 pour les deux aspects. Par exemple:<\/p>\n\n\n\n<p>Le pr\u00e9sent (imperfectif) : \u042f \u0447\u0438\u0442\u0430\u044e (Ya chitayu) &#8211; \u00ab\u00a0Je lis\u00a0\u00bb ou \u00ab\u00a0Je suis en train de lire\u00a0\u00bb<\/p>\n\n\n\n<p>Le pass\u00e9 (imperfectif) : \u042f \u0447\u0438\u0442\u0430\u043b (Ya chital) &#8211; \u00ab\u00a0Je lisais\u00a0\u00bb<\/p>\n\n\n\n<p>Le pass\u00e9 (Perfectif) : \u042f \u043f\u0440\u043e\u0447\u0438\u0442\u0430\u043b (Ya prochital) &#8211; \u00ab\u00a0j&rsquo;ai lu\u00a0\u00bb ou \u00ab\u00a0j&rsquo;ai lu (et termin\u00e9)\u00a0\u00bb<\/p>\n\n\n\n<h3 class=\"wp-block-heading\" id=\"h-5-embrace-russian-pronouns\">5. Adoptez les pronoms russes<\/h3>\n\n\n\n<p>Les pronoms dans la grammaire russe remplacent les noms et sont cruciaux pour un discours fluide. Plongez dans l\u2019apprentissage des pronoms personnels et possessifs, tels que :<\/p>\n\n\n\n<p>Pronoms personnels : \u044f (je), \u0442\u044b (vous, informel), \u043e\u043d\/\u043e\u043d\u0430\/\u043e\u043d\u043e (il\/elle), \u0432\u044b (vous, formel ou <a href=\"https:\/\/talkpal.ai\/ar\/grammar_exercises\/pluriel-%d8%aa%d9%85%d8%a7%d8%b1%d9%8a%d9%86-%d9%84%d9%84%d9%82%d9%88%d8%a7%d8%b9%d8%af-%d8%a7%d9%84%d9%81%d8%b1%d9%86%d8%b3%d9%8a%d8%a9\/\">pluriel<\/a>), \u043c\u044b (nous), \u043e\u043d\u0438 (ils)<\/p>\n\n\n\n<p>Pronoms possessifs : \u043c\u043e\u0439\/\u043c\u043e\u044f\/\u043c\u043e\u0451 (mon), \u0442\u0432\u043e\u0439\/\u0442\u0432\u043e\u044f\/\u0442\u0432\u043e\u0451 (votre, informel), \u0435\u0433\u043e\/\u0435\u0451\/\u0438\u0445 (son\/son\/leur), \u0432\u0430\u0448\/\u0432\u0430\u0448\u0430\/\u0432\u0430\u0448\u0435 (votre, formel ou pluriel), \u043d\u0430\u0448\/\u043d\u0430\u0448\u0430\/\u043d\u0430\u0448\u0435 (notre)<\/p>\n\n\n\n<p>N&rsquo;oubliez pas que les pronoms russes doivent s&rsquo;accorder avec le genre et le cas du nom qu&rsquo;ils remplacent.<\/p>\n\n\n\n<p>F\u00e9licitations! Vous avez fait les premiers pas vers la ma\u00eetrise des subtilit\u00e9s de la grammaire russe. N\u2019oubliez pas que la pratique est essentielle, alors approfondissez la langue, engagez-vous avec des locuteurs natifs et renforcez vos bases d\u2019apprentissage. \u0423\u0434\u0430\u0447\u0438! (Bonne chance !)<\/p>\n<\/div><\/div>\n\r\n<section class=\"learnNavigationSection\">\r\n            \r\n        <a href=\"https:\/\/talkpal.ai\/fr\/apprendre-le-russe\/\">\r\n            <div class=\"learnNavigationWrapper\">\r\n                <div class=\"learnNavigationContent\">\r\n                    <img decoding=\"async\" src=\"https:\/\/talkpal.ai\/wp-content\/uploads\/2024\/08\/Russian.jpg\" alt=\"Russian Flag\">\r\n                    <div>\r\n                        <h4>\u00c0 propos de l&#039;apprentissage du russe<\/h4>\r\n                        <p>Tout savoir sur la grammaire russe.<\/p>\r\n                    <\/div>\r\n                <\/div>\r\n            <\/div>\r\n        <\/a>\r\n\r\n        \r\n        <a href=\"https:\/\/talkpal.ai\/fr\/exercices-de-grammaire-russe\/\">\r\n            <div class=\"learnNavigationWrapper\">\r\n                <div class=\"learnNavigationContent\">\r\n                    <img decoding=\"async\" src=\"https:\/\/talkpal.ai\/wp-content\/uploads\/2024\/08\/Russian.jpg\" alt=\"Russian Flag\">\r\n                    <div>\r\n                        <h4>Exercice de grammaire russe<\/h4>\r\n                        <p>Pratiquez la grammaire russe.<\/p>\r\n                    <\/div>\r\n                <\/div>\r\n            <\/div>\r\n        <\/a>\r\n\r\n        \r\n        <a href=\"https:\/\/talkpal.ai\/vocabulary_language\/russian\/\">\r\n            <div class=\"learnNavigationWrapper\">\r\n                <div class=\"learnNavigationContent\">\r\n                    <img decoding=\"async\" src=\"https:\/\/talkpal.ai\/wp-content\/uploads\/2024\/08\/Russian.jpg\" alt=\"Russian Flag\">\r\n                    <div>\r\n                        <h4>Vocabulaire russe<\/h4>\r\n                        <p>\u00c9largissez votre vocabulaire russe.<\/p>\r\n                    <\/div>\r\n                <\/div>\r\n            <\/div>\r\n        <\/a>\r\n\r\n            <\/section>","protected":false},"excerpt":{"rendered":"<p>Grammaire russe : d\u00e9couvrez les secrets de la ma\u00eetrise du russe F\u00e9licitations pour avoir fait le pas audacieux vers l\u2019apprentissage du russe ! Avec plus de 258 millions de locuteurs dans le monde, le russe est une langue fascinante et enrichissante qui offre un aper\u00e7u d\u2019une culture et d\u2019une histoire riches. Quand il s\u2019agit de [&hellip;]<\/p>\n","protected":false},"author":1,"featured_media":11600,"parent":0,"menu_order":0,"comment_status":"closed","ping_status":"closed","template":"LearningContentPage.php","meta":{"_acf_changed":false,"footnotes":""},"class_list":["post-74336","page","type-page","status-publish","has-post-thumbnail","hentry"],"acf":[],"yoast_head":"<!-- This site is optimized with the Yoast SEO Premium plugin v27.2 (Yoast SEO v27.2) - https:\/\/yoast.com\/product\/yoast-seo-premium-wordpress\/ -->\n<title>Grammaire russe - Talkpal<\/title>\n<meta name=\"description\" content=\"D\u00e9couvrez le monde de la grammaire russe gr\u00e2ce \u00e0 notre guide pour d\u00e9butants. Ma\u00eetrisez l&#039;alphabet cyrillique et d\u00e9veloppez vos comp\u00e9tences linguistiques.\" \/>\n<meta name=\"robots\" content=\"index, follow, max-snippet:-1, max-image-preview:large, max-video-preview:-1\" \/>\n<link rel=\"canonical\" href=\"https:\/\/talkpal.ai\/fr\/grammaire-russe\/\" \/>\n<meta property=\"og:locale\" content=\"fr_FR\" \/>\n<meta property=\"og:type\" content=\"article\" \/>\n<meta property=\"og:title\" content=\"Grammaire russe\" \/>\n<meta property=\"og:description\" content=\"Grammaire russe : d\u00e9couvrez les secrets de la ma\u00eetrise du russe F\u00e9licitations pour avoir fait le pas audacieux vers l\u2019apprentissage du russe ! Avec plus\" \/>\n<meta property=\"og:url\" content=\"https:\/\/talkpal.ai\/fr\/grammaire-russe\/\" \/>\n<meta property=\"og:site_name\" content=\"Talkpal\" \/>\n<meta property=\"article:publisher\" content=\"https:\/\/www.facebook.com\/profile.php?id=100090733639311\" \/>\n<meta property=\"article:modified_time\" content=\"2025-12-13T15:18:05+00:00\" \/>\n<meta property=\"og:image\" content=\"https:\/\/talkpal.ai\/wp-content\/uploads\/2023\/04\/rusia.png\" \/>\n\t<meta property=\"og:image:width\" content=\"512\" \/>\n\t<meta property=\"og:image:height\" content=\"512\" \/>\n\t<meta property=\"og:image:type\" content=\"image\/png\" \/>\n<meta name=\"twitter:card\" content=\"summary_large_image\" \/>\n<meta name=\"twitter:site\" content=\"@talkpalai\" \/>\n<meta name=\"twitter:label1\" content=\"Dur\u00e9e de lecture estim\u00e9e\" \/>\n\t<meta name=\"twitter:data1\" content=\"3 minutes\" \/>\n<script type=\"application\/ld+json\" class=\"yoast-schema-graph\">{\"@context\":\"https:\/\/schema.org\",\"@graph\":[{\"@type\":\"WebPage\",\"@id\":\"https:\/\/talkpal.ai\/fr\/grammaire-russe\/\",\"url\":\"https:\/\/talkpal.ai\/fr\/grammaire-russe\/\",\"name\":\"Grammaire russe - Talkpal\",\"isPartOf\":{\"@id\":\"https:\/\/talkpal.ai\/fr\/#website\"},\"primaryImageOfPage\":{\"@id\":\"https:\/\/talkpal.ai\/fr\/grammaire-russe\/#primaryimage\"},\"image\":{\"@id\":\"https:\/\/talkpal.ai\/fr\/grammaire-russe\/#primaryimage\"},\"thumbnailUrl\":\"https:\/\/talkpal.ai\/wp-content\/uploads\/2023\/04\/rusia.png\",\"datePublished\":\"2023-05-14T13:52:49+00:00\",\"dateModified\":\"2025-12-13T15:18:05+00:00\",\"description\":\"D\u00e9couvrez le monde de la grammaire russe gr\u00e2ce \u00e0 notre guide pour d\u00e9butants. Ma\u00eetrisez l'alphabet cyrillique et d\u00e9veloppez vos comp\u00e9tences linguistiques.\",\"breadcrumb\":{\"@id\":\"https:\/\/talkpal.ai\/fr\/grammaire-russe\/#breadcrumb\"},\"inLanguage\":\"fr-FR\",\"potentialAction\":[{\"@type\":\"ReadAction\",\"target\":[\"https:\/\/talkpal.ai\/fr\/grammaire-russe\/\"]}]},{\"@type\":\"ImageObject\",\"inLanguage\":\"fr-FR\",\"@id\":\"https:\/\/talkpal.ai\/fr\/grammaire-russe\/#primaryimage\",\"url\":\"https:\/\/talkpal.ai\/wp-content\/uploads\/2023\/04\/rusia.png\",\"contentUrl\":\"https:\/\/talkpal.ai\/wp-content\/uploads\/2023\/04\/rusia.png\",\"width\":512,\"height\":512},{\"@type\":\"BreadcrumbList\",\"@id\":\"https:\/\/talkpal.ai\/fr\/grammaire-russe\/#breadcrumb\",\"itemListElement\":[{\"@type\":\"ListItem\",\"position\":1,\"name\":\"Homepage\",\"item\":\"https:\/\/talkpal.ai\/fr\/\"},{\"@type\":\"ListItem\",\"position\":2,\"name\":\"Grammaire russe\"}]},{\"@type\":\"WebSite\",\"@id\":\"https:\/\/talkpal.ai\/fr\/#website\",\"url\":\"https:\/\/talkpal.ai\/fr\/\",\"name\":\"Talkpal\",\"description\":\"AI Language Learning\",\"publisher\":{\"@id\":\"https:\/\/talkpal.ai\/fr\/#organization\"},\"alternateName\":\"Talkpal AI\",\"potentialAction\":[{\"@type\":\"SearchAction\",\"target\":{\"@type\":\"EntryPoint\",\"urlTemplate\":\"https:\/\/talkpal.ai\/fr\/?s={search_term_string}\"},\"query-input\":{\"@type\":\"PropertyValueSpecification\",\"valueRequired\":true,\"valueName\":\"search_term_string\"}}],\"inLanguage\":\"fr-FR\"},{\"@type\":\"Organization\",\"@id\":\"https:\/\/talkpal.ai\/fr\/#organization\",\"name\":\"Talkpal, Inc.\",\"alternateName\":\"Talkpal AI\",\"url\":\"https:\/\/talkpal.ai\/fr\/\",\"logo\":{\"@type\":\"ImageObject\",\"inLanguage\":\"fr-FR\",\"@id\":\"https:\/\/talkpal.ai\/fr\/#\/schema\/logo\/image\/\",\"url\":\"https:\/\/talkpal.ai\/wp-content\/uploads\/2024\/03\/Talkpal-Logo-Icon.png\",\"contentUrl\":\"https:\/\/talkpal.ai\/wp-content\/uploads\/2024\/03\/Talkpal-Logo-Icon.png\",\"width\":2880,\"height\":2880,\"caption\":\"Talkpal, Inc.\"},\"image\":{\"@id\":\"https:\/\/talkpal.ai\/fr\/#\/schema\/logo\/image\/\"},\"sameAs\":[\"https:\/\/www.facebook.com\/profile.php?id=100090733639311\",\"https:\/\/x.com\/talkpalai\",\"https:\/\/www.linkedin.com\/company\/talkpal\/\",\"https:\/\/www.youtube.com\/@TalkPal\/\",\"https:\/\/www.tiktok.com\/@talkpal\",\"https:\/\/www.instagram.com\/talkpal_ai\/\",\"https:\/\/www.crunchbase.com\/organization\/talkpal-9cde\",\"https:\/\/www.g2.com\/products\/talkpal-for-business\/\",\"https:\/\/www.trustpilot.com\/review\/talkpal.ai\",\"https:\/\/www.capterra.com\/p\/10006800\/TalkPal\/\"],\"description\":\"Talkpal is a language learning web and mobile education app, powered by the latest AI technologies, that provides engaging experiences to its customers in many different languages to help them improve their language skills. Users can chat about unlimited amount of topics with the app and use other modes to practice their language learning.\",\"email\":\"support@talkpal.ai\",\"legalName\":\"Talkpal, Inc.\",\"foundingDate\":\"2023-04-03\",\"duns\":\"118989042\",\"numberOfEmployees\":{\"@type\":\"QuantitativeValue\",\"minValue\":\"11\",\"maxValue\":\"50\"},\"publishingPrinciples\":\"https:\/\/talkpal.ai\/publishing-principles\/\",\"actionableFeedbackPolicy\":\"https:\/\/talkpal.ai\/actionable-feedback-policy\/\",\"correctionsPolicy\":\"https:\/\/talkpal.ai\/corrections-policy\/\",\"ethicsPolicy\":\"https:\/\/talkpal.ai\/ethics-policy\/\",\"diversityPolicy\":\"https:\/\/talkpal.ai\/diversity-policy\/\",\"diversityStaffingReport\":\"https:\/\/talkpal.ai\/diversity-policy\/\"}]}<\/script>\n<!-- \/ Yoast SEO Premium plugin. -->","yoast_head_json":{"title":"Grammaire russe - Talkpal","description":"D\u00e9couvrez le monde de la grammaire russe gr\u00e2ce \u00e0 notre guide pour d\u00e9butants. Ma\u00eetrisez l'alphabet cyrillique et d\u00e9veloppez vos comp\u00e9tences linguistiques.","robots":{"index":"index","follow":"follow","max-snippet":"max-snippet:-1","max-image-preview":"max-image-preview:large","max-video-preview":"max-video-preview:-1"},"canonical":"https:\/\/talkpal.ai\/fr\/grammaire-russe\/","og_locale":"fr_FR","og_type":"article","og_title":"Grammaire russe","og_description":"Grammaire russe : d\u00e9couvrez les secrets de la ma\u00eetrise du russe F\u00e9licitations pour avoir fait le pas audacieux vers l\u2019apprentissage du russe ! Avec plus","og_url":"https:\/\/talkpal.ai\/fr\/grammaire-russe\/","og_site_name":"Talkpal","article_publisher":"https:\/\/www.facebook.com\/profile.php?id=100090733639311","article_modified_time":"2025-12-13T15:18:05+00:00","og_image":[{"width":512,"height":512,"url":"https:\/\/talkpal.ai\/wp-content\/uploads\/2023\/04\/rusia.png","type":"image\/png"}],"twitter_card":"summary_large_image","twitter_site":"@talkpalai","twitter_misc":{"Dur\u00e9e de lecture estim\u00e9e":"3 minutes"},"schema":{"@context":"https:\/\/schema.org","@graph":[{"@type":"WebPage","@id":"https:\/\/talkpal.ai\/fr\/grammaire-russe\/","url":"https:\/\/talkpal.ai\/fr\/grammaire-russe\/","name":"Grammaire russe - Talkpal","isPartOf":{"@id":"https:\/\/talkpal.ai\/fr\/#website"},"primaryImageOfPage":{"@id":"https:\/\/talkpal.ai\/fr\/grammaire-russe\/#primaryimage"},"image":{"@id":"https:\/\/talkpal.ai\/fr\/grammaire-russe\/#primaryimage"},"thumbnailUrl":"https:\/\/talkpal.ai\/wp-content\/uploads\/2023\/04\/rusia.png","datePublished":"2023-05-14T13:52:49+00:00","dateModified":"2025-12-13T15:18:05+00:00","description":"D\u00e9couvrez le monde de la grammaire russe gr\u00e2ce \u00e0 notre guide pour d\u00e9butants. Ma\u00eetrisez l'alphabet cyrillique et d\u00e9veloppez vos comp\u00e9tences linguistiques.","breadcrumb":{"@id":"https:\/\/talkpal.ai\/fr\/grammaire-russe\/#breadcrumb"},"inLanguage":"fr-FR","potentialAction":[{"@type":"ReadAction","target":["https:\/\/talkpal.ai\/fr\/grammaire-russe\/"]}]},{"@type":"ImageObject","inLanguage":"fr-FR","@id":"https:\/\/talkpal.ai\/fr\/grammaire-russe\/#primaryimage","url":"https:\/\/talkpal.ai\/wp-content\/uploads\/2023\/04\/rusia.png","contentUrl":"https:\/\/talkpal.ai\/wp-content\/uploads\/2023\/04\/rusia.png","width":512,"height":512},{"@type":"BreadcrumbList","@id":"https:\/\/talkpal.ai\/fr\/grammaire-russe\/#breadcrumb","itemListElement":[{"@type":"ListItem","position":1,"name":"Homepage","item":"https:\/\/talkpal.ai\/fr\/"},{"@type":"ListItem","position":2,"name":"Grammaire russe"}]},{"@type":"WebSite","@id":"https:\/\/talkpal.ai\/fr\/#website","url":"https:\/\/talkpal.ai\/fr\/","name":"Talkpal","description":"AI Language Learning","publisher":{"@id":"https:\/\/talkpal.ai\/fr\/#organization"},"alternateName":"Talkpal AI","potentialAction":[{"@type":"SearchAction","target":{"@type":"EntryPoint","urlTemplate":"https:\/\/talkpal.ai\/fr\/?s={search_term_string}"},"query-input":{"@type":"PropertyValueSpecification","valueRequired":true,"valueName":"search_term_string"}}],"inLanguage":"fr-FR"},{"@type":"Organization","@id":"https:\/\/talkpal.ai\/fr\/#organization","name":"Talkpal, Inc.","alternateName":"Talkpal AI","url":"https:\/\/talkpal.ai\/fr\/","logo":{"@type":"ImageObject","inLanguage":"fr-FR","@id":"https:\/\/talkpal.ai\/fr\/#\/schema\/logo\/image\/","url":"https:\/\/talkpal.ai\/wp-content\/uploads\/2024\/03\/Talkpal-Logo-Icon.png","contentUrl":"https:\/\/talkpal.ai\/wp-content\/uploads\/2024\/03\/Talkpal-Logo-Icon.png","width":2880,"height":2880,"caption":"Talkpal, Inc."},"image":{"@id":"https:\/\/talkpal.ai\/fr\/#\/schema\/logo\/image\/"},"sameAs":["https:\/\/www.facebook.com\/profile.php?id=100090733639311","https:\/\/x.com\/talkpalai","https:\/\/www.linkedin.com\/company\/talkpal\/","https:\/\/www.youtube.com\/@TalkPal\/","https:\/\/www.tiktok.com\/@talkpal","https:\/\/www.instagram.com\/talkpal_ai\/","https:\/\/www.crunchbase.com\/organization\/talkpal-9cde","https:\/\/www.g2.com\/products\/talkpal-for-business\/","https:\/\/www.trustpilot.com\/review\/talkpal.ai","https:\/\/www.capterra.com\/p\/10006800\/TalkPal\/"],"description":"Talkpal is a language learning web and mobile education app, powered by the latest AI technologies, that provides engaging experiences to its customers in many different languages to help them improve their language skills. Users can chat about unlimited amount of topics with the app and use other modes to practice their language learning.","email":"support@talkpal.ai","legalName":"Talkpal, Inc.","foundingDate":"2023-04-03","duns":"118989042","numberOfEmployees":{"@type":"QuantitativeValue","minValue":"11","maxValue":"50"},"publishingPrinciples":"https:\/\/talkpal.ai\/publishing-principles\/","actionableFeedbackPolicy":"https:\/\/talkpal.ai\/actionable-feedback-policy\/","correctionsPolicy":"https:\/\/talkpal.ai\/corrections-policy\/","ethicsPolicy":"https:\/\/talkpal.ai\/ethics-policy\/","diversityPolicy":"https:\/\/talkpal.ai\/diversity-policy\/","diversityStaffingReport":"https:\/\/talkpal.ai\/diversity-policy\/"}]}},"_links":{"self":[{"href":"https:\/\/talkpal.ai\/fr\/wp-json\/wp\/v2\/pages\/74336","targetHints":{"allow":["GET"]}}],"collection":[{"href":"https:\/\/talkpal.ai\/fr\/wp-json\/wp\/v2\/pages"}],"about":[{"href":"https:\/\/talkpal.ai\/fr\/wp-json\/wp\/v2\/types\/page"}],"author":[{"embeddable":true,"href":"https:\/\/talkpal.ai\/fr\/wp-json\/wp\/v2\/users\/1"}],"replies":[{"embeddable":true,"href":"https:\/\/talkpal.ai\/fr\/wp-json\/wp\/v2\/comments?post=74336"}],"version-history":[{"count":0,"href":"https:\/\/talkpal.ai\/fr\/wp-json\/wp\/v2\/pages\/74336\/revisions"}],"wp:featuredmedia":[{"embeddable":true,"href":"https:\/\/talkpal.ai\/fr\/wp-json\/wp\/v2\/media\/11600"}],"wp:attachment":[{"href":"https:\/\/talkpal.ai\/fr\/wp-json\/wp\/v2\/media?parent=74336"}],"curies":[{"name":"wp","href":"https:\/\/api.w.org\/{rel}","templated":true}]}}