{"id":74320,"date":"2023-05-14T13:51:46","date_gmt":"2023-05-14T13:51:46","guid":{"rendered":"http:\/\/talkpal.ai\/grammaire-portugaise\/"},"modified":"2025-12-11T16:48:07","modified_gmt":"2025-12-11T16:48:07","slug":"grammaire-portugaise","status":"publish","type":"page","link":"https:\/\/talkpal.ai\/fr\/grammaire-portugaise\/","title":{"rendered":"Grammaire portugaise"},"content":{"rendered":"\r\n\r\n\r\n<section class=\"languageChallengeSection\">\r\n    <div class=\"languageInfoWrapper\">\r\n        \r\n        <h1>Grammaire portugaise<\/h1>\r\n        <p>D\u00e9couvrez l&#039;essentiel de la <a href=\"https:\/\/talkpal.ai\/es\/gramatica-portuguesa\/\">grammaire portugaise<\/a> et ouvrez un monde d&#039;opportunit\u00e9s pour entrer en contact avec des millions de locuteurs dans le monde entier. En ma\u00eetrisant les principales r\u00e8gles et structures, vous serez pr\u00eat \u00e0 communiquer avec assurance et \u00e0 profiter pleinement de la culture portugaise. Commencez \u00e0 apprendre la grammaire portugaise d\u00e8s aujourd&#039;hui et faites le premier pas vers la ma\u00eetrise de la langue !<\/p>\r\n\r\n                            <a class=\"getStartedHidden\" href=\"https:\/\/app.talkpal.ai\/fr\/signup?lng=\">Commencer<\/a>\r\n        \r\n    <\/div>\r\n\r\n    <figure>\r\n    <img decoding=\"async\" width=\"768\" height=\"768\" src=\"https:\/\/talkpal.ai\/wp-content\/uploads\/2023\/06\/portuguese-768x768.png\" class=\"languageImage no-lazy\" alt=\"Default alt text\" fetchpriority=\"high\" sizes=\"(max-width: 768px) 150px, 768px\" srcset=\"https:\/\/talkpal.ai\/wp-content\/uploads\/2023\/06\/portuguese-768x768.png 768w, https:\/\/talkpal.ai\/wp-content\/uploads\/2023\/06\/portuguese-300x300.png 300w\" \/>\r\n    \r\n\r\n    <\/figure>\r\n\r\n            <a class=\"getStartedVisible\" href=\"https:\/\/app.talkpal.ai\/fr\/signup?lng=\">Commencer<\/a>\r\n    \r\n<\/section>\r\n        <section class=\"grammarSection\">\r\n            <div class=\"grammarLinks\">\r\n                <a href=\"https:\/\/talkpal.ai\/fr\/language\/adjectifs-grammaire-portugaise\/\">Adjectifs <\/a><a href=\"https:\/\/talkpal.ai\/fr\/language\/adverbes-grammaire-portugaise\/\">Adverbes <\/a><a href=\"https:\/\/talkpal.ai\/fr\/language\/articles-grammaire-portugaise\/\">Articles <\/a><a href=\"https:\/\/talkpal.ai\/fr\/language\/comparaison-des-temps-grammaire-portugaise\/\">Comparaison des temps <\/a><a href=\"https:\/\/talkpal.ai\/fr\/language\/noms-grammaire-portugaise\/\">Noms <\/a><a href=\"https:\/\/talkpal.ai\/fr\/language\/prepositions-grammaire-portugaise\/\">Pr\u00e9positions <\/a><a href=\"https:\/\/talkpal.ai\/fr\/language\/pronoms-grammaire-portugaise\/\">Pronoms <\/a><a href=\"https:\/\/talkpal.ai\/fr\/language\/structure-de-phrase-grammaire-portugaise\/\">Structure de phrase <\/a><a href=\"https:\/\/talkpal.ai\/fr\/language\/temps-indicatifs-grammaire-portugaise\/\">Temps indicatifs <\/a><a href=\"https:\/\/talkpal.ai\/fr\/language\/temps-subjonctif-grammaire-portugaise\/\">Temps subjonctif <\/a><a href=\"https:\/\/talkpal.ai\/fr\/language\/verbes-grammaire-portugaise\/\">Verbes <\/a>            <\/div>\r\n        <\/section>\r\n    <section class=\"promotionalBanner\">\r\n    <p class=\"promotionalText\">La fa\u00e7on la plus efficace d\u2019apprendre une langue<\/p>\r\n    <a class=\"promotionalLink\" href=\"https:\/\/app.talkpal.ai\/fr\/signup?lng=\">Essayez Talkpal gratuitement<\/a>\r\n<\/section>\n<div class=\"wp-block-group pageContainerStyle\"><div class=\"wp-block-group__inner-container is-layout-constrained wp-block-group-is-layout-constrained\">\n<h2 class=\"wp-block-heading\" id=\"h-a-beginner-s-guide-to-understanding-portuguese-grammar\">Guide du d\u00e9butant pour comprendre la grammaire portugaise<\/h2>\n\n\n\n<p>Que vous planifiez un voyage au <a href=\"https:\/\/talkpal.ai\/locations\/language-courses-in-portugal\/\">Portugal<\/a> ou que vous souhaitiez simplement ma\u00eetriser une <a href=\"https:\/\/talkpal.ai\/fr\/la-meilleure-facon-de-commencer-a-parler-une-nouvelle-langue\/\">nouvelle langue<\/a>, l&rsquo;apprentissage du <a href=\"https:\/\/talkpal.ai\/learn-portuguese\/\">portugais<\/a> peut \u00eatre une exp\u00e9rience passionnante et enrichissante. Un aspect essentiel de l\u2019apprentissage de la langue portugaise, comme tout autre, est la compr\u00e9hension de sa grammaire. Cet article vous guidera \u00e0 travers les bases de la grammaire portugaise, en vous fournissant des conseils et des informations essentiels pour vous aider \u00e0 naviguer et \u00e0 communiquer sans effort. Alors, si vous attendez de plonger dans le monde du portugais, commen\u00e7ons !<\/p>\n\n\n\n<h3 class=\"wp-block-heading\" id=\"h-1-the-basics-nouns-pronouns-and-articles\">1. Les bases : noms, pronoms et articles<\/h3>\n\n\n\n<p>Comme en <a href=\"https:\/\/talkpal.ai\/learn-english-with-ai\/\">anglais<\/a>, la grammaire portugaise est construite autour de noms, de pronoms et d\u2019articles. Les noms en portugais peuvent \u00eatre masculins ou f\u00e9minins, et il est important de d\u00e9terminer le genre pour former des phrases correctes. Par exemple, \u00ab\u00a0o menino\u00a0\u00bb se traduit par \u00ab\u00a0le gar\u00e7on\u00a0\u00bb, tandis que \u00ab\u00a0a menina\u00a0\u00bb se traduit par \u00ab\u00a0la fille\u00a0\u00bb.<\/p>\n\n\n\n<p>Les pronoms en portugais, comme en anglais, agissent comme des substituts aux noms. Eux aussi ont des genres. Les <a href=\"https:\/\/talkpal.ai\/hi\/grammar_exercises\/pronoms-personnels-%e0%a4%ab%e0%a5%8d%e0%a4%b0%e0%a4%be%e0%a4%82%e0%a4%b8%e0%a5%80%e0%a4%b8%e0%a5%80-%e0%a4%b5%e0%a5%8d%e0%a4%af%e0%a4%be%e0%a4%95%e0%a4%b0%e0%a4%a3-%e0%a4%95%e0%a5%87-%e0%a4%b2\/\">pronoms personnels<\/a> incluent eu (je), voc\u00ea\/tu (vous), ele\/ela (il\/elle), n\u00f3s (nous) et eles\/elas (ils).<\/p>\n\n\n\n<p>Les <a href=\"https:\/\/talkpal.ai\/fr\/grammar\/articles-definis-en-grammaire-catalane\/\">articles d\u00e9finis<\/a> (les) et les articles ind\u00e9finis (a\/an) sont \u00e9galement sp\u00e9cifiques au genre et sont essentiels \u00e0 la construction correcte des phrases. En portugais, les articles d\u00e9finis sont \u00ab\u00a0o\u00a0\u00bb (masculin) et \u00ab\u00a0a\u00a0\u00bb (f\u00e9minin), et les articles ind\u00e9finis sont \u00ab\u00a0um\u00a0\u00bb (masculin) et \u00ab\u00a0uma\u00a0\u00bb (f\u00e9minin).<\/p>\n\n\n\n<h3 class=\"wp-block-heading\" id=\"h-2-adjectives-and-adverbs-add-spice-to-your-sentences\">2. Adjectifs et adverbes : ajoutez du piquant \u00e0 vos phrases<\/h3>\n\n\n\n<p>Les adjectifs sont des mots qui d\u00e9crivent ou modifient des noms, et comme les noms, ils ont des genres. En g\u00e9n\u00e9ral, les adjectifs se terminant par \u00ab\u00a0o\u00a0\u00bb sont masculins, tandis que ceux se terminant par \u00ab\u00a0a\u00a0\u00bb sont f\u00e9minins. Il est essentiel de faire correspondre le genre de l&rsquo;adjectif au nom qu&rsquo;il d\u00e9crit. Par exemple, \u00ab\u00a0homem alto\u00a0\u00bb se traduit par \u00ab\u00a0grand homme\u00a0\u00bb, tandis que \u00ab\u00a0mulher alta\u00a0\u00bb signifie \u00ab\u00a0grande femme\u00a0\u00bb.<\/p>\n\n\n\n<p>Les adverbes, quant \u00e0 eux, modifient les verbes, les adjectifs ou d\u2019autres adverbes. En portugais, les adverbes n&rsquo;ont g\u00e9n\u00e9ralement pas de formes sp\u00e9cifiques au genre. Parmi les adverbes les plus courants, citons \u00ab\u00a0rapidamente\u00a0\u00bb (rapidement), \u00ab\u00a0lentamente\u00a0\u00bb (lentement) et \u00ab\u00a0sempre\u00a0\u00bb (toujours).<\/p>\n\n\n\n<h3 class=\"wp-block-heading\" id=\"h-3-verbs-the-action-words\">3. Les verbes : les mots d\u2019action<\/h3>\n\n\n\n<p>Les verbes portugais sont class\u00e9s en trois groupes de conjugaison (-ar, -er, -ir), et leurs formes changent en fonction du temps et du sujet. Voici quelques temps essentiels que vous devez conna\u00eetre :<\/p>\n\n\n\n<p>&#8211; Le pr\u00e9sent (Presente) : D\u00e9crit les actions qui se produisent maintenant ou les actions habituelles.<br\/>&#8211; Le pass\u00e9 (Pret\u00e9rito) : D\u00e9crit des actions qui se sont produites dans le pass\u00e9. Il en existe deux types : Pret\u00e9rito Perfeito (pass\u00e9 simple) et Pret\u00e9rito Imperfeito (pass\u00e9 continu).<br\/>&#8211; Futur (Futuro) : D\u00e9crit les actions qui se produiront dans le futur.<\/p>\n\n\n\n<p>Ma\u00eetriser la conjugaison des verbes peut \u00eatre un d\u00e9fi en portugais, mais la pratique et la coh\u00e9rence vous aideront \u00e0 la saisir plus efficacement.<\/p>\n\n\n\n<h3 class=\"wp-block-heading\" id=\"h-4-word-order-building-understandable-sentences\">4. Ordre des mots : construire des phrases compr\u00e9hensibles<\/h3>\n\n\n\n<p>La structure de phrase typique du portugais suit l\u2019ordre Sujet-Verbe-Objet (SVO). Par exemple, la phrase \u00ab\u00a0Eu amo pizza\u00a0\u00bb (\u00ab\u00a0J&rsquo;aime la pizza\u00a0\u00bb) suit ce mod\u00e8le. Cependant, la grammaire portugaise peut \u00eatre assez flexible, et vous pouvez rencontrer des variations dans l\u2019ordre des mots, en particulier dans la litt\u00e9rature ou les conversations informelles. Le contexte et le bon sens sont cruciaux pour comprendre ces variations.<\/p>\n\n\n\n<h3 class=\"wp-block-heading\" id=\"h-5-negation-and-interrogation-say-no-and-ask-questions\">5. N\u00e9gation et interrogatoire : dire non et poser des questions<\/h3>\n\n\n\n<p>Pour nier une phrase en portugais, il suffit de placer le mot \u00ab\u00a0n\u00e3o\u00a0\u00bb devant le verbe. Par exemple, \u00ab\u00a0Eu n\u00e3o falo portugu\u00eas\u00a0\u00bb signifie \u00ab\u00a0Je ne parle pas portugais\u00a0\u00bb.<\/p>\n\n\n\n<p>Pour transformer un \u00e9nonc\u00e9 en question en portugais, vous pouvez soit changer l&rsquo;ordre des mots, soit utiliser un mot interrogatif (comme \u00ab\u00a0quem\u00a0\u00bb pour \u00ab\u00a0qui\u00a0\u00bb, \u00ab\u00a0o que\u00a0\u00bb pour \u00ab\u00a0quoi\u00a0\u00bb ou \u00ab\u00a0onde\u00a0\u00bb pour \u00ab\u00a0o\u00f9\u00a0\u00bb). Par exemple, \u00ab\u00a0Voc\u00ea fala ingl\u00eas ?\u00a0\u00bb se traduit par \u00ab\u00a0Parlez-vous anglais ?\u00a0\u00bb.<\/p>\n\n\n\n<h3 class=\"wp-block-heading\" id=\"h-conclusion\">Conclusion<\/h3>\n\n\n\n<p>L&rsquo;apprentissage de la grammaire portugaise peut sembler intimidant, mais ne vous d\u00e9couragez pas ! Chaque langue a ses complexit\u00e9s, mais avec de la constance, de la pratique et un peu de patience, vous parviendrez \u00e0 communiquer avec assurance et efficacit\u00e9. Gardez \u00e0 l\u2019esprit que l\u2019apprentissage de la grammaire n\u2019est qu\u2019une partie de l\u2019acquisition de la langue, et que vous devez \u00e9galement vous entra\u00eener \u00e0 \u00e9couter, \u00e0 parler et \u00e0 lire en portugais. Boa sorte\u00a0! (Bonne chance !)<\/p>\n<\/div><\/div>\n\r\n<section class=\"learnNavigationSection\">\r\n            \r\n        <a href=\"https:\/\/talkpal.ai\/fr\/apprendre-le-portugais\/\">\r\n            <div class=\"learnNavigationWrapper\">\r\n                <div class=\"learnNavigationContent\">\r\n                    <img decoding=\"async\" src=\"https:\/\/talkpal.ai\/wp-content\/uploads\/2024\/08\/Portuguese.jpg\" alt=\"Portuguese Flag\">\r\n                    <div>\r\n                        <h4>\u00c0 propos de Portugal Learning<\/h4>\r\n                        <p>D\u00e9couvrez la grammaire portugaise.<\/p>\r\n                    <\/div>\r\n                <\/div>\r\n            <\/div>\r\n        <\/a>\r\n\r\n        \r\n        <a href=\"https:\/\/talkpal.ai\/fr\/exercices-de-grammaire-portugaise\/\">\r\n            <div class=\"learnNavigationWrapper\">\r\n                <div class=\"learnNavigationContent\">\r\n                    <img decoding=\"async\" src=\"https:\/\/talkpal.ai\/wp-content\/uploads\/2024\/08\/Portuguese.jpg\" alt=\"Portuguese Flag\">\r\n                    <div>\r\n                        <h4>Exercice de grammaire portugaise<\/h4>\r\n                        <p>Pratiquez la grammaire portugaise.<\/p>\r\n                    <\/div>\r\n                <\/div>\r\n            <\/div>\r\n        <\/a>\r\n\r\n        \r\n        <a href=\"https:\/\/talkpal.ai\/vocabulary_language\/portuguese\/\">\r\n            <div class=\"learnNavigationWrapper\">\r\n                <div class=\"learnNavigationContent\">\r\n                    <img decoding=\"async\" src=\"https:\/\/talkpal.ai\/wp-content\/uploads\/2024\/08\/Portuguese.jpg\" alt=\"Portuguese Flag\">\r\n                    <div>\r\n                        <h4>Vocabulaire portugais<\/h4>\r\n                        <p>\u00c9largissez votre vocabulaire portugais.<\/p>\r\n                    <\/div>\r\n                <\/div>\r\n            <\/div>\r\n        <\/a>\r\n\r\n            <\/section>","protected":false},"excerpt":{"rendered":"<p>Guide du d\u00e9butant pour comprendre la grammaire portugaise Que vous planifiez un voyage au Portugal ou que vous souhaitiez simplement ma\u00eetriser une nouvelle langue, l&rsquo;apprentissage du portugais peut \u00eatre une exp\u00e9rience passionnante et enrichissante. Un aspect essentiel de l\u2019apprentissage de la langue portugaise, comme tout autre, est la compr\u00e9hension de sa grammaire. Cet article vous [&hellip;]<\/p>\n","protected":false},"author":1,"featured_media":11593,"parent":0,"menu_order":0,"comment_status":"closed","ping_status":"closed","template":"LearningContentPage.php","meta":{"_acf_changed":false,"footnotes":""},"class_list":["post-74320","page","type-page","status-publish","has-post-thumbnail","hentry"],"acf":[],"yoast_head":"<!-- This site is optimized with the Yoast SEO Premium plugin v27.2 (Yoast SEO v27.2) - https:\/\/yoast.com\/product\/yoast-seo-premium-wordpress\/ -->\n<title>Grammaire portugaise - Talkpal<\/title>\n<meta name=\"description\" content=\"Ma\u00eetrisez la grammaire portugaise gr\u00e2ce \u00e0 des exercices interactifs con\u00e7us pour tous les niveaux. Am\u00e9liorez vos comp\u00e9tences linguistiques !\" \/>\n<meta name=\"robots\" content=\"index, follow, max-snippet:-1, max-image-preview:large, max-video-preview:-1\" \/>\n<link rel=\"canonical\" href=\"https:\/\/talkpal.ai\/fr\/grammaire-portugaise\/\" \/>\n<meta property=\"og:locale\" content=\"fr_FR\" \/>\n<meta property=\"og:type\" content=\"article\" \/>\n<meta property=\"og:title\" content=\"Grammaire portugaise\" \/>\n<meta property=\"og:description\" content=\"Guide du d\u00e9butant pour comprendre la grammaire portugaise Que vous planifiez un voyage au Portugal ou que vous souhaitiez simplement ma\u00eetriser une\" \/>\n<meta property=\"og:url\" content=\"https:\/\/talkpal.ai\/fr\/grammaire-portugaise\/\" \/>\n<meta property=\"og:site_name\" content=\"Talkpal\" \/>\n<meta property=\"article:publisher\" content=\"https:\/\/www.facebook.com\/profile.php?id=100090733639311\" \/>\n<meta property=\"article:modified_time\" content=\"2025-12-11T16:48:07+00:00\" \/>\n<meta property=\"og:image\" content=\"https:\/\/talkpal.ai\/wp-content\/uploads\/2023\/04\/portugal.png\" \/>\n\t<meta property=\"og:image:width\" content=\"512\" \/>\n\t<meta property=\"og:image:height\" content=\"512\" \/>\n\t<meta property=\"og:image:type\" content=\"image\/png\" \/>\n<meta name=\"twitter:card\" content=\"summary_large_image\" \/>\n<meta name=\"twitter:site\" content=\"@talkpalai\" \/>\n<meta name=\"twitter:label1\" content=\"Dur\u00e9e de lecture estim\u00e9e\" \/>\n\t<meta name=\"twitter:data1\" content=\"4 minutes\" \/>\n<script type=\"application\/ld+json\" class=\"yoast-schema-graph\">{\"@context\":\"https:\/\/schema.org\",\"@graph\":[{\"@type\":\"WebPage\",\"@id\":\"https:\/\/talkpal.ai\/fr\/grammaire-portugaise\/\",\"url\":\"https:\/\/talkpal.ai\/fr\/grammaire-portugaise\/\",\"name\":\"Grammaire portugaise - Talkpal\",\"isPartOf\":{\"@id\":\"https:\/\/talkpal.ai\/fr\/#website\"},\"primaryImageOfPage\":{\"@id\":\"https:\/\/talkpal.ai\/fr\/grammaire-portugaise\/#primaryimage\"},\"image\":{\"@id\":\"https:\/\/talkpal.ai\/fr\/grammaire-portugaise\/#primaryimage\"},\"thumbnailUrl\":\"https:\/\/talkpal.ai\/wp-content\/uploads\/2023\/04\/portugal.png\",\"datePublished\":\"2023-05-14T13:51:46+00:00\",\"dateModified\":\"2025-12-11T16:48:07+00:00\",\"description\":\"Ma\u00eetrisez la grammaire portugaise gr\u00e2ce \u00e0 des exercices interactifs con\u00e7us pour tous les niveaux. Am\u00e9liorez vos comp\u00e9tences linguistiques !\",\"breadcrumb\":{\"@id\":\"https:\/\/talkpal.ai\/fr\/grammaire-portugaise\/#breadcrumb\"},\"inLanguage\":\"fr-FR\",\"potentialAction\":[{\"@type\":\"ReadAction\",\"target\":[\"https:\/\/talkpal.ai\/fr\/grammaire-portugaise\/\"]}]},{\"@type\":\"ImageObject\",\"inLanguage\":\"fr-FR\",\"@id\":\"https:\/\/talkpal.ai\/fr\/grammaire-portugaise\/#primaryimage\",\"url\":\"https:\/\/talkpal.ai\/wp-content\/uploads\/2023\/04\/portugal.png\",\"contentUrl\":\"https:\/\/talkpal.ai\/wp-content\/uploads\/2023\/04\/portugal.png\",\"width\":512,\"height\":512},{\"@type\":\"BreadcrumbList\",\"@id\":\"https:\/\/talkpal.ai\/fr\/grammaire-portugaise\/#breadcrumb\",\"itemListElement\":[{\"@type\":\"ListItem\",\"position\":1,\"name\":\"Homepage\",\"item\":\"https:\/\/talkpal.ai\/fr\/\"},{\"@type\":\"ListItem\",\"position\":2,\"name\":\"Grammaire portugaise\"}]},{\"@type\":\"WebSite\",\"@id\":\"https:\/\/talkpal.ai\/fr\/#website\",\"url\":\"https:\/\/talkpal.ai\/fr\/\",\"name\":\"Talkpal\",\"description\":\"AI Language Learning\",\"publisher\":{\"@id\":\"https:\/\/talkpal.ai\/fr\/#organization\"},\"alternateName\":\"Talkpal AI\",\"potentialAction\":[{\"@type\":\"SearchAction\",\"target\":{\"@type\":\"EntryPoint\",\"urlTemplate\":\"https:\/\/talkpal.ai\/fr\/?s={search_term_string}\"},\"query-input\":{\"@type\":\"PropertyValueSpecification\",\"valueRequired\":true,\"valueName\":\"search_term_string\"}}],\"inLanguage\":\"fr-FR\"},{\"@type\":\"Organization\",\"@id\":\"https:\/\/talkpal.ai\/fr\/#organization\",\"name\":\"Talkpal, Inc.\",\"alternateName\":\"Talkpal AI\",\"url\":\"https:\/\/talkpal.ai\/fr\/\",\"logo\":{\"@type\":\"ImageObject\",\"inLanguage\":\"fr-FR\",\"@id\":\"https:\/\/talkpal.ai\/fr\/#\/schema\/logo\/image\/\",\"url\":\"https:\/\/talkpal.ai\/wp-content\/uploads\/2024\/03\/Talkpal-Logo-Icon.png\",\"contentUrl\":\"https:\/\/talkpal.ai\/wp-content\/uploads\/2024\/03\/Talkpal-Logo-Icon.png\",\"width\":2880,\"height\":2880,\"caption\":\"Talkpal, Inc.\"},\"image\":{\"@id\":\"https:\/\/talkpal.ai\/fr\/#\/schema\/logo\/image\/\"},\"sameAs\":[\"https:\/\/www.facebook.com\/profile.php?id=100090733639311\",\"https:\/\/x.com\/talkpalai\",\"https:\/\/www.linkedin.com\/company\/talkpal\/\",\"https:\/\/www.youtube.com\/@TalkPal\/\",\"https:\/\/www.tiktok.com\/@talkpal\",\"https:\/\/www.instagram.com\/talkpal_ai\/\",\"https:\/\/www.crunchbase.com\/organization\/talkpal-9cde\",\"https:\/\/www.g2.com\/products\/talkpal-for-business\/\",\"https:\/\/www.trustpilot.com\/review\/talkpal.ai\",\"https:\/\/www.capterra.com\/p\/10006800\/TalkPal\/\"],\"description\":\"Talkpal is a language learning web and mobile education app, powered by the latest AI technologies, that provides engaging experiences to its customers in many different languages to help them improve their language skills. Users can chat about unlimited amount of topics with the app and use other modes to practice their language learning.\",\"email\":\"support@talkpal.ai\",\"legalName\":\"Talkpal, Inc.\",\"foundingDate\":\"2023-04-03\",\"duns\":\"118989042\",\"numberOfEmployees\":{\"@type\":\"QuantitativeValue\",\"minValue\":\"11\",\"maxValue\":\"50\"},\"publishingPrinciples\":\"https:\/\/talkpal.ai\/publishing-principles\/\",\"actionableFeedbackPolicy\":\"https:\/\/talkpal.ai\/actionable-feedback-policy\/\",\"correctionsPolicy\":\"https:\/\/talkpal.ai\/corrections-policy\/\",\"ethicsPolicy\":\"https:\/\/talkpal.ai\/ethics-policy\/\",\"diversityPolicy\":\"https:\/\/talkpal.ai\/diversity-policy\/\",\"diversityStaffingReport\":\"https:\/\/talkpal.ai\/diversity-policy\/\"}]}<\/script>\n<!-- \/ Yoast SEO Premium plugin. -->","yoast_head_json":{"title":"Grammaire portugaise - Talkpal","description":"Ma\u00eetrisez la grammaire portugaise gr\u00e2ce \u00e0 des exercices interactifs con\u00e7us pour tous les niveaux. Am\u00e9liorez vos comp\u00e9tences linguistiques !","robots":{"index":"index","follow":"follow","max-snippet":"max-snippet:-1","max-image-preview":"max-image-preview:large","max-video-preview":"max-video-preview:-1"},"canonical":"https:\/\/talkpal.ai\/fr\/grammaire-portugaise\/","og_locale":"fr_FR","og_type":"article","og_title":"Grammaire portugaise","og_description":"Guide du d\u00e9butant pour comprendre la grammaire portugaise Que vous planifiez un voyage au Portugal ou que vous souhaitiez simplement ma\u00eetriser une","og_url":"https:\/\/talkpal.ai\/fr\/grammaire-portugaise\/","og_site_name":"Talkpal","article_publisher":"https:\/\/www.facebook.com\/profile.php?id=100090733639311","article_modified_time":"2025-12-11T16:48:07+00:00","og_image":[{"width":512,"height":512,"url":"https:\/\/talkpal.ai\/wp-content\/uploads\/2023\/04\/portugal.png","type":"image\/png"}],"twitter_card":"summary_large_image","twitter_site":"@talkpalai","twitter_misc":{"Dur\u00e9e de lecture estim\u00e9e":"4 minutes"},"schema":{"@context":"https:\/\/schema.org","@graph":[{"@type":"WebPage","@id":"https:\/\/talkpal.ai\/fr\/grammaire-portugaise\/","url":"https:\/\/talkpal.ai\/fr\/grammaire-portugaise\/","name":"Grammaire portugaise - Talkpal","isPartOf":{"@id":"https:\/\/talkpal.ai\/fr\/#website"},"primaryImageOfPage":{"@id":"https:\/\/talkpal.ai\/fr\/grammaire-portugaise\/#primaryimage"},"image":{"@id":"https:\/\/talkpal.ai\/fr\/grammaire-portugaise\/#primaryimage"},"thumbnailUrl":"https:\/\/talkpal.ai\/wp-content\/uploads\/2023\/04\/portugal.png","datePublished":"2023-05-14T13:51:46+00:00","dateModified":"2025-12-11T16:48:07+00:00","description":"Ma\u00eetrisez la grammaire portugaise gr\u00e2ce \u00e0 des exercices interactifs con\u00e7us pour tous les niveaux. Am\u00e9liorez vos comp\u00e9tences linguistiques !","breadcrumb":{"@id":"https:\/\/talkpal.ai\/fr\/grammaire-portugaise\/#breadcrumb"},"inLanguage":"fr-FR","potentialAction":[{"@type":"ReadAction","target":["https:\/\/talkpal.ai\/fr\/grammaire-portugaise\/"]}]},{"@type":"ImageObject","inLanguage":"fr-FR","@id":"https:\/\/talkpal.ai\/fr\/grammaire-portugaise\/#primaryimage","url":"https:\/\/talkpal.ai\/wp-content\/uploads\/2023\/04\/portugal.png","contentUrl":"https:\/\/talkpal.ai\/wp-content\/uploads\/2023\/04\/portugal.png","width":512,"height":512},{"@type":"BreadcrumbList","@id":"https:\/\/talkpal.ai\/fr\/grammaire-portugaise\/#breadcrumb","itemListElement":[{"@type":"ListItem","position":1,"name":"Homepage","item":"https:\/\/talkpal.ai\/fr\/"},{"@type":"ListItem","position":2,"name":"Grammaire portugaise"}]},{"@type":"WebSite","@id":"https:\/\/talkpal.ai\/fr\/#website","url":"https:\/\/talkpal.ai\/fr\/","name":"Talkpal","description":"AI Language Learning","publisher":{"@id":"https:\/\/talkpal.ai\/fr\/#organization"},"alternateName":"Talkpal AI","potentialAction":[{"@type":"SearchAction","target":{"@type":"EntryPoint","urlTemplate":"https:\/\/talkpal.ai\/fr\/?s={search_term_string}"},"query-input":{"@type":"PropertyValueSpecification","valueRequired":true,"valueName":"search_term_string"}}],"inLanguage":"fr-FR"},{"@type":"Organization","@id":"https:\/\/talkpal.ai\/fr\/#organization","name":"Talkpal, Inc.","alternateName":"Talkpal AI","url":"https:\/\/talkpal.ai\/fr\/","logo":{"@type":"ImageObject","inLanguage":"fr-FR","@id":"https:\/\/talkpal.ai\/fr\/#\/schema\/logo\/image\/","url":"https:\/\/talkpal.ai\/wp-content\/uploads\/2024\/03\/Talkpal-Logo-Icon.png","contentUrl":"https:\/\/talkpal.ai\/wp-content\/uploads\/2024\/03\/Talkpal-Logo-Icon.png","width":2880,"height":2880,"caption":"Talkpal, Inc."},"image":{"@id":"https:\/\/talkpal.ai\/fr\/#\/schema\/logo\/image\/"},"sameAs":["https:\/\/www.facebook.com\/profile.php?id=100090733639311","https:\/\/x.com\/talkpalai","https:\/\/www.linkedin.com\/company\/talkpal\/","https:\/\/www.youtube.com\/@TalkPal\/","https:\/\/www.tiktok.com\/@talkpal","https:\/\/www.instagram.com\/talkpal_ai\/","https:\/\/www.crunchbase.com\/organization\/talkpal-9cde","https:\/\/www.g2.com\/products\/talkpal-for-business\/","https:\/\/www.trustpilot.com\/review\/talkpal.ai","https:\/\/www.capterra.com\/p\/10006800\/TalkPal\/"],"description":"Talkpal is a language learning web and mobile education app, powered by the latest AI technologies, that provides engaging experiences to its customers in many different languages to help them improve their language skills. Users can chat about unlimited amount of topics with the app and use other modes to practice their language learning.","email":"support@talkpal.ai","legalName":"Talkpal, Inc.","foundingDate":"2023-04-03","duns":"118989042","numberOfEmployees":{"@type":"QuantitativeValue","minValue":"11","maxValue":"50"},"publishingPrinciples":"https:\/\/talkpal.ai\/publishing-principles\/","actionableFeedbackPolicy":"https:\/\/talkpal.ai\/actionable-feedback-policy\/","correctionsPolicy":"https:\/\/talkpal.ai\/corrections-policy\/","ethicsPolicy":"https:\/\/talkpal.ai\/ethics-policy\/","diversityPolicy":"https:\/\/talkpal.ai\/diversity-policy\/","diversityStaffingReport":"https:\/\/talkpal.ai\/diversity-policy\/"}]}},"_links":{"self":[{"href":"https:\/\/talkpal.ai\/fr\/wp-json\/wp\/v2\/pages\/74320","targetHints":{"allow":["GET"]}}],"collection":[{"href":"https:\/\/talkpal.ai\/fr\/wp-json\/wp\/v2\/pages"}],"about":[{"href":"https:\/\/talkpal.ai\/fr\/wp-json\/wp\/v2\/types\/page"}],"author":[{"embeddable":true,"href":"https:\/\/talkpal.ai\/fr\/wp-json\/wp\/v2\/users\/1"}],"replies":[{"embeddable":true,"href":"https:\/\/talkpal.ai\/fr\/wp-json\/wp\/v2\/comments?post=74320"}],"version-history":[{"count":0,"href":"https:\/\/talkpal.ai\/fr\/wp-json\/wp\/v2\/pages\/74320\/revisions"}],"wp:featuredmedia":[{"embeddable":true,"href":"https:\/\/talkpal.ai\/fr\/wp-json\/wp\/v2\/media\/11593"}],"wp:attachment":[{"href":"https:\/\/talkpal.ai\/fr\/wp-json\/wp\/v2\/media?parent=74320"}],"curies":[{"name":"wp","href":"https:\/\/api.w.org\/{rel}","templated":true}]}}