{"id":74305,"date":"2023-05-14T13:50:21","date_gmt":"2023-05-14T13:50:21","guid":{"rendered":"http:\/\/talkpal.ai\/grammaire-finnoise\/"},"modified":"2025-12-11T17:07:30","modified_gmt":"2025-12-11T17:07:30","slug":"grammaire-finnoise","status":"publish","type":"page","link":"https:\/\/talkpal.ai\/fr\/grammaire-finnoise\/","title":{"rendered":"Grammaire finnoise"},"content":{"rendered":"\r\n\r\n\r\n<section class=\"languageChallengeSection\">\r\n    <div class=\"languageInfoWrapper\">\r\n        \r\n        <h1>Grammaire finnoise<\/h1>\r\n        <p>Pr\u00eat \u00e0 d\u00e9couvrir les secrets du finnois ? Plongez dans la <a href=\"https:\/\/talkpal.ai\/es\/gramatica-finlandesa\/\">grammaire finlandaise<\/a>, c\u00e9l\u00e8bre pour sa structure logique, l&#039;harmonie de ses voyelles et un nombre impressionnant de cas. Commencez \u00e0 apprendre d\u00e8s aujourd&#039;hui &#8211; la ma\u00eetrise de la grammaire finlandaise vous donnera la confiance n\u00e9cessaire pour parler et communiquer, tout en vous ouvrant les portes de la riche culture et des traditions finlandaises !<\/p>\r\n\r\n                            <a class=\"getStartedHidden\" href=\"https:\/\/app.talkpal.ai\/fr\/signup?lng=\">Commencer<\/a>\r\n        \r\n    <\/div>\r\n\r\n    <figure>\r\n    <img decoding=\"async\" width=\"768\" height=\"768\" src=\"https:\/\/talkpal.ai\/wp-content\/uploads\/2023\/06\/Finnish-768x768.png\" class=\"languageImage no-lazy\" alt=\"Default alt text\" fetchpriority=\"high\" sizes=\"(max-width: 768px) 150px, 768px\" srcset=\"https:\/\/talkpal.ai\/wp-content\/uploads\/2023\/06\/Finnish-768x768.png 768w, https:\/\/talkpal.ai\/wp-content\/uploads\/2023\/06\/Finnish-300x300.png 300w\" \/>\r\n    \r\n\r\n    <\/figure>\r\n\r\n            <a class=\"getStartedVisible\" href=\"https:\/\/app.talkpal.ai\/fr\/signup?lng=\">Commencer<\/a>\r\n    \r\n<\/section>\r\n        <section class=\"grammarSection\">\r\n            <div class=\"grammarLinks\">\r\n                <a href=\"https:\/\/talkpal.ai\/fr\/language\/adjectifs-grammaire-finnoise\/\">Adjectifs <\/a><a href=\"https:\/\/talkpal.ai\/fr\/language\/adverbes-grammaire-finnoise\/\">Adverbes <\/a><a href=\"https:\/\/talkpal.ai\/fr\/language\/articles-grammaire-finnoise\/\">Articles <\/a><a href=\"https:\/\/talkpal.ai\/fr\/language\/comparaison-des-temps-grammaire-finnoise\/\">Comparaison des temps <\/a><a href=\"https:\/\/talkpal.ai\/fr\/language\/noms-grammaire-finnoise\/\">Noms <\/a><a href=\"https:\/\/talkpal.ai\/fr\/language\/postpositions-grammaire-finnoise\/\">Postpositions <\/a><a href=\"https:\/\/talkpal.ai\/fr\/language\/potentiel-des-temps-grammaire-finnoise\/\">Potentiel des temps <\/a><a href=\"https:\/\/talkpal.ai\/fr\/language\/structure-de-phrase-grammaire-finnoise\/\">Structure de phrase <\/a><a href=\"https:\/\/talkpal.ai\/fr\/language\/temps-imperatifs-grammaire-finnoise\/\">Temps imp\u00e9ratifs <\/a><a href=\"https:\/\/talkpal.ai\/fr\/language\/temps-indicatifs-grammaire-finnoise\/\">Temps indicatifs <\/a><a href=\"https:\/\/talkpal.ai\/fr\/language\/verbes-grammaire-finnoise\/\">Verbes <\/a>            <\/div>\r\n        <\/section>\r\n    <section class=\"promotionalBanner\">\r\n    <p class=\"promotionalText\">La fa\u00e7on la plus efficace d\u2019apprendre une langue<\/p>\r\n    <a class=\"promotionalLink\" href=\"https:\/\/app.talkpal.ai\/fr\/signup?lng=\">Essayez Talkpal gratuitement<\/a>\r\n<\/section>\n<div class=\"wp-block-group pageContainerStyle\"><div class=\"wp-block-group__inner-container is-layout-constrained wp-block-group-is-layout-constrained\">\n<h2 class=\"wp-block-heading\" id=\"h-finnish-grammar-a-guide-to-mastering-the-complexities-of-the-finnish-language\">Grammaire finnoise : un guide pour ma\u00eetriser les complexit\u00e9s de la langue finnoise<\/h2>\n\n\n\n<p>Le finnois, une langue unique et fascinante parl\u00e9e par environ 5 millions de personnes, est connue pour sa complexit\u00e9 et son syst\u00e8me grammatical distinctif. \u00c0 premi\u00e8re vue, les r\u00e8gles et les structures de la grammaire finnoise peuvent sembler intimidantes, mais n\u2019ayez crainte ! Avec de la patience, de la pratique et des conseils, vous pouvez percer les myst\u00e8res de la grammaire finnoise et am\u00e9liorer vos comp\u00e9tences linguistiques. Dans cet article, nous vous proposons un aper\u00e7u de la grammaire finlandaise et quelques conseils pour faciliter votre apprentissage.<\/p>\n\n\n\n<h3 class=\"wp-block-heading\" id=\"h-the-basics-of-finnish-grammar\">Les bases de la grammaire finnoise :<\/h3>\n\n\n\n<p>La grammaire finnoise, tr\u00e8s diff\u00e9rente de la <a href=\"https:\/\/talkpal.ai\/english-grammar\/\">grammaire anglaise<\/a>, se caract\u00e9rise par sa riche utilisation des cas, l\u2019absence de genre grammatical et son syst\u00e8me unique de conjugaison des verbes. Voici quelques aspects essentiels de la grammaire finnoise que vous devez conna\u00eetre :<\/p>\n\n\n\n<p><strong>1. Cas des noms :<\/strong> Le finnois a 15 cas nominaux, ce qui indique la relation entre un nom et les autres constituants d\u2019une phrase. Chaque cas nominal a une terminaison sp\u00e9cifique qui est attach\u00e9e au radical du nom. Quelques exemples de cas nominaux incluent le nominatif, le g\u00e9nitif, l\u2019accusatif et le partitif.<\/p>\n\n\n\n<p><strong>2. Pas de genre grammatical :<\/strong> Contrairement \u00e0 de nombreuses langues, le finnois n\u2019attribue pas de genre aux noms. Au lieu de cela, la langue utilise un seul mot &#8211; h\u00e4n &#8211; pour d\u00e9signer \u00e0 la fois \u00ab\u00a0il\u00a0\u00bb et \u00ab\u00a0elle\u00a0\u00bb. Cette caract\u00e9ristique simplifie le processus d&rsquo;apprentissage du finnois et \u00e9limine la n\u00e9cessit\u00e9 de m\u00e9moriser les articles ou les formes de pronoms sexu\u00e9s.<\/p>\n\n\n\n<p><strong>3. Conjugaison<\/strong> des verbes : Les verbes finnois sont conjugu\u00e9s en fonction du <a href=\"https:\/\/talkpal.ai\/zh-hans\/grammar_exercises\/temps-%e6%b3%95%e8%af%ad%e8%af%ad%e6%b3%95%e7%bb%83%e4%b9%a0\/\">temps<\/a>, de l\u2019humeur et de la voix. Il existe quatre temps verbaux en finnois : pr\u00e9sent, pass\u00e9, parfait et <a href=\"https:\/\/talkpal.ai\/ar\/grammar_exercises\/plus-que-parfait-%d8%aa%d9%85%d8%a7%d8%b1%d9%8a%d9%86-%d9%84%d9%84%d9%82%d9%88%d8%a7%d8%b9%d8%af-%d8%a7%d9%84%d9%81%d8%b1%d9%86%d8%b3%d9%8a%d8%a9\/\">plus-que-parfait<\/a>. De plus, les verbes finnois ont cinq modes : indicatif, conditionnel, potentiel, <a href=\"https:\/\/talkpal.ai\/ko\/grammar_exercises\/imperatif-%ed%94%84%eb%9e%91%ec%8a%a4-%eb%ac%b8%eb%b2%95-%ec%9a%b4%eb%8f%99\/\">imp\u00e9ratif<\/a> et \u00e9v\u00e9nementiel.<\/p>\n\n\n\n<p><strong>4. Harmonie des voyelles<\/strong> : En finnois, les voyelles sont divis\u00e9es en trois groupes : avant (\u00e4, \u00f6, y), arri\u00e8re (a, o, u) et neutre (i, e). En raison de l\u2019harmonie des voyelles, les voyelles avant et arri\u00e8re ne peuvent g\u00e9n\u00e9ralement pas appara\u00eetre dans le m\u00eame mot, \u00e0 l\u2019exception des mots compos\u00e9s et de certains mots d\u2019emprunt.<\/p>\n\n\n\n<h3 class=\"wp-block-heading\" id=\"h-strategies-for-learning-finnish-grammar\">Strat\u00e9gies pour apprendre la grammaire finnoise :<\/h3>\n\n\n\n<p>Comprendre la grammaire finlandaise peut sembler insurmontable, mais avec le bon \u00e9tat d&rsquo;esprit et les bonnes strat\u00e9gies d&rsquo;apprentissage, vous serez en mesure d&rsquo;en venir \u00e0 bout. Voici quelques conseils utiles pour guider votre \u00e9tude :<\/p>\n\n\n\n<p><strong>1. Faites des petits pas :<\/strong> Commencez par les bases de la grammaire finnoise, telles que les cas des noms et la conjugaison des verbes. En d\u00e9composant des r\u00e8gles complexes en \u00e9l\u00e9ments plus petits et digestes, vous serez en mesure de progresser r\u00e9guli\u00e8rement et de construire une base solide.<\/p>\n\n\n\n<p><strong>2. Pratiquez r\u00e9guli\u00e8rement :<\/strong> La coh\u00e9rence est essentielle lors de l\u2019apprentissage d\u2019une langue. Consacrez du temps chaque jour ou chaque semaine \u00e0 la <a href=\"https:\/\/talkpal.ai\/grammar\/\">pratique de la grammaire<\/a> par le biais d\u2019exercices, de la lecture et de l\u2019\u00e9criture en finnois.<\/p>\n\n\n\n<p><strong>3. Utilisez des ressources natives :<\/strong> Pour mieux comprendre la grammaire finnoise dans son contexte, plongez-vous dans des documents natifs, tels que de la litt\u00e9rature, des articles de presse et des podcasts. Cela vous aidera \u00e0 int\u00e9rioriser les r\u00e8gles et \u00e0 am\u00e9liorer vos capacit\u00e9s d\u2019\u00e9coute et de lecture.<\/p>\n\n\n\n<p><strong>4. Connectez-vous avec des locuteurs<\/strong> natifs : Engager la conversation avec des locuteurs natifs finnois est un excellent moyen de pratiquer la grammaire et de recevoir des commentaires pr\u00e9cieux. Envisagez de rejoindre des groupes d\u2019\u00e9change linguistique ou des forums en ligne o\u00f9 vous pourrez entrer en <a href=\"https:\/\/talkpal.ai\/contact\/\">contact<\/a> avec des personnes qui parlent finnois.<\/p>\n\n\n\n<p><strong>5. Soyez patient et pers\u00e9v\u00e9rant :<\/strong> L&rsquo;apprentissage de la grammaire finlandaise est un parcours sem\u00e9 d&#8217;emb\u00fbches, mais avec de la patience et du d\u00e9vouement, vous en d\u00e9couvrirez les subtilit\u00e9s et deviendrez comp\u00e9tent dans la langue.<\/p>\n\n\n\n<h3 class=\"wp-block-heading\" id=\"h-conclusion\">Conclusion :<\/h3>\n\n\n\n<p>Le monde de la grammaire finlandaise, bien que complexe, est un monde intrigant qui peut \u00eatre d\u00e9m\u00eal\u00e9 par la d\u00e9termination et la pratique. En vous familiarisant avec les \u00e9l\u00e9ments essentiels de la grammaire finlandaise et en suivant nos strat\u00e9gies d&rsquo;apprentissage, vous ouvrirez la voie vers la fluidit\u00e9 et une appr\u00e9ciation plus profonde de cette langue captivante. Plongez donc dans les subtilit\u00e9s de la grammaire finlandaise avec un \u00e9tat d&rsquo;esprit positif et, avant m\u00eame de vous en rendre compte, vous naviguerez en toute confiance dans le paysage linguistique du Suomi !<\/p>\n<\/div><\/div>\n\r\n<section class=\"learnNavigationSection\">\r\n            \r\n        <a href=\"https:\/\/talkpal.ai\/fr\/apprendre-le-finnois\/\">\r\n            <div class=\"learnNavigationWrapper\">\r\n                <div class=\"learnNavigationContent\">\r\n                    <img decoding=\"async\" src=\"https:\/\/talkpal.ai\/wp-content\/uploads\/2024\/08\/Finnish.jpg\" alt=\"Finnish Flag\">\r\n                    <div>\r\n                        <h4>\u00c0 propos de l&#039;apprentissage du finnois<\/h4>\r\n                        <p>Tout savoir sur la grammaire finlandaise.<\/p>\r\n                    <\/div>\r\n                <\/div>\r\n            <\/div>\r\n        <\/a>\r\n\r\n        \r\n        <a href=\"https:\/\/talkpal.ai\/fr\/exercices-de-grammaire-finnoise\/\">\r\n            <div class=\"learnNavigationWrapper\">\r\n                <div class=\"learnNavigationContent\">\r\n                    <img decoding=\"async\" src=\"https:\/\/talkpal.ai\/wp-content\/uploads\/2024\/08\/Finnish.jpg\" alt=\"Finnish Flag\">\r\n                    <div>\r\n                        <h4>Exercice de grammaire finlandaise<\/h4>\r\n                        <p>Pratiquez la grammaire finnoise.<\/p>\r\n                    <\/div>\r\n                <\/div>\r\n            <\/div>\r\n        <\/a>\r\n\r\n        \r\n        <a href=\"https:\/\/talkpal.ai\/vocabulary_language\/finnish\/\">\r\n            <div class=\"learnNavigationWrapper\">\r\n                <div class=\"learnNavigationContent\">\r\n                    <img decoding=\"async\" src=\"https:\/\/talkpal.ai\/wp-content\/uploads\/2024\/08\/Finnish.jpg\" alt=\"Finnish Flag\">\r\n                    <div>\r\n                        <h4>Vocabulaire finlandais<\/h4>\r\n                        <p>\u00c9largissez votre vocabulaire finlandais.<\/p>\r\n                    <\/div>\r\n                <\/div>\r\n            <\/div>\r\n        <\/a>\r\n\r\n            <\/section>","protected":false},"excerpt":{"rendered":"<p>Grammaire finnoise : un guide pour ma\u00eetriser les complexit\u00e9s de la langue finnoise Le finnois, une langue unique et fascinante parl\u00e9e par environ 5 millions de personnes, est connue pour sa complexit\u00e9 et son syst\u00e8me grammatical distinctif. \u00c0 premi\u00e8re vue, les r\u00e8gles et les structures de la grammaire finnoise peuvent sembler intimidantes, mais n\u2019ayez crainte [&hellip;]<\/p>\n","protected":false},"author":1,"featured_media":11565,"parent":0,"menu_order":0,"comment_status":"closed","ping_status":"closed","template":"LearningContentPage.php","meta":{"_acf_changed":false,"footnotes":""},"class_list":["post-74305","page","type-page","status-publish","has-post-thumbnail","hentry"],"acf":[],"yoast_head":"<!-- This site is optimized with the Yoast SEO Premium plugin v27.2 (Yoast SEO v27.2) - https:\/\/yoast.com\/product\/yoast-seo-premium-wordpress\/ -->\n<title>Grammaire finnoise - Talkpal<\/title>\n<meta name=\"description\" content=\"Apprenez les aspects essentiels de la grammaire finlandaise, y compris les cas, les verbes, la structure des phrases et les conseils de prononciation pour ma\u00eetriser la langue finlandaise.\" \/>\n<meta name=\"robots\" content=\"index, follow, max-snippet:-1, max-image-preview:large, max-video-preview:-1\" \/>\n<link rel=\"canonical\" href=\"https:\/\/talkpal.ai\/fr\/grammaire-finnoise\/\" \/>\n<meta property=\"og:locale\" content=\"fr_FR\" \/>\n<meta property=\"og:type\" content=\"article\" \/>\n<meta property=\"og:title\" content=\"Grammaire finnoise\" \/>\n<meta property=\"og:description\" content=\"Grammaire finnoise : un guide pour ma\u00eetriser les complexit\u00e9s de la langue finnoise Le finnois, une langue unique et fascinante parl\u00e9e par environ 5\" \/>\n<meta property=\"og:url\" content=\"https:\/\/talkpal.ai\/fr\/grammaire-finnoise\/\" \/>\n<meta property=\"og:site_name\" content=\"Talkpal\" \/>\n<meta property=\"article:publisher\" content=\"https:\/\/www.facebook.com\/profile.php?id=100090733639311\" \/>\n<meta property=\"article:modified_time\" content=\"2025-12-11T17:07:30+00:00\" \/>\n<meta property=\"og:image\" content=\"https:\/\/talkpal.ai\/wp-content\/uploads\/2023\/04\/finland.png\" \/>\n\t<meta property=\"og:image:width\" content=\"512\" \/>\n\t<meta property=\"og:image:height\" content=\"512\" \/>\n\t<meta property=\"og:image:type\" content=\"image\/png\" \/>\n<meta name=\"twitter:card\" content=\"summary_large_image\" \/>\n<meta name=\"twitter:site\" content=\"@talkpalai\" \/>\n<meta name=\"twitter:label1\" content=\"Dur\u00e9e de lecture estim\u00e9e\" \/>\n\t<meta name=\"twitter:data1\" content=\"4 minutes\" \/>\n<script type=\"application\/ld+json\" class=\"yoast-schema-graph\">{\"@context\":\"https:\/\/schema.org\",\"@graph\":[{\"@type\":\"WebPage\",\"@id\":\"https:\/\/talkpal.ai\/fr\/grammaire-finnoise\/\",\"url\":\"https:\/\/talkpal.ai\/fr\/grammaire-finnoise\/\",\"name\":\"Grammaire finnoise - Talkpal\",\"isPartOf\":{\"@id\":\"https:\/\/talkpal.ai\/fr\/#website\"},\"primaryImageOfPage\":{\"@id\":\"https:\/\/talkpal.ai\/fr\/grammaire-finnoise\/#primaryimage\"},\"image\":{\"@id\":\"https:\/\/talkpal.ai\/fr\/grammaire-finnoise\/#primaryimage\"},\"thumbnailUrl\":\"https:\/\/talkpal.ai\/wp-content\/uploads\/2023\/04\/finland.png\",\"datePublished\":\"2023-05-14T13:50:21+00:00\",\"dateModified\":\"2025-12-11T17:07:30+00:00\",\"description\":\"Apprenez les aspects essentiels de la grammaire finlandaise, y compris les cas, les verbes, la structure des phrases et les conseils de prononciation pour ma\u00eetriser la langue finlandaise.\",\"breadcrumb\":{\"@id\":\"https:\/\/talkpal.ai\/fr\/grammaire-finnoise\/#breadcrumb\"},\"inLanguage\":\"fr-FR\",\"potentialAction\":[{\"@type\":\"ReadAction\",\"target\":[\"https:\/\/talkpal.ai\/fr\/grammaire-finnoise\/\"]}]},{\"@type\":\"ImageObject\",\"inLanguage\":\"fr-FR\",\"@id\":\"https:\/\/talkpal.ai\/fr\/grammaire-finnoise\/#primaryimage\",\"url\":\"https:\/\/talkpal.ai\/wp-content\/uploads\/2023\/04\/finland.png\",\"contentUrl\":\"https:\/\/talkpal.ai\/wp-content\/uploads\/2023\/04\/finland.png\",\"width\":512,\"height\":512,\"caption\":\"TalkPal finland Flag\"},{\"@type\":\"BreadcrumbList\",\"@id\":\"https:\/\/talkpal.ai\/fr\/grammaire-finnoise\/#breadcrumb\",\"itemListElement\":[{\"@type\":\"ListItem\",\"position\":1,\"name\":\"Homepage\",\"item\":\"https:\/\/talkpal.ai\/fr\/\"},{\"@type\":\"ListItem\",\"position\":2,\"name\":\"Grammaire finnoise\"}]},{\"@type\":\"WebSite\",\"@id\":\"https:\/\/talkpal.ai\/fr\/#website\",\"url\":\"https:\/\/talkpal.ai\/fr\/\",\"name\":\"Talkpal\",\"description\":\"AI Language Learning\",\"publisher\":{\"@id\":\"https:\/\/talkpal.ai\/fr\/#organization\"},\"alternateName\":\"Talkpal AI\",\"potentialAction\":[{\"@type\":\"SearchAction\",\"target\":{\"@type\":\"EntryPoint\",\"urlTemplate\":\"https:\/\/talkpal.ai\/fr\/?s={search_term_string}\"},\"query-input\":{\"@type\":\"PropertyValueSpecification\",\"valueRequired\":true,\"valueName\":\"search_term_string\"}}],\"inLanguage\":\"fr-FR\"},{\"@type\":\"Organization\",\"@id\":\"https:\/\/talkpal.ai\/fr\/#organization\",\"name\":\"Talkpal, Inc.\",\"alternateName\":\"Talkpal AI\",\"url\":\"https:\/\/talkpal.ai\/fr\/\",\"logo\":{\"@type\":\"ImageObject\",\"inLanguage\":\"fr-FR\",\"@id\":\"https:\/\/talkpal.ai\/fr\/#\/schema\/logo\/image\/\",\"url\":\"https:\/\/talkpal.ai\/wp-content\/uploads\/2024\/03\/Talkpal-Logo-Icon.png\",\"contentUrl\":\"https:\/\/talkpal.ai\/wp-content\/uploads\/2024\/03\/Talkpal-Logo-Icon.png\",\"width\":2880,\"height\":2880,\"caption\":\"Talkpal, Inc.\"},\"image\":{\"@id\":\"https:\/\/talkpal.ai\/fr\/#\/schema\/logo\/image\/\"},\"sameAs\":[\"https:\/\/www.facebook.com\/profile.php?id=100090733639311\",\"https:\/\/x.com\/talkpalai\",\"https:\/\/www.linkedin.com\/company\/talkpal\/\",\"https:\/\/www.youtube.com\/@TalkPal\/\",\"https:\/\/www.tiktok.com\/@talkpal\",\"https:\/\/www.instagram.com\/talkpal_ai\/\",\"https:\/\/www.crunchbase.com\/organization\/talkpal-9cde\",\"https:\/\/www.g2.com\/products\/talkpal-for-business\/\",\"https:\/\/www.trustpilot.com\/review\/talkpal.ai\",\"https:\/\/www.capterra.com\/p\/10006800\/TalkPal\/\"],\"description\":\"Talkpal is a language learning web and mobile education app, powered by the latest AI technologies, that provides engaging experiences to its customers in many different languages to help them improve their language skills. Users can chat about unlimited amount of topics with the app and use other modes to practice their language learning.\",\"email\":\"support@talkpal.ai\",\"legalName\":\"Talkpal, Inc.\",\"foundingDate\":\"2023-04-03\",\"duns\":\"118989042\",\"numberOfEmployees\":{\"@type\":\"QuantitativeValue\",\"minValue\":\"11\",\"maxValue\":\"50\"},\"publishingPrinciples\":\"https:\/\/talkpal.ai\/publishing-principles\/\",\"actionableFeedbackPolicy\":\"https:\/\/talkpal.ai\/actionable-feedback-policy\/\",\"correctionsPolicy\":\"https:\/\/talkpal.ai\/corrections-policy\/\",\"ethicsPolicy\":\"https:\/\/talkpal.ai\/ethics-policy\/\",\"diversityPolicy\":\"https:\/\/talkpal.ai\/diversity-policy\/\",\"diversityStaffingReport\":\"https:\/\/talkpal.ai\/diversity-policy\/\"}]}<\/script>\n<!-- \/ Yoast SEO Premium plugin. -->","yoast_head_json":{"title":"Grammaire finnoise - Talkpal","description":"Apprenez les aspects essentiels de la grammaire finlandaise, y compris les cas, les verbes, la structure des phrases et les conseils de prononciation pour ma\u00eetriser la langue finlandaise.","robots":{"index":"index","follow":"follow","max-snippet":"max-snippet:-1","max-image-preview":"max-image-preview:large","max-video-preview":"max-video-preview:-1"},"canonical":"https:\/\/talkpal.ai\/fr\/grammaire-finnoise\/","og_locale":"fr_FR","og_type":"article","og_title":"Grammaire finnoise","og_description":"Grammaire finnoise : un guide pour ma\u00eetriser les complexit\u00e9s de la langue finnoise Le finnois, une langue unique et fascinante parl\u00e9e par environ 5","og_url":"https:\/\/talkpal.ai\/fr\/grammaire-finnoise\/","og_site_name":"Talkpal","article_publisher":"https:\/\/www.facebook.com\/profile.php?id=100090733639311","article_modified_time":"2025-12-11T17:07:30+00:00","og_image":[{"width":512,"height":512,"url":"https:\/\/talkpal.ai\/wp-content\/uploads\/2023\/04\/finland.png","type":"image\/png"}],"twitter_card":"summary_large_image","twitter_site":"@talkpalai","twitter_misc":{"Dur\u00e9e de lecture estim\u00e9e":"4 minutes"},"schema":{"@context":"https:\/\/schema.org","@graph":[{"@type":"WebPage","@id":"https:\/\/talkpal.ai\/fr\/grammaire-finnoise\/","url":"https:\/\/talkpal.ai\/fr\/grammaire-finnoise\/","name":"Grammaire finnoise - Talkpal","isPartOf":{"@id":"https:\/\/talkpal.ai\/fr\/#website"},"primaryImageOfPage":{"@id":"https:\/\/talkpal.ai\/fr\/grammaire-finnoise\/#primaryimage"},"image":{"@id":"https:\/\/talkpal.ai\/fr\/grammaire-finnoise\/#primaryimage"},"thumbnailUrl":"https:\/\/talkpal.ai\/wp-content\/uploads\/2023\/04\/finland.png","datePublished":"2023-05-14T13:50:21+00:00","dateModified":"2025-12-11T17:07:30+00:00","description":"Apprenez les aspects essentiels de la grammaire finlandaise, y compris les cas, les verbes, la structure des phrases et les conseils de prononciation pour ma\u00eetriser la langue finlandaise.","breadcrumb":{"@id":"https:\/\/talkpal.ai\/fr\/grammaire-finnoise\/#breadcrumb"},"inLanguage":"fr-FR","potentialAction":[{"@type":"ReadAction","target":["https:\/\/talkpal.ai\/fr\/grammaire-finnoise\/"]}]},{"@type":"ImageObject","inLanguage":"fr-FR","@id":"https:\/\/talkpal.ai\/fr\/grammaire-finnoise\/#primaryimage","url":"https:\/\/talkpal.ai\/wp-content\/uploads\/2023\/04\/finland.png","contentUrl":"https:\/\/talkpal.ai\/wp-content\/uploads\/2023\/04\/finland.png","width":512,"height":512,"caption":"TalkPal finland Flag"},{"@type":"BreadcrumbList","@id":"https:\/\/talkpal.ai\/fr\/grammaire-finnoise\/#breadcrumb","itemListElement":[{"@type":"ListItem","position":1,"name":"Homepage","item":"https:\/\/talkpal.ai\/fr\/"},{"@type":"ListItem","position":2,"name":"Grammaire finnoise"}]},{"@type":"WebSite","@id":"https:\/\/talkpal.ai\/fr\/#website","url":"https:\/\/talkpal.ai\/fr\/","name":"Talkpal","description":"AI Language Learning","publisher":{"@id":"https:\/\/talkpal.ai\/fr\/#organization"},"alternateName":"Talkpal AI","potentialAction":[{"@type":"SearchAction","target":{"@type":"EntryPoint","urlTemplate":"https:\/\/talkpal.ai\/fr\/?s={search_term_string}"},"query-input":{"@type":"PropertyValueSpecification","valueRequired":true,"valueName":"search_term_string"}}],"inLanguage":"fr-FR"},{"@type":"Organization","@id":"https:\/\/talkpal.ai\/fr\/#organization","name":"Talkpal, Inc.","alternateName":"Talkpal AI","url":"https:\/\/talkpal.ai\/fr\/","logo":{"@type":"ImageObject","inLanguage":"fr-FR","@id":"https:\/\/talkpal.ai\/fr\/#\/schema\/logo\/image\/","url":"https:\/\/talkpal.ai\/wp-content\/uploads\/2024\/03\/Talkpal-Logo-Icon.png","contentUrl":"https:\/\/talkpal.ai\/wp-content\/uploads\/2024\/03\/Talkpal-Logo-Icon.png","width":2880,"height":2880,"caption":"Talkpal, Inc."},"image":{"@id":"https:\/\/talkpal.ai\/fr\/#\/schema\/logo\/image\/"},"sameAs":["https:\/\/www.facebook.com\/profile.php?id=100090733639311","https:\/\/x.com\/talkpalai","https:\/\/www.linkedin.com\/company\/talkpal\/","https:\/\/www.youtube.com\/@TalkPal\/","https:\/\/www.tiktok.com\/@talkpal","https:\/\/www.instagram.com\/talkpal_ai\/","https:\/\/www.crunchbase.com\/organization\/talkpal-9cde","https:\/\/www.g2.com\/products\/talkpal-for-business\/","https:\/\/www.trustpilot.com\/review\/talkpal.ai","https:\/\/www.capterra.com\/p\/10006800\/TalkPal\/"],"description":"Talkpal is a language learning web and mobile education app, powered by the latest AI technologies, that provides engaging experiences to its customers in many different languages to help them improve their language skills. Users can chat about unlimited amount of topics with the app and use other modes to practice their language learning.","email":"support@talkpal.ai","legalName":"Talkpal, Inc.","foundingDate":"2023-04-03","duns":"118989042","numberOfEmployees":{"@type":"QuantitativeValue","minValue":"11","maxValue":"50"},"publishingPrinciples":"https:\/\/talkpal.ai\/publishing-principles\/","actionableFeedbackPolicy":"https:\/\/talkpal.ai\/actionable-feedback-policy\/","correctionsPolicy":"https:\/\/talkpal.ai\/corrections-policy\/","ethicsPolicy":"https:\/\/talkpal.ai\/ethics-policy\/","diversityPolicy":"https:\/\/talkpal.ai\/diversity-policy\/","diversityStaffingReport":"https:\/\/talkpal.ai\/diversity-policy\/"}]}},"_links":{"self":[{"href":"https:\/\/talkpal.ai\/fr\/wp-json\/wp\/v2\/pages\/74305","targetHints":{"allow":["GET"]}}],"collection":[{"href":"https:\/\/talkpal.ai\/fr\/wp-json\/wp\/v2\/pages"}],"about":[{"href":"https:\/\/talkpal.ai\/fr\/wp-json\/wp\/v2\/types\/page"}],"author":[{"embeddable":true,"href":"https:\/\/talkpal.ai\/fr\/wp-json\/wp\/v2\/users\/1"}],"replies":[{"embeddable":true,"href":"https:\/\/talkpal.ai\/fr\/wp-json\/wp\/v2\/comments?post=74305"}],"version-history":[{"count":0,"href":"https:\/\/talkpal.ai\/fr\/wp-json\/wp\/v2\/pages\/74305\/revisions"}],"wp:featuredmedia":[{"embeddable":true,"href":"https:\/\/talkpal.ai\/fr\/wp-json\/wp\/v2\/media\/11565"}],"wp:attachment":[{"href":"https:\/\/talkpal.ai\/fr\/wp-json\/wp\/v2\/media?parent=74305"}],"curies":[{"name":"wp","href":"https:\/\/api.w.org\/{rel}","templated":true}]}}