{"id":74304,"date":"2023-05-14T13:53:07","date_gmt":"2023-05-14T13:53:07","guid":{"rendered":"http:\/\/talkpal.ai\/grammaire-suedoise\/"},"modified":"2025-12-11T16:34:13","modified_gmt":"2025-12-11T16:34:13","slug":"grammaire-suedoise","status":"publish","type":"page","link":"https:\/\/talkpal.ai\/fr\/grammaire-suedoise\/","title":{"rendered":"Grammaire su\u00e9doise"},"content":{"rendered":"\r\n\r\n\r\n<section class=\"languageChallengeSection\">\r\n    <div class=\"languageInfoWrapper\">\r\n        \r\n        <h1>Grammaire su\u00e9doise<\/h1>\r\n        <p>D\u00e9couvrez la beaut\u00e9 de la langue su\u00e9doise en ma\u00eetrisant ses r\u00e8gles de grammaire essentielles. Une solide compr\u00e9hension de la <a href=\"https:\/\/talkpal.ai\/es\/gramatica-sueca\/\">grammaire su\u00e9doise<\/a> vous permettra de communiquer avec assurance et de vous rapprocher de la culture su\u00e9doise. Commencez \u00e0 apprendre la grammaire su\u00e9doise d\u00e8s aujourd&#039;hui et faites un premier pas vers la ma\u00eetrise de la langue !<\/p>\r\n\r\n                            <a class=\"getStartedHidden\" href=\"https:\/\/app.talkpal.ai\/fr\/signup?lng=\">Commencer<\/a>\r\n        \r\n    <\/div>\r\n\r\n    <figure>\r\n    <img decoding=\"async\" width=\"768\" height=\"768\" src=\"https:\/\/talkpal.ai\/wp-content\/uploads\/2023\/06\/swedish-768x768.png\" class=\"languageImage no-lazy\" alt=\"Default alt text\" fetchpriority=\"high\" sizes=\"(max-width: 768px) 150px, 768px\" srcset=\"https:\/\/talkpal.ai\/wp-content\/uploads\/2023\/06\/swedish-768x768.png 768w, https:\/\/talkpal.ai\/wp-content\/uploads\/2023\/06\/swedish-300x300.png 300w\" \/>\r\n    \r\n\r\n    <\/figure>\r\n\r\n            <a class=\"getStartedVisible\" href=\"https:\/\/app.talkpal.ai\/fr\/signup?lng=\">Commencer<\/a>\r\n    \r\n<\/section>\r\n        <section class=\"grammarSection\">\r\n            <div class=\"grammarLinks\">\r\n                <a href=\"https:\/\/talkpal.ai\/fr\/language\/adjectifs-grammaire-suedoise\/\">Adjectifs <\/a><a href=\"https:\/\/talkpal.ai\/fr\/language\/adverbes-grammaire-suedoise\/\">Adverbes <\/a><a href=\"https:\/\/talkpal.ai\/fr\/language\/articles-grammaire-suedoise\/\">Articles <\/a><a href=\"https:\/\/talkpal.ai\/fr\/language\/comparaison-des-temps-grammaire-suedoise\/\">Comparaison des temps <\/a><a href=\"https:\/\/talkpal.ai\/fr\/language\/noms-grammaire-suedoise\/\">Noms <\/a><a href=\"https:\/\/talkpal.ai\/fr\/language\/prepositions-grammaire-suedoise\/\">Pr\u00e9positions <\/a><a href=\"https:\/\/talkpal.ai\/fr\/language\/pronoms-grammaire-suedoise\/\">Pronoms <\/a><a href=\"https:\/\/talkpal.ai\/fr\/language\/structure-de-phrase-grammaire-suedoise\/\">Structure de phrase <\/a><a href=\"https:\/\/talkpal.ai\/fr\/language\/temps-indicatif-grammaire-suedoise\/\">Temps Indicatif <\/a><a href=\"https:\/\/talkpal.ai\/fr\/language\/temps-subjonctif-grammaire-suedoise\/\">Temps subjonctif <\/a><a href=\"https:\/\/talkpal.ai\/fr\/language\/verbes-grammaire-suedoise\/\">Verbes <\/a>            <\/div>\r\n        <\/section>\r\n    <section class=\"promotionalBanner\">\r\n    <p class=\"promotionalText\">La fa\u00e7on la plus efficace d\u2019apprendre une langue<\/p>\r\n    <a class=\"promotionalLink\" href=\"https:\/\/app.talkpal.ai\/fr\/signup?lng=\">Essayez Talkpal gratuitement<\/a>\r\n<\/section>\n<div class=\"wp-block-group pageContainerStyle\"><div class=\"wp-block-group__inner-container is-layout-constrained wp-block-group-is-layout-constrained\">\n<h2 class=\"wp-block-heading\" id=\"h-demystifying-swedish-grammar-a-comprehensive-guide-to-master-its-rules-and-nuances\">D\u00e9mystifier la grammaire su\u00e9doise : un guide complet pour en ma\u00eetriser les r\u00e8gles et les nuances<\/h2>\n\n\n\n<p>Le <a href=\"https:\/\/talkpal.ai\/learn-swedish\/\">su\u00e9dois<\/a>, parl\u00e9 par environ 10 millions de personnes, est une langue riche et m\u00e9lodique appartenant \u00e0 la famille germanique du Nord. Bien que la grammaire su\u00e9doise soit relativement simple par rapport \u00e0 d\u2019autres langues, comprendre ses r\u00e8gles et sa structure est essentiel pour am\u00e9liorer vos comp\u00e9tences linguistiques. Dans cet article, nous vous guiderons \u00e0 travers les aspects fondamentaux de la grammaire su\u00e9doise et vous donnerons des conseils utiles pour am\u00e9liorer vos comp\u00e9tences en su\u00e9dois.<\/p>\n\n\n\n<h3 class=\"wp-block-heading\" id=\"h-essential-components-of-swedish-grammar\">Composants essentiels de la grammaire su\u00e9doise :<\/h3>\n\n\n\n<p>La grammaire su\u00e9doise partage des similitudes avec la <a href=\"https:\/\/talkpal.ai\/english-grammar\/\">grammaire anglaise<\/a>, ce qui la rend plus facile \u00e0 comprendre pour les anglophones. Voici quelques aspects essentiels de la grammaire su\u00e9doise avec lesquels vous pouvez vous familiariser :<\/p>\n\n\n\n<p><strong>1. Noms<\/strong> : Les noms su\u00e9dois sont divis\u00e9s en deux genres grammaticaux : commun (en) et neutre (ett). Chaque nom appartient \u00e0 l\u2019une de ces cat\u00e9gories, ce qu\u2019il est important de prendre en compte lors de l\u2019utilisation d\u2019articles ind\u00e9finis et d\u00e9finis. Les noms su\u00e9dois ont \u00e9galement des formes plurielles, avec plusieurs mod\u00e8les distincts \u00e0 retenir.<\/p>\n\n\n\n<p><strong>2. Les adjectifs :<\/strong> En su\u00e9dois, les adjectifs s&rsquo;accordent avec le genre du nom. Selon le genre du nom, il existe trois formes d\u2019adjectifs : positif, comparatif et superlatif. Les adjectifs s\u2019accordent \u00e9galement en nombre (singulier ou <a href=\"https:\/\/talkpal.ai\/ar\/grammar_exercises\/pluriel-%d8%aa%d9%85%d8%a7%d8%b1%d9%8a%d9%86-%d9%84%d9%84%d9%82%d9%88%d8%a7%d8%b9%d8%af-%d8%a7%d9%84%d9%81%d8%b1%d9%86%d8%b3%d9%8a%d8%a9\/\">pluriel<\/a>).<\/p>\n\n\n\n<p><strong>3. Verbes :<\/strong> Les verbes su\u00e9dois sont class\u00e9s en quatre groupes, chacun avec son mod\u00e8le de conjugaison. Les verbes sont conjugu\u00e9s en fonction du <a href=\"https:\/\/talkpal.ai\/zh-hans\/grammar_exercises\/temps-%e6%b3%95%e8%af%ad%e8%af%ad%e6%b3%95%e7%bb%83%e4%b9%a0\/\">temps<\/a> (pr\u00e9sent, pass\u00e9 ou futur) mais ne sont pas conjugu\u00e9s en fonction du sujet, comme en <a href=\"https:\/\/talkpal.ai\/learn-english-with-ai\/\">anglais<\/a>. Au lieu de cela, les formes verbales su\u00e9doises restent coh\u00e9rentes quel que soit le sujet. De plus, les verbes su\u00e9dois n\u2019ont pas de formes continues (c\u2019est-\u00e0-dire -ing) comme en anglais.<\/p>\n\n\n\n<p>4. Structure de la phrase : La structure <strong>de la phrase<\/strong> su\u00e9doise est g\u00e9n\u00e9ralement Sujet-Verbe-Objet (SVO), un peu comme l\u2019anglais. Cependant, le su\u00e9dois utilise souvent la r\u00e8gle de l\u2019ordre des mots V2, o\u00f9 le verbe appara\u00eet en deuxi\u00e8me position dans les <a href=\"https:\/\/talkpal.ai\/ar\/grammar_exercises\/phrases-declaratives-%d8%aa%d9%85%d8%a7%d8%b1%d9%8a%d9%86-%d9%84%d9%84%d9%82%d9%88%d8%a7%d8%b9%d8%af-%d8%a7%d9%84%d9%81%d8%b1%d9%86%d8%b3%d9%8a%d8%a9\/\">phrases d\u00e9claratives<\/a> et les questions.<\/p>\n\n\n\n<h3 class=\"wp-block-heading\" id=\"h-tips-for-learning-swedish-grammar\">Conseils pour apprendre la grammaire su\u00e9doise :<\/h3>\n\n\n\n<p>Pour faciliter votre apprentissage de la grammaire su\u00e9doise, voici quelques conseils pratiques \u00e0 suivre :<\/p>\n\n\n\n<p><strong>1. Entra\u00eenez-vous r\u00e9guli\u00e8rement :<\/strong> La constance est la cl\u00e9. Pr\u00e9voyez du temps chaque jour ou chaque semaine pour pratiquer des exercices de grammaire, de lecture et d\u2019\u00e9criture en su\u00e9dois.<\/p>\n\n\n\n<p><strong>2. Utilisez des ressources natives :<\/strong> Immergez-vous dans des documents natifs su\u00e9dois comme la litt\u00e9rature, les articles de presse et les podcasts. Cela vous aidera non seulement \u00e0 comprendre la grammaire su\u00e9doise dans son contexte, mais aussi \u00e0 am\u00e9liorer vos comp\u00e9tences de lecture et d\u2019\u00e9coute.<\/p>\n\n\n\n<p><strong>3. Apprenez les genres nominaux et les pluriels :<\/strong> Il est crucial de m\u00e9moriser le genre (en ou ett) et les formes plurielles des noms su\u00e9dois. Pratiquer au fil du temps vous aidera \u00e9ventuellement \u00e0 int\u00e9rioriser ces r\u00e8gles.<\/p>\n\n\n\n<p><strong>4. Connectez-vous avec des locuteurs natifs : Engager des conversations avec des locuteurs natifs<\/strong> su\u00e9dois vous permettra de pratiquer la grammaire et de recevoir des commentaires pr\u00e9cieux. Envisagez de rejoindre des groupes d\u2019\u00e9change linguistique ou des forums en ligne pour entrer en contact avec des personnes su\u00e9dophones.<\/p>\n\n\n\n<p><strong>5. Soyez patient et pers\u00e9v\u00e9rant :<\/strong> N\u2019oubliez pas que l\u2019apprentissage de la grammaire est un processus. Restez engag\u00e9, continuez \u00e0 pratiquer et c\u00e9l\u00e9brez les progr\u00e8s en cours de route.<\/p>\n\n\n\n<h2 class=\"wp-block-heading\" id=\"h-conclusion\">Conclusion :<\/h2>\n\n\n\n<p>La grammaire su\u00e9doise, bien qu\u2019apparemment complexe, peut \u00eatre ma\u00eetris\u00e9e avec d\u00e9vouement et une compr\u00e9hension de ses composants int\u00e9graux. En suivant nos suggestions et en vous immergeant dans la langue, vous constaterez une am\u00e9lioration constante de vos comp\u00e9tences en su\u00e9dois. Relevez le d\u00e9fi et profitez du voyage vers la ma\u00eetrise grammaticale su\u00e9doise !<\/p>\n<\/div><\/div>\n\r\n<section class=\"learnNavigationSection\">\r\n            \r\n        <a href=\"https:\/\/talkpal.ai\/fr\/apprendre-le-suedois\/\">\r\n            <div class=\"learnNavigationWrapper\">\r\n                <div class=\"learnNavigationContent\">\r\n                    <img decoding=\"async\" src=\"https:\/\/talkpal.ai\/wp-content\/uploads\/2024\/08\/Swedish.jpg\" alt=\"Swedish Flag\">\r\n                    <div>\r\n                        <h4>\u00c0 propos de Swedish Learning<\/h4>\r\n                        <p>D\u00e9couvrez la grammaire su\u00e9doise.<\/p>\r\n                    <\/div>\r\n                <\/div>\r\n            <\/div>\r\n        <\/a>\r\n\r\n        \r\n        <a href=\"https:\/\/talkpal.ai\/fr\/exercices-de-grammaire-suedoise\/\">\r\n            <div class=\"learnNavigationWrapper\">\r\n                <div class=\"learnNavigationContent\">\r\n                    <img decoding=\"async\" src=\"https:\/\/talkpal.ai\/wp-content\/uploads\/2024\/08\/Swedish.jpg\" alt=\"Swedish Flag\">\r\n                    <div>\r\n                        <h4>Exercice de grammaire su\u00e9doise<\/h4>\r\n                        <p>Pratiquez la grammaire su\u00e9doise.<\/p>\r\n                    <\/div>\r\n                <\/div>\r\n            <\/div>\r\n        <\/a>\r\n\r\n        \r\n        <a href=\"https:\/\/talkpal.ai\/vocabulary_language\/swedish\/\">\r\n            <div class=\"learnNavigationWrapper\">\r\n                <div class=\"learnNavigationContent\">\r\n                    <img decoding=\"async\" src=\"https:\/\/talkpal.ai\/wp-content\/uploads\/2024\/08\/Swedish.jpg\" alt=\"Swedish Flag\">\r\n                    <div>\r\n                        <h4>Vocabulaire su\u00e9dois<\/h4>\r\n                        <p>\u00c9largissez votre vocabulaire su\u00e9dois.<\/p>\r\n                    <\/div>\r\n                <\/div>\r\n            <\/div>\r\n        <\/a>\r\n\r\n            <\/section>","protected":false},"excerpt":{"rendered":"<p>D\u00e9mystifier la grammaire su\u00e9doise : un guide complet pour en ma\u00eetriser les r\u00e8gles et les nuances Le su\u00e9dois, parl\u00e9 par environ 10 millions de personnes, est une langue riche et m\u00e9lodique appartenant \u00e0 la famille germanique du Nord. Bien que la grammaire su\u00e9doise soit relativement simple par rapport \u00e0 d\u2019autres langues, comprendre ses r\u00e8gles et [&hellip;]<\/p>\n","protected":false},"author":1,"featured_media":11614,"parent":0,"menu_order":0,"comment_status":"closed","ping_status":"closed","template":"LearningContentPage.php","meta":{"_acf_changed":false,"footnotes":""},"class_list":["post-74304","page","type-page","status-publish","has-post-thumbnail","hentry"],"acf":[],"yoast_head":"<!-- This site is optimized with the Yoast SEO Premium plugin v27.2 (Yoast SEO v27.2) - https:\/\/yoast.com\/product\/yoast-seo-premium-wordpress\/ -->\n<title>Grammaire su\u00e9doise - Talkpal<\/title>\n<meta name=\"description\" content=\"D\u00e9couvrez les secrets de la grammaire su\u00e9doise pour am\u00e9liorer vos comp\u00e9tences linguistiques gr\u00e2ce \u00e0 des r\u00e8gles fondamentales et des conseils utiles.\" \/>\n<meta name=\"robots\" content=\"index, follow, max-snippet:-1, max-image-preview:large, max-video-preview:-1\" \/>\n<link rel=\"canonical\" href=\"https:\/\/talkpal.ai\/fr\/grammaire-suedoise\/\" \/>\n<meta property=\"og:locale\" content=\"fr_FR\" \/>\n<meta property=\"og:type\" content=\"article\" \/>\n<meta property=\"og:title\" content=\"Grammaire su\u00e9doise\" \/>\n<meta property=\"og:description\" content=\"D\u00e9mystifier la grammaire su\u00e9doise : un guide complet pour en ma\u00eetriser les r\u00e8gles et les nuances Le su\u00e9dois, parl\u00e9 par environ 10 millions de personnes,\" \/>\n<meta property=\"og:url\" content=\"https:\/\/talkpal.ai\/fr\/grammaire-suedoise\/\" \/>\n<meta property=\"og:site_name\" content=\"Talkpal\" \/>\n<meta property=\"article:publisher\" content=\"https:\/\/www.facebook.com\/profile.php?id=100090733639311\" \/>\n<meta property=\"article:modified_time\" content=\"2025-12-11T16:34:13+00:00\" \/>\n<meta property=\"og:image\" content=\"https:\/\/talkpal.ai\/wp-content\/uploads\/2023\/04\/sweden.png\" \/>\n\t<meta property=\"og:image:width\" content=\"512\" \/>\n\t<meta property=\"og:image:height\" content=\"512\" \/>\n\t<meta property=\"og:image:type\" content=\"image\/png\" \/>\n<meta name=\"twitter:card\" content=\"summary_large_image\" \/>\n<meta name=\"twitter:site\" content=\"@talkpalai\" \/>\n<meta name=\"twitter:label1\" content=\"Dur\u00e9e de lecture estim\u00e9e\" \/>\n\t<meta name=\"twitter:data1\" content=\"3 minutes\" \/>\n<script type=\"application\/ld+json\" class=\"yoast-schema-graph\">{\"@context\":\"https:\/\/schema.org\",\"@graph\":[{\"@type\":\"WebPage\",\"@id\":\"https:\/\/talkpal.ai\/fr\/grammaire-suedoise\/\",\"url\":\"https:\/\/talkpal.ai\/fr\/grammaire-suedoise\/\",\"name\":\"Grammaire su\u00e9doise - Talkpal\",\"isPartOf\":{\"@id\":\"https:\/\/talkpal.ai\/fr\/#website\"},\"primaryImageOfPage\":{\"@id\":\"https:\/\/talkpal.ai\/fr\/grammaire-suedoise\/#primaryimage\"},\"image\":{\"@id\":\"https:\/\/talkpal.ai\/fr\/grammaire-suedoise\/#primaryimage\"},\"thumbnailUrl\":\"https:\/\/talkpal.ai\/wp-content\/uploads\/2023\/04\/sweden.png\",\"datePublished\":\"2023-05-14T13:53:07+00:00\",\"dateModified\":\"2025-12-11T16:34:13+00:00\",\"description\":\"D\u00e9couvrez les secrets de la grammaire su\u00e9doise pour am\u00e9liorer vos comp\u00e9tences linguistiques gr\u00e2ce \u00e0 des r\u00e8gles fondamentales et des conseils utiles.\",\"breadcrumb\":{\"@id\":\"https:\/\/talkpal.ai\/fr\/grammaire-suedoise\/#breadcrumb\"},\"inLanguage\":\"fr-FR\",\"potentialAction\":[{\"@type\":\"ReadAction\",\"target\":[\"https:\/\/talkpal.ai\/fr\/grammaire-suedoise\/\"]}]},{\"@type\":\"ImageObject\",\"inLanguage\":\"fr-FR\",\"@id\":\"https:\/\/talkpal.ai\/fr\/grammaire-suedoise\/#primaryimage\",\"url\":\"https:\/\/talkpal.ai\/wp-content\/uploads\/2023\/04\/sweden.png\",\"contentUrl\":\"https:\/\/talkpal.ai\/wp-content\/uploads\/2023\/04\/sweden.png\",\"width\":512,\"height\":512},{\"@type\":\"BreadcrumbList\",\"@id\":\"https:\/\/talkpal.ai\/fr\/grammaire-suedoise\/#breadcrumb\",\"itemListElement\":[{\"@type\":\"ListItem\",\"position\":1,\"name\":\"Homepage\",\"item\":\"https:\/\/talkpal.ai\/fr\/\"},{\"@type\":\"ListItem\",\"position\":2,\"name\":\"Grammaire su\u00e9doise\"}]},{\"@type\":\"WebSite\",\"@id\":\"https:\/\/talkpal.ai\/fr\/#website\",\"url\":\"https:\/\/talkpal.ai\/fr\/\",\"name\":\"Talkpal\",\"description\":\"AI Language Learning\",\"publisher\":{\"@id\":\"https:\/\/talkpal.ai\/fr\/#organization\"},\"alternateName\":\"Talkpal AI\",\"potentialAction\":[{\"@type\":\"SearchAction\",\"target\":{\"@type\":\"EntryPoint\",\"urlTemplate\":\"https:\/\/talkpal.ai\/fr\/?s={search_term_string}\"},\"query-input\":{\"@type\":\"PropertyValueSpecification\",\"valueRequired\":true,\"valueName\":\"search_term_string\"}}],\"inLanguage\":\"fr-FR\"},{\"@type\":\"Organization\",\"@id\":\"https:\/\/talkpal.ai\/fr\/#organization\",\"name\":\"Talkpal, Inc.\",\"alternateName\":\"Talkpal AI\",\"url\":\"https:\/\/talkpal.ai\/fr\/\",\"logo\":{\"@type\":\"ImageObject\",\"inLanguage\":\"fr-FR\",\"@id\":\"https:\/\/talkpal.ai\/fr\/#\/schema\/logo\/image\/\",\"url\":\"https:\/\/talkpal.ai\/wp-content\/uploads\/2024\/03\/Talkpal-Logo-Icon.png\",\"contentUrl\":\"https:\/\/talkpal.ai\/wp-content\/uploads\/2024\/03\/Talkpal-Logo-Icon.png\",\"width\":2880,\"height\":2880,\"caption\":\"Talkpal, Inc.\"},\"image\":{\"@id\":\"https:\/\/talkpal.ai\/fr\/#\/schema\/logo\/image\/\"},\"sameAs\":[\"https:\/\/www.facebook.com\/profile.php?id=100090733639311\",\"https:\/\/x.com\/talkpalai\",\"https:\/\/www.linkedin.com\/company\/talkpal\/\",\"https:\/\/www.youtube.com\/@TalkPal\/\",\"https:\/\/www.tiktok.com\/@talkpal\",\"https:\/\/www.instagram.com\/talkpal_ai\/\",\"https:\/\/www.crunchbase.com\/organization\/talkpal-9cde\",\"https:\/\/www.g2.com\/products\/talkpal-for-business\/\",\"https:\/\/www.trustpilot.com\/review\/talkpal.ai\",\"https:\/\/www.capterra.com\/p\/10006800\/TalkPal\/\"],\"description\":\"Talkpal is a language learning web and mobile education app, powered by the latest AI technologies, that provides engaging experiences to its customers in many different languages to help them improve their language skills. Users can chat about unlimited amount of topics with the app and use other modes to practice their language learning.\",\"email\":\"support@talkpal.ai\",\"legalName\":\"Talkpal, Inc.\",\"foundingDate\":\"2023-04-03\",\"duns\":\"118989042\",\"numberOfEmployees\":{\"@type\":\"QuantitativeValue\",\"minValue\":\"11\",\"maxValue\":\"50\"},\"publishingPrinciples\":\"https:\/\/talkpal.ai\/publishing-principles\/\",\"actionableFeedbackPolicy\":\"https:\/\/talkpal.ai\/actionable-feedback-policy\/\",\"correctionsPolicy\":\"https:\/\/talkpal.ai\/corrections-policy\/\",\"ethicsPolicy\":\"https:\/\/talkpal.ai\/ethics-policy\/\",\"diversityPolicy\":\"https:\/\/talkpal.ai\/diversity-policy\/\",\"diversityStaffingReport\":\"https:\/\/talkpal.ai\/diversity-policy\/\"}]}<\/script>\n<!-- \/ Yoast SEO Premium plugin. -->","yoast_head_json":{"title":"Grammaire su\u00e9doise - Talkpal","description":"D\u00e9couvrez les secrets de la grammaire su\u00e9doise pour am\u00e9liorer vos comp\u00e9tences linguistiques gr\u00e2ce \u00e0 des r\u00e8gles fondamentales et des conseils utiles.","robots":{"index":"index","follow":"follow","max-snippet":"max-snippet:-1","max-image-preview":"max-image-preview:large","max-video-preview":"max-video-preview:-1"},"canonical":"https:\/\/talkpal.ai\/fr\/grammaire-suedoise\/","og_locale":"fr_FR","og_type":"article","og_title":"Grammaire su\u00e9doise","og_description":"D\u00e9mystifier la grammaire su\u00e9doise : un guide complet pour en ma\u00eetriser les r\u00e8gles et les nuances Le su\u00e9dois, parl\u00e9 par environ 10 millions de personnes,","og_url":"https:\/\/talkpal.ai\/fr\/grammaire-suedoise\/","og_site_name":"Talkpal","article_publisher":"https:\/\/www.facebook.com\/profile.php?id=100090733639311","article_modified_time":"2025-12-11T16:34:13+00:00","og_image":[{"width":512,"height":512,"url":"https:\/\/talkpal.ai\/wp-content\/uploads\/2023\/04\/sweden.png","type":"image\/png"}],"twitter_card":"summary_large_image","twitter_site":"@talkpalai","twitter_misc":{"Dur\u00e9e de lecture estim\u00e9e":"3 minutes"},"schema":{"@context":"https:\/\/schema.org","@graph":[{"@type":"WebPage","@id":"https:\/\/talkpal.ai\/fr\/grammaire-suedoise\/","url":"https:\/\/talkpal.ai\/fr\/grammaire-suedoise\/","name":"Grammaire su\u00e9doise - Talkpal","isPartOf":{"@id":"https:\/\/talkpal.ai\/fr\/#website"},"primaryImageOfPage":{"@id":"https:\/\/talkpal.ai\/fr\/grammaire-suedoise\/#primaryimage"},"image":{"@id":"https:\/\/talkpal.ai\/fr\/grammaire-suedoise\/#primaryimage"},"thumbnailUrl":"https:\/\/talkpal.ai\/wp-content\/uploads\/2023\/04\/sweden.png","datePublished":"2023-05-14T13:53:07+00:00","dateModified":"2025-12-11T16:34:13+00:00","description":"D\u00e9couvrez les secrets de la grammaire su\u00e9doise pour am\u00e9liorer vos comp\u00e9tences linguistiques gr\u00e2ce \u00e0 des r\u00e8gles fondamentales et des conseils utiles.","breadcrumb":{"@id":"https:\/\/talkpal.ai\/fr\/grammaire-suedoise\/#breadcrumb"},"inLanguage":"fr-FR","potentialAction":[{"@type":"ReadAction","target":["https:\/\/talkpal.ai\/fr\/grammaire-suedoise\/"]}]},{"@type":"ImageObject","inLanguage":"fr-FR","@id":"https:\/\/talkpal.ai\/fr\/grammaire-suedoise\/#primaryimage","url":"https:\/\/talkpal.ai\/wp-content\/uploads\/2023\/04\/sweden.png","contentUrl":"https:\/\/talkpal.ai\/wp-content\/uploads\/2023\/04\/sweden.png","width":512,"height":512},{"@type":"BreadcrumbList","@id":"https:\/\/talkpal.ai\/fr\/grammaire-suedoise\/#breadcrumb","itemListElement":[{"@type":"ListItem","position":1,"name":"Homepage","item":"https:\/\/talkpal.ai\/fr\/"},{"@type":"ListItem","position":2,"name":"Grammaire su\u00e9doise"}]},{"@type":"WebSite","@id":"https:\/\/talkpal.ai\/fr\/#website","url":"https:\/\/talkpal.ai\/fr\/","name":"Talkpal","description":"AI Language Learning","publisher":{"@id":"https:\/\/talkpal.ai\/fr\/#organization"},"alternateName":"Talkpal AI","potentialAction":[{"@type":"SearchAction","target":{"@type":"EntryPoint","urlTemplate":"https:\/\/talkpal.ai\/fr\/?s={search_term_string}"},"query-input":{"@type":"PropertyValueSpecification","valueRequired":true,"valueName":"search_term_string"}}],"inLanguage":"fr-FR"},{"@type":"Organization","@id":"https:\/\/talkpal.ai\/fr\/#organization","name":"Talkpal, Inc.","alternateName":"Talkpal AI","url":"https:\/\/talkpal.ai\/fr\/","logo":{"@type":"ImageObject","inLanguage":"fr-FR","@id":"https:\/\/talkpal.ai\/fr\/#\/schema\/logo\/image\/","url":"https:\/\/talkpal.ai\/wp-content\/uploads\/2024\/03\/Talkpal-Logo-Icon.png","contentUrl":"https:\/\/talkpal.ai\/wp-content\/uploads\/2024\/03\/Talkpal-Logo-Icon.png","width":2880,"height":2880,"caption":"Talkpal, Inc."},"image":{"@id":"https:\/\/talkpal.ai\/fr\/#\/schema\/logo\/image\/"},"sameAs":["https:\/\/www.facebook.com\/profile.php?id=100090733639311","https:\/\/x.com\/talkpalai","https:\/\/www.linkedin.com\/company\/talkpal\/","https:\/\/www.youtube.com\/@TalkPal\/","https:\/\/www.tiktok.com\/@talkpal","https:\/\/www.instagram.com\/talkpal_ai\/","https:\/\/www.crunchbase.com\/organization\/talkpal-9cde","https:\/\/www.g2.com\/products\/talkpal-for-business\/","https:\/\/www.trustpilot.com\/review\/talkpal.ai","https:\/\/www.capterra.com\/p\/10006800\/TalkPal\/"],"description":"Talkpal is a language learning web and mobile education app, powered by the latest AI technologies, that provides engaging experiences to its customers in many different languages to help them improve their language skills. Users can chat about unlimited amount of topics with the app and use other modes to practice their language learning.","email":"support@talkpal.ai","legalName":"Talkpal, Inc.","foundingDate":"2023-04-03","duns":"118989042","numberOfEmployees":{"@type":"QuantitativeValue","minValue":"11","maxValue":"50"},"publishingPrinciples":"https:\/\/talkpal.ai\/publishing-principles\/","actionableFeedbackPolicy":"https:\/\/talkpal.ai\/actionable-feedback-policy\/","correctionsPolicy":"https:\/\/talkpal.ai\/corrections-policy\/","ethicsPolicy":"https:\/\/talkpal.ai\/ethics-policy\/","diversityPolicy":"https:\/\/talkpal.ai\/diversity-policy\/","diversityStaffingReport":"https:\/\/talkpal.ai\/diversity-policy\/"}]}},"_links":{"self":[{"href":"https:\/\/talkpal.ai\/fr\/wp-json\/wp\/v2\/pages\/74304","targetHints":{"allow":["GET"]}}],"collection":[{"href":"https:\/\/talkpal.ai\/fr\/wp-json\/wp\/v2\/pages"}],"about":[{"href":"https:\/\/talkpal.ai\/fr\/wp-json\/wp\/v2\/types\/page"}],"author":[{"embeddable":true,"href":"https:\/\/talkpal.ai\/fr\/wp-json\/wp\/v2\/users\/1"}],"replies":[{"embeddable":true,"href":"https:\/\/talkpal.ai\/fr\/wp-json\/wp\/v2\/comments?post=74304"}],"version-history":[{"count":0,"href":"https:\/\/talkpal.ai\/fr\/wp-json\/wp\/v2\/pages\/74304\/revisions"}],"wp:featuredmedia":[{"embeddable":true,"href":"https:\/\/talkpal.ai\/fr\/wp-json\/wp\/v2\/media\/11614"}],"wp:attachment":[{"href":"https:\/\/talkpal.ai\/fr\/wp-json\/wp\/v2\/media?parent=74304"}],"curies":[{"name":"wp","href":"https:\/\/api.w.org\/{rel}","templated":true}]}}