{"id":74288,"date":"2023-05-14T13:52:27","date_gmt":"2023-05-14T13:52:27","guid":{"rendered":"http:\/\/talkpal.ai\/grammaire-coreenne\/"},"modified":"2025-12-11T16:29:42","modified_gmt":"2025-12-11T16:29:42","slug":"grammaire-coreenne","status":"publish","type":"page","link":"https:\/\/talkpal.ai\/fr\/grammaire-coreenne\/","title":{"rendered":"Grammaire cor\u00e9enne"},"content":{"rendered":"\r\n\r\n\r\n<section class=\"languageChallengeSection\">\r\n    <div class=\"languageInfoWrapper\">\r\n        \r\n        <h1>Grammaire cor\u00e9enne<\/h1>\r\n        <p>Commencez \u00e0 ma\u00eetriser la <a href=\"https:\/\/talkpal.ai\/es\/gramatica-coreana\/\">grammaire cor\u00e9enne<\/a> gr\u00e2ce \u00e0 des guides faciles \u00e0 suivre et des exemples pratiques. Apprenez \u00e0 former des phrases, \u00e0 utiliser des particules et \u00e0 conjuguer des verbes pour vous exprimer correctement. Mettez vos comp\u00e9tences en pratique gr\u00e2ce \u00e0 des exercices interactifs con\u00e7us pour renforcer votre confiance. Passez \u00e0 l&#039;\u00e9tape suivante de votre apprentissage de la langue cor\u00e9enne et am\u00e9liorez votre aisance d\u00e8s aujourd&#039;hui !<\/p>\r\n\r\n                            <a class=\"getStartedHidden\" href=\"https:\/\/app.talkpal.ai\/fr\/signup?lng=\">Commencer<\/a>\r\n        \r\n    <\/div>\r\n\r\n    <figure>\r\n    <img decoding=\"async\" width=\"768\" height=\"768\" src=\"https:\/\/talkpal.ai\/wp-content\/uploads\/2023\/06\/korean-768x768.png\" class=\"languageImage no-lazy\" alt=\"Default alt text\" fetchpriority=\"high\" sizes=\"(max-width: 768px) 150px, 768px\" srcset=\"https:\/\/talkpal.ai\/wp-content\/uploads\/2023\/06\/korean-768x768.png 768w, https:\/\/talkpal.ai\/wp-content\/uploads\/2023\/06\/korean-300x300.png 300w\" \/>\r\n    \r\n\r\n    <\/figure>\r\n\r\n            <a class=\"getStartedVisible\" href=\"https:\/\/app.talkpal.ai\/fr\/signup?lng=\">Commencer<\/a>\r\n    \r\n<\/section>\r\n        <section class=\"grammarSection\">\r\n            <div class=\"grammarLinks\">\r\n                <a href=\"https:\/\/talkpal.ai\/fr\/language\/adjectifs-grammaire-coreenne\/\">Adjectifs <\/a><a href=\"https:\/\/talkpal.ai\/fr\/language\/adverbes-grammaire-coreenne\/\">Adverbes <\/a><a href=\"https:\/\/talkpal.ai\/fr\/language\/articles-grammaire-coreenne\/\">Articles <\/a><a href=\"https:\/\/talkpal.ai\/fr\/language\/comparaison-des-temps-grammaire-coreenne\/\">Comparaison des temps <\/a><a href=\"https:\/\/talkpal.ai\/fr\/language\/noms-grammaire-coreenne\/\">Noms <\/a><a href=\"https:\/\/talkpal.ai\/fr\/language\/prepositions-grammaire-coreenne\/\">Pr\u00e9positions <\/a><a href=\"https:\/\/talkpal.ai\/fr\/language\/pronoms-grammaire-coreenne\/\">Pronoms <\/a><a href=\"https:\/\/talkpal.ai\/fr\/language\/structure-de-phrase-grammaire-coreenne\/\">Structure de phrase <\/a><a href=\"https:\/\/talkpal.ai\/fr\/language\/temps-indicatifs-grammaire-coreenne\/\">Temps indicatifs <\/a><a href=\"https:\/\/talkpal.ai\/fr\/language\/temps-subjonctif-grammaire-coreenne\/\">Temps subjonctif <\/a><a href=\"https:\/\/talkpal.ai\/fr\/language\/verbes-grammaire-coreenne\/\">Verbes <\/a>            <\/div>\r\n        <\/section>\r\n    <section class=\"promotionalBanner\">\r\n    <p class=\"promotionalText\">La fa\u00e7on la plus efficace d\u2019apprendre une langue<\/p>\r\n    <a class=\"promotionalLink\" href=\"https:\/\/app.talkpal.ai\/fr\/signup?lng=\">Essayez Talkpal gratuitement<\/a>\r\n<\/section>\n<div class=\"wp-block-group pageContainerStyle\"><div class=\"wp-block-group__inner-container is-layout-constrained wp-block-group-is-layout-constrained\">\n<h2 class=\"wp-block-heading\" id=\"h-demystifying-korean-grammar-a-beginner-s-guide\">D\u00e9mystifier la grammaire cor\u00e9enne : un guide pour les d\u00e9butants<\/h2>\n\n\n\n<p><a href=\"https:\/\/talkpal.ai\/fr\/la-meilleure-facon-dapprendre-le-coreen\/\">Apprendre le cor\u00e9en<\/a> peut vous ouvrir un monde de possibilit\u00e9s, qu&rsquo;il s&rsquo;agisse de d\u00e9couvrir la cuisine cor\u00e9enne, de regarder les derniers K-dramas ou de travailler dans l&rsquo;une des nombreuses entreprises innovantes de Cor\u00e9e du Sud. En tant que locuteur non natif plongeant dans cette langue fascinante, l\u2019un des aspects les plus difficiles peut \u00eatre la ma\u00eetrise de sa grammaire. La grammaire cor\u00e9enne peut sembler complexe \u00e0 premi\u00e8re vue, mais elle a une logique et une coh\u00e9rence qui peuvent \u00eatre plus accessibles que vous ne le pensez. Dans cet article, nous allons d\u00e9composer les principales caract\u00e9ristiques de la grammaire cor\u00e9enne et fournir des informations pr\u00e9cieuses pour que votre voyage vers la ma\u00eetrise de la langue cor\u00e9enne se fasse en douceur et de mani\u00e8re agr\u00e9able.<\/p>\n\n\n\n<h3 class=\"wp-block-heading\" id=\"h-1-word-nbsp-order-nbsp-get-in-the-flow\"><b>1.<\/b> Ordre<b> des mots \u2013 Entrez dans le flux !<\/b><\/h3>\n\n\n\n<p>La premi\u00e8re chose que vous devez savoir sur la grammaire cor\u00e9enne est son ordre de base des mots : Sujet-Objet-Verbe (SOV). Cela signifie que les verbes sont plac\u00e9s en <a href=\"https:\/\/talkpal.ai\/learn-finnish\/\">fin<\/a> de phrase, contrairement \u00e0 l&rsquo;ordre sujet-verbe-objet (SVO) de l&rsquo;anglais. Il faudra peut-\u00eatre un certain <a href=\"https:\/\/talkpal.ai\/zh-hans\/grammar_exercises\/temps-%e6%b3%95%e8%af%ad%e8%af%ad%e6%b3%95%e7%bb%83%e4%b9%a0\/\">temps<\/a> pour s\u2019y habituer, mais la cl\u00e9 de la ma\u00eetrise est de se familiariser avec cette nouvelle structure.<\/p>\n\n\n\n<p>Conseil : Entra\u00eenez-vous \u00e0 former des phrases cor\u00e9ennes simples en traduisant des phrases en <a href=\"https:\/\/talkpal.ai\/learn-english-with-ai\/\">anglais<\/a> et en r\u00e9organisant l\u2019ordre des mots. Concentrez-vous sur la compr\u00e9hension de la logique qui sous-tend la structure SOV pour devenir plus \u00e0 l\u2019aise avec elle.<\/p>\n\n\n\n<h3 class=\"wp-block-heading\" id=\"h-2-particles-attach-and-connect\">2. Particules \u2013 Attachez-les et connectez-vous !<\/h3>\n\n\n\n<p>Les phrases cor\u00e9ennes utilisent de minuscules \u00e9l\u00e9ments d\u2019information grammaticale appel\u00e9s particules pour aider \u00e0 d\u00e9terminer la fonction d\u2019un mot dans une phrase. Par exemple, \uc774\/\uac00 et \uc740\/\ub294 marquent le sujet, tandis que \uc744\/\ub97c indiquent l&rsquo;objet. Les particules sont une composante essentielle de la grammaire cor\u00e9enne, mais leur utilisation peut sembler \u00e9crasante au d\u00e9but.<\/p>\n\n\n\n<p>Conseil : Attaquez-vous \u00e0 une particule \u00e0 la fois, en vous familiarisant avec son utilisation et sa signification. D\u00e9veloppez une liste d\u2019exemples de phrases en utilisant chaque particule pour cr\u00e9er une collection de documents de r\u00e9f\u00e9rence.<\/p>\n\n\n\n<h3 class=\"wp-block-heading\" id=\"h-3-verb-conjugation-keep-it-simple\">3. Conjugaison des verbes \u2013 Restez simple !<\/h3>\n\n\n\n<p>Les verbes cor\u00e9ens sont remarquablement coh\u00e9rents, ce qui peut les rendre plus faciles \u00e0 apprendre que les verbes dans d\u2019autres langues. Tous les verbes cor\u00e9ens se terminent par \ub2e4 (da) dans leur forme de base, et pour cr\u00e9er diff\u00e9rents temps ou niveaux de politesse, il vous suffit d&rsquo;ajouter diff\u00e9rentes terminaisons. Les plus courants sont -\uc694 (yo) pour la politesse informelle et -\uc2b5\ub2c8\ub2e4 (seumnida) pour les situations plus formelles.<\/p>\n\n\n\n<p>Conseil : Apprenez \u00e0 conjuguer quelques verbes essentiels dans les diff\u00e9rents niveaux de politesse, tels que \ud558\ub2e4 (faire), \uba39\ub2e4 (manger), \uc790\ub2e4 (dormir) et \uac00\ub2e4 (partir). Ensuite, commencez \u00e0 les incorporer dans des phrases pour vous familiariser et vous familiariser avec l\u2019utilisation de diverses conjugaisons.<\/p>\n\n\n\n<h3 class=\"wp-block-heading\" id=\"h-4-adjectives-treat-them-like-verbs\">4. Adjectifs \u2013 Traitez-les comme des verbes !<\/h3>\n\n\n\n<p>Dans la grammaire cor\u00e9enne, les adjectifs fonctionnent de la m\u00eame mani\u00e8re que les verbes et sont conjugu\u00e9s en utilisant le m\u00eame syst\u00e8me. De nombreux adjectifs se terminent par ~\ud558\ub2e4 (-hada) et peuvent \u00eatre conjugu\u00e9s de la m\u00eame mani\u00e8re que les verbes.<\/p>\n\n\n\n<p>Conseil : Entra\u00eenez-vous \u00e0 conjuguer des adjectifs courants comme \uc88b\ub2e4 (\u00eatre bon), \uc608\uc058\ub2e4 (\u00eatre joli), \ub192\ub2e4 (\u00eatre haut), \ub0ae\ub2e4 (\u00eatre bas) et \ud06c\ub2e4 (\u00eatre grand). Les incorporer dans des phrases vous aidera \u00e0 solidifier votre compr\u00e9hension.<\/p>\n\n\n\n<h3 class=\"wp-block-heading\" id=\"h-5-honorifics-show-your-respect\">5. Titres honorifiques \u2013 Montrez votre respect\u00a0!<\/h3>\n\n\n\n<p>La culture cor\u00e9enne met l\u2019accent sur le respect envers les a\u00een\u00e9s et les personnes en position d\u2019autorit\u00e9. Cela se refl\u00e8te dans son langage \u00e0 travers les titres honorifiques, qui sont des formes sp\u00e9ciales de mots et de structures grammaticales utilis\u00e9es pour montrer la politesse. Parmi les principaux exemples, citons l&rsquo;utilisation de la particule -\uaed8\uc11c (-kkeseo) au lieu de -\uc774\/\uac00 pour d\u00e9signer quelqu&rsquo;un avec respect ou l&rsquo;ajout de -\uc2dc (-si) aux verbes en tant que marque de politesse.<\/p>\n\n\n\n<p>Conseil : Apprenez les bases de l&rsquo;utilisation des termes honorifiques, mais ne vous souciez pas trop de devenir un expert tout de suite. En tant qu\u2019anglophone, les Cor\u00e9ens comprendront probablement si vous faites des erreurs, mais faire un effort pour \u00eatre respectueux sera appr\u00e9ci\u00e9.<\/p>\n\n\n\n<h3 class=\"wp-block-heading\" id=\"h-conclusion\">Conclusion :<\/h3>\n\n\n\n<p>La grammaire cor\u00e9enne peut sembler difficile au d\u00e9but, mais au fur et \u00e0 mesure que vous acquerrez de l&rsquo;exp\u00e9rience et de la compr\u00e9hension, vous d\u00e9couvrirez un cadre logique et coh\u00e9rent. En vous concentrant sur des concepts cl\u00e9s tels que l&rsquo;ordre des mots, les particules et la conjugaison des verbes, vous construirez bient\u00f4t des phrases comme un pro. Adoptez l&rsquo;amour de cette langue expressive et voyez votre ma\u00eetrise de la grammaire cor\u00e9enne vous ouvrir les portes d&rsquo;un monde de possibilit\u00e9s. \ud654\uc774\ud305 (hwaiting) &#8211; laisser<\/p>\n<\/div><\/div>\n\r\n<section class=\"learnNavigationSection\">\r\n            \r\n        <a href=\"https:\/\/talkpal.ai\/fr\/apprendre-le-coreen\/\">\r\n            <div class=\"learnNavigationWrapper\">\r\n                <div class=\"learnNavigationContent\">\r\n                    <img decoding=\"async\" src=\"https:\/\/talkpal.ai\/wp-content\/uploads\/2024\/08\/Korean.jpg\" alt=\"Korean Flag\">\r\n                    <div>\r\n                        <h4>\u00c0 propos de l&#039;apprentissage du cor\u00e9en<\/h4>\r\n                        <p>Tout savoir sur la grammaire cor\u00e9enne.<\/p>\r\n                    <\/div>\r\n                <\/div>\r\n            <\/div>\r\n        <\/a>\r\n\r\n        \r\n        <a href=\"https:\/\/talkpal.ai\/fr\/exercices-de-grammaire-coreenne\/\">\r\n            <div class=\"learnNavigationWrapper\">\r\n                <div class=\"learnNavigationContent\">\r\n                    <img decoding=\"async\" src=\"https:\/\/talkpal.ai\/wp-content\/uploads\/2024\/08\/Korean.jpg\" alt=\"Korean Flag\">\r\n                    <div>\r\n                        <h4>Exercice de grammaire cor\u00e9enne<\/h4>\r\n                        <p>Pratiquez la grammaire cor\u00e9enne.<\/p>\r\n                    <\/div>\r\n                <\/div>\r\n            <\/div>\r\n        <\/a>\r\n\r\n        \r\n        <a href=\"https:\/\/talkpal.ai\/vocabulary_language\/korean\/\">\r\n            <div class=\"learnNavigationWrapper\">\r\n                <div class=\"learnNavigationContent\">\r\n                    <img decoding=\"async\" src=\"https:\/\/talkpal.ai\/wp-content\/uploads\/2024\/08\/Korean.jpg\" alt=\"Korean Flag\">\r\n                    <div>\r\n                        <h4>Vocabulaire cor\u00e9en<\/h4>\r\n                        <p>\u00c9largissez votre vocabulaire cor\u00e9en.<\/p>\r\n                    <\/div>\r\n                <\/div>\r\n            <\/div>\r\n        <\/a>\r\n\r\n            <\/section>","protected":false},"excerpt":{"rendered":"<p>D\u00e9mystifier la grammaire cor\u00e9enne : un guide pour les d\u00e9butants Apprendre le cor\u00e9en peut vous ouvrir un monde de possibilit\u00e9s, qu&rsquo;il s&rsquo;agisse de d\u00e9couvrir la cuisine cor\u00e9enne, de regarder les derniers K-dramas ou de travailler dans l&rsquo;une des nombreuses entreprises innovantes de Cor\u00e9e du Sud. En tant que locuteur non natif plongeant dans cette langue [&hellip;]<\/p>\n","protected":false},"author":1,"featured_media":11607,"parent":0,"menu_order":0,"comment_status":"closed","ping_status":"closed","template":"LearningContentPage.php","meta":{"_acf_changed":false,"footnotes":""},"class_list":["post-74288","page","type-page","status-publish","has-post-thumbnail","hentry"],"acf":[],"yoast_head":"<!-- This site is optimized with the Yoast SEO Premium plugin v27.2 (Yoast SEO v27.2) - https:\/\/yoast.com\/product\/yoast-seo-premium-wordpress\/ -->\n<title>Grammaire cor\u00e9enne - Talkpal<\/title>\n<meta name=\"description\" content=\"Ma\u00eetrisez la grammaire cor\u00e9enne en toute confiance - renforcez la structure des phrases, clarifiez les r\u00e8gles et am\u00e9liorez votre fluidit\u00e9 facilement.\" \/>\n<meta name=\"robots\" content=\"index, follow, max-snippet:-1, max-image-preview:large, max-video-preview:-1\" \/>\n<link rel=\"canonical\" href=\"https:\/\/talkpal.ai\/fr\/grammaire-coreenne\/\" \/>\n<meta property=\"og:locale\" content=\"fr_FR\" \/>\n<meta property=\"og:type\" content=\"article\" \/>\n<meta property=\"og:title\" content=\"Grammaire cor\u00e9enne\" \/>\n<meta property=\"og:description\" content=\"D\u00e9mystifier la grammaire cor\u00e9enne : un guide pour les d\u00e9butants Apprendre le cor\u00e9en peut vous ouvrir un monde de possibilit\u00e9s, qu&#039;il s&#039;agisse de d\u00e9couvrir\" \/>\n<meta property=\"og:url\" content=\"https:\/\/talkpal.ai\/fr\/grammaire-coreenne\/\" \/>\n<meta property=\"og:site_name\" content=\"Talkpal\" \/>\n<meta property=\"article:publisher\" content=\"https:\/\/www.facebook.com\/profile.php?id=100090733639311\" \/>\n<meta property=\"article:modified_time\" content=\"2025-12-11T16:29:42+00:00\" \/>\n<meta property=\"og:image\" content=\"https:\/\/talkpal.ai\/wp-content\/uploads\/2023\/04\/south-korea.png\" \/>\n\t<meta property=\"og:image:width\" content=\"512\" \/>\n\t<meta property=\"og:image:height\" content=\"512\" \/>\n\t<meta property=\"og:image:type\" content=\"image\/png\" \/>\n<meta name=\"twitter:card\" content=\"summary_large_image\" \/>\n<meta name=\"twitter:site\" content=\"@talkpalai\" \/>\n<meta name=\"twitter:label1\" content=\"Dur\u00e9e de lecture estim\u00e9e\" \/>\n\t<meta name=\"twitter:data1\" content=\"4 minutes\" \/>\n<script type=\"application\/ld+json\" class=\"yoast-schema-graph\">{\"@context\":\"https:\/\/schema.org\",\"@graph\":[{\"@type\":\"WebPage\",\"@id\":\"https:\/\/talkpal.ai\/fr\/grammaire-coreenne\/\",\"url\":\"https:\/\/talkpal.ai\/fr\/grammaire-coreenne\/\",\"name\":\"Grammaire cor\u00e9enne - Talkpal\",\"isPartOf\":{\"@id\":\"https:\/\/talkpal.ai\/fr\/#website\"},\"primaryImageOfPage\":{\"@id\":\"https:\/\/talkpal.ai\/fr\/grammaire-coreenne\/#primaryimage\"},\"image\":{\"@id\":\"https:\/\/talkpal.ai\/fr\/grammaire-coreenne\/#primaryimage\"},\"thumbnailUrl\":\"https:\/\/talkpal.ai\/wp-content\/uploads\/2023\/04\/south-korea.png\",\"datePublished\":\"2023-05-14T13:52:27+00:00\",\"dateModified\":\"2025-12-11T16:29:42+00:00\",\"description\":\"Ma\u00eetrisez la grammaire cor\u00e9enne en toute confiance - renforcez la structure des phrases, clarifiez les r\u00e8gles et am\u00e9liorez votre fluidit\u00e9 facilement.\",\"breadcrumb\":{\"@id\":\"https:\/\/talkpal.ai\/fr\/grammaire-coreenne\/#breadcrumb\"},\"inLanguage\":\"fr-FR\",\"potentialAction\":[{\"@type\":\"ReadAction\",\"target\":[\"https:\/\/talkpal.ai\/fr\/grammaire-coreenne\/\"]}]},{\"@type\":\"ImageObject\",\"inLanguage\":\"fr-FR\",\"@id\":\"https:\/\/talkpal.ai\/fr\/grammaire-coreenne\/#primaryimage\",\"url\":\"https:\/\/talkpal.ai\/wp-content\/uploads\/2023\/04\/south-korea.png\",\"contentUrl\":\"https:\/\/talkpal.ai\/wp-content\/uploads\/2023\/04\/south-korea.png\",\"width\":512,\"height\":512},{\"@type\":\"BreadcrumbList\",\"@id\":\"https:\/\/talkpal.ai\/fr\/grammaire-coreenne\/#breadcrumb\",\"itemListElement\":[{\"@type\":\"ListItem\",\"position\":1,\"name\":\"Homepage\",\"item\":\"https:\/\/talkpal.ai\/fr\/\"},{\"@type\":\"ListItem\",\"position\":2,\"name\":\"Grammaire cor\u00e9enne\"}]},{\"@type\":\"WebSite\",\"@id\":\"https:\/\/talkpal.ai\/fr\/#website\",\"url\":\"https:\/\/talkpal.ai\/fr\/\",\"name\":\"Talkpal\",\"description\":\"AI Language Learning\",\"publisher\":{\"@id\":\"https:\/\/talkpal.ai\/fr\/#organization\"},\"alternateName\":\"Talkpal AI\",\"potentialAction\":[{\"@type\":\"SearchAction\",\"target\":{\"@type\":\"EntryPoint\",\"urlTemplate\":\"https:\/\/talkpal.ai\/fr\/?s={search_term_string}\"},\"query-input\":{\"@type\":\"PropertyValueSpecification\",\"valueRequired\":true,\"valueName\":\"search_term_string\"}}],\"inLanguage\":\"fr-FR\"},{\"@type\":\"Organization\",\"@id\":\"https:\/\/talkpal.ai\/fr\/#organization\",\"name\":\"Talkpal, Inc.\",\"alternateName\":\"Talkpal AI\",\"url\":\"https:\/\/talkpal.ai\/fr\/\",\"logo\":{\"@type\":\"ImageObject\",\"inLanguage\":\"fr-FR\",\"@id\":\"https:\/\/talkpal.ai\/fr\/#\/schema\/logo\/image\/\",\"url\":\"https:\/\/talkpal.ai\/wp-content\/uploads\/2024\/03\/Talkpal-Logo-Icon.png\",\"contentUrl\":\"https:\/\/talkpal.ai\/wp-content\/uploads\/2024\/03\/Talkpal-Logo-Icon.png\",\"width\":2880,\"height\":2880,\"caption\":\"Talkpal, Inc.\"},\"image\":{\"@id\":\"https:\/\/talkpal.ai\/fr\/#\/schema\/logo\/image\/\"},\"sameAs\":[\"https:\/\/www.facebook.com\/profile.php?id=100090733639311\",\"https:\/\/x.com\/talkpalai\",\"https:\/\/www.linkedin.com\/company\/talkpal\/\",\"https:\/\/www.youtube.com\/@TalkPal\/\",\"https:\/\/www.tiktok.com\/@talkpal\",\"https:\/\/www.instagram.com\/talkpal_ai\/\",\"https:\/\/www.crunchbase.com\/organization\/talkpal-9cde\",\"https:\/\/www.g2.com\/products\/talkpal-for-business\/\",\"https:\/\/www.trustpilot.com\/review\/talkpal.ai\",\"https:\/\/www.capterra.com\/p\/10006800\/TalkPal\/\"],\"description\":\"Talkpal is a language learning web and mobile education app, powered by the latest AI technologies, that provides engaging experiences to its customers in many different languages to help them improve their language skills. Users can chat about unlimited amount of topics with the app and use other modes to practice their language learning.\",\"email\":\"support@talkpal.ai\",\"legalName\":\"Talkpal, Inc.\",\"foundingDate\":\"2023-04-03\",\"duns\":\"118989042\",\"numberOfEmployees\":{\"@type\":\"QuantitativeValue\",\"minValue\":\"11\",\"maxValue\":\"50\"},\"publishingPrinciples\":\"https:\/\/talkpal.ai\/publishing-principles\/\",\"actionableFeedbackPolicy\":\"https:\/\/talkpal.ai\/actionable-feedback-policy\/\",\"correctionsPolicy\":\"https:\/\/talkpal.ai\/corrections-policy\/\",\"ethicsPolicy\":\"https:\/\/talkpal.ai\/ethics-policy\/\",\"diversityPolicy\":\"https:\/\/talkpal.ai\/diversity-policy\/\",\"diversityStaffingReport\":\"https:\/\/talkpal.ai\/diversity-policy\/\"}]}<\/script>\n<!-- \/ Yoast SEO Premium plugin. -->","yoast_head_json":{"title":"Grammaire cor\u00e9enne - Talkpal","description":"Ma\u00eetrisez la grammaire cor\u00e9enne en toute confiance - renforcez la structure des phrases, clarifiez les r\u00e8gles et am\u00e9liorez votre fluidit\u00e9 facilement.","robots":{"index":"index","follow":"follow","max-snippet":"max-snippet:-1","max-image-preview":"max-image-preview:large","max-video-preview":"max-video-preview:-1"},"canonical":"https:\/\/talkpal.ai\/fr\/grammaire-coreenne\/","og_locale":"fr_FR","og_type":"article","og_title":"Grammaire cor\u00e9enne","og_description":"D\u00e9mystifier la grammaire cor\u00e9enne : un guide pour les d\u00e9butants Apprendre le cor\u00e9en peut vous ouvrir un monde de possibilit\u00e9s, qu'il s'agisse de d\u00e9couvrir","og_url":"https:\/\/talkpal.ai\/fr\/grammaire-coreenne\/","og_site_name":"Talkpal","article_publisher":"https:\/\/www.facebook.com\/profile.php?id=100090733639311","article_modified_time":"2025-12-11T16:29:42+00:00","og_image":[{"width":512,"height":512,"url":"https:\/\/talkpal.ai\/wp-content\/uploads\/2023\/04\/south-korea.png","type":"image\/png"}],"twitter_card":"summary_large_image","twitter_site":"@talkpalai","twitter_misc":{"Dur\u00e9e de lecture estim\u00e9e":"4 minutes"},"schema":{"@context":"https:\/\/schema.org","@graph":[{"@type":"WebPage","@id":"https:\/\/talkpal.ai\/fr\/grammaire-coreenne\/","url":"https:\/\/talkpal.ai\/fr\/grammaire-coreenne\/","name":"Grammaire cor\u00e9enne - Talkpal","isPartOf":{"@id":"https:\/\/talkpal.ai\/fr\/#website"},"primaryImageOfPage":{"@id":"https:\/\/talkpal.ai\/fr\/grammaire-coreenne\/#primaryimage"},"image":{"@id":"https:\/\/talkpal.ai\/fr\/grammaire-coreenne\/#primaryimage"},"thumbnailUrl":"https:\/\/talkpal.ai\/wp-content\/uploads\/2023\/04\/south-korea.png","datePublished":"2023-05-14T13:52:27+00:00","dateModified":"2025-12-11T16:29:42+00:00","description":"Ma\u00eetrisez la grammaire cor\u00e9enne en toute confiance - renforcez la structure des phrases, clarifiez les r\u00e8gles et am\u00e9liorez votre fluidit\u00e9 facilement.","breadcrumb":{"@id":"https:\/\/talkpal.ai\/fr\/grammaire-coreenne\/#breadcrumb"},"inLanguage":"fr-FR","potentialAction":[{"@type":"ReadAction","target":["https:\/\/talkpal.ai\/fr\/grammaire-coreenne\/"]}]},{"@type":"ImageObject","inLanguage":"fr-FR","@id":"https:\/\/talkpal.ai\/fr\/grammaire-coreenne\/#primaryimage","url":"https:\/\/talkpal.ai\/wp-content\/uploads\/2023\/04\/south-korea.png","contentUrl":"https:\/\/talkpal.ai\/wp-content\/uploads\/2023\/04\/south-korea.png","width":512,"height":512},{"@type":"BreadcrumbList","@id":"https:\/\/talkpal.ai\/fr\/grammaire-coreenne\/#breadcrumb","itemListElement":[{"@type":"ListItem","position":1,"name":"Homepage","item":"https:\/\/talkpal.ai\/fr\/"},{"@type":"ListItem","position":2,"name":"Grammaire cor\u00e9enne"}]},{"@type":"WebSite","@id":"https:\/\/talkpal.ai\/fr\/#website","url":"https:\/\/talkpal.ai\/fr\/","name":"Talkpal","description":"AI Language Learning","publisher":{"@id":"https:\/\/talkpal.ai\/fr\/#organization"},"alternateName":"Talkpal AI","potentialAction":[{"@type":"SearchAction","target":{"@type":"EntryPoint","urlTemplate":"https:\/\/talkpal.ai\/fr\/?s={search_term_string}"},"query-input":{"@type":"PropertyValueSpecification","valueRequired":true,"valueName":"search_term_string"}}],"inLanguage":"fr-FR"},{"@type":"Organization","@id":"https:\/\/talkpal.ai\/fr\/#organization","name":"Talkpal, Inc.","alternateName":"Talkpal AI","url":"https:\/\/talkpal.ai\/fr\/","logo":{"@type":"ImageObject","inLanguage":"fr-FR","@id":"https:\/\/talkpal.ai\/fr\/#\/schema\/logo\/image\/","url":"https:\/\/talkpal.ai\/wp-content\/uploads\/2024\/03\/Talkpal-Logo-Icon.png","contentUrl":"https:\/\/talkpal.ai\/wp-content\/uploads\/2024\/03\/Talkpal-Logo-Icon.png","width":2880,"height":2880,"caption":"Talkpal, Inc."},"image":{"@id":"https:\/\/talkpal.ai\/fr\/#\/schema\/logo\/image\/"},"sameAs":["https:\/\/www.facebook.com\/profile.php?id=100090733639311","https:\/\/x.com\/talkpalai","https:\/\/www.linkedin.com\/company\/talkpal\/","https:\/\/www.youtube.com\/@TalkPal\/","https:\/\/www.tiktok.com\/@talkpal","https:\/\/www.instagram.com\/talkpal_ai\/","https:\/\/www.crunchbase.com\/organization\/talkpal-9cde","https:\/\/www.g2.com\/products\/talkpal-for-business\/","https:\/\/www.trustpilot.com\/review\/talkpal.ai","https:\/\/www.capterra.com\/p\/10006800\/TalkPal\/"],"description":"Talkpal is a language learning web and mobile education app, powered by the latest AI technologies, that provides engaging experiences to its customers in many different languages to help them improve their language skills. Users can chat about unlimited amount of topics with the app and use other modes to practice their language learning.","email":"support@talkpal.ai","legalName":"Talkpal, Inc.","foundingDate":"2023-04-03","duns":"118989042","numberOfEmployees":{"@type":"QuantitativeValue","minValue":"11","maxValue":"50"},"publishingPrinciples":"https:\/\/talkpal.ai\/publishing-principles\/","actionableFeedbackPolicy":"https:\/\/talkpal.ai\/actionable-feedback-policy\/","correctionsPolicy":"https:\/\/talkpal.ai\/corrections-policy\/","ethicsPolicy":"https:\/\/talkpal.ai\/ethics-policy\/","diversityPolicy":"https:\/\/talkpal.ai\/diversity-policy\/","diversityStaffingReport":"https:\/\/talkpal.ai\/diversity-policy\/"}]}},"_links":{"self":[{"href":"https:\/\/talkpal.ai\/fr\/wp-json\/wp\/v2\/pages\/74288","targetHints":{"allow":["GET"]}}],"collection":[{"href":"https:\/\/talkpal.ai\/fr\/wp-json\/wp\/v2\/pages"}],"about":[{"href":"https:\/\/talkpal.ai\/fr\/wp-json\/wp\/v2\/types\/page"}],"author":[{"embeddable":true,"href":"https:\/\/talkpal.ai\/fr\/wp-json\/wp\/v2\/users\/1"}],"replies":[{"embeddable":true,"href":"https:\/\/talkpal.ai\/fr\/wp-json\/wp\/v2\/comments?post=74288"}],"version-history":[{"count":0,"href":"https:\/\/talkpal.ai\/fr\/wp-json\/wp\/v2\/pages\/74288\/revisions"}],"wp:featuredmedia":[{"embeddable":true,"href":"https:\/\/talkpal.ai\/fr\/wp-json\/wp\/v2\/media\/11607"}],"wp:attachment":[{"href":"https:\/\/talkpal.ai\/fr\/wp-json\/wp\/v2\/media?parent=74288"}],"curies":[{"name":"wp","href":"https:\/\/api.w.org\/{rel}","templated":true}]}}