{"id":74279,"date":"2023-05-14T13:53:24","date_gmt":"2023-05-14T13:53:24","guid":{"rendered":"http:\/\/talkpal.ai\/grammaire-ukrainienne\/"},"modified":"2025-12-11T16:37:33","modified_gmt":"2025-12-11T16:37:33","slug":"grammaire-ukrainienne","status":"publish","type":"page","link":"https:\/\/talkpal.ai\/fr\/grammaire-ukrainienne\/","title":{"rendered":"Grammaire ukrainienne"},"content":{"rendered":"\r\n\r\n\r\n<section class=\"languageChallengeSection\">\r\n    <div class=\"languageInfoWrapper\">\r\n        \r\n        <h1>Grammaire ukrainienne<\/h1>\r\n        <p>Explorez la structure de la langue ukrainienne en apprenant ses r\u00e8gles de grammaire essentielles. La ma\u00eetrise de la <a href=\"https:\/\/talkpal.ai\/es\/gramatica-ucraniana\/\">grammaire ukrainienne<\/a> vous aidera \u00e0 communiquer avec assurance et \u00e0 vous rapprocher de la culture et de l&#039;h\u00e9ritage ukrainiens. Commencez d\u00e8s aujourd&#039;hui votre voyage en grammaire ukrainienne et faites le premier pas vers la fluidit\u00e9 !<\/p>\r\n\r\n                            <a class=\"getStartedHidden\" href=\"https:\/\/app.talkpal.ai\/fr\/signup?lng=\">Commencer<\/a>\r\n        \r\n    <\/div>\r\n\r\n    <figure>\r\n    <img decoding=\"async\" width=\"768\" height=\"768\" src=\"https:\/\/talkpal.ai\/wp-content\/uploads\/2023\/06\/Ukrainian-768x768.png\" class=\"languageImage no-lazy\" alt=\"Default alt text\" fetchpriority=\"high\" sizes=\"(max-width: 768px) 150px, 768px\" srcset=\"https:\/\/talkpal.ai\/wp-content\/uploads\/2023\/06\/Ukrainian-768x768.png 768w, https:\/\/talkpal.ai\/wp-content\/uploads\/2023\/06\/Ukrainian-300x300.png 300w\" \/>\r\n    \r\n\r\n    <\/figure>\r\n\r\n            <a class=\"getStartedVisible\" href=\"https:\/\/app.talkpal.ai\/fr\/signup?lng=\">Commencer<\/a>\r\n    \r\n<\/section>\r\n        <section class=\"grammarSection\">\r\n            <div class=\"grammarLinks\">\r\n                <a href=\"https:\/\/talkpal.ai\/fr\/language\/adjectifs-grammaire-ukrainienne\/\">Adjectifs <\/a><a href=\"https:\/\/talkpal.ai\/fr\/language\/adverbes-grammaire-ukrainienne\/\">Adverbes <\/a><a href=\"https:\/\/talkpal.ai\/fr\/language\/articles-grammaire-ukrainienne\/\">Articles <\/a><a href=\"https:\/\/talkpal.ai\/fr\/language\/comparaison-des-temps-grammaire-ukrainienne\/\">Comparaison des temps <\/a><a href=\"https:\/\/talkpal.ai\/fr\/language\/noms-grammaire-ukrainienne\/\">Noms <\/a><a href=\"https:\/\/talkpal.ai\/fr\/language\/prepositions-grammaire-ukrainienne\/\">Pr\u00e9positions <\/a><a href=\"https:\/\/talkpal.ai\/fr\/language\/pronoms-grammaire-ukrainienne\/\">Pronoms <\/a><a href=\"https:\/\/talkpal.ai\/fr\/language\/structure-de-phrase-grammaire-ukrainienne\/\">Structure de phrase <\/a><a href=\"https:\/\/talkpal.ai\/fr\/language\/temps-indicatifs-grammaire-ukrainienne\/\">Temps indicatifs <\/a><a href=\"https:\/\/talkpal.ai\/fr\/language\/temps-subjonctif-grammaire-ukrainienne\/\">Temps subjonctif <\/a><a href=\"https:\/\/talkpal.ai\/fr\/language\/verbes-grammaire-ukrainienne\/\">Verbes <\/a>            <\/div>\r\n        <\/section>\r\n    <section class=\"promotionalBanner\">\r\n    <p class=\"promotionalText\">La fa\u00e7on la plus efficace d\u2019apprendre une langue<\/p>\r\n    <a class=\"promotionalLink\" href=\"https:\/\/app.talkpal.ai\/fr\/signup?lng=\">Essayez Talkpal gratuitement<\/a>\r\n<\/section>\n<div class=\"wp-block-group pageContainerStyle\"><div class=\"wp-block-group__inner-container is-layout-constrained wp-block-group-is-layout-constrained\">\n<h2 class=\"wp-block-heading\" id=\"h-a-comprehensive-guide-to-mastering-ukrainian-grammar\">Un guide complet pour ma\u00eetriser la grammaire ukrainienne<\/h2>\n\n\n\n<p>L\u2019ukrainien, une langue belle et m\u00e9lodique, suscite un int\u00e9r\u00eat croissant de la part des amateurs de langues du monde entier. Apprendre l\u2019ukrainien vous donne acc\u00e8s \u00e0 un riche <a href=\"https:\/\/talkpal.ai\/fr\/culture\/le-patrimoine-culturel-immateriel-francais\/\">patrimoine culturel<\/a> et vous permet de communiquer avec des millions de personnes en <a href=\"https:\/\/talkpal.ai\/locations\/language-courses-in-ukraine\/\">Ukraine<\/a> et dans les pays voisins. Bien que se plonger dans la grammaire ukrainienne puisse sembler intimidant au d\u00e9but, le fait d\u2019avoir une base solide vous permettra d\u2019explorer les nuances de la langue et d\u2019appr\u00e9cier pleinement sa beaut\u00e9. Cet article vous guidera pas \u00e0 pas \u00e0 travers les bases de la grammaire ukrainienne, vous \u00e9quipant pour <a href=\"https:\/\/talkpal.ai\/ko\/ai-%ec%96%b8%ec%96%b4-%ea%b5%90%ec%82%ac\/\">commencer<\/a> en toute confiance votre voyage linguistique.<\/p>\n\n\n\n<h3 class=\"wp-block-heading\" id=\"h-1-mastering-ukrainian-nouns-and-cases\">1. Ma\u00eetriser les noms et les cas ukrainiens<\/h3>\n\n\n\n<p>Une caract\u00e9ristique centrale de la grammaire ukrainienne est son syst\u00e8me de cas. Lorsque vous utilisez des noms, vous devez conna\u00eetre leur genre (masculin, f\u00e9minin ou neutre) et \u00eatre conscient du contexte qui peut n\u00e9cessiter un changement dans leurs terminaisons. La langue ukrainienne compte sept cas :<\/p>\n\n\n\n<p>&#8211; Nominatif : le sujet d&rsquo;une phrase<\/p>\n\n\n\n<p>&#8211; G\u00e9nitif : indique la possession, la quantit\u00e9 et la <a href=\"https:\/\/talkpal.ai\/ar\/grammar_exercises\/negation-%d8%aa%d9%85%d8%a7%d8%b1%d9%8a%d9%86-%d9%84%d9%84%d9%82%d9%88%d8%a7%d8%b9%d8%af-%d8%a7%d9%84%d9%81%d8%b1%d9%86%d8%b3%d9%8a%d8%a9\/\">n\u00e9gation<\/a>.<\/p>\n\n\n\n<p>&#8211; Datif : objet indirect ou mouvement vers un but<\/p>\n\n\n\n<p>&#8211; Accusatif : objet direct ou mouvement visant quelque chose<\/p>\n\n\n\n<p>&#8211; Instrumental : d\u00e9signe un moyen ou un instrument d&rsquo;action<\/p>\n\n\n\n<p>&#8211; Locatif : indique le lieu<\/p>\n\n\n\n<p>&#8211; Vocatif : utilis\u00e9 pour s&rsquo;adresser ou appeler quelqu&rsquo;un<\/p>\n\n\n\n<p>Vous devrez faire attention aux terminaisons et aux d\u00e9clinaisons des noms, car elles changent en fonction du cas utilis\u00e9, du genre et du nombre du nom.<\/p>\n\n\n\n<h3 class=\"wp-block-heading\" id=\"h-2-navigating-the-ukrainian-verb-system\">2. Naviguer dans le syst\u00e8me verbal ukrainien<\/h3>\n\n\n\n<p>Les verbes ukrainiens sont conjugu\u00e9s en fonction de la personne, du nombre, du <a href=\"https:\/\/talkpal.ai\/zh-hans\/grammar_exercises\/temps-%e6%b3%95%e8%af%ad%e8%af%ad%e6%b3%95%e7%bb%83%e4%b9%a0\/\">temps<\/a>, de l\u2019humeur et de la voix. En <a href=\"https:\/\/talkpal.ai\/learn-ukrainian\/\">ukrainien<\/a>, il existe quatre aspects des verbes : perfectif, imperfectif, it\u00e9ratif et inceptif :<\/p>\n\n\n\n<p>&#8211; Perfectif : indique des actions achev\u00e9es<\/p>\n\n\n\n<p>&#8211; Imperfectif : d\u00e9crit des actions en <a href=\"https:\/\/talkpal.ai\/courses\/\">cours<\/a>, habituelles ou r\u00e9p\u00e9t\u00e9es<\/p>\n\n\n\n<p>&#8211; It\u00e9ratif : actions r\u00e9p\u00e9t\u00e9es dans un intervalle de temps donn\u00e9.<\/p>\n\n\n\n<p>&#8211; Inceptif : indique le d\u00e9but d&rsquo;une action<\/p>\n\n\n\n<p>Pour naviguer dans le syst\u00e8me verbal ukrainien, vous devez vous familiariser avec les trois conjugaisons verbales de base. Le processus de conjugaison consiste \u00e0 changer les terminaisons de la racine verbale en fonction du temps, de l\u2019humeur et du sujet.<\/p>\n\n\n\n<h3 class=\"wp-block-heading\" id=\"h-3-perfecting-ukrainian-adjectives-and-pronouns\">3. Perfectionner les adjectifs et les pronoms ukrainiens<\/h3>\n\n\n\n<p>Les adjectifs en ukrainien doivent s\u2019accorder avec le nom qu\u2019ils d\u00e9crivent, en genre, en nombre et en cas. Cela signifie que lorsque vous utilisez un adjectif, vous devez \u00eatre attentif \u00e0 ses terminaisons, car elles changeront pour s\u2019aligner sur le nom. De plus, les adjectifs en ukrainien peuvent \u00eatre longs ou courts, chacun ayant son utilisation en fonction du contexte.<\/p>\n\n\n\n<p>Les pronoms sont utilis\u00e9s \u00e0 la place des noms et doivent \u00e9galement s\u2019accorder avec le nom qu\u2019ils remplacent, en genre, en nombre et en cas. Les pronoms personnels en ukrainien comprennent \u00ab\u00a0\u044f\u00a0\u00bb (je), \u00ab\u00a0\u0442\u0438\u00a0\u00bb (vous, au singulier), \u00ab\u00a0\u0432\u0456\u043d\/\u0432\u043e\u043d\u0430\/\u0432\u043e\u043d\u043e\u00a0\u00bb (il\/elle), \u00ab\u00a0\u043c\u0438\u00a0\u00bb (nous), \u00ab\u00a0\u0432\u0438\u00a0\u00bb (vous, au pluriel ou formel), et \u00ab\u00a0\u0432\u043e\u043d\u0438\u00a0\u00bb (ils). Il existe \u00e9galement des pronoms possessifs, d\u00e9monstratifs et relatifs en ukrainien.<\/p>\n\n\n\n<h3 class=\"wp-block-heading\" id=\"h-4-putting-it-all-together-sentence-structure\">4. Assembler le tout : structure de la phrase<\/h3>\n\n\n\n<p>L\u2019ukrainien suit la structure de phrase sujet-verbe-objet (SVO), similaire \u00e0 l\u2019anglais. Cependant, contrairement \u00e0 l\u2019anglais, l\u2019ukrainien a plus de flexibilit\u00e9 dans l\u2019ordre des mots en raison de son syst\u00e8me de casse. Cette flexibilit\u00e9 permet aux locuteurs de mettre l\u2019accent sur des mots ou des id\u00e9es sp\u00e9cifiques en les pla\u00e7ant dans diff\u00e9rentes positions dans une phrase. Bien que la ma\u00eetrise de cette polyvalence puisse prendre du temps, elle vous permet de vous exprimer de mani\u00e8re plus artistique et fluide en ukrainien.<\/p>\n\n\n\n<h3 class=\"wp-block-heading\" id=\"h-conclusion\">Conclusion<\/h3>\n\n\n\n<p>Alors que vous vous lancez dans votre voyage linguistique ukrainien, rappelez-vous que pour ma\u00eetriser la grammaire, il faut de la pratique et de la pers\u00e9v\u00e9rance. Familiarisez-vous progressivement avec les diff\u00e9rents aspects de la grammaire ukrainienne, des noms et des cas aux verbes et \u00e0 la structure des phrases. Profitez du processus d\u2019apprentissage et savourez la beaut\u00e9 et l\u2019expressivit\u00e9 de la langue ukrainienne. \u0412\u0434\u0430\u0447\u0456! (Bonne chance !)<\/p>\n<\/div><\/div>\n\r\n<section class=\"learnNavigationSection\">\r\n            \r\n        <a href=\"https:\/\/talkpal.ai\/fr\/apprendre-lukrainien\/\">\r\n            <div class=\"learnNavigationWrapper\">\r\n                <div class=\"learnNavigationContent\">\r\n                    <img decoding=\"async\" src=\"https:\/\/talkpal.ai\/wp-content\/uploads\/2024\/08\/Ukrainian.jpg\" alt=\"Ukrainian Flag\">\r\n                    <div>\r\n                        <h4>\u00c0 propos de l&#039;apprentissage de l&#039;ukrainien<\/h4>\r\n                        <p>Tout savoir sur la grammaire ukrainienne.<\/p>\r\n                    <\/div>\r\n                <\/div>\r\n            <\/div>\r\n        <\/a>\r\n\r\n        \r\n        <a href=\"https:\/\/talkpal.ai\/fr\/exercices-de-grammaire-ukrainienne\/\">\r\n            <div class=\"learnNavigationWrapper\">\r\n                <div class=\"learnNavigationContent\">\r\n                    <img decoding=\"async\" src=\"https:\/\/talkpal.ai\/wp-content\/uploads\/2024\/08\/Ukrainian.jpg\" alt=\"Ukrainian Flag\">\r\n                    <div>\r\n                        <h4>Exercice de grammaire ukrainienne<\/h4>\r\n                        <p>Pratiquez la grammaire ukrainienne.<\/p>\r\n                    <\/div>\r\n                <\/div>\r\n            <\/div>\r\n        <\/a>\r\n\r\n        \r\n        <a href=\"https:\/\/talkpal.ai\/vocabulary_language\/ukrainian\/\">\r\n            <div class=\"learnNavigationWrapper\">\r\n                <div class=\"learnNavigationContent\">\r\n                    <img decoding=\"async\" src=\"https:\/\/talkpal.ai\/wp-content\/uploads\/2024\/08\/Ukrainian.jpg\" alt=\"Ukrainian Flag\">\r\n                    <div>\r\n                        <h4>Vocabulaire ukrainien<\/h4>\r\n                        <p>\u00c9largissez votre vocabulaire ukrainien.<\/p>\r\n                    <\/div>\r\n                <\/div>\r\n            <\/div>\r\n        <\/a>\r\n\r\n            <\/section>","protected":false},"excerpt":{"rendered":"<p>Un guide complet pour ma\u00eetriser la grammaire ukrainienne L\u2019ukrainien, une langue belle et m\u00e9lodique, suscite un int\u00e9r\u00eat croissant de la part des amateurs de langues du monde entier. Apprendre l\u2019ukrainien vous donne acc\u00e8s \u00e0 un riche patrimoine culturel et vous permet de communiquer avec des millions de personnes en Ukraine et dans les pays voisins. [&hellip;]<\/p>\n","protected":false},"author":1,"featured_media":11621,"parent":0,"menu_order":0,"comment_status":"closed","ping_status":"closed","template":"LearningContentPage.php","meta":{"_acf_changed":false,"footnotes":""},"class_list":["post-74279","page","type-page","status-publish","has-post-thumbnail","hentry"],"acf":[],"yoast_head":"<!-- This site is optimized with the Yoast SEO Premium plugin v27.2 (Yoast SEO v27.2) - https:\/\/yoast.com\/product\/yoast-seo-premium-wordpress\/ -->\n<title>Grammaire ukrainienne - Talkpal<\/title>\n<meta name=\"description\" content=\"D\u00e9couvrez la beaut\u00e9 de la grammaire ukrainienne gr\u00e2ce \u00e0 des conseils et des informations essentiels qui vous permettront d&#039;am\u00e9liorer votre apprentissage de la langue.\" \/>\n<meta name=\"robots\" content=\"index, follow, max-snippet:-1, max-image-preview:large, max-video-preview:-1\" \/>\n<link rel=\"canonical\" href=\"https:\/\/talkpal.ai\/fr\/grammaire-ukrainienne\/\" \/>\n<meta property=\"og:locale\" content=\"fr_FR\" \/>\n<meta property=\"og:type\" content=\"article\" \/>\n<meta property=\"og:title\" content=\"Grammaire ukrainienne\" \/>\n<meta property=\"og:description\" content=\"Un guide complet pour ma\u00eetriser la grammaire ukrainienne L\u2019ukrainien, une langue belle et m\u00e9lodique, suscite un int\u00e9r\u00eat croissant de la part des amateurs\" \/>\n<meta property=\"og:url\" content=\"https:\/\/talkpal.ai\/fr\/grammaire-ukrainienne\/\" \/>\n<meta property=\"og:site_name\" content=\"Talkpal\" \/>\n<meta property=\"article:publisher\" content=\"https:\/\/www.facebook.com\/profile.php?id=100090733639311\" \/>\n<meta property=\"article:modified_time\" content=\"2025-12-11T16:37:33+00:00\" \/>\n<meta property=\"og:image\" content=\"https:\/\/talkpal.ai\/wp-content\/uploads\/2023\/04\/ukraine.png\" \/>\n\t<meta property=\"og:image:width\" content=\"512\" \/>\n\t<meta property=\"og:image:height\" content=\"512\" \/>\n\t<meta property=\"og:image:type\" content=\"image\/png\" \/>\n<meta name=\"twitter:card\" content=\"summary_large_image\" \/>\n<meta name=\"twitter:site\" content=\"@talkpalai\" \/>\n<meta name=\"twitter:label1\" content=\"Dur\u00e9e de lecture estim\u00e9e\" \/>\n\t<meta name=\"twitter:data1\" content=\"3 minutes\" \/>\n<script type=\"application\/ld+json\" class=\"yoast-schema-graph\">{\"@context\":\"https:\/\/schema.org\",\"@graph\":[{\"@type\":\"WebPage\",\"@id\":\"https:\/\/talkpal.ai\/fr\/grammaire-ukrainienne\/\",\"url\":\"https:\/\/talkpal.ai\/fr\/grammaire-ukrainienne\/\",\"name\":\"Grammaire ukrainienne - Talkpal\",\"isPartOf\":{\"@id\":\"https:\/\/talkpal.ai\/fr\/#website\"},\"primaryImageOfPage\":{\"@id\":\"https:\/\/talkpal.ai\/fr\/grammaire-ukrainienne\/#primaryimage\"},\"image\":{\"@id\":\"https:\/\/talkpal.ai\/fr\/grammaire-ukrainienne\/#primaryimage\"},\"thumbnailUrl\":\"https:\/\/talkpal.ai\/wp-content\/uploads\/2023\/04\/ukraine.png\",\"datePublished\":\"2023-05-14T13:53:24+00:00\",\"dateModified\":\"2025-12-11T16:37:33+00:00\",\"description\":\"D\u00e9couvrez la beaut\u00e9 de la grammaire ukrainienne gr\u00e2ce \u00e0 des conseils et des informations essentiels qui vous permettront d'am\u00e9liorer votre apprentissage de la langue.\",\"breadcrumb\":{\"@id\":\"https:\/\/talkpal.ai\/fr\/grammaire-ukrainienne\/#breadcrumb\"},\"inLanguage\":\"fr-FR\",\"potentialAction\":[{\"@type\":\"ReadAction\",\"target\":[\"https:\/\/talkpal.ai\/fr\/grammaire-ukrainienne\/\"]}]},{\"@type\":\"ImageObject\",\"inLanguage\":\"fr-FR\",\"@id\":\"https:\/\/talkpal.ai\/fr\/grammaire-ukrainienne\/#primaryimage\",\"url\":\"https:\/\/talkpal.ai\/wp-content\/uploads\/2023\/04\/ukraine.png\",\"contentUrl\":\"https:\/\/talkpal.ai\/wp-content\/uploads\/2023\/04\/ukraine.png\",\"width\":512,\"height\":512,\"caption\":\"TalkPal Ukrainian Flag\"},{\"@type\":\"BreadcrumbList\",\"@id\":\"https:\/\/talkpal.ai\/fr\/grammaire-ukrainienne\/#breadcrumb\",\"itemListElement\":[{\"@type\":\"ListItem\",\"position\":1,\"name\":\"Homepage\",\"item\":\"https:\/\/talkpal.ai\/fr\/\"},{\"@type\":\"ListItem\",\"position\":2,\"name\":\"Grammaire ukrainienne\"}]},{\"@type\":\"WebSite\",\"@id\":\"https:\/\/talkpal.ai\/fr\/#website\",\"url\":\"https:\/\/talkpal.ai\/fr\/\",\"name\":\"Talkpal\",\"description\":\"AI Language Learning\",\"publisher\":{\"@id\":\"https:\/\/talkpal.ai\/fr\/#organization\"},\"alternateName\":\"Talkpal AI\",\"potentialAction\":[{\"@type\":\"SearchAction\",\"target\":{\"@type\":\"EntryPoint\",\"urlTemplate\":\"https:\/\/talkpal.ai\/fr\/?s={search_term_string}\"},\"query-input\":{\"@type\":\"PropertyValueSpecification\",\"valueRequired\":true,\"valueName\":\"search_term_string\"}}],\"inLanguage\":\"fr-FR\"},{\"@type\":\"Organization\",\"@id\":\"https:\/\/talkpal.ai\/fr\/#organization\",\"name\":\"Talkpal, Inc.\",\"alternateName\":\"Talkpal AI\",\"url\":\"https:\/\/talkpal.ai\/fr\/\",\"logo\":{\"@type\":\"ImageObject\",\"inLanguage\":\"fr-FR\",\"@id\":\"https:\/\/talkpal.ai\/fr\/#\/schema\/logo\/image\/\",\"url\":\"https:\/\/talkpal.ai\/wp-content\/uploads\/2024\/03\/Talkpal-Logo-Icon.png\",\"contentUrl\":\"https:\/\/talkpal.ai\/wp-content\/uploads\/2024\/03\/Talkpal-Logo-Icon.png\",\"width\":2880,\"height\":2880,\"caption\":\"Talkpal, Inc.\"},\"image\":{\"@id\":\"https:\/\/talkpal.ai\/fr\/#\/schema\/logo\/image\/\"},\"sameAs\":[\"https:\/\/www.facebook.com\/profile.php?id=100090733639311\",\"https:\/\/x.com\/talkpalai\",\"https:\/\/www.linkedin.com\/company\/talkpal\/\",\"https:\/\/www.youtube.com\/@TalkPal\/\",\"https:\/\/www.tiktok.com\/@talkpal\",\"https:\/\/www.instagram.com\/talkpal_ai\/\",\"https:\/\/www.crunchbase.com\/organization\/talkpal-9cde\",\"https:\/\/www.g2.com\/products\/talkpal-for-business\/\",\"https:\/\/www.trustpilot.com\/review\/talkpal.ai\",\"https:\/\/www.capterra.com\/p\/10006800\/TalkPal\/\"],\"description\":\"Talkpal is a language learning web and mobile education app, powered by the latest AI technologies, that provides engaging experiences to its customers in many different languages to help them improve their language skills. Users can chat about unlimited amount of topics with the app and use other modes to practice their language learning.\",\"email\":\"support@talkpal.ai\",\"legalName\":\"Talkpal, Inc.\",\"foundingDate\":\"2023-04-03\",\"duns\":\"118989042\",\"numberOfEmployees\":{\"@type\":\"QuantitativeValue\",\"minValue\":\"11\",\"maxValue\":\"50\"},\"publishingPrinciples\":\"https:\/\/talkpal.ai\/publishing-principles\/\",\"actionableFeedbackPolicy\":\"https:\/\/talkpal.ai\/actionable-feedback-policy\/\",\"correctionsPolicy\":\"https:\/\/talkpal.ai\/corrections-policy\/\",\"ethicsPolicy\":\"https:\/\/talkpal.ai\/ethics-policy\/\",\"diversityPolicy\":\"https:\/\/talkpal.ai\/diversity-policy\/\",\"diversityStaffingReport\":\"https:\/\/talkpal.ai\/diversity-policy\/\"}]}<\/script>\n<!-- \/ Yoast SEO Premium plugin. -->","yoast_head_json":{"title":"Grammaire ukrainienne - Talkpal","description":"D\u00e9couvrez la beaut\u00e9 de la grammaire ukrainienne gr\u00e2ce \u00e0 des conseils et des informations essentiels qui vous permettront d'am\u00e9liorer votre apprentissage de la langue.","robots":{"index":"index","follow":"follow","max-snippet":"max-snippet:-1","max-image-preview":"max-image-preview:large","max-video-preview":"max-video-preview:-1"},"canonical":"https:\/\/talkpal.ai\/fr\/grammaire-ukrainienne\/","og_locale":"fr_FR","og_type":"article","og_title":"Grammaire ukrainienne","og_description":"Un guide complet pour ma\u00eetriser la grammaire ukrainienne L\u2019ukrainien, une langue belle et m\u00e9lodique, suscite un int\u00e9r\u00eat croissant de la part des amateurs","og_url":"https:\/\/talkpal.ai\/fr\/grammaire-ukrainienne\/","og_site_name":"Talkpal","article_publisher":"https:\/\/www.facebook.com\/profile.php?id=100090733639311","article_modified_time":"2025-12-11T16:37:33+00:00","og_image":[{"width":512,"height":512,"url":"https:\/\/talkpal.ai\/wp-content\/uploads\/2023\/04\/ukraine.png","type":"image\/png"}],"twitter_card":"summary_large_image","twitter_site":"@talkpalai","twitter_misc":{"Dur\u00e9e de lecture estim\u00e9e":"3 minutes"},"schema":{"@context":"https:\/\/schema.org","@graph":[{"@type":"WebPage","@id":"https:\/\/talkpal.ai\/fr\/grammaire-ukrainienne\/","url":"https:\/\/talkpal.ai\/fr\/grammaire-ukrainienne\/","name":"Grammaire ukrainienne - Talkpal","isPartOf":{"@id":"https:\/\/talkpal.ai\/fr\/#website"},"primaryImageOfPage":{"@id":"https:\/\/talkpal.ai\/fr\/grammaire-ukrainienne\/#primaryimage"},"image":{"@id":"https:\/\/talkpal.ai\/fr\/grammaire-ukrainienne\/#primaryimage"},"thumbnailUrl":"https:\/\/talkpal.ai\/wp-content\/uploads\/2023\/04\/ukraine.png","datePublished":"2023-05-14T13:53:24+00:00","dateModified":"2025-12-11T16:37:33+00:00","description":"D\u00e9couvrez la beaut\u00e9 de la grammaire ukrainienne gr\u00e2ce \u00e0 des conseils et des informations essentiels qui vous permettront d'am\u00e9liorer votre apprentissage de la langue.","breadcrumb":{"@id":"https:\/\/talkpal.ai\/fr\/grammaire-ukrainienne\/#breadcrumb"},"inLanguage":"fr-FR","potentialAction":[{"@type":"ReadAction","target":["https:\/\/talkpal.ai\/fr\/grammaire-ukrainienne\/"]}]},{"@type":"ImageObject","inLanguage":"fr-FR","@id":"https:\/\/talkpal.ai\/fr\/grammaire-ukrainienne\/#primaryimage","url":"https:\/\/talkpal.ai\/wp-content\/uploads\/2023\/04\/ukraine.png","contentUrl":"https:\/\/talkpal.ai\/wp-content\/uploads\/2023\/04\/ukraine.png","width":512,"height":512,"caption":"TalkPal Ukrainian Flag"},{"@type":"BreadcrumbList","@id":"https:\/\/talkpal.ai\/fr\/grammaire-ukrainienne\/#breadcrumb","itemListElement":[{"@type":"ListItem","position":1,"name":"Homepage","item":"https:\/\/talkpal.ai\/fr\/"},{"@type":"ListItem","position":2,"name":"Grammaire ukrainienne"}]},{"@type":"WebSite","@id":"https:\/\/talkpal.ai\/fr\/#website","url":"https:\/\/talkpal.ai\/fr\/","name":"Talkpal","description":"AI Language Learning","publisher":{"@id":"https:\/\/talkpal.ai\/fr\/#organization"},"alternateName":"Talkpal AI","potentialAction":[{"@type":"SearchAction","target":{"@type":"EntryPoint","urlTemplate":"https:\/\/talkpal.ai\/fr\/?s={search_term_string}"},"query-input":{"@type":"PropertyValueSpecification","valueRequired":true,"valueName":"search_term_string"}}],"inLanguage":"fr-FR"},{"@type":"Organization","@id":"https:\/\/talkpal.ai\/fr\/#organization","name":"Talkpal, Inc.","alternateName":"Talkpal AI","url":"https:\/\/talkpal.ai\/fr\/","logo":{"@type":"ImageObject","inLanguage":"fr-FR","@id":"https:\/\/talkpal.ai\/fr\/#\/schema\/logo\/image\/","url":"https:\/\/talkpal.ai\/wp-content\/uploads\/2024\/03\/Talkpal-Logo-Icon.png","contentUrl":"https:\/\/talkpal.ai\/wp-content\/uploads\/2024\/03\/Talkpal-Logo-Icon.png","width":2880,"height":2880,"caption":"Talkpal, Inc."},"image":{"@id":"https:\/\/talkpal.ai\/fr\/#\/schema\/logo\/image\/"},"sameAs":["https:\/\/www.facebook.com\/profile.php?id=100090733639311","https:\/\/x.com\/talkpalai","https:\/\/www.linkedin.com\/company\/talkpal\/","https:\/\/www.youtube.com\/@TalkPal\/","https:\/\/www.tiktok.com\/@talkpal","https:\/\/www.instagram.com\/talkpal_ai\/","https:\/\/www.crunchbase.com\/organization\/talkpal-9cde","https:\/\/www.g2.com\/products\/talkpal-for-business\/","https:\/\/www.trustpilot.com\/review\/talkpal.ai","https:\/\/www.capterra.com\/p\/10006800\/TalkPal\/"],"description":"Talkpal is a language learning web and mobile education app, powered by the latest AI technologies, that provides engaging experiences to its customers in many different languages to help them improve their language skills. Users can chat about unlimited amount of topics with the app and use other modes to practice their language learning.","email":"support@talkpal.ai","legalName":"Talkpal, Inc.","foundingDate":"2023-04-03","duns":"118989042","numberOfEmployees":{"@type":"QuantitativeValue","minValue":"11","maxValue":"50"},"publishingPrinciples":"https:\/\/talkpal.ai\/publishing-principles\/","actionableFeedbackPolicy":"https:\/\/talkpal.ai\/actionable-feedback-policy\/","correctionsPolicy":"https:\/\/talkpal.ai\/corrections-policy\/","ethicsPolicy":"https:\/\/talkpal.ai\/ethics-policy\/","diversityPolicy":"https:\/\/talkpal.ai\/diversity-policy\/","diversityStaffingReport":"https:\/\/talkpal.ai\/diversity-policy\/"}]}},"_links":{"self":[{"href":"https:\/\/talkpal.ai\/fr\/wp-json\/wp\/v2\/pages\/74279","targetHints":{"allow":["GET"]}}],"collection":[{"href":"https:\/\/talkpal.ai\/fr\/wp-json\/wp\/v2\/pages"}],"about":[{"href":"https:\/\/talkpal.ai\/fr\/wp-json\/wp\/v2\/types\/page"}],"author":[{"embeddable":true,"href":"https:\/\/talkpal.ai\/fr\/wp-json\/wp\/v2\/users\/1"}],"replies":[{"embeddable":true,"href":"https:\/\/talkpal.ai\/fr\/wp-json\/wp\/v2\/comments?post=74279"}],"version-history":[{"count":0,"href":"https:\/\/talkpal.ai\/fr\/wp-json\/wp\/v2\/pages\/74279\/revisions"}],"wp:featuredmedia":[{"embeddable":true,"href":"https:\/\/talkpal.ai\/fr\/wp-json\/wp\/v2\/media\/11621"}],"wp:attachment":[{"href":"https:\/\/talkpal.ai\/fr\/wp-json\/wp\/v2\/media?parent=74279"}],"curies":[{"name":"wp","href":"https:\/\/api.w.org\/{rel}","templated":true}]}}