{"id":74278,"date":"2023-05-14T13:50:44","date_gmt":"2023-05-14T13:50:44","guid":{"rendered":"http:\/\/talkpal.ai\/grammaire-hindi\/"},"modified":"2025-12-13T15:12:20","modified_gmt":"2025-12-13T15:12:20","slug":"grammaire-hindi","status":"publish","type":"page","link":"https:\/\/talkpal.ai\/fr\/grammaire-hindi\/","title":{"rendered":"Grammaire hindi"},"content":{"rendered":"\r\n\r\n\r\n<section class=\"languageChallengeSection\">\r\n    <div class=\"languageInfoWrapper\">\r\n        \r\n        <h1>Grammaire hindi<\/h1>\r\n        <p>Pr\u00eat \u00e0 apprendre l&#039;hindi ? Plongez dans la <a href=\"https:\/\/talkpal.ai\/es\/gramatica-hindi\/\">grammaire hindi<\/a>, o\u00f9 les noms sexu\u00e9s, la structure de phrase sujet-objet-verbe et la conjugaison expressive des verbes donnent vie \u00e0 la langue. Commencez votre voyage en <a href=\"https:\/\/talkpal.ai\/learn-hindi\/\">hindi<\/a> d\u00e8s aujourd&#039;hui &#8211; la ma\u00eetrise de sa grammaire vous permettra de communiquer en toute confiance et de vous rapprocher de la culture et des traditions dynamiques de l&#039;Inde !<\/p>\r\n\r\n                            <a class=\"getStartedHidden\" href=\"https:\/\/app.talkpal.ai\/fr\/signup?lng=\">Commencer<\/a>\r\n        \r\n    <\/div>\r\n\r\n    <figure>\r\n    <img decoding=\"async\" width=\"768\" height=\"768\" src=\"https:\/\/talkpal.ai\/wp-content\/uploads\/2023\/06\/hindi-768x768.png\" class=\"languageImage no-lazy\" alt=\"Default alt text\" fetchpriority=\"high\" sizes=\"(max-width: 768px) 150px, 768px\" srcset=\"https:\/\/talkpal.ai\/wp-content\/uploads\/2023\/06\/hindi-768x768.png 768w, https:\/\/talkpal.ai\/wp-content\/uploads\/2023\/06\/hindi-300x300.png 300w\" \/>\r\n    \r\n\r\n    <\/figure>\r\n\r\n            <a class=\"getStartedVisible\" href=\"https:\/\/app.talkpal.ai\/fr\/signup?lng=\">Commencer<\/a>\r\n    \r\n<\/section>\r\n        <section class=\"grammarSection\">\r\n            <div class=\"grammarLinks\">\r\n                <a href=\"https:\/\/talkpal.ai\/fr\/language\/adjectifs-grammaire-hindi\/\">Adjectifs <\/a><a href=\"https:\/\/talkpal.ai\/fr\/language\/adverbes-grammaire-hindi\/\">Adverbes <\/a><a href=\"https:\/\/talkpal.ai\/fr\/language\/articles-grammaire-hindi\/\">Articles <\/a><a href=\"https:\/\/talkpal.ai\/fr\/language\/comparaison-des-temps-grammaire-hindi\/\">Comparaison des temps <\/a><a href=\"https:\/\/talkpal.ai\/fr\/language\/noms-grammaire-hindi\/\">Noms <\/a><a href=\"https:\/\/talkpal.ai\/fr\/language\/prepositions-grammaire-hindi\/\">Pr\u00e9positions <\/a><a href=\"https:\/\/talkpal.ai\/fr\/language\/pronoms-grammaire-hindi\/\">Pronoms <\/a><a href=\"https:\/\/talkpal.ai\/fr\/language\/structure-de-phrase-grammaire-hindi\/\">Structure de phrase <\/a><a href=\"https:\/\/talkpal.ai\/fr\/language\/temps-indicatifs-grammaire-hindi\/\">Temps indicatifs <\/a><a href=\"https:\/\/talkpal.ai\/fr\/language\/temps-subjonctif-grammaire-hindi\/\">Temps subjonctif <\/a><a href=\"https:\/\/talkpal.ai\/fr\/language\/verbes-grammaire-hindi\/\">Verbes <\/a>            <\/div>\r\n        <\/section>\r\n    <section class=\"promotionalBanner\">\r\n    <p class=\"promotionalText\">La fa\u00e7on la plus efficace d\u2019apprendre une langue<\/p>\r\n    <a class=\"promotionalLink\" href=\"https:\/\/app.talkpal.ai\/fr\/signup?lng=\">Essayez Talkpal gratuitement<\/a>\r\n<\/section>\n<div class=\"wp-block-group pageContainerStyle\"><div class=\"wp-block-group__inner-container is-layout-constrained wp-block-group-is-layout-constrained\">\n<h2 class=\"wp-block-heading\" id=\"h-mastering-hindi-grammar-your-ultimate-guide\">Ma\u00eetriser la grammaire hindi : votre guide ultime<\/h2>\n\n\n\n<p>Namaste, <a href=\"https:\/\/talkpal.ai\/talkpal-discount-for-language-enthusiasts\/\">passionn\u00e9s de langues<\/a> ! \u00cates-vous pr\u00eat \u00e0 explorer le monde de la grammaire hindi ? Vous \u00eates au bon endroit. Rempli d\u2019informations faciles \u00e0 comprendre et d\u2019un ton conversationnel, cet article vous guidera \u00e0 travers le domaine fascinant de la grammaire hindi. Bient\u00f4t, vous serez capable de construire des phrases et d&rsquo;avoir des conversations pertinentes avec des locuteurs natifs. Alors, plongeons dans le vif du sujet !<\/p>\n\n\n\n<p><strong>Mais d\u2019abord, pourquoi la grammaire hindi ?<\/strong><\/p>\n\n\n\n<p>Si vous <a href=\"https:\/\/talkpal.ai\/fr\/apprenez-lhindi-de-base-gratuitement\/\">apprenez l&rsquo;hindi<\/a>, des bases grammaticales solides sont essentielles pour parler, lire et \u00e9crire couramment. Bien que la grammaire hindi puisse sembler complexe au premier abord, elle devient plus accessible lorsqu\u2019elle est d\u00e9compos\u00e9e en segments plus petits et g\u00e9rables. Cet article sera l\u2019endroit id\u00e9al pour <a href=\"https:\/\/talkpal.ai\/ko\/ai-%ec%96%b8%ec%96%b4-%ea%b5%90%ec%82%ac\/\">commencer<\/a> votre voyage vers la ma\u00eetrise de la grammaire hindi !<\/p>\n\n\n\n<h3 class=\"wp-block-heading\" id=\"h-1-nouns-gender-and-cases\">1. Noms, genre et cas<\/h3>\n\n\n\n<p>Les noms hindis se d\u00e9clinent en deux genres : masculin et f\u00e9minin. Il est important d&rsquo;identifier le <a href=\"https:\/\/talkpal.ai\/fr\/grammar\/genre-des-noms-en-grammaire-thai\/\">genre des noms<\/a>, car cela influence les autres parties du discours, telles que les adjectifs et les verbes.  <\/p>\n\n\n\n<p>Une r\u00e8gle simple : si un nom se termine par \u00ab -aa \u00bb (\u00ab \u0906 \u00bb), il est g\u00e9n\u00e9ralement masculin, tandis qu&rsquo;un nom se terminant par \u00ab -ii \u00bb (\u00ab \u0908 \u00bb) est g\u00e9n\u00e9ralement f\u00e9minin. Mais n&rsquo;oubliez pas que, comme toujours, il existe des exceptions !  <\/p>\n\n\n\n<p>Les noms hindis prennent des formes diff\u00e9rentes en fonction de leur r\u00f4le dans une phrase (sujet, objet, possessif, etc.). Ces formulaires sont appel\u00e9s cas. Les cas primaires en hindi sont le cas direct (\u00ab \u0906\u092e \u0915\u094d\u0930\u092e \u00bb), le cas oblique (\u00ab \u0909\u092a \u0935\u093f\u0932\u094b\u092e \u00bb) et le cas vocatif (\u00ab \u0938\u0902\u092c\u094b\u0927\u0928 \u00bb).<\/p>\n\n\n\n<h3 class=\"wp-block-heading\" id=\"h-2-pronouns-and-agreement\">2. Les pronoms et l\u2019accord<\/h3>\n\n\n\n<p>Les pronoms hindis (je, tu, il, elle, etc.) changent en fonction du genre et de la hi\u00e9rarchie. Par exemple : \u092e\u0948\u0902 (main &#8211; je), \u0924\u0941\u092e (tum &#8211; vous, informel), \u0906\u092a (aap &#8211; vous, formel), \u0935\u0939 (vah &#8211; il\/elle), \u0939\u092e (hum &#8211; nous), et \u0935\u0947 (ve &#8211; ils).  <\/p>\n\n\n\n<p>Il est essentiel de tenir compte de la hi\u00e9rarchie dans l&rsquo;utilisation des pronoms. Par exemple, si \u00ab \u0924\u0941\u092e \u00bb peut \u00eatre appropri\u00e9 entre amis, \u00ab \u0906\u092a \u00bb est une marque de respect lorsque l&rsquo;on s&rsquo;adresse \u00e0 des <a href=\"https:\/\/talkpal.ai\/talkpal-discount-for-seniors\/\">personnes \u00e2g\u00e9es<\/a> ou \u00e0 des \u00e9trangers.<\/p>\n\n\n\n<h3 class=\"wp-block-heading\" id=\"h-3-verbs-tense-and-conjugation\">3. Verbes, temps et conjugaison<\/h3>\n\n\n\n<p>Les verbes forment l\u2019\u00e9pine dorsale de la grammaire hindi, et leur compr\u00e9hension est vitale pour construire des phrases. Les verbes hindis sont class\u00e9s en deux grandes cat\u00e9gories : les verbes transitifs (\u00ab \u0938\u0915\u0930\u094d\u092e\u0915 \u00bb) et les verbes intransitifs (\u00ab \u0905\u0915\u0930\u094d\u092e\u0915 \u00bb), avec des r\u00e8gles de conjugaison diff\u00e9rentes pour chacun d&rsquo;entre eux.  <\/p>\n\n\n\n<p>Pour vous donner un aper\u00e7u rapide, examinons la conjugaison au pr\u00e9sent des verbes r\u00e9guliers :<\/p>\n\n\n\n<p>&#8211; \u092e\u0948\u0902 \u092a\u0922\u093c\u0924\u093e \u0939\u0942\u0901 (main padhta hoon &#8211; je lis, masculin)<\/p>\n\n\n\n<p>&#8211; \u092e\u0948\u0902 \u092a\u0922\u093c\u0924\u0940 \u0939\u0942\u0901 (main padhti hoon &#8211; je lis, f\u00e9minin)<\/p>\n\n\n\n<p>&#8211; \u0924\u0941\u092e \u092a\u0922\u093c\u0924\u0947 \u0939\u094b (tum padhte ho &#8211; vous avez lu, informel, masculin)<\/p>\n\n\n\n<p>&#8211; \u0924\u0941\u092e \u092a\u0922\u093c\u0924\u0940 \u0939\u094b (tum padhti ho &#8211; vous avez lu, informel, f\u00e9minin)<\/p>\n\n\n\n<p>N\u2019oubliez pas que ce n\u2019est que le d\u00e9but ! Il y a beaucoup de <a href=\"https:\/\/talkpal.ai\/zh-hans\/grammar_exercises\/temps-%e6%b3%95%e8%af%ad%e8%af%ad%e6%b3%95%e7%bb%83%e4%b9%a0\/\">temps<\/a> et de verbes irr\u00e9guliers \u00e0 ma\u00eetriser, mais chaque nouvelle \u00e9tape vous rapproche de la fluidit\u00e9.<\/p>\n\n\n\n<h3 class=\"wp-block-heading\" id=\"h-4-adjectives-adverbs-and-more\">4. Adjectifs, adverbes et plus encore !<\/h3>\n\n\n\n<p>La grammaire hindi comprend d\u2019autres composants tels que les adjectifs (qui doivent s\u2019accorder avec les noms en genre et en nombre), les adverbes, les pr\u00e9positions et les expressions idiomatiques. Chaque \u00e9l\u00e9ment est essentiel pour parler couramment l\u2019hindi, alors abordez-les une \u00e9tape \u00e0 la fois.<\/p>\n\n\n\n<p>En conclusion, il n&rsquo;y a pas de raccourci pour ma\u00eetriser la grammaire hindi. Cela demande de la pers\u00e9v\u00e9rance, de la pratique et de la patience. Cependant, une fois que vous l&rsquo;aurez compris, vous pourrez appr\u00e9cier les nuances de la conversation en hindi, d\u00e9couvrir la richesse de la culture et de l&rsquo;histoire, et approfondir votre amour de la langue. \u0936\u0941\u092d\u0915\u093e\u092e\u0928\u093e\u090f\u0901 (shubhkaamnaayein &#8211; meilleurs v\u0153ux) !<\/p>\n<\/div><\/div>\n\r\n<section class=\"learnNavigationSection\">\r\n            \r\n        <a href=\"https:\/\/talkpal.ai\/fr\/apprendre-lhindi\/\">\r\n            <div class=\"learnNavigationWrapper\">\r\n                <div class=\"learnNavigationContent\">\r\n                    <img decoding=\"async\" src=\"https:\/\/talkpal.ai\/wp-content\/uploads\/2024\/08\/Hindi.jpg\" alt=\"Indian Flag\">\r\n                    <div>\r\n                        <h4>\u00c0 propos de l&#039;apprentissage de l&#039;hindi<\/h4>\r\n                        <p>Tout savoir sur la grammaire hindi.<\/p>\r\n                    <\/div>\r\n                <\/div>\r\n            <\/div>\r\n        <\/a>\r\n\r\n        \r\n        <a href=\"https:\/\/talkpal.ai\/fr\/exercices-de-grammaire-hindi\/\">\r\n            <div class=\"learnNavigationWrapper\">\r\n                <div class=\"learnNavigationContent\">\r\n                    <img decoding=\"async\" src=\"https:\/\/talkpal.ai\/wp-content\/uploads\/2024\/08\/Hindi.jpg\" alt=\"Indian Flag\">\r\n                    <div>\r\n                        <h4>Exercice de grammaire hindi<\/h4>\r\n                        <p>Pratiquez la grammaire hindi.<\/p>\r\n                    <\/div>\r\n                <\/div>\r\n            <\/div>\r\n        <\/a>\r\n\r\n        \r\n        <a href=\"https:\/\/talkpal.ai\/vocabulary_language\/hindi\/\">\r\n            <div class=\"learnNavigationWrapper\">\r\n                <div class=\"learnNavigationContent\">\r\n                    <img decoding=\"async\" src=\"https:\/\/talkpal.ai\/wp-content\/uploads\/2024\/08\/Hindi.jpg\" alt=\"Indian Flag\">\r\n                    <div>\r\n                        <h4>Vocabulaire hindi<\/h4>\r\n                        <p>\u00c9largissez votre vocabulaire hindi.<\/p>\r\n                    <\/div>\r\n                <\/div>\r\n            <\/div>\r\n        <\/a>\r\n\r\n            <\/section>","protected":false},"excerpt":{"rendered":"<p>Ma\u00eetriser la grammaire hindi : votre guide ultime Namaste, passionn\u00e9s de langues ! \u00cates-vous pr\u00eat \u00e0 explorer le monde de la grammaire hindi ? Vous \u00eates au bon endroit. Rempli d\u2019informations faciles \u00e0 comprendre et d\u2019un ton conversationnel, cet article vous guidera \u00e0 travers le domaine fascinant de la grammaire hindi. Bient\u00f4t, vous serez capable [&hellip;]<\/p>\n","protected":false},"author":1,"featured_media":188205,"parent":0,"menu_order":0,"comment_status":"closed","ping_status":"closed","template":"LearningContentPage.php","meta":{"_acf_changed":false,"footnotes":""},"class_list":["post-74278","page","type-page","status-publish","has-post-thumbnail","hentry"],"acf":[],"yoast_head":"<!-- This site is optimized with the Yoast SEO Premium plugin v27.2 (Yoast SEO v27.2) - https:\/\/yoast.com\/product\/yoast-seo-premium-wordpress\/ -->\n<title>Grammaire hindi - Talkpal<\/title>\n<meta name=\"description\" content=\"Ma\u00eetrisez la grammaire hindi en toute confiance - apprenez des r\u00e8gles claires, formez des phrases correctes et parlez mieux gr\u00e2ce aux conseils faciles de Talkpal AI.\" \/>\n<meta name=\"robots\" content=\"index, follow, max-snippet:-1, max-image-preview:large, max-video-preview:-1\" \/>\n<link rel=\"canonical\" href=\"https:\/\/talkpal.ai\/fr\/grammaire-hindi\/\" \/>\n<meta property=\"og:locale\" content=\"fr_FR\" \/>\n<meta property=\"og:type\" content=\"article\" \/>\n<meta property=\"og:title\" content=\"Grammaire hindi\" \/>\n<meta property=\"og:description\" content=\"Ma\u00eetriser la grammaire hindi : votre guide ultime Namaste, passionn\u00e9s de langues ! \u00cates-vous pr\u00eat \u00e0 explorer le monde de la grammaire hindi ? Vous \u00eates au\" \/>\n<meta property=\"og:url\" content=\"https:\/\/talkpal.ai\/fr\/grammaire-hindi\/\" \/>\n<meta property=\"og:site_name\" content=\"Talkpal\" \/>\n<meta property=\"article:publisher\" content=\"https:\/\/www.facebook.com\/profile.php?id=100090733639311\" \/>\n<meta property=\"article:modified_time\" content=\"2025-12-13T15:12:20+00:00\" \/>\n<meta property=\"og:image\" content=\"https:\/\/talkpal.ai\/wp-content\/uploads\/2024\/02\/india.png\" \/>\n\t<meta property=\"og:image:width\" content=\"517\" \/>\n\t<meta property=\"og:image:height\" content=\"517\" \/>\n\t<meta property=\"og:image:type\" content=\"image\/png\" \/>\n<meta name=\"twitter:card\" content=\"summary_large_image\" \/>\n<meta name=\"twitter:site\" content=\"@talkpalai\" \/>\n<meta name=\"twitter:label1\" content=\"Dur\u00e9e de lecture estim\u00e9e\" \/>\n\t<meta name=\"twitter:data1\" content=\"3 minutes\" \/>\n<script type=\"application\/ld+json\" class=\"yoast-schema-graph\">{\"@context\":\"https:\/\/schema.org\",\"@graph\":[{\"@type\":\"WebPage\",\"@id\":\"https:\/\/talkpal.ai\/fr\/grammaire-hindi\/\",\"url\":\"https:\/\/talkpal.ai\/fr\/grammaire-hindi\/\",\"name\":\"Grammaire hindi - Talkpal\",\"isPartOf\":{\"@id\":\"https:\/\/talkpal.ai\/fr\/#website\"},\"primaryImageOfPage\":{\"@id\":\"https:\/\/talkpal.ai\/fr\/grammaire-hindi\/#primaryimage\"},\"image\":{\"@id\":\"https:\/\/talkpal.ai\/fr\/grammaire-hindi\/#primaryimage\"},\"thumbnailUrl\":\"https:\/\/talkpal.ai\/wp-content\/uploads\/2024\/02\/india.png\",\"datePublished\":\"2023-05-14T13:50:44+00:00\",\"dateModified\":\"2025-12-13T15:12:20+00:00\",\"description\":\"Ma\u00eetrisez la grammaire hindi en toute confiance - apprenez des r\u00e8gles claires, formez des phrases correctes et parlez mieux gr\u00e2ce aux conseils faciles de Talkpal AI.\",\"breadcrumb\":{\"@id\":\"https:\/\/talkpal.ai\/fr\/grammaire-hindi\/#breadcrumb\"},\"inLanguage\":\"fr-FR\",\"potentialAction\":[{\"@type\":\"ReadAction\",\"target\":[\"https:\/\/talkpal.ai\/fr\/grammaire-hindi\/\"]}]},{\"@type\":\"ImageObject\",\"inLanguage\":\"fr-FR\",\"@id\":\"https:\/\/talkpal.ai\/fr\/grammaire-hindi\/#primaryimage\",\"url\":\"https:\/\/talkpal.ai\/wp-content\/uploads\/2024\/02\/india.png\",\"contentUrl\":\"https:\/\/talkpal.ai\/wp-content\/uploads\/2024\/02\/india.png\",\"width\":517,\"height\":517,\"caption\":\"TalkPal Indian Flag\"},{\"@type\":\"BreadcrumbList\",\"@id\":\"https:\/\/talkpal.ai\/fr\/grammaire-hindi\/#breadcrumb\",\"itemListElement\":[{\"@type\":\"ListItem\",\"position\":1,\"name\":\"Homepage\",\"item\":\"https:\/\/talkpal.ai\/fr\/\"},{\"@type\":\"ListItem\",\"position\":2,\"name\":\"Grammaire hindi\"}]},{\"@type\":\"WebSite\",\"@id\":\"https:\/\/talkpal.ai\/fr\/#website\",\"url\":\"https:\/\/talkpal.ai\/fr\/\",\"name\":\"Talkpal\",\"description\":\"AI Language Learning\",\"publisher\":{\"@id\":\"https:\/\/talkpal.ai\/fr\/#organization\"},\"alternateName\":\"Talkpal AI\",\"potentialAction\":[{\"@type\":\"SearchAction\",\"target\":{\"@type\":\"EntryPoint\",\"urlTemplate\":\"https:\/\/talkpal.ai\/fr\/?s={search_term_string}\"},\"query-input\":{\"@type\":\"PropertyValueSpecification\",\"valueRequired\":true,\"valueName\":\"search_term_string\"}}],\"inLanguage\":\"fr-FR\"},{\"@type\":\"Organization\",\"@id\":\"https:\/\/talkpal.ai\/fr\/#organization\",\"name\":\"Talkpal, Inc.\",\"alternateName\":\"Talkpal AI\",\"url\":\"https:\/\/talkpal.ai\/fr\/\",\"logo\":{\"@type\":\"ImageObject\",\"inLanguage\":\"fr-FR\",\"@id\":\"https:\/\/talkpal.ai\/fr\/#\/schema\/logo\/image\/\",\"url\":\"https:\/\/talkpal.ai\/wp-content\/uploads\/2024\/03\/Talkpal-Logo-Icon.png\",\"contentUrl\":\"https:\/\/talkpal.ai\/wp-content\/uploads\/2024\/03\/Talkpal-Logo-Icon.png\",\"width\":2880,\"height\":2880,\"caption\":\"Talkpal, Inc.\"},\"image\":{\"@id\":\"https:\/\/talkpal.ai\/fr\/#\/schema\/logo\/image\/\"},\"sameAs\":[\"https:\/\/www.facebook.com\/profile.php?id=100090733639311\",\"https:\/\/x.com\/talkpalai\",\"https:\/\/www.linkedin.com\/company\/talkpal\/\",\"https:\/\/www.youtube.com\/@TalkPal\/\",\"https:\/\/www.tiktok.com\/@talkpal\",\"https:\/\/www.instagram.com\/talkpal_ai\/\",\"https:\/\/www.crunchbase.com\/organization\/talkpal-9cde\",\"https:\/\/www.g2.com\/products\/talkpal-for-business\/\",\"https:\/\/www.trustpilot.com\/review\/talkpal.ai\",\"https:\/\/www.capterra.com\/p\/10006800\/TalkPal\/\"],\"description\":\"Talkpal is a language learning web and mobile education app, powered by the latest AI technologies, that provides engaging experiences to its customers in many different languages to help them improve their language skills. Users can chat about unlimited amount of topics with the app and use other modes to practice their language learning.\",\"email\":\"support@talkpal.ai\",\"legalName\":\"Talkpal, Inc.\",\"foundingDate\":\"2023-04-03\",\"duns\":\"118989042\",\"numberOfEmployees\":{\"@type\":\"QuantitativeValue\",\"minValue\":\"11\",\"maxValue\":\"50\"},\"publishingPrinciples\":\"https:\/\/talkpal.ai\/publishing-principles\/\",\"actionableFeedbackPolicy\":\"https:\/\/talkpal.ai\/actionable-feedback-policy\/\",\"correctionsPolicy\":\"https:\/\/talkpal.ai\/corrections-policy\/\",\"ethicsPolicy\":\"https:\/\/talkpal.ai\/ethics-policy\/\",\"diversityPolicy\":\"https:\/\/talkpal.ai\/diversity-policy\/\",\"diversityStaffingReport\":\"https:\/\/talkpal.ai\/diversity-policy\/\"}]}<\/script>\n<!-- \/ Yoast SEO Premium plugin. -->","yoast_head_json":{"title":"Grammaire hindi - Talkpal","description":"Ma\u00eetrisez la grammaire hindi en toute confiance - apprenez des r\u00e8gles claires, formez des phrases correctes et parlez mieux gr\u00e2ce aux conseils faciles de Talkpal AI.","robots":{"index":"index","follow":"follow","max-snippet":"max-snippet:-1","max-image-preview":"max-image-preview:large","max-video-preview":"max-video-preview:-1"},"canonical":"https:\/\/talkpal.ai\/fr\/grammaire-hindi\/","og_locale":"fr_FR","og_type":"article","og_title":"Grammaire hindi","og_description":"Ma\u00eetriser la grammaire hindi : votre guide ultime Namaste, passionn\u00e9s de langues ! \u00cates-vous pr\u00eat \u00e0 explorer le monde de la grammaire hindi ? Vous \u00eates au","og_url":"https:\/\/talkpal.ai\/fr\/grammaire-hindi\/","og_site_name":"Talkpal","article_publisher":"https:\/\/www.facebook.com\/profile.php?id=100090733639311","article_modified_time":"2025-12-13T15:12:20+00:00","og_image":[{"width":517,"height":517,"url":"https:\/\/talkpal.ai\/wp-content\/uploads\/2024\/02\/india.png","type":"image\/png"}],"twitter_card":"summary_large_image","twitter_site":"@talkpalai","twitter_misc":{"Dur\u00e9e de lecture estim\u00e9e":"3 minutes"},"schema":{"@context":"https:\/\/schema.org","@graph":[{"@type":"WebPage","@id":"https:\/\/talkpal.ai\/fr\/grammaire-hindi\/","url":"https:\/\/talkpal.ai\/fr\/grammaire-hindi\/","name":"Grammaire hindi - Talkpal","isPartOf":{"@id":"https:\/\/talkpal.ai\/fr\/#website"},"primaryImageOfPage":{"@id":"https:\/\/talkpal.ai\/fr\/grammaire-hindi\/#primaryimage"},"image":{"@id":"https:\/\/talkpal.ai\/fr\/grammaire-hindi\/#primaryimage"},"thumbnailUrl":"https:\/\/talkpal.ai\/wp-content\/uploads\/2024\/02\/india.png","datePublished":"2023-05-14T13:50:44+00:00","dateModified":"2025-12-13T15:12:20+00:00","description":"Ma\u00eetrisez la grammaire hindi en toute confiance - apprenez des r\u00e8gles claires, formez des phrases correctes et parlez mieux gr\u00e2ce aux conseils faciles de Talkpal AI.","breadcrumb":{"@id":"https:\/\/talkpal.ai\/fr\/grammaire-hindi\/#breadcrumb"},"inLanguage":"fr-FR","potentialAction":[{"@type":"ReadAction","target":["https:\/\/talkpal.ai\/fr\/grammaire-hindi\/"]}]},{"@type":"ImageObject","inLanguage":"fr-FR","@id":"https:\/\/talkpal.ai\/fr\/grammaire-hindi\/#primaryimage","url":"https:\/\/talkpal.ai\/wp-content\/uploads\/2024\/02\/india.png","contentUrl":"https:\/\/talkpal.ai\/wp-content\/uploads\/2024\/02\/india.png","width":517,"height":517,"caption":"TalkPal Indian Flag"},{"@type":"BreadcrumbList","@id":"https:\/\/talkpal.ai\/fr\/grammaire-hindi\/#breadcrumb","itemListElement":[{"@type":"ListItem","position":1,"name":"Homepage","item":"https:\/\/talkpal.ai\/fr\/"},{"@type":"ListItem","position":2,"name":"Grammaire hindi"}]},{"@type":"WebSite","@id":"https:\/\/talkpal.ai\/fr\/#website","url":"https:\/\/talkpal.ai\/fr\/","name":"Talkpal","description":"AI Language Learning","publisher":{"@id":"https:\/\/talkpal.ai\/fr\/#organization"},"alternateName":"Talkpal AI","potentialAction":[{"@type":"SearchAction","target":{"@type":"EntryPoint","urlTemplate":"https:\/\/talkpal.ai\/fr\/?s={search_term_string}"},"query-input":{"@type":"PropertyValueSpecification","valueRequired":true,"valueName":"search_term_string"}}],"inLanguage":"fr-FR"},{"@type":"Organization","@id":"https:\/\/talkpal.ai\/fr\/#organization","name":"Talkpal, Inc.","alternateName":"Talkpal AI","url":"https:\/\/talkpal.ai\/fr\/","logo":{"@type":"ImageObject","inLanguage":"fr-FR","@id":"https:\/\/talkpal.ai\/fr\/#\/schema\/logo\/image\/","url":"https:\/\/talkpal.ai\/wp-content\/uploads\/2024\/03\/Talkpal-Logo-Icon.png","contentUrl":"https:\/\/talkpal.ai\/wp-content\/uploads\/2024\/03\/Talkpal-Logo-Icon.png","width":2880,"height":2880,"caption":"Talkpal, Inc."},"image":{"@id":"https:\/\/talkpal.ai\/fr\/#\/schema\/logo\/image\/"},"sameAs":["https:\/\/www.facebook.com\/profile.php?id=100090733639311","https:\/\/x.com\/talkpalai","https:\/\/www.linkedin.com\/company\/talkpal\/","https:\/\/www.youtube.com\/@TalkPal\/","https:\/\/www.tiktok.com\/@talkpal","https:\/\/www.instagram.com\/talkpal_ai\/","https:\/\/www.crunchbase.com\/organization\/talkpal-9cde","https:\/\/www.g2.com\/products\/talkpal-for-business\/","https:\/\/www.trustpilot.com\/review\/talkpal.ai","https:\/\/www.capterra.com\/p\/10006800\/TalkPal\/"],"description":"Talkpal is a language learning web and mobile education app, powered by the latest AI technologies, that provides engaging experiences to its customers in many different languages to help them improve their language skills. Users can chat about unlimited amount of topics with the app and use other modes to practice their language learning.","email":"support@talkpal.ai","legalName":"Talkpal, Inc.","foundingDate":"2023-04-03","duns":"118989042","numberOfEmployees":{"@type":"QuantitativeValue","minValue":"11","maxValue":"50"},"publishingPrinciples":"https:\/\/talkpal.ai\/publishing-principles\/","actionableFeedbackPolicy":"https:\/\/talkpal.ai\/actionable-feedback-policy\/","correctionsPolicy":"https:\/\/talkpal.ai\/corrections-policy\/","ethicsPolicy":"https:\/\/talkpal.ai\/ethics-policy\/","diversityPolicy":"https:\/\/talkpal.ai\/diversity-policy\/","diversityStaffingReport":"https:\/\/talkpal.ai\/diversity-policy\/"}]}},"_links":{"self":[{"href":"https:\/\/talkpal.ai\/fr\/wp-json\/wp\/v2\/pages\/74278","targetHints":{"allow":["GET"]}}],"collection":[{"href":"https:\/\/talkpal.ai\/fr\/wp-json\/wp\/v2\/pages"}],"about":[{"href":"https:\/\/talkpal.ai\/fr\/wp-json\/wp\/v2\/types\/page"}],"author":[{"embeddable":true,"href":"https:\/\/talkpal.ai\/fr\/wp-json\/wp\/v2\/users\/1"}],"replies":[{"embeddable":true,"href":"https:\/\/talkpal.ai\/fr\/wp-json\/wp\/v2\/comments?post=74278"}],"version-history":[{"count":0,"href":"https:\/\/talkpal.ai\/fr\/wp-json\/wp\/v2\/pages\/74278\/revisions"}],"wp:featuredmedia":[{"embeddable":true,"href":"https:\/\/talkpal.ai\/fr\/wp-json\/wp\/v2\/media\/188205"}],"wp:attachment":[{"href":"https:\/\/talkpal.ai\/fr\/wp-json\/wp\/v2\/media?parent=74278"}],"curies":[{"name":"wp","href":"https:\/\/api.w.org\/{rel}","templated":true}]}}