{"id":74266,"date":"2023-05-14T14:00:03","date_gmt":"2023-05-14T14:00:03","guid":{"rendered":"http:\/\/talkpal.ai\/grammaire-bosniaque\/"},"modified":"2025-05-22T14:41:36","modified_gmt":"2025-05-22T14:41:36","slug":"grammaire-bosniaque","status":"publish","type":"page","link":"https:\/\/talkpal.ai\/fr\/grammaire-bosniaque\/","title":{"rendered":"Grammaire bosniaque"},"content":{"rendered":"\r\n\r\n\r\n<section class=\"languageChallengeSection\">\r\n    <div class=\"languageInfoWrapper\">\r\n        \r\n        <h1>Grammaire bosniaque<\/h1>\r\n        <p>D\u00e9couvrez le monde riche et expressif de la langue <a href=\"https:\/\/talkpal.ai\/learn-bosnian\/\">bosniaque<\/a> en ma\u00eetrisant l&#039;essentiel de sa grammaire. Une bonne ma\u00eetrise de la <a href=\"https:\/\/talkpal.ai\/bosnian-grammar\/\">grammaire bosniaque<\/a> vous aidera \u00e0 communiquer en toute confiance et \u00e0 mieux appr\u00e9cier la culture bosniaque. Commencez \u00e0 apprendre la <a href=\"https:\/\/talkpal.ai\/bosnian-grammar\/\">grammaire bosniaque<\/a> d\u00e8s aujourd&#039;hui et faites un premier pas vers la ma\u00eetrise de la langue !<\/p>\r\n\r\n                            <a class=\"getStartedHidden\" href=\"https:\/\/app.talkpal.ai\/fr\/signup?lng=\">Commencer<\/a>\r\n        \r\n    <\/div>\r\n\r\n    <figure>\r\n    <img decoding=\"async\" width=\"768\" height=\"768\" src=\"https:\/\/talkpal.ai\/wp-content\/uploads\/2023\/06\/bosinian-768x768.png\" class=\"languageImage no-lazy\" alt=\"Default alt text\" fetchpriority=\"high\" sizes=\"(max-width: 768px) 150px, 768px\" srcset=\"https:\/\/talkpal.ai\/wp-content\/uploads\/2023\/06\/bosinian-768x768.png 768w, https:\/\/talkpal.ai\/wp-content\/uploads\/2023\/06\/bosinian-300x300.png 300w\" \/>\r\n    \r\n\r\n    <\/figure>\r\n\r\n            <a class=\"getStartedVisible\" href=\"https:\/\/app.talkpal.ai\/fr\/signup?lng=\">Commencer<\/a>\r\n    \r\n<\/section>\r\n        <section class=\"grammarSection\">\r\n            <div class=\"grammarLinks\">\r\n                <a href=\"https:\/\/talkpal.ai\/fr\/language\/adjectifs-grammaire-bosniaque\/\">Adjectifs <\/a><a href=\"https:\/\/talkpal.ai\/fr\/language\/adverbes-grammaire-bosniaque\/\">Adverbes <\/a><a href=\"https:\/\/talkpal.ai\/fr\/language\/articles-grammaire-bosniaque\/\">Articles <\/a><a href=\"https:\/\/talkpal.ai\/fr\/language\/comparaison-des-temps-grammaire-bosniaque\/\">Comparaison des temps <\/a><a href=\"https:\/\/talkpal.ai\/fr\/language\/conditionnels-grammaire-bosniaque\/\">Conditionnels <\/a><a href=\"https:\/\/talkpal.ai\/fr\/language\/noms-grammaire-bosniaque\/\">Noms <\/a><a href=\"https:\/\/talkpal.ai\/fr\/language\/phrases-grammaire-bosniaque\/\">Phrases <\/a><a href=\"https:\/\/talkpal.ai\/fr\/language\/prepositions-grammaire-bosniaque\/\">Pr\u00e9positions <\/a><a href=\"https:\/\/talkpal.ai\/fr\/language\/progressif-grammaire-bosniaque\/\">Progressif <\/a><a href=\"https:\/\/talkpal.ai\/fr\/language\/progressif-parfait-grammaire-bosniaque\/\">Progressif parfait <\/a><a href=\"https:\/\/talkpal.ai\/fr\/language\/pronoms-determinants-grammaire-bosniaque\/\">Pronoms\/D\u00e9terminants <\/a><a href=\"https:\/\/talkpal.ai\/fr\/language\/temps-grammaire-bosniaque\/\">Temps <\/a><a href=\"https:\/\/talkpal.ai\/fr\/language\/verbes-grammaire-bosniaque\/\">Verbes <\/a>            <\/div>\r\n        <\/section>\r\n    <section class=\"promotionalBanner\">\r\n    <p class=\"promotionalText\">La fa\u00e7on la plus efficace d\u2019apprendre une langue<\/p>\r\n    <a class=\"promotionalLink\" href=\"https:\/\/app.talkpal.ai\/fr\/signup?lng=\">Essayez Talkpal gratuitement<\/a>\r\n<\/section>\n<div class=\"wp-block-group pageContainerStyle\"><div class=\"wp-block-group__inner-container is-layout-constrained wp-block-group-is-layout-constrained\">\n<h2 class=\"wp-block-heading\" id=\"h-bosnian-grammar-a-guide-to-understanding-its-unique-features\">Grammaire bosniaque : un guide pour comprendre ses caract\u00e9ristiques uniques<\/h2>\n\n\n\n<p>Vous apprenez le bosniaque et la grammaire de cette langue vous laisse perplexe ? N\u2019ayez crainte\u00a0! Dans cet article, nous allons plonger dans les myst\u00e8res de la grammaire bosniaque et vous aider \u00e0 comprendre ses caract\u00e9ristiques uniques, tout en restant simple et attrayant. Pr\u00eat \u00e0 vous lancer dans ce voyage linguistique passionnant ? Commen\u00e7ons !<\/p>\n\n\n\n<h3 class=\"wp-block-heading\" id=\"h-the-fundamentals-nouns-and-pronouns\">Les principes fondamentaux : les noms et les pronoms<\/h3>\n\n\n\n<p>Tout d&rsquo;abord, il est essentiel de savoir que le bosniaque, comme les autres langues slaves, poss\u00e8de trois genres grammaticaux : le masculin, le f\u00e9minin et le neutre. Comment savoir \u00e0 quel genre appartient un nom ? C&rsquo;est facile ! Tout est dans la <a href=\"https:\/\/talkpal.ai\/learn-finnish\/\">fin<\/a>. Voici un guide rapide :<\/p>\n\n\n\n<p><strong>&#8211; Les noms masculins se terminent g\u00e9n\u00e9ralement par une consonne,<\/strong><\/p>\n\n\n\n<p><strong>&#8211; Les noms f\u00e9minins se terminent g\u00e9n\u00e9ralement par -a,<\/strong><\/p>\n\n\n\n<p><strong>&#8211; Les noms neutres se terminent le plus souvent par -o ou -e.<\/strong><\/p>\n\n\n\n<p>Gardez \u00e0 l\u2019esprit qu\u2019il s\u2019agit de r\u00e8gles g\u00e9n\u00e9rales et qu\u2019il peut y avoir des exceptions. Parlons maintenant des pronoms. Les <a href=\"https:\/\/talkpal.ai\/hi\/grammar_exercises\/pronoms-personnels-%e0%a4%ab%e0%a5%8d%e0%a4%b0%e0%a4%be%e0%a4%82%e0%a4%b8%e0%a5%80%e0%a4%b8%e0%a5%80-%e0%a4%b5%e0%a5%8d%e0%a4%af%e0%a4%be%e0%a4%95%e0%a4%b0%e0%a4%a3-%e0%a4%95%e0%a5%87-%e0%a4%b2\/\">pronoms personnels<\/a> en bosniaque changent en fonction du genre, du nombre (singulier ou <a href=\"https:\/\/talkpal.ai\/ar\/grammar_exercises\/pluriel-%d8%aa%d9%85%d8%a7%d8%b1%d9%8a%d9%86-%d9%84%d9%84%d9%82%d9%88%d8%a7%d8%b9%d8%af-%d8%a7%d9%84%d9%81%d8%b1%d9%86%d8%b3%d9%8a%d8%a9\/\">pluriel<\/a>) et du cas (nous reviendrons sur les cas plus loin) du nom. Il existe sept pronoms personnels en bosniaque : ja (je), ti (tu, singulier\/informel), on (il), ona (elle), <a href=\"https:\/\/talkpal.ai\/locations\/language-courses-in-ono\/\">ono<\/a> (il), mi (nous) et vi (vous, pluriel\/formel). N\u2019oubliez pas que le bosniaque a une fa\u00e7on \u00e0 la fois informelle et formelle de s\u2019adresser aux gens \u2013 alors assurez-vous d\u2019utiliser le bon pronom lorsque vous parlez \u00e0 quelqu\u2019un !<\/p>\n\n\n\n<h3 class=\"wp-block-heading\" id=\"h-next-up-verb-conjugation\">Prochaine \u00e9tape\u00a0: Conjugaison des verbes<\/h3>\n\n\n\n<p>Les verbes sont l\u2019\u00e9pine dorsale de toute langue, et le bosniaque n\u2019est pas diff\u00e9rent. Les verbes bosniaques ont deux mod\u00e8les de conjugaison principaux : l\u2019un pour les verbes qui se terminent par -ti (premi\u00e8re conjugaison) et l\u2019autre pour ceux qui se terminent par -\u0107i (deuxi\u00e8me conjugaison). Dans les deux cas, la terminaison du verbe change en fonction du genre, du nombre et du temps du sujet.<\/p>\n\n\n\n<p>En parlant de temps, le bosniaque a trois temps simples : le pr\u00e9sent, le pass\u00e9 et le futur. Le pr\u00e9sent est form\u00e9 en ajoutant des terminaisons sp\u00e9cifiques au radical verbal. Le pass\u00e9, quant \u00e0 lui, est form\u00e9 \u00e0 l&rsquo;aide du verbe auxiliaire \u00ab\u00a0biti\u00a0\u00bb (\u00eatre) \u00e0 l&rsquo;infinitif \u00ab\u00a0bio\u00a0\u00bb et du participe pass\u00e9. Enfin, le futur est cr\u00e9\u00e9 en combinant le verbe auxiliaire \u00ab\u00a0htjeti\u00a0\u00bb (volont\u00e9) et la forme infinitive du verbe principal.<\/p>\n\n\n\n<h3 class=\"wp-block-heading\" id=\"h-the-magic-of-cases\">La magie des \u00e9tuis<\/h3>\n\n\n\n<p>La grammaire bosniaque utilise un syst\u00e8me de cas, ce qui signifie que les noms, les pronoms, les adjectifs et parfois m\u00eame les verbes changent de forme en fonction de leur fonction dans une phrase. Il y a sept cas en bosniaque : le nominatif, le g\u00e9nitif, le datif, l\u2019accusatif, le vocatif, l\u2019instrumental et le locatif.<\/p>\n\n\n\n<p>Ne vous laissez pas intimider par ces termes ! C&rsquo;est juste une question de pratique. Chaque cas a un objectif particulier et r\u00e9pond \u00e0 des questions sp\u00e9cifiques :<\/p>\n\n\n\n<p><strong>1. Nominatif :<\/strong> Le sujet de la phrase. Qui ou qu\u2019est-ce qui fait l\u2019action ?<\/p>\n\n\n\n<p><strong>2. G\u00e9nitif :<\/strong> Indique la possession, l\u2019origine ou une partie de quelque chose. De qui ou de quoi ?<\/p>\n\n\n\n<p><strong>3. Datif :<\/strong> L\u2019objet indirect \u2013 \u00e0 qui ou pour qui quelque chose est-il donn\u00e9 ou fait ?<\/p>\n\n\n\n<p><strong>4. Accusatif :<\/strong> L\u2019objet direct \u2013 qui ou quoi re\u00e7oit l\u2019action ?<\/p>\n\n\n\n<p><strong>5. Vocatif :<\/strong> Utilis\u00e9 pour s\u2019adresser directement \u00e0 quelqu\u2019un ou \u00e0 quelque chose \u2013 Hey, you !<\/p>\n\n\n\n<p><strong>6. Instrumental :<\/strong> Repr\u00e9sente le moyen ou la m\u00e9thode de l\u2019action \u2013 avec quoi ou par qui ?<\/p>\n\n\n\n<p><strong>7. Localisation :<\/strong> D\u00e9montre l\u2019emplacement ou la position de quelque chose \u2013 o\u00f9 ou \u00e0 quoi ?<\/p>\n\n\n\n<h3 class=\"wp-block-heading\" id=\"h-loving-the-adjectives\">Aimer les adjectifs<\/h3>\n\n\n\n<p>Les adjectifs en bosniaque s\u2019accordent avec le substantif qu\u2019ils modifient en termes de genre, de nombre et de cas. Cela signifie que les adjectifs, tout comme les noms et les pronoms, ont des formes diff\u00e9rentes selon le nom qu\u2019ils d\u00e9crivent.<\/p>\n\n\n\n<p>Par exemple, si vous voulez dire \u00ab\u00a0grande maison\u00a0\u00bb en bosniaque (qui est un nom f\u00e9minin), vous direz \u00ab\u00a0velika ku\u0107a\u00a0\u00bb. En revanche, si vous parlez d&rsquo;une \u00ab\u00a0grosse voiture\u00a0\u00bb (nom masculin), vous direz \u00ab\u00a0veliki auto\u00a0\u00bb.<\/p>\n\n\n\n<h3 class=\"wp-block-heading\" id=\"h-final-thoughts\">R\u00e9flexions finales<\/h3>\n\n\n\n<p>La grammaire bosniaque, avec son genre, ses cas et sa conjugaison des verbes, peut sembler complexe au premier abord, mais rappelez-vous : c\u2019est en forgeant qu\u2019on devient forgeron ! Il s&rsquo;agit de comprendre le syst\u00e8me et de l&rsquo;utiliser dans des situations r\u00e9elles. Soyez patient, continuez \u00e0 vous entra\u00eener et, bient\u00f4t, vous ma\u00eetriserez la belle langue de la Bosnie. Sretno\u00a0! (Bonne chance !)<\/p>\n<\/div><\/div>\n\r\n<section class=\"learnNavigationSection\">\r\n            \r\n        <a href=\"https:\/\/talkpal.ai\/fr\/apprendre-le-bosniaque\/\">\r\n            <div class=\"learnNavigationWrapper\">\r\n                <div class=\"learnNavigationContent\">\r\n                    <img decoding=\"async\" src=\"https:\/\/talkpal.ai\/wp-content\/uploads\/2024\/08\/Bosnian.jpg\" alt=\"Bosnian Flag\">\r\n                    <div>\r\n                        <h4>\u00c0 propos de l&#039;apprentissage en Bosnie<\/h4>\r\n                        <p>Tout savoir sur la grammaire bosniaque.<\/p>\r\n                    <\/div>\r\n                <\/div>\r\n            <\/div>\r\n        <\/a>\r\n\r\n        \r\n        <a href=\"https:\/\/talkpal.ai\/fr\/exercices-de-grammaire-bosniaque\/\">\r\n            <div class=\"learnNavigationWrapper\">\r\n                <div class=\"learnNavigationContent\">\r\n                    <img decoding=\"async\" src=\"https:\/\/talkpal.ai\/wp-content\/uploads\/2024\/08\/Bosnian.jpg\" alt=\"Bosnian Flag\">\r\n                    <div>\r\n                        <h4>Exercice de grammaire bosniaque<\/h4>\r\n                        <p>Pratiquez la grammaire bosniaque.<\/p>\r\n                    <\/div>\r\n                <\/div>\r\n            <\/div>\r\n        <\/a>\r\n\r\n        \r\n        <a href=\"https:\/\/talkpal.ai\/vocabulary_language\/bosnian\/\">\r\n            <div class=\"learnNavigationWrapper\">\r\n                <div class=\"learnNavigationContent\">\r\n                    <img decoding=\"async\" src=\"https:\/\/talkpal.ai\/wp-content\/uploads\/2024\/08\/Bosnian.jpg\" alt=\"Bosnian Flag\">\r\n                    <div>\r\n                        <h4>Vocabulaire bosniaque<\/h4>\r\n                        <p>\u00c9largissez votre vocabulaire bosniaque.<\/p>\r\n                    <\/div>\r\n                <\/div>\r\n            <\/div>\r\n        <\/a>\r\n\r\n            <\/section>","protected":false},"excerpt":{"rendered":"<p>Grammaire bosniaque : un guide pour comprendre ses caract\u00e9ristiques uniques Vous apprenez le bosniaque et la grammaire de cette langue vous laisse perplexe ? N\u2019ayez crainte\u00a0! Dans cet article, nous allons plonger dans les myst\u00e8res de la grammaire bosniaque et vous aider \u00e0 comprendre ses caract\u00e9ristiques uniques, tout en restant simple et attrayant. Pr\u00eat \u00e0 [&hellip;]<\/p>\n","protected":false},"author":1,"featured_media":28204,"parent":0,"menu_order":0,"comment_status":"closed","ping_status":"closed","template":"LearningContentPage.php","meta":{"_acf_changed":false,"footnotes":""},"class_list":["post-74266","page","type-page","status-publish","has-post-thumbnail","hentry"],"acf":[],"yoast_head":"<!-- This site is optimized with the Yoast SEO Premium plugin v27.2 (Yoast SEO v27.2) - https:\/\/yoast.com\/product\/yoast-seo-premium-wordpress\/ -->\n<title>Grammaire bosniaque - Talkpal<\/title>\n<meta name=\"description\" content=\"Ma\u00eetrisez la grammaire bosniaque sans effort avec Talkpalvotre tuteur linguistique dot\u00e9 d&#039;une intelligence artificielle. D\u00e9couvrez des explications simples, des conseils pratiques et des exercices interactifs !\" \/>\n<meta name=\"robots\" content=\"index, follow, max-snippet:-1, max-image-preview:large, max-video-preview:-1\" \/>\n<link rel=\"canonical\" href=\"https:\/\/talkpal.ai\/fr\/grammaire-bosniaque\/\" \/>\n<meta property=\"og:locale\" content=\"fr_FR\" \/>\n<meta property=\"og:type\" content=\"article\" \/>\n<meta property=\"og:title\" content=\"Grammaire bosniaque\" \/>\n<meta property=\"og:description\" content=\"Grammaire bosniaque : un guide pour comprendre ses caract\u00e9ristiques uniques Vous apprenez le bosniaque et la grammaire de cette langue vous laisse\" \/>\n<meta property=\"og:url\" content=\"https:\/\/talkpal.ai\/fr\/grammaire-bosniaque\/\" \/>\n<meta property=\"og:site_name\" content=\"Talkpal\" \/>\n<meta property=\"article:publisher\" content=\"https:\/\/www.facebook.com\/profile.php?id=100090733639311\" \/>\n<meta property=\"article:modified_time\" content=\"2025-05-22T14:41:36+00:00\" \/>\n<meta property=\"og:image\" content=\"https:\/\/talkpal.ai\/wp-content\/uploads\/2023\/05\/bosnia-and-herzegovina.png\" \/>\n\t<meta property=\"og:image:width\" content=\"512\" \/>\n\t<meta property=\"og:image:height\" content=\"512\" \/>\n\t<meta property=\"og:image:type\" content=\"image\/png\" \/>\n<meta name=\"twitter:card\" content=\"summary_large_image\" \/>\n<meta name=\"twitter:site\" content=\"@talkpalai\" \/>\n<meta name=\"twitter:label1\" content=\"Dur\u00e9e de lecture estim\u00e9e\" \/>\n\t<meta name=\"twitter:data1\" content=\"4 minutes\" \/>\n<script type=\"application\/ld+json\" class=\"yoast-schema-graph\">{\"@context\":\"https:\/\/schema.org\",\"@graph\":[{\"@type\":\"WebPage\",\"@id\":\"https:\/\/talkpal.ai\/fr\/grammaire-bosniaque\/\",\"url\":\"https:\/\/talkpal.ai\/fr\/grammaire-bosniaque\/\",\"name\":\"Grammaire bosniaque - Talkpal\",\"isPartOf\":{\"@id\":\"https:\/\/talkpal.ai\/fr\/#website\"},\"primaryImageOfPage\":{\"@id\":\"https:\/\/talkpal.ai\/fr\/grammaire-bosniaque\/#primaryimage\"},\"image\":{\"@id\":\"https:\/\/talkpal.ai\/fr\/grammaire-bosniaque\/#primaryimage\"},\"thumbnailUrl\":\"https:\/\/talkpal.ai\/wp-content\/uploads\/2023\/05\/bosnia-and-herzegovina.png\",\"datePublished\":\"2023-05-14T14:00:03+00:00\",\"dateModified\":\"2025-05-22T14:41:36+00:00\",\"description\":\"Ma\u00eetrisez la grammaire bosniaque sans effort avec Talkpalvotre tuteur linguistique dot\u00e9 d'une intelligence artificielle. D\u00e9couvrez des explications simples, des conseils pratiques et des exercices interactifs !\",\"breadcrumb\":{\"@id\":\"https:\/\/talkpal.ai\/fr\/grammaire-bosniaque\/#breadcrumb\"},\"inLanguage\":\"fr-FR\",\"potentialAction\":[{\"@type\":\"ReadAction\",\"target\":[\"https:\/\/talkpal.ai\/fr\/grammaire-bosniaque\/\"]}]},{\"@type\":\"ImageObject\",\"inLanguage\":\"fr-FR\",\"@id\":\"https:\/\/talkpal.ai\/fr\/grammaire-bosniaque\/#primaryimage\",\"url\":\"https:\/\/talkpal.ai\/wp-content\/uploads\/2023\/05\/bosnia-and-herzegovina.png\",\"contentUrl\":\"https:\/\/talkpal.ai\/wp-content\/uploads\/2023\/05\/bosnia-and-herzegovina.png\",\"width\":512,\"height\":512},{\"@type\":\"BreadcrumbList\",\"@id\":\"https:\/\/talkpal.ai\/fr\/grammaire-bosniaque\/#breadcrumb\",\"itemListElement\":[{\"@type\":\"ListItem\",\"position\":1,\"name\":\"Homepage\",\"item\":\"https:\/\/talkpal.ai\/fr\/\"},{\"@type\":\"ListItem\",\"position\":2,\"name\":\"Grammaire bosniaque\"}]},{\"@type\":\"WebSite\",\"@id\":\"https:\/\/talkpal.ai\/fr\/#website\",\"url\":\"https:\/\/talkpal.ai\/fr\/\",\"name\":\"Talkpal\",\"description\":\"AI Language Learning\",\"publisher\":{\"@id\":\"https:\/\/talkpal.ai\/fr\/#organization\"},\"alternateName\":\"Talkpal AI\",\"potentialAction\":[{\"@type\":\"SearchAction\",\"target\":{\"@type\":\"EntryPoint\",\"urlTemplate\":\"https:\/\/talkpal.ai\/fr\/?s={search_term_string}\"},\"query-input\":{\"@type\":\"PropertyValueSpecification\",\"valueRequired\":true,\"valueName\":\"search_term_string\"}}],\"inLanguage\":\"fr-FR\"},{\"@type\":\"Organization\",\"@id\":\"https:\/\/talkpal.ai\/fr\/#organization\",\"name\":\"Talkpal, Inc.\",\"alternateName\":\"Talkpal AI\",\"url\":\"https:\/\/talkpal.ai\/fr\/\",\"logo\":{\"@type\":\"ImageObject\",\"inLanguage\":\"fr-FR\",\"@id\":\"https:\/\/talkpal.ai\/fr\/#\/schema\/logo\/image\/\",\"url\":\"https:\/\/talkpal.ai\/wp-content\/uploads\/2024\/03\/Talkpal-Logo-Icon.png\",\"contentUrl\":\"https:\/\/talkpal.ai\/wp-content\/uploads\/2024\/03\/Talkpal-Logo-Icon.png\",\"width\":2880,\"height\":2880,\"caption\":\"Talkpal, Inc.\"},\"image\":{\"@id\":\"https:\/\/talkpal.ai\/fr\/#\/schema\/logo\/image\/\"},\"sameAs\":[\"https:\/\/www.facebook.com\/profile.php?id=100090733639311\",\"https:\/\/x.com\/talkpalai\",\"https:\/\/www.linkedin.com\/company\/talkpal\/\",\"https:\/\/www.youtube.com\/@TalkPal\/\",\"https:\/\/www.tiktok.com\/@talkpal\",\"https:\/\/www.instagram.com\/talkpal_ai\/\",\"https:\/\/www.crunchbase.com\/organization\/talkpal-9cde\",\"https:\/\/www.g2.com\/products\/talkpal-for-business\/\",\"https:\/\/www.trustpilot.com\/review\/talkpal.ai\",\"https:\/\/www.capterra.com\/p\/10006800\/TalkPal\/\"],\"description\":\"Talkpal is a language learning web and mobile education app, powered by the latest AI technologies, that provides engaging experiences to its customers in many different languages to help them improve their language skills. Users can chat about unlimited amount of topics with the app and use other modes to practice their language learning.\",\"email\":\"support@talkpal.ai\",\"legalName\":\"Talkpal, Inc.\",\"foundingDate\":\"2023-04-03\",\"duns\":\"118989042\",\"numberOfEmployees\":{\"@type\":\"QuantitativeValue\",\"minValue\":\"11\",\"maxValue\":\"50\"},\"publishingPrinciples\":\"https:\/\/talkpal.ai\/publishing-principles\/\",\"actionableFeedbackPolicy\":\"https:\/\/talkpal.ai\/actionable-feedback-policy\/\",\"correctionsPolicy\":\"https:\/\/talkpal.ai\/corrections-policy\/\",\"ethicsPolicy\":\"https:\/\/talkpal.ai\/ethics-policy\/\",\"diversityPolicy\":\"https:\/\/talkpal.ai\/diversity-policy\/\",\"diversityStaffingReport\":\"https:\/\/talkpal.ai\/diversity-policy\/\"}]}<\/script>\n<!-- \/ Yoast SEO Premium plugin. -->","yoast_head_json":{"title":"Grammaire bosniaque - Talkpal","description":"Ma\u00eetrisez la grammaire bosniaque sans effort avec Talkpalvotre tuteur linguistique dot\u00e9 d'une intelligence artificielle. D\u00e9couvrez des explications simples, des conseils pratiques et des exercices interactifs !","robots":{"index":"index","follow":"follow","max-snippet":"max-snippet:-1","max-image-preview":"max-image-preview:large","max-video-preview":"max-video-preview:-1"},"canonical":"https:\/\/talkpal.ai\/fr\/grammaire-bosniaque\/","og_locale":"fr_FR","og_type":"article","og_title":"Grammaire bosniaque","og_description":"Grammaire bosniaque : un guide pour comprendre ses caract\u00e9ristiques uniques Vous apprenez le bosniaque et la grammaire de cette langue vous laisse","og_url":"https:\/\/talkpal.ai\/fr\/grammaire-bosniaque\/","og_site_name":"Talkpal","article_publisher":"https:\/\/www.facebook.com\/profile.php?id=100090733639311","article_modified_time":"2025-05-22T14:41:36+00:00","og_image":[{"width":512,"height":512,"url":"https:\/\/talkpal.ai\/wp-content\/uploads\/2023\/05\/bosnia-and-herzegovina.png","type":"image\/png"}],"twitter_card":"summary_large_image","twitter_site":"@talkpalai","twitter_misc":{"Dur\u00e9e de lecture estim\u00e9e":"4 minutes"},"schema":{"@context":"https:\/\/schema.org","@graph":[{"@type":"WebPage","@id":"https:\/\/talkpal.ai\/fr\/grammaire-bosniaque\/","url":"https:\/\/talkpal.ai\/fr\/grammaire-bosniaque\/","name":"Grammaire bosniaque - Talkpal","isPartOf":{"@id":"https:\/\/talkpal.ai\/fr\/#website"},"primaryImageOfPage":{"@id":"https:\/\/talkpal.ai\/fr\/grammaire-bosniaque\/#primaryimage"},"image":{"@id":"https:\/\/talkpal.ai\/fr\/grammaire-bosniaque\/#primaryimage"},"thumbnailUrl":"https:\/\/talkpal.ai\/wp-content\/uploads\/2023\/05\/bosnia-and-herzegovina.png","datePublished":"2023-05-14T14:00:03+00:00","dateModified":"2025-05-22T14:41:36+00:00","description":"Ma\u00eetrisez la grammaire bosniaque sans effort avec Talkpalvotre tuteur linguistique dot\u00e9 d'une intelligence artificielle. D\u00e9couvrez des explications simples, des conseils pratiques et des exercices interactifs !","breadcrumb":{"@id":"https:\/\/talkpal.ai\/fr\/grammaire-bosniaque\/#breadcrumb"},"inLanguage":"fr-FR","potentialAction":[{"@type":"ReadAction","target":["https:\/\/talkpal.ai\/fr\/grammaire-bosniaque\/"]}]},{"@type":"ImageObject","inLanguage":"fr-FR","@id":"https:\/\/talkpal.ai\/fr\/grammaire-bosniaque\/#primaryimage","url":"https:\/\/talkpal.ai\/wp-content\/uploads\/2023\/05\/bosnia-and-herzegovina.png","contentUrl":"https:\/\/talkpal.ai\/wp-content\/uploads\/2023\/05\/bosnia-and-herzegovina.png","width":512,"height":512},{"@type":"BreadcrumbList","@id":"https:\/\/talkpal.ai\/fr\/grammaire-bosniaque\/#breadcrumb","itemListElement":[{"@type":"ListItem","position":1,"name":"Homepage","item":"https:\/\/talkpal.ai\/fr\/"},{"@type":"ListItem","position":2,"name":"Grammaire bosniaque"}]},{"@type":"WebSite","@id":"https:\/\/talkpal.ai\/fr\/#website","url":"https:\/\/talkpal.ai\/fr\/","name":"Talkpal","description":"AI Language Learning","publisher":{"@id":"https:\/\/talkpal.ai\/fr\/#organization"},"alternateName":"Talkpal AI","potentialAction":[{"@type":"SearchAction","target":{"@type":"EntryPoint","urlTemplate":"https:\/\/talkpal.ai\/fr\/?s={search_term_string}"},"query-input":{"@type":"PropertyValueSpecification","valueRequired":true,"valueName":"search_term_string"}}],"inLanguage":"fr-FR"},{"@type":"Organization","@id":"https:\/\/talkpal.ai\/fr\/#organization","name":"Talkpal, Inc.","alternateName":"Talkpal AI","url":"https:\/\/talkpal.ai\/fr\/","logo":{"@type":"ImageObject","inLanguage":"fr-FR","@id":"https:\/\/talkpal.ai\/fr\/#\/schema\/logo\/image\/","url":"https:\/\/talkpal.ai\/wp-content\/uploads\/2024\/03\/Talkpal-Logo-Icon.png","contentUrl":"https:\/\/talkpal.ai\/wp-content\/uploads\/2024\/03\/Talkpal-Logo-Icon.png","width":2880,"height":2880,"caption":"Talkpal, Inc."},"image":{"@id":"https:\/\/talkpal.ai\/fr\/#\/schema\/logo\/image\/"},"sameAs":["https:\/\/www.facebook.com\/profile.php?id=100090733639311","https:\/\/x.com\/talkpalai","https:\/\/www.linkedin.com\/company\/talkpal\/","https:\/\/www.youtube.com\/@TalkPal\/","https:\/\/www.tiktok.com\/@talkpal","https:\/\/www.instagram.com\/talkpal_ai\/","https:\/\/www.crunchbase.com\/organization\/talkpal-9cde","https:\/\/www.g2.com\/products\/talkpal-for-business\/","https:\/\/www.trustpilot.com\/review\/talkpal.ai","https:\/\/www.capterra.com\/p\/10006800\/TalkPal\/"],"description":"Talkpal is a language learning web and mobile education app, powered by the latest AI technologies, that provides engaging experiences to its customers in many different languages to help them improve their language skills. Users can chat about unlimited amount of topics with the app and use other modes to practice their language learning.","email":"support@talkpal.ai","legalName":"Talkpal, Inc.","foundingDate":"2023-04-03","duns":"118989042","numberOfEmployees":{"@type":"QuantitativeValue","minValue":"11","maxValue":"50"},"publishingPrinciples":"https:\/\/talkpal.ai\/publishing-principles\/","actionableFeedbackPolicy":"https:\/\/talkpal.ai\/actionable-feedback-policy\/","correctionsPolicy":"https:\/\/talkpal.ai\/corrections-policy\/","ethicsPolicy":"https:\/\/talkpal.ai\/ethics-policy\/","diversityPolicy":"https:\/\/talkpal.ai\/diversity-policy\/","diversityStaffingReport":"https:\/\/talkpal.ai\/diversity-policy\/"}]}},"_links":{"self":[{"href":"https:\/\/talkpal.ai\/fr\/wp-json\/wp\/v2\/pages\/74266","targetHints":{"allow":["GET"]}}],"collection":[{"href":"https:\/\/talkpal.ai\/fr\/wp-json\/wp\/v2\/pages"}],"about":[{"href":"https:\/\/talkpal.ai\/fr\/wp-json\/wp\/v2\/types\/page"}],"author":[{"embeddable":true,"href":"https:\/\/talkpal.ai\/fr\/wp-json\/wp\/v2\/users\/1"}],"replies":[{"embeddable":true,"href":"https:\/\/talkpal.ai\/fr\/wp-json\/wp\/v2\/comments?post=74266"}],"version-history":[{"count":0,"href":"https:\/\/talkpal.ai\/fr\/wp-json\/wp\/v2\/pages\/74266\/revisions"}],"wp:featuredmedia":[{"embeddable":true,"href":"https:\/\/talkpal.ai\/fr\/wp-json\/wp\/v2\/media\/28204"}],"wp:attachment":[{"href":"https:\/\/talkpal.ai\/fr\/wp-json\/wp\/v2\/media?parent=74266"}],"curies":[{"name":"wp","href":"https:\/\/api.w.org\/{rel}","templated":true}]}}