{"id":74247,"date":"2023-05-14T13:59:42","date_gmt":"2023-05-14T13:59:42","guid":{"rendered":"http:\/\/talkpal.ai\/grammaire-bielorusse\/"},"modified":"2025-05-22T13:50:03","modified_gmt":"2025-05-22T13:50:03","slug":"grammaire-bielorusse","status":"publish","type":"page","link":"https:\/\/talkpal.ai\/fr\/grammaire-bielorusse\/","title":{"rendered":"Grammaire bi\u00e9lorusse"},"content":{"rendered":"\r\n\r\n\r\n<section class=\"languageChallengeSection\">\r\n    <div class=\"languageInfoWrapper\">\r\n        \r\n        <h1>Grammaire bi\u00e9lorusse<\/h1>\r\n        <p>D\u00e9couvrez la beaut\u00e9 et la richesse de la langue <a href=\"https:\/\/talkpal.ai\/learn-belarusian\/\">bi\u00e9lorusse<\/a> en apprenant ses r\u00e8gles de grammaire fondamentales. Une bonne compr\u00e9hension de la <a href=\"https:\/\/talkpal.ai\/belarusian-grammar\/\">grammaire bi\u00e9lorusse<\/a> vous aidera \u00e0 communiquer avec confiance et \u00e0 vous rapprocher de la culture bi\u00e9lorusse. Plongez dans cette aventure et commencez \u00e0 ma\u00eetriser le bi\u00e9lorusse d\u00e8s aujourd&#039;hui !<\/p>\r\n\r\n                            <a class=\"getStartedHidden\" href=\"https:\/\/app.talkpal.ai\/fr\/signup?lng=\">Commencer<\/a>\r\n        \r\n    <\/div>\r\n\r\n    <figure>\r\n    <img decoding=\"async\" width=\"768\" height=\"768\" src=\"https:\/\/talkpal.ai\/wp-content\/uploads\/2023\/06\/belarusian-768x768.png\" class=\"languageImage no-lazy\" alt=\"Default alt text\" fetchpriority=\"high\" sizes=\"(max-width: 768px) 150px, 768px\" srcset=\"https:\/\/talkpal.ai\/wp-content\/uploads\/2023\/06\/belarusian-768x768.png 768w, https:\/\/talkpal.ai\/wp-content\/uploads\/2023\/06\/belarusian-300x300.png 300w\" \/>\r\n    \r\n\r\n    <\/figure>\r\n\r\n            <a class=\"getStartedVisible\" href=\"https:\/\/app.talkpal.ai\/fr\/signup?lng=\">Commencer<\/a>\r\n    \r\n<\/section>\r\n        <section class=\"grammarSection\">\r\n            <div class=\"grammarLinks\">\r\n                <a href=\"https:\/\/talkpal.ai\/fr\/language\/adjectifs-grammaire-bielorusse\/\">Adjectifs <\/a><a href=\"https:\/\/talkpal.ai\/fr\/language\/adverbes-grammaire-bielorusse\/\">Adverbes <\/a><a href=\"https:\/\/talkpal.ai\/fr\/language\/articles-grammaire-bielorusse\/\">Articles <\/a><a href=\"https:\/\/talkpal.ai\/fr\/language\/comparaison-des-temps-grammaire-bielorusse\/\">Comparaison des temps <\/a><a href=\"https:\/\/talkpal.ai\/fr\/language\/conditionnels-grammaire-bielorusse\/\">Conditionnels <\/a><a href=\"https:\/\/talkpal.ai\/fr\/language\/noms-grammaire-bielorusse\/\">Noms <\/a><a href=\"https:\/\/talkpal.ai\/fr\/language\/phrases-grammaire-bielorusse\/\">Phrases <\/a><a href=\"https:\/\/talkpal.ai\/fr\/language\/prepositions-grammaire-bielorusse\/\">Pr\u00e9positions <\/a><a href=\"https:\/\/talkpal.ai\/fr\/language\/progressif-grammaire-bielorusse\/\">Progressif <\/a><a href=\"https:\/\/talkpal.ai\/fr\/language\/progressif-parfait-grammaire-bielorusse\/\">Progressif parfait <\/a><a href=\"https:\/\/talkpal.ai\/fr\/language\/pronoms-determinants-grammaire-bielorusse\/\">Pronoms\/D\u00e9terminants <\/a><a href=\"https:\/\/talkpal.ai\/fr\/language\/temps-grammaire-bielorusse\/\">Temps <\/a><a href=\"https:\/\/talkpal.ai\/fr\/language\/verbes-grammaire-bielorusse\/\">Verbes <\/a>            <\/div>\r\n        <\/section>\r\n    <section class=\"promotionalBanner\">\r\n    <p class=\"promotionalText\">La fa\u00e7on la plus efficace d\u2019apprendre une langue<\/p>\r\n    <a class=\"promotionalLink\" href=\"https:\/\/app.talkpal.ai\/fr\/signup?lng=\">Essayez Talkpal gratuitement<\/a>\r\n<\/section>\n<div class=\"wp-block-group pageContainerStyle\"><div class=\"wp-block-group__inner-container is-layout-constrained wp-block-group-is-layout-constrained\">\n<h2 class=\"wp-block-heading\" id=\"h-belarusian-grammar-a-closer-look-at-the-slavic-language-s-intricacies\">Grammaire bi\u00e9lorusse : un regard plus attentif sur les subtilit\u00e9s de la langue slave<\/h2>\n\n\n\n<p>\u00cates-vous un polyglotte en herbe avec une fascination pour les langues slaves\u00a0? Ou peut-\u00eatre \u00eates-vous simplement curieux de conna\u00eetre les subtilit\u00e9s grammaticales des langues de cette int\u00e9ressante r\u00e9gion ? Si c\u2019est le cas, attachez votre ceinture ! Dans cet article, nous allons explorer le monde merveilleux de la <a href=\"https:\/\/talkpal.ai\/belarusian-grammar\/\">grammaire bi\u00e9lorusse<\/a>, un membre moins connu mais fascinant de la famille des langues slaves.<\/p>\n\n\n\n<p>Plongeons dans l&rsquo;histoire, voulez-vous ?<\/p>\n\n\n\n<h3 class=\"wp-block-heading\" id=\"h-first-things-first-what-is-belarusian\">Tout d\u2019abord, qu\u2019est-ce que le bi\u00e9lorusse ?<\/h3>\n\n\n\n<p>Le bi\u00e9lorusse est la langue officielle de la Bi\u00e9lorussie, un pays enclav\u00e9 situ\u00e9 en Europe de l\u2019Est entre la Russie, l\u2019Ukraine, la Pologne, la Lituanie et la Lettonie. Avec environ 7,9 millions de locuteurs, le bi\u00e9lorusse a un charme attachant pour les linguistes et les amateurs de langues. En tant que langue slave, le bi\u00e9lorusse pr\u00e9sente de nombreuses similitudes avec le <a href=\"https:\/\/talkpal.ai\/learn-russian\/\">russe<\/a>, l\u2019ukrainien et le <a href=\"https:\/\/talkpal.ai\/learn-polish\/\">polonais<\/a> ; Cependant, il poss\u00e8de \u00e9galement ses propres caract\u00e9ristiques uniques qui le distinguent de ses fr\u00e8res et s\u0153urs.<\/p>\n\n\n\n<h3 class=\"wp-block-heading\" id=\"h-the-building-blocks-nouns-pronouns-and-cases\">Les \u00e9l\u00e9ments constitutifs : noms, pronoms et cas<\/h3>\n\n\n\n<p>Comme d\u2019autres langues slaves, la grammaire bi\u00e9lorusse tourne autour de l\u2019inflexion des mots. Cela signifie que les terminaisons des mots changent en fonction de leur fonction grammaticale dans une phrase. Ceci est particuli\u00e8rement \u00e9vident pour les noms, les pronoms et les adjectifs lorsqu&rsquo;ils sont utilis\u00e9s dans des cas diff\u00e9rents. Le B\u00e9larus compte six cas, qui sont les suivants :<\/p>\n\n\n\n<p><strong>1. Nominatif &#8211; indique le sujet d&rsquo;une phrase<\/strong><\/p>\n\n\n\n<p><strong>2. G\u00e9nitif &#8211; indique la possession ou l&rsquo;objet de la n\u00e9gation<\/strong><\/p>\n\n\n\n<p><strong>3. Datif &#8211; marque l&rsquo;objet indirect d&rsquo;une phrase<\/strong><\/p>\n\n\n\n<p><strong>4. Accusatif &#8211; d\u00e9signe l&rsquo;objet direct d&rsquo;une phrase<\/strong><\/p>\n\n\n\n<p><strong>5. Instrumental &#8211; exprime le moyen ou la m\u00e9thode par laquelle une action est accomplie<\/strong><\/p>\n\n\n\n<p><strong>6. Pr\u00e9positionnel ou locatif &#8211; sp\u00e9cifie le lieu ou l&rsquo;objet des pr\u00e9positions<\/strong><\/p>\n\n\n\n<p>En plus des cas, les noms bi\u00e9lorusses ont \u00e9galement trois genres (masculin, f\u00e9minin et neutre) et deux nombres (singulier et pluriel). Chaque combinaison de genre et de chiffres a des terminaisons sp\u00e9cifiques dans chaque cas, il est donc crucial de les m\u00e9moriser afin de construire des phrases grammaticalement correctes.<\/p>\n\n\n\n<h3 class=\"wp-block-heading\" id=\"h-let-s-talk-verbs-tenses-aspects-and-moods\">Parlons verbes : Temps, aspects et humeurs<\/h3>\n\n\n\n<p>Les verbes bi\u00e9lorusses sont merveilleusement complexes, pleins de nuances et de complexit\u00e9. Ils ont trois temps (pass\u00e9, pr\u00e9sent et futur), deux aspects (perfectif et imperfectif), ainsi que trois modes (indicatif, imp\u00e9ratif et conditionnel). Ce qui distingue les verbes bi\u00e9lorusses des autres langues slaves, c\u2019est leur utilisation intensive de l\u2019aspect.<\/p>\n\n\n\n<p>L\u2019aspect fait r\u00e9f\u00e9rence au fait qu\u2019une action soit consid\u00e9r\u00e9e comme achev\u00e9e (perfective) ou continue (imperfective). De nombreux verbes se pr\u00e9sentent par paires qui indiquent les diff\u00e9rents aspects, souvent en utilisant un pr\u00e9fixe ou un suffixe unique. La ma\u00eetrise de l\u2019aspect est essentielle pour saisir les subtilit\u00e9s de la langue bi\u00e9lorusse.<\/p>\n\n\n\n<h3 class=\"wp-block-heading\" id=\"h-adjectives-adverbs-and-other-delights\">Adjectifs, adverbes et autres d\u00e9lices<\/h3>\n\n\n\n<p>Les adjectifs bi\u00e9lorusses s\u2019accordent avec les noms qu\u2019ils modifient en termes de genre, de nombre et de cas. Ils ont \u00e9galement des formes comparatives et superlatives pour exprimer divers degr\u00e9s de qualit\u00e9s. En outre, de nombreux adverbes sont d\u00e9riv\u00e9s d&rsquo;adjectifs en ajoutant simplement le suffixe \u00ab\u00a0-\u0430\u00a0\u00bb pour le masculin et \u00ab\u00a0-\u044b\u00a0\u00bb pour le f\u00e9minin.<\/p>\n\n\n\n<p>La langue bi\u00e9lorusse dispose \u00e9galement d\u2019un \u00e9ventail fascinant de conjonctions, de pr\u00e9positions, de chiffres et de particules pour vous aider \u00e0 cr\u00e9er des phrases \u00e9labor\u00e9es et expressives. Avec un peu d&rsquo;entra\u00eenement, vous serez bient\u00f4t capable de tisser vos mots comme un v\u00e9ritable orf\u00e8vre bi\u00e9lorusse.<\/p>\n\n\n\n<h3 class=\"wp-block-heading\" id=\"h-in-closing-the-magic-of-belarusian-grammar\">En conclusion : la magie de la grammaire bi\u00e9lorusse<\/h3>\n\n\n\n<p>\u00c0 premi\u00e8re vue, la grammaire bi\u00e9lorusse peut sembler intimidante. Cependant, en vous plongeant dans la riche tapisserie de cas, d&rsquo;aspects et d&rsquo;autres bizarreries linguistiques, vous d\u00e9couvrirez une langue pleine de profondeur, de nuances et d&rsquo;expressivit\u00e9. Relever le d\u00e9fi de la grammaire bi\u00e9lorusse vous permettra non seulement de mieux comprendre la famille slave dans son ensemble, mais aussi d\u2019acc\u00e9der \u00e0 une culture magnifique et dynamique qui attend votre exploration.<\/p>\n\n\n\n<p>Aujourd\u2019hui, arm\u00e9 d\u2019une nouvelle compr\u00e9hension de la grammaire bi\u00e9lorusse, pourquoi ne pas plonger plus profond\u00e9ment dans cette langue fascinante ? Qui sait, peut-\u00eatre vous retrouverez-vous un jour \u00e0 fl\u00e2ner dans les rues de Minsk, discutant sans peine avec les habitants dans leur langue maternelle. Bon apprentissage !<\/p>\n<\/div><\/div>\n\r\n<section class=\"learnNavigationSection\">\r\n            \r\n        <a href=\"https:\/\/talkpal.ai\/fr\/apprendre-le-bielorusse\/\">\r\n            <div class=\"learnNavigationWrapper\">\r\n                <div class=\"learnNavigationContent\">\r\n                    <img decoding=\"async\" src=\"https:\/\/talkpal.ai\/wp-content\/uploads\/2024\/08\/Belarusian.jpg\" alt=\"Belarusian Flag\">\r\n                    <div>\r\n                        <h4>\u00c0 propos de l&#039;apprentissage du bi\u00e9lorusse<\/h4>\r\n                        <p>Tout savoir sur la grammaire bi\u00e9lorusse.<\/p>\r\n                    <\/div>\r\n                <\/div>\r\n            <\/div>\r\n        <\/a>\r\n\r\n        \r\n        <a href=\"https:\/\/talkpal.ai\/fr\/exercices-de-grammaire-bielorusse\/\">\r\n            <div class=\"learnNavigationWrapper\">\r\n                <div class=\"learnNavigationContent\">\r\n                    <img decoding=\"async\" src=\"https:\/\/talkpal.ai\/wp-content\/uploads\/2024\/08\/Belarusian.jpg\" alt=\"Belarusian Flag\">\r\n                    <div>\r\n                        <h4>Exercice de grammaire bi\u00e9lorusse<\/h4>\r\n                        <p>Pratiquez la grammaire bi\u00e9lorusse.<\/p>\r\n                    <\/div>\r\n                <\/div>\r\n            <\/div>\r\n        <\/a>\r\n\r\n        \r\n        <a href=\"https:\/\/talkpal.ai\/vocabulary_language\/belarusian\/\">\r\n            <div class=\"learnNavigationWrapper\">\r\n                <div class=\"learnNavigationContent\">\r\n                    <img decoding=\"async\" src=\"https:\/\/talkpal.ai\/wp-content\/uploads\/2024\/08\/Belarusian.jpg\" alt=\"Belarusian Flag\">\r\n                    <div>\r\n                        <h4>Vocabulaire bi\u00e9lorusse<\/h4>\r\n                        <p>\u00c9largissez votre vocabulaire bi\u00e9lorusse.<\/p>\r\n                    <\/div>\r\n                <\/div>\r\n            <\/div>\r\n        <\/a>\r\n\r\n            <\/section>","protected":false},"excerpt":{"rendered":"<p>Grammaire bi\u00e9lorusse : un regard plus attentif sur les subtilit\u00e9s de la langue slave \u00cates-vous un polyglotte en herbe avec une fascination pour les langues slaves\u00a0? Ou peut-\u00eatre \u00eates-vous simplement curieux de conna\u00eetre les subtilit\u00e9s grammaticales des langues de cette int\u00e9ressante r\u00e9gion ? Si c\u2019est le cas, attachez votre ceinture ! Dans cet article, nous [&hellip;]<\/p>\n","protected":false},"author":1,"featured_media":28188,"parent":0,"menu_order":0,"comment_status":"closed","ping_status":"closed","template":"LearningContentPage.php","meta":{"_acf_changed":false,"footnotes":""},"class_list":["post-74247","page","type-page","status-publish","has-post-thumbnail","hentry"],"acf":[],"yoast_head":"<!-- This site is optimized with the Yoast SEO Premium plugin v27.2 (Yoast SEO v27.2) - https:\/\/yoast.com\/product\/yoast-seo-premium-wordpress\/ -->\n<title>Grammaire bi\u00e9lorusse - Talkpal<\/title>\n<meta name=\"description\" content=\"Ma\u00eetrisez la grammaire bi\u00e9lorusse sans effort avec Talkpalvotre tuteur linguistique dot\u00e9 d&#039;une intelligence artificielle. Obtenez des explications claires, des conseils utiles et des exercices interactifs !\" \/>\n<meta name=\"robots\" content=\"index, follow, max-snippet:-1, max-image-preview:large, max-video-preview:-1\" \/>\n<link rel=\"canonical\" href=\"https:\/\/talkpal.ai\/fr\/grammaire-bielorusse\/\" \/>\n<meta property=\"og:locale\" content=\"fr_FR\" \/>\n<meta property=\"og:type\" content=\"article\" \/>\n<meta property=\"og:title\" content=\"Grammaire bi\u00e9lorusse\" \/>\n<meta property=\"og:description\" content=\"Grammaire bi\u00e9lorusse : un regard plus attentif sur les subtilit\u00e9s de la langue slave \u00cates-vous un polyglotte en herbe avec une fascination pour les\" \/>\n<meta property=\"og:url\" content=\"https:\/\/talkpal.ai\/fr\/grammaire-bielorusse\/\" \/>\n<meta property=\"og:site_name\" content=\"Talkpal\" \/>\n<meta property=\"article:publisher\" content=\"https:\/\/www.facebook.com\/profile.php?id=100090733639311\" \/>\n<meta property=\"article:modified_time\" content=\"2025-05-22T13:50:03+00:00\" \/>\n<meta property=\"og:image\" content=\"https:\/\/talkpal.ai\/wp-content\/uploads\/2023\/05\/belarus.png\" \/>\n\t<meta property=\"og:image:width\" content=\"512\" \/>\n\t<meta property=\"og:image:height\" content=\"512\" \/>\n\t<meta property=\"og:image:type\" content=\"image\/png\" \/>\n<meta name=\"twitter:card\" content=\"summary_large_image\" \/>\n<meta name=\"twitter:site\" content=\"@talkpalai\" \/>\n<meta name=\"twitter:label1\" content=\"Dur\u00e9e de lecture estim\u00e9e\" \/>\n\t<meta name=\"twitter:data1\" content=\"4 minutes\" \/>\n<script type=\"application\/ld+json\" class=\"yoast-schema-graph\">{\"@context\":\"https:\/\/schema.org\",\"@graph\":[{\"@type\":\"WebPage\",\"@id\":\"https:\/\/talkpal.ai\/fr\/grammaire-bielorusse\/\",\"url\":\"https:\/\/talkpal.ai\/fr\/grammaire-bielorusse\/\",\"name\":\"Grammaire bi\u00e9lorusse - Talkpal\",\"isPartOf\":{\"@id\":\"https:\/\/talkpal.ai\/fr\/#website\"},\"primaryImageOfPage\":{\"@id\":\"https:\/\/talkpal.ai\/fr\/grammaire-bielorusse\/#primaryimage\"},\"image\":{\"@id\":\"https:\/\/talkpal.ai\/fr\/grammaire-bielorusse\/#primaryimage\"},\"thumbnailUrl\":\"https:\/\/talkpal.ai\/wp-content\/uploads\/2023\/05\/belarus.png\",\"datePublished\":\"2023-05-14T13:59:42+00:00\",\"dateModified\":\"2025-05-22T13:50:03+00:00\",\"description\":\"Ma\u00eetrisez la grammaire bi\u00e9lorusse sans effort avec Talkpalvotre tuteur linguistique dot\u00e9 d'une intelligence artificielle. Obtenez des explications claires, des conseils utiles et des exercices interactifs !\",\"breadcrumb\":{\"@id\":\"https:\/\/talkpal.ai\/fr\/grammaire-bielorusse\/#breadcrumb\"},\"inLanguage\":\"fr-FR\",\"potentialAction\":[{\"@type\":\"ReadAction\",\"target\":[\"https:\/\/talkpal.ai\/fr\/grammaire-bielorusse\/\"]}]},{\"@type\":\"ImageObject\",\"inLanguage\":\"fr-FR\",\"@id\":\"https:\/\/talkpal.ai\/fr\/grammaire-bielorusse\/#primaryimage\",\"url\":\"https:\/\/talkpal.ai\/wp-content\/uploads\/2023\/05\/belarus.png\",\"contentUrl\":\"https:\/\/talkpal.ai\/wp-content\/uploads\/2023\/05\/belarus.png\",\"width\":512,\"height\":512},{\"@type\":\"BreadcrumbList\",\"@id\":\"https:\/\/talkpal.ai\/fr\/grammaire-bielorusse\/#breadcrumb\",\"itemListElement\":[{\"@type\":\"ListItem\",\"position\":1,\"name\":\"Homepage\",\"item\":\"https:\/\/talkpal.ai\/fr\/\"},{\"@type\":\"ListItem\",\"position\":2,\"name\":\"Grammaire bi\u00e9lorusse\"}]},{\"@type\":\"WebSite\",\"@id\":\"https:\/\/talkpal.ai\/fr\/#website\",\"url\":\"https:\/\/talkpal.ai\/fr\/\",\"name\":\"Talkpal\",\"description\":\"AI Language Learning\",\"publisher\":{\"@id\":\"https:\/\/talkpal.ai\/fr\/#organization\"},\"alternateName\":\"Talkpal AI\",\"potentialAction\":[{\"@type\":\"SearchAction\",\"target\":{\"@type\":\"EntryPoint\",\"urlTemplate\":\"https:\/\/talkpal.ai\/fr\/?s={search_term_string}\"},\"query-input\":{\"@type\":\"PropertyValueSpecification\",\"valueRequired\":true,\"valueName\":\"search_term_string\"}}],\"inLanguage\":\"fr-FR\"},{\"@type\":\"Organization\",\"@id\":\"https:\/\/talkpal.ai\/fr\/#organization\",\"name\":\"Talkpal, Inc.\",\"alternateName\":\"Talkpal AI\",\"url\":\"https:\/\/talkpal.ai\/fr\/\",\"logo\":{\"@type\":\"ImageObject\",\"inLanguage\":\"fr-FR\",\"@id\":\"https:\/\/talkpal.ai\/fr\/#\/schema\/logo\/image\/\",\"url\":\"https:\/\/talkpal.ai\/wp-content\/uploads\/2024\/03\/Talkpal-Logo-Icon.png\",\"contentUrl\":\"https:\/\/talkpal.ai\/wp-content\/uploads\/2024\/03\/Talkpal-Logo-Icon.png\",\"width\":2880,\"height\":2880,\"caption\":\"Talkpal, Inc.\"},\"image\":{\"@id\":\"https:\/\/talkpal.ai\/fr\/#\/schema\/logo\/image\/\"},\"sameAs\":[\"https:\/\/www.facebook.com\/profile.php?id=100090733639311\",\"https:\/\/x.com\/talkpalai\",\"https:\/\/www.linkedin.com\/company\/talkpal\/\",\"https:\/\/www.youtube.com\/@TalkPal\/\",\"https:\/\/www.tiktok.com\/@talkpal\",\"https:\/\/www.instagram.com\/talkpal_ai\/\",\"https:\/\/www.crunchbase.com\/organization\/talkpal-9cde\",\"https:\/\/www.g2.com\/products\/talkpal-for-business\/\",\"https:\/\/www.trustpilot.com\/review\/talkpal.ai\",\"https:\/\/www.capterra.com\/p\/10006800\/TalkPal\/\"],\"description\":\"Talkpal is a language learning web and mobile education app, powered by the latest AI technologies, that provides engaging experiences to its customers in many different languages to help them improve their language skills. Users can chat about unlimited amount of topics with the app and use other modes to practice their language learning.\",\"email\":\"support@talkpal.ai\",\"legalName\":\"Talkpal, Inc.\",\"foundingDate\":\"2023-04-03\",\"duns\":\"118989042\",\"numberOfEmployees\":{\"@type\":\"QuantitativeValue\",\"minValue\":\"11\",\"maxValue\":\"50\"},\"publishingPrinciples\":\"https:\/\/talkpal.ai\/publishing-principles\/\",\"actionableFeedbackPolicy\":\"https:\/\/talkpal.ai\/actionable-feedback-policy\/\",\"correctionsPolicy\":\"https:\/\/talkpal.ai\/corrections-policy\/\",\"ethicsPolicy\":\"https:\/\/talkpal.ai\/ethics-policy\/\",\"diversityPolicy\":\"https:\/\/talkpal.ai\/diversity-policy\/\",\"diversityStaffingReport\":\"https:\/\/talkpal.ai\/diversity-policy\/\"}]}<\/script>\n<!-- \/ Yoast SEO Premium plugin. -->","yoast_head_json":{"title":"Grammaire bi\u00e9lorusse - Talkpal","description":"Ma\u00eetrisez la grammaire bi\u00e9lorusse sans effort avec Talkpalvotre tuteur linguistique dot\u00e9 d'une intelligence artificielle. Obtenez des explications claires, des conseils utiles et des exercices interactifs !","robots":{"index":"index","follow":"follow","max-snippet":"max-snippet:-1","max-image-preview":"max-image-preview:large","max-video-preview":"max-video-preview:-1"},"canonical":"https:\/\/talkpal.ai\/fr\/grammaire-bielorusse\/","og_locale":"fr_FR","og_type":"article","og_title":"Grammaire bi\u00e9lorusse","og_description":"Grammaire bi\u00e9lorusse : un regard plus attentif sur les subtilit\u00e9s de la langue slave \u00cates-vous un polyglotte en herbe avec une fascination pour les","og_url":"https:\/\/talkpal.ai\/fr\/grammaire-bielorusse\/","og_site_name":"Talkpal","article_publisher":"https:\/\/www.facebook.com\/profile.php?id=100090733639311","article_modified_time":"2025-05-22T13:50:03+00:00","og_image":[{"width":512,"height":512,"url":"https:\/\/talkpal.ai\/wp-content\/uploads\/2023\/05\/belarus.png","type":"image\/png"}],"twitter_card":"summary_large_image","twitter_site":"@talkpalai","twitter_misc":{"Dur\u00e9e de lecture estim\u00e9e":"4 minutes"},"schema":{"@context":"https:\/\/schema.org","@graph":[{"@type":"WebPage","@id":"https:\/\/talkpal.ai\/fr\/grammaire-bielorusse\/","url":"https:\/\/talkpal.ai\/fr\/grammaire-bielorusse\/","name":"Grammaire bi\u00e9lorusse - Talkpal","isPartOf":{"@id":"https:\/\/talkpal.ai\/fr\/#website"},"primaryImageOfPage":{"@id":"https:\/\/talkpal.ai\/fr\/grammaire-bielorusse\/#primaryimage"},"image":{"@id":"https:\/\/talkpal.ai\/fr\/grammaire-bielorusse\/#primaryimage"},"thumbnailUrl":"https:\/\/talkpal.ai\/wp-content\/uploads\/2023\/05\/belarus.png","datePublished":"2023-05-14T13:59:42+00:00","dateModified":"2025-05-22T13:50:03+00:00","description":"Ma\u00eetrisez la grammaire bi\u00e9lorusse sans effort avec Talkpalvotre tuteur linguistique dot\u00e9 d'une intelligence artificielle. Obtenez des explications claires, des conseils utiles et des exercices interactifs !","breadcrumb":{"@id":"https:\/\/talkpal.ai\/fr\/grammaire-bielorusse\/#breadcrumb"},"inLanguage":"fr-FR","potentialAction":[{"@type":"ReadAction","target":["https:\/\/talkpal.ai\/fr\/grammaire-bielorusse\/"]}]},{"@type":"ImageObject","inLanguage":"fr-FR","@id":"https:\/\/talkpal.ai\/fr\/grammaire-bielorusse\/#primaryimage","url":"https:\/\/talkpal.ai\/wp-content\/uploads\/2023\/05\/belarus.png","contentUrl":"https:\/\/talkpal.ai\/wp-content\/uploads\/2023\/05\/belarus.png","width":512,"height":512},{"@type":"BreadcrumbList","@id":"https:\/\/talkpal.ai\/fr\/grammaire-bielorusse\/#breadcrumb","itemListElement":[{"@type":"ListItem","position":1,"name":"Homepage","item":"https:\/\/talkpal.ai\/fr\/"},{"@type":"ListItem","position":2,"name":"Grammaire bi\u00e9lorusse"}]},{"@type":"WebSite","@id":"https:\/\/talkpal.ai\/fr\/#website","url":"https:\/\/talkpal.ai\/fr\/","name":"Talkpal","description":"AI Language Learning","publisher":{"@id":"https:\/\/talkpal.ai\/fr\/#organization"},"alternateName":"Talkpal AI","potentialAction":[{"@type":"SearchAction","target":{"@type":"EntryPoint","urlTemplate":"https:\/\/talkpal.ai\/fr\/?s={search_term_string}"},"query-input":{"@type":"PropertyValueSpecification","valueRequired":true,"valueName":"search_term_string"}}],"inLanguage":"fr-FR"},{"@type":"Organization","@id":"https:\/\/talkpal.ai\/fr\/#organization","name":"Talkpal, Inc.","alternateName":"Talkpal AI","url":"https:\/\/talkpal.ai\/fr\/","logo":{"@type":"ImageObject","inLanguage":"fr-FR","@id":"https:\/\/talkpal.ai\/fr\/#\/schema\/logo\/image\/","url":"https:\/\/talkpal.ai\/wp-content\/uploads\/2024\/03\/Talkpal-Logo-Icon.png","contentUrl":"https:\/\/talkpal.ai\/wp-content\/uploads\/2024\/03\/Talkpal-Logo-Icon.png","width":2880,"height":2880,"caption":"Talkpal, Inc."},"image":{"@id":"https:\/\/talkpal.ai\/fr\/#\/schema\/logo\/image\/"},"sameAs":["https:\/\/www.facebook.com\/profile.php?id=100090733639311","https:\/\/x.com\/talkpalai","https:\/\/www.linkedin.com\/company\/talkpal\/","https:\/\/www.youtube.com\/@TalkPal\/","https:\/\/www.tiktok.com\/@talkpal","https:\/\/www.instagram.com\/talkpal_ai\/","https:\/\/www.crunchbase.com\/organization\/talkpal-9cde","https:\/\/www.g2.com\/products\/talkpal-for-business\/","https:\/\/www.trustpilot.com\/review\/talkpal.ai","https:\/\/www.capterra.com\/p\/10006800\/TalkPal\/"],"description":"Talkpal is a language learning web and mobile education app, powered by the latest AI technologies, that provides engaging experiences to its customers in many different languages to help them improve their language skills. Users can chat about unlimited amount of topics with the app and use other modes to practice their language learning.","email":"support@talkpal.ai","legalName":"Talkpal, Inc.","foundingDate":"2023-04-03","duns":"118989042","numberOfEmployees":{"@type":"QuantitativeValue","minValue":"11","maxValue":"50"},"publishingPrinciples":"https:\/\/talkpal.ai\/publishing-principles\/","actionableFeedbackPolicy":"https:\/\/talkpal.ai\/actionable-feedback-policy\/","correctionsPolicy":"https:\/\/talkpal.ai\/corrections-policy\/","ethicsPolicy":"https:\/\/talkpal.ai\/ethics-policy\/","diversityPolicy":"https:\/\/talkpal.ai\/diversity-policy\/","diversityStaffingReport":"https:\/\/talkpal.ai\/diversity-policy\/"}]}},"_links":{"self":[{"href":"https:\/\/talkpal.ai\/fr\/wp-json\/wp\/v2\/pages\/74247","targetHints":{"allow":["GET"]}}],"collection":[{"href":"https:\/\/talkpal.ai\/fr\/wp-json\/wp\/v2\/pages"}],"about":[{"href":"https:\/\/talkpal.ai\/fr\/wp-json\/wp\/v2\/types\/page"}],"author":[{"embeddable":true,"href":"https:\/\/talkpal.ai\/fr\/wp-json\/wp\/v2\/users\/1"}],"replies":[{"embeddable":true,"href":"https:\/\/talkpal.ai\/fr\/wp-json\/wp\/v2\/comments?post=74247"}],"version-history":[{"count":0,"href":"https:\/\/talkpal.ai\/fr\/wp-json\/wp\/v2\/pages\/74247\/revisions"}],"wp:featuredmedia":[{"embeddable":true,"href":"https:\/\/talkpal.ai\/fr\/wp-json\/wp\/v2\/media\/28188"}],"wp:attachment":[{"href":"https:\/\/talkpal.ai\/fr\/wp-json\/wp\/v2\/media?parent=74247"}],"curies":[{"name":"wp","href":"https:\/\/api.w.org\/{rel}","templated":true}]}}