{"id":74224,"date":"2023-05-14T14:00:39","date_gmt":"2023-05-14T14:00:39","guid":{"rendered":"http:\/\/talkpal.ai\/grammaire-bulgare\/"},"modified":"2025-05-22T14:36:24","modified_gmt":"2025-05-22T14:36:24","slug":"grammaire-bulgare","status":"publish","type":"page","link":"https:\/\/talkpal.ai\/fr\/grammaire-bulgare\/","title":{"rendered":"Grammaire bulgare"},"content":{"rendered":"\r\n\r\n\r\n<section class=\"languageChallengeSection\">\r\n    <div class=\"languageInfoWrapper\">\r\n        \r\n        <h1>Grammaire bulgare<\/h1>\r\n        <p>Explorez les caract\u00e9ristiques uniques de la <a href=\"https:\/\/talkpal.ai\/bulgarian-grammar\/\">grammaire bulgare<\/a> et obtenez les outils n\u00e9cessaires pour communiquer en toute confiance dans cette langue slave dynamique. En comprenant ses r\u00e8gles de base, vous am\u00e9liorerez votre capacit\u00e9 \u00e0 communiquer avec des locuteurs natifs et vous plongerez plus profond\u00e9ment dans le riche patrimoine de la Bulgarie. Commencez d\u00e8s aujourd&#039;hui votre voyage en grammaire <a href=\"https:\/\/talkpal.ai\/learn-bulgarian\/\">bulgare<\/a> et faites le premier pas vers la ma\u00eetrise de la langue !<\/p>\r\n\r\n                            <a class=\"getStartedHidden\" href=\"https:\/\/app.talkpal.ai\/fr\/signup?lng=\">Commencer<\/a>\r\n        \r\n    <\/div>\r\n\r\n    <figure>\r\n    <img decoding=\"async\" width=\"768\" height=\"768\" src=\"https:\/\/talkpal.ai\/wp-content\/uploads\/2023\/06\/bulgarian-768x768.png\" class=\"languageImage no-lazy\" alt=\"Default alt text\" fetchpriority=\"high\" sizes=\"(max-width: 768px) 150px, 768px\" srcset=\"https:\/\/talkpal.ai\/wp-content\/uploads\/2023\/06\/bulgarian-768x768.png 768w, https:\/\/talkpal.ai\/wp-content\/uploads\/2023\/06\/bulgarian-300x300.png 300w\" \/>\r\n    \r\n\r\n    <\/figure>\r\n\r\n            <a class=\"getStartedVisible\" href=\"https:\/\/app.talkpal.ai\/fr\/signup?lng=\">Commencer<\/a>\r\n    \r\n<\/section>\r\n        <section class=\"grammarSection\">\r\n            <div class=\"grammarLinks\">\r\n                <a href=\"https:\/\/talkpal.ai\/fr\/language\/adjectifs-grammaire-bulgare\/\">Adjectifs <\/a><a href=\"https:\/\/talkpal.ai\/fr\/language\/adverbes-grammaire-bulgare\/\">Adverbes <\/a><a href=\"https:\/\/talkpal.ai\/fr\/language\/articles-grammaire-bulgare\/\">Articles <\/a><a href=\"https:\/\/talkpal.ai\/fr\/language\/comparaison-des-temps-grammaire-bulgare\/\">Comparaison des temps <\/a><a href=\"https:\/\/talkpal.ai\/fr\/language\/conditionnels-grammaire-bulgare\/\">Conditionnels <\/a><a href=\"https:\/\/talkpal.ai\/fr\/language\/noms-grammaire-bulgare\/\">Noms <\/a><a href=\"https:\/\/talkpal.ai\/fr\/language\/phrases-grammaire-bulgare\/\">Phrases <\/a><a href=\"https:\/\/talkpal.ai\/fr\/language\/prepositions-grammaire-bulgare\/\">Pr\u00e9positions <\/a><a href=\"https:\/\/talkpal.ai\/fr\/language\/progressif-parfait-grammaire-bulgare\/\">Progressif parfait <\/a><a href=\"https:\/\/talkpal.ai\/fr\/language\/progressive-grammaire-bulgare\/\">Progressive <\/a><a href=\"https:\/\/talkpal.ai\/fr\/language\/pronoms-determinants-grammaire-bulgare\/\">Pronoms\/D\u00e9terminants <\/a><a href=\"https:\/\/talkpal.ai\/fr\/language\/temps-grammaire-bulgare\/\">Temps <\/a><a href=\"https:\/\/talkpal.ai\/fr\/language\/verbes-grammaire-bulgare\/\">Verbes <\/a>            <\/div>\r\n        <\/section>\r\n    <section class=\"promotionalBanner\">\r\n    <p class=\"promotionalText\">La fa\u00e7on la plus efficace d\u2019apprendre une langue<\/p>\r\n    <a class=\"promotionalLink\" href=\"https:\/\/app.talkpal.ai\/fr\/signup?lng=\">Essayez Talkpal gratuitement<\/a>\r\n<\/section>\n<div class=\"wp-block-group pageContainerStyle\"><div class=\"wp-block-group__inner-container is-layout-constrained wp-block-group-is-layout-constrained\">\n<h2 class=\"wp-block-heading\" id=\"h-the-ultimate-guide-to-bulgarian-grammar-navigating-the-intricacies-of-a-rich-language\">Le guide ultime de la grammaire bulgare : naviguer dans les subtilit\u00e9s d\u2019une langue riche<\/h2>\n\n\n\n<p>La grammaire bulgare, comme la langue elle-m\u00eame, est un m\u00e9lange fascinant de simplicit\u00e9, de complexit\u00e9 et d\u2019histoire culturelle riche. En tant que l\u2019une des plus anciennes langues slaves, le bulgare offre des frissons linguistiques aux apprenants et met au d\u00e9fi m\u00eame les locuteurs les plus comp\u00e9tents. Dans ce guide, nous explorerons les principes cl\u00e9s de la grammaire bulgare, d\u00e9mystifierons ses complexit\u00e9s et vous aiderons \u00e0 ma\u00eetriser cette belle langue. Plongeons dans l&rsquo;aventure !<\/p>\n\n\n\n<h2 class=\"wp-block-heading\" id=\"h-the-nuts-and-bolts-bulgarian-sentence-structure\">Les rouages : structure de phrase bulgare<\/h2>\n\n\n\n<p>\u00c0 la base, la grammaire bulgare est assez simple. La langue suit la structure de phrase Sujet-Verbe-Objet (SVO), similaire \u00e0 l\u2019anglais et \u00e0 de nombreuses autres langues. Par exemple, la phrase \u00ab\u00a0Je mange une pomme\u00a0\u00bb se traduit par \u00ab\u00a0\u0410\u0437 \u044f\u043c \u044f\u0431\u044a\u043b\u043a\u0430\u00a0\u00bb (Az yam yabalka). C\u2019est simple, n\u2019est-ce pas ? Cependant, en creusant un peu, vous d\u00e9couvrirez que la grammaire bulgare est pleine de surprises et de caract\u00e9ristiques uniques.<\/p>\n\n\n\n<h3 class=\"wp-block-heading\" id=\"h-meet-the-family-bulgarian-nouns-and-their-genders\">\u00c0 la rencontre de la famille : les noms bulgares et leurs genres<\/h3>\n\n\n\n<p>L\u2019un des aspects les plus d\u00e9routants de la grammaire bulgare pour les anglophones est la notion de genre grammatical. En bulgare, chaque nom est attribu\u00e9 \u00e0 l&rsquo;un des trois genres suivants : masculin, f\u00e9minin et neutre. Il est essentiel de reconna\u00eetre le genre d&rsquo;un nom, car il a une incidence sur la forme des adjectifs et des pronoms, ainsi que sur la conjugaison des verbes qui suivent.<\/p>\n\n\n\n<p>Alors, comment d\u00e9termine-t-on le genre d\u2019un nom ? En g\u00e9n\u00e9ral, c&rsquo;est la <a href=\"https:\/\/talkpal.ai\/learn-finnish\/\">fin<\/a> qui compte :<\/p>\n\n\n\n<p><strong>&#8211; Les noms masculins se terminent g\u00e9n\u00e9ralement par une consonne.<\/strong><\/p>\n\n\n\n<p><strong>&#8211; Les noms f\u00e9minins se terminent g\u00e9n\u00e9ralement par -\u0430 (-a) ou -\u044f (-ya).<\/strong><\/p>\n\n\n\n<p><strong>&#8211; Les noms neutres se terminent souvent par -\u043e (-o) ou -\u0435 (-\u0435).<\/strong><\/p>\n\n\n\n<p>Par exemple, \u00ab\u00a0\u043c\u044a\u0436\u00a0\u00bb (mazh) signifie \u00ab\u00a0homme\u00a0\u00bb et est masculin, \u00ab\u00a0\u0436\u0435\u043d\u0430\u00a0\u00bb (zhena) signifie \u00ab\u00a0femme\u00a0\u00bb et est f\u00e9minin, et \u00ab\u00a0\u0434\u0435\u0442\u0435\u00a0\u00bb (dete) signifie \u00ab\u00a0enfant\u00a0\u00bb et est neutre.<\/p>\n\n\n\n<p>Bien s\u00fbr, il y a des exceptions, c&rsquo;est pourquoi il est essentiel d&rsquo;apprendre les noms avec leur genre.<\/p>\n\n\n\n<h3 class=\"wp-block-heading\" id=\"h-playing-with-numbers-bulgarian-plurals\">Jouer avec les nombres : les pluriels bulgares<\/h3>\n\n\n\n<p>Une fois que vous ma\u00eetrisez le <a href=\"https:\/\/talkpal.ai\/fr\/grammar\/genre-des-noms-en-grammaire-thai\/\">genre des noms<\/a> bulgares, il est <a href=\"https:\/\/talkpal.ai\/zh-hans\/grammar_exercises\/temps-%e6%b3%95%e8%af%ad%e8%af%ad%e6%b3%95%e7%bb%83%e4%b9%a0\/\">temps<\/a> de s&rsquo;occuper de leurs pluriels. En g\u00e9n\u00e9ral, vous formez les pluriels en ajoutant des terminaisons sp\u00e9cifiques qui correspondent au genre du nom :<\/p>\n\n\n\n<p><strong>&#8211; Les noms masculins changent la derni\u00e8re consonne en -\u0438 (-i) ou ajoutent -\u043e\u0432\u0435 (-ove).<\/strong><\/p>\n\n\n\n<p><strong>&#8211; Les noms f\u00e9minins remplacent -\u0430 ou -\u044f par -\u0438 ou -\u0435.<\/strong><\/p>\n\n\n\n<p><strong>&#8211; Les noms neutres remplacent -\u043e ou -\u0435 par -\u0430.<\/strong><\/p>\n\n\n\n<p>Par exemple, \u00ab\u00a0\u0443\u0447\u0435\u043d\u0438\u043a\u00a0\u00bb (uchenik, masculin) devient \u00ab\u00a0\u0443\u0447\u0435\u043d\u0438\u0446\u0438\u00a0\u00bb (uchenici, <a href=\"https:\/\/talkpal.ai\/talkpal-discount-for-students\/\">\u00e9tudiants<\/a>) et \u00ab\u00a0\u043a\u043d\u0438\u0433\u0430\u00a0\u00bb (kniga, f\u00e9minin) devient \u00ab\u00a0\u043a\u043d\u0438\u0433\u0438\u00a0\u00bb (knigi, livres).<\/p>\n\n\n\n<p>Cette r\u00e8gle comporte des exceptions, alors gardez un \u0153il sur les pluriels irr\u00e9guliers et \u00e9largissez votre vocabulaire en cons\u00e9quence.<\/p>\n\n\n\n<h3 class=\"wp-block-heading\" id=\"h-the-art-of-conjugation-bulgarian-verbs\">L\u2019art de la conjugaison : les verbes bulgares<\/h3>\n\n\n\n<p>Les verbes bulgares peuvent \u00eatre intimidants en raison de leur grand nombre de temps, d\u2019humeurs et de conjugaisons. Cependant, la cl\u00e9 pour les d\u00e9chiffrer est de reconna\u00eetre les mod\u00e8les et de s\u2019entra\u00eener r\u00e9guli\u00e8rement.<\/p>\n\n\n\n<p>En bulgare, les verbes sont divis\u00e9s en trois groupes en fonction de leur terminaison infinitive, -\u0430 (-a), -\u0435 (-\u0435) ou -\u0438 (-i). Chaque groupe a ses propres r\u00e8gles de conjugaison. Prenons par exemple le verbe \u00ab\u00a0\u043f\u0438\u0448\u0430\u00a0\u00bb (pisha, \u00ab\u00a0\u00e9crire\u00a0\u00bb) :<\/p>\n\n\n\n<p><strong>Le pr\u00e9sent : \u0410\u0437 \u043f\u0438\u0448\u0430 (Az pisha, \u00ab\u00a0j&rsquo;\u00e9cris\u00a0\u00bb)<\/strong><\/p>\n\n\n\n<p><strong>Le pass\u00e9 : \u0410\u0437 \u043f\u0438\u0441\u0430\u0445 (Az pisah, \u00ab\u00a0j&rsquo;ai \u00e9crit\u00a0\u00bb)<\/strong><\/p>\n\n\n\n<p><strong>Le futur : \u0410\u0437 \u0449\u0435 \u043f\u0438\u0448\u0430 (Az shte pisha, \u00ab\u00a0j&rsquo;\u00e9crirai\u00a0\u00bb)<\/strong><\/p>\n\n\n\n<p>Comme vous pouvez le voir, les terminaisons changent en fonction du temps. Et ce n&rsquo;est pas tout : la conjugaison des verbes bulgares n&rsquo;est pas encore \u00e0 l&rsquo;ordre du jour ! Cependant, ne vous laissez pas submerger. Avec de la pratique et de la patience, vous commencerez \u00e0 reconna\u00eetre les sch\u00e9mas et \u00e0 relever ce d\u00e9fi.<\/p>\n\n\n\n<h3 class=\"wp-block-heading\" id=\"h-the-finishing-touches-bulgarian-adjectives-adverbs-and-more\">La touche finale : adjectifs bulgares, adverbes, etc.<\/h3>\n\n\n\n<p>En ce qui concerne les adjectifs et les adverbes bulgares, ils jouent un r\u00f4le crucial pour ajouter de la profondeur et de la complexit\u00e9 \u00e0 votre discours. Les adjectifs doivent s&rsquo;accorder avec les noms qu&rsquo;ils modifient en termes de genre, et vous trouverez g\u00e9n\u00e9ralement trois formes : masculine, f\u00e9minine et neutre.<\/p>\n\n\n\n<p>Par exemple, \u00ab\u00a0\u0434\u043e\u0431\u044a\u0440\u00a0\u00bb (dobur) signifie \u00ab\u00a0bon\u00a0\u00bb et appara\u00eet sous la forme de \u00ab\u00a0\u0434\u043e\u0431\u044a\u0440 \u043c\u044a\u0436\u00a0\u00bb (dobur mazh, \u00ab\u00a0homme bon\u00a0\u00bb), \u00ab\u00a0\u0434\u043e\u0431\u0440\u0430 \u0436\u0435\u043d\u0430\u00a0\u00bb (dobra zhena, \u00ab\u00a0bonne femme\u00a0\u00bb) et \u00ab\u00a0\u0434\u043e\u0431\u0440\u043e \u0434\u0435\u0442\u0435\u00a0\u00bb (dobro dete, \u00ab\u00a0bon enfant\u00a0\u00bb). Les adverbes suivent des sch\u00e9mas similaires, souvent d\u00e9riv\u00e9s d\u2019adjectifs.<\/p>\n\n\n\n<p>En conclusion, les subtilit\u00e9s et les bizarreries de la grammaire bulgare, bien que complexes, conf\u00e8rent \u00e0 la langue sa beaut\u00e9 et son caract\u00e8re captivants. Avec un m\u00e9lange de pers\u00e9v\u00e9rance, de curiosit\u00e9 et d&rsquo;application pratique, vous naviguerez bient\u00f4t dans la grammaire bulgare avec aisance et confiance. Bon apprentissage !<\/p>\n<\/div><\/div>\n\r\n<section class=\"learnNavigationSection\">\r\n            \r\n        <a href=\"https:\/\/talkpal.ai\/fr\/apprendre-le-bulgare\/\">\r\n            <div class=\"learnNavigationWrapper\">\r\n                <div class=\"learnNavigationContent\">\r\n                    <img decoding=\"async\" src=\"https:\/\/talkpal.ai\/wp-content\/uploads\/2024\/08\/Bulgarian.jpg\" alt=\"Bulgarian Flag\">\r\n                    <div>\r\n                        <h4>\u00c0 propos de l&#039;apprentissage du bulgare<\/h4>\r\n                        <p>Tout savoir sur la grammaire bulgare.<\/p>\r\n                    <\/div>\r\n                <\/div>\r\n            <\/div>\r\n        <\/a>\r\n\r\n        \r\n        <a href=\"https:\/\/talkpal.ai\/fr\/exercices-de-grammaire-bulgare\/\">\r\n            <div class=\"learnNavigationWrapper\">\r\n                <div class=\"learnNavigationContent\">\r\n                    <img decoding=\"async\" src=\"https:\/\/talkpal.ai\/wp-content\/uploads\/2024\/08\/Bulgarian.jpg\" alt=\"Bulgarian Flag\">\r\n                    <div>\r\n                        <h4>Exercice de grammaire bulgare<\/h4>\r\n                        <p>Pratiquez la grammaire bulgare .<\/p>\r\n                    <\/div>\r\n                <\/div>\r\n            <\/div>\r\n        <\/a>\r\n\r\n        \r\n        <a href=\"https:\/\/talkpal.ai\/vocabulary_language\/bulgarian\/\">\r\n            <div class=\"learnNavigationWrapper\">\r\n                <div class=\"learnNavigationContent\">\r\n                    <img decoding=\"async\" src=\"https:\/\/talkpal.ai\/wp-content\/uploads\/2024\/08\/Bulgarian.jpg\" alt=\"Bulgarian Flag\">\r\n                    <div>\r\n                        <h4>Vocabulaire bulgare<\/h4>\r\n                        <p>\u00c9largissez votre vocabulaire bulgare.<\/p>\r\n                    <\/div>\r\n                <\/div>\r\n            <\/div>\r\n        <\/a>\r\n\r\n            <\/section>","protected":false},"excerpt":{"rendered":"<p>Le guide ultime de la grammaire bulgare : naviguer dans les subtilit\u00e9s d\u2019une langue riche La grammaire bulgare, comme la langue elle-m\u00eame, est un m\u00e9lange fascinant de simplicit\u00e9, de complexit\u00e9 et d\u2019histoire culturelle riche. En tant que l\u2019une des plus anciennes langues slaves, le bulgare offre des frissons linguistiques aux apprenants et met au d\u00e9fi [&hellip;]<\/p>\n","protected":false},"author":1,"featured_media":28220,"parent":0,"menu_order":0,"comment_status":"closed","ping_status":"closed","template":"LearningContentPage.php","meta":{"_acf_changed":false,"footnotes":""},"class_list":["post-74224","page","type-page","status-publish","has-post-thumbnail","hentry"],"acf":[],"yoast_head":"<!-- This site is optimized with the Yoast SEO Premium plugin v27.2 (Yoast SEO v27.2) - https:\/\/yoast.com\/product\/yoast-seo-premium-wordpress\/ -->\n<title>Grammaire bulgare - Talkpal<\/title>\n<meta name=\"description\" content=\"D\u00e9couvrez l&#039;essentiel de la grammaire bulgare pour une meilleure compr\u00e9hension de la langue et une meilleure communication.\" \/>\n<meta name=\"robots\" content=\"index, follow, max-snippet:-1, max-image-preview:large, max-video-preview:-1\" \/>\n<link rel=\"canonical\" href=\"https:\/\/talkpal.ai\/fr\/grammaire-bulgare\/\" \/>\n<meta property=\"og:locale\" content=\"fr_FR\" \/>\n<meta property=\"og:type\" content=\"article\" \/>\n<meta property=\"og:title\" content=\"Grammaire bulgare\" \/>\n<meta property=\"og:description\" content=\"Le guide ultime de la grammaire bulgare : naviguer dans les subtilit\u00e9s d\u2019une langue riche La grammaire bulgare, comme la langue elle-m\u00eame, est un m\u00e9lange\" \/>\n<meta property=\"og:url\" content=\"https:\/\/talkpal.ai\/fr\/grammaire-bulgare\/\" \/>\n<meta property=\"og:site_name\" content=\"Talkpal\" \/>\n<meta property=\"article:publisher\" content=\"https:\/\/www.facebook.com\/profile.php?id=100090733639311\" \/>\n<meta property=\"article:modified_time\" content=\"2025-05-22T14:36:24+00:00\" \/>\n<meta property=\"og:image\" content=\"https:\/\/talkpal.ai\/wp-content\/uploads\/2023\/05\/bulgaria.png\" \/>\n\t<meta property=\"og:image:width\" content=\"512\" \/>\n\t<meta property=\"og:image:height\" content=\"512\" \/>\n\t<meta property=\"og:image:type\" content=\"image\/png\" \/>\n<meta name=\"twitter:card\" content=\"summary_large_image\" \/>\n<meta name=\"twitter:site\" content=\"@talkpalai\" \/>\n<meta name=\"twitter:label1\" content=\"Dur\u00e9e de lecture estim\u00e9e\" \/>\n\t<meta name=\"twitter:data1\" content=\"4 minutes\" \/>\n<script type=\"application\/ld+json\" class=\"yoast-schema-graph\">{\"@context\":\"https:\/\/schema.org\",\"@graph\":[{\"@type\":\"WebPage\",\"@id\":\"https:\/\/talkpal.ai\/fr\/grammaire-bulgare\/\",\"url\":\"https:\/\/talkpal.ai\/fr\/grammaire-bulgare\/\",\"name\":\"Grammaire bulgare - Talkpal\",\"isPartOf\":{\"@id\":\"https:\/\/talkpal.ai\/fr\/#website\"},\"primaryImageOfPage\":{\"@id\":\"https:\/\/talkpal.ai\/fr\/grammaire-bulgare\/#primaryimage\"},\"image\":{\"@id\":\"https:\/\/talkpal.ai\/fr\/grammaire-bulgare\/#primaryimage\"},\"thumbnailUrl\":\"https:\/\/talkpal.ai\/wp-content\/uploads\/2023\/05\/bulgaria.png\",\"datePublished\":\"2023-05-14T14:00:39+00:00\",\"dateModified\":\"2025-05-22T14:36:24+00:00\",\"description\":\"D\u00e9couvrez l'essentiel de la grammaire bulgare pour une meilleure compr\u00e9hension de la langue et une meilleure communication.\",\"breadcrumb\":{\"@id\":\"https:\/\/talkpal.ai\/fr\/grammaire-bulgare\/#breadcrumb\"},\"inLanguage\":\"fr-FR\",\"potentialAction\":[{\"@type\":\"ReadAction\",\"target\":[\"https:\/\/talkpal.ai\/fr\/grammaire-bulgare\/\"]}]},{\"@type\":\"ImageObject\",\"inLanguage\":\"fr-FR\",\"@id\":\"https:\/\/talkpal.ai\/fr\/grammaire-bulgare\/#primaryimage\",\"url\":\"https:\/\/talkpal.ai\/wp-content\/uploads\/2023\/05\/bulgaria.png\",\"contentUrl\":\"https:\/\/talkpal.ai\/wp-content\/uploads\/2023\/05\/bulgaria.png\",\"width\":512,\"height\":512},{\"@type\":\"BreadcrumbList\",\"@id\":\"https:\/\/talkpal.ai\/fr\/grammaire-bulgare\/#breadcrumb\",\"itemListElement\":[{\"@type\":\"ListItem\",\"position\":1,\"name\":\"Homepage\",\"item\":\"https:\/\/talkpal.ai\/fr\/\"},{\"@type\":\"ListItem\",\"position\":2,\"name\":\"Grammaire bulgare\"}]},{\"@type\":\"WebSite\",\"@id\":\"https:\/\/talkpal.ai\/fr\/#website\",\"url\":\"https:\/\/talkpal.ai\/fr\/\",\"name\":\"Talkpal\",\"description\":\"AI Language Learning\",\"publisher\":{\"@id\":\"https:\/\/talkpal.ai\/fr\/#organization\"},\"alternateName\":\"Talkpal AI\",\"potentialAction\":[{\"@type\":\"SearchAction\",\"target\":{\"@type\":\"EntryPoint\",\"urlTemplate\":\"https:\/\/talkpal.ai\/fr\/?s={search_term_string}\"},\"query-input\":{\"@type\":\"PropertyValueSpecification\",\"valueRequired\":true,\"valueName\":\"search_term_string\"}}],\"inLanguage\":\"fr-FR\"},{\"@type\":\"Organization\",\"@id\":\"https:\/\/talkpal.ai\/fr\/#organization\",\"name\":\"Talkpal, Inc.\",\"alternateName\":\"Talkpal AI\",\"url\":\"https:\/\/talkpal.ai\/fr\/\",\"logo\":{\"@type\":\"ImageObject\",\"inLanguage\":\"fr-FR\",\"@id\":\"https:\/\/talkpal.ai\/fr\/#\/schema\/logo\/image\/\",\"url\":\"https:\/\/talkpal.ai\/wp-content\/uploads\/2024\/03\/Talkpal-Logo-Icon.png\",\"contentUrl\":\"https:\/\/talkpal.ai\/wp-content\/uploads\/2024\/03\/Talkpal-Logo-Icon.png\",\"width\":2880,\"height\":2880,\"caption\":\"Talkpal, Inc.\"},\"image\":{\"@id\":\"https:\/\/talkpal.ai\/fr\/#\/schema\/logo\/image\/\"},\"sameAs\":[\"https:\/\/www.facebook.com\/profile.php?id=100090733639311\",\"https:\/\/x.com\/talkpalai\",\"https:\/\/www.linkedin.com\/company\/talkpal\/\",\"https:\/\/www.youtube.com\/@TalkPal\/\",\"https:\/\/www.tiktok.com\/@talkpal\",\"https:\/\/www.instagram.com\/talkpal_ai\/\",\"https:\/\/www.crunchbase.com\/organization\/talkpal-9cde\",\"https:\/\/www.g2.com\/products\/talkpal-for-business\/\",\"https:\/\/www.trustpilot.com\/review\/talkpal.ai\",\"https:\/\/www.capterra.com\/p\/10006800\/TalkPal\/\"],\"description\":\"Talkpal is a language learning web and mobile education app, powered by the latest AI technologies, that provides engaging experiences to its customers in many different languages to help them improve their language skills. Users can chat about unlimited amount of topics with the app and use other modes to practice their language learning.\",\"email\":\"support@talkpal.ai\",\"legalName\":\"Talkpal, Inc.\",\"foundingDate\":\"2023-04-03\",\"duns\":\"118989042\",\"numberOfEmployees\":{\"@type\":\"QuantitativeValue\",\"minValue\":\"11\",\"maxValue\":\"50\"},\"publishingPrinciples\":\"https:\/\/talkpal.ai\/publishing-principles\/\",\"actionableFeedbackPolicy\":\"https:\/\/talkpal.ai\/actionable-feedback-policy\/\",\"correctionsPolicy\":\"https:\/\/talkpal.ai\/corrections-policy\/\",\"ethicsPolicy\":\"https:\/\/talkpal.ai\/ethics-policy\/\",\"diversityPolicy\":\"https:\/\/talkpal.ai\/diversity-policy\/\",\"diversityStaffingReport\":\"https:\/\/talkpal.ai\/diversity-policy\/\"}]}<\/script>\n<!-- \/ Yoast SEO Premium plugin. -->","yoast_head_json":{"title":"Grammaire bulgare - Talkpal","description":"D\u00e9couvrez l'essentiel de la grammaire bulgare pour une meilleure compr\u00e9hension de la langue et une meilleure communication.","robots":{"index":"index","follow":"follow","max-snippet":"max-snippet:-1","max-image-preview":"max-image-preview:large","max-video-preview":"max-video-preview:-1"},"canonical":"https:\/\/talkpal.ai\/fr\/grammaire-bulgare\/","og_locale":"fr_FR","og_type":"article","og_title":"Grammaire bulgare","og_description":"Le guide ultime de la grammaire bulgare : naviguer dans les subtilit\u00e9s d\u2019une langue riche La grammaire bulgare, comme la langue elle-m\u00eame, est un m\u00e9lange","og_url":"https:\/\/talkpal.ai\/fr\/grammaire-bulgare\/","og_site_name":"Talkpal","article_publisher":"https:\/\/www.facebook.com\/profile.php?id=100090733639311","article_modified_time":"2025-05-22T14:36:24+00:00","og_image":[{"width":512,"height":512,"url":"https:\/\/talkpal.ai\/wp-content\/uploads\/2023\/05\/bulgaria.png","type":"image\/png"}],"twitter_card":"summary_large_image","twitter_site":"@talkpalai","twitter_misc":{"Dur\u00e9e de lecture estim\u00e9e":"4 minutes"},"schema":{"@context":"https:\/\/schema.org","@graph":[{"@type":"WebPage","@id":"https:\/\/talkpal.ai\/fr\/grammaire-bulgare\/","url":"https:\/\/talkpal.ai\/fr\/grammaire-bulgare\/","name":"Grammaire bulgare - Talkpal","isPartOf":{"@id":"https:\/\/talkpal.ai\/fr\/#website"},"primaryImageOfPage":{"@id":"https:\/\/talkpal.ai\/fr\/grammaire-bulgare\/#primaryimage"},"image":{"@id":"https:\/\/talkpal.ai\/fr\/grammaire-bulgare\/#primaryimage"},"thumbnailUrl":"https:\/\/talkpal.ai\/wp-content\/uploads\/2023\/05\/bulgaria.png","datePublished":"2023-05-14T14:00:39+00:00","dateModified":"2025-05-22T14:36:24+00:00","description":"D\u00e9couvrez l'essentiel de la grammaire bulgare pour une meilleure compr\u00e9hension de la langue et une meilleure communication.","breadcrumb":{"@id":"https:\/\/talkpal.ai\/fr\/grammaire-bulgare\/#breadcrumb"},"inLanguage":"fr-FR","potentialAction":[{"@type":"ReadAction","target":["https:\/\/talkpal.ai\/fr\/grammaire-bulgare\/"]}]},{"@type":"ImageObject","inLanguage":"fr-FR","@id":"https:\/\/talkpal.ai\/fr\/grammaire-bulgare\/#primaryimage","url":"https:\/\/talkpal.ai\/wp-content\/uploads\/2023\/05\/bulgaria.png","contentUrl":"https:\/\/talkpal.ai\/wp-content\/uploads\/2023\/05\/bulgaria.png","width":512,"height":512},{"@type":"BreadcrumbList","@id":"https:\/\/talkpal.ai\/fr\/grammaire-bulgare\/#breadcrumb","itemListElement":[{"@type":"ListItem","position":1,"name":"Homepage","item":"https:\/\/talkpal.ai\/fr\/"},{"@type":"ListItem","position":2,"name":"Grammaire bulgare"}]},{"@type":"WebSite","@id":"https:\/\/talkpal.ai\/fr\/#website","url":"https:\/\/talkpal.ai\/fr\/","name":"Talkpal","description":"AI Language Learning","publisher":{"@id":"https:\/\/talkpal.ai\/fr\/#organization"},"alternateName":"Talkpal AI","potentialAction":[{"@type":"SearchAction","target":{"@type":"EntryPoint","urlTemplate":"https:\/\/talkpal.ai\/fr\/?s={search_term_string}"},"query-input":{"@type":"PropertyValueSpecification","valueRequired":true,"valueName":"search_term_string"}}],"inLanguage":"fr-FR"},{"@type":"Organization","@id":"https:\/\/talkpal.ai\/fr\/#organization","name":"Talkpal, Inc.","alternateName":"Talkpal AI","url":"https:\/\/talkpal.ai\/fr\/","logo":{"@type":"ImageObject","inLanguage":"fr-FR","@id":"https:\/\/talkpal.ai\/fr\/#\/schema\/logo\/image\/","url":"https:\/\/talkpal.ai\/wp-content\/uploads\/2024\/03\/Talkpal-Logo-Icon.png","contentUrl":"https:\/\/talkpal.ai\/wp-content\/uploads\/2024\/03\/Talkpal-Logo-Icon.png","width":2880,"height":2880,"caption":"Talkpal, Inc."},"image":{"@id":"https:\/\/talkpal.ai\/fr\/#\/schema\/logo\/image\/"},"sameAs":["https:\/\/www.facebook.com\/profile.php?id=100090733639311","https:\/\/x.com\/talkpalai","https:\/\/www.linkedin.com\/company\/talkpal\/","https:\/\/www.youtube.com\/@TalkPal\/","https:\/\/www.tiktok.com\/@talkpal","https:\/\/www.instagram.com\/talkpal_ai\/","https:\/\/www.crunchbase.com\/organization\/talkpal-9cde","https:\/\/www.g2.com\/products\/talkpal-for-business\/","https:\/\/www.trustpilot.com\/review\/talkpal.ai","https:\/\/www.capterra.com\/p\/10006800\/TalkPal\/"],"description":"Talkpal is a language learning web and mobile education app, powered by the latest AI technologies, that provides engaging experiences to its customers in many different languages to help them improve their language skills. Users can chat about unlimited amount of topics with the app and use other modes to practice their language learning.","email":"support@talkpal.ai","legalName":"Talkpal, Inc.","foundingDate":"2023-04-03","duns":"118989042","numberOfEmployees":{"@type":"QuantitativeValue","minValue":"11","maxValue":"50"},"publishingPrinciples":"https:\/\/talkpal.ai\/publishing-principles\/","actionableFeedbackPolicy":"https:\/\/talkpal.ai\/actionable-feedback-policy\/","correctionsPolicy":"https:\/\/talkpal.ai\/corrections-policy\/","ethicsPolicy":"https:\/\/talkpal.ai\/ethics-policy\/","diversityPolicy":"https:\/\/talkpal.ai\/diversity-policy\/","diversityStaffingReport":"https:\/\/talkpal.ai\/diversity-policy\/"}]}},"_links":{"self":[{"href":"https:\/\/talkpal.ai\/fr\/wp-json\/wp\/v2\/pages\/74224","targetHints":{"allow":["GET"]}}],"collection":[{"href":"https:\/\/talkpal.ai\/fr\/wp-json\/wp\/v2\/pages"}],"about":[{"href":"https:\/\/talkpal.ai\/fr\/wp-json\/wp\/v2\/types\/page"}],"author":[{"embeddable":true,"href":"https:\/\/talkpal.ai\/fr\/wp-json\/wp\/v2\/users\/1"}],"replies":[{"embeddable":true,"href":"https:\/\/talkpal.ai\/fr\/wp-json\/wp\/v2\/comments?post=74224"}],"version-history":[{"count":0,"href":"https:\/\/talkpal.ai\/fr\/wp-json\/wp\/v2\/pages\/74224\/revisions"}],"wp:featuredmedia":[{"embeddable":true,"href":"https:\/\/talkpal.ai\/fr\/wp-json\/wp\/v2\/media\/28220"}],"wp:attachment":[{"href":"https:\/\/talkpal.ai\/fr\/wp-json\/wp\/v2\/media?parent=74224"}],"curies":[{"name":"wp","href":"https:\/\/api.w.org\/{rel}","templated":true}]}}