{"id":74203,"date":"2023-05-14T13:53:48","date_gmt":"2023-05-14T13:53:48","guid":{"rendered":"http:\/\/talkpal.ai\/grammaire-azerbaidjanaise\/"},"modified":"2025-05-22T08:22:59","modified_gmt":"2025-05-22T08:22:59","slug":"grammaire-azerbaidjanaise","status":"publish","type":"page","link":"https:\/\/talkpal.ai\/fr\/grammaire-azerbaidjanaise\/","title":{"rendered":"Grammaire azerba\u00efdjanaise"},"content":{"rendered":"\r\n\r\n\r\n<section class=\"languageChallengeSection\">\r\n    <div class=\"languageInfoWrapper\">\r\n        \r\n        <h1>Grammaire azerba\u00efdjanaise<\/h1>\r\n        <p>Pr\u00eat \u00e0 d\u00e9couvrir la beaut\u00e9 de la langue azerba\u00efdjanaise ? Plongez dans la <a href=\"https:\/\/talkpal.ai\/azerbaijani-grammar\/\">grammaire azerba\u00efdjanaise<\/a> et d\u00e9couvrez sa structure unique, de l&#039;harmonie des voyelles aux formes verbales expressives. Commencez \u00e0 apprendre d\u00e8s aujourd&#039;hui et d\u00e9couvrez comment la ma\u00eetrise de la grammaire vous ouvre la voie vers une conversation fluide et une compr\u00e9hension plus profonde de la culture azerba\u00efdjanaise !<\/p>\r\n\r\n                            <a class=\"getStartedHidden\" href=\"https:\/\/app.talkpal.ai\/fr\/signup?lng=\">Commencer<\/a>\r\n        \r\n    <\/div>\r\n\r\n    <figure>\r\n    <img decoding=\"async\" width=\"768\" height=\"768\" src=\"https:\/\/talkpal.ai\/wp-content\/uploads\/2023\/06\/azerbaijani-768x768.png\" class=\"languageImage no-lazy\" alt=\"Default alt text\" fetchpriority=\"high\" sizes=\"(max-width: 768px) 150px, 768px\" srcset=\"https:\/\/talkpal.ai\/wp-content\/uploads\/2023\/06\/azerbaijani-768x768.png 768w, https:\/\/talkpal.ai\/wp-content\/uploads\/2023\/06\/azerbaijani-300x300.png 300w\" \/>\r\n    \r\n\r\n    <\/figure>\r\n\r\n            <a class=\"getStartedVisible\" href=\"https:\/\/app.talkpal.ai\/fr\/signup?lng=\">Commencer<\/a>\r\n    \r\n<\/section>\r\n        <section class=\"grammarSection\">\r\n            <div class=\"grammarLinks\">\r\n                <a href=\"https:\/\/talkpal.ai\/fr\/language\/adjectifs-grammaire-azerbaidjanaise\/\">Adjectifs <\/a><a href=\"https:\/\/talkpal.ai\/fr\/language\/adverbes-grammaire-azerbaidjanaise\/\">Adverbes <\/a><a href=\"https:\/\/talkpal.ai\/fr\/language\/articles-grammaire-azerbaidjanaise\/\">Articles <\/a><a href=\"https:\/\/talkpal.ai\/fr\/language\/comparaison-des-temps-grammaire-azerbaidjanaise\/\">Comparaison des temps <\/a><a href=\"https:\/\/talkpal.ai\/fr\/language\/conditionnels-grammaire-azerbaidjanaise\/\">Conditionnels <\/a><a href=\"https:\/\/talkpal.ai\/fr\/language\/noms-grammaire-azerbaidjanaise\/\">Noms <\/a><a href=\"https:\/\/talkpal.ai\/fr\/language\/phrases-grammaire-azerbaidjanaise\/\">Phrases <\/a><a href=\"https:\/\/talkpal.ai\/fr\/language\/prepositions-grammaire-azerbaidjanaise\/\">Pr\u00e9positions <\/a><a href=\"https:\/\/talkpal.ai\/fr\/language\/progressif-grammaire-azerbaidjanaise\/\">Progressif <\/a><a href=\"https:\/\/talkpal.ai\/fr\/language\/progressif-parfait-grammaire-azerbaidjanaise\/\">Progressif Parfait <\/a><a href=\"https:\/\/talkpal.ai\/fr\/language\/pronoms-determinants-grammaire-azerbaidjanaise\/\">Pronoms\/D\u00e9terminants <\/a><a href=\"https:\/\/talkpal.ai\/fr\/language\/temps-grammaire-azerbaidjanaise\/\">Temps <\/a><a href=\"https:\/\/talkpal.ai\/fr\/language\/verbes-grammaire-azerbaidjanaise\/\">Verbes <\/a>            <\/div>\r\n        <\/section>\r\n    <section class=\"promotionalBanner\">\r\n    <p class=\"promotionalText\">La fa\u00e7on la plus efficace d\u2019apprendre une langue<\/p>\r\n    <a class=\"promotionalLink\" href=\"https:\/\/app.talkpal.ai\/fr\/signup?lng=\">Essayez Talkpal gratuitement<\/a>\r\n<\/section>\n<div class=\"wp-block-group pageContainerStyle\"><div class=\"wp-block-group__inner-container is-layout-constrained wp-block-group-is-layout-constrained\">\n<h2 class=\"wp-block-heading\" id=\"h-a-comprehensive-guide-to-azerbaijani-grammar\">Un guide complet de la grammaire azerba\u00efdjanaise<\/h2>\n\n\n\n<p>Avez-vous d\u00e9j\u00e0 pens\u00e9 \u00e0 apprendre l\u2019<a href=\"https:\/\/talkpal.ai\/learn-azerbaijani\/\">azerba\u00efdjanais<\/a> ? En tant que langue officielle de l\u2019Azerba\u00efdjan et parl\u00e9e par des millions de personnes dans la r\u00e9gion du Caucase, l\u2019azerba\u00efdjanais est une langue unique et fascinante. Avec une histoire riche, une culture diversifi\u00e9e et un m\u00e9lange d\u2019influences des langues turque, <a href=\"https:\/\/talkpal.ai\/learn-russian\/\">russe<\/a> et persane, l\u2019azerba\u00efdjanais offre une exp\u00e9rience linguistique unique. Mais n\u2019ayez crainte, mon <a href=\"https:\/\/talkpal.ai\/locations\/language-courses-in-ami\/\">ami<\/a> ! Dans cet article, nous allons d\u00e9couvrir les merveilles de la grammaire azerba\u00efdjanaise, la rendant accessible et, oserais-je dire, agr\u00e9able pour les amateurs de langues comme vous.<\/p>\n\n\n\n<p><strong>Commen\u00e7ons, voulez-vous ?<\/strong><\/p>\n\n\n\n<h3 class=\"wp-block-heading\" id=\"h-1-the-azerbaijani-alphabet-a-fusion-of-beauty-and-simplicity\">1. L\u2019alphabet azerba\u00efdjanais : une fusion de beaut\u00e9 et de simplicit\u00e9<\/h3>\n\n\n\n<p>L\u2019alphabet azerba\u00efdjanais est bas\u00e9 sur l\u2019alphabet latin, compos\u00e9 de 32 lettres. Ne vous inqui\u00e9tez pas, vous n&rsquo;aurez pas \u00e0 d\u00e9chiffrer des caract\u00e8res cryptiques, car il ressemble beaucoup \u00e0 l&rsquo;alphabet <a href=\"https:\/\/talkpal.ai\/learn-english-with-ai\/\">anglais<\/a>. Certaines lettres, cependant, poss\u00e8dent des accents et des signes diacritiques uniques pour repr\u00e9senter des sons azerba\u00efdjanais sp\u00e9cifiques. Quel est le principal enseignement \u00e0 en tirer ? La ma\u00eetrise de l\u2019alphabet est la premi\u00e8re petite mais essentielle \u00e9tape de l\u2019apprentissage de la langue.<\/p>\n\n\n\n<h3 class=\"wp-block-heading\" id=\"h-2-word-order-simple-as-s-o-v\">2. L\u2019ordre des mots : simple comme bonjour !<\/h3>\n\n\n\n<p>Contrairement \u00e0 l\u2019anglais, qui suit un ordre de mots sujet-verbe-objet (SVO), l\u2019azerba\u00efdjanais est une langue SOV. Cela signifie que vous trouverez g\u00e9n\u00e9ralement le sujet au d\u00e9but d\u2019une phrase, suivi de l\u2019objet et se terminant par le verbe. Cela peut sembler un peu \u00e9trange au d\u00e9but, mais croyez-moi, vous vous y ferez en un rien de <a href=\"https:\/\/talkpal.ai\/zh-hans\/grammar_exercises\/temps-%e6%b3%95%e8%af%ad%e8%af%ad%e6%b3%95%e7%bb%83%e4%b9%a0\/\">temps<\/a> ! Par exemple, en anglais, nous disons \u00ab\u00a0I love Azerbaijan\u00a0\u00bb. En azerba\u00efdjanais, la phrase serait \u00ab\u00a0M\u0259n Az\u0259rbaycan\u0131 sevir\u0259m\u00a0\u00bb (litt\u00e9ralement, \u00ab\u00a0J&rsquo;aime l&rsquo;Azerba\u00efdjan\u00a0\u00bb). C\u2019est un jeu d\u2019enfant, n\u2019est-ce pas ?<\/p>\n\n\n\n<h3 class=\"wp-block-heading\" id=\"h-3-noun-cases-a-colorful-display-of-linguistic-variety\">3. Les cas nominaux : un affichage color\u00e9 de la vari\u00e9t\u00e9 linguistique<\/h3>\n\n\n\n<p>L\u2019une des caract\u00e9ristiques les plus frappantes de la grammaire azerba\u00efdjanaise est la casse des noms. Le langage comporte six cas distincts, chacun remplissant une fonction sp\u00e9cifique. Il s\u2019agit du nominatif, du g\u00e9nitif, du datif, de l\u2019accusatif, du locatif et de l\u2019ablatif. Cela peut sembler intimidant, mais n\u2019ayez crainte\u00a0! Tout comme peindre une image avec diff\u00e9rentes couleurs, ces \u00e9tuis ajoutent de la profondeur et du <a href=\"https:\/\/talkpal.ai\/locations\/language-courses-in-sens\/\">sens<\/a> \u00e0 vos phrases. Par exemple, \u00ab\u00a0kitab\u00a0\u00bb (livre) peut se transformer en \u00ab\u00a0kitab\u0131n\u00a0\u00bb (du livre) pour exprimer la possession. En vous familiarisant progressivement avec ces cas, vous commencerez \u00e0 appr\u00e9cier leur importance dans la langue.<\/p>\n\n\n\n<h3 class=\"wp-block-heading\" id=\"h-4-verb-conjugation-express-yourself-with-ease\">4. Conjugaison des verbes : Exprimez-vous avec aisance<\/h3>\n\n\n\n<p>Les verbes azerba\u00efdjanais sont riches et expressifs, ce qui vous permet de transmettre un large \u00e9ventail d\u2019actions, d\u2019\u00e9motions, d\u2019intentions, etc. La cl\u00e9 pour ma\u00eetriser la conjugaison des verbes azerba\u00efdjanais r\u00e9side dans la compr\u00e9hension de la forme infinitive (la forme de base non conjugu\u00e9e du verbe) et des divers suffixes qui indiquent le temps, la personne et le nombre. Par exemple, l&rsquo;infinitif \u00ab\u00a0g\u00f6rm\u0259k\u00a0\u00bb (voir) peut devenir \u00ab\u00a0g\u00f6r\u00fcr\u0259m\u00a0\u00bb (je vois) ou \u00ab\u00a0g\u00f6rd\u00fcm\u00a0\u00bb (j&rsquo;ai vu) par la magie de la conjugaison. C&rsquo;est en forgeant qu&rsquo;on devient forgeron, alors pers\u00e9v\u00e9rez et vous deviendrez un as de la conjugaison en un rien de temps !<\/p>\n\n\n\n<h3 class=\"wp-block-heading\" id=\"h-5-it-s-all-about-the-context-dig-deep-into-the-azerbaijani-mindset\">5. Tout est dans le contexte : Plongez dans la mentalit\u00e9 azerba\u00efdjanaise !<\/h3>\n\n\n\n<p>Lorsque vous commencez \u00e0 assembler des phrases et \u00e0 vous immerger dans la langue azerba\u00efdjanaise, gardez toujours \u00e0 l\u2019esprit que le contexte est crucial. La culture, l\u2019histoire et la vision du monde azerba\u00efdjanaises jouent un r\u00f4le important dans la formation de la langue. C&rsquo;est pourquoi, comme on dit, \u00ab\u00a0quand on est \u00e0 Rome, on fait comme les Romains\u00a0\u00bb. Plongez dans l\u2019\u00e9tat d\u2019esprit azerba\u00efdjanais pour avoir une v\u00e9ritable id\u00e9e de la langue. \u00c9changez avec des locuteurs natifs, explorez la litt\u00e9rature locale et adoptez les particularit\u00e9s de la langue. Croyez-moi, non seulement vous am\u00e9liorerez vos comp\u00e9tences linguistiques, mais vous vivrez des exp\u00e9riences et des souvenirs inoubliables.<\/p>\n\n\n\n<p>En conclusion, la grammaire azerba\u00efdjanaise peut sembler difficile au d\u00e9but, mais avec de l&rsquo;application, de la pratique et un vif int\u00e9r\u00eat pour la culture, vous deviendrez un pro en un rien de temps ! Alors, pourquoi attendre ? Sautez le pas et embarquez dans cette aventure linguistique passionnante qui vous laissera bouche b\u00e9e devant la beaut\u00e9 et la profondeur de la langue azerba\u00efdjanaise.<\/p>\n<\/div><\/div>\n\r\n<section class=\"learnNavigationSection\">\r\n            \r\n        <a href=\"https:\/\/talkpal.ai\/fr\/apprendre-lazerbaidjanais\/\">\r\n            <div class=\"learnNavigationWrapper\">\r\n                <div class=\"learnNavigationContent\">\r\n                    <img decoding=\"async\" src=\"https:\/\/talkpal.ai\/wp-content\/uploads\/2024\/08\/Azerbaijani.jpg\" alt=\"Azerbaijani Flag\">\r\n                    <div>\r\n                        <h4>A propos de l&#039;apprentissage de l&#039;azerba\u00efdjanais<\/h4>\r\n                        <p>Tout savoir sur la grammaire azerba\u00efdjanaise.<\/p>\r\n                    <\/div>\r\n                <\/div>\r\n            <\/div>\r\n        <\/a>\r\n\r\n        \r\n        <a href=\"https:\/\/talkpal.ai\/fr\/exercices-de-grammaire-azerbaidjanaise\/\">\r\n            <div class=\"learnNavigationWrapper\">\r\n                <div class=\"learnNavigationContent\">\r\n                    <img decoding=\"async\" src=\"https:\/\/talkpal.ai\/wp-content\/uploads\/2024\/08\/Azerbaijani.jpg\" alt=\"Azerbaijani Flag\">\r\n                    <div>\r\n                        <h4>Exercice de grammaire azerba\u00efdjanaise<\/h4>\r\n                        <p>Pratiquez la grammaire azerba\u00efdjanaise.<\/p>\r\n                    <\/div>\r\n                <\/div>\r\n            <\/div>\r\n        <\/a>\r\n\r\n        \r\n        <a href=\"https:\/\/talkpal.ai\/vocabulary_language\/azerbaijani\/\">\r\n            <div class=\"learnNavigationWrapper\">\r\n                <div class=\"learnNavigationContent\">\r\n                    <img decoding=\"async\" src=\"https:\/\/talkpal.ai\/wp-content\/uploads\/2024\/08\/Azerbaijani.jpg\" alt=\"Azerbaijani Flag\">\r\n                    <div>\r\n                        <h4>Vocabulaire azerba\u00efdjanais<\/h4>\r\n                        <p>\u00c9largissez votre vocabulaire azerba\u00efdjanais.<\/p>\r\n                    <\/div>\r\n                <\/div>\r\n            <\/div>\r\n        <\/a>\r\n\r\n            <\/section>","protected":false},"excerpt":{"rendered":"<p>Un guide complet de la grammaire azerba\u00efdjanaise Avez-vous d\u00e9j\u00e0 pens\u00e9 \u00e0 apprendre l\u2019azerba\u00efdjanais ? En tant que langue officielle de l\u2019Azerba\u00efdjan et parl\u00e9e par des millions de personnes dans la r\u00e9gion du Caucase, l\u2019azerba\u00efdjanais est une langue unique et fascinante. Avec une histoire riche, une culture diversifi\u00e9e et un m\u00e9lange d\u2019influences des langues turque, russe [&hellip;]<\/p>\n","protected":false},"author":1,"featured_media":28156,"parent":0,"menu_order":0,"comment_status":"closed","ping_status":"closed","template":"LearningContentPage.php","meta":{"_acf_changed":false,"footnotes":""},"class_list":["post-74203","page","type-page","status-publish","has-post-thumbnail","hentry"],"acf":[],"yoast_head":"<!-- This site is optimized with the Yoast SEO Premium plugin v27.2 (Yoast SEO v27.2) - https:\/\/yoast.com\/product\/yoast-seo-premium-wordpress\/ -->\n<title>Grammaire azerba\u00efdjanaise - Talkpal<\/title>\n<meta name=\"description\" content=\"Ma\u00eetrisez la grammaire azerba\u00efdjanaise sans effort avec Talkpalvotre tuteur dot\u00e9 d&#039;une intelligence artificielle. D\u00e9couvrez des explications simples, des exercices interactifs et des conseils pratiques.\" \/>\n<meta name=\"robots\" content=\"index, follow, max-snippet:-1, max-image-preview:large, max-video-preview:-1\" \/>\n<link rel=\"canonical\" href=\"https:\/\/talkpal.ai\/fr\/grammaire-azerbaidjanaise\/\" \/>\n<meta property=\"og:locale\" content=\"fr_FR\" \/>\n<meta property=\"og:type\" content=\"article\" \/>\n<meta property=\"og:title\" content=\"Grammaire azerba\u00efdjanaise\" \/>\n<meta property=\"og:description\" content=\"Un guide complet de la grammaire azerba\u00efdjanaise Avez-vous d\u00e9j\u00e0 pens\u00e9 \u00e0 apprendre l\u2019azerba\u00efdjanais ? En tant que langue officielle de l\u2019Azerba\u00efdjan et\" \/>\n<meta property=\"og:url\" content=\"https:\/\/talkpal.ai\/fr\/grammaire-azerbaidjanaise\/\" \/>\n<meta property=\"og:site_name\" content=\"Talkpal\" \/>\n<meta property=\"article:publisher\" content=\"https:\/\/www.facebook.com\/profile.php?id=100090733639311\" \/>\n<meta property=\"article:modified_time\" content=\"2025-05-22T08:22:59+00:00\" \/>\n<meta property=\"og:image\" content=\"https:\/\/talkpal.ai\/wp-content\/uploads\/2023\/05\/azerbaijan.png\" \/>\n\t<meta property=\"og:image:width\" content=\"512\" \/>\n\t<meta property=\"og:image:height\" content=\"512\" \/>\n\t<meta property=\"og:image:type\" content=\"image\/png\" \/>\n<meta name=\"twitter:card\" content=\"summary_large_image\" \/>\n<meta name=\"twitter:site\" content=\"@talkpalai\" \/>\n<meta name=\"twitter:label1\" content=\"Dur\u00e9e de lecture estim\u00e9e\" \/>\n\t<meta name=\"twitter:data1\" content=\"4 minutes\" \/>\n<script type=\"application\/ld+json\" class=\"yoast-schema-graph\">{\"@context\":\"https:\/\/schema.org\",\"@graph\":[{\"@type\":\"WebPage\",\"@id\":\"https:\/\/talkpal.ai\/fr\/grammaire-azerbaidjanaise\/\",\"url\":\"https:\/\/talkpal.ai\/fr\/grammaire-azerbaidjanaise\/\",\"name\":\"Grammaire azerba\u00efdjanaise - Talkpal\",\"isPartOf\":{\"@id\":\"https:\/\/talkpal.ai\/fr\/#website\"},\"primaryImageOfPage\":{\"@id\":\"https:\/\/talkpal.ai\/fr\/grammaire-azerbaidjanaise\/#primaryimage\"},\"image\":{\"@id\":\"https:\/\/talkpal.ai\/fr\/grammaire-azerbaidjanaise\/#primaryimage\"},\"thumbnailUrl\":\"https:\/\/talkpal.ai\/wp-content\/uploads\/2023\/05\/azerbaijan.png\",\"datePublished\":\"2023-05-14T13:53:48+00:00\",\"dateModified\":\"2025-05-22T08:22:59+00:00\",\"description\":\"Ma\u00eetrisez la grammaire azerba\u00efdjanaise sans effort avec Talkpalvotre tuteur dot\u00e9 d'une intelligence artificielle. D\u00e9couvrez des explications simples, des exercices interactifs et des conseils pratiques.\",\"breadcrumb\":{\"@id\":\"https:\/\/talkpal.ai\/fr\/grammaire-azerbaidjanaise\/#breadcrumb\"},\"inLanguage\":\"fr-FR\",\"potentialAction\":[{\"@type\":\"ReadAction\",\"target\":[\"https:\/\/talkpal.ai\/fr\/grammaire-azerbaidjanaise\/\"]}]},{\"@type\":\"ImageObject\",\"inLanguage\":\"fr-FR\",\"@id\":\"https:\/\/talkpal.ai\/fr\/grammaire-azerbaidjanaise\/#primaryimage\",\"url\":\"https:\/\/talkpal.ai\/wp-content\/uploads\/2023\/05\/azerbaijan.png\",\"contentUrl\":\"https:\/\/talkpal.ai\/wp-content\/uploads\/2023\/05\/azerbaijan.png\",\"width\":512,\"height\":512},{\"@type\":\"BreadcrumbList\",\"@id\":\"https:\/\/talkpal.ai\/fr\/grammaire-azerbaidjanaise\/#breadcrumb\",\"itemListElement\":[{\"@type\":\"ListItem\",\"position\":1,\"name\":\"Homepage\",\"item\":\"https:\/\/talkpal.ai\/fr\/\"},{\"@type\":\"ListItem\",\"position\":2,\"name\":\"Grammaire azerba\u00efdjanaise\"}]},{\"@type\":\"WebSite\",\"@id\":\"https:\/\/talkpal.ai\/fr\/#website\",\"url\":\"https:\/\/talkpal.ai\/fr\/\",\"name\":\"Talkpal\",\"description\":\"AI Language Learning\",\"publisher\":{\"@id\":\"https:\/\/talkpal.ai\/fr\/#organization\"},\"alternateName\":\"Talkpal AI\",\"potentialAction\":[{\"@type\":\"SearchAction\",\"target\":{\"@type\":\"EntryPoint\",\"urlTemplate\":\"https:\/\/talkpal.ai\/fr\/?s={search_term_string}\"},\"query-input\":{\"@type\":\"PropertyValueSpecification\",\"valueRequired\":true,\"valueName\":\"search_term_string\"}}],\"inLanguage\":\"fr-FR\"},{\"@type\":\"Organization\",\"@id\":\"https:\/\/talkpal.ai\/fr\/#organization\",\"name\":\"Talkpal, Inc.\",\"alternateName\":\"Talkpal AI\",\"url\":\"https:\/\/talkpal.ai\/fr\/\",\"logo\":{\"@type\":\"ImageObject\",\"inLanguage\":\"fr-FR\",\"@id\":\"https:\/\/talkpal.ai\/fr\/#\/schema\/logo\/image\/\",\"url\":\"https:\/\/talkpal.ai\/wp-content\/uploads\/2024\/03\/Talkpal-Logo-Icon.png\",\"contentUrl\":\"https:\/\/talkpal.ai\/wp-content\/uploads\/2024\/03\/Talkpal-Logo-Icon.png\",\"width\":2880,\"height\":2880,\"caption\":\"Talkpal, Inc.\"},\"image\":{\"@id\":\"https:\/\/talkpal.ai\/fr\/#\/schema\/logo\/image\/\"},\"sameAs\":[\"https:\/\/www.facebook.com\/profile.php?id=100090733639311\",\"https:\/\/x.com\/talkpalai\",\"https:\/\/www.linkedin.com\/company\/talkpal\/\",\"https:\/\/www.youtube.com\/@TalkPal\/\",\"https:\/\/www.tiktok.com\/@talkpal\",\"https:\/\/www.instagram.com\/talkpal_ai\/\",\"https:\/\/www.crunchbase.com\/organization\/talkpal-9cde\",\"https:\/\/www.g2.com\/products\/talkpal-for-business\/\",\"https:\/\/www.trustpilot.com\/review\/talkpal.ai\",\"https:\/\/www.capterra.com\/p\/10006800\/TalkPal\/\"],\"description\":\"Talkpal is a language learning web and mobile education app, powered by the latest AI technologies, that provides engaging experiences to its customers in many different languages to help them improve their language skills. Users can chat about unlimited amount of topics with the app and use other modes to practice their language learning.\",\"email\":\"support@talkpal.ai\",\"legalName\":\"Talkpal, Inc.\",\"foundingDate\":\"2023-04-03\",\"duns\":\"118989042\",\"numberOfEmployees\":{\"@type\":\"QuantitativeValue\",\"minValue\":\"11\",\"maxValue\":\"50\"},\"publishingPrinciples\":\"https:\/\/talkpal.ai\/publishing-principles\/\",\"actionableFeedbackPolicy\":\"https:\/\/talkpal.ai\/actionable-feedback-policy\/\",\"correctionsPolicy\":\"https:\/\/talkpal.ai\/corrections-policy\/\",\"ethicsPolicy\":\"https:\/\/talkpal.ai\/ethics-policy\/\",\"diversityPolicy\":\"https:\/\/talkpal.ai\/diversity-policy\/\",\"diversityStaffingReport\":\"https:\/\/talkpal.ai\/diversity-policy\/\"}]}<\/script>\n<!-- \/ Yoast SEO Premium plugin. -->","yoast_head_json":{"title":"Grammaire azerba\u00efdjanaise - Talkpal","description":"Ma\u00eetrisez la grammaire azerba\u00efdjanaise sans effort avec Talkpalvotre tuteur dot\u00e9 d'une intelligence artificielle. D\u00e9couvrez des explications simples, des exercices interactifs et des conseils pratiques.","robots":{"index":"index","follow":"follow","max-snippet":"max-snippet:-1","max-image-preview":"max-image-preview:large","max-video-preview":"max-video-preview:-1"},"canonical":"https:\/\/talkpal.ai\/fr\/grammaire-azerbaidjanaise\/","og_locale":"fr_FR","og_type":"article","og_title":"Grammaire azerba\u00efdjanaise","og_description":"Un guide complet de la grammaire azerba\u00efdjanaise Avez-vous d\u00e9j\u00e0 pens\u00e9 \u00e0 apprendre l\u2019azerba\u00efdjanais ? En tant que langue officielle de l\u2019Azerba\u00efdjan et","og_url":"https:\/\/talkpal.ai\/fr\/grammaire-azerbaidjanaise\/","og_site_name":"Talkpal","article_publisher":"https:\/\/www.facebook.com\/profile.php?id=100090733639311","article_modified_time":"2025-05-22T08:22:59+00:00","og_image":[{"width":512,"height":512,"url":"https:\/\/talkpal.ai\/wp-content\/uploads\/2023\/05\/azerbaijan.png","type":"image\/png"}],"twitter_card":"summary_large_image","twitter_site":"@talkpalai","twitter_misc":{"Dur\u00e9e de lecture estim\u00e9e":"4 minutes"},"schema":{"@context":"https:\/\/schema.org","@graph":[{"@type":"WebPage","@id":"https:\/\/talkpal.ai\/fr\/grammaire-azerbaidjanaise\/","url":"https:\/\/talkpal.ai\/fr\/grammaire-azerbaidjanaise\/","name":"Grammaire azerba\u00efdjanaise - Talkpal","isPartOf":{"@id":"https:\/\/talkpal.ai\/fr\/#website"},"primaryImageOfPage":{"@id":"https:\/\/talkpal.ai\/fr\/grammaire-azerbaidjanaise\/#primaryimage"},"image":{"@id":"https:\/\/talkpal.ai\/fr\/grammaire-azerbaidjanaise\/#primaryimage"},"thumbnailUrl":"https:\/\/talkpal.ai\/wp-content\/uploads\/2023\/05\/azerbaijan.png","datePublished":"2023-05-14T13:53:48+00:00","dateModified":"2025-05-22T08:22:59+00:00","description":"Ma\u00eetrisez la grammaire azerba\u00efdjanaise sans effort avec Talkpalvotre tuteur dot\u00e9 d'une intelligence artificielle. D\u00e9couvrez des explications simples, des exercices interactifs et des conseils pratiques.","breadcrumb":{"@id":"https:\/\/talkpal.ai\/fr\/grammaire-azerbaidjanaise\/#breadcrumb"},"inLanguage":"fr-FR","potentialAction":[{"@type":"ReadAction","target":["https:\/\/talkpal.ai\/fr\/grammaire-azerbaidjanaise\/"]}]},{"@type":"ImageObject","inLanguage":"fr-FR","@id":"https:\/\/talkpal.ai\/fr\/grammaire-azerbaidjanaise\/#primaryimage","url":"https:\/\/talkpal.ai\/wp-content\/uploads\/2023\/05\/azerbaijan.png","contentUrl":"https:\/\/talkpal.ai\/wp-content\/uploads\/2023\/05\/azerbaijan.png","width":512,"height":512},{"@type":"BreadcrumbList","@id":"https:\/\/talkpal.ai\/fr\/grammaire-azerbaidjanaise\/#breadcrumb","itemListElement":[{"@type":"ListItem","position":1,"name":"Homepage","item":"https:\/\/talkpal.ai\/fr\/"},{"@type":"ListItem","position":2,"name":"Grammaire azerba\u00efdjanaise"}]},{"@type":"WebSite","@id":"https:\/\/talkpal.ai\/fr\/#website","url":"https:\/\/talkpal.ai\/fr\/","name":"Talkpal","description":"AI Language Learning","publisher":{"@id":"https:\/\/talkpal.ai\/fr\/#organization"},"alternateName":"Talkpal AI","potentialAction":[{"@type":"SearchAction","target":{"@type":"EntryPoint","urlTemplate":"https:\/\/talkpal.ai\/fr\/?s={search_term_string}"},"query-input":{"@type":"PropertyValueSpecification","valueRequired":true,"valueName":"search_term_string"}}],"inLanguage":"fr-FR"},{"@type":"Organization","@id":"https:\/\/talkpal.ai\/fr\/#organization","name":"Talkpal, Inc.","alternateName":"Talkpal AI","url":"https:\/\/talkpal.ai\/fr\/","logo":{"@type":"ImageObject","inLanguage":"fr-FR","@id":"https:\/\/talkpal.ai\/fr\/#\/schema\/logo\/image\/","url":"https:\/\/talkpal.ai\/wp-content\/uploads\/2024\/03\/Talkpal-Logo-Icon.png","contentUrl":"https:\/\/talkpal.ai\/wp-content\/uploads\/2024\/03\/Talkpal-Logo-Icon.png","width":2880,"height":2880,"caption":"Talkpal, Inc."},"image":{"@id":"https:\/\/talkpal.ai\/fr\/#\/schema\/logo\/image\/"},"sameAs":["https:\/\/www.facebook.com\/profile.php?id=100090733639311","https:\/\/x.com\/talkpalai","https:\/\/www.linkedin.com\/company\/talkpal\/","https:\/\/www.youtube.com\/@TalkPal\/","https:\/\/www.tiktok.com\/@talkpal","https:\/\/www.instagram.com\/talkpal_ai\/","https:\/\/www.crunchbase.com\/organization\/talkpal-9cde","https:\/\/www.g2.com\/products\/talkpal-for-business\/","https:\/\/www.trustpilot.com\/review\/talkpal.ai","https:\/\/www.capterra.com\/p\/10006800\/TalkPal\/"],"description":"Talkpal is a language learning web and mobile education app, powered by the latest AI technologies, that provides engaging experiences to its customers in many different languages to help them improve their language skills. Users can chat about unlimited amount of topics with the app and use other modes to practice their language learning.","email":"support@talkpal.ai","legalName":"Talkpal, Inc.","foundingDate":"2023-04-03","duns":"118989042","numberOfEmployees":{"@type":"QuantitativeValue","minValue":"11","maxValue":"50"},"publishingPrinciples":"https:\/\/talkpal.ai\/publishing-principles\/","actionableFeedbackPolicy":"https:\/\/talkpal.ai\/actionable-feedback-policy\/","correctionsPolicy":"https:\/\/talkpal.ai\/corrections-policy\/","ethicsPolicy":"https:\/\/talkpal.ai\/ethics-policy\/","diversityPolicy":"https:\/\/talkpal.ai\/diversity-policy\/","diversityStaffingReport":"https:\/\/talkpal.ai\/diversity-policy\/"}]}},"_links":{"self":[{"href":"https:\/\/talkpal.ai\/fr\/wp-json\/wp\/v2\/pages\/74203","targetHints":{"allow":["GET"]}}],"collection":[{"href":"https:\/\/talkpal.ai\/fr\/wp-json\/wp\/v2\/pages"}],"about":[{"href":"https:\/\/talkpal.ai\/fr\/wp-json\/wp\/v2\/types\/page"}],"author":[{"embeddable":true,"href":"https:\/\/talkpal.ai\/fr\/wp-json\/wp\/v2\/users\/1"}],"replies":[{"embeddable":true,"href":"https:\/\/talkpal.ai\/fr\/wp-json\/wp\/v2\/comments?post=74203"}],"version-history":[{"count":0,"href":"https:\/\/talkpal.ai\/fr\/wp-json\/wp\/v2\/pages\/74203\/revisions"}],"wp:featuredmedia":[{"embeddable":true,"href":"https:\/\/talkpal.ai\/fr\/wp-json\/wp\/v2\/media\/28156"}],"wp:attachment":[{"href":"https:\/\/talkpal.ai\/fr\/wp-json\/wp\/v2\/media?parent=74203"}],"curies":[{"name":"wp","href":"https:\/\/api.w.org\/{rel}","templated":true}]}}