{"id":74202,"date":"2023-05-14T14:00:56","date_gmt":"2023-05-14T14:00:56","guid":{"rendered":"http:\/\/talkpal.ai\/grammaire-catalane\/"},"modified":"2025-05-22T18:36:19","modified_gmt":"2025-05-22T18:36:19","slug":"grammaire-catalane","status":"publish","type":"page","link":"https:\/\/talkpal.ai\/fr\/grammaire-catalane\/","title":{"rendered":"Grammaire catalane"},"content":{"rendered":"\r\n\r\n\r\n<section class=\"languageChallengeSection\">\r\n    <div class=\"languageInfoWrapper\">\r\n        \r\n        <h1>Grammaire catalane<\/h1>\r\n        <p>Plongez dans le monde de la <a href=\"https:\/\/talkpal.ai\/fr\/grammar\/usage-et-contexte-en-grammaire-catalane\/\">grammaire catalane<\/a> et d\u00e9couvrez la structure unique de cette langue romane dynamique. Ma\u00eetriser les bases vous permettra de communiquer plus efficacement et d&#039;entrer en contact avec la culture catalane \u00e0 un niveau plus profond. Commencez \u00e0 apprendre la <a href=\"https:\/\/talkpal.ai\/fr\/grammar\/usage-et-contexte-en-grammaire-catalane\/\">grammaire catalane<\/a> d\u00e8s aujourd&#039;hui et faites le premier pas vers la fluidit\u00e9 !\n\n<\/p>\r\n\r\n                            <a class=\"getStartedHidden\" href=\"https:\/\/app.talkpal.ai\/fr\/signup?lng=\">Commencer<\/a>\r\n        \r\n    <\/div>\r\n\r\n    <figure>\r\n    <img decoding=\"async\" width=\"768\" height=\"768\" src=\"https:\/\/talkpal.ai\/wp-content\/uploads\/2023\/06\/catalan-768x768.png\" class=\"languageImage no-lazy\" alt=\"Default alt text\" fetchpriority=\"high\" sizes=\"(max-width: 768px) 150px, 768px\" srcset=\"https:\/\/talkpal.ai\/wp-content\/uploads\/2023\/06\/catalan-768x768.png 768w, https:\/\/talkpal.ai\/wp-content\/uploads\/2023\/06\/catalan-300x300.png 300w\" \/>\r\n    \r\n\r\n    <\/figure>\r\n\r\n            <a class=\"getStartedVisible\" href=\"https:\/\/app.talkpal.ai\/fr\/signup?lng=\">Commencer<\/a>\r\n    \r\n<\/section>\r\n        <section class=\"grammarSection\">\r\n            <div class=\"grammarLinks\">\r\n                <a href=\"https:\/\/talkpal.ai\/fr\/language\/adjectifs-grammaire-catalane\/\">Adjectifs <\/a><a href=\"https:\/\/talkpal.ai\/fr\/language\/adverbes-grammaire-catalane\/\">Adverbes <\/a><a href=\"https:\/\/talkpal.ai\/fr\/language\/articles-grammaire-catalane\/\">Articles <\/a><a href=\"https:\/\/talkpal.ai\/fr\/language\/comparaison-des-temps-grammaire-catalane\/\">Comparaison des temps <\/a><a href=\"https:\/\/talkpal.ai\/fr\/language\/conditionnels-grammaire-catalane\/\">Conditionnels <\/a><a href=\"https:\/\/talkpal.ai\/fr\/language\/noms-grammaire-catalane\/\">Noms <\/a><a href=\"https:\/\/talkpal.ai\/fr\/language\/phrases-grammaire-catalane\/\">Phrases <\/a><a href=\"https:\/\/talkpal.ai\/fr\/language\/prepositions-grammaire-catalane\/\">Pr\u00e9positions <\/a><a href=\"https:\/\/talkpal.ai\/fr\/language\/progressif-grammaire-catalane\/\">Progressif <\/a><a href=\"https:\/\/talkpal.ai\/fr\/language\/progressif-parfait-grammaire-catalane\/\">Progressif parfait <\/a><a href=\"https:\/\/talkpal.ai\/fr\/language\/pronoms-determinants-grammaire-catalane\/\">Pronoms\/D\u00e9terminants <\/a><a href=\"https:\/\/talkpal.ai\/fr\/language\/temps-grammaire-catalane\/\">Temps <\/a><a href=\"https:\/\/talkpal.ai\/fr\/language\/verbes-grammaire-catalane\/\">Verbes <\/a>            <\/div>\r\n        <\/section>\r\n    <section class=\"promotionalBanner\">\r\n    <p class=\"promotionalText\">La fa\u00e7on la plus efficace d\u2019apprendre une langue<\/p>\r\n    <a class=\"promotionalLink\" href=\"https:\/\/app.talkpal.ai\/fr\/signup?lng=\">Essayez Talkpal gratuitement<\/a>\r\n<\/section>\n<div class=\"wp-block-group pageContainerStyle\"><div class=\"wp-block-group__inner-container is-layout-constrained wp-block-group-is-layout-constrained\">\n<h2 class=\"wp-block-heading\" id=\"h-catalan-grammar-a-quick-guide-for-language-enthusiasts\">Grammaire catalane : un guide rapide pour les amateurs de langues<\/h2>\n\n\n\n<p>Avez-vous l\u2019intention d\u2019apprendre le <a href=\"https:\/\/talkpal.ai\/learn-catalan\/\">catalan<\/a> ou \u00eates-vous simplement curieux de conna\u00eetre cette belle langue romane ? Ne cherchez pas plus loin ! Nous vous proposons de faire un rapide tour d&rsquo;horizon de la grammaire catalane et de vous en donner les bases. Plongeons dans cette charmante langue et explorons son fonctionnement au niveau grammatical.<\/p>\n\n\n\n<p>Le catalan, parl\u00e9 par environ 10 millions de personnes principalement en Catalogne, \u00e0 <a href=\"https:\/\/talkpal.ai\/locations\/language-courses-in-valence\/\">Valence<\/a> et dans les \u00eeles Bal\u00e9ares, pr\u00e9sente un m\u00e9lange unique d\u2019influences latines, espagnoles et fran\u00e7aises. Tout comme vous et moi, les langues s\u2019enrichissent encore en empruntant diff\u00e9rentes nuances les unes aux autres au fil du <a href=\"https:\/\/talkpal.ai\/zh-hans\/grammar_exercises\/temps-%e6%b3%95%e8%af%ad%e8%af%ad%e6%b3%95%e7%bb%83%e4%b9%a0\/\">temps<\/a>. Comme c\u2019est excitant !<\/p>\n\n\n\n<p><strong>Maintenant, apprenons quelques aspects de base de la grammaire catalane :<\/strong><\/p>\n\n\n\n<h3 class=\"wp-block-heading\" id=\"h-1-nouns-and-gender\">1. Noms et genre :<\/h3>\n\n\n\n<p>Chantez avec moi : \u00ab\u00a0Chaque nom a du pouvoir\u00a0\u00bb ! Comme dans les autres langues romanes, les noms catalans sont soit masculins, soit f\u00e9minins, et ce \u00ab\u00a0genre\u00a0\u00bb influe sur la fa\u00e7on dont ils sont utilis\u00e9s avec les articles et les adjectifs. Ne vous inqui\u00e9tez pas ! La plupart du temps, les noms qui se terminent par \u00ab\u00a0-a\u00a0\u00bb sont f\u00e9minins, tandis que ceux qui se terminent par \u00ab\u00a0-o\u00a0\u00bb (ou d&rsquo;autres consonnes) sont masculins. Cependant, faites attention aux exceptions &#8211; ils adorent se faufiler sur vous !<\/p>\n\n\n\n<h3 class=\"wp-block-heading\" id=\"h-2-articles\">2. Articles:<\/h3>\n\n\n\n<p>La vie serait ennuyeuse sans articles, <a href=\"https:\/\/talkpal.ai\/culture\/how-do-i-use-nest-ce-pas-to-confirm-information\/\">n&rsquo;est-ce pas<\/a> ? En catalan, nous avons des <a href=\"https:\/\/talkpal.ai\/fr\/grammar\/articles-definis-en-grammaire-catalane\/\">articles d\u00e9finis<\/a> pour d\u00e9signer des choses ou des personnes sp\u00e9cifiques (comme \u00ab le chien \u00bb ou \u00ab le livre \u00bb) et des articles ind\u00e9finis pour les r\u00e9f\u00e9rences g\u00e9n\u00e9rales (comme \u00ab un chien \u00bb ou \u00ab un livre \u00bb).  <\/p>\n\n\n\n<p>En catalan, les articles d\u00e9finis sont \u00ab\u00a0el\u00a0\u00bb pour les noms masculins singuliers, \u00ab\u00a0la\u00a0\u00bb pour les noms f\u00e9minins singuliers, \u00ab\u00a0els\u00a0\u00bb pour les noms masculins pluriels et \u00ab\u00a0les\u00a0\u00bb pour les noms f\u00e9minins pluriels. Les articles ind\u00e9finis, quant \u00e0 eux, sont \u00ab\u00a0un\u00a0\u00bb pour les noms masculins singuliers et \u00ab\u00a0una\u00a0\u00bb pour les noms f\u00e9minins singuliers. Au pluriel, il n\u2019y a pas d\u2019articles ind\u00e9finis sp\u00e9cifiques. C\u2019est facile, n\u2019est-ce pas ?<\/p>\n\n\n\n<h3 class=\"wp-block-heading\" id=\"h-3-adjectives\">3. Adjectifs :<\/h3>\n\n\n\n<p>Les adjectifs ajoutent de la saveur \u00e0 vos phrases en d\u00e9crivant les noms, et en catalan, ils s\u2019accordent en genre et en nombre avec les noms qu\u2019ils modifient. Dans la plupart des cas, les adjectifs se terminant par \u00ab\u00a0-o\u00a0\u00bb sont masculins et ceux se terminant par \u00ab\u00a0-a\u00a0\u00bb sont f\u00e9minins. Pour former le pluriel, remplacez \u00ab\u00a0-o\u00a0\u00bb par \u00ab\u00a0-os\u00a0\u00bb (masculin) et \u00ab\u00a0-a\u00a0\u00bb par \u00ab\u00a0-es\u00a0\u00bb (f\u00e9minin). Gardez \u00e0 l\u2019esprit que certains adjectifs ont une forme unique pour les deux sexes et que seul le marqueur pluriel change. \u00c7a a l\u2019air amusant, non ?<\/p>\n\n\n\n<h3 class=\"wp-block-heading\" id=\"h-4-verbs-and-conjugation\">4. Verbes et conjugaison :<\/h3>\n\n\n\n<p>Le c\u0153ur de chaque langue ! Les verbes en catalan sont class\u00e9s en trois groupes en fonction de leur terminaison \u00e0 l&rsquo;infinitif : \u00ab\u00a0-ar\u00a0\u00bb, \u00ab\u00a0-er\u00a0\u00bb et \u00ab\u00a0-ir\u00a0\u00bb. Chaque groupe a son propre mod\u00e8le de conjugaison pour diff\u00e9rents temps, humeurs et pronoms, tout comme danser sur des rythmes diff\u00e9rents. Le catalan poss\u00e8de \u00e9galement des verbes auxiliaires (comme \u00ab\u00a0avoir\u00a0\u00bb et \u00ab\u00a0\u00eatre\u00a0\u00bb) qui se combinent avec d&rsquo;autres verbes pour cr\u00e9er des temps compos\u00e9s et la voix passive. Alors, enfilez vos chaussures de danse et commencez \u00e0 explorer le monde vivant des verbes catalans.<\/p>\n\n\n\n<h3 class=\"wp-block-heading\" id=\"h-5-word-order\">5. Ordre des mots :<\/h3>\n\n\n\n<p>Pla\u00e7ons ces mots dans le bon ordre ! Le catalan suit g\u00e9n\u00e9ralement un ordre de mots sujet-verbe-objet (SVO), tout comme l\u2019anglais. Cependant, la flexibilit\u00e9 dans l\u2019ordre des mots est permise \u00e0 des fins d\u2019emphase ou de style. Les adjectifs viennent g\u00e9n\u00e9ralement apr\u00e8s le nom qu\u2019ils d\u00e9crivent, mais vous pouvez les voir avant le nom pour souligner leur importance. N\u2019oubliez pas que c\u2019est en forgeant qu\u2019on devient forgeron lorsqu\u2019il s\u2019agit de ma\u00eetriser l\u2019ordre des mots en catalan.<\/p>\n\n\n\n<h3 class=\"wp-block-heading\" id=\"h-6-pronouns-and-prepositions\">6. Pronoms et pr\u00e9positions :<\/h3>\n\n\n\n<p>Enfin et surtout! Le catalan a des pronoms sujets (je, tu, il, elle, etc.) et des pronoms objets (moi, tu, lui, elle, etc.), qui peuvent subir diff\u00e9rents changements en fonction de leur fonction dans une phrase. En outre, les pr\u00e9positions catalanes (telles que \u00ab\u00a0a\u00a0\u00bb, \u00ab\u00a0de\u00a0\u00bb, \u00ab\u00a0en\u00a0\u00bb, \u00ab\u00a0amb\u00a0\u00bb) vous aident \u00e0 relier les mots et les phrases et \u00e0 montrer les relations entre eux.<\/p>\n\n\n\n<p>Ouf! Vous avez maintenant acquis les bases de la grammaire catalane. Continuez \u00e0 explorer, \u00e0 poser des questions et \u00e0 pratiquer cette belle langue. N\u2019oubliez pas qu\u2019apprendre une nouvelle langue, c\u2019est comme se lancer dans un voyage passionnant. Vous aurez des hauts et des bas, mais les r\u00e9compenses en valent la peine. Bon viatge\u00a0!<\/p>\n<\/div><\/div>\n\r\n<section class=\"learnNavigationSection\">\r\n            \r\n        <a href=\"https:\/\/talkpal.ai\/fr\/apprendre-le-catalan\/\">\r\n            <div class=\"learnNavigationWrapper\">\r\n                <div class=\"learnNavigationContent\">\r\n                    <img decoding=\"async\" src=\"https:\/\/talkpal.ai\/wp-content\/uploads\/2024\/08\/Catalan.jpg\" alt=\"Catalan Flag\">\r\n                    <div>\r\n                        <h4>\u00c0 propos de Catalan Learning<\/h4>\r\n                        <p>Tout savoir sur la grammaire catalane.<\/p>\r\n                    <\/div>\r\n                <\/div>\r\n            <\/div>\r\n        <\/a>\r\n\r\n        \r\n        <a href=\"https:\/\/talkpal.ai\/fr\/exercices-de-grammaire-catalane\/\">\r\n            <div class=\"learnNavigationWrapper\">\r\n                <div class=\"learnNavigationContent\">\r\n                    <img decoding=\"async\" src=\"https:\/\/talkpal.ai\/wp-content\/uploads\/2024\/08\/Catalan.jpg\" alt=\"Catalan Flag\">\r\n                    <div>\r\n                        <h4>Exercice de grammaire catalane<\/h4>\r\n                        <p>Pratiquez la grammaire catalane.<\/p>\r\n                    <\/div>\r\n                <\/div>\r\n            <\/div>\r\n        <\/a>\r\n\r\n        \r\n        <a href=\"https:\/\/talkpal.ai\/vocabulary_language\/catalan\/\">\r\n            <div class=\"learnNavigationWrapper\">\r\n                <div class=\"learnNavigationContent\">\r\n                    <img decoding=\"async\" src=\"https:\/\/talkpal.ai\/wp-content\/uploads\/2024\/08\/Catalan.jpg\" alt=\"Catalan Flag\">\r\n                    <div>\r\n                        <h4>Vocabulaire catalan<\/h4>\r\n                        <p>\u00c9largissez votre vocabulaire catalan.<\/p>\r\n                    <\/div>\r\n                <\/div>\r\n            <\/div>\r\n        <\/a>\r\n\r\n            <\/section>","protected":false},"excerpt":{"rendered":"<p>Grammaire catalane : un guide rapide pour les amateurs de langues Avez-vous l\u2019intention d\u2019apprendre le catalan ou \u00eates-vous simplement curieux de conna\u00eetre cette belle langue romane ? Ne cherchez pas plus loin ! Nous vous proposons de faire un rapide tour d&rsquo;horizon de la grammaire catalane et de vous en donner les bases. Plongeons dans [&hellip;]<\/p>\n","protected":false},"author":1,"featured_media":56828,"parent":0,"menu_order":0,"comment_status":"closed","ping_status":"closed","template":"LearningContentPage.php","meta":{"_acf_changed":false,"footnotes":""},"class_list":["post-74202","page","type-page","status-publish","has-post-thumbnail","hentry"],"acf":[],"yoast_head":"<!-- This site is optimized with the Yoast SEO Premium plugin v27.2 (Yoast SEO v27.2) - https:\/\/yoast.com\/product\/yoast-seo-premium-wordpress\/ -->\n<title>Grammaire catalane - Talkpal<\/title>\n<meta name=\"description\" content=\"D\u00e9couvrez les bases de la grammaire catalane et commencez d\u00e8s aujourd&#039;hui votre voyage dans cette belle langue romane !\" \/>\n<meta name=\"robots\" content=\"index, follow, max-snippet:-1, max-image-preview:large, max-video-preview:-1\" \/>\n<link rel=\"canonical\" href=\"https:\/\/talkpal.ai\/fr\/grammaire-catalane\/\" \/>\n<meta property=\"og:locale\" content=\"fr_FR\" \/>\n<meta property=\"og:type\" content=\"article\" \/>\n<meta property=\"og:title\" content=\"Grammaire catalane\" \/>\n<meta property=\"og:description\" content=\"Grammaire catalane : un guide rapide pour les amateurs de langues Avez-vous l\u2019intention d\u2019apprendre le catalan ou \u00eates-vous simplement curieux de\" \/>\n<meta property=\"og:url\" content=\"https:\/\/talkpal.ai\/fr\/grammaire-catalane\/\" \/>\n<meta property=\"og:site_name\" content=\"Talkpal\" \/>\n<meta property=\"article:publisher\" content=\"https:\/\/www.facebook.com\/profile.php?id=100090733639311\" \/>\n<meta property=\"article:modified_time\" content=\"2025-05-22T18:36:19+00:00\" \/>\n<meta property=\"og:image\" content=\"https:\/\/talkpal.ai\/wp-content\/uploads\/2023\/08\/Catalan.png\" \/>\n\t<meta property=\"og:image:width\" content=\"479\" \/>\n\t<meta property=\"og:image:height\" content=\"479\" \/>\n\t<meta property=\"og:image:type\" content=\"image\/png\" \/>\n<meta name=\"twitter:card\" content=\"summary_large_image\" \/>\n<meta name=\"twitter:site\" content=\"@talkpalai\" \/>\n<meta name=\"twitter:label1\" content=\"Dur\u00e9e de lecture estim\u00e9e\" \/>\n\t<meta name=\"twitter:data1\" content=\"4 minutes\" \/>\n<script type=\"application\/ld+json\" class=\"yoast-schema-graph\">{\"@context\":\"https:\/\/schema.org\",\"@graph\":[{\"@type\":\"WebPage\",\"@id\":\"https:\/\/talkpal.ai\/fr\/grammaire-catalane\/\",\"url\":\"https:\/\/talkpal.ai\/fr\/grammaire-catalane\/\",\"name\":\"Grammaire catalane - Talkpal\",\"isPartOf\":{\"@id\":\"https:\/\/talkpal.ai\/fr\/#website\"},\"primaryImageOfPage\":{\"@id\":\"https:\/\/talkpal.ai\/fr\/grammaire-catalane\/#primaryimage\"},\"image\":{\"@id\":\"https:\/\/talkpal.ai\/fr\/grammaire-catalane\/#primaryimage\"},\"thumbnailUrl\":\"https:\/\/talkpal.ai\/wp-content\/uploads\/2023\/08\/Catalan.png\",\"datePublished\":\"2023-05-14T14:00:56+00:00\",\"dateModified\":\"2025-05-22T18:36:19+00:00\",\"description\":\"D\u00e9couvrez les bases de la grammaire catalane et commencez d\u00e8s aujourd'hui votre voyage dans cette belle langue romane !\",\"breadcrumb\":{\"@id\":\"https:\/\/talkpal.ai\/fr\/grammaire-catalane\/#breadcrumb\"},\"inLanguage\":\"fr-FR\",\"potentialAction\":[{\"@type\":\"ReadAction\",\"target\":[\"https:\/\/talkpal.ai\/fr\/grammaire-catalane\/\"]}]},{\"@type\":\"ImageObject\",\"inLanguage\":\"fr-FR\",\"@id\":\"https:\/\/talkpal.ai\/fr\/grammaire-catalane\/#primaryimage\",\"url\":\"https:\/\/talkpal.ai\/wp-content\/uploads\/2023\/08\/Catalan.png\",\"contentUrl\":\"https:\/\/talkpal.ai\/wp-content\/uploads\/2023\/08\/Catalan.png\",\"width\":479,\"height\":479},{\"@type\":\"BreadcrumbList\",\"@id\":\"https:\/\/talkpal.ai\/fr\/grammaire-catalane\/#breadcrumb\",\"itemListElement\":[{\"@type\":\"ListItem\",\"position\":1,\"name\":\"Homepage\",\"item\":\"https:\/\/talkpal.ai\/fr\/\"},{\"@type\":\"ListItem\",\"position\":2,\"name\":\"Grammaire catalane\"}]},{\"@type\":\"WebSite\",\"@id\":\"https:\/\/talkpal.ai\/fr\/#website\",\"url\":\"https:\/\/talkpal.ai\/fr\/\",\"name\":\"Talkpal\",\"description\":\"AI Language Learning\",\"publisher\":{\"@id\":\"https:\/\/talkpal.ai\/fr\/#organization\"},\"alternateName\":\"Talkpal AI\",\"potentialAction\":[{\"@type\":\"SearchAction\",\"target\":{\"@type\":\"EntryPoint\",\"urlTemplate\":\"https:\/\/talkpal.ai\/fr\/?s={search_term_string}\"},\"query-input\":{\"@type\":\"PropertyValueSpecification\",\"valueRequired\":true,\"valueName\":\"search_term_string\"}}],\"inLanguage\":\"fr-FR\"},{\"@type\":\"Organization\",\"@id\":\"https:\/\/talkpal.ai\/fr\/#organization\",\"name\":\"Talkpal, Inc.\",\"alternateName\":\"Talkpal AI\",\"url\":\"https:\/\/talkpal.ai\/fr\/\",\"logo\":{\"@type\":\"ImageObject\",\"inLanguage\":\"fr-FR\",\"@id\":\"https:\/\/talkpal.ai\/fr\/#\/schema\/logo\/image\/\",\"url\":\"https:\/\/talkpal.ai\/wp-content\/uploads\/2024\/03\/Talkpal-Logo-Icon.png\",\"contentUrl\":\"https:\/\/talkpal.ai\/wp-content\/uploads\/2024\/03\/Talkpal-Logo-Icon.png\",\"width\":2880,\"height\":2880,\"caption\":\"Talkpal, Inc.\"},\"image\":{\"@id\":\"https:\/\/talkpal.ai\/fr\/#\/schema\/logo\/image\/\"},\"sameAs\":[\"https:\/\/www.facebook.com\/profile.php?id=100090733639311\",\"https:\/\/x.com\/talkpalai\",\"https:\/\/www.linkedin.com\/company\/talkpal\/\",\"https:\/\/www.youtube.com\/@TalkPal\/\",\"https:\/\/www.tiktok.com\/@talkpal\",\"https:\/\/www.instagram.com\/talkpal_ai\/\",\"https:\/\/www.crunchbase.com\/organization\/talkpal-9cde\",\"https:\/\/www.g2.com\/products\/talkpal-for-business\/\",\"https:\/\/www.trustpilot.com\/review\/talkpal.ai\",\"https:\/\/www.capterra.com\/p\/10006800\/TalkPal\/\"],\"description\":\"Talkpal is a language learning web and mobile education app, powered by the latest AI technologies, that provides engaging experiences to its customers in many different languages to help them improve their language skills. Users can chat about unlimited amount of topics with the app and use other modes to practice their language learning.\",\"email\":\"support@talkpal.ai\",\"legalName\":\"Talkpal, Inc.\",\"foundingDate\":\"2023-04-03\",\"duns\":\"118989042\",\"numberOfEmployees\":{\"@type\":\"QuantitativeValue\",\"minValue\":\"11\",\"maxValue\":\"50\"},\"publishingPrinciples\":\"https:\/\/talkpal.ai\/publishing-principles\/\",\"actionableFeedbackPolicy\":\"https:\/\/talkpal.ai\/actionable-feedback-policy\/\",\"correctionsPolicy\":\"https:\/\/talkpal.ai\/corrections-policy\/\",\"ethicsPolicy\":\"https:\/\/talkpal.ai\/ethics-policy\/\",\"diversityPolicy\":\"https:\/\/talkpal.ai\/diversity-policy\/\",\"diversityStaffingReport\":\"https:\/\/talkpal.ai\/diversity-policy\/\"}]}<\/script>\n<!-- \/ Yoast SEO Premium plugin. -->","yoast_head_json":{"title":"Grammaire catalane - Talkpal","description":"D\u00e9couvrez les bases de la grammaire catalane et commencez d\u00e8s aujourd'hui votre voyage dans cette belle langue romane !","robots":{"index":"index","follow":"follow","max-snippet":"max-snippet:-1","max-image-preview":"max-image-preview:large","max-video-preview":"max-video-preview:-1"},"canonical":"https:\/\/talkpal.ai\/fr\/grammaire-catalane\/","og_locale":"fr_FR","og_type":"article","og_title":"Grammaire catalane","og_description":"Grammaire catalane : un guide rapide pour les amateurs de langues Avez-vous l\u2019intention d\u2019apprendre le catalan ou \u00eates-vous simplement curieux de","og_url":"https:\/\/talkpal.ai\/fr\/grammaire-catalane\/","og_site_name":"Talkpal","article_publisher":"https:\/\/www.facebook.com\/profile.php?id=100090733639311","article_modified_time":"2025-05-22T18:36:19+00:00","og_image":[{"width":479,"height":479,"url":"https:\/\/talkpal.ai\/wp-content\/uploads\/2023\/08\/Catalan.png","type":"image\/png"}],"twitter_card":"summary_large_image","twitter_site":"@talkpalai","twitter_misc":{"Dur\u00e9e de lecture estim\u00e9e":"4 minutes"},"schema":{"@context":"https:\/\/schema.org","@graph":[{"@type":"WebPage","@id":"https:\/\/talkpal.ai\/fr\/grammaire-catalane\/","url":"https:\/\/talkpal.ai\/fr\/grammaire-catalane\/","name":"Grammaire catalane - Talkpal","isPartOf":{"@id":"https:\/\/talkpal.ai\/fr\/#website"},"primaryImageOfPage":{"@id":"https:\/\/talkpal.ai\/fr\/grammaire-catalane\/#primaryimage"},"image":{"@id":"https:\/\/talkpal.ai\/fr\/grammaire-catalane\/#primaryimage"},"thumbnailUrl":"https:\/\/talkpal.ai\/wp-content\/uploads\/2023\/08\/Catalan.png","datePublished":"2023-05-14T14:00:56+00:00","dateModified":"2025-05-22T18:36:19+00:00","description":"D\u00e9couvrez les bases de la grammaire catalane et commencez d\u00e8s aujourd'hui votre voyage dans cette belle langue romane !","breadcrumb":{"@id":"https:\/\/talkpal.ai\/fr\/grammaire-catalane\/#breadcrumb"},"inLanguage":"fr-FR","potentialAction":[{"@type":"ReadAction","target":["https:\/\/talkpal.ai\/fr\/grammaire-catalane\/"]}]},{"@type":"ImageObject","inLanguage":"fr-FR","@id":"https:\/\/talkpal.ai\/fr\/grammaire-catalane\/#primaryimage","url":"https:\/\/talkpal.ai\/wp-content\/uploads\/2023\/08\/Catalan.png","contentUrl":"https:\/\/talkpal.ai\/wp-content\/uploads\/2023\/08\/Catalan.png","width":479,"height":479},{"@type":"BreadcrumbList","@id":"https:\/\/talkpal.ai\/fr\/grammaire-catalane\/#breadcrumb","itemListElement":[{"@type":"ListItem","position":1,"name":"Homepage","item":"https:\/\/talkpal.ai\/fr\/"},{"@type":"ListItem","position":2,"name":"Grammaire catalane"}]},{"@type":"WebSite","@id":"https:\/\/talkpal.ai\/fr\/#website","url":"https:\/\/talkpal.ai\/fr\/","name":"Talkpal","description":"AI Language Learning","publisher":{"@id":"https:\/\/talkpal.ai\/fr\/#organization"},"alternateName":"Talkpal AI","potentialAction":[{"@type":"SearchAction","target":{"@type":"EntryPoint","urlTemplate":"https:\/\/talkpal.ai\/fr\/?s={search_term_string}"},"query-input":{"@type":"PropertyValueSpecification","valueRequired":true,"valueName":"search_term_string"}}],"inLanguage":"fr-FR"},{"@type":"Organization","@id":"https:\/\/talkpal.ai\/fr\/#organization","name":"Talkpal, Inc.","alternateName":"Talkpal AI","url":"https:\/\/talkpal.ai\/fr\/","logo":{"@type":"ImageObject","inLanguage":"fr-FR","@id":"https:\/\/talkpal.ai\/fr\/#\/schema\/logo\/image\/","url":"https:\/\/talkpal.ai\/wp-content\/uploads\/2024\/03\/Talkpal-Logo-Icon.png","contentUrl":"https:\/\/talkpal.ai\/wp-content\/uploads\/2024\/03\/Talkpal-Logo-Icon.png","width":2880,"height":2880,"caption":"Talkpal, Inc."},"image":{"@id":"https:\/\/talkpal.ai\/fr\/#\/schema\/logo\/image\/"},"sameAs":["https:\/\/www.facebook.com\/profile.php?id=100090733639311","https:\/\/x.com\/talkpalai","https:\/\/www.linkedin.com\/company\/talkpal\/","https:\/\/www.youtube.com\/@TalkPal\/","https:\/\/www.tiktok.com\/@talkpal","https:\/\/www.instagram.com\/talkpal_ai\/","https:\/\/www.crunchbase.com\/organization\/talkpal-9cde","https:\/\/www.g2.com\/products\/talkpal-for-business\/","https:\/\/www.trustpilot.com\/review\/talkpal.ai","https:\/\/www.capterra.com\/p\/10006800\/TalkPal\/"],"description":"Talkpal is a language learning web and mobile education app, powered by the latest AI technologies, that provides engaging experiences to its customers in many different languages to help them improve their language skills. Users can chat about unlimited amount of topics with the app and use other modes to practice their language learning.","email":"support@talkpal.ai","legalName":"Talkpal, Inc.","foundingDate":"2023-04-03","duns":"118989042","numberOfEmployees":{"@type":"QuantitativeValue","minValue":"11","maxValue":"50"},"publishingPrinciples":"https:\/\/talkpal.ai\/publishing-principles\/","actionableFeedbackPolicy":"https:\/\/talkpal.ai\/actionable-feedback-policy\/","correctionsPolicy":"https:\/\/talkpal.ai\/corrections-policy\/","ethicsPolicy":"https:\/\/talkpal.ai\/ethics-policy\/","diversityPolicy":"https:\/\/talkpal.ai\/diversity-policy\/","diversityStaffingReport":"https:\/\/talkpal.ai\/diversity-policy\/"}]}},"_links":{"self":[{"href":"https:\/\/talkpal.ai\/fr\/wp-json\/wp\/v2\/pages\/74202","targetHints":{"allow":["GET"]}}],"collection":[{"href":"https:\/\/talkpal.ai\/fr\/wp-json\/wp\/v2\/pages"}],"about":[{"href":"https:\/\/talkpal.ai\/fr\/wp-json\/wp\/v2\/types\/page"}],"author":[{"embeddable":true,"href":"https:\/\/talkpal.ai\/fr\/wp-json\/wp\/v2\/users\/1"}],"replies":[{"embeddable":true,"href":"https:\/\/talkpal.ai\/fr\/wp-json\/wp\/v2\/comments?post=74202"}],"version-history":[{"count":0,"href":"https:\/\/talkpal.ai\/fr\/wp-json\/wp\/v2\/pages\/74202\/revisions"}],"wp:featuredmedia":[{"embeddable":true,"href":"https:\/\/talkpal.ai\/fr\/wp-json\/wp\/v2\/media\/56828"}],"wp:attachment":[{"href":"https:\/\/talkpal.ai\/fr\/wp-json\/wp\/v2\/media?parent=74202"}],"curies":[{"name":"wp","href":"https:\/\/api.w.org\/{rel}","templated":true}]}}