{"id":74192,"date":"2023-06-16T10:58:35","date_gmt":"2023-06-16T10:58:35","guid":{"rendered":"http:\/\/talkpal.ai\/exercices-de-grammaire-russe\/"},"modified":"2025-12-17T16:24:48","modified_gmt":"2025-12-17T16:24:48","slug":"exercices-de-grammaire-russe","status":"publish","type":"page","link":"https:\/\/talkpal.ai\/fr\/exercices-de-grammaire-russe\/","title":{"rendered":"Exercices de grammaire russe"},"content":{"rendered":"\r\n\r\n\r\n<section class=\"languageChallengeSection\">\r\n    <div class=\"languageInfoWrapper\">\r\n        \r\n        <h1>Exercices de grammaire russe<\/h1>\r\n        <p>Pr\u00eat \u00e0 renforcer vos comp\u00e9tences en <a href=\"https:\/\/talkpal.ai\/learn-russian\/\">russe<\/a> ? Pratiquer des exercices de grammaire est l&#039;un des meilleurs moyens de ma\u00eetriser la structure des phrases, la conjugaison des verbes et les r\u00e8gles uniques de la langue russe. Commencez \u00e0 explorer la <a href=\"https:\/\/talkpal.ai\/russian-grammar\/\">grammaire russe<\/a> d\u00e8s aujourd&#039;hui et observez votre compr\u00e9hension et votre aisance progresser \u00e0 chaque exercice !<\/p>\r\n\r\n                            <a class=\"getStartedHidden\" href=\"https:\/\/app.talkpal.ai\/fr\/signup?lng=\">Commencer<\/a>\r\n        \r\n    <\/div>\r\n\r\n    <figure>\r\n    <img decoding=\"async\" width=\"768\" height=\"768\" src=\"https:\/\/talkpal.ai\/wp-content\/uploads\/2023\/06\/russian-768x768.png\" class=\"languageImage no-lazy\" alt=\"Default alt text\" fetchpriority=\"high\" sizes=\"(max-width: 768px) 150px, 768px\" srcset=\"https:\/\/talkpal.ai\/wp-content\/uploads\/2023\/06\/russian-768x768.png 768w, https:\/\/talkpal.ai\/wp-content\/uploads\/2023\/06\/russian-300x300.png 300w\" \/>\r\n    \r\n\r\n    <\/figure>\r\n\r\n            <a class=\"getStartedVisible\" href=\"https:\/\/app.talkpal.ai\/fr\/signup?lng=\">Commencer<\/a>\r\n    \r\n<\/section>\r\n\r\n\r\n<!-- <section class=\"grammarSection\">\r\n    <div class=\"grammarLinks\">\r\n        <a href=\"https:\/\/talkpal.ai\/fr\/exercise_language\/adjectifs-grammaire-russe\/\">Adjectifs <\/a><a href=\"https:\/\/talkpal.ai\/fr\/exercise_language\/adverbes-grammaire-russe\/\">Adverbes <\/a><a href=\"https:\/\/talkpal.ai\/fr\/exercise_language\/articles-grammaire-russe\/\">Articles <\/a><a href=\"https:\/\/talkpal.ai\/fr\/exercise_language\/comparaison-des-temps-grammaire-russe\/\">Comparaison des temps <\/a><a href=\"https:\/\/talkpal.ai\/fr\/exercise_language\/noms-grammaire-russe\/\">Noms <\/a><a href=\"https:\/\/talkpal.ai\/fr\/exercise_language\/prepositions-grammaire-russe\/\">Pr\u00e9positions <\/a><a href=\"https:\/\/talkpal.ai\/fr\/exercise_language\/pronoms-grammaire-russe\/\">Pronoms <\/a><a href=\"https:\/\/talkpal.ai\/fr\/exercise_language\/structure-de-phrase-grammaire-russe\/\">Structure de phrase <\/a><a href=\"https:\/\/talkpal.ai\/fr\/exercise_language\/temps-indicatif-grammaire-russe\/\">Temps Indicatif <\/a><a href=\"https:\/\/talkpal.ai\/fr\/exercise_language\/temps-subjonctif-grammaire-russe\/\">Temps subjonctif <\/a><a href=\"https:\/\/talkpal.ai\/fr\/exercise_language\/verbes-grammaire-russe\/\">Verbes <\/a>    <\/div>\r\n<\/section> -->\r\n\r\n\r\n\r\n\r\n        <section class=\"grammarSection\">\r\n            <div class=\"grammarLinks\">\r\n                <a href=\"https:\/\/talkpal.ai\/fr\/exercise_language\/adjectifs-grammaire-russe\/\">Adjectifs <\/a><a href=\"https:\/\/talkpal.ai\/fr\/exercise_language\/adverbes-grammaire-russe\/\">Adverbes <\/a><a href=\"https:\/\/talkpal.ai\/fr\/exercise_language\/articles-grammaire-russe\/\">Articles <\/a><a href=\"https:\/\/talkpal.ai\/fr\/exercise_language\/comparaison-des-temps-grammaire-russe\/\">Comparaison des temps <\/a><a href=\"https:\/\/talkpal.ai\/fr\/exercise_language\/noms-grammaire-russe\/\">Noms <\/a><a href=\"https:\/\/talkpal.ai\/fr\/exercise_language\/prepositions-grammaire-russe\/\">Pr\u00e9positions <\/a><a href=\"https:\/\/talkpal.ai\/fr\/exercise_language\/pronoms-grammaire-russe\/\">Pronoms <\/a><a href=\"https:\/\/talkpal.ai\/fr\/exercise_language\/structure-de-phrase-grammaire-russe\/\">Structure de phrase <\/a><a href=\"https:\/\/talkpal.ai\/fr\/exercise_language\/temps-indicatif-grammaire-russe\/\">Temps Indicatif <\/a><a href=\"https:\/\/talkpal.ai\/fr\/exercise_language\/temps-subjonctif-grammaire-russe\/\">Temps subjonctif <\/a><a href=\"https:\/\/talkpal.ai\/fr\/exercise_language\/verbes-grammaire-russe\/\">Verbes <\/a>            <\/div>\r\n        <\/section>\r\n<section class=\"promotionalBanner\">\r\n    <p class=\"promotionalText\">La fa\u00e7on la plus efficace d\u2019apprendre une langue<\/p>\r\n    <a class=\"promotionalLink\" href=\"https:\/\/app.talkpal.ai\/fr\/signup?lng=\">Essayez Talkpal gratuitement<\/a>\r\n<\/section>\n<div class=\"wp-block-group pageContainerStyle\"><div class=\"wp-block-group__inner-container is-layout-constrained wp-block-group-is-layout-constrained\">\n<h2 class=\"wp-block-heading\" id=\"h-russian-grammar-topics\">Sujets de grammaire russe<\/h2>\n\n\n\n<p><a href=\"https:\/\/talkpal.ai\/master-the-language-top-tips-to-apprendre-le-russe-quickly-and-effectively\/\">Apprendre le russe<\/a> peut \u00eatre une exp\u00e9rience incroyablement enrichissante et intellectuellement stimulante. La langue russe n\u2019est pas seulement riche en vocabulaire et en puissance expressive, elle offre \u00e9galement une fen\u00eatre sur la culture, l\u2019histoire et la litt\u00e9rature fascinantes de la Russie et de l\u2019ex-Union sovi\u00e9tique. Lorsque vous vous lancez dans votre voyage pour <a href=\"https:\/\/talkpal.ai\/master-the-language-top-tips-to-apprendre-le-russe-quickly-and-effectively\/\">apprendre le russe<\/a>, il est important de vous familiariser avec les diff\u00e9rents sujets de grammaire qui constitueront la base de vos comp\u00e9tences linguistiques. Dans ce guide, nous donnerons un aper\u00e7u des sujets essentiels de la grammaire russe, y compris les <a href=\"https:\/\/talkpal.ai\/zh-hans\/grammar_exercises\/temps-%e6%b3%95%e8%af%ad%e8%af%ad%e6%b3%95%e7%bb%83%e4%b9%a0\/\">temps<\/a>, les verbes, les noms, les articles, les pronoms, les adjectifs, les adverbes, les pr\u00e9positions et la structure des phrases. En ma\u00eetrisant ces principes fondamentaux, vous serez sur la bonne voie pour parler couramment le russe.<\/p>\n\n\n\n<h3 class=\"wp-block-heading\" id=\"h-1-nouns\">1. Noms :<\/h3>\n\n\n\n<p>Commencez par apprendre les noms russes, car ce sont les \u00e9l\u00e9ments de base de la langue. Les noms russes ont trois genres (masculin, f\u00e9minin et neutre) et six cas (nominatif, g\u00e9nitif, datif, accusatif, instrumental et pr\u00e9positionnel). Comprendre le genre et le syst\u00e8me de cas est crucial pour l\u2019utilisation correcte des noms dans les phrases.<\/p>\n\n\n\n<h3 class=\"wp-block-heading\" id=\"h-2-pronouns\">2. Pronoms :<\/h3>\n\n\n\n<p>Une fois que vous vous \u00eates familiaris\u00e9 avec les noms, passez aux pronoms, qui remplacent les noms dans les phrases afin d&rsquo;\u00e9viter les r\u00e9p\u00e9titions. Les pronoms ont \u00e9galement un genre et un cas, et il est important d&rsquo;apprendre leurs formes et leurs usages.<\/p>\n\n\n\n<h3 class=\"wp-block-heading\" id=\"h-3-adjectives\">3. Adjectifs :<\/h3>\n\n\n\n<p>Les adjectifs d\u00e9crivent ou modifient les noms et les pronoms. Ils s\u2019accordent avec les substantifs qu\u2019ils modifient en genre, en nombre et en cas. Apprenez les diff\u00e9rentes formes et terminaisons des adjectifs pour les utiliser correctement.<\/p>\n\n\n\n<h3 class=\"wp-block-heading\" id=\"h-4-verbs\">4. Verbes :<\/h3>\n\n\n\n<p>Les verbes sont l\u2019\u00e9pine dorsale de toute phrase, car ils expriment des actions, des \u00e9tats ou des occurrences. En russe, les verbes ont deux aspects (perfectif et imperfectif) et se conjuguent selon la personne, le nombre et le temps. Familiarisez-vous avec les mod\u00e8les et les aspects de conjugaison pour former des formes verbales pr\u00e9cises.<\/p>\n\n\n\n<h3 class=\"wp-block-heading\" id=\"h-5-tenses-indicative\">5. Temps indicatifs :<\/h3>\n\n\n\n<p>Le russe a trois temps indicatifs : pass\u00e9, pr\u00e9sent et futur. Apprenez \u00e0 former et \u00e0 utiliser ces temps pour exprimer des actions et des \u00e9v\u00e9nements dans diff\u00e9rentes p\u00e9riodes.<\/p>\n\n\n\n<h3 class=\"wp-block-heading\" id=\"h-6-tenses-subjunctive\">6. Temps Subjonctif :<\/h3>\n\n\n\n<p>Le <a href=\"https:\/\/talkpal.ai\/zh-hans\/grammar_exercises\/subjonctif-%e6%b3%95%e8%af%ad%e8%af%ad%e6%b3%95%e7%bb%83%e4%b9%a0\/\">subjonctif<\/a> exprime des situations hypoth\u00e9tiques, des souhaits ou des conditions irr\u00e9elles. Apprenez \u00e0 former le subjonctif en russe et quand l\u2019utiliser dans les phrases.<\/p>\n\n\n\n<h3 class=\"wp-block-heading\" id=\"h-7-tense-comparison\">7. Comparaison tendue :<\/h3>\n\n\n\n<p>Comprendre comment comparer et contraster les actions \u00e0 diff\u00e9rents temps est essentiel pour une communication claire. Entra\u00eenez-vous \u00e0 utiliser diff\u00e9rents temps ensemble pour exprimer des pens\u00e9es et des id\u00e9es complexes.<\/p>\n\n\n\n<h3 class=\"wp-block-heading\" id=\"h-8-adverbs\">8. Adverbes :<\/h3>\n\n\n\n<p>Les adverbes modifient les verbes, les adjectifs ou d\u2019autres adverbes, fournissant des informations sur comment, quand, o\u00f9 ou dans quelle mesure une action se produit. Apprenez les adverbes russes courants et leur utilisation pour am\u00e9liorer vos phrases.<\/p>\n\n\n\n<h3 class=\"wp-block-heading\" id=\"h-9-prepositions\">9. Pr\u00e9positions :<\/h3>\n\n\n\n<p>Les pr\u00e9positions lient des noms, des pronoms ou des phrases \u00e0 d\u2019autres mots dans une phrase, indiquant des relations telles que le lieu, la direction, le temps ou le but. Familiarisez-vous avec les pr\u00e9positions russes et leurs cas correspondants pour construire des phrases grammaticalement correctes.<\/p>\n\n\n\n<h3 class=\"wp-block-heading\" id=\"h-10-sentence-structure\">10. Structure de la phrase :<\/h3>\n\n\n\n<p>Enfin, apprenez les bases de la structure des phrases russes, y compris l\u2019ordre des mots, la n\u00e9gation et la formation des questions. Comprendre comment construire correctement des phrases vous permettra de vous assurer que votre russe parl\u00e9 et \u00e9crit est clair et compr\u00e9hensible.<\/p>\n\n\n\n<p>En suivant cette s\u00e9quence et en consacrant du temps \u00e0 chaque sujet de grammaire, vous d\u00e9velopperez une base solide en russe, ce qui vous permettra de communiquer efficacement et d\u2019appr\u00e9cier la beaut\u00e9 et la profondeur de la langue.<\/p>\n<\/div><\/div>\n\r\n<section class=\"learnNavigationSection\">\r\n            \r\n        <a href=\"https:\/\/talkpal.ai\/fr\/apprendre-le-russe\/\">\r\n            <div class=\"learnNavigationWrapper\">\r\n                <div class=\"learnNavigationContent\">\r\n                    <img decoding=\"async\" src=\"https:\/\/talkpal.ai\/wp-content\/uploads\/2024\/08\/Russian.jpg\" alt=\"Russian Flag\">\r\n                    <div>\r\n                        <h4>\u00c0 propos de l&#039;apprentissage du russe<\/h4>\r\n                        <p>Tout savoir sur la grammaire russe.<\/p>\r\n                    <\/div>\r\n                <\/div>\r\n            <\/div>\r\n        <\/a>\r\n\r\n        \r\n        <a href=\"https:\/\/talkpal.ai\/fr\/grammaire-russe\/\">\r\n            <div class=\"learnNavigationWrapper\">\r\n                <div class=\"learnNavigationContent\">\r\n                    <img decoding=\"async\" src=\"https:\/\/talkpal.ai\/wp-content\/uploads\/2024\/08\/Russian.jpg\" alt=\"Russian Flag\">\r\n                    <div>\r\n                        <h4>Le\u00e7ons de grammaire russe<\/h4>\r\n                        <p>Pratiquez la grammaire russe.<\/p>\r\n                    <\/div>\r\n                <\/div>\r\n            <\/div>\r\n        <\/a>\r\n\r\n        \r\n        <a href=\"https:\/\/talkpal.ai\/vocabulary_language\/russian\/\">\r\n            <div class=\"learnNavigationWrapper\">\r\n                <div class=\"learnNavigationContent\">\r\n                    <img decoding=\"async\" src=\"https:\/\/talkpal.ai\/wp-content\/uploads\/2024\/08\/Russian.jpg\" alt=\"Russian Flag\">\r\n                    <div>\r\n                        <h4>Vocabulaire russe<\/h4>\r\n                        <p>\u00c9largissez votre vocabulaire russe.<\/p>\r\n                    <\/div>\r\n                <\/div>\r\n            <\/div>\r\n        <\/a>\r\n\r\n            <\/section>","protected":false},"excerpt":{"rendered":"<p>Sujets de grammaire russe Apprendre le russe peut \u00eatre une exp\u00e9rience incroyablement enrichissante et intellectuellement stimulante. La langue russe n\u2019est pas seulement riche en vocabulaire et en puissance expressive, elle offre \u00e9galement une fen\u00eatre sur la culture, l\u2019histoire et la litt\u00e9rature fascinantes de la Russie et de l\u2019ex-Union sovi\u00e9tique. Lorsque vous vous lancez dans votre [&hellip;]<\/p>\n","protected":false},"author":6,"featured_media":11600,"parent":0,"menu_order":0,"comment_status":"closed","ping_status":"closed","template":"LearningContentPage.php","meta":{"_acf_changed":false,"footnotes":""},"class_list":["post-74192","page","type-page","status-publish","has-post-thumbnail","hentry"],"acf":[],"yoast_head":"<!-- This site is optimized with the Yoast SEO Premium plugin v27.2 (Yoast SEO v27.2) - https:\/\/yoast.com\/product\/yoast-seo-premium-wordpress\/ -->\n<title>Exercices de grammaire russe - Talkpal<\/title>\n<meta name=\"description\" content=\"Explorez les exercices de grammaire russe essentiels pour renforcer vos comp\u00e9tences linguistiques et parvenir \u00e0 parler couramment le russe.\" \/>\n<meta name=\"robots\" content=\"index, follow, max-snippet:-1, max-image-preview:large, max-video-preview:-1\" \/>\n<link rel=\"canonical\" href=\"https:\/\/talkpal.ai\/fr\/exercices-de-grammaire-russe\/\" \/>\n<meta property=\"og:locale\" content=\"fr_FR\" \/>\n<meta property=\"og:type\" content=\"article\" \/>\n<meta property=\"og:title\" content=\"Exercices de grammaire russe\" \/>\n<meta property=\"og:description\" content=\"Sujets de grammaire russe Apprendre le russe peut \u00eatre une exp\u00e9rience incroyablement enrichissante et intellectuellement stimulante. La langue russe n\u2019est\" \/>\n<meta property=\"og:url\" content=\"https:\/\/talkpal.ai\/fr\/exercices-de-grammaire-russe\/\" \/>\n<meta property=\"og:site_name\" content=\"Talkpal\" \/>\n<meta property=\"article:publisher\" content=\"https:\/\/www.facebook.com\/profile.php?id=100090733639311\" \/>\n<meta property=\"article:modified_time\" content=\"2025-12-17T16:24:48+00:00\" \/>\n<meta property=\"og:image\" content=\"https:\/\/talkpal.ai\/wp-content\/uploads\/2023\/04\/rusia.png\" \/>\n\t<meta property=\"og:image:width\" content=\"512\" \/>\n\t<meta property=\"og:image:height\" content=\"512\" \/>\n\t<meta property=\"og:image:type\" content=\"image\/png\" \/>\n<meta name=\"twitter:card\" content=\"summary_large_image\" \/>\n<meta name=\"twitter:site\" content=\"@talkpalai\" \/>\n<meta name=\"twitter:label1\" content=\"Dur\u00e9e de lecture estim\u00e9e\" \/>\n\t<meta name=\"twitter:data1\" content=\"3 minutes\" \/>\n<script type=\"application\/ld+json\" class=\"yoast-schema-graph\">{\"@context\":\"https:\/\/schema.org\",\"@graph\":[{\"@type\":\"WebPage\",\"@id\":\"https:\/\/talkpal.ai\/fr\/exercices-de-grammaire-russe\/\",\"url\":\"https:\/\/talkpal.ai\/fr\/exercices-de-grammaire-russe\/\",\"name\":\"Exercices de grammaire russe - Talkpal\",\"isPartOf\":{\"@id\":\"https:\/\/talkpal.ai\/fr\/#website\"},\"primaryImageOfPage\":{\"@id\":\"https:\/\/talkpal.ai\/fr\/exercices-de-grammaire-russe\/#primaryimage\"},\"image\":{\"@id\":\"https:\/\/talkpal.ai\/fr\/exercices-de-grammaire-russe\/#primaryimage\"},\"thumbnailUrl\":\"https:\/\/talkpal.ai\/wp-content\/uploads\/2023\/04\/rusia.png\",\"datePublished\":\"2023-06-16T10:58:35+00:00\",\"dateModified\":\"2025-12-17T16:24:48+00:00\",\"description\":\"Explorez les exercices de grammaire russe essentiels pour renforcer vos comp\u00e9tences linguistiques et parvenir \u00e0 parler couramment le russe.\",\"breadcrumb\":{\"@id\":\"https:\/\/talkpal.ai\/fr\/exercices-de-grammaire-russe\/#breadcrumb\"},\"inLanguage\":\"fr-FR\",\"potentialAction\":[{\"@type\":\"ReadAction\",\"target\":[\"https:\/\/talkpal.ai\/fr\/exercices-de-grammaire-russe\/\"]}]},{\"@type\":\"ImageObject\",\"inLanguage\":\"fr-FR\",\"@id\":\"https:\/\/talkpal.ai\/fr\/exercices-de-grammaire-russe\/#primaryimage\",\"url\":\"https:\/\/talkpal.ai\/wp-content\/uploads\/2023\/04\/rusia.png\",\"contentUrl\":\"https:\/\/talkpal.ai\/wp-content\/uploads\/2023\/04\/rusia.png\",\"width\":512,\"height\":512},{\"@type\":\"BreadcrumbList\",\"@id\":\"https:\/\/talkpal.ai\/fr\/exercices-de-grammaire-russe\/#breadcrumb\",\"itemListElement\":[{\"@type\":\"ListItem\",\"position\":1,\"name\":\"Homepage\",\"item\":\"https:\/\/talkpal.ai\/fr\/\"},{\"@type\":\"ListItem\",\"position\":2,\"name\":\"Exercices de grammaire russe\"}]},{\"@type\":\"WebSite\",\"@id\":\"https:\/\/talkpal.ai\/fr\/#website\",\"url\":\"https:\/\/talkpal.ai\/fr\/\",\"name\":\"Talkpal\",\"description\":\"AI Language Learning\",\"publisher\":{\"@id\":\"https:\/\/talkpal.ai\/fr\/#organization\"},\"alternateName\":\"Talkpal AI\",\"potentialAction\":[{\"@type\":\"SearchAction\",\"target\":{\"@type\":\"EntryPoint\",\"urlTemplate\":\"https:\/\/talkpal.ai\/fr\/?s={search_term_string}\"},\"query-input\":{\"@type\":\"PropertyValueSpecification\",\"valueRequired\":true,\"valueName\":\"search_term_string\"}}],\"inLanguage\":\"fr-FR\"},{\"@type\":\"Organization\",\"@id\":\"https:\/\/talkpal.ai\/fr\/#organization\",\"name\":\"Talkpal, Inc.\",\"alternateName\":\"Talkpal AI\",\"url\":\"https:\/\/talkpal.ai\/fr\/\",\"logo\":{\"@type\":\"ImageObject\",\"inLanguage\":\"fr-FR\",\"@id\":\"https:\/\/talkpal.ai\/fr\/#\/schema\/logo\/image\/\",\"url\":\"https:\/\/talkpal.ai\/wp-content\/uploads\/2024\/03\/Talkpal-Logo-Icon.png\",\"contentUrl\":\"https:\/\/talkpal.ai\/wp-content\/uploads\/2024\/03\/Talkpal-Logo-Icon.png\",\"width\":2880,\"height\":2880,\"caption\":\"Talkpal, Inc.\"},\"image\":{\"@id\":\"https:\/\/talkpal.ai\/fr\/#\/schema\/logo\/image\/\"},\"sameAs\":[\"https:\/\/www.facebook.com\/profile.php?id=100090733639311\",\"https:\/\/x.com\/talkpalai\",\"https:\/\/www.linkedin.com\/company\/talkpal\/\",\"https:\/\/www.youtube.com\/@TalkPal\/\",\"https:\/\/www.tiktok.com\/@talkpal\",\"https:\/\/www.instagram.com\/talkpal_ai\/\",\"https:\/\/www.crunchbase.com\/organization\/talkpal-9cde\",\"https:\/\/www.g2.com\/products\/talkpal-for-business\/\",\"https:\/\/www.trustpilot.com\/review\/talkpal.ai\",\"https:\/\/www.capterra.com\/p\/10006800\/TalkPal\/\"],\"description\":\"Talkpal is a language learning web and mobile education app, powered by the latest AI technologies, that provides engaging experiences to its customers in many different languages to help them improve their language skills. Users can chat about unlimited amount of topics with the app and use other modes to practice their language learning.\",\"email\":\"support@talkpal.ai\",\"legalName\":\"Talkpal, Inc.\",\"foundingDate\":\"2023-04-03\",\"duns\":\"118989042\",\"numberOfEmployees\":{\"@type\":\"QuantitativeValue\",\"minValue\":\"11\",\"maxValue\":\"50\"},\"publishingPrinciples\":\"https:\/\/talkpal.ai\/publishing-principles\/\",\"actionableFeedbackPolicy\":\"https:\/\/talkpal.ai\/actionable-feedback-policy\/\",\"correctionsPolicy\":\"https:\/\/talkpal.ai\/corrections-policy\/\",\"ethicsPolicy\":\"https:\/\/talkpal.ai\/ethics-policy\/\",\"diversityPolicy\":\"https:\/\/talkpal.ai\/diversity-policy\/\",\"diversityStaffingReport\":\"https:\/\/talkpal.ai\/diversity-policy\/\"}]}<\/script>\n<!-- \/ Yoast SEO Premium plugin. -->","yoast_head_json":{"title":"Exercices de grammaire russe - Talkpal","description":"Explorez les exercices de grammaire russe essentiels pour renforcer vos comp\u00e9tences linguistiques et parvenir \u00e0 parler couramment le russe.","robots":{"index":"index","follow":"follow","max-snippet":"max-snippet:-1","max-image-preview":"max-image-preview:large","max-video-preview":"max-video-preview:-1"},"canonical":"https:\/\/talkpal.ai\/fr\/exercices-de-grammaire-russe\/","og_locale":"fr_FR","og_type":"article","og_title":"Exercices de grammaire russe","og_description":"Sujets de grammaire russe Apprendre le russe peut \u00eatre une exp\u00e9rience incroyablement enrichissante et intellectuellement stimulante. La langue russe n\u2019est","og_url":"https:\/\/talkpal.ai\/fr\/exercices-de-grammaire-russe\/","og_site_name":"Talkpal","article_publisher":"https:\/\/www.facebook.com\/profile.php?id=100090733639311","article_modified_time":"2025-12-17T16:24:48+00:00","og_image":[{"width":512,"height":512,"url":"https:\/\/talkpal.ai\/wp-content\/uploads\/2023\/04\/rusia.png","type":"image\/png"}],"twitter_card":"summary_large_image","twitter_site":"@talkpalai","twitter_misc":{"Dur\u00e9e de lecture estim\u00e9e":"3 minutes"},"schema":{"@context":"https:\/\/schema.org","@graph":[{"@type":"WebPage","@id":"https:\/\/talkpal.ai\/fr\/exercices-de-grammaire-russe\/","url":"https:\/\/talkpal.ai\/fr\/exercices-de-grammaire-russe\/","name":"Exercices de grammaire russe - Talkpal","isPartOf":{"@id":"https:\/\/talkpal.ai\/fr\/#website"},"primaryImageOfPage":{"@id":"https:\/\/talkpal.ai\/fr\/exercices-de-grammaire-russe\/#primaryimage"},"image":{"@id":"https:\/\/talkpal.ai\/fr\/exercices-de-grammaire-russe\/#primaryimage"},"thumbnailUrl":"https:\/\/talkpal.ai\/wp-content\/uploads\/2023\/04\/rusia.png","datePublished":"2023-06-16T10:58:35+00:00","dateModified":"2025-12-17T16:24:48+00:00","description":"Explorez les exercices de grammaire russe essentiels pour renforcer vos comp\u00e9tences linguistiques et parvenir \u00e0 parler couramment le russe.","breadcrumb":{"@id":"https:\/\/talkpal.ai\/fr\/exercices-de-grammaire-russe\/#breadcrumb"},"inLanguage":"fr-FR","potentialAction":[{"@type":"ReadAction","target":["https:\/\/talkpal.ai\/fr\/exercices-de-grammaire-russe\/"]}]},{"@type":"ImageObject","inLanguage":"fr-FR","@id":"https:\/\/talkpal.ai\/fr\/exercices-de-grammaire-russe\/#primaryimage","url":"https:\/\/talkpal.ai\/wp-content\/uploads\/2023\/04\/rusia.png","contentUrl":"https:\/\/talkpal.ai\/wp-content\/uploads\/2023\/04\/rusia.png","width":512,"height":512},{"@type":"BreadcrumbList","@id":"https:\/\/talkpal.ai\/fr\/exercices-de-grammaire-russe\/#breadcrumb","itemListElement":[{"@type":"ListItem","position":1,"name":"Homepage","item":"https:\/\/talkpal.ai\/fr\/"},{"@type":"ListItem","position":2,"name":"Exercices de grammaire russe"}]},{"@type":"WebSite","@id":"https:\/\/talkpal.ai\/fr\/#website","url":"https:\/\/talkpal.ai\/fr\/","name":"Talkpal","description":"AI Language Learning","publisher":{"@id":"https:\/\/talkpal.ai\/fr\/#organization"},"alternateName":"Talkpal AI","potentialAction":[{"@type":"SearchAction","target":{"@type":"EntryPoint","urlTemplate":"https:\/\/talkpal.ai\/fr\/?s={search_term_string}"},"query-input":{"@type":"PropertyValueSpecification","valueRequired":true,"valueName":"search_term_string"}}],"inLanguage":"fr-FR"},{"@type":"Organization","@id":"https:\/\/talkpal.ai\/fr\/#organization","name":"Talkpal, Inc.","alternateName":"Talkpal AI","url":"https:\/\/talkpal.ai\/fr\/","logo":{"@type":"ImageObject","inLanguage":"fr-FR","@id":"https:\/\/talkpal.ai\/fr\/#\/schema\/logo\/image\/","url":"https:\/\/talkpal.ai\/wp-content\/uploads\/2024\/03\/Talkpal-Logo-Icon.png","contentUrl":"https:\/\/talkpal.ai\/wp-content\/uploads\/2024\/03\/Talkpal-Logo-Icon.png","width":2880,"height":2880,"caption":"Talkpal, Inc."},"image":{"@id":"https:\/\/talkpal.ai\/fr\/#\/schema\/logo\/image\/"},"sameAs":["https:\/\/www.facebook.com\/profile.php?id=100090733639311","https:\/\/x.com\/talkpalai","https:\/\/www.linkedin.com\/company\/talkpal\/","https:\/\/www.youtube.com\/@TalkPal\/","https:\/\/www.tiktok.com\/@talkpal","https:\/\/www.instagram.com\/talkpal_ai\/","https:\/\/www.crunchbase.com\/organization\/talkpal-9cde","https:\/\/www.g2.com\/products\/talkpal-for-business\/","https:\/\/www.trustpilot.com\/review\/talkpal.ai","https:\/\/www.capterra.com\/p\/10006800\/TalkPal\/"],"description":"Talkpal is a language learning web and mobile education app, powered by the latest AI technologies, that provides engaging experiences to its customers in many different languages to help them improve their language skills. Users can chat about unlimited amount of topics with the app and use other modes to practice their language learning.","email":"support@talkpal.ai","legalName":"Talkpal, Inc.","foundingDate":"2023-04-03","duns":"118989042","numberOfEmployees":{"@type":"QuantitativeValue","minValue":"11","maxValue":"50"},"publishingPrinciples":"https:\/\/talkpal.ai\/publishing-principles\/","actionableFeedbackPolicy":"https:\/\/talkpal.ai\/actionable-feedback-policy\/","correctionsPolicy":"https:\/\/talkpal.ai\/corrections-policy\/","ethicsPolicy":"https:\/\/talkpal.ai\/ethics-policy\/","diversityPolicy":"https:\/\/talkpal.ai\/diversity-policy\/","diversityStaffingReport":"https:\/\/talkpal.ai\/diversity-policy\/"}]}},"_links":{"self":[{"href":"https:\/\/talkpal.ai\/fr\/wp-json\/wp\/v2\/pages\/74192","targetHints":{"allow":["GET"]}}],"collection":[{"href":"https:\/\/talkpal.ai\/fr\/wp-json\/wp\/v2\/pages"}],"about":[{"href":"https:\/\/talkpal.ai\/fr\/wp-json\/wp\/v2\/types\/page"}],"author":[{"embeddable":true,"href":"https:\/\/talkpal.ai\/fr\/wp-json\/wp\/v2\/users\/6"}],"replies":[{"embeddable":true,"href":"https:\/\/talkpal.ai\/fr\/wp-json\/wp\/v2\/comments?post=74192"}],"version-history":[{"count":0,"href":"https:\/\/talkpal.ai\/fr\/wp-json\/wp\/v2\/pages\/74192\/revisions"}],"wp:featuredmedia":[{"embeddable":true,"href":"https:\/\/talkpal.ai\/fr\/wp-json\/wp\/v2\/media\/11600"}],"wp:attachment":[{"href":"https:\/\/talkpal.ai\/fr\/wp-json\/wp\/v2\/media?parent=74192"}],"curies":[{"name":"wp","href":"https:\/\/api.w.org\/{rel}","templated":true}]}}