{"id":74150,"date":"2023-06-16T10:27:33","date_gmt":"2023-06-16T10:27:33","guid":{"rendered":"http:\/\/talkpal.ai\/exercices-de-grammaire-coreenne\/"},"modified":"2025-12-17T16:57:59","modified_gmt":"2025-12-17T16:57:59","slug":"exercices-de-grammaire-coreenne","status":"publish","type":"page","link":"https:\/\/talkpal.ai\/fr\/exercices-de-grammaire-coreenne\/","title":{"rendered":"Exercices de grammaire cor\u00e9enne"},"content":{"rendered":"\r\n\r\n\r\n<section class=\"languageChallengeSection\">\r\n    <div class=\"languageInfoWrapper\">\r\n        \r\n        <h1>Exercices de grammaire cor\u00e9enne<\/h1>\r\n        <p>Vous souhaitez renforcer vos comp\u00e9tences linguistiques en <a href=\"https:\/\/talkpal.ai\/learn-korean\/\">cor\u00e9en<\/a> ? Se concentrer sur des exercices de grammaire est un excellent moyen de ma\u00eetriser la structure des phrases, la terminaison des verbes et les expressions courantes. Plongez dans la <a href=\"https:\/\/talkpal.ai\/es\/gramatica-coreana\/\">grammaire cor\u00e9enne<\/a> et pratiquez-la r\u00e9guli\u00e8rement. Chaque exercice vous rapproche d&#039;une communication naturelle et assur\u00e9e. Commencez d\u00e8s aujourd&#039;hui et voyez vos comp\u00e9tences en cor\u00e9en progresser pas \u00e0 pas !<\/p>\r\n\r\n                            <a class=\"getStartedHidden\" href=\"https:\/\/app.talkpal.ai\/fr\/signup?lng=\">Commencer<\/a>\r\n        \r\n    <\/div>\r\n\r\n    <figure>\r\n    <img decoding=\"async\" width=\"768\" height=\"768\" src=\"https:\/\/talkpal.ai\/wp-content\/uploads\/2023\/06\/korean-768x768.png\" class=\"languageImage no-lazy\" alt=\"Default alt text\" fetchpriority=\"high\" sizes=\"(max-width: 768px) 150px, 768px\" srcset=\"https:\/\/talkpal.ai\/wp-content\/uploads\/2023\/06\/korean-768x768.png 768w, https:\/\/talkpal.ai\/wp-content\/uploads\/2023\/06\/korean-300x300.png 300w\" \/>\r\n    \r\n\r\n    <\/figure>\r\n\r\n            <a class=\"getStartedVisible\" href=\"https:\/\/app.talkpal.ai\/fr\/signup?lng=\">Commencer<\/a>\r\n    \r\n<\/section>\r\n\r\n\r\n<!-- <section class=\"grammarSection\">\r\n    <div class=\"grammarLinks\">\r\n        <a href=\"https:\/\/talkpal.ai\/fr\/exercise_language\/adjectifs-grammaire-coreenne\/\">Adjectifs <\/a><a href=\"https:\/\/talkpal.ai\/fr\/exercise_language\/adverbes-grammaire-coreenne\/\">Adverbes <\/a><a href=\"https:\/\/talkpal.ai\/fr\/exercise_language\/articles-grammaire-coreenne\/\">Articles <\/a><a href=\"https:\/\/talkpal.ai\/fr\/exercise_language\/comparaison-des-temps-grammaire-coreenne\/\">Comparaison des temps <\/a><a href=\"https:\/\/talkpal.ai\/fr\/exercise_language\/noms-grammaire-coreenne\/\">Noms <\/a><a href=\"https:\/\/talkpal.ai\/fr\/exercise_language\/prepositions-grammaire-coreenne\/\">Pr\u00e9positions <\/a><a href=\"https:\/\/talkpal.ai\/fr\/exercise_language\/pronoms-grammaire-coreenne\/\">Pronoms <\/a><a href=\"https:\/\/talkpal.ai\/fr\/exercise_language\/structure-de-phrase-grammaire-coreenne\/\">Structure de phrase <\/a><a href=\"https:\/\/talkpal.ai\/fr\/exercise_language\/temps-indicatifs-grammaire-coreenne\/\">Temps indicatifs <\/a><a href=\"https:\/\/talkpal.ai\/fr\/exercise_language\/temps-subjonctif-grammaire-coreenne\/\">Temps subjonctif <\/a><a href=\"https:\/\/talkpal.ai\/fr\/exercise_language\/verbes-grammaire-coreenne\/\">Verbes <\/a>    <\/div>\r\n<\/section> -->\r\n\r\n\r\n\r\n\r\n        <section class=\"grammarSection\">\r\n            <div class=\"grammarLinks\">\r\n                <a href=\"https:\/\/talkpal.ai\/fr\/exercise_language\/adjectifs-grammaire-coreenne\/\">Adjectifs <\/a><a href=\"https:\/\/talkpal.ai\/fr\/exercise_language\/adverbes-grammaire-coreenne\/\">Adverbes <\/a><a href=\"https:\/\/talkpal.ai\/fr\/exercise_language\/articles-grammaire-coreenne\/\">Articles <\/a><a href=\"https:\/\/talkpal.ai\/fr\/exercise_language\/comparaison-des-temps-grammaire-coreenne\/\">Comparaison des temps <\/a><a href=\"https:\/\/talkpal.ai\/fr\/exercise_language\/noms-grammaire-coreenne\/\">Noms <\/a><a href=\"https:\/\/talkpal.ai\/fr\/exercise_language\/prepositions-grammaire-coreenne\/\">Pr\u00e9positions <\/a><a href=\"https:\/\/talkpal.ai\/fr\/exercise_language\/pronoms-grammaire-coreenne\/\">Pronoms <\/a><a href=\"https:\/\/talkpal.ai\/fr\/exercise_language\/structure-de-phrase-grammaire-coreenne\/\">Structure de phrase <\/a><a href=\"https:\/\/talkpal.ai\/fr\/exercise_language\/temps-indicatifs-grammaire-coreenne\/\">Temps indicatifs <\/a><a href=\"https:\/\/talkpal.ai\/fr\/exercise_language\/temps-subjonctif-grammaire-coreenne\/\">Temps subjonctif <\/a><a href=\"https:\/\/talkpal.ai\/fr\/exercise_language\/verbes-grammaire-coreenne\/\">Verbes <\/a>            <\/div>\r\n        <\/section>\r\n<section class=\"promotionalBanner\">\r\n    <p class=\"promotionalText\">La fa\u00e7on la plus efficace d\u2019apprendre une langue<\/p>\r\n    <a class=\"promotionalLink\" href=\"https:\/\/app.talkpal.ai\/fr\/signup?lng=\">Essayez Talkpal gratuitement<\/a>\r\n<\/section>\n<div class=\"wp-block-group pageContainerStyle\"><div class=\"wp-block-group__inner-container is-layout-constrained wp-block-group-is-layout-constrained\">\n<h2 class=\"wp-block-heading\" id=\"h-korean-grammar-topics\">Sujets de grammaire cor\u00e9enne<\/h2>\n\n\n\n<p><a href=\"https:\/\/talkpal.ai\/fr\/la-meilleure-facon-dapprendre-le-coreen\/\">Apprendre le cor\u00e9en<\/a> peut \u00eatre une exp\u00e9rience passionnante et enrichissante car cela ouvre de nouvelles opportunit\u00e9s culturelles et professionnelles. La langue cor\u00e9enne a une histoire riche et est parl\u00e9e par des millions de personnes \u00e0 travers le monde. L\u2019un des aspects cl\u00e9s de l\u2019apprentissage d\u2019une langue est la compr\u00e9hension de sa grammaire. Dans le cas du cor\u00e9en, la grammaire est assez diff\u00e9rente de <a href=\"https:\/\/talkpal.ai\/locations\/language-courses-in-celle\/\">celle<\/a> de nombreuses langues occidentales, mais avec la bonne approche, elle peut \u00eatre saisie de mani\u00e8re syst\u00e9matique. Dans cet article, nous explorerons divers sujets de grammaire cor\u00e9enne, notamment les <a href=\"https:\/\/talkpal.ai\/zh-hans\/grammar_exercises\/temps-%e6%b3%95%e8%af%ad%e8%af%ad%e6%b3%95%e7%bb%83%e4%b9%a0\/\">temps<\/a>, les verbes, les noms, les articles, les pronoms, les adjectifs, les adverbes, les pr\u00e9positions et la structure des phrases. En comprenant et en ma\u00eetrisant ces concepts, vous serez sur la bonne voie pour ma\u00eetriser le cor\u00e9en.<\/p>\n\n\n\n<h3 class=\"wp-block-heading\" id=\"h-1-nouns\">1. Noms :<\/h3>\n\n\n\n<p>En cor\u00e9en, les noms sont des \u00e9l\u00e9ments constitutifs essentiels des phrases. Ils repr\u00e9sentent des personnes, des lieux, des choses ou des id\u00e9es. Les noms cor\u00e9ens n\u2019ont pas de distinction de genre ou de nombre, ce qui les rend relativement simples \u00e0 apprendre. Se familiariser avec les noms cor\u00e9ens courants vous aidera \u00e0 construire une base de vocabulaire solide.<\/p>\n\n\n\n<h3 class=\"wp-block-heading\" id=\"h-2-verbs\">2. Verbes :<\/h3>\n\n\n\n<p>Les verbes cor\u00e9ens sont essentiels pour transmettre des actions et des \u00e9tats d\u2019\u00eatre. Ils viennent g\u00e9n\u00e9ralement \u00e0 la <a href=\"https:\/\/talkpal.ai\/learn-finnish\/\">fin<\/a> d\u2019une phrase et ont diff\u00e9rentes formes en fonction du temps et du niveau de politesse. Comprendre les r\u00e8gles de conjugaison des diff\u00e9rentes formes verbales est essentiel pour une communication efficace en cor\u00e9en.<\/p>\n\n\n\n<h3 class=\"wp-block-heading\" id=\"h-3-adjectives\">3. Adjectifs :<\/h3>\n\n\n\n<p>En cor\u00e9en, les adjectifs sont utilis\u00e9s pour d\u00e9crire les noms et ont des r\u00e8gles de conjugaison similaires \u00e0 celles des verbes. Ils peuvent \u00eatre utilis\u00e9s avant ou apr\u00e8s un nom, et leur forme peut changer en fonction du temps et du niveau de politesse. L\u2019apprentissage des adjectifs courants et de leur utilisation am\u00e9liorera vos capacit\u00e9s descriptives en cor\u00e9en.<\/p>\n\n\n\n<h3 class=\"wp-block-heading\" id=\"h-4-adverbs\">4. Adverbes :<\/h3>\n\n\n\n<p>Les adverbes en cor\u00e9en fournissent des informations suppl\u00e9mentaires sur les verbes, les adjectifs ou d\u2019autres adverbes. Ils pr\u00e9c\u00e8dent g\u00e9n\u00e9ralement le mot qu\u2019ils modifient et n\u2019ont pas de r\u00e8gles de conjugaison sp\u00e9cifiques. L\u2019incorporation d\u2019adverbes dans vos phrases cor\u00e9ennes peut ajouter de la profondeur et de la nuance \u00e0 votre expression.<\/p>\n\n\n\n<h3 class=\"wp-block-heading\" id=\"h-5-pronouns\">5. Pronoms\u00a0:<\/h3>\n\n\n\n<p>Les pronoms cor\u00e9ens permettent d\u2019\u00e9viter les redondances et de rendre les phrases plus concises. Ils remplacent les noms qui ont d\u00e9j\u00e0 \u00e9t\u00e9 mentionn\u00e9s ou qui sont compris dans leur contexte. Les pronoms cor\u00e9ens ont des formes diff\u00e9rentes selon le statut social et le sexe du sujet, ce qui <a href=\"https:\/\/talkpal.ai\/culture\/how-do-i-use-en-fait-as-a-common-discourse-marker\/\">en fait<\/a> un aspect important de la langue \u00e0 ma\u00eetriser.<\/p>\n\n\n\n<h3 class=\"wp-block-heading\" id=\"h-6-prepositions\">6. Pr\u00e9positions :<\/h3>\n\n\n\n<p>En cor\u00e9en, les pr\u00e9positions sont utilis\u00e9es pour exprimer les relations entre les noms d\u2019une phrase, telles que l\u2019emplacement, la direction ou la possession. Contrairement \u00e0 l\u2019anglais, les pr\u00e9positions cor\u00e9ennes viennent g\u00e9n\u00e9ralement apr\u00e8s le nom qu\u2019elles modifient, formant une seule unit\u00e9 appel\u00e9e phrase postpositionnelle. Comprendre l\u2019utilisation correcte de ces particules est crucial pour construire des phrases cor\u00e9ennes coh\u00e9rentes.<\/p>\n\n\n\n<h3 class=\"wp-block-heading\" id=\"h-7-sentence-structure\">7. Structure de la phrase :<\/h3>\n\n\n\n<p>La structure de base d\u2019une phrase cor\u00e9enne est sujet-objet-verbe (SOV). Cela signifie que le verbe vient g\u00e9n\u00e9ralement en dernier dans une phrase, ce qui peut \u00eatre un changement important pour les anglophones. Apprendre l\u2019ordre des mots et la structure des phrases vous permettra de communiquer plus efficacement en cor\u00e9en.<\/p>\n\n\n\n<h3 class=\"wp-block-heading\" id=\"h-8-tenses-indicative-and-subjunctive\">8. Les temps de l\u2019indicatif et du subjonctif :<\/h3>\n\n\n\n<p>Le cor\u00e9en a diff\u00e9rentes formes verbales pour exprimer des actions ou des \u00e9tats pass\u00e9s, pr\u00e9sents et futurs. Le mode indicatif est utilis\u00e9 pour les \u00e9nonc\u00e9s de fait, tandis que le mode subjonctif transmet l\u2019incertitude, la possibilit\u00e9 ou des situations hypoth\u00e9tiques. Reconna\u00eetre et utiliser correctement ces formes verbales est essentiel pour une communication claire en cor\u00e9en.<\/p>\n\n\n\n<h3 class=\"wp-block-heading\" id=\"h-9-tense-comparison\">9. Comparaison tendue :<\/h3>\n\n\n\n<p>Comparer des \u00e9v\u00e9nements dans diff\u00e9rentes p\u00e9riodes de temps n\u00e9cessite de comprendre les nuances de la conjugaison des verbes cor\u00e9ens. En apprenant \u00e0 comparer des \u00e9v\u00e9nements pass\u00e9s, pr\u00e9sents et futurs \u00e0 l\u2019aide de formes verbales appropri\u00e9es, vous pouvez transmettre des id\u00e9es et des relations complexes en cor\u00e9en.<\/p>\n\n\n\n<h3 class=\"wp-block-heading\" id=\"h-10-articles\">10. Articles\u00a0:<\/h3>\n\n\n\n<p>Contrairement \u00e0 l\u2019anglais, le cor\u00e9en n\u2019a pas d\u2019articles d\u00e9finis ou ind\u00e9finis. Au lieu de cela, le langage s\u2019appuie sur le contexte et l\u2019utilisation de particules sp\u00e9cifiques pour transmettre le caract\u00e8re d\u00e9fini ou ind\u00e9fini d\u2019un nom. La ma\u00eetrise de ces particules vous permettra de vous exprimer plus pr\u00e9cis\u00e9ment en cor\u00e9en.<\/p>\n<\/div><\/div>\n\r\n<section class=\"learnNavigationSection\">\r\n            \r\n        <a href=\"https:\/\/talkpal.ai\/fr\/apprendre-le-coreen\/\">\r\n            <div class=\"learnNavigationWrapper\">\r\n                <div class=\"learnNavigationContent\">\r\n                    <img decoding=\"async\" src=\"https:\/\/talkpal.ai\/wp-content\/uploads\/2024\/08\/Korean.jpg\" alt=\"Korean Flag\">\r\n                    <div>\r\n                        <h4>\u00c0 propos de l&#039;apprentissage du cor\u00e9en<\/h4>\r\n                        <p>Tout savoir sur la grammaire cor\u00e9enne.<\/p>\r\n                    <\/div>\r\n                <\/div>\r\n            <\/div>\r\n        <\/a>\r\n\r\n        \r\n        <a href=\"https:\/\/talkpal.ai\/fr\/grammaire-coreenne\/\">\r\n            <div class=\"learnNavigationWrapper\">\r\n                <div class=\"learnNavigationContent\">\r\n                    <img decoding=\"async\" src=\"https:\/\/talkpal.ai\/wp-content\/uploads\/2024\/08\/Korean.jpg\" alt=\"Korean Flag\">\r\n                    <div>\r\n                        <h4>Le\u00e7ons de grammaire cor\u00e9enne<\/h4>\r\n                        <p>Pratiquez la grammaire cor\u00e9enne.<\/p>\r\n                    <\/div>\r\n                <\/div>\r\n            <\/div>\r\n        <\/a>\r\n\r\n        \r\n        <a href=\"https:\/\/talkpal.ai\/vocabulary_language\/korean\/\">\r\n            <div class=\"learnNavigationWrapper\">\r\n                <div class=\"learnNavigationContent\">\r\n                    <img decoding=\"async\" src=\"https:\/\/talkpal.ai\/wp-content\/uploads\/2024\/08\/Korean.jpg\" alt=\"Korean Flag\">\r\n                    <div>\r\n                        <h4>Vocabulaire cor\u00e9en<\/h4>\r\n                        <p>\u00c9largissez votre vocabulaire cor\u00e9en.<\/p>\r\n                    <\/div>\r\n                <\/div>\r\n            <\/div>\r\n        <\/a>\r\n\r\n            <\/section>","protected":false},"excerpt":{"rendered":"<p>Sujets de grammaire cor\u00e9enne Apprendre le cor\u00e9en peut \u00eatre une exp\u00e9rience passionnante et enrichissante car cela ouvre de nouvelles opportunit\u00e9s culturelles et professionnelles. La langue cor\u00e9enne a une histoire riche et est parl\u00e9e par des millions de personnes \u00e0 travers le monde. L\u2019un des aspects cl\u00e9s de l\u2019apprentissage d\u2019une langue est la compr\u00e9hension de sa [&hellip;]<\/p>\n","protected":false},"author":6,"featured_media":11607,"parent":0,"menu_order":0,"comment_status":"closed","ping_status":"closed","template":"LearningContentPage.php","meta":{"_acf_changed":false,"footnotes":""},"class_list":["post-74150","page","type-page","status-publish","has-post-thumbnail","hentry"],"acf":[],"yoast_head":"<!-- This site is optimized with the Yoast SEO Premium plugin v27.2 (Yoast SEO v27.2) - https:\/\/yoast.com\/product\/yoast-seo-premium-wordpress\/ -->\n<title>Exercices de grammaire cor\u00e9enne - Talkpal<\/title>\n<meta name=\"description\" content=\"Am\u00e9liorez facilement votre grammaire cor\u00e9enne - entra\u00eenez-vous avec des exercices interactifs, ma\u00eetrisez les mod\u00e8les de langue et renforcez votre confiance en vous\" \/>\n<meta name=\"robots\" content=\"index, follow, max-snippet:-1, max-image-preview:large, max-video-preview:-1\" \/>\n<link rel=\"canonical\" href=\"https:\/\/talkpal.ai\/fr\/exercices-de-grammaire-coreenne\/\" \/>\n<meta property=\"og:locale\" content=\"fr_FR\" \/>\n<meta property=\"og:type\" content=\"article\" \/>\n<meta property=\"og:title\" content=\"Exercices de grammaire cor\u00e9enne\" \/>\n<meta property=\"og:description\" content=\"Sujets de grammaire cor\u00e9enne Apprendre le cor\u00e9en peut \u00eatre une exp\u00e9rience passionnante et enrichissante car cela ouvre de nouvelles opportunit\u00e9s\" \/>\n<meta property=\"og:url\" content=\"https:\/\/talkpal.ai\/fr\/exercices-de-grammaire-coreenne\/\" \/>\n<meta property=\"og:site_name\" content=\"Talkpal\" \/>\n<meta property=\"article:publisher\" content=\"https:\/\/www.facebook.com\/profile.php?id=100090733639311\" \/>\n<meta property=\"article:modified_time\" content=\"2025-12-17T16:57:59+00:00\" \/>\n<meta property=\"og:image\" content=\"https:\/\/talkpal.ai\/wp-content\/uploads\/2023\/04\/south-korea.png\" \/>\n\t<meta property=\"og:image:width\" content=\"512\" \/>\n\t<meta property=\"og:image:height\" content=\"512\" \/>\n\t<meta property=\"og:image:type\" content=\"image\/png\" \/>\n<meta name=\"twitter:card\" content=\"summary_large_image\" \/>\n<meta name=\"twitter:site\" content=\"@talkpalai\" \/>\n<meta name=\"twitter:label1\" content=\"Dur\u00e9e de lecture estim\u00e9e\" \/>\n\t<meta name=\"twitter:data1\" content=\"4 minutes\" \/>\n<script type=\"application\/ld+json\" class=\"yoast-schema-graph\">{\"@context\":\"https:\/\/schema.org\",\"@graph\":[{\"@type\":\"WebPage\",\"@id\":\"https:\/\/talkpal.ai\/fr\/exercices-de-grammaire-coreenne\/\",\"url\":\"https:\/\/talkpal.ai\/fr\/exercices-de-grammaire-coreenne\/\",\"name\":\"Exercices de grammaire cor\u00e9enne - Talkpal\",\"isPartOf\":{\"@id\":\"https:\/\/talkpal.ai\/fr\/#website\"},\"primaryImageOfPage\":{\"@id\":\"https:\/\/talkpal.ai\/fr\/exercices-de-grammaire-coreenne\/#primaryimage\"},\"image\":{\"@id\":\"https:\/\/talkpal.ai\/fr\/exercices-de-grammaire-coreenne\/#primaryimage\"},\"thumbnailUrl\":\"https:\/\/talkpal.ai\/wp-content\/uploads\/2023\/04\/south-korea.png\",\"datePublished\":\"2023-06-16T10:27:33+00:00\",\"dateModified\":\"2025-12-17T16:57:59+00:00\",\"description\":\"Am\u00e9liorez facilement votre grammaire cor\u00e9enne - entra\u00eenez-vous avec des exercices interactifs, ma\u00eetrisez les mod\u00e8les de langue et renforcez votre confiance en vous\",\"breadcrumb\":{\"@id\":\"https:\/\/talkpal.ai\/fr\/exercices-de-grammaire-coreenne\/#breadcrumb\"},\"inLanguage\":\"fr-FR\",\"potentialAction\":[{\"@type\":\"ReadAction\",\"target\":[\"https:\/\/talkpal.ai\/fr\/exercices-de-grammaire-coreenne\/\"]}]},{\"@type\":\"ImageObject\",\"inLanguage\":\"fr-FR\",\"@id\":\"https:\/\/talkpal.ai\/fr\/exercices-de-grammaire-coreenne\/#primaryimage\",\"url\":\"https:\/\/talkpal.ai\/wp-content\/uploads\/2023\/04\/south-korea.png\",\"contentUrl\":\"https:\/\/talkpal.ai\/wp-content\/uploads\/2023\/04\/south-korea.png\",\"width\":512,\"height\":512},{\"@type\":\"BreadcrumbList\",\"@id\":\"https:\/\/talkpal.ai\/fr\/exercices-de-grammaire-coreenne\/#breadcrumb\",\"itemListElement\":[{\"@type\":\"ListItem\",\"position\":1,\"name\":\"Homepage\",\"item\":\"https:\/\/talkpal.ai\/fr\/\"},{\"@type\":\"ListItem\",\"position\":2,\"name\":\"Exercices de grammaire cor\u00e9enne\"}]},{\"@type\":\"WebSite\",\"@id\":\"https:\/\/talkpal.ai\/fr\/#website\",\"url\":\"https:\/\/talkpal.ai\/fr\/\",\"name\":\"Talkpal\",\"description\":\"AI Language Learning\",\"publisher\":{\"@id\":\"https:\/\/talkpal.ai\/fr\/#organization\"},\"alternateName\":\"Talkpal AI\",\"potentialAction\":[{\"@type\":\"SearchAction\",\"target\":{\"@type\":\"EntryPoint\",\"urlTemplate\":\"https:\/\/talkpal.ai\/fr\/?s={search_term_string}\"},\"query-input\":{\"@type\":\"PropertyValueSpecification\",\"valueRequired\":true,\"valueName\":\"search_term_string\"}}],\"inLanguage\":\"fr-FR\"},{\"@type\":\"Organization\",\"@id\":\"https:\/\/talkpal.ai\/fr\/#organization\",\"name\":\"Talkpal, Inc.\",\"alternateName\":\"Talkpal AI\",\"url\":\"https:\/\/talkpal.ai\/fr\/\",\"logo\":{\"@type\":\"ImageObject\",\"inLanguage\":\"fr-FR\",\"@id\":\"https:\/\/talkpal.ai\/fr\/#\/schema\/logo\/image\/\",\"url\":\"https:\/\/talkpal.ai\/wp-content\/uploads\/2024\/03\/Talkpal-Logo-Icon.png\",\"contentUrl\":\"https:\/\/talkpal.ai\/wp-content\/uploads\/2024\/03\/Talkpal-Logo-Icon.png\",\"width\":2880,\"height\":2880,\"caption\":\"Talkpal, Inc.\"},\"image\":{\"@id\":\"https:\/\/talkpal.ai\/fr\/#\/schema\/logo\/image\/\"},\"sameAs\":[\"https:\/\/www.facebook.com\/profile.php?id=100090733639311\",\"https:\/\/x.com\/talkpalai\",\"https:\/\/www.linkedin.com\/company\/talkpal\/\",\"https:\/\/www.youtube.com\/@TalkPal\/\",\"https:\/\/www.tiktok.com\/@talkpal\",\"https:\/\/www.instagram.com\/talkpal_ai\/\",\"https:\/\/www.crunchbase.com\/organization\/talkpal-9cde\",\"https:\/\/www.g2.com\/products\/talkpal-for-business\/\",\"https:\/\/www.trustpilot.com\/review\/talkpal.ai\",\"https:\/\/www.capterra.com\/p\/10006800\/TalkPal\/\"],\"description\":\"Talkpal is a language learning web and mobile education app, powered by the latest AI technologies, that provides engaging experiences to its customers in many different languages to help them improve their language skills. Users can chat about unlimited amount of topics with the app and use other modes to practice their language learning.\",\"email\":\"support@talkpal.ai\",\"legalName\":\"Talkpal, Inc.\",\"foundingDate\":\"2023-04-03\",\"duns\":\"118989042\",\"numberOfEmployees\":{\"@type\":\"QuantitativeValue\",\"minValue\":\"11\",\"maxValue\":\"50\"},\"publishingPrinciples\":\"https:\/\/talkpal.ai\/publishing-principles\/\",\"actionableFeedbackPolicy\":\"https:\/\/talkpal.ai\/actionable-feedback-policy\/\",\"correctionsPolicy\":\"https:\/\/talkpal.ai\/corrections-policy\/\",\"ethicsPolicy\":\"https:\/\/talkpal.ai\/ethics-policy\/\",\"diversityPolicy\":\"https:\/\/talkpal.ai\/diversity-policy\/\",\"diversityStaffingReport\":\"https:\/\/talkpal.ai\/diversity-policy\/\"}]}<\/script>\n<!-- \/ Yoast SEO Premium plugin. -->","yoast_head_json":{"title":"Exercices de grammaire cor\u00e9enne - Talkpal","description":"Am\u00e9liorez facilement votre grammaire cor\u00e9enne - entra\u00eenez-vous avec des exercices interactifs, ma\u00eetrisez les mod\u00e8les de langue et renforcez votre confiance en vous","robots":{"index":"index","follow":"follow","max-snippet":"max-snippet:-1","max-image-preview":"max-image-preview:large","max-video-preview":"max-video-preview:-1"},"canonical":"https:\/\/talkpal.ai\/fr\/exercices-de-grammaire-coreenne\/","og_locale":"fr_FR","og_type":"article","og_title":"Exercices de grammaire cor\u00e9enne","og_description":"Sujets de grammaire cor\u00e9enne Apprendre le cor\u00e9en peut \u00eatre une exp\u00e9rience passionnante et enrichissante car cela ouvre de nouvelles opportunit\u00e9s","og_url":"https:\/\/talkpal.ai\/fr\/exercices-de-grammaire-coreenne\/","og_site_name":"Talkpal","article_publisher":"https:\/\/www.facebook.com\/profile.php?id=100090733639311","article_modified_time":"2025-12-17T16:57:59+00:00","og_image":[{"width":512,"height":512,"url":"https:\/\/talkpal.ai\/wp-content\/uploads\/2023\/04\/south-korea.png","type":"image\/png"}],"twitter_card":"summary_large_image","twitter_site":"@talkpalai","twitter_misc":{"Dur\u00e9e de lecture estim\u00e9e":"4 minutes"},"schema":{"@context":"https:\/\/schema.org","@graph":[{"@type":"WebPage","@id":"https:\/\/talkpal.ai\/fr\/exercices-de-grammaire-coreenne\/","url":"https:\/\/talkpal.ai\/fr\/exercices-de-grammaire-coreenne\/","name":"Exercices de grammaire cor\u00e9enne - Talkpal","isPartOf":{"@id":"https:\/\/talkpal.ai\/fr\/#website"},"primaryImageOfPage":{"@id":"https:\/\/talkpal.ai\/fr\/exercices-de-grammaire-coreenne\/#primaryimage"},"image":{"@id":"https:\/\/talkpal.ai\/fr\/exercices-de-grammaire-coreenne\/#primaryimage"},"thumbnailUrl":"https:\/\/talkpal.ai\/wp-content\/uploads\/2023\/04\/south-korea.png","datePublished":"2023-06-16T10:27:33+00:00","dateModified":"2025-12-17T16:57:59+00:00","description":"Am\u00e9liorez facilement votre grammaire cor\u00e9enne - entra\u00eenez-vous avec des exercices interactifs, ma\u00eetrisez les mod\u00e8les de langue et renforcez votre confiance en vous","breadcrumb":{"@id":"https:\/\/talkpal.ai\/fr\/exercices-de-grammaire-coreenne\/#breadcrumb"},"inLanguage":"fr-FR","potentialAction":[{"@type":"ReadAction","target":["https:\/\/talkpal.ai\/fr\/exercices-de-grammaire-coreenne\/"]}]},{"@type":"ImageObject","inLanguage":"fr-FR","@id":"https:\/\/talkpal.ai\/fr\/exercices-de-grammaire-coreenne\/#primaryimage","url":"https:\/\/talkpal.ai\/wp-content\/uploads\/2023\/04\/south-korea.png","contentUrl":"https:\/\/talkpal.ai\/wp-content\/uploads\/2023\/04\/south-korea.png","width":512,"height":512},{"@type":"BreadcrumbList","@id":"https:\/\/talkpal.ai\/fr\/exercices-de-grammaire-coreenne\/#breadcrumb","itemListElement":[{"@type":"ListItem","position":1,"name":"Homepage","item":"https:\/\/talkpal.ai\/fr\/"},{"@type":"ListItem","position":2,"name":"Exercices de grammaire cor\u00e9enne"}]},{"@type":"WebSite","@id":"https:\/\/talkpal.ai\/fr\/#website","url":"https:\/\/talkpal.ai\/fr\/","name":"Talkpal","description":"AI Language Learning","publisher":{"@id":"https:\/\/talkpal.ai\/fr\/#organization"},"alternateName":"Talkpal AI","potentialAction":[{"@type":"SearchAction","target":{"@type":"EntryPoint","urlTemplate":"https:\/\/talkpal.ai\/fr\/?s={search_term_string}"},"query-input":{"@type":"PropertyValueSpecification","valueRequired":true,"valueName":"search_term_string"}}],"inLanguage":"fr-FR"},{"@type":"Organization","@id":"https:\/\/talkpal.ai\/fr\/#organization","name":"Talkpal, Inc.","alternateName":"Talkpal AI","url":"https:\/\/talkpal.ai\/fr\/","logo":{"@type":"ImageObject","inLanguage":"fr-FR","@id":"https:\/\/talkpal.ai\/fr\/#\/schema\/logo\/image\/","url":"https:\/\/talkpal.ai\/wp-content\/uploads\/2024\/03\/Talkpal-Logo-Icon.png","contentUrl":"https:\/\/talkpal.ai\/wp-content\/uploads\/2024\/03\/Talkpal-Logo-Icon.png","width":2880,"height":2880,"caption":"Talkpal, Inc."},"image":{"@id":"https:\/\/talkpal.ai\/fr\/#\/schema\/logo\/image\/"},"sameAs":["https:\/\/www.facebook.com\/profile.php?id=100090733639311","https:\/\/x.com\/talkpalai","https:\/\/www.linkedin.com\/company\/talkpal\/","https:\/\/www.youtube.com\/@TalkPal\/","https:\/\/www.tiktok.com\/@talkpal","https:\/\/www.instagram.com\/talkpal_ai\/","https:\/\/www.crunchbase.com\/organization\/talkpal-9cde","https:\/\/www.g2.com\/products\/talkpal-for-business\/","https:\/\/www.trustpilot.com\/review\/talkpal.ai","https:\/\/www.capterra.com\/p\/10006800\/TalkPal\/"],"description":"Talkpal is a language learning web and mobile education app, powered by the latest AI technologies, that provides engaging experiences to its customers in many different languages to help them improve their language skills. Users can chat about unlimited amount of topics with the app and use other modes to practice their language learning.","email":"support@talkpal.ai","legalName":"Talkpal, Inc.","foundingDate":"2023-04-03","duns":"118989042","numberOfEmployees":{"@type":"QuantitativeValue","minValue":"11","maxValue":"50"},"publishingPrinciples":"https:\/\/talkpal.ai\/publishing-principles\/","actionableFeedbackPolicy":"https:\/\/talkpal.ai\/actionable-feedback-policy\/","correctionsPolicy":"https:\/\/talkpal.ai\/corrections-policy\/","ethicsPolicy":"https:\/\/talkpal.ai\/ethics-policy\/","diversityPolicy":"https:\/\/talkpal.ai\/diversity-policy\/","diversityStaffingReport":"https:\/\/talkpal.ai\/diversity-policy\/"}]}},"_links":{"self":[{"href":"https:\/\/talkpal.ai\/fr\/wp-json\/wp\/v2\/pages\/74150","targetHints":{"allow":["GET"]}}],"collection":[{"href":"https:\/\/talkpal.ai\/fr\/wp-json\/wp\/v2\/pages"}],"about":[{"href":"https:\/\/talkpal.ai\/fr\/wp-json\/wp\/v2\/types\/page"}],"author":[{"embeddable":true,"href":"https:\/\/talkpal.ai\/fr\/wp-json\/wp\/v2\/users\/6"}],"replies":[{"embeddable":true,"href":"https:\/\/talkpal.ai\/fr\/wp-json\/wp\/v2\/comments?post=74150"}],"version-history":[{"count":0,"href":"https:\/\/talkpal.ai\/fr\/wp-json\/wp\/v2\/pages\/74150\/revisions"}],"wp:featuredmedia":[{"embeddable":true,"href":"https:\/\/talkpal.ai\/fr\/wp-json\/wp\/v2\/media\/11607"}],"wp:attachment":[{"href":"https:\/\/talkpal.ai\/fr\/wp-json\/wp\/v2\/media?parent=74150"}],"curies":[{"name":"wp","href":"https:\/\/api.w.org\/{rel}","templated":true}]}}