{"id":74105,"date":"2023-06-16T12:01:29","date_gmt":"2023-06-16T12:01:29","guid":{"rendered":"http:\/\/talkpal.ai\/exercices-de-grammaire-bosniaque\/"},"modified":"2025-05-23T12:05:29","modified_gmt":"2025-05-23T12:05:29","slug":"exercices-de-grammaire-bosniaque","status":"publish","type":"page","link":"https:\/\/talkpal.ai\/fr\/exercices-de-grammaire-bosniaque\/","title":{"rendered":"Exercices de grammaire bosniaque"},"content":{"rendered":"\r\n\r\n\r\n<section class=\"languageChallengeSection\">\r\n    <div class=\"languageInfoWrapper\">\r\n        \r\n        <h1>Exercices de grammaire bosniaque<\/h1>\r\n        <p>Pr\u00eat \u00e0 prendre de l&#039;assurance en <a href=\"https:\/\/talkpal.ai\/learn-bosnian\/\">bosniaque<\/a> ? Les exercices de grammaire sont un excellent moyen de ma\u00eetriser la structure des phrases, la forme des verbes et les particularit\u00e9s de la langue bosniaque. Commencez \u00e0 travailler la <a href=\"https:\/\/talkpal.ai\/bosnian-grammar\/\">grammaire bosniaque<\/a> d\u00e8s aujourd&#039;hui et voyez votre compr\u00e9hension et votre aisance s&#039;am\u00e9liorer \u00e0 chaque exercice !\n\n<\/p>\r\n\r\n                            <a class=\"getStartedHidden\" href=\"https:\/\/app.talkpal.ai\/fr\/signup?lng=\">Commencer<\/a>\r\n        \r\n    <\/div>\r\n\r\n    <figure>\r\n    <img decoding=\"async\" width=\"768\" height=\"768\" src=\"https:\/\/talkpal.ai\/wp-content\/uploads\/2023\/06\/bosinian-768x768.png\" class=\"languageImage no-lazy\" alt=\"Default alt text\" fetchpriority=\"high\" sizes=\"(max-width: 768px) 150px, 768px\" srcset=\"https:\/\/talkpal.ai\/wp-content\/uploads\/2023\/06\/bosinian-768x768.png 768w, https:\/\/talkpal.ai\/wp-content\/uploads\/2023\/06\/bosinian-300x300.png 300w\" \/>\r\n    \r\n\r\n    <\/figure>\r\n\r\n            <a class=\"getStartedVisible\" href=\"https:\/\/app.talkpal.ai\/fr\/signup?lng=\">Commencer<\/a>\r\n    \r\n<\/section>\r\n\r\n\r\n<!-- <section class=\"grammarSection\">\r\n    <div class=\"grammarLinks\">\r\n        <a href=\"https:\/\/talkpal.ai\/fr\/exercise_language\/adjectifs-grammaire-bosniaque\/\">Adjectifs <\/a><a href=\"https:\/\/talkpal.ai\/fr\/exercise_language\/adverbes-grammaire-bosniaque\/\">Adverbes <\/a><a href=\"https:\/\/talkpal.ai\/fr\/exercise_language\/articles-grammaire-bosniaque\/\">Articles \u2013 Grammaire bosniaque<\/a><a href=\"https:\/\/talkpal.ai\/fr\/exercise_language\/comparaison-des-temps-grammaire-bosniaque\/\">Comparaison des temps <\/a><a href=\"https:\/\/talkpal.ai\/fr\/exercise_language\/conditionnels-grammaire-bosniaque\/\">Conditionnels \u2013 Grammaire bosniaque<\/a><a href=\"https:\/\/talkpal.ai\/fr\/exercise_language\/noms-grammaire-bosniaque\/\">Noms \u2013 Grammaire bosniaque<\/a><a href=\"https:\/\/talkpal.ai\/fr\/exercise_language\/phrases-grammaire-bosniaque\/\">Phrases \u2013 Grammaire bosniaque<\/a><a href=\"https:\/\/talkpal.ai\/fr\/exercise_language\/prepositions-grammaire-bosniaque\/\">Pr\u00e9positions \u2013 Grammaire bosniaque<\/a><a href=\"https:\/\/talkpal.ai\/fr\/exercise_language\/progressif-grammaire-bosniaque\/\">Progressif \u2013 Grammaire bosniaque<\/a><a href=\"https:\/\/talkpal.ai\/fr\/exercise_language\/progressif-parfait-grammaire-bosniaque\/\">Progressif parfait \u2013 Grammaire bosniaque<\/a><a href=\"https:\/\/talkpal.ai\/fr\/exercise_language\/pronoms-determinants-grammaire-bosniaque\/\">Pronoms\/D\u00e9terminants \u2013 Grammaire bosniaque<\/a><a href=\"https:\/\/talkpal.ai\/fr\/exercise_language\/temps-grammaire-bosniaque\/\">Temps <\/a><a href=\"https:\/\/talkpal.ai\/fr\/exercise_language\/verbes-grammaire-bosniaque\/\">Verbes <\/a>    <\/div>\r\n<\/section> -->\r\n\r\n\r\n\r\n\r\n        <section class=\"grammarSection\">\r\n            <div class=\"grammarLinks\">\r\n                <a href=\"https:\/\/talkpal.ai\/fr\/exercise_language\/adjectifs-grammaire-bosniaque\/\">Adjectifs <\/a><a href=\"https:\/\/talkpal.ai\/fr\/exercise_language\/adverbes-grammaire-bosniaque\/\">Adverbes <\/a><a href=\"https:\/\/talkpal.ai\/fr\/exercise_language\/articles-grammaire-bosniaque\/\">Articles \u2013 Grammaire bosniaque<\/a><a href=\"https:\/\/talkpal.ai\/fr\/exercise_language\/comparaison-des-temps-grammaire-bosniaque\/\">Comparaison des temps <\/a><a href=\"https:\/\/talkpal.ai\/fr\/exercise_language\/conditionnels-grammaire-bosniaque\/\">Conditionnels \u2013 Grammaire bosniaque<\/a><a href=\"https:\/\/talkpal.ai\/fr\/exercise_language\/noms-grammaire-bosniaque\/\">Noms \u2013 Grammaire bosniaque<\/a><a href=\"https:\/\/talkpal.ai\/fr\/exercise_language\/phrases-grammaire-bosniaque\/\">Phrases \u2013 Grammaire bosniaque<\/a><a href=\"https:\/\/talkpal.ai\/fr\/exercise_language\/prepositions-grammaire-bosniaque\/\">Pr\u00e9positions \u2013 Grammaire bosniaque<\/a><a href=\"https:\/\/talkpal.ai\/fr\/exercise_language\/progressif-grammaire-bosniaque\/\">Progressif \u2013 Grammaire bosniaque<\/a><a href=\"https:\/\/talkpal.ai\/fr\/exercise_language\/progressif-parfait-grammaire-bosniaque\/\">Progressif parfait \u2013 Grammaire bosniaque<\/a><a href=\"https:\/\/talkpal.ai\/fr\/exercise_language\/pronoms-determinants-grammaire-bosniaque\/\">Pronoms\/D\u00e9terminants \u2013 Grammaire bosniaque<\/a><a href=\"https:\/\/talkpal.ai\/fr\/exercise_language\/temps-grammaire-bosniaque\/\">Temps <\/a><a href=\"https:\/\/talkpal.ai\/fr\/exercise_language\/verbes-grammaire-bosniaque\/\">Verbes <\/a>            <\/div>\r\n        <\/section>\r\n<section class=\"promotionalBanner\">\r\n    <p class=\"promotionalText\">La fa\u00e7on la plus efficace d\u2019apprendre une langue<\/p>\r\n    <a class=\"promotionalLink\" href=\"https:\/\/app.talkpal.ai\/fr\/signup?lng=\">Essayez Talkpal gratuitement<\/a>\r\n<\/section>\n<div class=\"wp-block-group pageContainerStyle\"><div class=\"wp-block-group__inner-container is-layout-constrained wp-block-group-is-layout-constrained\">\n<h2 class=\"wp-block-heading\" id=\"h-bosnian-grammar-topics\">Sujets de grammaire bosniaque<\/h2>\n\n\n\n<p>Le bosniaque est une langue slave m\u00e9ridionale parl\u00e9e principalement en Bosnie-Herz\u00e9govine, en Serbie, au Mont\u00e9n\u00e9gro et en Croatie. Il est mutuellement intelligible avec le <a href=\"https:\/\/talkpal.ai\/learn-serbian\/\">serbe<\/a> et le <a href=\"https:\/\/talkpal.ai\/learn-croatian\/\">croate<\/a> et fait partie de la langue serbo-croate standardis\u00e9e. <a href=\"https:\/\/talkpal.ai\/fr\/pouvez-vous-apprendre-le-bosniaque-par-vous-meme\/\">Apprendre le bosniaque<\/a> peut \u00eatre une exp\u00e9rience fascinante et enrichissante, car il donne un aper\u00e7u de la riche histoire, de la culture et des traditions de la r\u00e9gion des Balkans. Pour apprendre efficacement le bosniaque, il est essentiel de comprendre son syst\u00e8me grammatical, qui comprend divers <a href=\"https:\/\/talkpal.ai\/zh-hans\/grammar_exercises\/temps-%e6%b3%95%e8%af%ad%e8%af%ad%e6%b3%95%e7%bb%83%e4%b9%a0\/\">temps<\/a>, formes nominales et adjectives, et structures de phrases. Dans ce guide, nous allons explorer la s\u00e9quence des sujets de grammaire bosniaque pour vous aider \u00e0 ma\u00eetriser efficacement la langue.<\/p>\n\n\n\n<h3 class=\"wp-block-heading\" id=\"h-1-nouns-and-articles\">1. Noms et articles :<\/h3>\n\n\n\n<p>Commencez par apprendre les noms, qui sont divis\u00e9s en trois genres (masculin, f\u00e9minin, neutre) et ont des formes singuli\u00e8res et plurielles. Le bosniaque n&rsquo;a pas d&rsquo;articles comme l&rsquo;anglais, mais il utilise des pronoms d\u00e9monstratifs pour indiquer la sp\u00e9cificit\u00e9.<\/p>\n\n\n\n<h3 class=\"wp-block-heading\" id=\"h-2-adjectives\">2. Adjectifs :<\/h3>\n\n\n\n<p>Les adjectifs s\u2019accordent avec les noms en genre, en nombre et en cas. Apprenez \u00e0 former et \u00e0 utiliser des adjectifs pour d\u00e9crire les noms avec pr\u00e9cision.<\/p>\n\n\n\n<h3 class=\"wp-block-heading\" id=\"h-3-pronouns-determiners\">3. Pronoms\/d\u00e9terminants :<\/h3>\n\n\n\n<p>Les pronoms et les d\u00e9terminants bosniaques s\u2019accordent \u00e9galement avec les noms en genre, en nombre et en cas. \u00c9tudiez les pronoms personnels, possessifs, d\u00e9monstratifs et interrogatifs pour am\u00e9liorer vos comp\u00e9tences en communication.<\/p>\n\n\n\n<h3 class=\"wp-block-heading\" id=\"h-4-verbs\">4. Verbes :<\/h3>\n\n\n\n<p>Familiarisez-vous avec les verbes r\u00e9guliers et irr\u00e9guliers, leurs mod\u00e8les de conjugaison et la distinction entre les aspects perfectifs et imperfectifs.<\/p>\n\n\n\n<h3 class=\"wp-block-heading\" id=\"h-5-tenses\">5. Temps :<\/h3>\n\n\n\n<p>Le bosniaque a trois temps : pass\u00e9, pr\u00e9sent et futur. Apprenez \u00e0 former et \u00e0 utiliser ces temps pour exprimer des actions et des \u00e9v\u00e9nements dans diff\u00e9rentes p\u00e9riodes.<\/p>\n\n\n\n<h3 class=\"wp-block-heading\" id=\"h-6-tense-comparison\">6. Comparaison des temps :<\/h3>\n\n\n\n<p>Comprendre les diff\u00e9rences et les similitudes entre les temps, en se concentrant sur leur utilisation dans divers contextes.<\/p>\n\n\n\n<h3 class=\"wp-block-heading\" id=\"h-7-progressive-and-perfect-progressive\">7. Progressif et parfait :<\/h3>\n\n\n\n<p>Le bosniaque n\u2019a pas d\u2019\u00e9quivalent direct aux temps progressifs et progressifs parfaits de l\u2019anglais. Cependant, il utilise l\u2019aspect verbal (perfectif et imperfectif) pour transmettre des significations similaires.<\/p>\n\n\n\n<h3 class=\"wp-block-heading\" id=\"h-8-adverbs\">8. Adverbes :<\/h3>\n\n\n\n<p>\u00c9tudiez les adverbes et leur placement dans les phrases pour exprimer le temps, la mani\u00e8re et le degr\u00e9.<\/p>\n\n\n\n<h3 class=\"wp-block-heading\" id=\"h-9-conditionals\">9. Conditionnels :<\/h3>\n\n\n\n<p>Apprenez \u00e0 former et \u00e0 utiliser des phrases conditionnelles (r\u00e9elles et irr\u00e9elles) pour exprimer des situations hypoth\u00e9tiques et leurs cons\u00e9quences.<\/p>\n\n\n\n<h3 class=\"wp-block-heading\" id=\"h-10-prepositions\">10. Pr\u00e9positions :<\/h3>\n\n\n\n<p>Les pr\u00e9positions sont essentielles pour indiquer les relations entre les mots et les phrases. Apprenez \u00e0 les utiliser avec pr\u00e9cision dans divers contextes.<\/p>\n\n\n\n<h3 class=\"wp-block-heading\" id=\"h-11-sentences\">11. Peines :<\/h3>\n\n\n\n<p>Enfin, entra\u00eenez-vous \u00e0 construire des phrases simples et complexes en utilisant tous les \u00e9l\u00e9ments grammaticaux que vous avez appris. Cela vous aidera \u00e0 d\u00e9velopper une base solide en bosniaque et vous permettra de communiquer efficacement avec des locuteurs natifs.<\/p>\n<\/div><\/div>\n\r\n<section class=\"learnNavigationSection\">\r\n            \r\n        <a href=\"https:\/\/talkpal.ai\/fr\/apprendre-le-bosniaque\/\">\r\n            <div class=\"learnNavigationWrapper\">\r\n                <div class=\"learnNavigationContent\">\r\n                    <img decoding=\"async\" src=\"https:\/\/talkpal.ai\/wp-content\/uploads\/2024\/08\/Bosnian.jpg\" alt=\"Bosnian Flag\">\r\n                    <div>\r\n                        <h4>\u00c0 propos de l&#039;apprentissage en Bosnie<\/h4>\r\n                        <p>Tout savoir sur la grammaire bosniaque.<\/p>\r\n                    <\/div>\r\n                <\/div>\r\n            <\/div>\r\n        <\/a>\r\n\r\n        \r\n        <a href=\"https:\/\/talkpal.ai\/fr\/grammaire-bosniaque\/\">\r\n            <div class=\"learnNavigationWrapper\">\r\n                <div class=\"learnNavigationContent\">\r\n                    <img decoding=\"async\" src=\"https:\/\/talkpal.ai\/wp-content\/uploads\/2024\/08\/Bosnian.jpg\" alt=\"Bosnian Flag\">\r\n                    <div>\r\n                        <h4>Cours de grammaire bosniaque<\/h4>\r\n                        <p>Pratiquez la grammaire bosniaque.<\/p>\r\n                    <\/div>\r\n                <\/div>\r\n            <\/div>\r\n        <\/a>\r\n\r\n        \r\n        <a href=\"https:\/\/talkpal.ai\/vocabulary_language\/bosnian\/\">\r\n            <div class=\"learnNavigationWrapper\">\r\n                <div class=\"learnNavigationContent\">\r\n                    <img decoding=\"async\" src=\"https:\/\/talkpal.ai\/wp-content\/uploads\/2024\/08\/Bosnian.jpg\" alt=\"Bosnian Flag\">\r\n                    <div>\r\n                        <h4>Vocabulaire bosniaque<\/h4>\r\n                        <p>\u00c9largissez votre vocabulaire bosniaque.<\/p>\r\n                    <\/div>\r\n                <\/div>\r\n            <\/div>\r\n        <\/a>\r\n\r\n            <\/section>","protected":false},"excerpt":{"rendered":"<p>Sujets de grammaire bosniaque Le bosniaque est une langue slave m\u00e9ridionale parl\u00e9e principalement en Bosnie-Herz\u00e9govine, en Serbie, au Mont\u00e9n\u00e9gro et en Croatie. Il est mutuellement intelligible avec le serbe et le croate et fait partie de la langue serbo-croate standardis\u00e9e. Apprendre le bosniaque peut \u00eatre une exp\u00e9rience fascinante et enrichissante, car il donne un aper\u00e7u [&hellip;]<\/p>\n","protected":false},"author":6,"featured_media":28204,"parent":0,"menu_order":0,"comment_status":"closed","ping_status":"closed","template":"LearningContentPage.php","meta":{"_acf_changed":false,"footnotes":""},"class_list":["post-74105","page","type-page","status-publish","has-post-thumbnail","hentry"],"acf":[],"yoast_head":"<!-- This site is optimized with the Yoast SEO Premium plugin v27.2 (Yoast SEO v27.2) - https:\/\/yoast.com\/product\/yoast-seo-premium-wordpress\/ -->\n<title>Exercices de grammaire bosniaque - Talkpal<\/title>\n<meta name=\"description\" content=\"Ma\u00eetrisez le bosniaque gr\u00e2ce \u00e0 des exercices de grammaire bosniaque con\u00e7us pour am\u00e9liorer votre compr\u00e9hension des structures et des temps de la phrase.\" \/>\n<meta name=\"robots\" content=\"index, follow, max-snippet:-1, max-image-preview:large, max-video-preview:-1\" \/>\n<link rel=\"canonical\" href=\"https:\/\/talkpal.ai\/fr\/exercices-de-grammaire-bosniaque\/\" \/>\n<meta property=\"og:locale\" content=\"fr_FR\" \/>\n<meta property=\"og:type\" content=\"article\" \/>\n<meta property=\"og:title\" content=\"Exercices de grammaire bosniaque\" \/>\n<meta property=\"og:description\" content=\"Sujets de grammaire bosniaque Le bosniaque est une langue slave m\u00e9ridionale parl\u00e9e principalement en Bosnie-Herz\u00e9govine, en Serbie, au Mont\u00e9n\u00e9gro et en\" \/>\n<meta property=\"og:url\" content=\"https:\/\/talkpal.ai\/fr\/exercices-de-grammaire-bosniaque\/\" \/>\n<meta property=\"og:site_name\" content=\"Talkpal\" \/>\n<meta property=\"article:publisher\" content=\"https:\/\/www.facebook.com\/profile.php?id=100090733639311\" \/>\n<meta property=\"article:modified_time\" content=\"2025-05-23T12:05:29+00:00\" \/>\n<meta property=\"og:image\" content=\"https:\/\/talkpal.ai\/wp-content\/uploads\/2023\/05\/bosnia-and-herzegovina.png\" \/>\n\t<meta property=\"og:image:width\" content=\"512\" \/>\n\t<meta property=\"og:image:height\" content=\"512\" \/>\n\t<meta property=\"og:image:type\" content=\"image\/png\" \/>\n<meta name=\"twitter:card\" content=\"summary_large_image\" \/>\n<meta name=\"twitter:site\" content=\"@talkpalai\" \/>\n<meta name=\"twitter:label1\" content=\"Dur\u00e9e de lecture estim\u00e9e\" \/>\n\t<meta name=\"twitter:data1\" content=\"2 minutes\" \/>\n<script type=\"application\/ld+json\" class=\"yoast-schema-graph\">{\"@context\":\"https:\/\/schema.org\",\"@graph\":[{\"@type\":\"WebPage\",\"@id\":\"https:\/\/talkpal.ai\/fr\/exercices-de-grammaire-bosniaque\/\",\"url\":\"https:\/\/talkpal.ai\/fr\/exercices-de-grammaire-bosniaque\/\",\"name\":\"Exercices de grammaire bosniaque - Talkpal\",\"isPartOf\":{\"@id\":\"https:\/\/talkpal.ai\/fr\/#website\"},\"primaryImageOfPage\":{\"@id\":\"https:\/\/talkpal.ai\/fr\/exercices-de-grammaire-bosniaque\/#primaryimage\"},\"image\":{\"@id\":\"https:\/\/talkpal.ai\/fr\/exercices-de-grammaire-bosniaque\/#primaryimage\"},\"thumbnailUrl\":\"https:\/\/talkpal.ai\/wp-content\/uploads\/2023\/05\/bosnia-and-herzegovina.png\",\"datePublished\":\"2023-06-16T12:01:29+00:00\",\"dateModified\":\"2025-05-23T12:05:29+00:00\",\"description\":\"Ma\u00eetrisez le bosniaque gr\u00e2ce \u00e0 des exercices de grammaire bosniaque con\u00e7us pour am\u00e9liorer votre compr\u00e9hension des structures et des temps de la phrase.\",\"breadcrumb\":{\"@id\":\"https:\/\/talkpal.ai\/fr\/exercices-de-grammaire-bosniaque\/#breadcrumb\"},\"inLanguage\":\"fr-FR\",\"potentialAction\":[{\"@type\":\"ReadAction\",\"target\":[\"https:\/\/talkpal.ai\/fr\/exercices-de-grammaire-bosniaque\/\"]}]},{\"@type\":\"ImageObject\",\"inLanguage\":\"fr-FR\",\"@id\":\"https:\/\/talkpal.ai\/fr\/exercices-de-grammaire-bosniaque\/#primaryimage\",\"url\":\"https:\/\/talkpal.ai\/wp-content\/uploads\/2023\/05\/bosnia-and-herzegovina.png\",\"contentUrl\":\"https:\/\/talkpal.ai\/wp-content\/uploads\/2023\/05\/bosnia-and-herzegovina.png\",\"width\":512,\"height\":512},{\"@type\":\"BreadcrumbList\",\"@id\":\"https:\/\/talkpal.ai\/fr\/exercices-de-grammaire-bosniaque\/#breadcrumb\",\"itemListElement\":[{\"@type\":\"ListItem\",\"position\":1,\"name\":\"Homepage\",\"item\":\"https:\/\/talkpal.ai\/fr\/\"},{\"@type\":\"ListItem\",\"position\":2,\"name\":\"Exercices de grammaire bosniaque\"}]},{\"@type\":\"WebSite\",\"@id\":\"https:\/\/talkpal.ai\/fr\/#website\",\"url\":\"https:\/\/talkpal.ai\/fr\/\",\"name\":\"Talkpal\",\"description\":\"AI Language Learning\",\"publisher\":{\"@id\":\"https:\/\/talkpal.ai\/fr\/#organization\"},\"alternateName\":\"Talkpal AI\",\"potentialAction\":[{\"@type\":\"SearchAction\",\"target\":{\"@type\":\"EntryPoint\",\"urlTemplate\":\"https:\/\/talkpal.ai\/fr\/?s={search_term_string}\"},\"query-input\":{\"@type\":\"PropertyValueSpecification\",\"valueRequired\":true,\"valueName\":\"search_term_string\"}}],\"inLanguage\":\"fr-FR\"},{\"@type\":\"Organization\",\"@id\":\"https:\/\/talkpal.ai\/fr\/#organization\",\"name\":\"Talkpal, Inc.\",\"alternateName\":\"Talkpal AI\",\"url\":\"https:\/\/talkpal.ai\/fr\/\",\"logo\":{\"@type\":\"ImageObject\",\"inLanguage\":\"fr-FR\",\"@id\":\"https:\/\/talkpal.ai\/fr\/#\/schema\/logo\/image\/\",\"url\":\"https:\/\/talkpal.ai\/wp-content\/uploads\/2024\/03\/Talkpal-Logo-Icon.png\",\"contentUrl\":\"https:\/\/talkpal.ai\/wp-content\/uploads\/2024\/03\/Talkpal-Logo-Icon.png\",\"width\":2880,\"height\":2880,\"caption\":\"Talkpal, Inc.\"},\"image\":{\"@id\":\"https:\/\/talkpal.ai\/fr\/#\/schema\/logo\/image\/\"},\"sameAs\":[\"https:\/\/www.facebook.com\/profile.php?id=100090733639311\",\"https:\/\/x.com\/talkpalai\",\"https:\/\/www.linkedin.com\/company\/talkpal\/\",\"https:\/\/www.youtube.com\/@TalkPal\/\",\"https:\/\/www.tiktok.com\/@talkpal\",\"https:\/\/www.instagram.com\/talkpal_ai\/\",\"https:\/\/www.crunchbase.com\/organization\/talkpal-9cde\",\"https:\/\/www.g2.com\/products\/talkpal-for-business\/\",\"https:\/\/www.trustpilot.com\/review\/talkpal.ai\",\"https:\/\/www.capterra.com\/p\/10006800\/TalkPal\/\"],\"description\":\"Talkpal is a language learning web and mobile education app, powered by the latest AI technologies, that provides engaging experiences to its customers in many different languages to help them improve their language skills. Users can chat about unlimited amount of topics with the app and use other modes to practice their language learning.\",\"email\":\"support@talkpal.ai\",\"legalName\":\"Talkpal, Inc.\",\"foundingDate\":\"2023-04-03\",\"duns\":\"118989042\",\"numberOfEmployees\":{\"@type\":\"QuantitativeValue\",\"minValue\":\"11\",\"maxValue\":\"50\"},\"publishingPrinciples\":\"https:\/\/talkpal.ai\/publishing-principles\/\",\"actionableFeedbackPolicy\":\"https:\/\/talkpal.ai\/actionable-feedback-policy\/\",\"correctionsPolicy\":\"https:\/\/talkpal.ai\/corrections-policy\/\",\"ethicsPolicy\":\"https:\/\/talkpal.ai\/ethics-policy\/\",\"diversityPolicy\":\"https:\/\/talkpal.ai\/diversity-policy\/\",\"diversityStaffingReport\":\"https:\/\/talkpal.ai\/diversity-policy\/\"}]}<\/script>\n<!-- \/ Yoast SEO Premium plugin. -->","yoast_head_json":{"title":"Exercices de grammaire bosniaque - Talkpal","description":"Ma\u00eetrisez le bosniaque gr\u00e2ce \u00e0 des exercices de grammaire bosniaque con\u00e7us pour am\u00e9liorer votre compr\u00e9hension des structures et des temps de la phrase.","robots":{"index":"index","follow":"follow","max-snippet":"max-snippet:-1","max-image-preview":"max-image-preview:large","max-video-preview":"max-video-preview:-1"},"canonical":"https:\/\/talkpal.ai\/fr\/exercices-de-grammaire-bosniaque\/","og_locale":"fr_FR","og_type":"article","og_title":"Exercices de grammaire bosniaque","og_description":"Sujets de grammaire bosniaque Le bosniaque est une langue slave m\u00e9ridionale parl\u00e9e principalement en Bosnie-Herz\u00e9govine, en Serbie, au Mont\u00e9n\u00e9gro et en","og_url":"https:\/\/talkpal.ai\/fr\/exercices-de-grammaire-bosniaque\/","og_site_name":"Talkpal","article_publisher":"https:\/\/www.facebook.com\/profile.php?id=100090733639311","article_modified_time":"2025-05-23T12:05:29+00:00","og_image":[{"width":512,"height":512,"url":"https:\/\/talkpal.ai\/wp-content\/uploads\/2023\/05\/bosnia-and-herzegovina.png","type":"image\/png"}],"twitter_card":"summary_large_image","twitter_site":"@talkpalai","twitter_misc":{"Dur\u00e9e de lecture estim\u00e9e":"2 minutes"},"schema":{"@context":"https:\/\/schema.org","@graph":[{"@type":"WebPage","@id":"https:\/\/talkpal.ai\/fr\/exercices-de-grammaire-bosniaque\/","url":"https:\/\/talkpal.ai\/fr\/exercices-de-grammaire-bosniaque\/","name":"Exercices de grammaire bosniaque - Talkpal","isPartOf":{"@id":"https:\/\/talkpal.ai\/fr\/#website"},"primaryImageOfPage":{"@id":"https:\/\/talkpal.ai\/fr\/exercices-de-grammaire-bosniaque\/#primaryimage"},"image":{"@id":"https:\/\/talkpal.ai\/fr\/exercices-de-grammaire-bosniaque\/#primaryimage"},"thumbnailUrl":"https:\/\/talkpal.ai\/wp-content\/uploads\/2023\/05\/bosnia-and-herzegovina.png","datePublished":"2023-06-16T12:01:29+00:00","dateModified":"2025-05-23T12:05:29+00:00","description":"Ma\u00eetrisez le bosniaque gr\u00e2ce \u00e0 des exercices de grammaire bosniaque con\u00e7us pour am\u00e9liorer votre compr\u00e9hension des structures et des temps de la phrase.","breadcrumb":{"@id":"https:\/\/talkpal.ai\/fr\/exercices-de-grammaire-bosniaque\/#breadcrumb"},"inLanguage":"fr-FR","potentialAction":[{"@type":"ReadAction","target":["https:\/\/talkpal.ai\/fr\/exercices-de-grammaire-bosniaque\/"]}]},{"@type":"ImageObject","inLanguage":"fr-FR","@id":"https:\/\/talkpal.ai\/fr\/exercices-de-grammaire-bosniaque\/#primaryimage","url":"https:\/\/talkpal.ai\/wp-content\/uploads\/2023\/05\/bosnia-and-herzegovina.png","contentUrl":"https:\/\/talkpal.ai\/wp-content\/uploads\/2023\/05\/bosnia-and-herzegovina.png","width":512,"height":512},{"@type":"BreadcrumbList","@id":"https:\/\/talkpal.ai\/fr\/exercices-de-grammaire-bosniaque\/#breadcrumb","itemListElement":[{"@type":"ListItem","position":1,"name":"Homepage","item":"https:\/\/talkpal.ai\/fr\/"},{"@type":"ListItem","position":2,"name":"Exercices de grammaire bosniaque"}]},{"@type":"WebSite","@id":"https:\/\/talkpal.ai\/fr\/#website","url":"https:\/\/talkpal.ai\/fr\/","name":"Talkpal","description":"AI Language Learning","publisher":{"@id":"https:\/\/talkpal.ai\/fr\/#organization"},"alternateName":"Talkpal AI","potentialAction":[{"@type":"SearchAction","target":{"@type":"EntryPoint","urlTemplate":"https:\/\/talkpal.ai\/fr\/?s={search_term_string}"},"query-input":{"@type":"PropertyValueSpecification","valueRequired":true,"valueName":"search_term_string"}}],"inLanguage":"fr-FR"},{"@type":"Organization","@id":"https:\/\/talkpal.ai\/fr\/#organization","name":"Talkpal, Inc.","alternateName":"Talkpal AI","url":"https:\/\/talkpal.ai\/fr\/","logo":{"@type":"ImageObject","inLanguage":"fr-FR","@id":"https:\/\/talkpal.ai\/fr\/#\/schema\/logo\/image\/","url":"https:\/\/talkpal.ai\/wp-content\/uploads\/2024\/03\/Talkpal-Logo-Icon.png","contentUrl":"https:\/\/talkpal.ai\/wp-content\/uploads\/2024\/03\/Talkpal-Logo-Icon.png","width":2880,"height":2880,"caption":"Talkpal, Inc."},"image":{"@id":"https:\/\/talkpal.ai\/fr\/#\/schema\/logo\/image\/"},"sameAs":["https:\/\/www.facebook.com\/profile.php?id=100090733639311","https:\/\/x.com\/talkpalai","https:\/\/www.linkedin.com\/company\/talkpal\/","https:\/\/www.youtube.com\/@TalkPal\/","https:\/\/www.tiktok.com\/@talkpal","https:\/\/www.instagram.com\/talkpal_ai\/","https:\/\/www.crunchbase.com\/organization\/talkpal-9cde","https:\/\/www.g2.com\/products\/talkpal-for-business\/","https:\/\/www.trustpilot.com\/review\/talkpal.ai","https:\/\/www.capterra.com\/p\/10006800\/TalkPal\/"],"description":"Talkpal is a language learning web and mobile education app, powered by the latest AI technologies, that provides engaging experiences to its customers in many different languages to help them improve their language skills. Users can chat about unlimited amount of topics with the app and use other modes to practice their language learning.","email":"support@talkpal.ai","legalName":"Talkpal, Inc.","foundingDate":"2023-04-03","duns":"118989042","numberOfEmployees":{"@type":"QuantitativeValue","minValue":"11","maxValue":"50"},"publishingPrinciples":"https:\/\/talkpal.ai\/publishing-principles\/","actionableFeedbackPolicy":"https:\/\/talkpal.ai\/actionable-feedback-policy\/","correctionsPolicy":"https:\/\/talkpal.ai\/corrections-policy\/","ethicsPolicy":"https:\/\/talkpal.ai\/ethics-policy\/","diversityPolicy":"https:\/\/talkpal.ai\/diversity-policy\/","diversityStaffingReport":"https:\/\/talkpal.ai\/diversity-policy\/"}]}},"_links":{"self":[{"href":"https:\/\/talkpal.ai\/fr\/wp-json\/wp\/v2\/pages\/74105","targetHints":{"allow":["GET"]}}],"collection":[{"href":"https:\/\/talkpal.ai\/fr\/wp-json\/wp\/v2\/pages"}],"about":[{"href":"https:\/\/talkpal.ai\/fr\/wp-json\/wp\/v2\/types\/page"}],"author":[{"embeddable":true,"href":"https:\/\/talkpal.ai\/fr\/wp-json\/wp\/v2\/users\/6"}],"replies":[{"embeddable":true,"href":"https:\/\/talkpal.ai\/fr\/wp-json\/wp\/v2\/comments?post=74105"}],"version-history":[{"count":0,"href":"https:\/\/talkpal.ai\/fr\/wp-json\/wp\/v2\/pages\/74105\/revisions"}],"wp:featuredmedia":[{"embeddable":true,"href":"https:\/\/talkpal.ai\/fr\/wp-json\/wp\/v2\/media\/28204"}],"wp:attachment":[{"href":"https:\/\/talkpal.ai\/fr\/wp-json\/wp\/v2\/media?parent=74105"}],"curies":[{"name":"wp","href":"https:\/\/api.w.org\/{rel}","templated":true}]}}