{"id":74096,"date":"2023-06-16T13:02:09","date_gmt":"2023-06-16T13:02:09","guid":{"rendered":"http:\/\/talkpal.ai\/exercices-de-grammaire-croate\/"},"modified":"2025-12-17T16:27:03","modified_gmt":"2025-12-17T16:27:03","slug":"exercices-de-grammaire-croate","status":"publish","type":"page","link":"https:\/\/talkpal.ai\/fr\/exercices-de-grammaire-croate\/","title":{"rendered":"Exercices de grammaire croate"},"content":{"rendered":"\r\n\r\n\r\n<section class=\"languageChallengeSection\">\r\n    <div class=\"languageInfoWrapper\">\r\n        \r\n        <h1>Exercices de grammaire croate<\/h1>\r\n        <p>Vous voulez \u00eatre plus s\u00fbr de vous en <a href=\"https:\/\/talkpal.ai\/learn-croatian\/\">croate<\/a> ? Les exercices de grammaire vous aideront \u00e0 ma\u00eetriser la structure des phrases, la forme des verbes et les particularit\u00e9s de la langue croate. Commencez \u00e0 explorer la <a href=\"https:\/\/talkpal.ai\/es\/gramatica-croata\/\">grammaire croate<\/a> d\u00e8s aujourd&#039;hui et observez vos comp\u00e9tences et votre aisance s&#039;am\u00e9liorer \u00e0 chaque nouvel exercice !\n\n<\/p>\r\n\r\n                            <a class=\"getStartedHidden\" href=\"https:\/\/app.talkpal.ai\/fr\/signup?lng=\">Commencer<\/a>\r\n        \r\n    <\/div>\r\n\r\n    <figure>\r\n    <img decoding=\"async\" width=\"768\" height=\"768\" src=\"https:\/\/talkpal.ai\/wp-content\/uploads\/2023\/06\/croatian-768x768.png\" class=\"languageImage no-lazy\" alt=\"Default alt text\" fetchpriority=\"high\" sizes=\"(max-width: 768px) 150px, 768px\" srcset=\"https:\/\/talkpal.ai\/wp-content\/uploads\/2023\/06\/croatian-768x768.png 768w, https:\/\/talkpal.ai\/wp-content\/uploads\/2023\/06\/croatian-300x300.png 300w\" \/>\r\n    \r\n\r\n    <\/figure>\r\n\r\n            <a class=\"getStartedVisible\" href=\"https:\/\/app.talkpal.ai\/fr\/signup?lng=\">Commencer<\/a>\r\n    \r\n<\/section>\r\n\r\n\r\n<!-- <section class=\"grammarSection\">\r\n    <div class=\"grammarLinks\">\r\n        <a href=\"https:\/\/talkpal.ai\/fr\/exercise_language\/adjectifs-grammaire-croate\/\">Adjectifs <\/a><a href=\"https:\/\/talkpal.ai\/fr\/exercise_language\/adverbes-grammaire-croate\/\">Adverbes \u2013 Grammaire croate<\/a><a href=\"https:\/\/talkpal.ai\/fr\/exercise_language\/articles-grammaire-croate\/\">Articles \u2013 Grammaire croate<\/a><a href=\"https:\/\/talkpal.ai\/fr\/exercise_language\/comparaison-des-temps-grammaire-croate\/\">Comparaison des temps \u2013 Grammaire croate<\/a><a href=\"https:\/\/talkpal.ai\/fr\/exercise_language\/conditionnels-grammaire-croate\/\">Conditionnels \u2013 Grammaire croate<\/a><a href=\"https:\/\/talkpal.ai\/fr\/exercise_language\/noms-grammaire-croate\/\">Noms \u2013 Grammaire croate<\/a><a href=\"https:\/\/talkpal.ai\/fr\/exercise_language\/phrases-grammaire-croate\/\">Phrases \u2013 Grammaire croate<\/a><a href=\"https:\/\/talkpal.ai\/fr\/exercise_language\/prepositions-grammaire-croate\/\">Pr\u00e9positions \u2013 Grammaire croate<\/a><a href=\"https:\/\/talkpal.ai\/fr\/exercise_language\/progressif-grammaire-croate\/\">Progressif <\/a><a href=\"https:\/\/talkpal.ai\/fr\/exercise_language\/progressif-parfait-grammaire-croate\/\">Progressif parfait \u2013 Grammaire croate<\/a><a href=\"https:\/\/talkpal.ai\/fr\/exercise_language\/pronoms-determinants-grammaire-croate\/\">Pronoms\/D\u00e9terminants <\/a><a href=\"https:\/\/talkpal.ai\/fr\/exercise_language\/temps-grammaire-croate\/\">Temps <\/a><a href=\"https:\/\/talkpal.ai\/fr\/exercise_language\/verbes-grammaire-croate\/\">Verbes <\/a>    <\/div>\r\n<\/section> -->\r\n\r\n\r\n\r\n\r\n        <section class=\"grammarSection\">\r\n            <div class=\"grammarLinks\">\r\n                <a href=\"https:\/\/talkpal.ai\/fr\/exercise_language\/adjectifs-grammaire-croate\/\">Adjectifs <\/a><a href=\"https:\/\/talkpal.ai\/fr\/exercise_language\/adverbes-grammaire-croate\/\">Adverbes \u2013 Grammaire croate<\/a><a href=\"https:\/\/talkpal.ai\/fr\/exercise_language\/articles-grammaire-croate\/\">Articles \u2013 Grammaire croate<\/a><a href=\"https:\/\/talkpal.ai\/fr\/exercise_language\/comparaison-des-temps-grammaire-croate\/\">Comparaison des temps \u2013 Grammaire croate<\/a><a href=\"https:\/\/talkpal.ai\/fr\/exercise_language\/conditionnels-grammaire-croate\/\">Conditionnels \u2013 Grammaire croate<\/a><a href=\"https:\/\/talkpal.ai\/fr\/exercise_language\/noms-grammaire-croate\/\">Noms \u2013 Grammaire croate<\/a><a href=\"https:\/\/talkpal.ai\/fr\/exercise_language\/phrases-grammaire-croate\/\">Phrases \u2013 Grammaire croate<\/a><a href=\"https:\/\/talkpal.ai\/fr\/exercise_language\/prepositions-grammaire-croate\/\">Pr\u00e9positions \u2013 Grammaire croate<\/a><a href=\"https:\/\/talkpal.ai\/fr\/exercise_language\/progressif-grammaire-croate\/\">Progressif <\/a><a href=\"https:\/\/talkpal.ai\/fr\/exercise_language\/progressif-parfait-grammaire-croate\/\">Progressif parfait \u2013 Grammaire croate<\/a><a href=\"https:\/\/talkpal.ai\/fr\/exercise_language\/pronoms-determinants-grammaire-croate\/\">Pronoms\/D\u00e9terminants <\/a><a href=\"https:\/\/talkpal.ai\/fr\/exercise_language\/temps-grammaire-croate\/\">Temps <\/a><a href=\"https:\/\/talkpal.ai\/fr\/exercise_language\/verbes-grammaire-croate\/\">Verbes <\/a>            <\/div>\r\n        <\/section>\r\n<section class=\"promotionalBanner\">\r\n    <p class=\"promotionalText\">La fa\u00e7on la plus efficace d\u2019apprendre une langue<\/p>\r\n    <a class=\"promotionalLink\" href=\"https:\/\/app.talkpal.ai\/fr\/signup?lng=\">Essayez Talkpal gratuitement<\/a>\r\n<\/section>\n<div class=\"wp-block-group pageContainerStyle\"><div class=\"wp-block-group__inner-container is-layout-constrained wp-block-group-is-layout-constrained\">\n<h2 class=\"wp-block-heading\" id=\"h-croatian-grammar-topics\">Sujets de grammaire croate<\/h2>\n\n\n\n<p>Le croate, une langue slave du sud, est la langue officielle de la Croatie et l\u2019une des langues officielles de la Bosnie-Herz\u00e9govine. C\u2019est une langue complexe et riche, avec une longue histoire et un syst\u00e8me grammatical unique. Pour les apprenants, il est essentiel de comprendre les aspects fondamentaux de la grammaire croate pour ma\u00eetriser la langue. Ce guide vous aidera \u00e0 naviguer \u00e0 travers les principaux sujets de grammaire tels que les <a href=\"https:\/\/talkpal.ai\/zh-hans\/grammar_exercises\/temps-%e6%b3%95%e8%af%ad%e8%af%ad%e6%b3%95%e7%bb%83%e4%b9%a0\/\">temps<\/a>, les verbes, les noms, etc., dans un ordre qui facilitera votre processus d\u2019apprentissage et fournira une base solide pour ma\u00eetriser cette belle langue.<\/p>\n\n\n\n<h3 class=\"wp-block-heading\" id=\"h-1-nouns\">1. Noms :<\/h3>\n\n\n\n<p>Les noms sont le premier \u00e9l\u00e9ment constitutif de toute langue, et les noms croates ont trois genres &#8211; masculin, f\u00e9minin et neutre &#8211; qui affectent la d\u00e9clinaison et l&rsquo;accord avec les adjectifs et les pronoms. Familiarisez-vous avec les diff\u00e9rents genres et leurs <a href=\"https:\/\/talkpal.ai\/learn-finnish\/\">fins<\/a> respectives.<\/p>\n\n\n\n<h3 class=\"wp-block-heading\" id=\"h-2-articles\">2. Articles:<\/h3>\n\n\n\n<p>Le croate n&rsquo;a pas d&rsquo;articles comme \u00ab\u00a0the\u00a0\u00bb ou \u00ab\u00a0a\u00a0\u00bb en <a href=\"https:\/\/talkpal.ai\/learn-english-with-ai\/\">anglais<\/a>, ce qui permet aux d\u00e9butants de <a href=\"https:\/\/talkpal.ai\/ko\/ai-%ec%96%b8%ec%96%b4-%ea%b5%90%ec%82%ac\/\">commencer<\/a> \u00e0 construire des phrases simples sans se soucier de l&rsquo;utilisation des articles.<\/p>\n\n\n\n<h3 class=\"wp-block-heading\" id=\"h-3-pronouns-determiners\">3. Pronoms\/d\u00e9terminants :<\/h3>\n\n\n\n<p>Les pronoms sont utilis\u00e9s pour remplacer les noms dans les phrases, tandis que les d\u00e9terminants indiquent la sp\u00e9cificit\u00e9 d\u2019un nom. Apprenez les diff\u00e9rents types de pronoms (personnel, possessif, d\u00e9monstratif, etc.) et leur d\u00e9clinaison en fonction du genre, du nombre et du cas.<\/p>\n\n\n\n<h3 class=\"wp-block-heading\" id=\"h-4-adjectives\">4. Adjectifs :<\/h3>\n\n\n\n<p>Les adjectifs d\u00e9crivent les qualit\u00e9s des noms, et ils s\u2019accordent avec le genre, le nombre et la casse du nom qu\u2019ils modifient. Apprenez les formes de base et les mod\u00e8les de d\u00e9clinaison des adjectifs.<\/p>\n\n\n\n<h3 class=\"wp-block-heading\" id=\"h-5-verbs\">5. Verbes :<\/h3>\n\n\n\n<p>Les verbes sont au c\u0153ur de toute phrase, exprimant des actions ou des \u00e9tats. Les verbes croates sont conjugu\u00e9s en fonction du temps, de l\u2019humeur, de la voix et de la personne. Commencez par les <a href=\"https:\/\/talkpal.ai\/fr\/grammar\/verbes-reguliers-en-grammaire-thai\/\">verbes r\u00e9guliers<\/a> les plus courants et leurs mod\u00e8les de conjugaison au pr\u00e9sent.<\/p>\n\n\n\n<h3 class=\"wp-block-heading\" id=\"h-6-tenses\">6. Temps :<\/h3>\n\n\n\n<p>Le croate compte sept temps : le pr\u00e9sent, le futur I, le futur II, le pass\u00e9, le pluperfect, l&rsquo;aoriste et l&rsquo;imparfait. Commencez par le pr\u00e9sent, puis passez au pass\u00e9 et au futur, en apprenant les mod\u00e8les de conjugaison pour chacun.<\/p>\n\n\n\n<h3 class=\"wp-block-heading\" id=\"h-7-tense-comparison\">7. Comparaison tendue :<\/h3>\n\n\n\n<p>Comprendre les diff\u00e9rences et les similitudes entre les temps est crucial pour ma\u00eetriser le croate. Comparez les temps et entra\u00eenez-vous \u00e0 les utiliser dans leur contexte.<\/p>\n\n\n\n<h3 class=\"wp-block-heading\" id=\"h-8-progressive\">8. Progressif :<\/h3>\n\n\n\n<p>L\u2019aspect progressif exprime des actions qui sont continues ou continues. Le croate n\u2019a pas de forme progressive distincte comme l\u2019anglais, mais vous pouvez transmettre le sens progressif en utilisant des formes verbales, des adverbes ou des constructions sp\u00e9cifiques.<\/p>\n\n\n\n<h3 class=\"wp-block-heading\" id=\"h-9-perfect-progressive\">9. Progressif parfait :<\/h3>\n\n\n\n<p>Cet aspect combine les significations parfaites et progressives. En croate, il s\u2019exprime en utilisant le temps parfait avec une forme verbale ou une construction sp\u00e9cifique qui indique une action continue.<\/p>\n\n\n\n<h3 class=\"wp-block-heading\" id=\"h-10-adverbs\">10. Adverbes :<\/h3>\n\n\n\n<p>Les adverbes modifient les verbes, les adjectifs ou d\u2019autres adverbes, et ils indiquent g\u00e9n\u00e9ralement la mani\u00e8re, le lieu, le temps ou le degr\u00e9. Apprenez les adverbes croates les plus courants et leur placement dans les phrases.<\/p>\n\n\n\n<h3 class=\"wp-block-heading\" id=\"h-11-prepositions\">11. Pr\u00e9positions :<\/h3>\n\n\n\n<p>Les pr\u00e9positions sont utilis\u00e9es pour indiquer les relations entre les mots, telles que le lieu, la direction, le temps ou la possession. Apprenez les pr\u00e9positions croates les plus courantes et les cas qu\u2019elles r\u00e9gissent.<\/p>\n\n\n\n<h3 class=\"wp-block-heading\" id=\"h-12-conditionals\">12. Conditionnels :<\/h3>\n\n\n\n<p>Les conditionnels expriment des situations ou des conditions hypoth\u00e9tiques et leurs cons\u00e9quences. Le croate conna\u00eet trois types de conditionnels : r\u00e9el, irr\u00e9el et mixte. Apprenez la formation et l\u2019utilisation de chaque type.<\/p>\n\n\n\n<h3 class=\"wp-block-heading\" id=\"h-13-sentences\">13. Peines :<\/h3>\n\n\n\n<p>Enfin, entra\u00eenez-vous \u00e0 combiner tous les \u00e9l\u00e9ments grammaticaux que vous avez appris pour construire des phrases simples et complexes en croate. Cela vous aidera \u00e0 d\u00e9velopper votre ma\u00eetrise de la langue et votre compr\u00e9hension de la grammaire croate dans son ensemble.<\/p>\n<\/div><\/div>\n\r\n<section class=\"learnNavigationSection\">\r\n            \r\n        <a href=\"https:\/\/talkpal.ai\/fr\/apprendre-le-croate\/\">\r\n            <div class=\"learnNavigationWrapper\">\r\n                <div class=\"learnNavigationContent\">\r\n                    <img decoding=\"async\" src=\"https:\/\/talkpal.ai\/wp-content\/uploads\/2024\/08\/Croatian.jpg\" alt=\"Croatian Flag\">\r\n                    <div>\r\n                        <h4>\u00c0 propos de l&#039;apprentissage du croate<\/h4>\r\n                        <p>Tout savoir sur la grammaire croate.<\/p>\r\n                    <\/div>\r\n                <\/div>\r\n            <\/div>\r\n        <\/a>\r\n\r\n        \r\n        <a href=\"https:\/\/talkpal.ai\/fr\/grammaire-croate\/\">\r\n            <div class=\"learnNavigationWrapper\">\r\n                <div class=\"learnNavigationContent\">\r\n                    <img decoding=\"async\" src=\"https:\/\/talkpal.ai\/wp-content\/uploads\/2024\/08\/Croatian.jpg\" alt=\"Croatian Flag\">\r\n                    <div>\r\n                        <h4>Le\u00e7ons de grammaire croate<\/h4>\r\n                        <p>Pratiquez la grammaire croate.<\/p>\r\n                    <\/div>\r\n                <\/div>\r\n            <\/div>\r\n        <\/a>\r\n\r\n        \r\n        <a href=\"https:\/\/talkpal.ai\/vocabulary_language\/croatian\/\">\r\n            <div class=\"learnNavigationWrapper\">\r\n                <div class=\"learnNavigationContent\">\r\n                    <img decoding=\"async\" src=\"https:\/\/talkpal.ai\/wp-content\/uploads\/2024\/08\/Croatian.jpg\" alt=\"Croatian Flag\">\r\n                    <div>\r\n                        <h4>Vocabulaire croate<\/h4>\r\n                        <p>\u00c9largissez votre vocabulaire croate.<\/p>\r\n                    <\/div>\r\n                <\/div>\r\n            <\/div>\r\n        <\/a>\r\n\r\n            <\/section>","protected":false},"excerpt":{"rendered":"<p>Sujets de grammaire croate Le croate, une langue slave du sud, est la langue officielle de la Croatie et l\u2019une des langues officielles de la Bosnie-Herz\u00e9govine. C\u2019est une langue complexe et riche, avec une longue histoire et un syst\u00e8me grammatical unique. Pour les apprenants, il est essentiel de comprendre les aspects fondamentaux de la grammaire [&hellip;]<\/p>\n","protected":false},"author":6,"featured_media":28252,"parent":0,"menu_order":0,"comment_status":"closed","ping_status":"closed","template":"LearningContentPage.php","meta":{"_acf_changed":false,"footnotes":""},"class_list":["post-74096","page","type-page","status-publish","has-post-thumbnail","hentry"],"acf":[],"yoast_head":"<!-- This site is optimized with the Yoast SEO Premium plugin v27.2 (Yoast SEO v27.2) - https:\/\/yoast.com\/product\/yoast-seo-premium-wordpress\/ -->\n<title>Exercices de grammaire croate - Talkpal<\/title>\n<meta name=\"description\" content=\"Ma\u00eetrisez le croate gr\u00e2ce \u00e0 des exercices de grammaire croate efficaces qui simplifient l&#039;apprentissage des temps, des verbes et des noms pour les utilisateurs.\" \/>\n<meta name=\"robots\" content=\"index, follow, max-snippet:-1, max-image-preview:large, max-video-preview:-1\" \/>\n<link rel=\"canonical\" href=\"https:\/\/talkpal.ai\/fr\/exercices-de-grammaire-croate\/\" \/>\n<meta property=\"og:locale\" content=\"fr_FR\" \/>\n<meta property=\"og:type\" content=\"article\" \/>\n<meta property=\"og:title\" content=\"Exercices de grammaire croate\" \/>\n<meta property=\"og:description\" content=\"Sujets de grammaire croate Le croate, une langue slave du sud, est la langue officielle de la Croatie et l\u2019une des langues officielles de la\" \/>\n<meta property=\"og:url\" content=\"https:\/\/talkpal.ai\/fr\/exercices-de-grammaire-croate\/\" \/>\n<meta property=\"og:site_name\" content=\"Talkpal\" \/>\n<meta property=\"article:publisher\" content=\"https:\/\/www.facebook.com\/profile.php?id=100090733639311\" \/>\n<meta property=\"article:modified_time\" content=\"2025-12-17T16:27:03+00:00\" \/>\n<meta property=\"og:image\" content=\"https:\/\/talkpal.ai\/wp-content\/uploads\/2023\/05\/croatia.png\" \/>\n\t<meta property=\"og:image:width\" content=\"512\" \/>\n\t<meta property=\"og:image:height\" content=\"512\" \/>\n\t<meta property=\"og:image:type\" content=\"image\/png\" \/>\n<meta name=\"twitter:card\" content=\"summary_large_image\" \/>\n<meta name=\"twitter:site\" content=\"@talkpalai\" \/>\n<meta name=\"twitter:label1\" content=\"Dur\u00e9e de lecture estim\u00e9e\" \/>\n\t<meta name=\"twitter:data1\" content=\"3 minutes\" \/>\n<script type=\"application\/ld+json\" class=\"yoast-schema-graph\">{\"@context\":\"https:\/\/schema.org\",\"@graph\":[{\"@type\":\"WebPage\",\"@id\":\"https:\/\/talkpal.ai\/fr\/exercices-de-grammaire-croate\/\",\"url\":\"https:\/\/talkpal.ai\/fr\/exercices-de-grammaire-croate\/\",\"name\":\"Exercices de grammaire croate - Talkpal\",\"isPartOf\":{\"@id\":\"https:\/\/talkpal.ai\/fr\/#website\"},\"primaryImageOfPage\":{\"@id\":\"https:\/\/talkpal.ai\/fr\/exercices-de-grammaire-croate\/#primaryimage\"},\"image\":{\"@id\":\"https:\/\/talkpal.ai\/fr\/exercices-de-grammaire-croate\/#primaryimage\"},\"thumbnailUrl\":\"https:\/\/talkpal.ai\/wp-content\/uploads\/2023\/05\/croatia.png\",\"datePublished\":\"2023-06-16T13:02:09+00:00\",\"dateModified\":\"2025-12-17T16:27:03+00:00\",\"description\":\"Ma\u00eetrisez le croate gr\u00e2ce \u00e0 des exercices de grammaire croate efficaces qui simplifient l'apprentissage des temps, des verbes et des noms pour les utilisateurs.\",\"breadcrumb\":{\"@id\":\"https:\/\/talkpal.ai\/fr\/exercices-de-grammaire-croate\/#breadcrumb\"},\"inLanguage\":\"fr-FR\",\"potentialAction\":[{\"@type\":\"ReadAction\",\"target\":[\"https:\/\/talkpal.ai\/fr\/exercices-de-grammaire-croate\/\"]}]},{\"@type\":\"ImageObject\",\"inLanguage\":\"fr-FR\",\"@id\":\"https:\/\/talkpal.ai\/fr\/exercices-de-grammaire-croate\/#primaryimage\",\"url\":\"https:\/\/talkpal.ai\/wp-content\/uploads\/2023\/05\/croatia.png\",\"contentUrl\":\"https:\/\/talkpal.ai\/wp-content\/uploads\/2023\/05\/croatia.png\",\"width\":512,\"height\":512},{\"@type\":\"BreadcrumbList\",\"@id\":\"https:\/\/talkpal.ai\/fr\/exercices-de-grammaire-croate\/#breadcrumb\",\"itemListElement\":[{\"@type\":\"ListItem\",\"position\":1,\"name\":\"Homepage\",\"item\":\"https:\/\/talkpal.ai\/fr\/\"},{\"@type\":\"ListItem\",\"position\":2,\"name\":\"Exercices de grammaire croate\"}]},{\"@type\":\"WebSite\",\"@id\":\"https:\/\/talkpal.ai\/fr\/#website\",\"url\":\"https:\/\/talkpal.ai\/fr\/\",\"name\":\"Talkpal\",\"description\":\"AI Language Learning\",\"publisher\":{\"@id\":\"https:\/\/talkpal.ai\/fr\/#organization\"},\"alternateName\":\"Talkpal AI\",\"potentialAction\":[{\"@type\":\"SearchAction\",\"target\":{\"@type\":\"EntryPoint\",\"urlTemplate\":\"https:\/\/talkpal.ai\/fr\/?s={search_term_string}\"},\"query-input\":{\"@type\":\"PropertyValueSpecification\",\"valueRequired\":true,\"valueName\":\"search_term_string\"}}],\"inLanguage\":\"fr-FR\"},{\"@type\":\"Organization\",\"@id\":\"https:\/\/talkpal.ai\/fr\/#organization\",\"name\":\"Talkpal, Inc.\",\"alternateName\":\"Talkpal AI\",\"url\":\"https:\/\/talkpal.ai\/fr\/\",\"logo\":{\"@type\":\"ImageObject\",\"inLanguage\":\"fr-FR\",\"@id\":\"https:\/\/talkpal.ai\/fr\/#\/schema\/logo\/image\/\",\"url\":\"https:\/\/talkpal.ai\/wp-content\/uploads\/2024\/03\/Talkpal-Logo-Icon.png\",\"contentUrl\":\"https:\/\/talkpal.ai\/wp-content\/uploads\/2024\/03\/Talkpal-Logo-Icon.png\",\"width\":2880,\"height\":2880,\"caption\":\"Talkpal, Inc.\"},\"image\":{\"@id\":\"https:\/\/talkpal.ai\/fr\/#\/schema\/logo\/image\/\"},\"sameAs\":[\"https:\/\/www.facebook.com\/profile.php?id=100090733639311\",\"https:\/\/x.com\/talkpalai\",\"https:\/\/www.linkedin.com\/company\/talkpal\/\",\"https:\/\/www.youtube.com\/@TalkPal\/\",\"https:\/\/www.tiktok.com\/@talkpal\",\"https:\/\/www.instagram.com\/talkpal_ai\/\",\"https:\/\/www.crunchbase.com\/organization\/talkpal-9cde\",\"https:\/\/www.g2.com\/products\/talkpal-for-business\/\",\"https:\/\/www.trustpilot.com\/review\/talkpal.ai\",\"https:\/\/www.capterra.com\/p\/10006800\/TalkPal\/\"],\"description\":\"Talkpal is a language learning web and mobile education app, powered by the latest AI technologies, that provides engaging experiences to its customers in many different languages to help them improve their language skills. Users can chat about unlimited amount of topics with the app and use other modes to practice their language learning.\",\"email\":\"support@talkpal.ai\",\"legalName\":\"Talkpal, Inc.\",\"foundingDate\":\"2023-04-03\",\"duns\":\"118989042\",\"numberOfEmployees\":{\"@type\":\"QuantitativeValue\",\"minValue\":\"11\",\"maxValue\":\"50\"},\"publishingPrinciples\":\"https:\/\/talkpal.ai\/publishing-principles\/\",\"actionableFeedbackPolicy\":\"https:\/\/talkpal.ai\/actionable-feedback-policy\/\",\"correctionsPolicy\":\"https:\/\/talkpal.ai\/corrections-policy\/\",\"ethicsPolicy\":\"https:\/\/talkpal.ai\/ethics-policy\/\",\"diversityPolicy\":\"https:\/\/talkpal.ai\/diversity-policy\/\",\"diversityStaffingReport\":\"https:\/\/talkpal.ai\/diversity-policy\/\"}]}<\/script>\n<!-- \/ Yoast SEO Premium plugin. -->","yoast_head_json":{"title":"Exercices de grammaire croate - Talkpal","description":"Ma\u00eetrisez le croate gr\u00e2ce \u00e0 des exercices de grammaire croate efficaces qui simplifient l'apprentissage des temps, des verbes et des noms pour les utilisateurs.","robots":{"index":"index","follow":"follow","max-snippet":"max-snippet:-1","max-image-preview":"max-image-preview:large","max-video-preview":"max-video-preview:-1"},"canonical":"https:\/\/talkpal.ai\/fr\/exercices-de-grammaire-croate\/","og_locale":"fr_FR","og_type":"article","og_title":"Exercices de grammaire croate","og_description":"Sujets de grammaire croate Le croate, une langue slave du sud, est la langue officielle de la Croatie et l\u2019une des langues officielles de la","og_url":"https:\/\/talkpal.ai\/fr\/exercices-de-grammaire-croate\/","og_site_name":"Talkpal","article_publisher":"https:\/\/www.facebook.com\/profile.php?id=100090733639311","article_modified_time":"2025-12-17T16:27:03+00:00","og_image":[{"width":512,"height":512,"url":"https:\/\/talkpal.ai\/wp-content\/uploads\/2023\/05\/croatia.png","type":"image\/png"}],"twitter_card":"summary_large_image","twitter_site":"@talkpalai","twitter_misc":{"Dur\u00e9e de lecture estim\u00e9e":"3 minutes"},"schema":{"@context":"https:\/\/schema.org","@graph":[{"@type":"WebPage","@id":"https:\/\/talkpal.ai\/fr\/exercices-de-grammaire-croate\/","url":"https:\/\/talkpal.ai\/fr\/exercices-de-grammaire-croate\/","name":"Exercices de grammaire croate - Talkpal","isPartOf":{"@id":"https:\/\/talkpal.ai\/fr\/#website"},"primaryImageOfPage":{"@id":"https:\/\/talkpal.ai\/fr\/exercices-de-grammaire-croate\/#primaryimage"},"image":{"@id":"https:\/\/talkpal.ai\/fr\/exercices-de-grammaire-croate\/#primaryimage"},"thumbnailUrl":"https:\/\/talkpal.ai\/wp-content\/uploads\/2023\/05\/croatia.png","datePublished":"2023-06-16T13:02:09+00:00","dateModified":"2025-12-17T16:27:03+00:00","description":"Ma\u00eetrisez le croate gr\u00e2ce \u00e0 des exercices de grammaire croate efficaces qui simplifient l'apprentissage des temps, des verbes et des noms pour les utilisateurs.","breadcrumb":{"@id":"https:\/\/talkpal.ai\/fr\/exercices-de-grammaire-croate\/#breadcrumb"},"inLanguage":"fr-FR","potentialAction":[{"@type":"ReadAction","target":["https:\/\/talkpal.ai\/fr\/exercices-de-grammaire-croate\/"]}]},{"@type":"ImageObject","inLanguage":"fr-FR","@id":"https:\/\/talkpal.ai\/fr\/exercices-de-grammaire-croate\/#primaryimage","url":"https:\/\/talkpal.ai\/wp-content\/uploads\/2023\/05\/croatia.png","contentUrl":"https:\/\/talkpal.ai\/wp-content\/uploads\/2023\/05\/croatia.png","width":512,"height":512},{"@type":"BreadcrumbList","@id":"https:\/\/talkpal.ai\/fr\/exercices-de-grammaire-croate\/#breadcrumb","itemListElement":[{"@type":"ListItem","position":1,"name":"Homepage","item":"https:\/\/talkpal.ai\/fr\/"},{"@type":"ListItem","position":2,"name":"Exercices de grammaire croate"}]},{"@type":"WebSite","@id":"https:\/\/talkpal.ai\/fr\/#website","url":"https:\/\/talkpal.ai\/fr\/","name":"Talkpal","description":"AI Language Learning","publisher":{"@id":"https:\/\/talkpal.ai\/fr\/#organization"},"alternateName":"Talkpal AI","potentialAction":[{"@type":"SearchAction","target":{"@type":"EntryPoint","urlTemplate":"https:\/\/talkpal.ai\/fr\/?s={search_term_string}"},"query-input":{"@type":"PropertyValueSpecification","valueRequired":true,"valueName":"search_term_string"}}],"inLanguage":"fr-FR"},{"@type":"Organization","@id":"https:\/\/talkpal.ai\/fr\/#organization","name":"Talkpal, Inc.","alternateName":"Talkpal AI","url":"https:\/\/talkpal.ai\/fr\/","logo":{"@type":"ImageObject","inLanguage":"fr-FR","@id":"https:\/\/talkpal.ai\/fr\/#\/schema\/logo\/image\/","url":"https:\/\/talkpal.ai\/wp-content\/uploads\/2024\/03\/Talkpal-Logo-Icon.png","contentUrl":"https:\/\/talkpal.ai\/wp-content\/uploads\/2024\/03\/Talkpal-Logo-Icon.png","width":2880,"height":2880,"caption":"Talkpal, Inc."},"image":{"@id":"https:\/\/talkpal.ai\/fr\/#\/schema\/logo\/image\/"},"sameAs":["https:\/\/www.facebook.com\/profile.php?id=100090733639311","https:\/\/x.com\/talkpalai","https:\/\/www.linkedin.com\/company\/talkpal\/","https:\/\/www.youtube.com\/@TalkPal\/","https:\/\/www.tiktok.com\/@talkpal","https:\/\/www.instagram.com\/talkpal_ai\/","https:\/\/www.crunchbase.com\/organization\/talkpal-9cde","https:\/\/www.g2.com\/products\/talkpal-for-business\/","https:\/\/www.trustpilot.com\/review\/talkpal.ai","https:\/\/www.capterra.com\/p\/10006800\/TalkPal\/"],"description":"Talkpal is a language learning web and mobile education app, powered by the latest AI technologies, that provides engaging experiences to its customers in many different languages to help them improve their language skills. Users can chat about unlimited amount of topics with the app and use other modes to practice their language learning.","email":"support@talkpal.ai","legalName":"Talkpal, Inc.","foundingDate":"2023-04-03","duns":"118989042","numberOfEmployees":{"@type":"QuantitativeValue","minValue":"11","maxValue":"50"},"publishingPrinciples":"https:\/\/talkpal.ai\/publishing-principles\/","actionableFeedbackPolicy":"https:\/\/talkpal.ai\/actionable-feedback-policy\/","correctionsPolicy":"https:\/\/talkpal.ai\/corrections-policy\/","ethicsPolicy":"https:\/\/talkpal.ai\/ethics-policy\/","diversityPolicy":"https:\/\/talkpal.ai\/diversity-policy\/","diversityStaffingReport":"https:\/\/talkpal.ai\/diversity-policy\/"}]}},"_links":{"self":[{"href":"https:\/\/talkpal.ai\/fr\/wp-json\/wp\/v2\/pages\/74096","targetHints":{"allow":["GET"]}}],"collection":[{"href":"https:\/\/talkpal.ai\/fr\/wp-json\/wp\/v2\/pages"}],"about":[{"href":"https:\/\/talkpal.ai\/fr\/wp-json\/wp\/v2\/types\/page"}],"author":[{"embeddable":true,"href":"https:\/\/talkpal.ai\/fr\/wp-json\/wp\/v2\/users\/6"}],"replies":[{"embeddable":true,"href":"https:\/\/talkpal.ai\/fr\/wp-json\/wp\/v2\/comments?post=74096"}],"version-history":[{"count":0,"href":"https:\/\/talkpal.ai\/fr\/wp-json\/wp\/v2\/pages\/74096\/revisions"}],"wp:featuredmedia":[{"embeddable":true,"href":"https:\/\/talkpal.ai\/fr\/wp-json\/wp\/v2\/media\/28252"}],"wp:attachment":[{"href":"https:\/\/talkpal.ai\/fr\/wp-json\/wp\/v2\/media?parent=74096"}],"curies":[{"name":"wp","href":"https:\/\/api.w.org\/{rel}","templated":true}]}}