{"id":74061,"date":"2023-05-14T14:03:23","date_gmt":"2023-05-14T14:03:23","guid":{"rendered":"http:\/\/talkpal.ai\/grammaire-danoise\/"},"modified":"2025-12-13T15:27:19","modified_gmt":"2025-12-13T15:27:19","slug":"grammaire-danoise","status":"publish","type":"page","link":"https:\/\/talkpal.ai\/fr\/grammaire-danoise\/","title":{"rendered":"Grammaire danoise"},"content":{"rendered":"\r\n\r\n\r\n<section class=\"languageChallengeSection\">\r\n    <div class=\"languageInfoWrapper\">\r\n        \r\n        <h1>Grammaire danoise<\/h1>\r\n        <p>D\u00e9couvrez l&#039;essentiel de la <a href=\"https:\/\/talkpal.ai\/danish-grammar\/\">grammaire danoise<\/a> et commencez \u00e0 communiquer en toute confiance dans cette charmante langue scandinave. En ma\u00eetrisant les r\u00e8gles et les structures de base, vous acquerrez les comp\u00e9tences n\u00e9cessaires pour entrer en contact avec des locuteurs <a href=\"https:\/\/talkpal.ai\/learn-danish\/\">danois<\/a> et faire l&#039;exp\u00e9rience directe de leur riche culture. Commencez \u00e0 apprendre la grammaire danoise d\u00e8s aujourd&#039;hui et faites un premier pas vers la ma\u00eetrise de la langue !\n\n<\/p>\r\n\r\n                            <a class=\"getStartedHidden\" href=\"https:\/\/app.talkpal.ai\/fr\/signup?lng=\">Commencer<\/a>\r\n        \r\n    <\/div>\r\n\r\n    <figure>\r\n    <img decoding=\"async\" width=\"768\" height=\"768\" src=\"https:\/\/talkpal.ai\/wp-content\/uploads\/2023\/06\/danish-768x768.png\" class=\"languageImage no-lazy\" alt=\"Default alt text\" fetchpriority=\"high\" sizes=\"(max-width: 768px) 150px, 768px\" srcset=\"https:\/\/talkpal.ai\/wp-content\/uploads\/2023\/06\/danish-768x768.png 768w, https:\/\/talkpal.ai\/wp-content\/uploads\/2023\/06\/danish-300x300.png 300w\" \/>\r\n    \r\n\r\n    <\/figure>\r\n\r\n            <a class=\"getStartedVisible\" href=\"https:\/\/app.talkpal.ai\/fr\/signup?lng=\">Commencer<\/a>\r\n    \r\n<\/section>\r\n        <section class=\"grammarSection\">\r\n            <div class=\"grammarLinks\">\r\n                <a href=\"https:\/\/talkpal.ai\/fr\/language\/adjectifs-grammaire-danoise\/\">Adjectifs <\/a><a href=\"https:\/\/talkpal.ai\/fr\/language\/adverbes-grammaire-danoise\/\">Adverbes <\/a><a href=\"https:\/\/talkpal.ai\/fr\/language\/articles-grammaire-danoise\/\">Articles <\/a><a href=\"https:\/\/talkpal.ai\/fr\/language\/comparaison-des-temps-grammaire-danoise\/\">Comparaison des temps <\/a><a href=\"https:\/\/talkpal.ai\/fr\/language\/conditionnels-grammaire-danoise\/\">Conditionnels <\/a><a href=\"https:\/\/talkpal.ai\/fr\/language\/noms-grammaire-danoise\/\">Noms <\/a><a href=\"https:\/\/talkpal.ai\/fr\/language\/phrases-grammaire-danoise\/\">Phrases <\/a><a href=\"https:\/\/talkpal.ai\/fr\/language\/prepositions-grammaire-danoise\/\">Pr\u00e9positions <\/a><a href=\"https:\/\/talkpal.ai\/fr\/language\/progressif-grammaire-danoise\/\">Progressif <\/a><a href=\"https:\/\/talkpal.ai\/fr\/language\/progressif-parfait-grammaire-danoise\/\">Progressif parfait <\/a><a href=\"https:\/\/talkpal.ai\/fr\/language\/pronoms-determinants-grammaire-danoise\/\">Pronoms\/D\u00e9terminants <\/a><a href=\"https:\/\/talkpal.ai\/fr\/language\/temps-grammaire-danoise\/\">Temps <\/a><a href=\"https:\/\/talkpal.ai\/fr\/language\/verbes-grammaire-danoise\/\">Verbes <\/a>            <\/div>\r\n        <\/section>\r\n    <section class=\"promotionalBanner\">\r\n    <p class=\"promotionalText\">La fa\u00e7on la plus efficace d\u2019apprendre une langue<\/p>\r\n    <a class=\"promotionalLink\" href=\"https:\/\/app.talkpal.ai\/fr\/signup?lng=\">Essayez Talkpal gratuitement<\/a>\r\n<\/section>\n<div class=\"wp-block-group pageContainerStyle\"><div class=\"wp-block-group__inner-container is-layout-constrained wp-block-group-is-layout-constrained\">\n<h2 class=\"wp-block-heading\" id=\"h-delving-into-the-depths-of-danish-grammar-unraveling-its-idiosyncrasies-and-charm\">Plonger dans les profondeurs de la grammaire danoise : d\u00e9m\u00ealer ses idiosyncrasies et son charme<\/h2>\n\n\n\n<p>Vous vous souvenez de l\u2019\u00e9poque o\u00f9 l\u2019apprentissage de la <a href=\"https:\/\/talkpal.ai\/english-grammar\/\">grammaire anglaise<\/a> semblait \u00eatre une bataille difficile avec sa pl\u00e9thore de r\u00e8gles, d\u2019exceptions et de terminologie complexe ? Si vous avez l&rsquo;intention d&rsquo;apprendre le danois, pr\u00e9parez-vous \u00e0 un <a href=\"https:\/\/talkpal.ai\/talkpal-new-years-discount\/\">nouveau<\/a> voyage passionnant \u00e0 travers les complexit\u00e9s et les d\u00e9lices de la grammaire danoise.<\/p>\n\n\n\n<p>Le danois, une langue germanique du Nord, partage des similitudes avec des langues telles que le <a href=\"https:\/\/talkpal.ai\/learn-norwegian\/\">norv\u00e9gien<\/a> et le <a href=\"https:\/\/talkpal.ai\/learn-swedish\/\">su\u00e9dois<\/a>. Cependant, il a ses propres caract\u00e9ristiques uniques qui en font un joyau qui m\u00e9rite d\u2019\u00eatre explor\u00e9 en profondeur. Commen\u00e7ons par d\u00e9cortiquer les merveilles de la grammaire danoise, une r\u00e8gle \u00e0 la fois.<\/p>\n\n\n\n<p><strong>Une caract\u00e9ristique frappante de la grammaire danoise<\/strong> est sa simplicit\u00e9 en ce qui concerne l\u2019ordre des mots. Le danois suit la structure sujet-verbe-objet (SVO), comme l\u2019anglais, ce qui le rend relativement facile \u00e0 comprendre pour les anglophones. Cependant, il y a une particularit\u00e9 : l&rsquo;utilisation de l&rsquo;ordre des mots V2 dans les clauses principales, ce qui signifie que le verbe doit toujours \u00eatre le deuxi\u00e8me \u00e9l\u00e9ment. Cette r\u00e8gle ajoute une touche d\u2019unicit\u00e9 \u00e0 la langue danoise.<\/p>\n\n\n\n<p>Un autre aspect attachant de la grammaire danoise est son <strong>syst\u00e8me \u00e0 deux sexes<\/strong>. Alors que certaines langues comme le fran\u00e7ais ou l\u2019espagnol se composent de genres distincts pour le masculin et le f\u00e9minin, le danois simplifie cela en utilisant deux genres principaux : commun et neutre. En danois, la plupart des noms appartiennent \u00e0 la cat\u00e9gorie \u00ab\u00a0commune\u00a0\u00bb, ce qui rend l&rsquo;accord de genre avec les adjectifs et les articles relativement simple \u00e0 comprendre.<\/p>\n\n\n\n<p>Plongez dans le domaine de la <strong>conjugaison des verbes<\/strong>, et vous constaterez que le danois surpasse les autres langues en mati\u00e8re de simplicit\u00e9. Les verbes danois ne changent pas en fonction du sujet, ce qui facilite la m\u00e9morisation et la compr\u00e9hension des diff\u00e9rentes formes. Les verbes r\u00e9guliers suivent des mod\u00e8les pr\u00e9visibles, et m\u00eame les verbes irr\u00e9guliers posent peu de probl\u00e8mes car leurs irr\u00e9gularit\u00e9s sont tr\u00e8s subtiles.<\/p>\n\n\n\n<p>La grammaire danoise offre une caract\u00e9ristique unique avec son <strong>utilisation d\u2019ind\u00e9finis, d\u2019articles et de d\u00e9monstratifs<\/strong>. L&rsquo;article ind\u00e9fini \u00e9quivaut \u00e0 \u00ab\u00a0a\u00a0\u00bb ou \u00ab\u00a0an\u00a0\u00bb en <a href=\"https:\/\/talkpal.ai\/learn-english-with-ai\/\">anglais<\/a>, et en danois il peut \u00eatre \u00ab\u00a0en\u00a0\u00bb pour le genre commun ou \u00ab\u00a0et\u00a0\u00bb pour les noms neutres. L&rsquo;article d\u00e9fini, semblable \u00e0 \u00ab\u00a0the\u00a0\u00bb en anglais, s&rsquo;attache \u00e0 la fin du nom lui-m\u00eame, fusionnant pour devenir un seul mot. Les d\u00e9monstratifs, qui indiquent des noms sp\u00e9cifiques, changent \u00e9galement en fonction du genre du nom, ajoutant un niveau de sp\u00e9cificit\u00e9 et de charme.<\/p>\n\n\n\n<p>N&rsquo;oublions pas la beaut\u00e9 de la <strong>prononciation danoise<\/strong>, qui n\u00e9cessite de se familiariser avec ses voyelles particuli\u00e8res et ses consonnes adoucies. L\u2019utilisation de st\u00f8d (un arr\u00eat glottal) le distingue davantage des autres langues germaniques, donnant au danois sa sonorit\u00e9 et son attrait uniques.<\/p>\n\n\n\n<p>En vous immergeant dans la grammaire danoise, vous n&rsquo;apprendrez pas seulement une nouvelle langue, mais vous enrichirez aussi largement vos connaissances culturelles et votre compr\u00e9hension du Danemark et de ses habitants. Bien que parfois difficile, la grammaire danoise offre une exp\u00e9rience d\u2019apprentissage unique qui ouvre la porte \u00e0 d\u2019innombrables charmes et idiosyncrasies qui en font une langue irr\u00e9sistible \u00e0 explorer. Alors, prenez vos livres de langue et lancez-vous dans une aventure grammaticale danoise qui promet de vous captiver et de vous inspirer \u00e0 chaque tournant !<\/p>\n<\/div><\/div>\n\r\n<section class=\"learnNavigationSection\">\r\n            \r\n        <a href=\"https:\/\/talkpal.ai\/fr\/apprendre-le-danois\/\">\r\n            <div class=\"learnNavigationWrapper\">\r\n                <div class=\"learnNavigationContent\">\r\n                    <img decoding=\"async\" src=\"https:\/\/talkpal.ai\/wp-content\/uploads\/2024\/08\/Danish.jpg\" alt=\"Danish Flag\">\r\n                    <div>\r\n                        <h4>\u00c0 propos de l&#039;apprentissage danois<\/h4>\r\n                        <p>Tout savoir sur la grammaire danoise.<\/p>\r\n                    <\/div>\r\n                <\/div>\r\n            <\/div>\r\n        <\/a>\r\n\r\n        \r\n        <a href=\"https:\/\/talkpal.ai\/fr\/exercices-de-grammaire-danoise\/\">\r\n            <div class=\"learnNavigationWrapper\">\r\n                <div class=\"learnNavigationContent\">\r\n                    <img decoding=\"async\" src=\"https:\/\/talkpal.ai\/wp-content\/uploads\/2024\/08\/Danish.jpg\" alt=\"Danish Flag\">\r\n                    <div>\r\n                        <h4>Exercice de grammaire danoise<\/h4>\r\n                        <p>Pratiquez la grammaire danoise.<\/p>\r\n                    <\/div>\r\n                <\/div>\r\n            <\/div>\r\n        <\/a>\r\n\r\n        \r\n        <a href=\"https:\/\/talkpal.ai\/vocabulary_language\/danish\/\">\r\n            <div class=\"learnNavigationWrapper\">\r\n                <div class=\"learnNavigationContent\">\r\n                    <img decoding=\"async\" src=\"https:\/\/talkpal.ai\/wp-content\/uploads\/2024\/08\/Danish.jpg\" alt=\"Danish Flag\">\r\n                    <div>\r\n                        <h4>Vocabulaire danois<\/h4>\r\n                        <p>\u00c9largissez votre vocabulaire danois.<\/p>\r\n                    <\/div>\r\n                <\/div>\r\n            <\/div>\r\n        <\/a>\r\n\r\n            <\/section>","protected":false},"excerpt":{"rendered":"<p>Plonger dans les profondeurs de la grammaire danoise : d\u00e9m\u00ealer ses idiosyncrasies et son charme Vous vous souvenez de l\u2019\u00e9poque o\u00f9 l\u2019apprentissage de la grammaire anglaise semblait \u00eatre une bataille difficile avec sa pl\u00e9thore de r\u00e8gles, d\u2019exceptions et de terminologie complexe ? Si vous avez l&rsquo;intention d&rsquo;apprendre le danois, pr\u00e9parez-vous \u00e0 un nouveau voyage passionnant [&hellip;]<\/p>\n","protected":false},"author":1,"featured_media":271268,"parent":0,"menu_order":0,"comment_status":"closed","ping_status":"closed","template":"LearningContentPage.php","meta":{"_acf_changed":false,"footnotes":""},"class_list":["post-74061","page","type-page","status-publish","has-post-thumbnail","hentry"],"acf":[],"yoast_head":"<!-- This site is optimized with the Yoast SEO Premium plugin v27.2 (Yoast SEO v27.2) - https:\/\/yoast.com\/product\/yoast-seo-premium-wordpress\/ -->\n<title>Grammaire danoise - Talkpal<\/title>\n<meta name=\"description\" content=\"Explorez les subtilit\u00e9s de la grammaire danoise et d\u00e9couvrez ses r\u00e8gles et caract\u00e9ristiques uniques. Apprenez \u00e0 naviguer dans la langue sans effort.\" \/>\n<meta name=\"robots\" content=\"index, follow, max-snippet:-1, max-image-preview:large, max-video-preview:-1\" \/>\n<link rel=\"canonical\" href=\"https:\/\/talkpal.ai\/fr\/grammaire-danoise\/\" \/>\n<meta property=\"og:locale\" content=\"fr_FR\" \/>\n<meta property=\"og:type\" content=\"article\" \/>\n<meta property=\"og:title\" content=\"Grammaire danoise\" \/>\n<meta property=\"og:description\" content=\"Plonger dans les profondeurs de la grammaire danoise : d\u00e9m\u00ealer ses idiosyncrasies et son charme Vous vous souvenez de l\u2019\u00e9poque o\u00f9 l\u2019apprentissage de la\" \/>\n<meta property=\"og:url\" content=\"https:\/\/talkpal.ai\/fr\/grammaire-danoise\/\" \/>\n<meta property=\"og:site_name\" content=\"Talkpal\" \/>\n<meta property=\"article:publisher\" content=\"https:\/\/www.facebook.com\/profile.php?id=100090733639311\" \/>\n<meta property=\"article:modified_time\" content=\"2025-12-13T15:27:19+00:00\" \/>\n<meta property=\"og:image\" content=\"https:\/\/talkpal.ai\/wp-content\/uploads\/2024\/05\/Talkpal-Illustration-for-Vocabulary179-1024x574.png\" \/>\n\t<meta property=\"og:image:width\" content=\"1024\" \/>\n\t<meta property=\"og:image:height\" content=\"574\" \/>\n\t<meta property=\"og:image:type\" content=\"image\/png\" \/>\n<meta name=\"twitter:card\" content=\"summary_large_image\" \/>\n<meta name=\"twitter:site\" content=\"@talkpalai\" \/>\n<meta name=\"twitter:label1\" content=\"Dur\u00e9e de lecture estim\u00e9e\" \/>\n\t<meta name=\"twitter:data1\" content=\"3 minutes\" \/>\n<script type=\"application\/ld+json\" class=\"yoast-schema-graph\">{\"@context\":\"https:\/\/schema.org\",\"@graph\":[{\"@type\":\"WebPage\",\"@id\":\"https:\/\/talkpal.ai\/fr\/grammaire-danoise\/\",\"url\":\"https:\/\/talkpal.ai\/fr\/grammaire-danoise\/\",\"name\":\"Grammaire danoise - Talkpal\",\"isPartOf\":{\"@id\":\"https:\/\/talkpal.ai\/fr\/#website\"},\"primaryImageOfPage\":{\"@id\":\"https:\/\/talkpal.ai\/fr\/grammaire-danoise\/#primaryimage\"},\"image\":{\"@id\":\"https:\/\/talkpal.ai\/fr\/grammaire-danoise\/#primaryimage\"},\"thumbnailUrl\":\"https:\/\/talkpal.ai\/wp-content\/uploads\/2024\/05\/Talkpal-Illustration-for-Vocabulary179.png\",\"datePublished\":\"2023-05-14T14:03:23+00:00\",\"dateModified\":\"2025-12-13T15:27:19+00:00\",\"description\":\"Explorez les subtilit\u00e9s de la grammaire danoise et d\u00e9couvrez ses r\u00e8gles et caract\u00e9ristiques uniques. Apprenez \u00e0 naviguer dans la langue sans effort.\",\"breadcrumb\":{\"@id\":\"https:\/\/talkpal.ai\/fr\/grammaire-danoise\/#breadcrumb\"},\"inLanguage\":\"fr-FR\",\"potentialAction\":[{\"@type\":\"ReadAction\",\"target\":[\"https:\/\/talkpal.ai\/fr\/grammaire-danoise\/\"]}]},{\"@type\":\"ImageObject\",\"inLanguage\":\"fr-FR\",\"@id\":\"https:\/\/talkpal.ai\/fr\/grammaire-danoise\/#primaryimage\",\"url\":\"https:\/\/talkpal.ai\/wp-content\/uploads\/2024\/05\/Talkpal-Illustration-for-Vocabulary179.png\",\"contentUrl\":\"https:\/\/talkpal.ai\/wp-content\/uploads\/2024\/05\/Talkpal-Illustration-for-Vocabulary179.png\",\"width\":1456,\"height\":816},{\"@type\":\"BreadcrumbList\",\"@id\":\"https:\/\/talkpal.ai\/fr\/grammaire-danoise\/#breadcrumb\",\"itemListElement\":[{\"@type\":\"ListItem\",\"position\":1,\"name\":\"Homepage\",\"item\":\"https:\/\/talkpal.ai\/fr\/\"},{\"@type\":\"ListItem\",\"position\":2,\"name\":\"Grammaire danoise\"}]},{\"@type\":\"WebSite\",\"@id\":\"https:\/\/talkpal.ai\/fr\/#website\",\"url\":\"https:\/\/talkpal.ai\/fr\/\",\"name\":\"Talkpal\",\"description\":\"AI Language Learning\",\"publisher\":{\"@id\":\"https:\/\/talkpal.ai\/fr\/#organization\"},\"alternateName\":\"Talkpal AI\",\"potentialAction\":[{\"@type\":\"SearchAction\",\"target\":{\"@type\":\"EntryPoint\",\"urlTemplate\":\"https:\/\/talkpal.ai\/fr\/?s={search_term_string}\"},\"query-input\":{\"@type\":\"PropertyValueSpecification\",\"valueRequired\":true,\"valueName\":\"search_term_string\"}}],\"inLanguage\":\"fr-FR\"},{\"@type\":\"Organization\",\"@id\":\"https:\/\/talkpal.ai\/fr\/#organization\",\"name\":\"Talkpal, Inc.\",\"alternateName\":\"Talkpal AI\",\"url\":\"https:\/\/talkpal.ai\/fr\/\",\"logo\":{\"@type\":\"ImageObject\",\"inLanguage\":\"fr-FR\",\"@id\":\"https:\/\/talkpal.ai\/fr\/#\/schema\/logo\/image\/\",\"url\":\"https:\/\/talkpal.ai\/wp-content\/uploads\/2024\/03\/Talkpal-Logo-Icon.png\",\"contentUrl\":\"https:\/\/talkpal.ai\/wp-content\/uploads\/2024\/03\/Talkpal-Logo-Icon.png\",\"width\":2880,\"height\":2880,\"caption\":\"Talkpal, Inc.\"},\"image\":{\"@id\":\"https:\/\/talkpal.ai\/fr\/#\/schema\/logo\/image\/\"},\"sameAs\":[\"https:\/\/www.facebook.com\/profile.php?id=100090733639311\",\"https:\/\/x.com\/talkpalai\",\"https:\/\/www.linkedin.com\/company\/talkpal\/\",\"https:\/\/www.youtube.com\/@TalkPal\/\",\"https:\/\/www.tiktok.com\/@talkpal\",\"https:\/\/www.instagram.com\/talkpal_ai\/\",\"https:\/\/www.crunchbase.com\/organization\/talkpal-9cde\",\"https:\/\/www.g2.com\/products\/talkpal-for-business\/\",\"https:\/\/www.trustpilot.com\/review\/talkpal.ai\",\"https:\/\/www.capterra.com\/p\/10006800\/TalkPal\/\"],\"description\":\"Talkpal is a language learning web and mobile education app, powered by the latest AI technologies, that provides engaging experiences to its customers in many different languages to help them improve their language skills. Users can chat about unlimited amount of topics with the app and use other modes to practice their language learning.\",\"email\":\"support@talkpal.ai\",\"legalName\":\"Talkpal, Inc.\",\"foundingDate\":\"2023-04-03\",\"duns\":\"118989042\",\"numberOfEmployees\":{\"@type\":\"QuantitativeValue\",\"minValue\":\"11\",\"maxValue\":\"50\"},\"publishingPrinciples\":\"https:\/\/talkpal.ai\/publishing-principles\/\",\"actionableFeedbackPolicy\":\"https:\/\/talkpal.ai\/actionable-feedback-policy\/\",\"correctionsPolicy\":\"https:\/\/talkpal.ai\/corrections-policy\/\",\"ethicsPolicy\":\"https:\/\/talkpal.ai\/ethics-policy\/\",\"diversityPolicy\":\"https:\/\/talkpal.ai\/diversity-policy\/\",\"diversityStaffingReport\":\"https:\/\/talkpal.ai\/diversity-policy\/\"}]}<\/script>\n<!-- \/ Yoast SEO Premium plugin. -->","yoast_head_json":{"title":"Grammaire danoise - Talkpal","description":"Explorez les subtilit\u00e9s de la grammaire danoise et d\u00e9couvrez ses r\u00e8gles et caract\u00e9ristiques uniques. Apprenez \u00e0 naviguer dans la langue sans effort.","robots":{"index":"index","follow":"follow","max-snippet":"max-snippet:-1","max-image-preview":"max-image-preview:large","max-video-preview":"max-video-preview:-1"},"canonical":"https:\/\/talkpal.ai\/fr\/grammaire-danoise\/","og_locale":"fr_FR","og_type":"article","og_title":"Grammaire danoise","og_description":"Plonger dans les profondeurs de la grammaire danoise : d\u00e9m\u00ealer ses idiosyncrasies et son charme Vous vous souvenez de l\u2019\u00e9poque o\u00f9 l\u2019apprentissage de la","og_url":"https:\/\/talkpal.ai\/fr\/grammaire-danoise\/","og_site_name":"Talkpal","article_publisher":"https:\/\/www.facebook.com\/profile.php?id=100090733639311","article_modified_time":"2025-12-13T15:27:19+00:00","og_image":[{"width":1024,"height":574,"url":"https:\/\/talkpal.ai\/wp-content\/uploads\/2024\/05\/Talkpal-Illustration-for-Vocabulary179-1024x574.png","type":"image\/png"}],"twitter_card":"summary_large_image","twitter_site":"@talkpalai","twitter_misc":{"Dur\u00e9e de lecture estim\u00e9e":"3 minutes"},"schema":{"@context":"https:\/\/schema.org","@graph":[{"@type":"WebPage","@id":"https:\/\/talkpal.ai\/fr\/grammaire-danoise\/","url":"https:\/\/talkpal.ai\/fr\/grammaire-danoise\/","name":"Grammaire danoise - Talkpal","isPartOf":{"@id":"https:\/\/talkpal.ai\/fr\/#website"},"primaryImageOfPage":{"@id":"https:\/\/talkpal.ai\/fr\/grammaire-danoise\/#primaryimage"},"image":{"@id":"https:\/\/talkpal.ai\/fr\/grammaire-danoise\/#primaryimage"},"thumbnailUrl":"https:\/\/talkpal.ai\/wp-content\/uploads\/2024\/05\/Talkpal-Illustration-for-Vocabulary179.png","datePublished":"2023-05-14T14:03:23+00:00","dateModified":"2025-12-13T15:27:19+00:00","description":"Explorez les subtilit\u00e9s de la grammaire danoise et d\u00e9couvrez ses r\u00e8gles et caract\u00e9ristiques uniques. Apprenez \u00e0 naviguer dans la langue sans effort.","breadcrumb":{"@id":"https:\/\/talkpal.ai\/fr\/grammaire-danoise\/#breadcrumb"},"inLanguage":"fr-FR","potentialAction":[{"@type":"ReadAction","target":["https:\/\/talkpal.ai\/fr\/grammaire-danoise\/"]}]},{"@type":"ImageObject","inLanguage":"fr-FR","@id":"https:\/\/talkpal.ai\/fr\/grammaire-danoise\/#primaryimage","url":"https:\/\/talkpal.ai\/wp-content\/uploads\/2024\/05\/Talkpal-Illustration-for-Vocabulary179.png","contentUrl":"https:\/\/talkpal.ai\/wp-content\/uploads\/2024\/05\/Talkpal-Illustration-for-Vocabulary179.png","width":1456,"height":816},{"@type":"BreadcrumbList","@id":"https:\/\/talkpal.ai\/fr\/grammaire-danoise\/#breadcrumb","itemListElement":[{"@type":"ListItem","position":1,"name":"Homepage","item":"https:\/\/talkpal.ai\/fr\/"},{"@type":"ListItem","position":2,"name":"Grammaire danoise"}]},{"@type":"WebSite","@id":"https:\/\/talkpal.ai\/fr\/#website","url":"https:\/\/talkpal.ai\/fr\/","name":"Talkpal","description":"AI Language Learning","publisher":{"@id":"https:\/\/talkpal.ai\/fr\/#organization"},"alternateName":"Talkpal AI","potentialAction":[{"@type":"SearchAction","target":{"@type":"EntryPoint","urlTemplate":"https:\/\/talkpal.ai\/fr\/?s={search_term_string}"},"query-input":{"@type":"PropertyValueSpecification","valueRequired":true,"valueName":"search_term_string"}}],"inLanguage":"fr-FR"},{"@type":"Organization","@id":"https:\/\/talkpal.ai\/fr\/#organization","name":"Talkpal, Inc.","alternateName":"Talkpal AI","url":"https:\/\/talkpal.ai\/fr\/","logo":{"@type":"ImageObject","inLanguage":"fr-FR","@id":"https:\/\/talkpal.ai\/fr\/#\/schema\/logo\/image\/","url":"https:\/\/talkpal.ai\/wp-content\/uploads\/2024\/03\/Talkpal-Logo-Icon.png","contentUrl":"https:\/\/talkpal.ai\/wp-content\/uploads\/2024\/03\/Talkpal-Logo-Icon.png","width":2880,"height":2880,"caption":"Talkpal, Inc."},"image":{"@id":"https:\/\/talkpal.ai\/fr\/#\/schema\/logo\/image\/"},"sameAs":["https:\/\/www.facebook.com\/profile.php?id=100090733639311","https:\/\/x.com\/talkpalai","https:\/\/www.linkedin.com\/company\/talkpal\/","https:\/\/www.youtube.com\/@TalkPal\/","https:\/\/www.tiktok.com\/@talkpal","https:\/\/www.instagram.com\/talkpal_ai\/","https:\/\/www.crunchbase.com\/organization\/talkpal-9cde","https:\/\/www.g2.com\/products\/talkpal-for-business\/","https:\/\/www.trustpilot.com\/review\/talkpal.ai","https:\/\/www.capterra.com\/p\/10006800\/TalkPal\/"],"description":"Talkpal is a language learning web and mobile education app, powered by the latest AI technologies, that provides engaging experiences to its customers in many different languages to help them improve their language skills. Users can chat about unlimited amount of topics with the app and use other modes to practice their language learning.","email":"support@talkpal.ai","legalName":"Talkpal, Inc.","foundingDate":"2023-04-03","duns":"118989042","numberOfEmployees":{"@type":"QuantitativeValue","minValue":"11","maxValue":"50"},"publishingPrinciples":"https:\/\/talkpal.ai\/publishing-principles\/","actionableFeedbackPolicy":"https:\/\/talkpal.ai\/actionable-feedback-policy\/","correctionsPolicy":"https:\/\/talkpal.ai\/corrections-policy\/","ethicsPolicy":"https:\/\/talkpal.ai\/ethics-policy\/","diversityPolicy":"https:\/\/talkpal.ai\/diversity-policy\/","diversityStaffingReport":"https:\/\/talkpal.ai\/diversity-policy\/"}]}},"_links":{"self":[{"href":"https:\/\/talkpal.ai\/fr\/wp-json\/wp\/v2\/pages\/74061","targetHints":{"allow":["GET"]}}],"collection":[{"href":"https:\/\/talkpal.ai\/fr\/wp-json\/wp\/v2\/pages"}],"about":[{"href":"https:\/\/talkpal.ai\/fr\/wp-json\/wp\/v2\/types\/page"}],"author":[{"embeddable":true,"href":"https:\/\/talkpal.ai\/fr\/wp-json\/wp\/v2\/users\/1"}],"replies":[{"embeddable":true,"href":"https:\/\/talkpal.ai\/fr\/wp-json\/wp\/v2\/comments?post=74061"}],"version-history":[{"count":0,"href":"https:\/\/talkpal.ai\/fr\/wp-json\/wp\/v2\/pages\/74061\/revisions"}],"wp:featuredmedia":[{"embeddable":true,"href":"https:\/\/talkpal.ai\/fr\/wp-json\/wp\/v2\/media\/271268"}],"wp:attachment":[{"href":"https:\/\/talkpal.ai\/fr\/wp-json\/wp\/v2\/media?parent=74061"}],"curies":[{"name":"wp","href":"https:\/\/api.w.org\/{rel}","templated":true}]}}