{"id":74049,"date":"2023-05-14T14:02:30","date_gmt":"2023-05-14T14:02:30","guid":{"rendered":"http:\/\/talkpal.ai\/grammaire-grecque\/"},"modified":"2025-12-13T15:13:38","modified_gmt":"2025-12-13T15:13:38","slug":"grammaire-grecque","status":"publish","type":"page","link":"https:\/\/talkpal.ai\/fr\/grammaire-grecque\/","title":{"rendered":"Grammaire grecque"},"content":{"rendered":"\r\n\r\n\r\n<section class=\"languageChallengeSection\">\r\n    <div class=\"languageInfoWrapper\">\r\n        \r\n        <h1>Grammaire grecque<\/h1>\r\n        <p>Apprenez la <a href=\"https:\/\/talkpal.ai\/greek-grammar\/\">grammaire grecque<\/a> et entrez dans le monde de l&#039;une des langues les plus anciennes et les plus influentes de l&#039;humanit\u00e9. Le <a href=\"https:\/\/talkpal.ai\/learn-greek\/\">grec<\/a> vous pr\u00e9sente son alphabet unique, la conjugaison expressive des verbes et un syst\u00e8me de cas de noms qui fa\u00e7onnent le <a href=\"https:\/\/talkpal.ai\/locations\/language-courses-in-sens\/\">sens<\/a>. Au fil de vos explorations, vous d\u00e9couvrirez les racines de nombreux mots <a href=\"https:\/\/talkpal.ai\/learn-english-with-ai\/\">anglais<\/a> et vous vous familiariserez avec un riche patrimoine culturel. Plongez dans l&#039;apprentissage de la grammaire grecque et profitez du d\u00e9fi gratifiant que cela repr\u00e9sente !<\/p>\r\n\r\n                            <a class=\"getStartedHidden\" href=\"https:\/\/app.talkpal.ai\/fr\/signup?lng=\">Commencer<\/a>\r\n        \r\n    <\/div>\r\n\r\n    <figure>\r\n    <img decoding=\"async\" width=\"768\" height=\"768\" src=\"https:\/\/talkpal.ai\/wp-content\/uploads\/2023\/06\/greek-768x768.png\" class=\"languageImage no-lazy\" alt=\"Default alt text\" fetchpriority=\"high\" sizes=\"(max-width: 768px) 150px, 768px\" srcset=\"https:\/\/talkpal.ai\/wp-content\/uploads\/2023\/06\/greek-768x768.png 768w, https:\/\/talkpal.ai\/wp-content\/uploads\/2023\/06\/greek-300x300.png 300w\" \/>\r\n    \r\n\r\n    <\/figure>\r\n\r\n            <a class=\"getStartedVisible\" href=\"https:\/\/app.talkpal.ai\/fr\/signup?lng=\">Commencer<\/a>\r\n    \r\n<\/section>\r\n        <section class=\"grammarSection\">\r\n            <div class=\"grammarLinks\">\r\n                <a href=\"https:\/\/talkpal.ai\/fr\/language\/adjectifs-grammaire-grecque\/\">Adjectifs <\/a><a href=\"https:\/\/talkpal.ai\/fr\/language\/adverbes-grammaire-grecque\/\">Adverbes <\/a><a href=\"https:\/\/talkpal.ai\/fr\/language\/articles-grammaire-grecque\/\">Articles <\/a><a href=\"https:\/\/talkpal.ai\/fr\/language\/comparaison-des-temps-grammaire-grecque\/\">Comparaison des temps <\/a><a href=\"https:\/\/talkpal.ai\/fr\/language\/conditionnels-grammaire-grecque\/\">Conditionnels <\/a><a href=\"https:\/\/talkpal.ai\/fr\/language\/noms-grammaire-grecque\/\">Noms <\/a><a href=\"https:\/\/talkpal.ai\/fr\/language\/phrases-grammaire-grecque\/\">Phrases <\/a><a href=\"https:\/\/talkpal.ai\/fr\/language\/prepositions-grammaire-grecque\/\">Pr\u00e9positions <\/a><a href=\"https:\/\/talkpal.ai\/fr\/language\/progressif-parfait-grammaire-grecque\/\">Progressif Parfait <\/a><a href=\"https:\/\/talkpal.ai\/fr\/language\/progressive-grammaire-grecque\/\">Progressive <\/a><a href=\"https:\/\/talkpal.ai\/fr\/language\/pronoms-determinants-grammaire-grecque\/\">Pronoms\/D\u00e9terminants <\/a><a href=\"https:\/\/talkpal.ai\/fr\/language\/temps-grammaire-grecque\/\">Temps <\/a><a href=\"https:\/\/talkpal.ai\/fr\/language\/verbes-grammaire-grecque\/\">Verbes <\/a>            <\/div>\r\n        <\/section>\r\n    <section class=\"promotionalBanner\">\r\n    <p class=\"promotionalText\">La fa\u00e7on la plus efficace d\u2019apprendre une langue<\/p>\r\n    <a class=\"promotionalLink\" href=\"https:\/\/app.talkpal.ai\/fr\/signup?lng=\">Essayez Talkpal gratuitement<\/a>\r\n<\/section>\n<div class=\"wp-block-group pageContainerStyle\"><div class=\"wp-block-group__inner-container is-layout-constrained wp-block-group-is-layout-constrained\">\n<h2 class=\"wp-block-heading\" id=\"h-demystifying-greek-grammar-a-comprehensive-guide\">D\u00e9mystifier la grammaire grecque : un guide complet<\/h2>\n\n\n\n<p>Le grec, langue \u00e9l\u00e9gante et ancienne, occupe une place particuli\u00e8re dans l\u2019histoire linguistique et reste influent aujourd\u2019hui. Avec une base solide en grammaire grecque, vous aurez acc\u00e8s \u00e0 une richesse de ressources culturelles et historiques tout en d\u00e9bloquant une autre couche de sens dans le <a href=\"https:\/\/talkpal.ai\/english-vocabulary\/\">vocabulaire anglais<\/a>. Contrairement \u00e0 la croyance populaire, la grammaire grecque n\u2019est pas aussi intimidante qu\u2019il n\u2019y para\u00eet au premier abord. Dans cet article, nous vous aiderons \u00e0 naviguer \u00e0 travers les composantes essentielles de la grammaire grecque pour vous permettre d&rsquo;aborder cette langue avec confiance et enthousiasme.<\/p>\n\n\n\n<h3 class=\"wp-block-heading\" id=\"h-1-understanding-greek-nouns-cases-and-articles\">1. Comprendre les noms, les cas et les articles grecs<\/h3>\n\n\n\n<p>Les noms grecs sont class\u00e9s en trois genres : masculin, f\u00e9minin et neutre. Chaque nom appartient \u00e0 l&rsquo;une des trois d\u00e9clinaisons, qui d\u00e9terminent les terminaisons du nom en fonction de son genre, de son nombre (singulier ou <a href=\"https:\/\/talkpal.ai\/ar\/grammar_exercises\/pluriel-%d8%aa%d9%85%d8%a7%d8%b1%d9%8a%d9%86-%d9%84%d9%84%d9%82%d9%88%d8%a7%d8%b9%d8%af-%d8%a7%d9%84%d9%81%d8%b1%d9%86%d8%b3%d9%8a%d8%a9\/\">pluriel<\/a>) et de son cas. Dans la langue grecque, il y a cinq cas : le nominatif, le g\u00e9nitif, le datif, l\u2019accusatif et le vocatif.<\/p>\n\n\n\n<p>Un aspect essentiel de la grammaire grecque tourne autour de l\u2019article. \u00c0 l&rsquo;instar de l&rsquo;anglais \u00ab\u00a0the\u00a0\u00bb, l&rsquo;<a href=\"https:\/\/talkpal.ai\/fr\/grammar\/article-defini-dans-la-grammaire-azerbaidjanaise\/\">article d\u00e9fini<\/a> grec est essentiel pour comprendre les textes grecs. L\u2019article grec doit s\u2019accorder avec le nom en genre, en nombre et en cas. Le grec poss\u00e8de \u00e9galement un <a href=\"https:\/\/talkpal.ai\/fr\/grammar\/article-indefini-en-grammaire-afrikaans\/\">article ind\u00e9fini<\/a> qui fonctionne comme \u00ab\u00a0a\u00a0\u00bb ou \u00ab\u00a0an\u00a0\u00bb en anglais.<\/p>\n\n\n\n<h3 class=\"wp-block-heading\" id=\"h-2-tackling-greek-verbs-conjugation-and-moods\">2. S\u2019attaquer aux verbes grecs : conjugaison et humeurs<\/h3>\n\n\n\n<p>Les verbes grecs sont caract\u00e9ris\u00e9s par leur temps, leur voix, leur humeur, leur personne et leur nombre. Les verbes de la langue grecque sont conjugu\u00e9s en fonction de leur temps, ce qui indique quand une action se produit. Il y a sept parties principales d\u2019un verbe grec, chacune correspondant \u00e0 un temps :<\/p>\n\n\n\n<p><strong>&#8211; Pr\u00e9sent<\/strong><\/p>\n\n\n\n<p><strong>&#8211; L&rsquo;avenir<\/strong><\/p>\n\n\n\n<p><strong>&#8211; Aoriste (pass\u00e9 simple)<\/strong><\/p>\n\n\n\n<p><strong>&#8211; Parfait<\/strong><\/p>\n\n\n\n<p><strong>&#8211; Futur parfait<\/strong><\/p>\n\n\n\n<p><strong>&#8211; Pluperfect<\/strong><\/p>\n\n\n\n<p><strong>&#8211; Aoriste passif<\/strong><\/p>\n\n\n\n<p>En outre, les verbes grecs ont diff\u00e9rents \u00e9tats d&rsquo;\u00e2me qui expriment l&rsquo;attitude du locuteur \u00e0 l&rsquo;\u00e9gard de l&rsquo;action. Ces modes sont imp\u00e9ratifs, indicatifs et subjonctifs.<\/p>\n\n\n\n<h3 class=\"wp-block-heading\" id=\"h-3-crafting-expressive-sentences-with-greek-adjectives-and-adverbs\">3. Cr\u00e9er des phrases expressives avec des adjectifs et des adverbes grecs<\/h3>\n\n\n\n<p>Les adjectifs grecs ajoutent de la couleur et de la description \u00e0 vos phrases. Comme pour les noms, les adjectifs en grec doivent s\u2019accorder en genre, en nombre et en cas avec le nom qu\u2019ils d\u00e9crivent. De plus, les adjectifs appartiennent \u00e0 l\u2019une des trois d\u00e9clinaisons, ce qui d\u00e9termine leurs terminaisons.<\/p>\n\n\n\n<p>Les adverbes grecs modifient les verbes, les adjectifs ou d\u2019autres adverbes. Ils expriment comment, quand, o\u00f9 et dans quelle mesure une action est effectu\u00e9e. Contrairement aux adjectifs, les adverbes n\u2019ont pas besoin de s\u2019accorder avec les noms en genre, en nombre ou en cas. Dans de nombreux cas, les adverbes sont form\u00e9s en ajoutant des terminaisons sp\u00e9cifiques aux racines des adjectifs.<\/p>\n\n\n\n<h3 class=\"wp-block-heading\" id=\"h-4-exploring-greek-pronouns-and-greek-sentence-structure\">4. Explorer les pronoms grecs et la structure des phrases grecques<\/h3>\n\n\n\n<p>Les pronoms jouent un r\u00f4le important dans la grammaire grecque, car ils remplacent les noms et doivent s\u2019accorder avec le nom qu\u2019ils repr\u00e9sentent en genre, en nombre et en cas. Il existe en grec des pronoms personnels, r\u00e9fl\u00e9chis, d\u00e9monstratifs, relatifs, interrogatifs et ind\u00e9finis.<\/p>\n\n\n\n<p>La structure de la phrase grecque suit principalement l\u2019ordre sujet-verbe-objet (SVO). Cependant, en raison de sa nature tr\u00e8s infl\u00e9chie, le grec offre plus de flexibilit\u00e9 dans l\u2019ordre des mots, ce qui permet l\u2019emphase et l\u2019expression po\u00e9tique. Cette flexibilit\u00e9 peut sembler difficile au d\u00e9but, mais elle devient plus accessible au fur et \u00e0 mesure que vous vous familiarisez avec les nuances de la langue.<\/p>\n\n\n\n<h3 class=\"wp-block-heading\" id=\"h-conclusion\">Conclusion<\/h3>\n\n\n\n<p>Alors que vous vous lancez dans votre voyage pour ma\u00eetriser la grammaire grecque, rappelez-vous que la pratique et la pers\u00e9v\u00e9rance sont cruciales pour r\u00e9ussir. Prenez votre temps pour d\u00e9m\u00ealer les complexit\u00e9s des noms, des verbes, des adjectifs, des adverbes et de la structure des phrases grecs. Au fur et \u00e0 mesure que vous approfondirez cette langue fascinante, vous constaterez que la grammaire grecque devient plus famili\u00e8re et moins intimidante. Bonne chance, et \u03ba\u03b1\u03bb\u03ae \u03b5\u03c0\u03b9\u03c4\u03c5\u03c7\u03af\u03b1\u00a0!<\/p>\n<\/div><\/div>\n\r\n<section class=\"learnNavigationSection\">\r\n            \r\n        <a href=\"https:\/\/talkpal.ai\/fr\/apprendre-le-grec\/\">\r\n            <div class=\"learnNavigationWrapper\">\r\n                <div class=\"learnNavigationContent\">\r\n                    <img decoding=\"async\" src=\"https:\/\/talkpal.ai\/wp-content\/uploads\/2024\/08\/Greek.jpg\" alt=\"Greek Flag\">\r\n                    <div>\r\n                        <h4>\u00c0 propos de l&#039;apprentissage grec<\/h4>\r\n                        <p>D\u00e9couvrez tout sur la grammaire grecque.<\/p>\r\n                    <\/div>\r\n                <\/div>\r\n            <\/div>\r\n        <\/a>\r\n\r\n        \r\n        <a href=\"https:\/\/talkpal.ai\/fr\/exercices-de-grammaire-grecque\/\">\r\n            <div class=\"learnNavigationWrapper\">\r\n                <div class=\"learnNavigationContent\">\r\n                    <img decoding=\"async\" src=\"https:\/\/talkpal.ai\/wp-content\/uploads\/2024\/08\/Greek.jpg\" alt=\"Greek Flag\">\r\n                    <div>\r\n                        <h4>Exercice de grammaire grecque<\/h4>\r\n                        <p>Pratiquez la grammaire grecque.<\/p>\r\n                    <\/div>\r\n                <\/div>\r\n            <\/div>\r\n        <\/a>\r\n\r\n        \r\n        <a href=\"https:\/\/talkpal.ai\/vocabulary_language\/greek\/\">\r\n            <div class=\"learnNavigationWrapper\">\r\n                <div class=\"learnNavigationContent\">\r\n                    <img decoding=\"async\" src=\"https:\/\/talkpal.ai\/wp-content\/uploads\/2024\/08\/Greek.jpg\" alt=\"Greek Flag\">\r\n                    <div>\r\n                        <h4>Vocabulaire grec<\/h4>\r\n                        <p>\u00c9largissez votre vocabulaire grec.<\/p>\r\n                    <\/div>\r\n                <\/div>\r\n            <\/div>\r\n        <\/a>\r\n\r\n            <\/section>","protected":false},"excerpt":{"rendered":"<p>D\u00e9mystifier la grammaire grecque : un guide complet Le grec, langue \u00e9l\u00e9gante et ancienne, occupe une place particuli\u00e8re dans l\u2019histoire linguistique et reste influent aujourd\u2019hui. Avec une base solide en grammaire grecque, vous aurez acc\u00e8s \u00e0 une richesse de ressources culturelles et historiques tout en d\u00e9bloquant une autre couche de sens dans le vocabulaire anglais. [&hellip;]<\/p>\n","protected":false},"author":1,"featured_media":28332,"parent":0,"menu_order":0,"comment_status":"closed","ping_status":"closed","template":"LearningContentPage.php","meta":{"_acf_changed":false,"footnotes":""},"class_list":["post-74049","page","type-page","status-publish","has-post-thumbnail","hentry"],"acf":[],"yoast_head":"<!-- This site is optimized with the Yoast SEO Premium plugin v27.2 (Yoast SEO v27.2) - https:\/\/yoast.com\/product\/yoast-seo-premium-wordpress\/ -->\n<title>Grammaire grecque - Talkpal<\/title>\n<meta name=\"description\" content=\"Ma\u00eetrisez la grammaire grecque en toute confiance - apprenez les r\u00e8gles importantes, entra\u00eenez-vous \u00e0 former des phrases et renforcez rapidement vos comp\u00e9tences gr\u00e2ce \u00e0 l&#039; Talkpal AI.\" \/>\n<meta name=\"robots\" content=\"index, follow, max-snippet:-1, max-image-preview:large, max-video-preview:-1\" \/>\n<link rel=\"canonical\" href=\"https:\/\/talkpal.ai\/fr\/grammaire-grecque\/\" \/>\n<meta property=\"og:locale\" content=\"fr_FR\" \/>\n<meta property=\"og:type\" content=\"article\" \/>\n<meta property=\"og:title\" content=\"Grammaire grecque\" \/>\n<meta property=\"og:description\" content=\"D\u00e9mystifier la grammaire grecque : un guide complet Le grec, langue \u00e9l\u00e9gante et ancienne, occupe une place particuli\u00e8re dans l\u2019histoire linguistique et\" \/>\n<meta property=\"og:url\" content=\"https:\/\/talkpal.ai\/fr\/grammaire-grecque\/\" \/>\n<meta property=\"og:site_name\" content=\"Talkpal\" \/>\n<meta property=\"article:publisher\" content=\"https:\/\/www.facebook.com\/profile.php?id=100090733639311\" \/>\n<meta property=\"article:modified_time\" content=\"2025-12-13T15:13:38+00:00\" \/>\n<meta property=\"og:image\" content=\"https:\/\/talkpal.ai\/wp-content\/uploads\/2023\/05\/greece.png\" \/>\n\t<meta property=\"og:image:width\" content=\"512\" \/>\n\t<meta property=\"og:image:height\" content=\"512\" \/>\n\t<meta property=\"og:image:type\" content=\"image\/png\" \/>\n<meta name=\"twitter:card\" content=\"summary_large_image\" \/>\n<meta name=\"twitter:site\" content=\"@talkpalai\" \/>\n<meta name=\"twitter:label1\" content=\"Dur\u00e9e de lecture estim\u00e9e\" \/>\n\t<meta name=\"twitter:data1\" content=\"3 minutes\" \/>\n<script type=\"application\/ld+json\" class=\"yoast-schema-graph\">{\"@context\":\"https:\/\/schema.org\",\"@graph\":[{\"@type\":\"WebPage\",\"@id\":\"https:\/\/talkpal.ai\/fr\/grammaire-grecque\/\",\"url\":\"https:\/\/talkpal.ai\/fr\/grammaire-grecque\/\",\"name\":\"Grammaire grecque - Talkpal\",\"isPartOf\":{\"@id\":\"https:\/\/talkpal.ai\/fr\/#website\"},\"primaryImageOfPage\":{\"@id\":\"https:\/\/talkpal.ai\/fr\/grammaire-grecque\/#primaryimage\"},\"image\":{\"@id\":\"https:\/\/talkpal.ai\/fr\/grammaire-grecque\/#primaryimage\"},\"thumbnailUrl\":\"https:\/\/talkpal.ai\/wp-content\/uploads\/2023\/05\/greece.png\",\"datePublished\":\"2023-05-14T14:02:30+00:00\",\"dateModified\":\"2025-12-13T15:13:38+00:00\",\"description\":\"Ma\u00eetrisez la grammaire grecque en toute confiance - apprenez les r\u00e8gles importantes, entra\u00eenez-vous \u00e0 former des phrases et renforcez rapidement vos comp\u00e9tences gr\u00e2ce \u00e0 l' Talkpal AI.\",\"breadcrumb\":{\"@id\":\"https:\/\/talkpal.ai\/fr\/grammaire-grecque\/#breadcrumb\"},\"inLanguage\":\"fr-FR\",\"potentialAction\":[{\"@type\":\"ReadAction\",\"target\":[\"https:\/\/talkpal.ai\/fr\/grammaire-grecque\/\"]}]},{\"@type\":\"ImageObject\",\"inLanguage\":\"fr-FR\",\"@id\":\"https:\/\/talkpal.ai\/fr\/grammaire-grecque\/#primaryimage\",\"url\":\"https:\/\/talkpal.ai\/wp-content\/uploads\/2023\/05\/greece.png\",\"contentUrl\":\"https:\/\/talkpal.ai\/wp-content\/uploads\/2023\/05\/greece.png\",\"width\":512,\"height\":512},{\"@type\":\"BreadcrumbList\",\"@id\":\"https:\/\/talkpal.ai\/fr\/grammaire-grecque\/#breadcrumb\",\"itemListElement\":[{\"@type\":\"ListItem\",\"position\":1,\"name\":\"Homepage\",\"item\":\"https:\/\/talkpal.ai\/fr\/\"},{\"@type\":\"ListItem\",\"position\":2,\"name\":\"Grammaire grecque\"}]},{\"@type\":\"WebSite\",\"@id\":\"https:\/\/talkpal.ai\/fr\/#website\",\"url\":\"https:\/\/talkpal.ai\/fr\/\",\"name\":\"Talkpal\",\"description\":\"AI Language Learning\",\"publisher\":{\"@id\":\"https:\/\/talkpal.ai\/fr\/#organization\"},\"alternateName\":\"Talkpal AI\",\"potentialAction\":[{\"@type\":\"SearchAction\",\"target\":{\"@type\":\"EntryPoint\",\"urlTemplate\":\"https:\/\/talkpal.ai\/fr\/?s={search_term_string}\"},\"query-input\":{\"@type\":\"PropertyValueSpecification\",\"valueRequired\":true,\"valueName\":\"search_term_string\"}}],\"inLanguage\":\"fr-FR\"},{\"@type\":\"Organization\",\"@id\":\"https:\/\/talkpal.ai\/fr\/#organization\",\"name\":\"Talkpal, Inc.\",\"alternateName\":\"Talkpal AI\",\"url\":\"https:\/\/talkpal.ai\/fr\/\",\"logo\":{\"@type\":\"ImageObject\",\"inLanguage\":\"fr-FR\",\"@id\":\"https:\/\/talkpal.ai\/fr\/#\/schema\/logo\/image\/\",\"url\":\"https:\/\/talkpal.ai\/wp-content\/uploads\/2024\/03\/Talkpal-Logo-Icon.png\",\"contentUrl\":\"https:\/\/talkpal.ai\/wp-content\/uploads\/2024\/03\/Talkpal-Logo-Icon.png\",\"width\":2880,\"height\":2880,\"caption\":\"Talkpal, Inc.\"},\"image\":{\"@id\":\"https:\/\/talkpal.ai\/fr\/#\/schema\/logo\/image\/\"},\"sameAs\":[\"https:\/\/www.facebook.com\/profile.php?id=100090733639311\",\"https:\/\/x.com\/talkpalai\",\"https:\/\/www.linkedin.com\/company\/talkpal\/\",\"https:\/\/www.youtube.com\/@TalkPal\/\",\"https:\/\/www.tiktok.com\/@talkpal\",\"https:\/\/www.instagram.com\/talkpal_ai\/\",\"https:\/\/www.crunchbase.com\/organization\/talkpal-9cde\",\"https:\/\/www.g2.com\/products\/talkpal-for-business\/\",\"https:\/\/www.trustpilot.com\/review\/talkpal.ai\",\"https:\/\/www.capterra.com\/p\/10006800\/TalkPal\/\"],\"description\":\"Talkpal is a language learning web and mobile education app, powered by the latest AI technologies, that provides engaging experiences to its customers in many different languages to help them improve their language skills. Users can chat about unlimited amount of topics with the app and use other modes to practice their language learning.\",\"email\":\"support@talkpal.ai\",\"legalName\":\"Talkpal, Inc.\",\"foundingDate\":\"2023-04-03\",\"duns\":\"118989042\",\"numberOfEmployees\":{\"@type\":\"QuantitativeValue\",\"minValue\":\"11\",\"maxValue\":\"50\"},\"publishingPrinciples\":\"https:\/\/talkpal.ai\/publishing-principles\/\",\"actionableFeedbackPolicy\":\"https:\/\/talkpal.ai\/actionable-feedback-policy\/\",\"correctionsPolicy\":\"https:\/\/talkpal.ai\/corrections-policy\/\",\"ethicsPolicy\":\"https:\/\/talkpal.ai\/ethics-policy\/\",\"diversityPolicy\":\"https:\/\/talkpal.ai\/diversity-policy\/\",\"diversityStaffingReport\":\"https:\/\/talkpal.ai\/diversity-policy\/\"}]}<\/script>\n<!-- \/ Yoast SEO Premium plugin. -->","yoast_head_json":{"title":"Grammaire grecque - Talkpal","description":"Ma\u00eetrisez la grammaire grecque en toute confiance - apprenez les r\u00e8gles importantes, entra\u00eenez-vous \u00e0 former des phrases et renforcez rapidement vos comp\u00e9tences gr\u00e2ce \u00e0 l' Talkpal AI.","robots":{"index":"index","follow":"follow","max-snippet":"max-snippet:-1","max-image-preview":"max-image-preview:large","max-video-preview":"max-video-preview:-1"},"canonical":"https:\/\/talkpal.ai\/fr\/grammaire-grecque\/","og_locale":"fr_FR","og_type":"article","og_title":"Grammaire grecque","og_description":"D\u00e9mystifier la grammaire grecque : un guide complet Le grec, langue \u00e9l\u00e9gante et ancienne, occupe une place particuli\u00e8re dans l\u2019histoire linguistique et","og_url":"https:\/\/talkpal.ai\/fr\/grammaire-grecque\/","og_site_name":"Talkpal","article_publisher":"https:\/\/www.facebook.com\/profile.php?id=100090733639311","article_modified_time":"2025-12-13T15:13:38+00:00","og_image":[{"width":512,"height":512,"url":"https:\/\/talkpal.ai\/wp-content\/uploads\/2023\/05\/greece.png","type":"image\/png"}],"twitter_card":"summary_large_image","twitter_site":"@talkpalai","twitter_misc":{"Dur\u00e9e de lecture estim\u00e9e":"3 minutes"},"schema":{"@context":"https:\/\/schema.org","@graph":[{"@type":"WebPage","@id":"https:\/\/talkpal.ai\/fr\/grammaire-grecque\/","url":"https:\/\/talkpal.ai\/fr\/grammaire-grecque\/","name":"Grammaire grecque - Talkpal","isPartOf":{"@id":"https:\/\/talkpal.ai\/fr\/#website"},"primaryImageOfPage":{"@id":"https:\/\/talkpal.ai\/fr\/grammaire-grecque\/#primaryimage"},"image":{"@id":"https:\/\/talkpal.ai\/fr\/grammaire-grecque\/#primaryimage"},"thumbnailUrl":"https:\/\/talkpal.ai\/wp-content\/uploads\/2023\/05\/greece.png","datePublished":"2023-05-14T14:02:30+00:00","dateModified":"2025-12-13T15:13:38+00:00","description":"Ma\u00eetrisez la grammaire grecque en toute confiance - apprenez les r\u00e8gles importantes, entra\u00eenez-vous \u00e0 former des phrases et renforcez rapidement vos comp\u00e9tences gr\u00e2ce \u00e0 l' Talkpal AI.","breadcrumb":{"@id":"https:\/\/talkpal.ai\/fr\/grammaire-grecque\/#breadcrumb"},"inLanguage":"fr-FR","potentialAction":[{"@type":"ReadAction","target":["https:\/\/talkpal.ai\/fr\/grammaire-grecque\/"]}]},{"@type":"ImageObject","inLanguage":"fr-FR","@id":"https:\/\/talkpal.ai\/fr\/grammaire-grecque\/#primaryimage","url":"https:\/\/talkpal.ai\/wp-content\/uploads\/2023\/05\/greece.png","contentUrl":"https:\/\/talkpal.ai\/wp-content\/uploads\/2023\/05\/greece.png","width":512,"height":512},{"@type":"BreadcrumbList","@id":"https:\/\/talkpal.ai\/fr\/grammaire-grecque\/#breadcrumb","itemListElement":[{"@type":"ListItem","position":1,"name":"Homepage","item":"https:\/\/talkpal.ai\/fr\/"},{"@type":"ListItem","position":2,"name":"Grammaire grecque"}]},{"@type":"WebSite","@id":"https:\/\/talkpal.ai\/fr\/#website","url":"https:\/\/talkpal.ai\/fr\/","name":"Talkpal","description":"AI Language Learning","publisher":{"@id":"https:\/\/talkpal.ai\/fr\/#organization"},"alternateName":"Talkpal AI","potentialAction":[{"@type":"SearchAction","target":{"@type":"EntryPoint","urlTemplate":"https:\/\/talkpal.ai\/fr\/?s={search_term_string}"},"query-input":{"@type":"PropertyValueSpecification","valueRequired":true,"valueName":"search_term_string"}}],"inLanguage":"fr-FR"},{"@type":"Organization","@id":"https:\/\/talkpal.ai\/fr\/#organization","name":"Talkpal, Inc.","alternateName":"Talkpal AI","url":"https:\/\/talkpal.ai\/fr\/","logo":{"@type":"ImageObject","inLanguage":"fr-FR","@id":"https:\/\/talkpal.ai\/fr\/#\/schema\/logo\/image\/","url":"https:\/\/talkpal.ai\/wp-content\/uploads\/2024\/03\/Talkpal-Logo-Icon.png","contentUrl":"https:\/\/talkpal.ai\/wp-content\/uploads\/2024\/03\/Talkpal-Logo-Icon.png","width":2880,"height":2880,"caption":"Talkpal, Inc."},"image":{"@id":"https:\/\/talkpal.ai\/fr\/#\/schema\/logo\/image\/"},"sameAs":["https:\/\/www.facebook.com\/profile.php?id=100090733639311","https:\/\/x.com\/talkpalai","https:\/\/www.linkedin.com\/company\/talkpal\/","https:\/\/www.youtube.com\/@TalkPal\/","https:\/\/www.tiktok.com\/@talkpal","https:\/\/www.instagram.com\/talkpal_ai\/","https:\/\/www.crunchbase.com\/organization\/talkpal-9cde","https:\/\/www.g2.com\/products\/talkpal-for-business\/","https:\/\/www.trustpilot.com\/review\/talkpal.ai","https:\/\/www.capterra.com\/p\/10006800\/TalkPal\/"],"description":"Talkpal is a language learning web and mobile education app, powered by the latest AI technologies, that provides engaging experiences to its customers in many different languages to help them improve their language skills. Users can chat about unlimited amount of topics with the app and use other modes to practice their language learning.","email":"support@talkpal.ai","legalName":"Talkpal, Inc.","foundingDate":"2023-04-03","duns":"118989042","numberOfEmployees":{"@type":"QuantitativeValue","minValue":"11","maxValue":"50"},"publishingPrinciples":"https:\/\/talkpal.ai\/publishing-principles\/","actionableFeedbackPolicy":"https:\/\/talkpal.ai\/actionable-feedback-policy\/","correctionsPolicy":"https:\/\/talkpal.ai\/corrections-policy\/","ethicsPolicy":"https:\/\/talkpal.ai\/ethics-policy\/","diversityPolicy":"https:\/\/talkpal.ai\/diversity-policy\/","diversityStaffingReport":"https:\/\/talkpal.ai\/diversity-policy\/"}]}},"_links":{"self":[{"href":"https:\/\/talkpal.ai\/fr\/wp-json\/wp\/v2\/pages\/74049","targetHints":{"allow":["GET"]}}],"collection":[{"href":"https:\/\/talkpal.ai\/fr\/wp-json\/wp\/v2\/pages"}],"about":[{"href":"https:\/\/talkpal.ai\/fr\/wp-json\/wp\/v2\/types\/page"}],"author":[{"embeddable":true,"href":"https:\/\/talkpal.ai\/fr\/wp-json\/wp\/v2\/users\/1"}],"replies":[{"embeddable":true,"href":"https:\/\/talkpal.ai\/fr\/wp-json\/wp\/v2\/comments?post=74049"}],"version-history":[{"count":0,"href":"https:\/\/talkpal.ai\/fr\/wp-json\/wp\/v2\/pages\/74049\/revisions"}],"wp:featuredmedia":[{"embeddable":true,"href":"https:\/\/talkpal.ai\/fr\/wp-json\/wp\/v2\/media\/28332"}],"wp:attachment":[{"href":"https:\/\/talkpal.ai\/fr\/wp-json\/wp\/v2\/media?parent=74049"}],"curies":[{"name":"wp","href":"https:\/\/api.w.org\/{rel}","templated":true}]}}