{"id":74034,"date":"2023-05-14T14:01:16","date_gmt":"2023-05-14T14:01:16","guid":{"rendered":"http:\/\/talkpal.ai\/grammaire-croate\/"},"modified":"2025-12-11T16:41:19","modified_gmt":"2025-12-11T16:41:19","slug":"grammaire-croate","status":"publish","type":"page","link":"https:\/\/talkpal.ai\/fr\/grammaire-croate\/","title":{"rendered":"Grammaire croate"},"content":{"rendered":"\r\n\r\n\r\n<section class=\"languageChallengeSection\">\r\n    <div class=\"languageInfoWrapper\">\r\n        \r\n        <h1>Grammaire croate<\/h1>\r\n        <p>D\u00e9couvrez la structure fascinante du <a href=\"https:\/\/talkpal.ai\/learn-croatian\/\">croate<\/a> en apprenant ses r\u00e8gles de grammaire essentielles. La ma\u00eetrise de la <a href=\"https:\/\/talkpal.ai\/es\/gramatica-croata\/\">grammaire croate<\/a> vous ouvrira de nouvelles possibilit\u00e9s de communication et vous aidera \u00e0 mieux conna\u00eetre la culture et le patrimoine du pays. Commencez \u00e0 apprendre la <a href=\"https:\/\/talkpal.ai\/es\/gramatica-croata\/\">grammaire croate<\/a> d\u00e8s aujourd&#039;hui et faites un premier pas vers la ma\u00eetrise de la langue !<\/p>\r\n\r\n                            <a class=\"getStartedHidden\" href=\"https:\/\/app.talkpal.ai\/fr\/signup?lng=\">Commencer<\/a>\r\n        \r\n    <\/div>\r\n\r\n    <figure>\r\n    <img decoding=\"async\" width=\"768\" height=\"768\" src=\"https:\/\/talkpal.ai\/wp-content\/uploads\/2023\/06\/croatian-768x768.png\" class=\"languageImage no-lazy\" alt=\"Default alt text\" fetchpriority=\"high\" sizes=\"(max-width: 768px) 150px, 768px\" srcset=\"https:\/\/talkpal.ai\/wp-content\/uploads\/2023\/06\/croatian-768x768.png 768w, https:\/\/talkpal.ai\/wp-content\/uploads\/2023\/06\/croatian-300x300.png 300w\" \/>\r\n    \r\n\r\n    <\/figure>\r\n\r\n            <a class=\"getStartedVisible\" href=\"https:\/\/app.talkpal.ai\/fr\/signup?lng=\">Commencer<\/a>\r\n    \r\n<\/section>\r\n        <section class=\"grammarSection\">\r\n            <div class=\"grammarLinks\">\r\n                <a href=\"https:\/\/talkpal.ai\/fr\/language\/adjectifs-grammaire-croate\/\">Adjectifs <\/a><a href=\"https:\/\/talkpal.ai\/fr\/language\/adverbes-grammaire-croate\/\">Adverbes <\/a><a href=\"https:\/\/talkpal.ai\/fr\/language\/articles-grammaire-croate\/\">Articles <\/a><a href=\"https:\/\/talkpal.ai\/fr\/language\/comparaison-des-temps-grammaire-croate\/\">Comparaison des temps <\/a><a href=\"https:\/\/talkpal.ai\/fr\/language\/conditionnels-grammaire-croate\/\">Conditionnels <\/a><a href=\"https:\/\/talkpal.ai\/fr\/language\/noms-grammaire-croate\/\">Noms <\/a><a href=\"https:\/\/talkpal.ai\/fr\/language\/phrases-grammaire-croate\/\">Phrases <\/a><a href=\"https:\/\/talkpal.ai\/fr\/language\/prepositions-grammaire-croate\/\">Pr\u00e9positions <\/a><a href=\"https:\/\/talkpal.ai\/fr\/language\/progressif-grammaire-croate\/\">Progressif <\/a><a href=\"https:\/\/talkpal.ai\/fr\/language\/progressif-parfait-grammaire-croate\/\">Progressif parfait <\/a><a href=\"https:\/\/talkpal.ai\/fr\/language\/pronoms-determinants-grammaire-croate\/\">Pronoms\/D\u00e9terminants <\/a><a href=\"https:\/\/talkpal.ai\/fr\/language\/temps-grammaire-croate\/\">Temps <\/a><a href=\"https:\/\/talkpal.ai\/fr\/language\/verbes-grammaire-croate\/\">Verbes <\/a>            <\/div>\r\n        <\/section>\r\n    <section class=\"promotionalBanner\">\r\n    <p class=\"promotionalText\">La fa\u00e7on la plus efficace d\u2019apprendre une langue<\/p>\r\n    <a class=\"promotionalLink\" href=\"https:\/\/app.talkpal.ai\/fr\/signup?lng=\">Essayez Talkpal gratuitement<\/a>\r\n<\/section>\n<div class=\"wp-block-group pageContainerStyle\"><div class=\"wp-block-group__inner-container is-layout-constrained wp-block-group-is-layout-constrained\">\n<h2 class=\"wp-block-heading\" id=\"h-a-journey-through-croatian-grammar-unraveling-the-complexities-made-easy\">Un voyage \u00e0 travers la grammaire croate : d\u00e9m\u00ealer les complexit\u00e9s en toute simplicit\u00e9<\/h2>\n\n\n\n<p>Grammaire croate : s\u00e9duisante et intimidante, simple et complexe, myst\u00e9rieuse et fascinante. Lorsque vous vous lancez dans l\u2019apprentissage de la langue croate, vous pouvez vous sentir d\u00e9pass\u00e9 par l\u2019id\u00e9e de comprendre ses subtilit\u00e9s grammaticales. Mais n\u2019ayez crainte, intr\u00e9pide linguiste, nous sommes l\u00e0 pour vous guider \u00e0 chaque \u00e9tape !<\/p>\n\n\n\n<p>Dans cet article, nous allons fournir une compr\u00e9hension de base des concepts de grammaire croate et fournir des conseils et des astuces pour ma\u00eetriser cette belle langue slave. Asseyez-vous, d\u00e9tendez-vous et laissez-nous simplifier cette affaire apparemment compliqu\u00e9e !<\/p>\n\n\n\n<h3 class=\"wp-block-heading\" id=\"h-1-heavenly-nouns-declining-in-style\">1. Noms c\u00e9lestes : un style d\u00e9clinant<\/h3>\n\n\n\n<p>Si vous connaissez des langues comme le latin ou l&rsquo;allemand, le concept de d\u00e9clinaison des noms ne vous est pas inconnu. La grammaire croate est construite sur une base de d\u00e9clinaison, avec un total de sept cas. Oui, vous avez bien entendu ! Chaque nom en croate peut avoir jusqu\u2019\u00e0 sept formes diff\u00e9rentes, en fonction de son r\u00f4le dans la phrase. Mais pourquoi tant d\u2019agitation, me direz-vous ? Eh bien, cela r\u00e9duit le besoin de pr\u00e9positions, ce qui rend le langage plus pr\u00e9cis.  <\/p>\n\n\n\n<p>Voici un bref aper\u00e7u des cas :<\/p>\n\n\n\n<p><strong>&#8211; Nominatif :<\/strong> Le sujet d&rsquo;une phrase<\/p>\n\n\n\n<p><strong>&#8211; G\u00e9nitif :<\/strong> Indique la possession ou l&rsquo;origine<\/p>\n\n\n\n<p><strong>&#8211; Datif :<\/strong> L&rsquo;objet indirect ou la destination<\/p>\n\n\n\n<p><strong>&#8211; Accusatif :<\/strong> L&rsquo;objet direct ou le but<\/p>\n\n\n\n<p><strong>&#8211; Vocatif :<\/strong> Utilis\u00e9 pour s&rsquo;adresser \u00e0 quelqu&rsquo;un ou l&rsquo;appeler<\/p>\n\n\n\n<p><strong>&#8211; Locatif :<\/strong> Indique le lieu<\/p>\n\n\n\n<p><strong>&#8211; Instrumental :<\/strong> D\u00e9crit les moyens, la mani\u00e8re ou l&rsquo;accompagnement.<\/p>\n\n\n\n<p>Maintenant, <a href=\"https:\/\/talkpal.ai\/culture\/what-is-the-difference-between-avant-de-and-avant-que\/\">avant de<\/a> <a href=\"https:\/\/talkpal.ai\/ko\/ai-%ec%96%b8%ec%96%b4-%ea%b5%90%ec%82%ac\/\">commencer<\/a> \u00e0 paniquer, rappelez-vous que c\u2019est en forgeant qu\u2019on devient forgeron. L\u2019exposition et l\u2019utilisation r\u00e9guli\u00e8res de la langue vous aideront \u00e0 ma\u00eetriser progressivement ces d\u00e9clinaisons et \u00e0 devenir un as de la grammaire croate !<\/p>\n\n\n\n<h3 class=\"wp-block-heading\" id=\"h-2-adorable-adjectives-agreements-galore\">2. Adjectifs adorables : des accords \u00e0 gogo<\/h3>\n\n\n\n<p>Dans le monde de la grammaire croate, les adjectifs aiment \u00eatre agr\u00e9ables. Ils changent en fonction du genre, du nombre et de la casse du nom qu\u2019ils modifient. Cela signifie que vous devrez adapter la forme de l&rsquo;adjectif selon que le nom est masculin, f\u00e9minin ou neutre, et selon qu&rsquo;il est singulier ou <a href=\"https:\/\/talkpal.ai\/ar\/grammar_exercises\/pluriel-%d8%aa%d9%85%d8%a7%d8%b1%d9%8a%d9%86-%d9%84%d9%84%d9%82%d9%88%d8%a7%d8%b9%d8%af-%d8%a7%d9%84%d9%81%d8%b1%d9%86%d8%b3%d9%8a%d8%a9\/\">pluriel<\/a>.<\/p>\n\n\n\n<p>Vous avez du mal \u00e0 vous mettre d\u2019accord ? Voici un petit conseil : concentrez-vous sur l&rsquo;apprentissage de la <a href=\"https:\/\/talkpal.ai\/locations\/language-courses-in-racine\/\">racine<\/a> d&rsquo;un adjectif, et le reste se mettra en place. Par exemple, la racine de l&rsquo;adjectif \u00ab\u00a0beau\u00a0\u00bb est \u00ab\u00a0lijep-\u00ab\u00a0, et vous pouvez cr\u00e9er des formes comme \u00ab\u00a0lijepa\u00a0\u00bb (f\u00e9minin, nominatif) ou \u00ab\u00a0lijepim\u00a0\u00bb (masculin\/neutre, instrumental) en utilisant diff\u00e9rentes terminaisons.<\/p>\n\n\n\n<h3 class=\"wp-block-heading\" id=\"h-3-vibrant-verbs-conjugating-to-perfection\">3. Verbes vibrants : conjuguer \u00e0 la perfection<\/h3>\n\n\n\n<p>Commencez-vous \u00e0 voir une tendance ici\u00a0? Tout comme les noms et les adjectifs, les verbes croates sont \u00e9galement pleins de variations. Dans cette langue, les verbes subissent une conjugaison bas\u00e9e sur le temps, l\u2019humeur, l\u2019aspect, la personne et le nombre.<\/p>\n\n\n\n<p>Il y a trois temps principaux en croate : le pass\u00e9, le pr\u00e9sent et le futur. Alors que le pr\u00e9sent peut sembler relativement facile \u00e0 saisir, le pass\u00e9 et le futur peuvent \u00eatre complexes. Mais ne vous inqui\u00e9tez pas ! La pratique et l\u2019exposition \u00e0 la langue vous aideront \u00e0 surmonter ces obstacles en un rien de temps.<\/p>\n\n\n\n<h3 class=\"wp-block-heading\" id=\"h-4-prepositions-cases-dynamic-duo\">4. Pr\u00e9positions + cas = duo dynamique !<\/h3>\n\n\n\n<p>Les pr\u00e9positions croates peuvent \u00eatre un peu d\u00e9licates, car elles sont intimement li\u00e9es aux cas nominaux. Par exemple, la pr\u00e9position \u00ab\u00a0u\u00a0\u00bb (in, into) est utilis\u00e9e \u00e0 l&rsquo;accusatif si elle indique un mouvement ou une direction, mais si elle repr\u00e9sente un lieu, elle est utilis\u00e9e au locatif.<\/p>\n\n\n\n<p>Pour \u00e9viter toute confusion, associez une pr\u00e9position \u00e0 la casse qu\u2019elle requiert. Par exemple, rappelez-vous \u00ab\u00a0u + locatif = in\u00a0\u00bb et \u00ab\u00a0u + accusatif = into\u00a0\u00bb.<\/p>\n\n\n\n<h3 class=\"wp-block-heading\" id=\"h-5-tame-the-complexities-practice-makes-perfect\">5. Apprivoisez les complexit\u00e9s : c\u2019est en forgeant qu\u2019on devient forgeron<\/h3>\n\n\n\n<p>\u00c0 premi\u00e8re vue, la grammaire croate peut sembler \u00eatre un labyrinthe, mais gardez \u00e0 l\u2019esprit que la pratique est l\u2019ingr\u00e9dient secret du succ\u00e8s. Immergez-vous dans la langue en lisant, en \u00e9crivant, en \u00e9coutant et en conversant. Transformez les d\u00e9fis en triomphes en permettant \u00e0 votre cerveau d\u2019absorber et de s\u2019adapter au nouvel environnement linguistique.<\/p>\n\n\n\n<p>Maintenant que vous avez plong\u00e9 vos orteils dans les eaux enchanteresses de la grammaire croate, \u00eates-vous pr\u00eat \u00e0 vous immerger plus profond\u00e9ment ? Embrassez les complexit\u00e9s, savourez les nuances et rappelez-vous qu\u2019avec de la pers\u00e9v\u00e9rance et de la passion, vous pouvez d\u00e9couvrir la vraie beaut\u00e9 de la langue croate. Sretno\u00a0! (Bonne chance !)<\/p>\n<\/div><\/div>\n\r\n<section class=\"learnNavigationSection\">\r\n            \r\n        <a href=\"https:\/\/talkpal.ai\/fr\/apprendre-le-croate\/\">\r\n            <div class=\"learnNavigationWrapper\">\r\n                <div class=\"learnNavigationContent\">\r\n                    <img decoding=\"async\" src=\"https:\/\/talkpal.ai\/wp-content\/uploads\/2024\/08\/Croatian.jpg\" alt=\"Croatian Flag\">\r\n                    <div>\r\n                        <h4>\u00c0 propos de l&#039;apprentissage du croate<\/h4>\r\n                        <p>Tout savoir sur la grammaire croate.<\/p>\r\n                    <\/div>\r\n                <\/div>\r\n            <\/div>\r\n        <\/a>\r\n\r\n        \r\n        <a href=\"https:\/\/talkpal.ai\/fr\/exercices-de-grammaire-croate\/\">\r\n            <div class=\"learnNavigationWrapper\">\r\n                <div class=\"learnNavigationContent\">\r\n                    <img decoding=\"async\" src=\"https:\/\/talkpal.ai\/wp-content\/uploads\/2024\/08\/Croatian.jpg\" alt=\"Croatian Flag\">\r\n                    <div>\r\n                        <h4>Exercice de grammaire croate<\/h4>\r\n                        <p>Pratiquez la grammaire croate.<\/p>\r\n                    <\/div>\r\n                <\/div>\r\n            <\/div>\r\n        <\/a>\r\n\r\n        \r\n        <a href=\"https:\/\/talkpal.ai\/vocabulary_language\/croatian\/\">\r\n            <div class=\"learnNavigationWrapper\">\r\n                <div class=\"learnNavigationContent\">\r\n                    <img decoding=\"async\" src=\"https:\/\/talkpal.ai\/wp-content\/uploads\/2024\/08\/Croatian.jpg\" alt=\"Croatian Flag\">\r\n                    <div>\r\n                        <h4>Vocabulaire croate<\/h4>\r\n                        <p>\u00c9largissez votre vocabulaire croate.<\/p>\r\n                    <\/div>\r\n                <\/div>\r\n            <\/div>\r\n        <\/a>\r\n\r\n            <\/section>","protected":false},"excerpt":{"rendered":"<p>Un voyage \u00e0 travers la grammaire croate : d\u00e9m\u00ealer les complexit\u00e9s en toute simplicit\u00e9 Grammaire croate : s\u00e9duisante et intimidante, simple et complexe, myst\u00e9rieuse et fascinante. Lorsque vous vous lancez dans l\u2019apprentissage de la langue croate, vous pouvez vous sentir d\u00e9pass\u00e9 par l\u2019id\u00e9e de comprendre ses subtilit\u00e9s grammaticales. Mais n\u2019ayez crainte, intr\u00e9pide linguiste, nous sommes [&hellip;]<\/p>\n","protected":false},"author":1,"featured_media":28252,"parent":0,"menu_order":0,"comment_status":"closed","ping_status":"closed","template":"LearningContentPage.php","meta":{"_acf_changed":false,"footnotes":""},"class_list":["post-74034","page","type-page","status-publish","has-post-thumbnail","hentry"],"acf":[],"yoast_head":"<!-- This site is optimized with the Yoast SEO Premium plugin v27.2 (Yoast SEO v27.2) - https:\/\/yoast.com\/product\/yoast-seo-premium-wordpress\/ -->\n<title>Grammaire croate - Talkpal<\/title>\n<meta name=\"description\" content=\"Explorez la grammaire croate et am\u00e9liorez votre compr\u00e9hension de la langue gr\u00e2ce \u00e0 des conseils et des ressources essentiels.\" \/>\n<meta name=\"robots\" content=\"index, follow, max-snippet:-1, max-image-preview:large, max-video-preview:-1\" \/>\n<link rel=\"canonical\" href=\"https:\/\/talkpal.ai\/fr\/grammaire-croate\/\" \/>\n<meta property=\"og:locale\" content=\"fr_FR\" \/>\n<meta property=\"og:type\" content=\"article\" \/>\n<meta property=\"og:title\" content=\"Grammaire croate\" \/>\n<meta property=\"og:description\" content=\"Un voyage \u00e0 travers la grammaire croate : d\u00e9m\u00ealer les complexit\u00e9s en toute simplicit\u00e9 Grammaire croate : s\u00e9duisante et intimidante, simple et complexe,\" \/>\n<meta property=\"og:url\" content=\"https:\/\/talkpal.ai\/fr\/grammaire-croate\/\" \/>\n<meta property=\"og:site_name\" content=\"Talkpal\" \/>\n<meta property=\"article:publisher\" content=\"https:\/\/www.facebook.com\/profile.php?id=100090733639311\" \/>\n<meta property=\"article:modified_time\" content=\"2025-12-11T16:41:19+00:00\" \/>\n<meta property=\"og:image\" content=\"https:\/\/talkpal.ai\/wp-content\/uploads\/2023\/05\/croatia.png\" \/>\n\t<meta property=\"og:image:width\" content=\"512\" \/>\n\t<meta property=\"og:image:height\" content=\"512\" \/>\n\t<meta property=\"og:image:type\" content=\"image\/png\" \/>\n<meta name=\"twitter:card\" content=\"summary_large_image\" \/>\n<meta name=\"twitter:site\" content=\"@talkpalai\" \/>\n<meta name=\"twitter:label1\" content=\"Dur\u00e9e de lecture estim\u00e9e\" \/>\n\t<meta name=\"twitter:data1\" content=\"4 minutes\" \/>\n<script type=\"application\/ld+json\" class=\"yoast-schema-graph\">{\"@context\":\"https:\/\/schema.org\",\"@graph\":[{\"@type\":\"WebPage\",\"@id\":\"https:\/\/talkpal.ai\/fr\/grammaire-croate\/\",\"url\":\"https:\/\/talkpal.ai\/fr\/grammaire-croate\/\",\"name\":\"Grammaire croate - Talkpal\",\"isPartOf\":{\"@id\":\"https:\/\/talkpal.ai\/fr\/#website\"},\"primaryImageOfPage\":{\"@id\":\"https:\/\/talkpal.ai\/fr\/grammaire-croate\/#primaryimage\"},\"image\":{\"@id\":\"https:\/\/talkpal.ai\/fr\/grammaire-croate\/#primaryimage\"},\"thumbnailUrl\":\"https:\/\/talkpal.ai\/wp-content\/uploads\/2023\/05\/croatia.png\",\"datePublished\":\"2023-05-14T14:01:16+00:00\",\"dateModified\":\"2025-12-11T16:41:19+00:00\",\"description\":\"Explorez la grammaire croate et am\u00e9liorez votre compr\u00e9hension de la langue gr\u00e2ce \u00e0 des conseils et des ressources essentiels.\",\"breadcrumb\":{\"@id\":\"https:\/\/talkpal.ai\/fr\/grammaire-croate\/#breadcrumb\"},\"inLanguage\":\"fr-FR\",\"potentialAction\":[{\"@type\":\"ReadAction\",\"target\":[\"https:\/\/talkpal.ai\/fr\/grammaire-croate\/\"]}]},{\"@type\":\"ImageObject\",\"inLanguage\":\"fr-FR\",\"@id\":\"https:\/\/talkpal.ai\/fr\/grammaire-croate\/#primaryimage\",\"url\":\"https:\/\/talkpal.ai\/wp-content\/uploads\/2023\/05\/croatia.png\",\"contentUrl\":\"https:\/\/talkpal.ai\/wp-content\/uploads\/2023\/05\/croatia.png\",\"width\":512,\"height\":512},{\"@type\":\"BreadcrumbList\",\"@id\":\"https:\/\/talkpal.ai\/fr\/grammaire-croate\/#breadcrumb\",\"itemListElement\":[{\"@type\":\"ListItem\",\"position\":1,\"name\":\"Homepage\",\"item\":\"https:\/\/talkpal.ai\/fr\/\"},{\"@type\":\"ListItem\",\"position\":2,\"name\":\"Grammaire croate\"}]},{\"@type\":\"WebSite\",\"@id\":\"https:\/\/talkpal.ai\/fr\/#website\",\"url\":\"https:\/\/talkpal.ai\/fr\/\",\"name\":\"Talkpal\",\"description\":\"AI Language Learning\",\"publisher\":{\"@id\":\"https:\/\/talkpal.ai\/fr\/#organization\"},\"alternateName\":\"Talkpal AI\",\"potentialAction\":[{\"@type\":\"SearchAction\",\"target\":{\"@type\":\"EntryPoint\",\"urlTemplate\":\"https:\/\/talkpal.ai\/fr\/?s={search_term_string}\"},\"query-input\":{\"@type\":\"PropertyValueSpecification\",\"valueRequired\":true,\"valueName\":\"search_term_string\"}}],\"inLanguage\":\"fr-FR\"},{\"@type\":\"Organization\",\"@id\":\"https:\/\/talkpal.ai\/fr\/#organization\",\"name\":\"Talkpal, Inc.\",\"alternateName\":\"Talkpal AI\",\"url\":\"https:\/\/talkpal.ai\/fr\/\",\"logo\":{\"@type\":\"ImageObject\",\"inLanguage\":\"fr-FR\",\"@id\":\"https:\/\/talkpal.ai\/fr\/#\/schema\/logo\/image\/\",\"url\":\"https:\/\/talkpal.ai\/wp-content\/uploads\/2024\/03\/Talkpal-Logo-Icon.png\",\"contentUrl\":\"https:\/\/talkpal.ai\/wp-content\/uploads\/2024\/03\/Talkpal-Logo-Icon.png\",\"width\":2880,\"height\":2880,\"caption\":\"Talkpal, Inc.\"},\"image\":{\"@id\":\"https:\/\/talkpal.ai\/fr\/#\/schema\/logo\/image\/\"},\"sameAs\":[\"https:\/\/www.facebook.com\/profile.php?id=100090733639311\",\"https:\/\/x.com\/talkpalai\",\"https:\/\/www.linkedin.com\/company\/talkpal\/\",\"https:\/\/www.youtube.com\/@TalkPal\/\",\"https:\/\/www.tiktok.com\/@talkpal\",\"https:\/\/www.instagram.com\/talkpal_ai\/\",\"https:\/\/www.crunchbase.com\/organization\/talkpal-9cde\",\"https:\/\/www.g2.com\/products\/talkpal-for-business\/\",\"https:\/\/www.trustpilot.com\/review\/talkpal.ai\",\"https:\/\/www.capterra.com\/p\/10006800\/TalkPal\/\"],\"description\":\"Talkpal is a language learning web and mobile education app, powered by the latest AI technologies, that provides engaging experiences to its customers in many different languages to help them improve their language skills. Users can chat about unlimited amount of topics with the app and use other modes to practice their language learning.\",\"email\":\"support@talkpal.ai\",\"legalName\":\"Talkpal, Inc.\",\"foundingDate\":\"2023-04-03\",\"duns\":\"118989042\",\"numberOfEmployees\":{\"@type\":\"QuantitativeValue\",\"minValue\":\"11\",\"maxValue\":\"50\"},\"publishingPrinciples\":\"https:\/\/talkpal.ai\/publishing-principles\/\",\"actionableFeedbackPolicy\":\"https:\/\/talkpal.ai\/actionable-feedback-policy\/\",\"correctionsPolicy\":\"https:\/\/talkpal.ai\/corrections-policy\/\",\"ethicsPolicy\":\"https:\/\/talkpal.ai\/ethics-policy\/\",\"diversityPolicy\":\"https:\/\/talkpal.ai\/diversity-policy\/\",\"diversityStaffingReport\":\"https:\/\/talkpal.ai\/diversity-policy\/\"}]}<\/script>\n<!-- \/ Yoast SEO Premium plugin. -->","yoast_head_json":{"title":"Grammaire croate - Talkpal","description":"Explorez la grammaire croate et am\u00e9liorez votre compr\u00e9hension de la langue gr\u00e2ce \u00e0 des conseils et des ressources essentiels.","robots":{"index":"index","follow":"follow","max-snippet":"max-snippet:-1","max-image-preview":"max-image-preview:large","max-video-preview":"max-video-preview:-1"},"canonical":"https:\/\/talkpal.ai\/fr\/grammaire-croate\/","og_locale":"fr_FR","og_type":"article","og_title":"Grammaire croate","og_description":"Un voyage \u00e0 travers la grammaire croate : d\u00e9m\u00ealer les complexit\u00e9s en toute simplicit\u00e9 Grammaire croate : s\u00e9duisante et intimidante, simple et complexe,","og_url":"https:\/\/talkpal.ai\/fr\/grammaire-croate\/","og_site_name":"Talkpal","article_publisher":"https:\/\/www.facebook.com\/profile.php?id=100090733639311","article_modified_time":"2025-12-11T16:41:19+00:00","og_image":[{"width":512,"height":512,"url":"https:\/\/talkpal.ai\/wp-content\/uploads\/2023\/05\/croatia.png","type":"image\/png"}],"twitter_card":"summary_large_image","twitter_site":"@talkpalai","twitter_misc":{"Dur\u00e9e de lecture estim\u00e9e":"4 minutes"},"schema":{"@context":"https:\/\/schema.org","@graph":[{"@type":"WebPage","@id":"https:\/\/talkpal.ai\/fr\/grammaire-croate\/","url":"https:\/\/talkpal.ai\/fr\/grammaire-croate\/","name":"Grammaire croate - Talkpal","isPartOf":{"@id":"https:\/\/talkpal.ai\/fr\/#website"},"primaryImageOfPage":{"@id":"https:\/\/talkpal.ai\/fr\/grammaire-croate\/#primaryimage"},"image":{"@id":"https:\/\/talkpal.ai\/fr\/grammaire-croate\/#primaryimage"},"thumbnailUrl":"https:\/\/talkpal.ai\/wp-content\/uploads\/2023\/05\/croatia.png","datePublished":"2023-05-14T14:01:16+00:00","dateModified":"2025-12-11T16:41:19+00:00","description":"Explorez la grammaire croate et am\u00e9liorez votre compr\u00e9hension de la langue gr\u00e2ce \u00e0 des conseils et des ressources essentiels.","breadcrumb":{"@id":"https:\/\/talkpal.ai\/fr\/grammaire-croate\/#breadcrumb"},"inLanguage":"fr-FR","potentialAction":[{"@type":"ReadAction","target":["https:\/\/talkpal.ai\/fr\/grammaire-croate\/"]}]},{"@type":"ImageObject","inLanguage":"fr-FR","@id":"https:\/\/talkpal.ai\/fr\/grammaire-croate\/#primaryimage","url":"https:\/\/talkpal.ai\/wp-content\/uploads\/2023\/05\/croatia.png","contentUrl":"https:\/\/talkpal.ai\/wp-content\/uploads\/2023\/05\/croatia.png","width":512,"height":512},{"@type":"BreadcrumbList","@id":"https:\/\/talkpal.ai\/fr\/grammaire-croate\/#breadcrumb","itemListElement":[{"@type":"ListItem","position":1,"name":"Homepage","item":"https:\/\/talkpal.ai\/fr\/"},{"@type":"ListItem","position":2,"name":"Grammaire croate"}]},{"@type":"WebSite","@id":"https:\/\/talkpal.ai\/fr\/#website","url":"https:\/\/talkpal.ai\/fr\/","name":"Talkpal","description":"AI Language Learning","publisher":{"@id":"https:\/\/talkpal.ai\/fr\/#organization"},"alternateName":"Talkpal AI","potentialAction":[{"@type":"SearchAction","target":{"@type":"EntryPoint","urlTemplate":"https:\/\/talkpal.ai\/fr\/?s={search_term_string}"},"query-input":{"@type":"PropertyValueSpecification","valueRequired":true,"valueName":"search_term_string"}}],"inLanguage":"fr-FR"},{"@type":"Organization","@id":"https:\/\/talkpal.ai\/fr\/#organization","name":"Talkpal, Inc.","alternateName":"Talkpal AI","url":"https:\/\/talkpal.ai\/fr\/","logo":{"@type":"ImageObject","inLanguage":"fr-FR","@id":"https:\/\/talkpal.ai\/fr\/#\/schema\/logo\/image\/","url":"https:\/\/talkpal.ai\/wp-content\/uploads\/2024\/03\/Talkpal-Logo-Icon.png","contentUrl":"https:\/\/talkpal.ai\/wp-content\/uploads\/2024\/03\/Talkpal-Logo-Icon.png","width":2880,"height":2880,"caption":"Talkpal, Inc."},"image":{"@id":"https:\/\/talkpal.ai\/fr\/#\/schema\/logo\/image\/"},"sameAs":["https:\/\/www.facebook.com\/profile.php?id=100090733639311","https:\/\/x.com\/talkpalai","https:\/\/www.linkedin.com\/company\/talkpal\/","https:\/\/www.youtube.com\/@TalkPal\/","https:\/\/www.tiktok.com\/@talkpal","https:\/\/www.instagram.com\/talkpal_ai\/","https:\/\/www.crunchbase.com\/organization\/talkpal-9cde","https:\/\/www.g2.com\/products\/talkpal-for-business\/","https:\/\/www.trustpilot.com\/review\/talkpal.ai","https:\/\/www.capterra.com\/p\/10006800\/TalkPal\/"],"description":"Talkpal is a language learning web and mobile education app, powered by the latest AI technologies, that provides engaging experiences to its customers in many different languages to help them improve their language skills. Users can chat about unlimited amount of topics with the app and use other modes to practice their language learning.","email":"support@talkpal.ai","legalName":"Talkpal, Inc.","foundingDate":"2023-04-03","duns":"118989042","numberOfEmployees":{"@type":"QuantitativeValue","minValue":"11","maxValue":"50"},"publishingPrinciples":"https:\/\/talkpal.ai\/publishing-principles\/","actionableFeedbackPolicy":"https:\/\/talkpal.ai\/actionable-feedback-policy\/","correctionsPolicy":"https:\/\/talkpal.ai\/corrections-policy\/","ethicsPolicy":"https:\/\/talkpal.ai\/ethics-policy\/","diversityPolicy":"https:\/\/talkpal.ai\/diversity-policy\/","diversityStaffingReport":"https:\/\/talkpal.ai\/diversity-policy\/"}]}},"_links":{"self":[{"href":"https:\/\/talkpal.ai\/fr\/wp-json\/wp\/v2\/pages\/74034","targetHints":{"allow":["GET"]}}],"collection":[{"href":"https:\/\/talkpal.ai\/fr\/wp-json\/wp\/v2\/pages"}],"about":[{"href":"https:\/\/talkpal.ai\/fr\/wp-json\/wp\/v2\/types\/page"}],"author":[{"embeddable":true,"href":"https:\/\/talkpal.ai\/fr\/wp-json\/wp\/v2\/users\/1"}],"replies":[{"embeddable":true,"href":"https:\/\/talkpal.ai\/fr\/wp-json\/wp\/v2\/comments?post=74034"}],"version-history":[{"count":0,"href":"https:\/\/talkpal.ai\/fr\/wp-json\/wp\/v2\/pages\/74034\/revisions"}],"wp:featuredmedia":[{"embeddable":true,"href":"https:\/\/talkpal.ai\/fr\/wp-json\/wp\/v2\/media\/28252"}],"wp:attachment":[{"href":"https:\/\/talkpal.ai\/fr\/wp-json\/wp\/v2\/media?parent=74034"}],"curies":[{"name":"wp","href":"https:\/\/api.w.org\/{rel}","templated":true}]}}