{"id":74033,"date":"2023-05-14T14:03:43","date_gmt":"2023-05-14T14:03:43","guid":{"rendered":"http:\/\/talkpal.ai\/grammaire-galicienne\/"},"modified":"2025-12-13T15:35:54","modified_gmt":"2025-12-13T15:35:54","slug":"grammaire-galicienne","status":"publish","type":"page","link":"https:\/\/talkpal.ai\/fr\/grammaire-galicienne\/","title":{"rendered":"Grammaire galicienne"},"content":{"rendered":"\r\n\r\n\r\n<section class=\"languageChallengeSection\">\r\n    <div class=\"languageInfoWrapper\">\r\n        \r\n        <h1>Grammaire galicienne<\/h1>\r\n        <p>D\u00e9couvrez le charme de la langue galicienne en ma\u00eetrisant ses r\u00e8gles de grammaire fondamentales. La compr\u00e9hension de la <a href=\"https:\/\/talkpal.ai\/galician-grammar\/\">grammaire galicienne<\/a> vous ouvrira les portes d&#039;une communication fructueuse et d&#039;une appr\u00e9ciation plus profonde de la culture dynamique de la Galice. Commencez \u00e0 apprendre la <a href=\"https:\/\/talkpal.ai\/galician-grammar\/\">grammaire galicienne<\/a> d\u00e8s aujourd&#039;hui et faites le premier pas vers la ma\u00eetrise de la langue !<\/p>\r\n\r\n                            <a class=\"getStartedHidden\" href=\"https:\/\/app.talkpal.ai\/fr\/signup?lng=\">Commencer<\/a>\r\n        \r\n    <\/div>\r\n\r\n    <figure>\r\n    <img decoding=\"async\" width=\"768\" height=\"768\" src=\"https:\/\/talkpal.ai\/wp-content\/uploads\/2023\/06\/galician-768x768.png\" class=\"languageImage no-lazy\" alt=\"Default alt text\" fetchpriority=\"high\" sizes=\"(max-width: 768px) 150px, 768px\" srcset=\"https:\/\/talkpal.ai\/wp-content\/uploads\/2023\/06\/galician-768x768.png 768w, https:\/\/talkpal.ai\/wp-content\/uploads\/2023\/06\/galician-300x300.png 300w\" \/>\r\n    \r\n\r\n    <\/figure>\r\n\r\n            <a class=\"getStartedVisible\" href=\"https:\/\/app.talkpal.ai\/fr\/signup?lng=\">Commencer<\/a>\r\n    \r\n<\/section>\r\n        <section class=\"grammarSection\">\r\n            <div class=\"grammarLinks\">\r\n                <a href=\"https:\/\/talkpal.ai\/fr\/language\/adjectifs-grammaire-galicienne\/\">Adjectifs <\/a><a href=\"https:\/\/talkpal.ai\/fr\/language\/adverbes-grammaire-galicienne\/\">Adverbes <\/a><a href=\"https:\/\/talkpal.ai\/fr\/language\/articles-grammaire-galicienne\/\">Articles <\/a><a href=\"https:\/\/talkpal.ai\/fr\/language\/comparaison-des-temps-grammaire-galicienne\/\">Comparaison des temps <\/a><a href=\"https:\/\/talkpal.ai\/fr\/language\/conditionnels-grammaire-galicienne\/\">Conditionnels <\/a><a href=\"https:\/\/talkpal.ai\/fr\/language\/noms-grammaire-galicienne\/\">Noms <\/a><a href=\"https:\/\/talkpal.ai\/fr\/language\/phrases-grammaire-galicienne\/\">Phrases <\/a><a href=\"https:\/\/talkpal.ai\/fr\/language\/prepositions-grammaire-galicienne\/\">Pr\u00e9positions <\/a><a href=\"https:\/\/talkpal.ai\/fr\/language\/progressif-grammaire-galicienne\/\">Progressif <\/a><a href=\"https:\/\/talkpal.ai\/fr\/language\/progressif-parfait-grammaire-galicienne\/\">Progressif parfait <\/a><a href=\"https:\/\/talkpal.ai\/fr\/language\/pronoms-determinants-grammaire-galicienne\/\">Pronoms\/D\u00e9terminants <\/a><a href=\"https:\/\/talkpal.ai\/fr\/language\/temps-grammaire-galicienne\/\">Temps <\/a><a href=\"https:\/\/talkpal.ai\/fr\/language\/verbes-grammaire-galicienne\/\">Verbes <\/a>            <\/div>\r\n        <\/section>\r\n    <section class=\"promotionalBanner\">\r\n    <p class=\"promotionalText\">La fa\u00e7on la plus efficace d\u2019apprendre une langue<\/p>\r\n    <a class=\"promotionalLink\" href=\"https:\/\/app.talkpal.ai\/fr\/signup?lng=\">Essayez Talkpal gratuitement<\/a>\r\n<\/section>\n<div class=\"wp-block-group pageContainerStyle\"><div class=\"wp-block-group__inner-container is-layout-constrained wp-block-group-is-layout-constrained\">\n<h2 class=\"wp-block-heading\" id=\"h-galician-grammar-unlocking-the-beauty-of-a-romance-language\">Grammaire galicienne : r\u00e9v\u00e9ler la beaut\u00e9 d\u2019une langue romane<\/h2>\n\n\n\n<p>Le <a href=\"https:\/\/talkpal.ai\/learn-galician\/\">galicien<\/a>, une langue romane parl\u00e9e par plus de deux millions de personnes dans le nord-ouest de l\u2019Espagne, est un dialecte unique et captivant qui partage des similitudes avec le <a href=\"https:\/\/talkpal.ai\/learn-portuguese\/\">portugais<\/a>. Il a une phonologie distinctive, une histoire fascinante et une tradition po\u00e9tique vivante. Pour ma\u00eetriser cette langue enchanteresse, il est essentiel d&rsquo;en comprendre la grammaire. Dans cet article, nous allons explorer les aspects essentiels de la grammaire galicienne et fournir des conseils pour vous aider \u00e0 exceller dans ce voyage linguistique.<\/p>\n\n\n\n<h3 class=\"wp-block-heading\" id=\"h-key-components-of-galician-grammar\">\u00c9l\u00e9ments cl\u00e9s de la grammaire galicienne :<\/h3>\n\n\n\n<p>La grammaire galicienne, comme les autres langues romanes, se compose de diverses r\u00e8gles et structures qui d\u00e9finissent son bon usage. Voici quelques aspects fondamentaux de la grammaire galicienne que vous devez conna\u00eetre :<\/p>\n\n\n\n<p><strong>1. Noms :<\/strong> Les noms galiciens ont deux genres grammaticaux (masculin et f\u00e9minin) et sont fl\u00e9chis pour le nombre (singulier et <a href=\"https:\/\/talkpal.ai\/ar\/grammar_exercises\/pluriel-%d8%aa%d9%85%d8%a7%d8%b1%d9%8a%d9%86-%d9%84%d9%84%d9%82%d9%88%d8%a7%d8%b9%d8%af-%d8%a7%d9%84%d9%81%d8%b1%d9%86%d8%b3%d9%8a%d8%a9\/\">pluriel<\/a>). Le genre d\u2019un nom affecte la forme des articles, des adjectifs et des pronoms qui l\u2019accompagnent.<\/p>\n\n\n\n<p><strong>2. Articles :<\/strong> Le galicien a des <a href=\"https:\/\/talkpal.ai\/fr\/grammar\/articles-definis-en-grammaire-catalane\/\">articles d\u00e9finis<\/a> (o, os, a, as) et des articles ind\u00e9finis (un, uns, unha, unhas). Les articles d\u00e9finis sont utilis\u00e9s pour faire r\u00e9f\u00e9rence \u00e0 des objets ou des personnes sp\u00e9cifiques, tandis que les articles ind\u00e9finis sont utilis\u00e9s pour des r\u00e9f\u00e9rences g\u00e9n\u00e9rales ou non sp\u00e9cifiques.<\/p>\n\n\n\n<p><strong>3. Adjectifs et adverbes : Les adjectifs<\/strong> en galicien s\u2019accordent g\u00e9n\u00e9ralement en genre et en nombre avec les noms qu\u2019ils modifient. Les adverbes, en revanche, sont invariables et ne changent pas en fonction du genre ou du nombre du nom.<\/p>\n\n\n\n<p><strong>4. Verbes :<\/strong> Les verbes galiciens se conjuguent en trois mod\u00e8les r\u00e9guliers (ar, er, ir) et divers mod\u00e8les irr\u00e9guliers. Les verbes sont fl\u00e9chis en fonction du <a href=\"https:\/\/talkpal.ai\/zh-hans\/grammar_exercises\/temps-%e6%b3%95%e8%af%ad%e8%af%ad%e6%b3%95%e7%bb%83%e4%b9%a0\/\">temps<\/a> (pr\u00e9sent, pass\u00e9, futur, etc.), de l\u2019humeur (indicatif, <a href=\"https:\/\/talkpal.ai\/zh-hans\/grammar_exercises\/subjonctif-%e6%b3%95%e8%af%ad%e8%af%ad%e6%b3%95%e7%bb%83%e4%b9%a0\/\">subjonctif<\/a>, imp\u00e9ratif), de l\u2019aspect (perfectif, imperfectif) et de la voix (active, passive). Les pronoms sont souvent omis dans la conjugaison des verbes, car la forme verbale indique g\u00e9n\u00e9ralement le sujet.<\/p>\n\n\n\n<p><strong>5. Structure de la phrase :<\/strong> Le galicien utilise g\u00e9n\u00e9ralement l\u2019ordre des mots Sujet-Verbe-Objet (SVO) ou Verbe-Sujet-Objet (VSO), en fonction de l\u2019accent et du contexte. Cependant, cet ordre des mots est flexible.<\/p>\n\n\n\n<h3 class=\"wp-block-heading\" id=\"h-tips-for-learning-galician-grammar\">Conseils pour apprendre la grammaire galicienne :<\/h3>\n\n\n\n<p>Pour exceller dans votre parcours d\u2019apprentissage de la grammaire galicienne, envisagez ces strat\u00e9gies utiles :<\/p>\n\n\n\n<p><strong>1. Pratique r\u00e9guli\u00e8re :<\/strong> La coh\u00e9rence est la cl\u00e9. Consacrez des moments sp\u00e9cifiques chaque jour ou chaque semaine \u00e0 la pratique d\u2019exercices de grammaire, de lecture et d\u2019\u00e9criture en galicien.<\/p>\n\n\n\n<p><strong>2. Utilisez des ressources locales :<\/strong> Plongez-vous dans des documents galiciens authentiques tels que de la litt\u00e9rature, des articles de presse et des films. Cela vous aide non seulement \u00e0 voir la grammaire galicienne dans son contexte, mais am\u00e9liore \u00e9galement vos comp\u00e9tences de lecture et d\u2019\u00e9coute.<\/p>\n\n\n\n<p>3. Apprenez les genres nominaux et les articles : Familiarisez-vous avec <strong>les genres nominaux<\/strong> galiciens et l\u2019utilisation correcte des articles. Ceci est crucial pour former des phrases pr\u00e9cises et coh\u00e9rentes.<\/p>\n\n\n\n<p><strong>4. Connectez-vous avec des locuteurs natifs : Engagez-vous avec des locuteurs natifs<\/strong> du galicien par le biais de programmes d\u2019\u00e9change linguistique, de m\u00e9dias sociaux ou de forums en ligne. Cela donne l\u2019occasion de pratiquer la grammaire dans des conversations r\u00e9elles et de recevoir des commentaires pr\u00e9cieux.<\/p>\n\n\n\n<p><strong>5. Patience et pers\u00e9v\u00e9rance :<\/strong> Apprendre une nouvelle langue demande du temps, de la d\u00e9termination et de la patience. Relevez les d\u00e9fis et c\u00e9l\u00e9brez vos progr\u00e8s en cours de route.<\/p>\n\n\n\n<h2 class=\"wp-block-heading\" id=\"h-conclusion\">Conclusion :<\/h2>\n\n\n\n<p>La grammaire galicienne, avec ses caract\u00e9ristiques uniques et son lien avec la famille des langues romanes, d\u00e9tient la cl\u00e9 de la ma\u00eetrise de ce dialecte captivant. En comprenant ses composantes cl\u00e9s et en suivant nos strat\u00e9gies d&rsquo;apprentissage, vous serez sur la bonne voie pour acqu\u00e9rir des comp\u00e9tences linguistiques. Alors, embarquez pour ce voyage exaltant et d\u00e9couvrez les merveilles de la langue galicienne !<\/p>\n<\/div><\/div>\n\r\n<section class=\"learnNavigationSection\">\r\n            \r\n        <a href=\"https:\/\/talkpal.ai\/fr\/apprendre-le-galicien\/\">\r\n            <div class=\"learnNavigationWrapper\">\r\n                <div class=\"learnNavigationContent\">\r\n                    <img decoding=\"async\" src=\"https:\/\/talkpal.ai\/wp-content\/uploads\/2024\/08\/Galician.jpg\" alt=\"Galicia Flag\">\r\n                    <div>\r\n                        <h4>\u00c0 propos de Galician Learning<\/h4>\r\n                        <p>Tout savoir sur la grammaire galicienne.<\/p>\r\n                    <\/div>\r\n                <\/div>\r\n            <\/div>\r\n        <\/a>\r\n\r\n        \r\n        <a href=\"https:\/\/talkpal.ai\/fr\/exercices-de-grammaire-galicienne\/\">\r\n            <div class=\"learnNavigationWrapper\">\r\n                <div class=\"learnNavigationContent\">\r\n                    <img decoding=\"async\" src=\"https:\/\/talkpal.ai\/wp-content\/uploads\/2024\/08\/Galician.jpg\" alt=\"Galicia Flag\">\r\n                    <div>\r\n                        <h4>Exercice de grammaire galicienne<\/h4>\r\n                        <p>Pratiquez la grammaire galicienne.<\/p>\r\n                    <\/div>\r\n                <\/div>\r\n            <\/div>\r\n        <\/a>\r\n\r\n        \r\n        <a href=\"https:\/\/talkpal.ai\/vocabulary_language\/galician\/\">\r\n            <div class=\"learnNavigationWrapper\">\r\n                <div class=\"learnNavigationContent\">\r\n                    <img decoding=\"async\" src=\"https:\/\/talkpal.ai\/wp-content\/uploads\/2024\/08\/Galician.jpg\" alt=\"Galicia Flag\">\r\n                    <div>\r\n                        <h4>Vocabulaire galicien<\/h4>\r\n                        <p>\u00c9largissez votre vocabulaire galicien.<\/p>\r\n                    <\/div>\r\n                <\/div>\r\n            <\/div>\r\n        <\/a>\r\n\r\n            <\/section>","protected":false},"excerpt":{"rendered":"<p>Grammaire galicienne : r\u00e9v\u00e9ler la beaut\u00e9 d\u2019une langue romane Le galicien, une langue romane parl\u00e9e par plus de deux millions de personnes dans le nord-ouest de l\u2019Espagne, est un dialecte unique et captivant qui partage des similitudes avec le portugais. Il a une phonologie distinctive, une histoire fascinante et une tradition po\u00e9tique vivante. Pour ma\u00eetriser [&hellip;]<\/p>\n","protected":false},"author":1,"featured_media":28316,"parent":0,"menu_order":0,"comment_status":"closed","ping_status":"closed","template":"LearningContentPage.php","meta":{"_acf_changed":false,"footnotes":""},"class_list":["post-74033","page","type-page","status-publish","has-post-thumbnail","hentry"],"acf":[],"yoast_head":"<!-- This site is optimized with the Yoast SEO Premium plugin v27.2 (Yoast SEO v27.2) - https:\/\/yoast.com\/product\/yoast-seo-premium-wordpress\/ -->\n<title>Grammaire galicienne - Talkpal<\/title>\n<meta name=\"description\" content=\"Ma\u00eetrisez facilement la grammaire galicienne - apprenez les r\u00e8gles, construisez des phrases correctes et communiquez clairement.\" \/>\n<meta name=\"robots\" content=\"index, follow, max-snippet:-1, max-image-preview:large, max-video-preview:-1\" \/>\n<link rel=\"canonical\" href=\"https:\/\/talkpal.ai\/fr\/grammaire-galicienne\/\" \/>\n<meta property=\"og:locale\" content=\"fr_FR\" \/>\n<meta property=\"og:type\" content=\"article\" \/>\n<meta property=\"og:title\" content=\"Grammaire galicienne\" \/>\n<meta property=\"og:description\" content=\"Grammaire galicienne : r\u00e9v\u00e9ler la beaut\u00e9 d\u2019une langue romane Le galicien, une langue romane parl\u00e9e par plus de deux millions de personnes dans le\" \/>\n<meta property=\"og:url\" content=\"https:\/\/talkpal.ai\/fr\/grammaire-galicienne\/\" \/>\n<meta property=\"og:site_name\" content=\"Talkpal\" \/>\n<meta property=\"article:publisher\" content=\"https:\/\/www.facebook.com\/profile.php?id=100090733639311\" \/>\n<meta property=\"article:modified_time\" content=\"2025-12-13T15:35:54+00:00\" \/>\n<meta property=\"og:image\" content=\"https:\/\/talkpal.ai\/wp-content\/uploads\/2023\/05\/Galician-spain.png\" \/>\n\t<meta property=\"og:image:width\" content=\"512\" \/>\n\t<meta property=\"og:image:height\" content=\"512\" \/>\n\t<meta property=\"og:image:type\" content=\"image\/png\" \/>\n<meta name=\"twitter:card\" content=\"summary_large_image\" \/>\n<meta name=\"twitter:site\" content=\"@talkpalai\" \/>\n<meta name=\"twitter:label1\" content=\"Dur\u00e9e de lecture estim\u00e9e\" \/>\n\t<meta name=\"twitter:data1\" content=\"3 minutes\" \/>\n<script type=\"application\/ld+json\" class=\"yoast-schema-graph\">{\"@context\":\"https:\/\/schema.org\",\"@graph\":[{\"@type\":\"WebPage\",\"@id\":\"https:\/\/talkpal.ai\/fr\/grammaire-galicienne\/\",\"url\":\"https:\/\/talkpal.ai\/fr\/grammaire-galicienne\/\",\"name\":\"Grammaire galicienne - Talkpal\",\"isPartOf\":{\"@id\":\"https:\/\/talkpal.ai\/fr\/#website\"},\"primaryImageOfPage\":{\"@id\":\"https:\/\/talkpal.ai\/fr\/grammaire-galicienne\/#primaryimage\"},\"image\":{\"@id\":\"https:\/\/talkpal.ai\/fr\/grammaire-galicienne\/#primaryimage\"},\"thumbnailUrl\":\"https:\/\/talkpal.ai\/wp-content\/uploads\/2023\/05\/Galician-spain.png\",\"datePublished\":\"2023-05-14T14:03:43+00:00\",\"dateModified\":\"2025-12-13T15:35:54+00:00\",\"description\":\"Ma\u00eetrisez facilement la grammaire galicienne - apprenez les r\u00e8gles, construisez des phrases correctes et communiquez clairement.\",\"breadcrumb\":{\"@id\":\"https:\/\/talkpal.ai\/fr\/grammaire-galicienne\/#breadcrumb\"},\"inLanguage\":\"fr-FR\",\"potentialAction\":[{\"@type\":\"ReadAction\",\"target\":[\"https:\/\/talkpal.ai\/fr\/grammaire-galicienne\/\"]}]},{\"@type\":\"ImageObject\",\"inLanguage\":\"fr-FR\",\"@id\":\"https:\/\/talkpal.ai\/fr\/grammaire-galicienne\/#primaryimage\",\"url\":\"https:\/\/talkpal.ai\/wp-content\/uploads\/2023\/05\/Galician-spain.png\",\"contentUrl\":\"https:\/\/talkpal.ai\/wp-content\/uploads\/2023\/05\/Galician-spain.png\",\"width\":512,\"height\":512},{\"@type\":\"BreadcrumbList\",\"@id\":\"https:\/\/talkpal.ai\/fr\/grammaire-galicienne\/#breadcrumb\",\"itemListElement\":[{\"@type\":\"ListItem\",\"position\":1,\"name\":\"Homepage\",\"item\":\"https:\/\/talkpal.ai\/fr\/\"},{\"@type\":\"ListItem\",\"position\":2,\"name\":\"Grammaire galicienne\"}]},{\"@type\":\"WebSite\",\"@id\":\"https:\/\/talkpal.ai\/fr\/#website\",\"url\":\"https:\/\/talkpal.ai\/fr\/\",\"name\":\"Talkpal\",\"description\":\"AI Language Learning\",\"publisher\":{\"@id\":\"https:\/\/talkpal.ai\/fr\/#organization\"},\"alternateName\":\"Talkpal AI\",\"potentialAction\":[{\"@type\":\"SearchAction\",\"target\":{\"@type\":\"EntryPoint\",\"urlTemplate\":\"https:\/\/talkpal.ai\/fr\/?s={search_term_string}\"},\"query-input\":{\"@type\":\"PropertyValueSpecification\",\"valueRequired\":true,\"valueName\":\"search_term_string\"}}],\"inLanguage\":\"fr-FR\"},{\"@type\":\"Organization\",\"@id\":\"https:\/\/talkpal.ai\/fr\/#organization\",\"name\":\"Talkpal, Inc.\",\"alternateName\":\"Talkpal AI\",\"url\":\"https:\/\/talkpal.ai\/fr\/\",\"logo\":{\"@type\":\"ImageObject\",\"inLanguage\":\"fr-FR\",\"@id\":\"https:\/\/talkpal.ai\/fr\/#\/schema\/logo\/image\/\",\"url\":\"https:\/\/talkpal.ai\/wp-content\/uploads\/2024\/03\/Talkpal-Logo-Icon.png\",\"contentUrl\":\"https:\/\/talkpal.ai\/wp-content\/uploads\/2024\/03\/Talkpal-Logo-Icon.png\",\"width\":2880,\"height\":2880,\"caption\":\"Talkpal, Inc.\"},\"image\":{\"@id\":\"https:\/\/talkpal.ai\/fr\/#\/schema\/logo\/image\/\"},\"sameAs\":[\"https:\/\/www.facebook.com\/profile.php?id=100090733639311\",\"https:\/\/x.com\/talkpalai\",\"https:\/\/www.linkedin.com\/company\/talkpal\/\",\"https:\/\/www.youtube.com\/@TalkPal\/\",\"https:\/\/www.tiktok.com\/@talkpal\",\"https:\/\/www.instagram.com\/talkpal_ai\/\",\"https:\/\/www.crunchbase.com\/organization\/talkpal-9cde\",\"https:\/\/www.g2.com\/products\/talkpal-for-business\/\",\"https:\/\/www.trustpilot.com\/review\/talkpal.ai\",\"https:\/\/www.capterra.com\/p\/10006800\/TalkPal\/\"],\"description\":\"Talkpal is a language learning web and mobile education app, powered by the latest AI technologies, that provides engaging experiences to its customers in many different languages to help them improve their language skills. Users can chat about unlimited amount of topics with the app and use other modes to practice their language learning.\",\"email\":\"support@talkpal.ai\",\"legalName\":\"Talkpal, Inc.\",\"foundingDate\":\"2023-04-03\",\"duns\":\"118989042\",\"numberOfEmployees\":{\"@type\":\"QuantitativeValue\",\"minValue\":\"11\",\"maxValue\":\"50\"},\"publishingPrinciples\":\"https:\/\/talkpal.ai\/publishing-principles\/\",\"actionableFeedbackPolicy\":\"https:\/\/talkpal.ai\/actionable-feedback-policy\/\",\"correctionsPolicy\":\"https:\/\/talkpal.ai\/corrections-policy\/\",\"ethicsPolicy\":\"https:\/\/talkpal.ai\/ethics-policy\/\",\"diversityPolicy\":\"https:\/\/talkpal.ai\/diversity-policy\/\",\"diversityStaffingReport\":\"https:\/\/talkpal.ai\/diversity-policy\/\"}]}<\/script>\n<!-- \/ Yoast SEO Premium plugin. -->","yoast_head_json":{"title":"Grammaire galicienne - Talkpal","description":"Ma\u00eetrisez facilement la grammaire galicienne - apprenez les r\u00e8gles, construisez des phrases correctes et communiquez clairement.","robots":{"index":"index","follow":"follow","max-snippet":"max-snippet:-1","max-image-preview":"max-image-preview:large","max-video-preview":"max-video-preview:-1"},"canonical":"https:\/\/talkpal.ai\/fr\/grammaire-galicienne\/","og_locale":"fr_FR","og_type":"article","og_title":"Grammaire galicienne","og_description":"Grammaire galicienne : r\u00e9v\u00e9ler la beaut\u00e9 d\u2019une langue romane Le galicien, une langue romane parl\u00e9e par plus de deux millions de personnes dans le","og_url":"https:\/\/talkpal.ai\/fr\/grammaire-galicienne\/","og_site_name":"Talkpal","article_publisher":"https:\/\/www.facebook.com\/profile.php?id=100090733639311","article_modified_time":"2025-12-13T15:35:54+00:00","og_image":[{"width":512,"height":512,"url":"https:\/\/talkpal.ai\/wp-content\/uploads\/2023\/05\/Galician-spain.png","type":"image\/png"}],"twitter_card":"summary_large_image","twitter_site":"@talkpalai","twitter_misc":{"Dur\u00e9e de lecture estim\u00e9e":"3 minutes"},"schema":{"@context":"https:\/\/schema.org","@graph":[{"@type":"WebPage","@id":"https:\/\/talkpal.ai\/fr\/grammaire-galicienne\/","url":"https:\/\/talkpal.ai\/fr\/grammaire-galicienne\/","name":"Grammaire galicienne - Talkpal","isPartOf":{"@id":"https:\/\/talkpal.ai\/fr\/#website"},"primaryImageOfPage":{"@id":"https:\/\/talkpal.ai\/fr\/grammaire-galicienne\/#primaryimage"},"image":{"@id":"https:\/\/talkpal.ai\/fr\/grammaire-galicienne\/#primaryimage"},"thumbnailUrl":"https:\/\/talkpal.ai\/wp-content\/uploads\/2023\/05\/Galician-spain.png","datePublished":"2023-05-14T14:03:43+00:00","dateModified":"2025-12-13T15:35:54+00:00","description":"Ma\u00eetrisez facilement la grammaire galicienne - apprenez les r\u00e8gles, construisez des phrases correctes et communiquez clairement.","breadcrumb":{"@id":"https:\/\/talkpal.ai\/fr\/grammaire-galicienne\/#breadcrumb"},"inLanguage":"fr-FR","potentialAction":[{"@type":"ReadAction","target":["https:\/\/talkpal.ai\/fr\/grammaire-galicienne\/"]}]},{"@type":"ImageObject","inLanguage":"fr-FR","@id":"https:\/\/talkpal.ai\/fr\/grammaire-galicienne\/#primaryimage","url":"https:\/\/talkpal.ai\/wp-content\/uploads\/2023\/05\/Galician-spain.png","contentUrl":"https:\/\/talkpal.ai\/wp-content\/uploads\/2023\/05\/Galician-spain.png","width":512,"height":512},{"@type":"BreadcrumbList","@id":"https:\/\/talkpal.ai\/fr\/grammaire-galicienne\/#breadcrumb","itemListElement":[{"@type":"ListItem","position":1,"name":"Homepage","item":"https:\/\/talkpal.ai\/fr\/"},{"@type":"ListItem","position":2,"name":"Grammaire galicienne"}]},{"@type":"WebSite","@id":"https:\/\/talkpal.ai\/fr\/#website","url":"https:\/\/talkpal.ai\/fr\/","name":"Talkpal","description":"AI Language Learning","publisher":{"@id":"https:\/\/talkpal.ai\/fr\/#organization"},"alternateName":"Talkpal AI","potentialAction":[{"@type":"SearchAction","target":{"@type":"EntryPoint","urlTemplate":"https:\/\/talkpal.ai\/fr\/?s={search_term_string}"},"query-input":{"@type":"PropertyValueSpecification","valueRequired":true,"valueName":"search_term_string"}}],"inLanguage":"fr-FR"},{"@type":"Organization","@id":"https:\/\/talkpal.ai\/fr\/#organization","name":"Talkpal, Inc.","alternateName":"Talkpal AI","url":"https:\/\/talkpal.ai\/fr\/","logo":{"@type":"ImageObject","inLanguage":"fr-FR","@id":"https:\/\/talkpal.ai\/fr\/#\/schema\/logo\/image\/","url":"https:\/\/talkpal.ai\/wp-content\/uploads\/2024\/03\/Talkpal-Logo-Icon.png","contentUrl":"https:\/\/talkpal.ai\/wp-content\/uploads\/2024\/03\/Talkpal-Logo-Icon.png","width":2880,"height":2880,"caption":"Talkpal, Inc."},"image":{"@id":"https:\/\/talkpal.ai\/fr\/#\/schema\/logo\/image\/"},"sameAs":["https:\/\/www.facebook.com\/profile.php?id=100090733639311","https:\/\/x.com\/talkpalai","https:\/\/www.linkedin.com\/company\/talkpal\/","https:\/\/www.youtube.com\/@TalkPal\/","https:\/\/www.tiktok.com\/@talkpal","https:\/\/www.instagram.com\/talkpal_ai\/","https:\/\/www.crunchbase.com\/organization\/talkpal-9cde","https:\/\/www.g2.com\/products\/talkpal-for-business\/","https:\/\/www.trustpilot.com\/review\/talkpal.ai","https:\/\/www.capterra.com\/p\/10006800\/TalkPal\/"],"description":"Talkpal is a language learning web and mobile education app, powered by the latest AI technologies, that provides engaging experiences to its customers in many different languages to help them improve their language skills. Users can chat about unlimited amount of topics with the app and use other modes to practice their language learning.","email":"support@talkpal.ai","legalName":"Talkpal, Inc.","foundingDate":"2023-04-03","duns":"118989042","numberOfEmployees":{"@type":"QuantitativeValue","minValue":"11","maxValue":"50"},"publishingPrinciples":"https:\/\/talkpal.ai\/publishing-principles\/","actionableFeedbackPolicy":"https:\/\/talkpal.ai\/actionable-feedback-policy\/","correctionsPolicy":"https:\/\/talkpal.ai\/corrections-policy\/","ethicsPolicy":"https:\/\/talkpal.ai\/ethics-policy\/","diversityPolicy":"https:\/\/talkpal.ai\/diversity-policy\/","diversityStaffingReport":"https:\/\/talkpal.ai\/diversity-policy\/"}]}},"_links":{"self":[{"href":"https:\/\/talkpal.ai\/fr\/wp-json\/wp\/v2\/pages\/74033","targetHints":{"allow":["GET"]}}],"collection":[{"href":"https:\/\/talkpal.ai\/fr\/wp-json\/wp\/v2\/pages"}],"about":[{"href":"https:\/\/talkpal.ai\/fr\/wp-json\/wp\/v2\/types\/page"}],"author":[{"embeddable":true,"href":"https:\/\/talkpal.ai\/fr\/wp-json\/wp\/v2\/users\/1"}],"replies":[{"embeddable":true,"href":"https:\/\/talkpal.ai\/fr\/wp-json\/wp\/v2\/comments?post=74033"}],"version-history":[{"count":0,"href":"https:\/\/talkpal.ai\/fr\/wp-json\/wp\/v2\/pages\/74033\/revisions"}],"wp:featuredmedia":[{"embeddable":true,"href":"https:\/\/talkpal.ai\/fr\/wp-json\/wp\/v2\/media\/28316"}],"wp:attachment":[{"href":"https:\/\/talkpal.ai\/fr\/wp-json\/wp\/v2\/media?parent=74033"}],"curies":[{"name":"wp","href":"https:\/\/api.w.org\/{rel}","templated":true}]}}