{"id":74010,"date":"2023-05-14T14:03:07","date_gmt":"2023-05-14T14:03:07","guid":{"rendered":"http:\/\/talkpal.ai\/grammaire-tcheque\/"},"modified":"2025-12-13T15:23:30","modified_gmt":"2025-12-13T15:23:30","slug":"grammaire-tcheque","status":"publish","type":"page","link":"https:\/\/talkpal.ai\/fr\/grammaire-tcheque\/","title":{"rendered":"Grammaire tch\u00e8que"},"content":{"rendered":"\r\n\r\n\r\n<section class=\"languageChallengeSection\">\r\n    <div class=\"languageInfoWrapper\">\r\n        \r\n        <h1>Grammaire tch\u00e8que<\/h1>\r\n        <p>Explorez les subtilit\u00e9s de la <a href=\"https:\/\/talkpal.ai\/czech-grammar\/\">grammaire tch\u00e8que<\/a> et ouvrez la porte \u00e0 la compr\u00e9hension de cette langue d&#039;Europe centrale. En ma\u00eetrisant les r\u00e8gles et les mod\u00e8les essentiels, vous communiquerez plus efficacement et vous comprendrez mieux la culture <a href=\"https:\/\/talkpal.ai\/learn-czech\/\">tch\u00e8que<\/a>. Commencez \u00e0 apprendre la <a href=\"https:\/\/talkpal.ai\/czech-grammar\/\">grammaire tch\u00e8que<\/a> d\u00e8s aujourd&#039;hui et faites un premier pas vers la ma\u00eetrise de la langue !<\/p>\r\n\r\n                            <a class=\"getStartedHidden\" href=\"https:\/\/app.talkpal.ai\/fr\/signup?lng=\">Commencer<\/a>\r\n        \r\n    <\/div>\r\n\r\n    <figure>\r\n    <img decoding=\"async\" width=\"768\" height=\"768\" src=\"https:\/\/talkpal.ai\/wp-content\/uploads\/2023\/06\/Czech-768x768.png\" class=\"languageImage no-lazy\" alt=\"Default alt text\" fetchpriority=\"high\" sizes=\"(max-width: 768px) 150px, 768px\" srcset=\"https:\/\/talkpal.ai\/wp-content\/uploads\/2023\/06\/Czech-768x768.png 768w, https:\/\/talkpal.ai\/wp-content\/uploads\/2023\/06\/Czech-300x300.png 300w\" \/>\r\n    \r\n\r\n    <\/figure>\r\n\r\n            <a class=\"getStartedVisible\" href=\"https:\/\/app.talkpal.ai\/fr\/signup?lng=\">Commencer<\/a>\r\n    \r\n<\/section>\r\n        <section class=\"grammarSection\">\r\n            <div class=\"grammarLinks\">\r\n                <a href=\"https:\/\/talkpal.ai\/fr\/language\/adjectifs-grammaire-tcheque\/\">Adjectifs <\/a><a href=\"https:\/\/talkpal.ai\/fr\/language\/adverbes-grammaire-tcheque\/\">Adverbes <\/a><a href=\"https:\/\/talkpal.ai\/fr\/language\/articles-grammaire-tcheque\/\">Articles <\/a><a href=\"https:\/\/talkpal.ai\/fr\/language\/comparaison-des-temps-grammaire-tcheque\/\">Comparaison des temps <\/a><a href=\"https:\/\/talkpal.ai\/fr\/language\/conditionnels-grammaire-tcheque\/\">Conditionnels <\/a><a href=\"https:\/\/talkpal.ai\/fr\/language\/noms-grammaire-tcheque\/\">Noms <\/a><a href=\"https:\/\/talkpal.ai\/fr\/language\/phrases-grammaire-tcheque\/\">Phrases <\/a><a href=\"https:\/\/talkpal.ai\/fr\/language\/prepositions-grammaire-tcheque\/\">Pr\u00e9positions <\/a><a href=\"https:\/\/talkpal.ai\/fr\/language\/progressif-grammaire-tcheque\/\">Progressif <\/a><a href=\"https:\/\/talkpal.ai\/fr\/language\/progressif-parfait-grammaire-tcheque\/\">Progressif Parfait <\/a><a href=\"https:\/\/talkpal.ai\/fr\/language\/pronoms-determinants-grammaire-tcheque\/\">Pronoms\/D\u00e9terminants <\/a><a href=\"https:\/\/talkpal.ai\/fr\/language\/temps-grammaire-tcheque\/\">Temps <\/a><a href=\"https:\/\/talkpal.ai\/fr\/language\/verbes-grammaire-tcheque\/\">Verbes <\/a>            <\/div>\r\n        <\/section>\r\n    <section class=\"promotionalBanner\">\r\n    <p class=\"promotionalText\">La fa\u00e7on la plus efficace d\u2019apprendre une langue<\/p>\r\n    <a class=\"promotionalLink\" href=\"https:\/\/app.talkpal.ai\/fr\/signup?lng=\">Essayez Talkpal gratuitement<\/a>\r\n<\/section>\n<div class=\"wp-block-group pageContainerStyle\"><div class=\"wp-block-group__inner-container is-layout-constrained wp-block-group-is-layout-constrained\">\n<h2 class=\"wp-block-heading\" id=\"h-czech-grammar-making-sense-of-the-czech-language-s-unique-structure\">Grammaire tch\u00e8que : comprendre la structure unique de la langue tch\u00e8que<\/h2>\n\n\n\n<p>Si vous avez d\u00e9j\u00e0 essay\u00e9 d&rsquo;<a href=\"https:\/\/talkpal.ai\/fr\/un-guide-du-debutant-pour-apprendre-le-tcheque\/\">apprendre le tch\u00e8que<\/a> &#8211; ou m\u00eame simplement parcouru un article ou un livre en tch\u00e8que &#8211; vous avez probablement remarqu\u00e9 que sa grammaire peut \u00eatre assez difficile. Largement consid\u00e9r\u00e9e comme l\u2019un des syst\u00e8mes linguistiques les plus complexes, la grammaire tch\u00e8que a laiss\u00e9 perplexes de nombreux <a href=\"https:\/\/talkpal.ai\/talkpal-discount-for-students\/\">\u00e9tudiants<\/a> \u00e9trangers. Mais ne vous laissez pas intimider ! Les particularit\u00e9s de la grammaire tch\u00e8que sont ce qui la rend fascinante et unique. Dans cet article, nous allons d\u00e9mystifier quelques \u00e9l\u00e9ments cl\u00e9s de la grammaire tch\u00e8que de mani\u00e8re conversationnelle, afin de vous aider \u00e0 mieux comprendre cette belle langue.<\/p>\n\n\n\n<h3 class=\"wp-block-heading\" id=\"h-1-nouns-declensions-and-cases-galore\">1. Noms \u2013 D\u00e9clinaisons et cas \u00e0 gogo !<\/h3>\n\n\n\n<p>L&rsquo;une des premi\u00e8res choses que vous remarquerez dans la grammaire tch\u00e8que est la d\u00e9clinaison des noms. Une d\u00e9clinaison est un groupe de noms ayant des caract\u00e9ristiques grammaticales similaires, et le tch\u00e8que a jusqu\u2019\u00e0 14 d\u00e9clinaisons distinctes. Que pensez-vous de la vari\u00e9t\u00e9 ? Chaque d\u00e9clinaison a un mod\u00e8le sp\u00e9cifique pour repr\u00e9senter les formes nominales singuli\u00e8res et plurielles.<\/p>\n\n\n\n<p>Les noms tch\u00e8ques ont \u00e9galement sept cas diff\u00e9rents : nominatif, g\u00e9nitif, datif, accusatif, vocatif, locatif et instrumental. Si un tel nombre peut sembler impressionnant, il est essentiel de conna\u00eetre ces cas, car ils sont essentiels \u00e0 la transmission du <a href=\"https:\/\/talkpal.ai\/locations\/language-courses-in-sens\/\">sens<\/a>. Par exemple, en tch\u00e8que, l&rsquo;ordre des mots n&rsquo;est pas aussi important qu&rsquo;en <a href=\"https:\/\/talkpal.ai\/learn-english-with-ai\/\">anglais<\/a> &#8211; ce sont les cas qui indiquent les relations entre les mots.<\/p>\n\n\n\n<h3 class=\"wp-block-heading\" id=\"h-2-adjectives-agreeing-with-nouns\">2. Adjectifs \u2013 \u00catre d\u2019accord avec les noms<\/h3>\n\n\n\n<p>Les adjectifs tch\u00e8ques ont un devoir particulier : ils doivent s\u2019accorder avec les noms qu\u2019ils modifient en genre, en nombre et en cas. Consid\u00e9rez-le comme un duo dynamique, le tango grammatical, o\u00f9 une moiti\u00e9 s\u2019ajuste gracieusement pour compl\u00e9ter l\u2019autre. Cet accord permet de cr\u00e9er une harmonie dans les phrases et d\u2019augmenter la clart\u00e9.<\/p>\n\n\n\n<p>Par exemple, le mot pour \u00ab\u00a0beau\u00a0\u00bb en tch\u00e8que est \u00ab\u00a0kr\u00e1sn\u00fd\u00a0\u00bb. Si vous d\u00e9crivez une belle maison (d\u016fm), qui est masculine, vous utiliserez \u00ab\u00a0kr\u00e1sn\u00fd d\u016fm\u00a0\u00bb. Pour une belle fille (d\u00edvka), qui est f\u00e9minine, il devient \u00ab\u00a0kr\u00e1sn\u00e1 d\u00edvka\u00a0\u00bb. Et pour une belle journ\u00e9e (den), qui est neutre, vous direz \u00ab\u00a0kr\u00e1sn\u00fd den\u00a0\u00bb. Voyez-vous comment l\u2019adjectif danse avec le nom ?<\/p>\n\n\n\n<h3 class=\"wp-block-heading\" id=\"h-3-verbs-the-art-of-conjugation\">3. Verbes \u2013 L\u2019art de la conjugaison<\/h3>\n\n\n\n<p>En tch\u00e8que, l\u2019art de la conjugaison \u2013 c\u2019est-\u00e0-dire changer les formes verbales en fonction du <a href=\"https:\/\/talkpal.ai\/zh-hans\/grammar_exercises\/temps-%e6%b3%95%e8%af%ad%e8%af%ad%e6%b3%95%e7%bb%83%e4%b9%a0\/\">temps<\/a>, de l\u2019humeur et de la personne \u2013 prend une vie propre. Les verbes tch\u00e8ques se divisent en deux cat\u00e9gories : le perfectif et l\u2019imperfectif. Les verbes perfectifs indiquent qu\u2019une action a \u00e9t\u00e9 accomplie, tandis que les verbes imperfectifs sugg\u00e8rent des actions en <a href=\"https:\/\/talkpal.ai\/courses\/\">cours<\/a> ou habituelles.  <\/p>\n\n\n\n<p>La grammaire tch\u00e8que a quelques bizarreries int\u00e9ressantes en ce qui concerne les verbes. Par exemple, le futur n\u2019est form\u00e9 r\u00e9guli\u00e8rement que pour les verbes imperfectifs. Pour les verbes perfectifs, il se confond avec le pr\u00e9sent ! De plus, plut\u00f4t que d\u2019avoir une voix passive sp\u00e9cifique, le tch\u00e8que incorpore des constructions passives utilisant des verbes auxiliaires. N&rsquo;oublions pas les verbes r\u00e9fl\u00e9chis du tch\u00e8que, o\u00f9 les actions se r\u00e9percutent sur le sujet, ce qui ajoute une nouvelle couche de nuances \u00e0 cette langue intrigante.<\/p>\n\n\n\n<h3 class=\"wp-block-heading\" id=\"h-4-pronouns-the-mirror-of-linguistic-diversity\">4. Les pronoms : le miroir de la diversit\u00e9 linguistique<\/h3>\n\n\n\n<p>Dans la grammaire tch\u00e8que, les pronoms &#8211; personnels, possessifs, d\u00e9monstratifs, interrogatifs et relatifs &#8211; pr\u00e9sentent la m\u00eame diversit\u00e9 que les autres parties du discours. Eux aussi doivent s\u2019accorder en genre, en nombre et en casse avec les noms qu\u2019ils remplacent ou auxquels ils se r\u00e9f\u00e8rent.<\/p>\n\n\n\n<p>Par exemple, si vous parlez d&rsquo;un livre que vous aimez, vous direz \u00ab\u00a0M\u00e1m r\u00e1d tu knihu\u00a0\u00bb (j&rsquo;aime ce livre). Ici, \u00ab\u00a0tu\u00a0\u00bb est la forme f\u00e9minine du pronom d\u00e9monstratif \u00ab\u00a0\u00e7a\u00a0\u00bb, s&rsquo;accordant avec \u00ab\u00a0kniha\u00a0\u00bb (livre), \u00e9galement f\u00e9minin.<\/p>\n\n\n\n<h3 class=\"wp-block-heading\" id=\"h-5-embracing-the-challenge\">5. Relever le d\u00e9fi<\/h3>\n\n\n\n<p>La grammaire tch\u00e8que peut laisser perplexe et intimider, mais c&rsquo;est aussi ce qui fait la particularit\u00e9 de cette langue fascinante. N&rsquo;h\u00e9sitez pas \u00e0 relever le d\u00e9fi ! N&rsquo;oubliez pas qu&rsquo;il ne s&rsquo;agit pas de tout ma\u00eetriser en m\u00eame temps, mais de progresser pas \u00e0 pas. Prenez le temps de comprendre le syst\u00e8me unique de la grammaire tch\u00e8que et vous serez sur la bonne voie pour ma\u00eetriser cette langue belle et complexe. En d\u00e9couvrant les d\u00e9licieuses nuances qu&rsquo;offre la grammaire tch\u00e8que, vous d\u00e9couvrirez sans doute une nouvelle fa\u00e7on d&rsquo;en appr\u00e9cier les subtilit\u00e9s. Bon apprentissage !<\/p>\n<\/div><\/div>\n\r\n<section class=\"learnNavigationSection\">\r\n            \r\n        <a href=\"https:\/\/talkpal.ai\/fr\/apprendre-le-tcheque\/\">\r\n            <div class=\"learnNavigationWrapper\">\r\n                <div class=\"learnNavigationContent\">\r\n                    <img decoding=\"async\" src=\"https:\/\/talkpal.ai\/wp-content\/uploads\/2024\/08\/Czech.jpg\" alt=\"Czech Flag\">\r\n                    <div>\r\n                        <h4>\u00c0 propos de Czech Learning<\/h4>\r\n                        <p>Tout savoir sur la grammaire tch\u00e8que.<\/p>\r\n                    <\/div>\r\n                <\/div>\r\n            <\/div>\r\n        <\/a>\r\n\r\n        \r\n        <a href=\"https:\/\/talkpal.ai\/fr\/exercices-de-grammaire-tcheque\/\">\r\n            <div class=\"learnNavigationWrapper\">\r\n                <div class=\"learnNavigationContent\">\r\n                    <img decoding=\"async\" src=\"https:\/\/talkpal.ai\/wp-content\/uploads\/2024\/08\/Czech.jpg\" alt=\"Czech Flag\">\r\n                    <div>\r\n                        <h4>Exercice de grammaire tch\u00e8que<\/h4>\r\n                        <p>Pratiquez la grammaire tch\u00e8que.<\/p>\r\n                    <\/div>\r\n                <\/div>\r\n            <\/div>\r\n        <\/a>\r\n\r\n        \r\n        <a href=\"https:\/\/talkpal.ai\/vocabulary_language\/czech\/\">\r\n            <div class=\"learnNavigationWrapper\">\r\n                <div class=\"learnNavigationContent\">\r\n                    <img decoding=\"async\" src=\"https:\/\/talkpal.ai\/wp-content\/uploads\/2024\/08\/Czech.jpg\" alt=\"Czech Flag\">\r\n                    <div>\r\n                        <h4>Vocabulaire tch\u00e8que<\/h4>\r\n                        <p>\u00c9largissez votre vocabulaire tch\u00e8que.<\/p>\r\n                    <\/div>\r\n                <\/div>\r\n            <\/div>\r\n        <\/a>\r\n\r\n            <\/section>","protected":false},"excerpt":{"rendered":"<p>Grammaire tch\u00e8que : comprendre la structure unique de la langue tch\u00e8que Si vous avez d\u00e9j\u00e0 essay\u00e9 d&rsquo;apprendre le tch\u00e8que &#8211; ou m\u00eame simplement parcouru un article ou un livre en tch\u00e8que &#8211; vous avez probablement remarqu\u00e9 que sa grammaire peut \u00eatre assez difficile. Largement consid\u00e9r\u00e9e comme l\u2019un des syst\u00e8mes linguistiques les plus complexes, la grammaire [&hellip;]<\/p>\n","protected":false},"author":1,"featured_media":28268,"parent":0,"menu_order":0,"comment_status":"closed","ping_status":"closed","template":"LearningContentPage.php","meta":{"_acf_changed":false,"footnotes":""},"class_list":["post-74010","page","type-page","status-publish","has-post-thumbnail","hentry"],"acf":[],"yoast_head":"<!-- This site is optimized with the Yoast SEO Premium plugin v27.2 (Yoast SEO v27.2) - https:\/\/yoast.com\/product\/yoast-seo-premium-wordpress\/ -->\n<title>Grammaire tch\u00e8que - Talkpal<\/title>\n<meta name=\"description\" content=\"D\u00e9couvrez les secrets de la grammaire tch\u00e8que. D\u00e9couvrez sa complexit\u00e9 unique et comment ma\u00eetriser efficacement les d\u00e9clinaisons de noms.\" \/>\n<meta name=\"robots\" content=\"index, follow, max-snippet:-1, max-image-preview:large, max-video-preview:-1\" \/>\n<link rel=\"canonical\" href=\"https:\/\/talkpal.ai\/fr\/grammaire-tcheque\/\" \/>\n<meta property=\"og:locale\" content=\"fr_FR\" \/>\n<meta property=\"og:type\" content=\"article\" \/>\n<meta property=\"og:title\" content=\"Grammaire tch\u00e8que\" \/>\n<meta property=\"og:description\" content=\"Grammaire tch\u00e8que : comprendre la structure unique de la langue tch\u00e8que Si vous avez d\u00e9j\u00e0 essay\u00e9 d&#039;apprendre le tch\u00e8que - ou m\u00eame simplement parcouru un\" \/>\n<meta property=\"og:url\" content=\"https:\/\/talkpal.ai\/fr\/grammaire-tcheque\/\" \/>\n<meta property=\"og:site_name\" content=\"Talkpal\" \/>\n<meta property=\"article:publisher\" content=\"https:\/\/www.facebook.com\/profile.php?id=100090733639311\" \/>\n<meta property=\"article:modified_time\" content=\"2025-12-13T15:23:30+00:00\" \/>\n<meta property=\"og:image\" content=\"https:\/\/talkpal.ai\/wp-content\/uploads\/2023\/05\/czech-republic.png\" \/>\n\t<meta property=\"og:image:width\" content=\"512\" \/>\n\t<meta property=\"og:image:height\" content=\"512\" \/>\n\t<meta property=\"og:image:type\" content=\"image\/png\" \/>\n<meta name=\"twitter:card\" content=\"summary_large_image\" \/>\n<meta name=\"twitter:site\" content=\"@talkpalai\" \/>\n<meta name=\"twitter:label1\" content=\"Dur\u00e9e de lecture estim\u00e9e\" \/>\n\t<meta name=\"twitter:data1\" content=\"4 minutes\" \/>\n<script type=\"application\/ld+json\" class=\"yoast-schema-graph\">{\"@context\":\"https:\/\/schema.org\",\"@graph\":[{\"@type\":\"WebPage\",\"@id\":\"https:\/\/talkpal.ai\/fr\/grammaire-tcheque\/\",\"url\":\"https:\/\/talkpal.ai\/fr\/grammaire-tcheque\/\",\"name\":\"Grammaire tch\u00e8que - Talkpal\",\"isPartOf\":{\"@id\":\"https:\/\/talkpal.ai\/fr\/#website\"},\"primaryImageOfPage\":{\"@id\":\"https:\/\/talkpal.ai\/fr\/grammaire-tcheque\/#primaryimage\"},\"image\":{\"@id\":\"https:\/\/talkpal.ai\/fr\/grammaire-tcheque\/#primaryimage\"},\"thumbnailUrl\":\"https:\/\/talkpal.ai\/wp-content\/uploads\/2023\/05\/czech-republic.png\",\"datePublished\":\"2023-05-14T14:03:07+00:00\",\"dateModified\":\"2025-12-13T15:23:30+00:00\",\"description\":\"D\u00e9couvrez les secrets de la grammaire tch\u00e8que. D\u00e9couvrez sa complexit\u00e9 unique et comment ma\u00eetriser efficacement les d\u00e9clinaisons de noms.\",\"breadcrumb\":{\"@id\":\"https:\/\/talkpal.ai\/fr\/grammaire-tcheque\/#breadcrumb\"},\"inLanguage\":\"fr-FR\",\"potentialAction\":[{\"@type\":\"ReadAction\",\"target\":[\"https:\/\/talkpal.ai\/fr\/grammaire-tcheque\/\"]}]},{\"@type\":\"ImageObject\",\"inLanguage\":\"fr-FR\",\"@id\":\"https:\/\/talkpal.ai\/fr\/grammaire-tcheque\/#primaryimage\",\"url\":\"https:\/\/talkpal.ai\/wp-content\/uploads\/2023\/05\/czech-republic.png\",\"contentUrl\":\"https:\/\/talkpal.ai\/wp-content\/uploads\/2023\/05\/czech-republic.png\",\"width\":512,\"height\":512},{\"@type\":\"BreadcrumbList\",\"@id\":\"https:\/\/talkpal.ai\/fr\/grammaire-tcheque\/#breadcrumb\",\"itemListElement\":[{\"@type\":\"ListItem\",\"position\":1,\"name\":\"Homepage\",\"item\":\"https:\/\/talkpal.ai\/fr\/\"},{\"@type\":\"ListItem\",\"position\":2,\"name\":\"Grammaire tch\u00e8que\"}]},{\"@type\":\"WebSite\",\"@id\":\"https:\/\/talkpal.ai\/fr\/#website\",\"url\":\"https:\/\/talkpal.ai\/fr\/\",\"name\":\"Talkpal\",\"description\":\"AI Language Learning\",\"publisher\":{\"@id\":\"https:\/\/talkpal.ai\/fr\/#organization\"},\"alternateName\":\"Talkpal AI\",\"potentialAction\":[{\"@type\":\"SearchAction\",\"target\":{\"@type\":\"EntryPoint\",\"urlTemplate\":\"https:\/\/talkpal.ai\/fr\/?s={search_term_string}\"},\"query-input\":{\"@type\":\"PropertyValueSpecification\",\"valueRequired\":true,\"valueName\":\"search_term_string\"}}],\"inLanguage\":\"fr-FR\"},{\"@type\":\"Organization\",\"@id\":\"https:\/\/talkpal.ai\/fr\/#organization\",\"name\":\"Talkpal, Inc.\",\"alternateName\":\"Talkpal AI\",\"url\":\"https:\/\/talkpal.ai\/fr\/\",\"logo\":{\"@type\":\"ImageObject\",\"inLanguage\":\"fr-FR\",\"@id\":\"https:\/\/talkpal.ai\/fr\/#\/schema\/logo\/image\/\",\"url\":\"https:\/\/talkpal.ai\/wp-content\/uploads\/2024\/03\/Talkpal-Logo-Icon.png\",\"contentUrl\":\"https:\/\/talkpal.ai\/wp-content\/uploads\/2024\/03\/Talkpal-Logo-Icon.png\",\"width\":2880,\"height\":2880,\"caption\":\"Talkpal, Inc.\"},\"image\":{\"@id\":\"https:\/\/talkpal.ai\/fr\/#\/schema\/logo\/image\/\"},\"sameAs\":[\"https:\/\/www.facebook.com\/profile.php?id=100090733639311\",\"https:\/\/x.com\/talkpalai\",\"https:\/\/www.linkedin.com\/company\/talkpal\/\",\"https:\/\/www.youtube.com\/@TalkPal\/\",\"https:\/\/www.tiktok.com\/@talkpal\",\"https:\/\/www.instagram.com\/talkpal_ai\/\",\"https:\/\/www.crunchbase.com\/organization\/talkpal-9cde\",\"https:\/\/www.g2.com\/products\/talkpal-for-business\/\",\"https:\/\/www.trustpilot.com\/review\/talkpal.ai\",\"https:\/\/www.capterra.com\/p\/10006800\/TalkPal\/\"],\"description\":\"Talkpal is a language learning web and mobile education app, powered by the latest AI technologies, that provides engaging experiences to its customers in many different languages to help them improve their language skills. Users can chat about unlimited amount of topics with the app and use other modes to practice their language learning.\",\"email\":\"support@talkpal.ai\",\"legalName\":\"Talkpal, Inc.\",\"foundingDate\":\"2023-04-03\",\"duns\":\"118989042\",\"numberOfEmployees\":{\"@type\":\"QuantitativeValue\",\"minValue\":\"11\",\"maxValue\":\"50\"},\"publishingPrinciples\":\"https:\/\/talkpal.ai\/publishing-principles\/\",\"actionableFeedbackPolicy\":\"https:\/\/talkpal.ai\/actionable-feedback-policy\/\",\"correctionsPolicy\":\"https:\/\/talkpal.ai\/corrections-policy\/\",\"ethicsPolicy\":\"https:\/\/talkpal.ai\/ethics-policy\/\",\"diversityPolicy\":\"https:\/\/talkpal.ai\/diversity-policy\/\",\"diversityStaffingReport\":\"https:\/\/talkpal.ai\/diversity-policy\/\"}]}<\/script>\n<!-- \/ Yoast SEO Premium plugin. -->","yoast_head_json":{"title":"Grammaire tch\u00e8que - Talkpal","description":"D\u00e9couvrez les secrets de la grammaire tch\u00e8que. D\u00e9couvrez sa complexit\u00e9 unique et comment ma\u00eetriser efficacement les d\u00e9clinaisons de noms.","robots":{"index":"index","follow":"follow","max-snippet":"max-snippet:-1","max-image-preview":"max-image-preview:large","max-video-preview":"max-video-preview:-1"},"canonical":"https:\/\/talkpal.ai\/fr\/grammaire-tcheque\/","og_locale":"fr_FR","og_type":"article","og_title":"Grammaire tch\u00e8que","og_description":"Grammaire tch\u00e8que : comprendre la structure unique de la langue tch\u00e8que Si vous avez d\u00e9j\u00e0 essay\u00e9 d'apprendre le tch\u00e8que - ou m\u00eame simplement parcouru un","og_url":"https:\/\/talkpal.ai\/fr\/grammaire-tcheque\/","og_site_name":"Talkpal","article_publisher":"https:\/\/www.facebook.com\/profile.php?id=100090733639311","article_modified_time":"2025-12-13T15:23:30+00:00","og_image":[{"width":512,"height":512,"url":"https:\/\/talkpal.ai\/wp-content\/uploads\/2023\/05\/czech-republic.png","type":"image\/png"}],"twitter_card":"summary_large_image","twitter_site":"@talkpalai","twitter_misc":{"Dur\u00e9e de lecture estim\u00e9e":"4 minutes"},"schema":{"@context":"https:\/\/schema.org","@graph":[{"@type":"WebPage","@id":"https:\/\/talkpal.ai\/fr\/grammaire-tcheque\/","url":"https:\/\/talkpal.ai\/fr\/grammaire-tcheque\/","name":"Grammaire tch\u00e8que - Talkpal","isPartOf":{"@id":"https:\/\/talkpal.ai\/fr\/#website"},"primaryImageOfPage":{"@id":"https:\/\/talkpal.ai\/fr\/grammaire-tcheque\/#primaryimage"},"image":{"@id":"https:\/\/talkpal.ai\/fr\/grammaire-tcheque\/#primaryimage"},"thumbnailUrl":"https:\/\/talkpal.ai\/wp-content\/uploads\/2023\/05\/czech-republic.png","datePublished":"2023-05-14T14:03:07+00:00","dateModified":"2025-12-13T15:23:30+00:00","description":"D\u00e9couvrez les secrets de la grammaire tch\u00e8que. D\u00e9couvrez sa complexit\u00e9 unique et comment ma\u00eetriser efficacement les d\u00e9clinaisons de noms.","breadcrumb":{"@id":"https:\/\/talkpal.ai\/fr\/grammaire-tcheque\/#breadcrumb"},"inLanguage":"fr-FR","potentialAction":[{"@type":"ReadAction","target":["https:\/\/talkpal.ai\/fr\/grammaire-tcheque\/"]}]},{"@type":"ImageObject","inLanguage":"fr-FR","@id":"https:\/\/talkpal.ai\/fr\/grammaire-tcheque\/#primaryimage","url":"https:\/\/talkpal.ai\/wp-content\/uploads\/2023\/05\/czech-republic.png","contentUrl":"https:\/\/talkpal.ai\/wp-content\/uploads\/2023\/05\/czech-republic.png","width":512,"height":512},{"@type":"BreadcrumbList","@id":"https:\/\/talkpal.ai\/fr\/grammaire-tcheque\/#breadcrumb","itemListElement":[{"@type":"ListItem","position":1,"name":"Homepage","item":"https:\/\/talkpal.ai\/fr\/"},{"@type":"ListItem","position":2,"name":"Grammaire tch\u00e8que"}]},{"@type":"WebSite","@id":"https:\/\/talkpal.ai\/fr\/#website","url":"https:\/\/talkpal.ai\/fr\/","name":"Talkpal","description":"AI Language Learning","publisher":{"@id":"https:\/\/talkpal.ai\/fr\/#organization"},"alternateName":"Talkpal AI","potentialAction":[{"@type":"SearchAction","target":{"@type":"EntryPoint","urlTemplate":"https:\/\/talkpal.ai\/fr\/?s={search_term_string}"},"query-input":{"@type":"PropertyValueSpecification","valueRequired":true,"valueName":"search_term_string"}}],"inLanguage":"fr-FR"},{"@type":"Organization","@id":"https:\/\/talkpal.ai\/fr\/#organization","name":"Talkpal, Inc.","alternateName":"Talkpal AI","url":"https:\/\/talkpal.ai\/fr\/","logo":{"@type":"ImageObject","inLanguage":"fr-FR","@id":"https:\/\/talkpal.ai\/fr\/#\/schema\/logo\/image\/","url":"https:\/\/talkpal.ai\/wp-content\/uploads\/2024\/03\/Talkpal-Logo-Icon.png","contentUrl":"https:\/\/talkpal.ai\/wp-content\/uploads\/2024\/03\/Talkpal-Logo-Icon.png","width":2880,"height":2880,"caption":"Talkpal, Inc."},"image":{"@id":"https:\/\/talkpal.ai\/fr\/#\/schema\/logo\/image\/"},"sameAs":["https:\/\/www.facebook.com\/profile.php?id=100090733639311","https:\/\/x.com\/talkpalai","https:\/\/www.linkedin.com\/company\/talkpal\/","https:\/\/www.youtube.com\/@TalkPal\/","https:\/\/www.tiktok.com\/@talkpal","https:\/\/www.instagram.com\/talkpal_ai\/","https:\/\/www.crunchbase.com\/organization\/talkpal-9cde","https:\/\/www.g2.com\/products\/talkpal-for-business\/","https:\/\/www.trustpilot.com\/review\/talkpal.ai","https:\/\/www.capterra.com\/p\/10006800\/TalkPal\/"],"description":"Talkpal is a language learning web and mobile education app, powered by the latest AI technologies, that provides engaging experiences to its customers in many different languages to help them improve their language skills. Users can chat about unlimited amount of topics with the app and use other modes to practice their language learning.","email":"support@talkpal.ai","legalName":"Talkpal, Inc.","foundingDate":"2023-04-03","duns":"118989042","numberOfEmployees":{"@type":"QuantitativeValue","minValue":"11","maxValue":"50"},"publishingPrinciples":"https:\/\/talkpal.ai\/publishing-principles\/","actionableFeedbackPolicy":"https:\/\/talkpal.ai\/actionable-feedback-policy\/","correctionsPolicy":"https:\/\/talkpal.ai\/corrections-policy\/","ethicsPolicy":"https:\/\/talkpal.ai\/ethics-policy\/","diversityPolicy":"https:\/\/talkpal.ai\/diversity-policy\/","diversityStaffingReport":"https:\/\/talkpal.ai\/diversity-policy\/"}]}},"_links":{"self":[{"href":"https:\/\/talkpal.ai\/fr\/wp-json\/wp\/v2\/pages\/74010","targetHints":{"allow":["GET"]}}],"collection":[{"href":"https:\/\/talkpal.ai\/fr\/wp-json\/wp\/v2\/pages"}],"about":[{"href":"https:\/\/talkpal.ai\/fr\/wp-json\/wp\/v2\/types\/page"}],"author":[{"embeddable":true,"href":"https:\/\/talkpal.ai\/fr\/wp-json\/wp\/v2\/users\/1"}],"replies":[{"embeddable":true,"href":"https:\/\/talkpal.ai\/fr\/wp-json\/wp\/v2\/comments?post=74010"}],"version-history":[{"count":0,"href":"https:\/\/talkpal.ai\/fr\/wp-json\/wp\/v2\/pages\/74010\/revisions"}],"wp:featuredmedia":[{"embeddable":true,"href":"https:\/\/talkpal.ai\/fr\/wp-json\/wp\/v2\/media\/28268"}],"wp:attachment":[{"href":"https:\/\/talkpal.ai\/fr\/wp-json\/wp\/v2\/media?parent=74010"}],"curies":[{"name":"wp","href":"https:\/\/api.w.org\/{rel}","templated":true}]}}