{"id":73991,"date":"2023-05-14T14:11:28","date_gmt":"2023-05-14T14:11:28","guid":{"rendered":"http:\/\/talkpal.ai\/grammaire-macedonienne\/"},"modified":"2025-12-17T16:39:27","modified_gmt":"2025-12-17T16:39:27","slug":"grammaire-macedonienne","status":"publish","type":"page","link":"https:\/\/talkpal.ai\/fr\/grammaire-macedonienne\/","title":{"rendered":"Grammaire mac\u00e9donienne"},"content":{"rendered":"\r\n\r\n\r\n<section class=\"languageChallengeSection\">\r\n    <div class=\"languageInfoWrapper\">\r\n        \r\n        <h1>Grammaire mac\u00e9donienne<\/h1>\r\n        <p>Plongez dans le monde fascinant de la <a href=\"https:\/\/talkpal.ai\/macedonian-grammar\/\">grammaire mac\u00e9donienne<\/a> et d\u00e9couvrez la structure de cette langue slave du Sud unique en son genre. L&#039;apprentissage des bases de la grammaire mac\u00e9donienne vous permettra de communiquer avec plus d&#039;assurance et d&#039;explorer la riche culture de la Mac\u00e9doine du Nord. Commencez d\u00e8s aujourd&#039;hui et faites le premier pas vers la ma\u00eetrise du <a href=\"https:\/\/talkpal.ai\/learn-macedonian\/\">mac\u00e9donien<\/a> !<\/p>\r\n\r\n                            <a class=\"getStartedHidden\" href=\"https:\/\/app.talkpal.ai\/fr\/signup?lng=\">Commencer<\/a>\r\n        \r\n    <\/div>\r\n\r\n    <figure>\r\n    <img decoding=\"async\" width=\"768\" height=\"768\" src=\"https:\/\/talkpal.ai\/wp-content\/uploads\/2023\/06\/macedonian-768x768.png\" class=\"languageImage no-lazy\" alt=\"Default alt text\" fetchpriority=\"high\" sizes=\"(max-width: 768px) 150px, 768px\" srcset=\"https:\/\/talkpal.ai\/wp-content\/uploads\/2023\/06\/macedonian-768x768.png 768w, https:\/\/talkpal.ai\/wp-content\/uploads\/2023\/06\/macedonian-300x300.png 300w\" \/>\r\n    \r\n\r\n    <\/figure>\r\n\r\n            <a class=\"getStartedVisible\" href=\"https:\/\/app.talkpal.ai\/fr\/signup?lng=\">Commencer<\/a>\r\n    \r\n<\/section>\r\n        <section class=\"grammarSection\">\r\n            <div class=\"grammarLinks\">\r\n                <a href=\"https:\/\/talkpal.ai\/fr\/language\/adjectifs-grammaire-macedonienne\/\">Adjectifs <\/a><a href=\"https:\/\/talkpal.ai\/fr\/language\/adverbes-grammaire-macedonienne\/\">Adverbes <\/a><a href=\"https:\/\/talkpal.ai\/fr\/language\/articles-grammaire-macedonienne\/\">Articles <\/a><a href=\"https:\/\/talkpal.ai\/fr\/language\/comparaison-des-temps-grammaire-macedonienne\/\">Comparaison des temps <\/a><a href=\"https:\/\/talkpal.ai\/fr\/language\/conditionnels-grammaire-macedonienne\/\">Conditionnels <\/a><a href=\"https:\/\/talkpal.ai\/fr\/language\/noms-grammaire-macedonienne\/\">Noms <\/a><a href=\"https:\/\/talkpal.ai\/fr\/language\/phrases-grammaire-macedonienne\/\">Phrases <\/a><a href=\"https:\/\/talkpal.ai\/fr\/language\/prepositions-grammaire-macedonienne\/\">Pr\u00e9positions <\/a><a href=\"https:\/\/talkpal.ai\/fr\/language\/progressif-grammaire-macedonienne\/\">Progressif <\/a><a href=\"https:\/\/talkpal.ai\/fr\/language\/progressif-parfait-grammaire-macedonienne\/\">Progressif parfait <\/a><a href=\"https:\/\/talkpal.ai\/fr\/language\/pronoms-determinants-grammaire-macedonienne\/\">Pronoms\/D\u00e9terminants <\/a><a href=\"https:\/\/talkpal.ai\/fr\/language\/temps-grammaire-macedonienne\/\">Temps <\/a><a href=\"https:\/\/talkpal.ai\/fr\/language\/verbes-grammaire-macedonienne\/\">Verbes <\/a>            <\/div>\r\n        <\/section>\r\n    <section class=\"promotionalBanner\">\r\n    <p class=\"promotionalText\">La fa\u00e7on la plus efficace d\u2019apprendre une langue<\/p>\r\n    <a class=\"promotionalLink\" href=\"https:\/\/app.talkpal.ai\/fr\/signup?lng=\">Essayez Talkpal gratuitement<\/a>\r\n<\/section>\n<div class=\"wp-block-group pageContainerStyle\"><div class=\"wp-block-group__inner-container is-layout-constrained wp-block-group-is-layout-constrained\">\n<h2 class=\"wp-block-heading\" id=\"h-unraveling-the-mysteries-of-macedonian-grammar\">Percer les myst\u00e8res de la grammaire mac\u00e9donienne<\/h2>\n\n\n\n<p>La grammaire mac\u00e9donienne &#8211; \u00e0 la fois complexe et accessible, fascinante et gracieuse, complexe et intrigante. Alors que vous commencez votre voyage dans le monde de la langue mac\u00e9donienne, vous pourriez ressentir un m\u00e9lange d\u2019excitation et d\u2019intimidation lorsqu\u2019il s\u2019agit de d\u00e9chiffrer ses \u00e9nigmes grammaticales. N\u2019ayez crainte, fervent passionn\u00e9 de langues ! Nous sommes l\u00e0 pour vous accompagner dans cette aventure linguistique !<\/p>\n\n\n\n<p>Dans cet article passionnant, nous allons mettre en lumi\u00e8re les aspects essentiels de la grammaire mac\u00e9donienne, en fournissant des id\u00e9es, des explications et des exemples pratiques. Nous vous r\u00e9v\u00e9lons que cette fascinante langue des Balkans est plus accessible que vous ne le pensez ! Alors attachez votre ceinture et permettez-nous de simplifier et de d\u00e9mystifier la grammaire mac\u00e9donienne pour vous.<\/p>\n\n\n\n<h3 class=\"wp-block-heading\" id=\"h-1-delightful-declensions-noun-cases-made-easy\">1. D\u00e9clinaisons d\u00e9licieuses : les cas de noms en toute simplicit\u00e9<\/h3>\n\n\n\n<p>Comme les autres langues slaves, le mac\u00e9donien pr\u00e9sente un syst\u00e8me de cas nominal complexe, compos\u00e9 de trois cas : nominatif, accusatif et datif. Bien que moins intimidant que les langues avec plus de cas, la ma\u00eetrise de ces nuances est essentielle pour atteindre la fluidit\u00e9. Ces cas attribuent des r\u00f4les diff\u00e9rents aux noms, aux pronoms et aux adjectifs dans une phrase. En voici un bref aper\u00e7u :<\/p>\n\n\n\n<p><strong>&#8211; Nominatif : Le sujet de la phrase<\/strong><\/p>\n\n\n\n<p><strong>&#8211; Accusatif : L&rsquo;objet direct ou le but d&rsquo;une action<\/strong><\/p>\n\n\n\n<p><strong>&#8211; Datif : L&rsquo;objet indirect, ou indiquant la direction d&rsquo;une action<\/strong><\/p>\n\n\n\n<p>Pour ma\u00eetriser ces cas, la pratique est la cl\u00e9. Avec le <a href=\"https:\/\/talkpal.ai\/zh-hans\/grammar_exercises\/temps-%e6%b3%95%e8%af%ad%e8%af%ad%e6%b3%95%e7%bb%83%e4%b9%a0\/\">temps<\/a> et l\u2019exposition \u00e0 la langue, ces distinctions deviendront une seconde nature.<\/p>\n\n\n\n<h3 class=\"wp-block-heading\" id=\"h-2-amiable-adjectives-agreement-is-everything\">2. Adjectifs aimables : l\u2019accord est tout<\/h3>\n\n\n\n<p>Les adjectifs dans la grammaire mac\u00e9donienne sont des conformistes sympathiques. Ils sont d\u2019accord avec le genre, le nombre et la casse des noms qu\u2019ils d\u00e9crivent. Cela signifie que vous devrez adapter la forme de chaque adjectif aux caract\u00e9ristiques du nom.<\/p>\n\n\n\n<p>Pour faciliter ce processus, concentrez-vous sur l\u2019apprentissage des principales formes d\u2019adjectifs : masculin, f\u00e9minin et neutre. Avec une pratique r\u00e9guli\u00e8re, le processus d\u2019accord des adjectifs deviendra bient\u00f4t intuitif.<\/p>\n\n\n\n<h3 class=\"wp-block-heading\" id=\"h-3-vigorous-verbs-conjugation-and-aspect-mastery\">3. Verbes vigoureux : conjugaison et ma\u00eetrise de l\u2019aspect<\/h3>\n\n\n\n<p>Comme pour les autres langues slaves, les verbes mac\u00e9doniens connaissent des variations substantielles. La conjugaison d\u00e9pend du temps, de l\u2019humeur, de la personne, du nombre et, surtout, de l\u2019aspect.<\/p>\n\n\n\n<p>Les verbes mac\u00e9doniens ont deux aspects : perfectif et imperfectif. Les verbes perfectifs expriment une action compl\u00e8te, tandis que les verbes imperfectifs expriment une action continue ou r\u00e9p\u00e9titive. La compr\u00e9hension de ce concept est cruciale pour affiner votre expertise grammaticale.<\/p>\n\n\n\n<h3 class=\"wp-block-heading\" id=\"h-4-pitch-perfect-particles-mastering-stress-and-intonation\">4. Particules parfaites : ma\u00eetriser l\u2019accent et l\u2019intonation<\/h3>\n\n\n\n<p>Un d\u00e9fi typiquement mac\u00e9donien pour les apprenants de langues est de ma\u00eetriser le syst\u00e8me distinctif de hauteur et d\u2019accent qui attribue l\u2019accent et l\u2019intonation aux syllabes. Ce syst\u00e8me peut avoir un impact direct sur le <a href=\"https:\/\/talkpal.ai\/locations\/language-courses-in-sens\/\">sens<\/a> et la compr\u00e9hension.<\/p>\n\n\n\n<p>Pour atteindre la pr\u00e9cision de la prononciation et la clart\u00e9 de la communication, pr\u00eatez une attention particuli\u00e8re aux sch\u00e9mas intonatifs des locuteurs natifs mac\u00e9doniens. En tant que d\u00e9butant, vous pouvez avoir des difficult\u00e9s, mais n\u2019oubliez pas que la pratique engendre la confiance et la ma\u00eetrise.<\/p>\n\n\n\n<h3 class=\"wp-block-heading\" id=\"h-5-embrace-the-intricacies-persevere-and-prosper\">5. Embrassez les subtilit\u00e9s : pers\u00e9v\u00e9rez et prosp\u00e9rez<\/h3>\n\n\n\n<p>La grammaire mac\u00e9donienne, \u00e0 premi\u00e8re vue, peut sembler complexe, mais gardez \u00e0 l\u2019esprit que la patience, la pratique et la pers\u00e9v\u00e9rance sont les secrets du succ\u00e8s. Engagez-vous dans la langue en lisant, en \u00e9crivant, en \u00e9coutant et en parlant. Relevez les d\u00e9fis et r\u00e9compensez-vous avec la satisfaction du progr\u00e8s.<\/p>\n\n\n\n<p>Alors, \u00eates-vous pr\u00eat \u00e0 plonger dans le royaume envo\u00fbtant de la grammaire mac\u00e9donienne ? Embrassez ses bizarreries et ses complexit\u00e9s, savourez les subtilit\u00e9s et rappelez-vous qu\u2019avec d\u00e9vouement et enthousiasme, vous pouvez d\u00e9couvrir la vraie beaut\u00e9 de la langue mac\u00e9donienne. \u0421\u043e \u0441\u0440\u0435\u045c\u0430! (<a href=\"https:\/\/talkpal.ai\/culture\/how-do-i-wish-someone-good-luck-in-french\/\">Bonne chance<\/a> !)<\/p>\n<\/div><\/div>\n\r\n<section class=\"learnNavigationSection\">\r\n            \r\n        <a href=\"https:\/\/talkpal.ai\/fr\/apprendre-le-macedonien\/\">\r\n            <div class=\"learnNavigationWrapper\">\r\n                <div class=\"learnNavigationContent\">\r\n                    <img decoding=\"async\" src=\"https:\/\/talkpal.ai\/wp-content\/uploads\/2024\/08\/Macedonian.jpg\" alt=\"Macedonian Flag\">\r\n                    <div>\r\n                        <h4>\u00c0 propos de l&#039;apprentissage mac\u00e9donien<\/h4>\r\n                        <p>Tout savoir sur la grammaire mac\u00e9donienne.<\/p>\r\n                    <\/div>\r\n                <\/div>\r\n            <\/div>\r\n        <\/a>\r\n\r\n        \r\n        <a href=\"https:\/\/talkpal.ai\/fr\/exercices-de-grammaire-macedonienne\/\">\r\n            <div class=\"learnNavigationWrapper\">\r\n                <div class=\"learnNavigationContent\">\r\n                    <img decoding=\"async\" src=\"https:\/\/talkpal.ai\/wp-content\/uploads\/2024\/08\/Macedonian.jpg\" alt=\"Macedonian Flag\">\r\n                    <div>\r\n                        <h4>Exercice de grammaire mac\u00e9donienne<\/h4>\r\n                        <p>Pratiquez la grammaire mac\u00e9donienne.<\/p>\r\n                    <\/div>\r\n                <\/div>\r\n            <\/div>\r\n        <\/a>\r\n\r\n        \r\n        <a href=\"https:\/\/talkpal.ai\/vocabulary_language\/macedonian\/\">\r\n            <div class=\"learnNavigationWrapper\">\r\n                <div class=\"learnNavigationContent\">\r\n                    <img decoding=\"async\" src=\"https:\/\/talkpal.ai\/wp-content\/uploads\/2024\/08\/Macedonian.jpg\" alt=\"Macedonian Flag\">\r\n                    <div>\r\n                        <h4>Vocabulaire mac\u00e9donien<\/h4>\r\n                        <p>\u00c9largissez votre vocabulaire mac\u00e9donien.<\/p>\r\n                    <\/div>\r\n                <\/div>\r\n            <\/div>\r\n        <\/a>\r\n\r\n            <\/section>","protected":false},"excerpt":{"rendered":"<p>Percer les myst\u00e8res de la grammaire mac\u00e9donienne La grammaire mac\u00e9donienne &#8211; \u00e0 la fois complexe et accessible, fascinante et gracieuse, complexe et intrigante. Alors que vous commencez votre voyage dans le monde de la langue mac\u00e9donienne, vous pourriez ressentir un m\u00e9lange d\u2019excitation et d\u2019intimidation lorsqu\u2019il s\u2019agit de d\u00e9chiffrer ses \u00e9nigmes grammaticales. N\u2019ayez crainte, fervent passionn\u00e9 [&hellip;]<\/p>\n","protected":false},"author":1,"featured_media":28588,"parent":0,"menu_order":0,"comment_status":"closed","ping_status":"closed","template":"LearningContentPage.php","meta":{"_acf_changed":false,"footnotes":""},"class_list":["post-73991","page","type-page","status-publish","has-post-thumbnail","hentry"],"acf":[],"yoast_head":"<!-- This site is optimized with the Yoast SEO Premium plugin v27.2 (Yoast SEO v27.2) - https:\/\/yoast.com\/product\/yoast-seo-premium-wordpress\/ -->\n<title>Grammaire mac\u00e9donienne - Talkpal<\/title>\n<meta name=\"description\" content=\"Ma\u00eetrisez la grammaire mac\u00e9donienne sans effort avec Talkpalvotre tuteur linguistique dot\u00e9 d&#039;une intelligence artificielle. Am\u00e9liorez vos comp\u00e9tences en grammaire mac\u00e9donienne !\" \/>\n<meta name=\"robots\" content=\"index, follow, max-snippet:-1, max-image-preview:large, max-video-preview:-1\" \/>\n<link rel=\"canonical\" href=\"https:\/\/talkpal.ai\/fr\/grammaire-macedonienne\/\" \/>\n<meta property=\"og:locale\" content=\"fr_FR\" \/>\n<meta property=\"og:type\" content=\"article\" \/>\n<meta property=\"og:title\" content=\"Grammaire mac\u00e9donienne\" \/>\n<meta property=\"og:description\" content=\"Percer les myst\u00e8res de la grammaire mac\u00e9donienne La grammaire mac\u00e9donienne - \u00e0 la fois complexe et accessible, fascinante et gracieuse, complexe et\" \/>\n<meta property=\"og:url\" content=\"https:\/\/talkpal.ai\/fr\/grammaire-macedonienne\/\" \/>\n<meta property=\"og:site_name\" content=\"Talkpal\" \/>\n<meta property=\"article:publisher\" content=\"https:\/\/www.facebook.com\/profile.php?id=100090733639311\" \/>\n<meta property=\"article:modified_time\" content=\"2025-12-17T16:39:27+00:00\" \/>\n<meta property=\"og:image\" content=\"https:\/\/talkpal.ai\/wp-content\/uploads\/2023\/05\/republic-of-macedonia.png\" \/>\n\t<meta property=\"og:image:width\" content=\"512\" \/>\n\t<meta property=\"og:image:height\" content=\"512\" \/>\n\t<meta property=\"og:image:type\" content=\"image\/png\" \/>\n<meta name=\"twitter:card\" content=\"summary_large_image\" \/>\n<meta name=\"twitter:site\" content=\"@talkpalai\" \/>\n<meta name=\"twitter:label1\" content=\"Dur\u00e9e de lecture estim\u00e9e\" \/>\n\t<meta name=\"twitter:data1\" content=\"3 minutes\" \/>\n<script type=\"application\/ld+json\" class=\"yoast-schema-graph\">{\"@context\":\"https:\/\/schema.org\",\"@graph\":[{\"@type\":\"WebPage\",\"@id\":\"https:\/\/talkpal.ai\/fr\/grammaire-macedonienne\/\",\"url\":\"https:\/\/talkpal.ai\/fr\/grammaire-macedonienne\/\",\"name\":\"Grammaire mac\u00e9donienne - Talkpal\",\"isPartOf\":{\"@id\":\"https:\/\/talkpal.ai\/fr\/#website\"},\"primaryImageOfPage\":{\"@id\":\"https:\/\/talkpal.ai\/fr\/grammaire-macedonienne\/#primaryimage\"},\"image\":{\"@id\":\"https:\/\/talkpal.ai\/fr\/grammaire-macedonienne\/#primaryimage\"},\"thumbnailUrl\":\"https:\/\/talkpal.ai\/wp-content\/uploads\/2023\/05\/republic-of-macedonia.png\",\"datePublished\":\"2023-05-14T14:11:28+00:00\",\"dateModified\":\"2025-12-17T16:39:27+00:00\",\"description\":\"Ma\u00eetrisez la grammaire mac\u00e9donienne sans effort avec Talkpalvotre tuteur linguistique dot\u00e9 d'une intelligence artificielle. Am\u00e9liorez vos comp\u00e9tences en grammaire mac\u00e9donienne !\",\"breadcrumb\":{\"@id\":\"https:\/\/talkpal.ai\/fr\/grammaire-macedonienne\/#breadcrumb\"},\"inLanguage\":\"fr-FR\",\"potentialAction\":[{\"@type\":\"ReadAction\",\"target\":[\"https:\/\/talkpal.ai\/fr\/grammaire-macedonienne\/\"]}]},{\"@type\":\"ImageObject\",\"inLanguage\":\"fr-FR\",\"@id\":\"https:\/\/talkpal.ai\/fr\/grammaire-macedonienne\/#primaryimage\",\"url\":\"https:\/\/talkpal.ai\/wp-content\/uploads\/2023\/05\/republic-of-macedonia.png\",\"contentUrl\":\"https:\/\/talkpal.ai\/wp-content\/uploads\/2023\/05\/republic-of-macedonia.png\",\"width\":512,\"height\":512},{\"@type\":\"BreadcrumbList\",\"@id\":\"https:\/\/talkpal.ai\/fr\/grammaire-macedonienne\/#breadcrumb\",\"itemListElement\":[{\"@type\":\"ListItem\",\"position\":1,\"name\":\"Homepage\",\"item\":\"https:\/\/talkpal.ai\/fr\/\"},{\"@type\":\"ListItem\",\"position\":2,\"name\":\"Grammaire mac\u00e9donienne\"}]},{\"@type\":\"WebSite\",\"@id\":\"https:\/\/talkpal.ai\/fr\/#website\",\"url\":\"https:\/\/talkpal.ai\/fr\/\",\"name\":\"Talkpal\",\"description\":\"AI Language Learning\",\"publisher\":{\"@id\":\"https:\/\/talkpal.ai\/fr\/#organization\"},\"alternateName\":\"Talkpal AI\",\"potentialAction\":[{\"@type\":\"SearchAction\",\"target\":{\"@type\":\"EntryPoint\",\"urlTemplate\":\"https:\/\/talkpal.ai\/fr\/?s={search_term_string}\"},\"query-input\":{\"@type\":\"PropertyValueSpecification\",\"valueRequired\":true,\"valueName\":\"search_term_string\"}}],\"inLanguage\":\"fr-FR\"},{\"@type\":\"Organization\",\"@id\":\"https:\/\/talkpal.ai\/fr\/#organization\",\"name\":\"Talkpal, Inc.\",\"alternateName\":\"Talkpal AI\",\"url\":\"https:\/\/talkpal.ai\/fr\/\",\"logo\":{\"@type\":\"ImageObject\",\"inLanguage\":\"fr-FR\",\"@id\":\"https:\/\/talkpal.ai\/fr\/#\/schema\/logo\/image\/\",\"url\":\"https:\/\/talkpal.ai\/wp-content\/uploads\/2024\/03\/Talkpal-Logo-Icon.png\",\"contentUrl\":\"https:\/\/talkpal.ai\/wp-content\/uploads\/2024\/03\/Talkpal-Logo-Icon.png\",\"width\":2880,\"height\":2880,\"caption\":\"Talkpal, Inc.\"},\"image\":{\"@id\":\"https:\/\/talkpal.ai\/fr\/#\/schema\/logo\/image\/\"},\"sameAs\":[\"https:\/\/www.facebook.com\/profile.php?id=100090733639311\",\"https:\/\/x.com\/talkpalai\",\"https:\/\/www.linkedin.com\/company\/talkpal\/\",\"https:\/\/www.youtube.com\/@TalkPal\/\",\"https:\/\/www.tiktok.com\/@talkpal\",\"https:\/\/www.instagram.com\/talkpal_ai\/\",\"https:\/\/www.crunchbase.com\/organization\/talkpal-9cde\",\"https:\/\/www.g2.com\/products\/talkpal-for-business\/\",\"https:\/\/www.trustpilot.com\/review\/talkpal.ai\",\"https:\/\/www.capterra.com\/p\/10006800\/TalkPal\/\"],\"description\":\"Talkpal is a language learning web and mobile education app, powered by the latest AI technologies, that provides engaging experiences to its customers in many different languages to help them improve their language skills. Users can chat about unlimited amount of topics with the app and use other modes to practice their language learning.\",\"email\":\"support@talkpal.ai\",\"legalName\":\"Talkpal, Inc.\",\"foundingDate\":\"2023-04-03\",\"duns\":\"118989042\",\"numberOfEmployees\":{\"@type\":\"QuantitativeValue\",\"minValue\":\"11\",\"maxValue\":\"50\"},\"publishingPrinciples\":\"https:\/\/talkpal.ai\/publishing-principles\/\",\"actionableFeedbackPolicy\":\"https:\/\/talkpal.ai\/actionable-feedback-policy\/\",\"correctionsPolicy\":\"https:\/\/talkpal.ai\/corrections-policy\/\",\"ethicsPolicy\":\"https:\/\/talkpal.ai\/ethics-policy\/\",\"diversityPolicy\":\"https:\/\/talkpal.ai\/diversity-policy\/\",\"diversityStaffingReport\":\"https:\/\/talkpal.ai\/diversity-policy\/\"}]}<\/script>\n<!-- \/ Yoast SEO Premium plugin. -->","yoast_head_json":{"title":"Grammaire mac\u00e9donienne - Talkpal","description":"Ma\u00eetrisez la grammaire mac\u00e9donienne sans effort avec Talkpalvotre tuteur linguistique dot\u00e9 d'une intelligence artificielle. Am\u00e9liorez vos comp\u00e9tences en grammaire mac\u00e9donienne !","robots":{"index":"index","follow":"follow","max-snippet":"max-snippet:-1","max-image-preview":"max-image-preview:large","max-video-preview":"max-video-preview:-1"},"canonical":"https:\/\/talkpal.ai\/fr\/grammaire-macedonienne\/","og_locale":"fr_FR","og_type":"article","og_title":"Grammaire mac\u00e9donienne","og_description":"Percer les myst\u00e8res de la grammaire mac\u00e9donienne La grammaire mac\u00e9donienne - \u00e0 la fois complexe et accessible, fascinante et gracieuse, complexe et","og_url":"https:\/\/talkpal.ai\/fr\/grammaire-macedonienne\/","og_site_name":"Talkpal","article_publisher":"https:\/\/www.facebook.com\/profile.php?id=100090733639311","article_modified_time":"2025-12-17T16:39:27+00:00","og_image":[{"width":512,"height":512,"url":"https:\/\/talkpal.ai\/wp-content\/uploads\/2023\/05\/republic-of-macedonia.png","type":"image\/png"}],"twitter_card":"summary_large_image","twitter_site":"@talkpalai","twitter_misc":{"Dur\u00e9e de lecture estim\u00e9e":"3 minutes"},"schema":{"@context":"https:\/\/schema.org","@graph":[{"@type":"WebPage","@id":"https:\/\/talkpal.ai\/fr\/grammaire-macedonienne\/","url":"https:\/\/talkpal.ai\/fr\/grammaire-macedonienne\/","name":"Grammaire mac\u00e9donienne - Talkpal","isPartOf":{"@id":"https:\/\/talkpal.ai\/fr\/#website"},"primaryImageOfPage":{"@id":"https:\/\/talkpal.ai\/fr\/grammaire-macedonienne\/#primaryimage"},"image":{"@id":"https:\/\/talkpal.ai\/fr\/grammaire-macedonienne\/#primaryimage"},"thumbnailUrl":"https:\/\/talkpal.ai\/wp-content\/uploads\/2023\/05\/republic-of-macedonia.png","datePublished":"2023-05-14T14:11:28+00:00","dateModified":"2025-12-17T16:39:27+00:00","description":"Ma\u00eetrisez la grammaire mac\u00e9donienne sans effort avec Talkpalvotre tuteur linguistique dot\u00e9 d'une intelligence artificielle. Am\u00e9liorez vos comp\u00e9tences en grammaire mac\u00e9donienne !","breadcrumb":{"@id":"https:\/\/talkpal.ai\/fr\/grammaire-macedonienne\/#breadcrumb"},"inLanguage":"fr-FR","potentialAction":[{"@type":"ReadAction","target":["https:\/\/talkpal.ai\/fr\/grammaire-macedonienne\/"]}]},{"@type":"ImageObject","inLanguage":"fr-FR","@id":"https:\/\/talkpal.ai\/fr\/grammaire-macedonienne\/#primaryimage","url":"https:\/\/talkpal.ai\/wp-content\/uploads\/2023\/05\/republic-of-macedonia.png","contentUrl":"https:\/\/talkpal.ai\/wp-content\/uploads\/2023\/05\/republic-of-macedonia.png","width":512,"height":512},{"@type":"BreadcrumbList","@id":"https:\/\/talkpal.ai\/fr\/grammaire-macedonienne\/#breadcrumb","itemListElement":[{"@type":"ListItem","position":1,"name":"Homepage","item":"https:\/\/talkpal.ai\/fr\/"},{"@type":"ListItem","position":2,"name":"Grammaire mac\u00e9donienne"}]},{"@type":"WebSite","@id":"https:\/\/talkpal.ai\/fr\/#website","url":"https:\/\/talkpal.ai\/fr\/","name":"Talkpal","description":"AI Language Learning","publisher":{"@id":"https:\/\/talkpal.ai\/fr\/#organization"},"alternateName":"Talkpal AI","potentialAction":[{"@type":"SearchAction","target":{"@type":"EntryPoint","urlTemplate":"https:\/\/talkpal.ai\/fr\/?s={search_term_string}"},"query-input":{"@type":"PropertyValueSpecification","valueRequired":true,"valueName":"search_term_string"}}],"inLanguage":"fr-FR"},{"@type":"Organization","@id":"https:\/\/talkpal.ai\/fr\/#organization","name":"Talkpal, Inc.","alternateName":"Talkpal AI","url":"https:\/\/talkpal.ai\/fr\/","logo":{"@type":"ImageObject","inLanguage":"fr-FR","@id":"https:\/\/talkpal.ai\/fr\/#\/schema\/logo\/image\/","url":"https:\/\/talkpal.ai\/wp-content\/uploads\/2024\/03\/Talkpal-Logo-Icon.png","contentUrl":"https:\/\/talkpal.ai\/wp-content\/uploads\/2024\/03\/Talkpal-Logo-Icon.png","width":2880,"height":2880,"caption":"Talkpal, Inc."},"image":{"@id":"https:\/\/talkpal.ai\/fr\/#\/schema\/logo\/image\/"},"sameAs":["https:\/\/www.facebook.com\/profile.php?id=100090733639311","https:\/\/x.com\/talkpalai","https:\/\/www.linkedin.com\/company\/talkpal\/","https:\/\/www.youtube.com\/@TalkPal\/","https:\/\/www.tiktok.com\/@talkpal","https:\/\/www.instagram.com\/talkpal_ai\/","https:\/\/www.crunchbase.com\/organization\/talkpal-9cde","https:\/\/www.g2.com\/products\/talkpal-for-business\/","https:\/\/www.trustpilot.com\/review\/talkpal.ai","https:\/\/www.capterra.com\/p\/10006800\/TalkPal\/"],"description":"Talkpal is a language learning web and mobile education app, powered by the latest AI technologies, that provides engaging experiences to its customers in many different languages to help them improve their language skills. Users can chat about unlimited amount of topics with the app and use other modes to practice their language learning.","email":"support@talkpal.ai","legalName":"Talkpal, Inc.","foundingDate":"2023-04-03","duns":"118989042","numberOfEmployees":{"@type":"QuantitativeValue","minValue":"11","maxValue":"50"},"publishingPrinciples":"https:\/\/talkpal.ai\/publishing-principles\/","actionableFeedbackPolicy":"https:\/\/talkpal.ai\/actionable-feedback-policy\/","correctionsPolicy":"https:\/\/talkpal.ai\/corrections-policy\/","ethicsPolicy":"https:\/\/talkpal.ai\/ethics-policy\/","diversityPolicy":"https:\/\/talkpal.ai\/diversity-policy\/","diversityStaffingReport":"https:\/\/talkpal.ai\/diversity-policy\/"}]}},"_links":{"self":[{"href":"https:\/\/talkpal.ai\/fr\/wp-json\/wp\/v2\/pages\/73991","targetHints":{"allow":["GET"]}}],"collection":[{"href":"https:\/\/talkpal.ai\/fr\/wp-json\/wp\/v2\/pages"}],"about":[{"href":"https:\/\/talkpal.ai\/fr\/wp-json\/wp\/v2\/types\/page"}],"author":[{"embeddable":true,"href":"https:\/\/talkpal.ai\/fr\/wp-json\/wp\/v2\/users\/1"}],"replies":[{"embeddable":true,"href":"https:\/\/talkpal.ai\/fr\/wp-json\/wp\/v2\/comments?post=73991"}],"version-history":[{"count":0,"href":"https:\/\/talkpal.ai\/fr\/wp-json\/wp\/v2\/pages\/73991\/revisions"}],"wp:featuredmedia":[{"embeddable":true,"href":"https:\/\/talkpal.ai\/fr\/wp-json\/wp\/v2\/media\/28588"}],"wp:attachment":[{"href":"https:\/\/talkpal.ai\/fr\/wp-json\/wp\/v2\/media?parent=73991"}],"curies":[{"name":"wp","href":"https:\/\/api.w.org\/{rel}","templated":true}]}}